{"id":17428,"date":"2024-10-22T16:30:28","date_gmt":"2024-10-22T13:30:28","guid":{"rendered":"https:\/\/astrologelvan.com\/magaza\/?post_type=product&#038;p=17428"},"modified":"2025-10-06T08:15:22","modified_gmt":"2025-10-06T05:15:22","slug":"lav-tasi-erkek-bileklik-10-mm","status":"publish","type":"product","link":"https:\/\/astrologelvan.com\/magaza\/urun\/lav-tasi-erkek-bileklik-10-mm\/","title":{"rendered":"LAV TA\u015eI ERKEK B\u0130LEKL\u0130K 10 MM"},"content":{"rendered":"","protected":false},"excerpt":{"rendered":"<p>Lav ta\u015f\u0131 insan v\u00fccudunun ruhsal g\u00fc\u00e7 merkezleri ile ilgilidir. Lav ta\u015flar\u0131 yery\u00fcz\u00fcn\u00fcn derinliklerinden geldi\u011fi i\u00e7in \u00e7\u0131kt\u0131klar\u0131 yere benzer bir enerji ta\u015f\u0131d\u0131klar\u0131na inan\u0131l\u0131yor. Bu enerjinin \u00f6fke ve olumsuzluk hisseden insanlara yard\u0131m etti\u011fi, bu duygular\u0131 azaltt\u0131\u011f\u0131 ve yerine g\u00fc\u00e7 ve cesaret verdi\u011fi s\u00f6yleniyor.<\/p>\n<p>Lav ta\u015flar\u0131 ayn\u0131 zamanda genel enerjinizi, koruman\u0131z\u0131 ve giri\u015fkenli\u011finizi de art\u0131rabilir.<\/p>\n<p>Lav ta\u015f\u0131n\u0131n k\u00f6k \u00e7akra \u00fczerindeki etkiler topraklama etkisi yapar. Bu topraklama etkileri, lav ta\u015f\u0131 kullan\u0131c\u0131s\u0131n\u0131n hayat\u0131na istikrar getirebilir ve kayg\u0131 duygular\u0131n\u0131 azaltabilir. Bu istikrar\u0131n, lav ta\u015flar\u0131n\u0131n sahip oldu\u011fu toprakla olan g\u00fc\u00e7l\u00fc ba\u011flant\u0131dan kaynakland\u0131\u011f\u0131 d\u00fc\u015f\u00fcn\u00fclmektedir.<\/p>\n<p><span class=\"selectable-text copyable-text\">Ruhsal ve duygusal dengeyi sa\u011flar, zihin i\u00e7in etkilidir. Strese kar\u015f\u0131 sava\u015f\u0131r.<\/span><\/p>\n","protected":false},"featured_media":98963,"comment_status":"open","ping_status":"closed","template":"","meta":[],"product_brand":[],"product_cat":[508,547],"product_tag":[],"class_list":{"0":"post-17428","1":"product","2":"type-product","3":"status-publish","4":"has-post-thumbnail","6":"product_cat-erkek-bileklikler","7":"product_cat-lav-tasi","9":"first","10":"instock","11":"taxable","12":"shipping-taxable","13":"purchasable","14":"product-type-simple"},"yoast_head":"<!-- This site is optimized with the Yoast SEO plugin v27.3 - https:\/\/yoast.com\/product\/yoast-seo-wordpress\/ -->\n<title>LAV TA\u015eI ERKEK B\u0130LEKL\u0130K 10 MM - Astrolog Elvan<\/title>\n<meta name=\"robots\" content=\"index, follow, max-snippet:-1, max-image-preview:large, max-video-preview:-1\" \/>\n<link rel=\"canonical\" href=\"https:\/\/astrologelvan.com\/magaza\/urun\/lav-tasi-erkek-bileklik-10-mm\/\" \/>\n<meta property=\"og:locale\" content=\"tr_TR\" \/>\n<meta property=\"og:type\" content=\"article\" \/>\n<meta property=\"og:title\" content=\"LAV TA\u015eI ERKEK B\u0130LEKL\u0130K 10 MM - Astrolog Elvan\" \/>\n<meta property=\"og:description\" content=\"Lav ta\u015f\u0131 insan v\u00fccudunun ruhsal g\u00fc\u00e7 merkezleri ile ilgilidir. Lav ta\u015flar\u0131 yery\u00fcz\u00fcn\u00fcn derinliklerinden geldi\u011fi i\u00e7in \u00e7\u0131kt\u0131klar\u0131 yere benzer bir enerji ta\u015f\u0131d\u0131klar\u0131na inan\u0131l\u0131yor. Bu enerjinin \u00f6fke ve olumsuzluk hisseden insanlara yard\u0131m etti\u011fi, bu duygular\u0131 azaltt\u0131\u011f\u0131 ve yerine g\u00fc\u00e7 ve cesaret verdi\u011fi s\u00f6yleniyor.  Lav ta\u015flar\u0131 ayn\u0131 zamanda genel enerjinizi, koruman\u0131z\u0131 ve giri\u015fkenli\u011finizi de art\u0131rabilir.  Lav ta\u015f\u0131n\u0131n k\u00f6k \u00e7akra \u00fczerindeki etkiler topraklama etkisi yapar. Bu topraklama etkileri, lav ta\u015f\u0131 kullan\u0131c\u0131s\u0131n\u0131n hayat\u0131na istikrar getirebilir ve kayg\u0131 duygular\u0131n\u0131 azaltabilir. Bu istikrar\u0131n, lav ta\u015flar\u0131n\u0131n sahip oldu\u011fu toprakla olan g\u00fc\u00e7l\u00fc ba\u011flant\u0131dan kaynakland\u0131\u011f\u0131 d\u00fc\u015f\u00fcn\u00fclmektedir.  Ruhsal ve duygusal dengeyi sa\u011flar, zihin i\u00e7in etkilidir. Strese kar\u015f\u0131 sava\u015f\u0131r.\" \/>\n<meta property=\"og:url\" content=\"https:\/\/astrologelvan.com\/magaza\/urun\/lav-tasi-erkek-bileklik-10-mm\/\" \/>\n<meta property=\"og:site_name\" content=\"Astrolog Elvan\" \/>\n<meta property=\"article:modified_time\" content=\"2025-10-06T05:15:22+00:00\" \/>\n<meta property=\"og:image\" content=\"https:\/\/astrologelvan.com\/magaza\/wp-content\/uploads\/2024\/10\/DSC01014-kopya-3000x4000.jpg\" \/>\n\t<meta property=\"og:image:width\" content=\"3000\" \/>\n\t<meta property=\"og:image:height\" content=\"4000\" \/>\n\t<meta property=\"og:image:type\" content=\"image\/jpeg\" \/>\n<meta name=\"twitter:card\" content=\"summary_large_image\" \/>\n<meta name=\"twitter:label1\" content=\"Tahmini okuma s\u00fcresi\" \/>\n\t<meta name=\"twitter:data1\" content=\"1 dakika\" \/>\n<script type=\"application\/ld+json\" class=\"yoast-schema-graph\">{\"@context\":\"https:\\\/\\\/schema.org\",\"@graph\":[{\"@type\":[\"WebPage\",\"ItemPage\"],\"@id\":\"https:\\\/\\\/astrologelvan.com\\\/magaza\\\/urun\\\/lav-tasi-erkek-bileklik-10-mm\\\/\",\"url\":\"https:\\\/\\\/astrologelvan.com\\\/magaza\\\/urun\\\/lav-tasi-erkek-bileklik-10-mm\\\/\",\"name\":\"LAV TA\u015eI ERKEK B\u0130LEKL\u0130K 10 MM - Astrolog Elvan\",\"isPartOf\":{\"@id\":\"https:\\\/\\\/astrologelvan.com\\\/magaza\\\/#website\"},\"primaryImageOfPage\":{\"@id\":\"https:\\\/\\\/astrologelvan.com\\\/magaza\\\/urun\\\/lav-tasi-erkek-bileklik-10-mm\\\/#primaryimage\"},\"image\":{\"@id\":\"https:\\\/\\\/astrologelvan.com\\\/magaza\\\/urun\\\/lav-tasi-erkek-bileklik-10-mm\\\/#primaryimage\"},\"thumbnailUrl\":\"https:\\\/\\\/astrologelvan.com\\\/magaza\\\/wp-content\\\/uploads\\\/2024\\\/10\\\/DSC01014-kopya.jpg\",\"datePublished\":\"2024-10-22T13:30:28+00:00\",\"dateModified\":\"2025-10-06T05:15:22+00:00\",\"breadcrumb\":{\"@id\":\"https:\\\/\\\/astrologelvan.com\\\/magaza\\\/urun\\\/lav-tasi-erkek-bileklik-10-mm\\\/#breadcrumb\"},\"inLanguage\":\"tr\",\"potentialAction\":[{\"@type\":\"ReadAction\",\"target\":[\"https:\\\/\\\/astrologelvan.com\\\/magaza\\\/urun\\\/lav-tasi-erkek-bileklik-10-mm\\\/\"]}]},{\"@type\":\"ImageObject\",\"inLanguage\":\"tr\",\"@id\":\"https:\\\/\\\/astrologelvan.com\\\/magaza\\\/urun\\\/lav-tasi-erkek-bileklik-10-mm\\\/#primaryimage\",\"url\":\"https:\\\/\\\/astrologelvan.com\\\/magaza\\\/wp-content\\\/uploads\\\/2024\\\/10\\\/DSC01014-kopya.jpg\",\"contentUrl\":\"https:\\\/\\\/astrologelvan.com\\\/magaza\\\/wp-content\\\/uploads\\\/2024\\\/10\\\/DSC01014-kopya.jpg\",\"width\":6336,\"height\":8448},{\"@type\":\"BreadcrumbList\",\"@id\":\"https:\\\/\\\/astrologelvan.com\\\/magaza\\\/urun\\\/lav-tasi-erkek-bileklik-10-mm\\\/#breadcrumb\",\"itemListElement\":[{\"@type\":\"ListItem\",\"position\":1,\"name\":\"Anasayfa\",\"item\":\"https:\\\/\\\/astrologelvan.com\\\/magaza\\\/\"},{\"@type\":\"ListItem\",\"position\":2,\"name\":\"Ma\u011faza\",\"item\":\"https:\\\/\\\/astrologelvan.com\\\/magaza\\\/magaza\\\/\"},{\"@type\":\"ListItem\",\"position\":3,\"name\":\"LAV TA\u015eI ERKEK B\u0130LEKL\u0130K 10 MM\"}]},{\"@type\":\"WebSite\",\"@id\":\"https:\\\/\\\/astrologelvan.com\\\/magaza\\\/#website\",\"url\":\"https:\\\/\\\/astrologelvan.com\\\/magaza\\\/\",\"name\":\"Astrolog Elvan\",\"description\":\"\",\"potentialAction\":[{\"@type\":\"SearchAction\",\"target\":{\"@type\":\"EntryPoint\",\"urlTemplate\":\"https:\\\/\\\/astrologelvan.com\\\/magaza\\\/?s={search_term_string}\"},\"query-input\":{\"@type\":\"PropertyValueSpecification\",\"valueRequired\":true,\"valueName\":\"search_term_string\"}}],\"inLanguage\":\"tr\"}]}<\/script>\n<!-- \/ Yoast SEO plugin. -->","yoast_head_json":{"title":"LAV TA\u015eI ERKEK B\u0130LEKL\u0130K 10 MM - Astrolog Elvan","robots":{"index":"index","follow":"follow","max-snippet":"max-snippet:-1","max-image-preview":"max-image-preview:large","max-video-preview":"max-video-preview:-1"},"canonical":"https:\/\/astrologelvan.com\/magaza\/urun\/lav-tasi-erkek-bileklik-10-mm\/","og_locale":"tr_TR","og_type":"article","og_title":"LAV TA\u015eI ERKEK B\u0130LEKL\u0130K 10 MM - Astrolog Elvan","og_description":"Lav ta\u015f\u0131 insan v\u00fccudunun ruhsal g\u00fc\u00e7 merkezleri ile ilgilidir. Lav ta\u015flar\u0131 yery\u00fcz\u00fcn\u00fcn derinliklerinden geldi\u011fi i\u00e7in \u00e7\u0131kt\u0131klar\u0131 yere benzer bir enerji ta\u015f\u0131d\u0131klar\u0131na inan\u0131l\u0131yor. Bu enerjinin \u00f6fke ve olumsuzluk hisseden insanlara yard\u0131m etti\u011fi, bu duygular\u0131 azaltt\u0131\u011f\u0131 ve yerine g\u00fc\u00e7 ve cesaret verdi\u011fi s\u00f6yleniyor.  Lav ta\u015flar\u0131 ayn\u0131 zamanda genel enerjinizi, koruman\u0131z\u0131 ve giri\u015fkenli\u011finizi de art\u0131rabilir.  Lav ta\u015f\u0131n\u0131n k\u00f6k \u00e7akra \u00fczerindeki etkiler topraklama etkisi yapar. Bu topraklama etkileri, lav ta\u015f\u0131 kullan\u0131c\u0131s\u0131n\u0131n hayat\u0131na istikrar getirebilir ve kayg\u0131 duygular\u0131n\u0131 azaltabilir. Bu istikrar\u0131n, lav ta\u015flar\u0131n\u0131n sahip oldu\u011fu toprakla olan g\u00fc\u00e7l\u00fc ba\u011flant\u0131dan kaynakland\u0131\u011f\u0131 d\u00fc\u015f\u00fcn\u00fclmektedir.  Ruhsal ve duygusal dengeyi sa\u011flar, zihin i\u00e7in etkilidir. Strese kar\u015f\u0131 sava\u015f\u0131r.","og_url":"https:\/\/astrologelvan.com\/magaza\/urun\/lav-tasi-erkek-bileklik-10-mm\/","og_site_name":"Astrolog Elvan","article_modified_time":"2025-10-06T05:15:22+00:00","og_image":[{"width":3000,"height":4000,"url":"https:\/\/astrologelvan.com\/magaza\/wp-content\/uploads\/2024\/10\/DSC01014-kopya-3000x4000.jpg","type":"image\/jpeg"}],"twitter_card":"summary_large_image","twitter_misc":{"Tahmini okuma s\u00fcresi":"1 dakika"},"schema":{"@context":"https:\/\/schema.org","@graph":[{"@type":["WebPage","ItemPage"],"@id":"https:\/\/astrologelvan.com\/magaza\/urun\/lav-tasi-erkek-bileklik-10-mm\/","url":"https:\/\/astrologelvan.com\/magaza\/urun\/lav-tasi-erkek-bileklik-10-mm\/","name":"LAV TA\u015eI ERKEK B\u0130LEKL\u0130K 10 MM - Astrolog Elvan","isPartOf":{"@id":"https:\/\/astrologelvan.com\/magaza\/#website"},"primaryImageOfPage":{"@id":"https:\/\/astrologelvan.com\/magaza\/urun\/lav-tasi-erkek-bileklik-10-mm\/#primaryimage"},"image":{"@id":"https:\/\/astrologelvan.com\/magaza\/urun\/lav-tasi-erkek-bileklik-10-mm\/#primaryimage"},"thumbnailUrl":"https:\/\/astrologelvan.com\/magaza\/wp-content\/uploads\/2024\/10\/DSC01014-kopya.jpg","datePublished":"2024-10-22T13:30:28+00:00","dateModified":"2025-10-06T05:15:22+00:00","breadcrumb":{"@id":"https:\/\/astrologelvan.com\/magaza\/urun\/lav-tasi-erkek-bileklik-10-mm\/#breadcrumb"},"inLanguage":"tr","potentialAction":[{"@type":"ReadAction","target":["https:\/\/astrologelvan.com\/magaza\/urun\/lav-tasi-erkek-bileklik-10-mm\/"]}]},{"@type":"ImageObject","inLanguage":"tr","@id":"https:\/\/astrologelvan.com\/magaza\/urun\/lav-tasi-erkek-bileklik-10-mm\/#primaryimage","url":"https:\/\/astrologelvan.com\/magaza\/wp-content\/uploads\/2024\/10\/DSC01014-kopya.jpg","contentUrl":"https:\/\/astrologelvan.com\/magaza\/wp-content\/uploads\/2024\/10\/DSC01014-kopya.jpg","width":6336,"height":8448},{"@type":"BreadcrumbList","@id":"https:\/\/astrologelvan.com\/magaza\/urun\/lav-tasi-erkek-bileklik-10-mm\/#breadcrumb","itemListElement":[{"@type":"ListItem","position":1,"name":"Anasayfa","item":"https:\/\/astrologelvan.com\/magaza\/"},{"@type":"ListItem","position":2,"name":"Ma\u011faza","item":"https:\/\/astrologelvan.com\/magaza\/magaza\/"},{"@type":"ListItem","position":3,"name":"LAV TA\u015eI ERKEK B\u0130LEKL\u0130K 10 MM"}]},{"@type":"WebSite","@id":"https:\/\/astrologelvan.com\/magaza\/#website","url":"https:\/\/astrologelvan.com\/magaza\/","name":"Astrolog Elvan","description":"","potentialAction":[{"@type":"SearchAction","target":{"@type":"EntryPoint","urlTemplate":"https:\/\/astrologelvan.com\/magaza\/?s={search_term_string}"},"query-input":{"@type":"PropertyValueSpecification","valueRequired":true,"valueName":"search_term_string"}}],"inLanguage":"tr"}]}},"_links":{"self":[{"href":"https:\/\/astrologelvan.com\/magaza\/wp-json\/wp\/v2\/product\/17428","targetHints":{"allow":["GET"]}}],"collection":[{"href":"https:\/\/astrologelvan.com\/magaza\/wp-json\/wp\/v2\/product"}],"about":[{"href":"https:\/\/astrologelvan.com\/magaza\/wp-json\/wp\/v2\/types\/product"}],"replies":[{"embeddable":true,"href":"https:\/\/astrologelvan.com\/magaza\/wp-json\/wp\/v2\/comments?post=17428"}],"wp:featuredmedia":[{"embeddable":true,"href":"https:\/\/astrologelvan.com\/magaza\/wp-json\/wp\/v2\/media\/98963"}],"wp:attachment":[{"href":"https:\/\/astrologelvan.com\/magaza\/wp-json\/wp\/v2\/media?parent=17428"}],"wp:term":[{"taxonomy":"product_brand","embeddable":true,"href":"https:\/\/astrologelvan.com\/magaza\/wp-json\/wp\/v2\/product_brand?post=17428"},{"taxonomy":"product_cat","embeddable":true,"href":"https:\/\/astrologelvan.com\/magaza\/wp-json\/wp\/v2\/product_cat?post=17428"},{"taxonomy":"product_tag","embeddable":true,"href":"https:\/\/astrologelvan.com\/magaza\/wp-json\/wp\/v2\/product_tag?post=17428"}],"curies":[{"name":"wp","href":"https:\/\/api.w.org\/{rel}","templated":true}]}}