{"id":17399,"date":"2024-10-22T14:55:22","date_gmt":"2024-10-22T11:55:22","guid":{"rendered":"https:\/\/astrologelvan.com\/magaza\/?post_type=product&#038;p=17399"},"modified":"2026-03-16T08:53:19","modified_gmt":"2026-03-16T05:53:19","slug":"yesil-ametist-kolye-11","status":"publish","type":"product","link":"https:\/\/astrologelvan.com\/magaza\/urun\/yesil-ametist-kolye-11\/","title":{"rendered":"YE\u015e\u0130L AMET\u0130ST KOLYE"},"content":{"rendered":"<p>\u00dcr\u00fcn A\u011f\u0131rl\u0131\u011f\u0131: 13,8 Gram<\/p>\n<p>Kolye Uzunlu\u011fu: 50 CM<\/p>\n<p>925 Ayar G\u00fcm\u00fc\u015f \u00dczeri Alt\u0131n Kaplama<\/p>\n","protected":false},"excerpt":{"rendered":"<div class=\"product-short-description\">\n<p>Prasiolit olarak da bilinen\u00a0<b>Ye\u015fil Ametist<\/b>,\u00a0<b>ye\u015fil<\/b>\u00a0rengiyle bilinen bir\u00a0<b>Ametist<\/b>\u00a0\u00e7e\u015fididir. Bu de\u011ferli ta\u015f b\u00fcy\u00fcme, refah ve bollu\u011fun sembol\u00fcd\u00fcr.\u00a0<b>Ye\u015fil Ametist<\/b> yenilenme ile ili\u015fkilendirilir. Sadece fiziksel bedene de\u011fil, ayn\u0131 zamanda ki\u015finin duygusal ve ruhsal y\u00f6nlerine de denge ve uyum getirdi\u011fine inan\u0131l\u0131r.<\/p>\n<\/div>\n","protected":false},"featured_media":17400,"comment_status":"open","ping_status":"closed","template":"","meta":[],"product_brand":[],"product_cat":[47,26,114],"product_tag":[],"class_list":{"0":"post-17399","1":"product","2":"type-product","3":"status-publish","4":"has-post-thumbnail","6":"product_cat-ametist-serisi","7":"product_cat-genel","8":"product_cat-limited-edition","10":"first","11":"outofstock","12":"purchasable","13":"product-type-simple"},"yoast_head":"<!-- This site is optimized with the Yoast SEO plugin v27.3 - https:\/\/yoast.com\/product\/yoast-seo-wordpress\/ -->\n<title>YE\u015e\u0130L AMET\u0130ST KOLYE - Astrolog Elvan<\/title>\n<meta name=\"robots\" content=\"index, follow, max-snippet:-1, max-image-preview:large, max-video-preview:-1\" \/>\n<link rel=\"canonical\" href=\"https:\/\/astrologelvan.com\/magaza\/urun\/yesil-ametist-kolye-11\/\" \/>\n<meta property=\"og:locale\" content=\"tr_TR\" \/>\n<meta property=\"og:type\" content=\"article\" \/>\n<meta property=\"og:title\" content=\"YE\u015e\u0130L AMET\u0130ST KOLYE - Astrolog Elvan\" \/>\n<meta property=\"og:description\" content=\"Prasiolit olarak da bilinen\u00a0Ye\u015fil Ametist,\u00a0ye\u015fil\u00a0rengiyle bilinen bir\u00a0Ametist\u00a0\u00e7e\u015fididir. Bu de\u011ferli ta\u015f b\u00fcy\u00fcme, refah ve bollu\u011fun sembol\u00fcd\u00fcr.\u00a0Ye\u015fil Ametist yenilenme ile ili\u015fkilendirilir. Sadece fiziksel bedene de\u011fil, ayn\u0131 zamanda ki\u015finin duygusal ve ruhsal y\u00f6nlerine de denge ve uyum getirdi\u011fine inan\u0131l\u0131r.\" \/>\n<meta property=\"og:url\" content=\"https:\/\/astrologelvan.com\/magaza\/urun\/yesil-ametist-kolye-11\/\" \/>\n<meta property=\"og:site_name\" content=\"Astrolog Elvan\" \/>\n<meta property=\"article:modified_time\" content=\"2026-03-16T05:53:19+00:00\" \/>\n<meta property=\"og:image\" content=\"https:\/\/astrologelvan.com\/magaza\/wp-content\/uploads\/2024\/10\/y-1-scaled.jpg\" \/>\n\t<meta property=\"og:image:width\" content=\"1920\" \/>\n\t<meta property=\"og:image:height\" content=\"2560\" \/>\n\t<meta property=\"og:image:type\" content=\"image\/jpeg\" \/>\n<meta name=\"twitter:card\" content=\"summary_large_image\" \/>\n<meta name=\"twitter:label1\" content=\"Tahmini okuma s\u00fcresi\" \/>\n\t<meta name=\"twitter:data1\" content=\"1 dakika\" \/>\n<script type=\"application\/ld+json\" class=\"yoast-schema-graph\">{\"@context\":\"https:\\\/\\\/schema.org\",\"@graph\":[{\"@type\":[\"WebPage\",\"ItemPage\"],\"@id\":\"https:\\\/\\\/astrologelvan.com\\\/magaza\\\/urun\\\/yesil-ametist-kolye-11\\\/\",\"url\":\"https:\\\/\\\/astrologelvan.com\\\/magaza\\\/urun\\\/yesil-ametist-kolye-11\\\/\",\"name\":\"YE\u015e\u0130L AMET\u0130ST KOLYE - Astrolog Elvan\",\"isPartOf\":{\"@id\":\"https:\\\/\\\/astrologelvan.com\\\/magaza\\\/#website\"},\"primaryImageOfPage\":{\"@id\":\"https:\\\/\\\/astrologelvan.com\\\/magaza\\\/urun\\\/yesil-ametist-kolye-11\\\/#primaryimage\"},\"image\":{\"@id\":\"https:\\\/\\\/astrologelvan.com\\\/magaza\\\/urun\\\/yesil-ametist-kolye-11\\\/#primaryimage\"},\"thumbnailUrl\":\"https:\\\/\\\/astrologelvan.com\\\/magaza\\\/wp-content\\\/uploads\\\/2024\\\/10\\\/y-1-scaled.jpg\",\"datePublished\":\"2024-10-22T11:55:22+00:00\",\"dateModified\":\"2026-03-16T05:53:19+00:00\",\"breadcrumb\":{\"@id\":\"https:\\\/\\\/astrologelvan.com\\\/magaza\\\/urun\\\/yesil-ametist-kolye-11\\\/#breadcrumb\"},\"inLanguage\":\"tr\",\"potentialAction\":[{\"@type\":\"ReadAction\",\"target\":[\"https:\\\/\\\/astrologelvan.com\\\/magaza\\\/urun\\\/yesil-ametist-kolye-11\\\/\"]}]},{\"@type\":\"ImageObject\",\"inLanguage\":\"tr\",\"@id\":\"https:\\\/\\\/astrologelvan.com\\\/magaza\\\/urun\\\/yesil-ametist-kolye-11\\\/#primaryimage\",\"url\":\"https:\\\/\\\/astrologelvan.com\\\/magaza\\\/wp-content\\\/uploads\\\/2024\\\/10\\\/y-1-scaled.jpg\",\"contentUrl\":\"https:\\\/\\\/astrologelvan.com\\\/magaza\\\/wp-content\\\/uploads\\\/2024\\\/10\\\/y-1-scaled.jpg\",\"width\":1920,\"height\":2560},{\"@type\":\"BreadcrumbList\",\"@id\":\"https:\\\/\\\/astrologelvan.com\\\/magaza\\\/urun\\\/yesil-ametist-kolye-11\\\/#breadcrumb\",\"itemListElement\":[{\"@type\":\"ListItem\",\"position\":1,\"name\":\"Anasayfa\",\"item\":\"https:\\\/\\\/astrologelvan.com\\\/magaza\\\/\"},{\"@type\":\"ListItem\",\"position\":2,\"name\":\"Ma\u011faza\",\"item\":\"https:\\\/\\\/astrologelvan.com\\\/magaza\\\/magaza\\\/\"},{\"@type\":\"ListItem\",\"position\":3,\"name\":\"YE\u015e\u0130L AMET\u0130ST KOLYE\"}]},{\"@type\":\"WebSite\",\"@id\":\"https:\\\/\\\/astrologelvan.com\\\/magaza\\\/#website\",\"url\":\"https:\\\/\\\/astrologelvan.com\\\/magaza\\\/\",\"name\":\"Astrolog Elvan\",\"description\":\"\",\"potentialAction\":[{\"@type\":\"SearchAction\",\"target\":{\"@type\":\"EntryPoint\",\"urlTemplate\":\"https:\\\/\\\/astrologelvan.com\\\/magaza\\\/?s={search_term_string}\"},\"query-input\":{\"@type\":\"PropertyValueSpecification\",\"valueRequired\":true,\"valueName\":\"search_term_string\"}}],\"inLanguage\":\"tr\"}]}<\/script>\n<!-- \/ Yoast SEO plugin. -->","yoast_head_json":{"title":"YE\u015e\u0130L AMET\u0130ST KOLYE - Astrolog Elvan","robots":{"index":"index","follow":"follow","max-snippet":"max-snippet:-1","max-image-preview":"max-image-preview:large","max-video-preview":"max-video-preview:-1"},"canonical":"https:\/\/astrologelvan.com\/magaza\/urun\/yesil-ametist-kolye-11\/","og_locale":"tr_TR","og_type":"article","og_title":"YE\u015e\u0130L AMET\u0130ST KOLYE - Astrolog Elvan","og_description":"Prasiolit olarak da bilinen\u00a0Ye\u015fil Ametist,\u00a0ye\u015fil\u00a0rengiyle bilinen bir\u00a0Ametist\u00a0\u00e7e\u015fididir. Bu de\u011ferli ta\u015f b\u00fcy\u00fcme, refah ve bollu\u011fun sembol\u00fcd\u00fcr.\u00a0Ye\u015fil Ametist yenilenme ile ili\u015fkilendirilir. Sadece fiziksel bedene de\u011fil, ayn\u0131 zamanda ki\u015finin duygusal ve ruhsal y\u00f6nlerine de denge ve uyum getirdi\u011fine inan\u0131l\u0131r.","og_url":"https:\/\/astrologelvan.com\/magaza\/urun\/yesil-ametist-kolye-11\/","og_site_name":"Astrolog Elvan","article_modified_time":"2026-03-16T05:53:19+00:00","og_image":[{"width":1920,"height":2560,"url":"https:\/\/astrologelvan.com\/magaza\/wp-content\/uploads\/2024\/10\/y-1-scaled.jpg","type":"image\/jpeg"}],"twitter_card":"summary_large_image","twitter_misc":{"Tahmini okuma s\u00fcresi":"1 dakika"},"schema":{"@context":"https:\/\/schema.org","@graph":[{"@type":["WebPage","ItemPage"],"@id":"https:\/\/astrologelvan.com\/magaza\/urun\/yesil-ametist-kolye-11\/","url":"https:\/\/astrologelvan.com\/magaza\/urun\/yesil-ametist-kolye-11\/","name":"YE\u015e\u0130L AMET\u0130ST KOLYE - Astrolog Elvan","isPartOf":{"@id":"https:\/\/astrologelvan.com\/magaza\/#website"},"primaryImageOfPage":{"@id":"https:\/\/astrologelvan.com\/magaza\/urun\/yesil-ametist-kolye-11\/#primaryimage"},"image":{"@id":"https:\/\/astrologelvan.com\/magaza\/urun\/yesil-ametist-kolye-11\/#primaryimage"},"thumbnailUrl":"https:\/\/astrologelvan.com\/magaza\/wp-content\/uploads\/2024\/10\/y-1-scaled.jpg","datePublished":"2024-10-22T11:55:22+00:00","dateModified":"2026-03-16T05:53:19+00:00","breadcrumb":{"@id":"https:\/\/astrologelvan.com\/magaza\/urun\/yesil-ametist-kolye-11\/#breadcrumb"},"inLanguage":"tr","potentialAction":[{"@type":"ReadAction","target":["https:\/\/astrologelvan.com\/magaza\/urun\/yesil-ametist-kolye-11\/"]}]},{"@type":"ImageObject","inLanguage":"tr","@id":"https:\/\/astrologelvan.com\/magaza\/urun\/yesil-ametist-kolye-11\/#primaryimage","url":"https:\/\/astrologelvan.com\/magaza\/wp-content\/uploads\/2024\/10\/y-1-scaled.jpg","contentUrl":"https:\/\/astrologelvan.com\/magaza\/wp-content\/uploads\/2024\/10\/y-1-scaled.jpg","width":1920,"height":2560},{"@type":"BreadcrumbList","@id":"https:\/\/astrologelvan.com\/magaza\/urun\/yesil-ametist-kolye-11\/#breadcrumb","itemListElement":[{"@type":"ListItem","position":1,"name":"Anasayfa","item":"https:\/\/astrologelvan.com\/magaza\/"},{"@type":"ListItem","position":2,"name":"Ma\u011faza","item":"https:\/\/astrologelvan.com\/magaza\/magaza\/"},{"@type":"ListItem","position":3,"name":"YE\u015e\u0130L AMET\u0130ST KOLYE"}]},{"@type":"WebSite","@id":"https:\/\/astrologelvan.com\/magaza\/#website","url":"https:\/\/astrologelvan.com\/magaza\/","name":"Astrolog Elvan","description":"","potentialAction":[{"@type":"SearchAction","target":{"@type":"EntryPoint","urlTemplate":"https:\/\/astrologelvan.com\/magaza\/?s={search_term_string}"},"query-input":{"@type":"PropertyValueSpecification","valueRequired":true,"valueName":"search_term_string"}}],"inLanguage":"tr"}]}},"_links":{"self":[{"href":"https:\/\/astrologelvan.com\/magaza\/wp-json\/wp\/v2\/product\/17399","targetHints":{"allow":["GET"]}}],"collection":[{"href":"https:\/\/astrologelvan.com\/magaza\/wp-json\/wp\/v2\/product"}],"about":[{"href":"https:\/\/astrologelvan.com\/magaza\/wp-json\/wp\/v2\/types\/product"}],"replies":[{"embeddable":true,"href":"https:\/\/astrologelvan.com\/magaza\/wp-json\/wp\/v2\/comments?post=17399"}],"wp:featuredmedia":[{"embeddable":true,"href":"https:\/\/astrologelvan.com\/magaza\/wp-json\/wp\/v2\/media\/17400"}],"wp:attachment":[{"href":"https:\/\/astrologelvan.com\/magaza\/wp-json\/wp\/v2\/media?parent=17399"}],"wp:term":[{"taxonomy":"product_brand","embeddable":true,"href":"https:\/\/astrologelvan.com\/magaza\/wp-json\/wp\/v2\/product_brand?post=17399"},{"taxonomy":"product_cat","embeddable":true,"href":"https:\/\/astrologelvan.com\/magaza\/wp-json\/wp\/v2\/product_cat?post=17399"},{"taxonomy":"product_tag","embeddable":true,"href":"https:\/\/astrologelvan.com\/magaza\/wp-json\/wp\/v2\/product_tag?post=17399"}],"curies":[{"name":"wp","href":"https:\/\/api.w.org\/{rel}","templated":true}]}}