{"id":17395,"date":"2024-10-22T13:09:57","date_gmt":"2024-10-22T10:09:57","guid":{"rendered":"https:\/\/astrologelvan.com\/magaza\/?post_type=product&#038;p=17395"},"modified":"2026-03-01T13:07:49","modified_gmt":"2026-03-01T10:07:49","slug":"labradorit-erkek-bileklik-2","status":"publish","type":"product","link":"https:\/\/astrologelvan.com\/magaza\/urun\/labradorit-erkek-bileklik-2\/","title":{"rendered":"LABRADOR\u0130T ERKEK B\u0130LEKL\u0130K"},"content":{"rendered":"<p><strong>\u00dcR\u00dcN B\u0130LG\u0130LER\u0130<\/strong><\/p>\n<p class=\"s7\"><span class=\"s3\"><span class=\"bumpedFont15\">Bilekli\u011fin ortalama uzunlu\u011fu: 25 CM<\/span><\/span><\/p>\n<p class=\"s7\"><span class=\"s3\"><span class=\"bumpedFont15\">Ta\u015flar\u0131n yakla\u015f\u0131k \u00f6l\u00e7\u00fcs\u00fc: 8-9<\/span><\/span><span class=\"s3\"><span class=\"bumpedFont15\">\u00a0MM<\/span><\/span><\/p>\n<p><span class=\"s3\"><span class=\"bumpedFont15\">Labradorit<\/span><\/span><span class=\"s3\"><span class=\"bumpedFont15\">\u00a0Do\u011fal Ta\u015f Erkek Bileklik<\/span><\/span><\/p>\n","protected":false},"excerpt":{"rendered":"<p class=\"s4\"><span class=\"s3\"><span class=\"bumpedFont15\">Asya topraklar\u0131ndan \u00e7\u0131kan bu mavi ve ye\u015fil \u0131\u015f\u0131lt\u0131larla dolu do\u011fal ta\u015f, ruhsal koruma\u00a0<\/span><\/span><span class=\"s3\"><span class=\"bumpedFont15\">i\u00e7in<\/span><\/span><span class=\"s3\"><span class=\"bumpedFont15\">\u00a0b\u00fcy\u00fck \u00f6nem ta\u015f\u0131r. Her rit\u00fcelinizde, b\u00fct\u00fcn\u00fcn hayr\u0131na olan evrensel enerji ile ba\u011f kurmaya niyet ederek kullanabilirsiniz. Elinizdeki L<\/span><\/span><span class=\"s3\"><span class=\"bumpedFont15\">abradorit<\/span><\/span><span class=\"s3\"><span class=\"bumpedFont15\">\u00a0ta\u015f\u0131, \u0131\u015f\u0131\u011fa tutunca m\u00fcthi\u015f mavi ve gri yans\u0131malar\u0131 olan\u00a0<\/span><\/span><span class=\"s3\"><span class=\"bumpedFont15\">\u00e7e\u015fitidir<\/span><\/span><span class=\"s3\"><span class=\"bumpedFont15\">\u00a0ve bu kalitedeki bir\u00a0<\/span><\/span><span class=\"s3\"><span class=\"bumpedFont15\">Labradorite<\/span><\/span><span class=\"s3\"><span class=\"bumpedFont15\">nadir ula\u015f\u0131l\u0131r.<\/span><\/span><\/p>\n<p class=\"s4\"><span class=\"s5\"><span class=\"bumpedFont15\">Labradorit<\/span><\/span><span class=\"s5\"><span class=\"bumpedFont15\">\u00a0ta\u015f\u0131n\u0131n g\u00fcc\u00fc ve s\u0131rr\u0131:<\/span><\/span><span class=\"s3\"><span class=\"bumpedFont15\"><br \/>\n<\/span><\/span><span class=\"s3\"><span class=\"bumpedFont15\">Auran\u0131z\u0131 dengeler ve korur, sezgilerinizi g\u00fc\u00e7lendirir, psi\u015fik sald\u0131r\u0131lara kar\u015f\u0131 sizi korur.<\/span><\/span><span class=\"s3\"><span class=\"bumpedFont15\"><br \/>\n<\/span><\/span><span class=\"s3\"><span class=\"bumpedFont15\">Kalp ve 3. G\u00f6z \u00e7akras\u0131 \u00fczerinde dengeleyici etkisi vard\u0131r. Zihniniz a\u015f\u0131r\u0131 aktifse ve endi\u015feleriniz varsa sizi sakinle\u015ftirir.<\/span><\/span><\/p>\n<p class=\"s4\"><span class=\"s3\"><span class=\"bumpedFont15\">Elinizdeki L<\/span><\/span><span class=\"s3\"><span class=\"bumpedFont15\">abradorit<\/span><\/span><span class=\"s3\"><span class=\"bumpedFont15\">\u00a0ta\u015f\u0131, \u0131\u015f\u0131\u011fa tutunca m\u00fcthi\u015f mavi ve gri yans\u0131malar\u0131 olan bir \u00e7e\u015fittir ve bu kalitedeki bir L<\/span><\/span><span class=\"s3\"><span class=\"bumpedFont15\">abradorite<\/span><\/span><span class=\"s3\"><span class=\"bumpedFont15\">\u00a0nadir ula\u015f\u0131l\u0131r.<\/span><\/span><\/p>\n<p class=\"s4\"><span class=\"s3\"><span class=\"bumpedFont15\">Bilekli\u011finizi ada\u00e7ay\u0131 ile t\u00fcts\u00fcleyip takmaya ba\u015flayabilirsiniz. \u0130lk seferde 21 g\u00fcn boyunca bilekli\u011finizi tak\u0131n\u0131z.<\/span><\/span><\/p>\n<p class=\"s4\"><span class=\"s3\"><span class=\"bumpedFont15\">Banyo<\/span><\/span><span class=\"s3\"><span class=\"bumpedFont15\">\u00a0yaparken ve uyurken \u00e7\u0131karabilirsiniz.<\/span><\/span><\/p>\n","protected":false},"featured_media":71349,"comment_status":"open","ping_status":"closed","template":"","meta":[],"product_brand":[],"product_cat":[508,26],"product_tag":[],"class_list":{"0":"post-17395","1":"product","2":"type-product","3":"status-publish","4":"has-post-thumbnail","6":"product_cat-erkek-bileklikler","7":"product_cat-genel","9":"first","10":"outofstock","11":"taxable","12":"shipping-taxable","13":"purchasable","14":"product-type-simple"},"yoast_head":"<!-- This site is optimized with the Yoast SEO plugin v27.3 - https:\/\/yoast.com\/product\/yoast-seo-wordpress\/ -->\n<title>LABRADOR\u0130T ERKEK B\u0130LEKL\u0130K - Astrolog Elvan<\/title>\n<meta name=\"robots\" content=\"index, follow, max-snippet:-1, max-image-preview:large, max-video-preview:-1\" \/>\n<link rel=\"canonical\" href=\"https:\/\/astrologelvan.com\/magaza\/urun\/labradorit-erkek-bileklik-2\/\" \/>\n<meta property=\"og:locale\" content=\"tr_TR\" \/>\n<meta property=\"og:type\" content=\"article\" \/>\n<meta property=\"og:title\" content=\"LABRADOR\u0130T ERKEK B\u0130LEKL\u0130K - Astrolog Elvan\" \/>\n<meta property=\"og:description\" content=\"Asya topraklar\u0131ndan \u00e7\u0131kan bu mavi ve ye\u015fil \u0131\u015f\u0131lt\u0131larla dolu do\u011fal ta\u015f, ruhsal koruma\u00a0i\u00e7in\u00a0b\u00fcy\u00fck \u00f6nem ta\u015f\u0131r. Her rit\u00fcelinizde, b\u00fct\u00fcn\u00fcn hayr\u0131na olan evrensel enerji ile ba\u011f kurmaya niyet ederek kullanabilirsiniz. Elinizdeki Labradorit\u00a0ta\u015f\u0131, \u0131\u015f\u0131\u011fa tutunca m\u00fcthi\u015f mavi ve gri yans\u0131malar\u0131 olan\u00a0\u00e7e\u015fitidir\u00a0ve bu kalitedeki bir\u00a0Labradoritenadir ula\u015f\u0131l\u0131r. Labradorit\u00a0ta\u015f\u0131n\u0131n g\u00fcc\u00fc ve s\u0131rr\u0131: Auran\u0131z\u0131 dengeler ve korur, sezgilerinizi g\u00fc\u00e7lendirir, psi\u015fik sald\u0131r\u0131lara kar\u015f\u0131 sizi korur. Kalp ve 3. G\u00f6z \u00e7akras\u0131 \u00fczerinde dengeleyici etkisi vard\u0131r. Zihniniz a\u015f\u0131r\u0131 aktifse ve endi\u015feleriniz varsa sizi sakinle\u015ftirir. Elinizdeki Labradorit\u00a0ta\u015f\u0131, \u0131\u015f\u0131\u011fa tutunca m\u00fcthi\u015f mavi ve gri yans\u0131malar\u0131 olan bir \u00e7e\u015fittir ve bu kalitedeki bir Labradorite\u00a0nadir ula\u015f\u0131l\u0131r. Bilekli\u011finizi ada\u00e7ay\u0131 ile t\u00fcts\u00fcleyip takmaya ba\u015flayabilirsiniz. \u0130lk seferde 21 g\u00fcn boyunca bilekli\u011finizi tak\u0131n\u0131z. Banyo\u00a0yaparken ve uyurken \u00e7\u0131karabilirsiniz.\" \/>\n<meta property=\"og:url\" content=\"https:\/\/astrologelvan.com\/magaza\/urun\/labradorit-erkek-bileklik-2\/\" \/>\n<meta property=\"og:site_name\" content=\"Astrolog Elvan\" \/>\n<meta property=\"article:modified_time\" content=\"2026-03-01T10:07:49+00:00\" \/>\n<meta property=\"og:image\" content=\"https:\/\/astrologelvan.com\/magaza\/wp-content\/uploads\/2024\/10\/6.png\" \/>\n\t<meta property=\"og:image:width\" content=\"1375\" \/>\n\t<meta property=\"og:image:height\" content=\"2063\" \/>\n\t<meta property=\"og:image:type\" content=\"image\/png\" \/>\n<meta name=\"twitter:card\" content=\"summary_large_image\" \/>\n<meta name=\"twitter:label1\" content=\"Tahmini okuma s\u00fcresi\" \/>\n\t<meta name=\"twitter:data1\" content=\"1 dakika\" \/>\n<script type=\"application\/ld+json\" class=\"yoast-schema-graph\">{\"@context\":\"https:\\\/\\\/schema.org\",\"@graph\":[{\"@type\":[\"WebPage\",\"ItemPage\"],\"@id\":\"https:\\\/\\\/astrologelvan.com\\\/magaza\\\/urun\\\/labradorit-erkek-bileklik-2\\\/\",\"url\":\"https:\\\/\\\/astrologelvan.com\\\/magaza\\\/urun\\\/labradorit-erkek-bileklik-2\\\/\",\"name\":\"LABRADOR\u0130T ERKEK B\u0130LEKL\u0130K - Astrolog Elvan\",\"isPartOf\":{\"@id\":\"https:\\\/\\\/astrologelvan.com\\\/magaza\\\/#website\"},\"primaryImageOfPage\":{\"@id\":\"https:\\\/\\\/astrologelvan.com\\\/magaza\\\/urun\\\/labradorit-erkek-bileklik-2\\\/#primaryimage\"},\"image\":{\"@id\":\"https:\\\/\\\/astrologelvan.com\\\/magaza\\\/urun\\\/labradorit-erkek-bileklik-2\\\/#primaryimage\"},\"thumbnailUrl\":\"https:\\\/\\\/astrologelvan.com\\\/magaza\\\/wp-content\\\/uploads\\\/2024\\\/10\\\/6.png\",\"datePublished\":\"2024-10-22T10:09:57+00:00\",\"dateModified\":\"2026-03-01T10:07:49+00:00\",\"breadcrumb\":{\"@id\":\"https:\\\/\\\/astrologelvan.com\\\/magaza\\\/urun\\\/labradorit-erkek-bileklik-2\\\/#breadcrumb\"},\"inLanguage\":\"tr\",\"potentialAction\":[{\"@type\":\"ReadAction\",\"target\":[\"https:\\\/\\\/astrologelvan.com\\\/magaza\\\/urun\\\/labradorit-erkek-bileklik-2\\\/\"]}]},{\"@type\":\"ImageObject\",\"inLanguage\":\"tr\",\"@id\":\"https:\\\/\\\/astrologelvan.com\\\/magaza\\\/urun\\\/labradorit-erkek-bileklik-2\\\/#primaryimage\",\"url\":\"https:\\\/\\\/astrologelvan.com\\\/magaza\\\/wp-content\\\/uploads\\\/2024\\\/10\\\/6.png\",\"contentUrl\":\"https:\\\/\\\/astrologelvan.com\\\/magaza\\\/wp-content\\\/uploads\\\/2024\\\/10\\\/6.png\",\"width\":1375,\"height\":2063},{\"@type\":\"BreadcrumbList\",\"@id\":\"https:\\\/\\\/astrologelvan.com\\\/magaza\\\/urun\\\/labradorit-erkek-bileklik-2\\\/#breadcrumb\",\"itemListElement\":[{\"@type\":\"ListItem\",\"position\":1,\"name\":\"Anasayfa\",\"item\":\"https:\\\/\\\/astrologelvan.com\\\/magaza\\\/\"},{\"@type\":\"ListItem\",\"position\":2,\"name\":\"Ma\u011faza\",\"item\":\"https:\\\/\\\/astrologelvan.com\\\/magaza\\\/magaza\\\/\"},{\"@type\":\"ListItem\",\"position\":3,\"name\":\"LABRADOR\u0130T ERKEK B\u0130LEKL\u0130K\"}]},{\"@type\":\"WebSite\",\"@id\":\"https:\\\/\\\/astrologelvan.com\\\/magaza\\\/#website\",\"url\":\"https:\\\/\\\/astrologelvan.com\\\/magaza\\\/\",\"name\":\"Astrolog Elvan\",\"description\":\"\",\"potentialAction\":[{\"@type\":\"SearchAction\",\"target\":{\"@type\":\"EntryPoint\",\"urlTemplate\":\"https:\\\/\\\/astrologelvan.com\\\/magaza\\\/?s={search_term_string}\"},\"query-input\":{\"@type\":\"PropertyValueSpecification\",\"valueRequired\":true,\"valueName\":\"search_term_string\"}}],\"inLanguage\":\"tr\"}]}<\/script>\n<!-- \/ Yoast SEO plugin. -->","yoast_head_json":{"title":"LABRADOR\u0130T ERKEK B\u0130LEKL\u0130K - Astrolog Elvan","robots":{"index":"index","follow":"follow","max-snippet":"max-snippet:-1","max-image-preview":"max-image-preview:large","max-video-preview":"max-video-preview:-1"},"canonical":"https:\/\/astrologelvan.com\/magaza\/urun\/labradorit-erkek-bileklik-2\/","og_locale":"tr_TR","og_type":"article","og_title":"LABRADOR\u0130T ERKEK B\u0130LEKL\u0130K - Astrolog Elvan","og_description":"Asya topraklar\u0131ndan \u00e7\u0131kan bu mavi ve ye\u015fil \u0131\u015f\u0131lt\u0131larla dolu do\u011fal ta\u015f, ruhsal koruma\u00a0i\u00e7in\u00a0b\u00fcy\u00fck \u00f6nem ta\u015f\u0131r. Her rit\u00fcelinizde, b\u00fct\u00fcn\u00fcn hayr\u0131na olan evrensel enerji ile ba\u011f kurmaya niyet ederek kullanabilirsiniz. Elinizdeki Labradorit\u00a0ta\u015f\u0131, \u0131\u015f\u0131\u011fa tutunca m\u00fcthi\u015f mavi ve gri yans\u0131malar\u0131 olan\u00a0\u00e7e\u015fitidir\u00a0ve bu kalitedeki bir\u00a0Labradoritenadir ula\u015f\u0131l\u0131r. Labradorit\u00a0ta\u015f\u0131n\u0131n g\u00fcc\u00fc ve s\u0131rr\u0131: Auran\u0131z\u0131 dengeler ve korur, sezgilerinizi g\u00fc\u00e7lendirir, psi\u015fik sald\u0131r\u0131lara kar\u015f\u0131 sizi korur. Kalp ve 3. G\u00f6z \u00e7akras\u0131 \u00fczerinde dengeleyici etkisi vard\u0131r. Zihniniz a\u015f\u0131r\u0131 aktifse ve endi\u015feleriniz varsa sizi sakinle\u015ftirir. Elinizdeki Labradorit\u00a0ta\u015f\u0131, \u0131\u015f\u0131\u011fa tutunca m\u00fcthi\u015f mavi ve gri yans\u0131malar\u0131 olan bir \u00e7e\u015fittir ve bu kalitedeki bir Labradorite\u00a0nadir ula\u015f\u0131l\u0131r. Bilekli\u011finizi ada\u00e7ay\u0131 ile t\u00fcts\u00fcleyip takmaya ba\u015flayabilirsiniz. \u0130lk seferde 21 g\u00fcn boyunca bilekli\u011finizi tak\u0131n\u0131z. Banyo\u00a0yaparken ve uyurken \u00e7\u0131karabilirsiniz.","og_url":"https:\/\/astrologelvan.com\/magaza\/urun\/labradorit-erkek-bileklik-2\/","og_site_name":"Astrolog Elvan","article_modified_time":"2026-03-01T10:07:49+00:00","og_image":[{"width":1375,"height":2063,"url":"https:\/\/astrologelvan.com\/magaza\/wp-content\/uploads\/2024\/10\/6.png","type":"image\/png"}],"twitter_card":"summary_large_image","twitter_misc":{"Tahmini okuma s\u00fcresi":"1 dakika"},"schema":{"@context":"https:\/\/schema.org","@graph":[{"@type":["WebPage","ItemPage"],"@id":"https:\/\/astrologelvan.com\/magaza\/urun\/labradorit-erkek-bileklik-2\/","url":"https:\/\/astrologelvan.com\/magaza\/urun\/labradorit-erkek-bileklik-2\/","name":"LABRADOR\u0130T ERKEK B\u0130LEKL\u0130K - Astrolog Elvan","isPartOf":{"@id":"https:\/\/astrologelvan.com\/magaza\/#website"},"primaryImageOfPage":{"@id":"https:\/\/astrologelvan.com\/magaza\/urun\/labradorit-erkek-bileklik-2\/#primaryimage"},"image":{"@id":"https:\/\/astrologelvan.com\/magaza\/urun\/labradorit-erkek-bileklik-2\/#primaryimage"},"thumbnailUrl":"https:\/\/astrologelvan.com\/magaza\/wp-content\/uploads\/2024\/10\/6.png","datePublished":"2024-10-22T10:09:57+00:00","dateModified":"2026-03-01T10:07:49+00:00","breadcrumb":{"@id":"https:\/\/astrologelvan.com\/magaza\/urun\/labradorit-erkek-bileklik-2\/#breadcrumb"},"inLanguage":"tr","potentialAction":[{"@type":"ReadAction","target":["https:\/\/astrologelvan.com\/magaza\/urun\/labradorit-erkek-bileklik-2\/"]}]},{"@type":"ImageObject","inLanguage":"tr","@id":"https:\/\/astrologelvan.com\/magaza\/urun\/labradorit-erkek-bileklik-2\/#primaryimage","url":"https:\/\/astrologelvan.com\/magaza\/wp-content\/uploads\/2024\/10\/6.png","contentUrl":"https:\/\/astrologelvan.com\/magaza\/wp-content\/uploads\/2024\/10\/6.png","width":1375,"height":2063},{"@type":"BreadcrumbList","@id":"https:\/\/astrologelvan.com\/magaza\/urun\/labradorit-erkek-bileklik-2\/#breadcrumb","itemListElement":[{"@type":"ListItem","position":1,"name":"Anasayfa","item":"https:\/\/astrologelvan.com\/magaza\/"},{"@type":"ListItem","position":2,"name":"Ma\u011faza","item":"https:\/\/astrologelvan.com\/magaza\/magaza\/"},{"@type":"ListItem","position":3,"name":"LABRADOR\u0130T ERKEK B\u0130LEKL\u0130K"}]},{"@type":"WebSite","@id":"https:\/\/astrologelvan.com\/magaza\/#website","url":"https:\/\/astrologelvan.com\/magaza\/","name":"Astrolog Elvan","description":"","potentialAction":[{"@type":"SearchAction","target":{"@type":"EntryPoint","urlTemplate":"https:\/\/astrologelvan.com\/magaza\/?s={search_term_string}"},"query-input":{"@type":"PropertyValueSpecification","valueRequired":true,"valueName":"search_term_string"}}],"inLanguage":"tr"}]}},"_links":{"self":[{"href":"https:\/\/astrologelvan.com\/magaza\/wp-json\/wp\/v2\/product\/17395","targetHints":{"allow":["GET"]}}],"collection":[{"href":"https:\/\/astrologelvan.com\/magaza\/wp-json\/wp\/v2\/product"}],"about":[{"href":"https:\/\/astrologelvan.com\/magaza\/wp-json\/wp\/v2\/types\/product"}],"replies":[{"embeddable":true,"href":"https:\/\/astrologelvan.com\/magaza\/wp-json\/wp\/v2\/comments?post=17395"}],"wp:featuredmedia":[{"embeddable":true,"href":"https:\/\/astrologelvan.com\/magaza\/wp-json\/wp\/v2\/media\/71349"}],"wp:attachment":[{"href":"https:\/\/astrologelvan.com\/magaza\/wp-json\/wp\/v2\/media?parent=17395"}],"wp:term":[{"taxonomy":"product_brand","embeddable":true,"href":"https:\/\/astrologelvan.com\/magaza\/wp-json\/wp\/v2\/product_brand?post=17395"},{"taxonomy":"product_cat","embeddable":true,"href":"https:\/\/astrologelvan.com\/magaza\/wp-json\/wp\/v2\/product_cat?post=17395"},{"taxonomy":"product_tag","embeddable":true,"href":"https:\/\/astrologelvan.com\/magaza\/wp-json\/wp\/v2\/product_tag?post=17395"}],"curies":[{"name":"wp","href":"https:\/\/api.w.org\/{rel}","templated":true}]}}