{"id":17389,"date":"2024-10-22T12:42:56","date_gmt":"2024-10-22T09:42:56","guid":{"rendered":"https:\/\/astrologelvan.com\/magaza\/?post_type=product&#038;p=17389"},"modified":"2025-10-06T08:15:22","modified_gmt":"2025-10-06T05:15:22","slug":"kamadeva-ari-kolye-ask-tutku-ve-libido","status":"publish","type":"product","link":"https:\/\/astrologelvan.com\/magaza\/urun\/kamadeva-ari-kolye-ask-tutku-ve-libido\/","title":{"rendered":"KAMADEVA ARI KOLYE (A\u015eK, TUTKU VE L\u0130B\u0130DO)"},"content":{"rendered":"<p>Kolye A\u011f\u0131rl\u0131\u011f\u0131: 23 Gram<\/p>\n<p>Kolye Uzunlu\u011fu: 55 CM<\/p>\n<p>Pirin\u00e7 Kaplama<\/p>\n","protected":false},"excerpt":{"rendered":"<div>Hindu mitolojisinde, a\u015fk\u0131, tutkuyu, libidoyu temsil eden Kamadeva\u2019dan esinlenilerek \u00fcretildi. Evrendeki en eski \u00e7ekicilik sembollerinden biridir.<\/div>\n<div>Kamadeva; okuyla insanlarda \u00e7ekicilik ve tutkuyu uyand\u0131r\u0131r. Kamadeva\u2019n\u0131n yay\u0131 bir dizi bal ar\u0131s\u0131 bulunan \u015fekerkam\u0131\u015f\u0131ndan yap\u0131lm\u0131\u015ft\u0131r. Ve okunun ucunda \u00e7i\u00e7ekler bulunmaktad\u0131r. \u00c7i\u00e7ek sembol olarak Ven\u00fcs\u2019\u00fc temsil eder.<\/div>\n<div><\/div>\n<div>Bu \u00f6zel \u00fcretim, mine i\u015flemeli Kamadeva Ar\u0131 Kolye i\u00e7inizdeki tutkuyu, \u00e7ekicili\u011fi, a\u015fk\u0131 uyand\u0131r\u0131r. Libidonuzu artt\u0131r\u0131r. T\u00fcm bunlar\u0131n hissi; ald\u0131\u011f\u0131n\u0131z \u00f6zel \u00fcretim kolyeye y\u00fcklenmi\u015ftir.<\/div>\n","protected":false},"featured_media":17390,"comment_status":"open","ping_status":"closed","template":"","meta":[],"product_brand":[],"product_cat":[114],"product_tag":[],"class_list":{"0":"post-17389","1":"product","2":"type-product","3":"status-publish","4":"has-post-thumbnail","6":"product_cat-limited-edition","8":"first","9":"instock","10":"purchasable","11":"product-type-simple"},"yoast_head":"<!-- This site is optimized with the Yoast SEO plugin v27.3 - https:\/\/yoast.com\/product\/yoast-seo-wordpress\/ -->\n<title>KAMADEVA ARI KOLYE (A\u015eK, TUTKU VE L\u0130B\u0130DO) - Astrolog Elvan<\/title>\n<meta name=\"robots\" content=\"index, follow, max-snippet:-1, max-image-preview:large, max-video-preview:-1\" \/>\n<link rel=\"canonical\" href=\"https:\/\/astrologelvan.com\/magaza\/urun\/kamadeva-ari-kolye-ask-tutku-ve-libido\/\" \/>\n<meta property=\"og:locale\" content=\"tr_TR\" \/>\n<meta property=\"og:type\" content=\"article\" \/>\n<meta property=\"og:title\" content=\"KAMADEVA ARI KOLYE (A\u015eK, TUTKU VE L\u0130B\u0130DO) - Astrolog Elvan\" \/>\n<meta property=\"og:description\" content=\"Hindu mitolojisinde, a\u015fk\u0131, tutkuyu, libidoyu temsil eden Kamadeva\u2019dan esinlenilerek \u00fcretildi. Evrendeki en eski \u00e7ekicilik sembollerinden biridir. Kamadeva; okuyla insanlarda \u00e7ekicilik ve tutkuyu uyand\u0131r\u0131r. Kamadeva\u2019n\u0131n yay\u0131 bir dizi bal ar\u0131s\u0131 bulunan \u015fekerkam\u0131\u015f\u0131ndan yap\u0131lm\u0131\u015ft\u0131r. Ve okunun ucunda \u00e7i\u00e7ekler bulunmaktad\u0131r. \u00c7i\u00e7ek sembol olarak Ven\u00fcs\u2019\u00fc temsil eder.  Bu \u00f6zel \u00fcretim, mine i\u015flemeli Kamadeva Ar\u0131 Kolye i\u00e7inizdeki tutkuyu, \u00e7ekicili\u011fi, a\u015fk\u0131 uyand\u0131r\u0131r. Libidonuzu artt\u0131r\u0131r. T\u00fcm bunlar\u0131n hissi; ald\u0131\u011f\u0131n\u0131z \u00f6zel \u00fcretim kolyeye y\u00fcklenmi\u015ftir.\" \/>\n<meta property=\"og:url\" content=\"https:\/\/astrologelvan.com\/magaza\/urun\/kamadeva-ari-kolye-ask-tutku-ve-libido\/\" \/>\n<meta property=\"og:site_name\" content=\"Astrolog Elvan\" \/>\n<meta property=\"article:modified_time\" content=\"2025-10-06T05:15:22+00:00\" \/>\n<meta property=\"og:image\" content=\"https:\/\/astrologelvan.com\/magaza\/wp-content\/uploads\/2024\/10\/ari-scaled.jpg\" \/>\n\t<meta property=\"og:image:width\" content=\"1920\" \/>\n\t<meta property=\"og:image:height\" content=\"2560\" \/>\n\t<meta property=\"og:image:type\" content=\"image\/jpeg\" \/>\n<meta name=\"twitter:card\" content=\"summary_large_image\" \/>\n<meta name=\"twitter:label1\" content=\"Tahmini okuma s\u00fcresi\" \/>\n\t<meta name=\"twitter:data1\" content=\"1 dakika\" \/>\n<script type=\"application\/ld+json\" class=\"yoast-schema-graph\">{\"@context\":\"https:\\\/\\\/schema.org\",\"@graph\":[{\"@type\":[\"WebPage\",\"ItemPage\"],\"@id\":\"https:\\\/\\\/astrologelvan.com\\\/magaza\\\/urun\\\/kamadeva-ari-kolye-ask-tutku-ve-libido\\\/\",\"url\":\"https:\\\/\\\/astrologelvan.com\\\/magaza\\\/urun\\\/kamadeva-ari-kolye-ask-tutku-ve-libido\\\/\",\"name\":\"KAMADEVA ARI KOLYE (A\u015eK, TUTKU VE L\u0130B\u0130DO) - Astrolog Elvan\",\"isPartOf\":{\"@id\":\"https:\\\/\\\/astrologelvan.com\\\/magaza\\\/#website\"},\"primaryImageOfPage\":{\"@id\":\"https:\\\/\\\/astrologelvan.com\\\/magaza\\\/urun\\\/kamadeva-ari-kolye-ask-tutku-ve-libido\\\/#primaryimage\"},\"image\":{\"@id\":\"https:\\\/\\\/astrologelvan.com\\\/magaza\\\/urun\\\/kamadeva-ari-kolye-ask-tutku-ve-libido\\\/#primaryimage\"},\"thumbnailUrl\":\"https:\\\/\\\/astrologelvan.com\\\/magaza\\\/wp-content\\\/uploads\\\/2024\\\/10\\\/ari-scaled.jpg\",\"datePublished\":\"2024-10-22T09:42:56+00:00\",\"dateModified\":\"2025-10-06T05:15:22+00:00\",\"breadcrumb\":{\"@id\":\"https:\\\/\\\/astrologelvan.com\\\/magaza\\\/urun\\\/kamadeva-ari-kolye-ask-tutku-ve-libido\\\/#breadcrumb\"},\"inLanguage\":\"tr\",\"potentialAction\":[{\"@type\":\"ReadAction\",\"target\":[\"https:\\\/\\\/astrologelvan.com\\\/magaza\\\/urun\\\/kamadeva-ari-kolye-ask-tutku-ve-libido\\\/\"]}]},{\"@type\":\"ImageObject\",\"inLanguage\":\"tr\",\"@id\":\"https:\\\/\\\/astrologelvan.com\\\/magaza\\\/urun\\\/kamadeva-ari-kolye-ask-tutku-ve-libido\\\/#primaryimage\",\"url\":\"https:\\\/\\\/astrologelvan.com\\\/magaza\\\/wp-content\\\/uploads\\\/2024\\\/10\\\/ari-scaled.jpg\",\"contentUrl\":\"https:\\\/\\\/astrologelvan.com\\\/magaza\\\/wp-content\\\/uploads\\\/2024\\\/10\\\/ari-scaled.jpg\",\"width\":1920,\"height\":2560},{\"@type\":\"BreadcrumbList\",\"@id\":\"https:\\\/\\\/astrologelvan.com\\\/magaza\\\/urun\\\/kamadeva-ari-kolye-ask-tutku-ve-libido\\\/#breadcrumb\",\"itemListElement\":[{\"@type\":\"ListItem\",\"position\":1,\"name\":\"Anasayfa\",\"item\":\"https:\\\/\\\/astrologelvan.com\\\/magaza\\\/\"},{\"@type\":\"ListItem\",\"position\":2,\"name\":\"Ma\u011faza\",\"item\":\"https:\\\/\\\/astrologelvan.com\\\/magaza\\\/magaza\\\/\"},{\"@type\":\"ListItem\",\"position\":3,\"name\":\"KAMADEVA ARI KOLYE (A\u015eK, TUTKU VE L\u0130B\u0130DO)\"}]},{\"@type\":\"WebSite\",\"@id\":\"https:\\\/\\\/astrologelvan.com\\\/magaza\\\/#website\",\"url\":\"https:\\\/\\\/astrologelvan.com\\\/magaza\\\/\",\"name\":\"Astrolog Elvan\",\"description\":\"\",\"potentialAction\":[{\"@type\":\"SearchAction\",\"target\":{\"@type\":\"EntryPoint\",\"urlTemplate\":\"https:\\\/\\\/astrologelvan.com\\\/magaza\\\/?s={search_term_string}\"},\"query-input\":{\"@type\":\"PropertyValueSpecification\",\"valueRequired\":true,\"valueName\":\"search_term_string\"}}],\"inLanguage\":\"tr\"}]}<\/script>\n<!-- \/ Yoast SEO plugin. -->","yoast_head_json":{"title":"KAMADEVA ARI KOLYE (A\u015eK, TUTKU VE L\u0130B\u0130DO) - Astrolog Elvan","robots":{"index":"index","follow":"follow","max-snippet":"max-snippet:-1","max-image-preview":"max-image-preview:large","max-video-preview":"max-video-preview:-1"},"canonical":"https:\/\/astrologelvan.com\/magaza\/urun\/kamadeva-ari-kolye-ask-tutku-ve-libido\/","og_locale":"tr_TR","og_type":"article","og_title":"KAMADEVA ARI KOLYE (A\u015eK, TUTKU VE L\u0130B\u0130DO) - Astrolog Elvan","og_description":"Hindu mitolojisinde, a\u015fk\u0131, tutkuyu, libidoyu temsil eden Kamadeva\u2019dan esinlenilerek \u00fcretildi. Evrendeki en eski \u00e7ekicilik sembollerinden biridir. Kamadeva; okuyla insanlarda \u00e7ekicilik ve tutkuyu uyand\u0131r\u0131r. Kamadeva\u2019n\u0131n yay\u0131 bir dizi bal ar\u0131s\u0131 bulunan \u015fekerkam\u0131\u015f\u0131ndan yap\u0131lm\u0131\u015ft\u0131r. Ve okunun ucunda \u00e7i\u00e7ekler bulunmaktad\u0131r. \u00c7i\u00e7ek sembol olarak Ven\u00fcs\u2019\u00fc temsil eder.  Bu \u00f6zel \u00fcretim, mine i\u015flemeli Kamadeva Ar\u0131 Kolye i\u00e7inizdeki tutkuyu, \u00e7ekicili\u011fi, a\u015fk\u0131 uyand\u0131r\u0131r. Libidonuzu artt\u0131r\u0131r. T\u00fcm bunlar\u0131n hissi; ald\u0131\u011f\u0131n\u0131z \u00f6zel \u00fcretim kolyeye y\u00fcklenmi\u015ftir.","og_url":"https:\/\/astrologelvan.com\/magaza\/urun\/kamadeva-ari-kolye-ask-tutku-ve-libido\/","og_site_name":"Astrolog Elvan","article_modified_time":"2025-10-06T05:15:22+00:00","og_image":[{"width":1920,"height":2560,"url":"https:\/\/astrologelvan.com\/magaza\/wp-content\/uploads\/2024\/10\/ari-scaled.jpg","type":"image\/jpeg"}],"twitter_card":"summary_large_image","twitter_misc":{"Tahmini okuma s\u00fcresi":"1 dakika"},"schema":{"@context":"https:\/\/schema.org","@graph":[{"@type":["WebPage","ItemPage"],"@id":"https:\/\/astrologelvan.com\/magaza\/urun\/kamadeva-ari-kolye-ask-tutku-ve-libido\/","url":"https:\/\/astrologelvan.com\/magaza\/urun\/kamadeva-ari-kolye-ask-tutku-ve-libido\/","name":"KAMADEVA ARI KOLYE (A\u015eK, TUTKU VE L\u0130B\u0130DO) - Astrolog Elvan","isPartOf":{"@id":"https:\/\/astrologelvan.com\/magaza\/#website"},"primaryImageOfPage":{"@id":"https:\/\/astrologelvan.com\/magaza\/urun\/kamadeva-ari-kolye-ask-tutku-ve-libido\/#primaryimage"},"image":{"@id":"https:\/\/astrologelvan.com\/magaza\/urun\/kamadeva-ari-kolye-ask-tutku-ve-libido\/#primaryimage"},"thumbnailUrl":"https:\/\/astrologelvan.com\/magaza\/wp-content\/uploads\/2024\/10\/ari-scaled.jpg","datePublished":"2024-10-22T09:42:56+00:00","dateModified":"2025-10-06T05:15:22+00:00","breadcrumb":{"@id":"https:\/\/astrologelvan.com\/magaza\/urun\/kamadeva-ari-kolye-ask-tutku-ve-libido\/#breadcrumb"},"inLanguage":"tr","potentialAction":[{"@type":"ReadAction","target":["https:\/\/astrologelvan.com\/magaza\/urun\/kamadeva-ari-kolye-ask-tutku-ve-libido\/"]}]},{"@type":"ImageObject","inLanguage":"tr","@id":"https:\/\/astrologelvan.com\/magaza\/urun\/kamadeva-ari-kolye-ask-tutku-ve-libido\/#primaryimage","url":"https:\/\/astrologelvan.com\/magaza\/wp-content\/uploads\/2024\/10\/ari-scaled.jpg","contentUrl":"https:\/\/astrologelvan.com\/magaza\/wp-content\/uploads\/2024\/10\/ari-scaled.jpg","width":1920,"height":2560},{"@type":"BreadcrumbList","@id":"https:\/\/astrologelvan.com\/magaza\/urun\/kamadeva-ari-kolye-ask-tutku-ve-libido\/#breadcrumb","itemListElement":[{"@type":"ListItem","position":1,"name":"Anasayfa","item":"https:\/\/astrologelvan.com\/magaza\/"},{"@type":"ListItem","position":2,"name":"Ma\u011faza","item":"https:\/\/astrologelvan.com\/magaza\/magaza\/"},{"@type":"ListItem","position":3,"name":"KAMADEVA ARI KOLYE (A\u015eK, TUTKU VE L\u0130B\u0130DO)"}]},{"@type":"WebSite","@id":"https:\/\/astrologelvan.com\/magaza\/#website","url":"https:\/\/astrologelvan.com\/magaza\/","name":"Astrolog Elvan","description":"","potentialAction":[{"@type":"SearchAction","target":{"@type":"EntryPoint","urlTemplate":"https:\/\/astrologelvan.com\/magaza\/?s={search_term_string}"},"query-input":{"@type":"PropertyValueSpecification","valueRequired":true,"valueName":"search_term_string"}}],"inLanguage":"tr"}]}},"_links":{"self":[{"href":"https:\/\/astrologelvan.com\/magaza\/wp-json\/wp\/v2\/product\/17389","targetHints":{"allow":["GET"]}}],"collection":[{"href":"https:\/\/astrologelvan.com\/magaza\/wp-json\/wp\/v2\/product"}],"about":[{"href":"https:\/\/astrologelvan.com\/magaza\/wp-json\/wp\/v2\/types\/product"}],"replies":[{"embeddable":true,"href":"https:\/\/astrologelvan.com\/magaza\/wp-json\/wp\/v2\/comments?post=17389"}],"wp:featuredmedia":[{"embeddable":true,"href":"https:\/\/astrologelvan.com\/magaza\/wp-json\/wp\/v2\/media\/17390"}],"wp:attachment":[{"href":"https:\/\/astrologelvan.com\/magaza\/wp-json\/wp\/v2\/media?parent=17389"}],"wp:term":[{"taxonomy":"product_brand","embeddable":true,"href":"https:\/\/astrologelvan.com\/magaza\/wp-json\/wp\/v2\/product_brand?post=17389"},{"taxonomy":"product_cat","embeddable":true,"href":"https:\/\/astrologelvan.com\/magaza\/wp-json\/wp\/v2\/product_cat?post=17389"},{"taxonomy":"product_tag","embeddable":true,"href":"https:\/\/astrologelvan.com\/magaza\/wp-json\/wp\/v2\/product_tag?post=17389"}],"curies":[{"name":"wp","href":"https:\/\/api.w.org\/{rel}","templated":true}]}}