{"id":17371,"date":"2024-10-22T11:41:16","date_gmt":"2024-10-22T08:41:16","guid":{"rendered":"https:\/\/astrologelvan.com\/magaza\/?post_type=product&#038;p=17371"},"modified":"2026-03-11T11:46:33","modified_gmt":"2026-03-11T08:46:33","slug":"yilancik-tasi-bileklik","status":"publish","type":"product","link":"https:\/\/astrologelvan.com\/magaza\/urun\/yilancik-tasi-bileklik\/","title":{"rendered":"YILANCIK TA\u015eI B\u0130LEKL\u0130K"},"content":{"rendered":"<p>Bileklik A\u011f\u0131rl\u0131\u011f\u0131: 6,1 Gram<\/p>\n<p>Bileklik Uzunlu\u011fu: 20 CM<\/p>\n<p>925 Ayar G\u00fcm\u00fc\u015f \u00dczeri Alt\u0131n Kaplama<\/p>\n","protected":false},"excerpt":{"rendered":"<div class=\"product-short-description\">\n<p>Y\u0131lanc\u0131k ta\u015f\u0131n\u0131n orijinal hali ovalimsi bir yap\u0131ya sahiptir. Mavi, kahverengi, sar\u0131 ve beyaz renklerinin karmas\u0131ndan olu\u015fur. Bu ta\u015flar\u0131n alt k\u0131s\u0131mlar\u0131 tamamen beyaz olmakla birlikte salyangoza benzetilen \u015fekilleri de bulunur.\u00a0Bu ta\u015f\u0131n strese \u00e7ok iyi geldi\u011fi g\u00f6r\u00fclebilir. Mide hastal\u0131klar\u0131ndan v\u00fccut a\u011fr\u0131lar\u0131na kadar etki etti\u011fi bilinir. Hem bedene hem de ruha iyi gelen bu ta\u015flar Orta Do\u011fu \u00fclkelerinde nazardan ve b\u00fcy\u00fcden korunmak i\u00e7in de kullan\u0131l\u0131rlar.<\/p>\n<p><b>Anadolu\u2019da yayg\u0131n olan bir inan\u0131\u015fa g\u00f6re \u00f6<\/b><b>zellikle a\u011fr\u0131yan b\u00f6lgeye koyuldu\u011funda a\u011fr\u0131y\u0131 ald\u0131\u011f\u0131 s\u00f6ylenir. Bereket i\u00e7in de kullan\u0131lan Y\u0131lanc\u0131k ta\u015f\u0131n\u0131 c\u00fczdan\u0131n\u0131zda da ta\u015f\u0131yabilirsiniz.<\/b><\/p>\n<p><b>Not: Y\u0131lanc\u0131k ta\u015f\u0131 farkl\u0131 boyutlarda bulunmaktad\u0131r. Ak\u0131\u015fa g\u00f6re sizlere hangi boyutta Y\u0131lanc\u0131k Ta\u015f\u0131 geldiyse kabul ediniz.\u00a0<\/b><\/p>\n<\/div>\n<div id=\"gap-641560326\" class=\"gap-element clearfix\"><\/div>\n<div class=\"add-to-cart-container form-minimal is-normal\"><\/div>\n","protected":false},"featured_media":17372,"comment_status":"open","ping_status":"closed","template":"","meta":[],"product_brand":[],"product_cat":[26,9553],"product_tag":[],"class_list":{"0":"post-17371","1":"product","2":"type-product","3":"status-publish","4":"has-post-thumbnail","6":"product_cat-genel","7":"product_cat-yilancik","9":"first","10":"instock","11":"purchasable","12":"product-type-simple"},"yoast_head":"<!-- This site is optimized with the Yoast SEO plugin v27.2 - https:\/\/yoast.com\/product\/yoast-seo-wordpress\/ -->\n<title>YILANCIK TA\u015eI B\u0130LEKL\u0130K - Astrolog Elvan<\/title>\n<meta name=\"robots\" content=\"index, follow, max-snippet:-1, max-image-preview:large, max-video-preview:-1\" \/>\n<link rel=\"canonical\" href=\"https:\/\/astrologelvan.com\/magaza\/urun\/yilancik-tasi-bileklik\/\" \/>\n<meta property=\"og:locale\" content=\"tr_TR\" \/>\n<meta property=\"og:type\" content=\"article\" \/>\n<meta property=\"og:title\" content=\"YILANCIK TA\u015eI B\u0130LEKL\u0130K - Astrolog Elvan\" \/>\n<meta property=\"og:description\" content=\"Y\u0131lanc\u0131k ta\u015f\u0131n\u0131n orijinal hali ovalimsi bir yap\u0131ya sahiptir. Mavi, kahverengi, sar\u0131 ve beyaz renklerinin karmas\u0131ndan olu\u015fur. Bu ta\u015flar\u0131n alt k\u0131s\u0131mlar\u0131 tamamen beyaz olmakla birlikte salyangoza benzetilen \u015fekilleri de bulunur.\u00a0Bu ta\u015f\u0131n strese \u00e7ok iyi geldi\u011fi g\u00f6r\u00fclebilir. Mide hastal\u0131klar\u0131ndan v\u00fccut a\u011fr\u0131lar\u0131na kadar etki etti\u011fi bilinir. Hem bedene hem de ruha iyi gelen bu ta\u015flar Orta Do\u011fu \u00fclkelerinde nazardan ve b\u00fcy\u00fcden korunmak i\u00e7in de kullan\u0131l\u0131rlar.  Anadolu\u2019da yayg\u0131n olan bir inan\u0131\u015fa g\u00f6re \u00f6zellikle a\u011fr\u0131yan b\u00f6lgeye koyuldu\u011funda a\u011fr\u0131y\u0131 ald\u0131\u011f\u0131 s\u00f6ylenir. Bereket i\u00e7in de kullan\u0131lan Y\u0131lanc\u0131k ta\u015f\u0131n\u0131 c\u00fczdan\u0131n\u0131zda da ta\u015f\u0131yabilirsiniz.  Not: Y\u0131lanc\u0131k ta\u015f\u0131 farkl\u0131 boyutlarda bulunmaktad\u0131r. Ak\u0131\u015fa g\u00f6re sizlere hangi boyutta Y\u0131lanc\u0131k Ta\u015f\u0131 geldiyse kabul ediniz.\u00a0\" \/>\n<meta property=\"og:url\" content=\"https:\/\/astrologelvan.com\/magaza\/urun\/yilancik-tasi-bileklik\/\" \/>\n<meta property=\"og:site_name\" content=\"Astrolog Elvan\" \/>\n<meta property=\"article:modified_time\" content=\"2026-03-11T08:46:33+00:00\" \/>\n<meta property=\"og:image\" content=\"https:\/\/astrologelvan.com\/magaza\/wp-content\/uploads\/2024\/10\/yilan-scaled.jpg\" \/>\n\t<meta property=\"og:image:width\" content=\"1920\" \/>\n\t<meta property=\"og:image:height\" content=\"2560\" \/>\n\t<meta property=\"og:image:type\" content=\"image\/jpeg\" \/>\n<meta name=\"twitter:card\" content=\"summary_large_image\" \/>\n<meta name=\"twitter:label1\" content=\"Tahmini okuma s\u00fcresi\" \/>\n\t<meta name=\"twitter:data1\" content=\"1 dakika\" \/>\n<script type=\"application\/ld+json\" class=\"yoast-schema-graph\">{\"@context\":\"https:\/\/schema.org\",\"@graph\":[{\"@type\":[\"WebPage\",\"ItemPage\"],\"@id\":\"https:\/\/astrologelvan.com\/magaza\/urun\/yilancik-tasi-bileklik\/\",\"url\":\"https:\/\/astrologelvan.com\/magaza\/urun\/yilancik-tasi-bileklik\/\",\"name\":\"YILANCIK TA\u015eI B\u0130LEKL\u0130K - Astrolog Elvan\",\"isPartOf\":{\"@id\":\"https:\/\/astrologelvan.com\/magaza\/#website\"},\"primaryImageOfPage\":{\"@id\":\"https:\/\/astrologelvan.com\/magaza\/urun\/yilancik-tasi-bileklik\/#primaryimage\"},\"image\":{\"@id\":\"https:\/\/astrologelvan.com\/magaza\/urun\/yilancik-tasi-bileklik\/#primaryimage\"},\"thumbnailUrl\":\"https:\/\/astrologelvan.com\/magaza\/wp-content\/uploads\/2024\/10\/yilan-scaled.jpg\",\"datePublished\":\"2024-10-22T08:41:16+00:00\",\"dateModified\":\"2026-03-11T08:46:33+00:00\",\"breadcrumb\":{\"@id\":\"https:\/\/astrologelvan.com\/magaza\/urun\/yilancik-tasi-bileklik\/#breadcrumb\"},\"inLanguage\":\"tr\",\"potentialAction\":[{\"@type\":\"ReadAction\",\"target\":[\"https:\/\/astrologelvan.com\/magaza\/urun\/yilancik-tasi-bileklik\/\"]}]},{\"@type\":\"ImageObject\",\"inLanguage\":\"tr\",\"@id\":\"https:\/\/astrologelvan.com\/magaza\/urun\/yilancik-tasi-bileklik\/#primaryimage\",\"url\":\"https:\/\/astrologelvan.com\/magaza\/wp-content\/uploads\/2024\/10\/yilan-scaled.jpg\",\"contentUrl\":\"https:\/\/astrologelvan.com\/magaza\/wp-content\/uploads\/2024\/10\/yilan-scaled.jpg\",\"width\":1920,\"height\":2560},{\"@type\":\"BreadcrumbList\",\"@id\":\"https:\/\/astrologelvan.com\/magaza\/urun\/yilancik-tasi-bileklik\/#breadcrumb\",\"itemListElement\":[{\"@type\":\"ListItem\",\"position\":1,\"name\":\"Anasayfa\",\"item\":\"https:\/\/astrologelvan.com\/magaza\/\"},{\"@type\":\"ListItem\",\"position\":2,\"name\":\"Ma\u011faza\",\"item\":\"https:\/\/astrologelvan.com\/magaza\/magaza\/\"},{\"@type\":\"ListItem\",\"position\":3,\"name\":\"YILANCIK TA\u015eI B\u0130LEKL\u0130K\"}]},{\"@type\":\"WebSite\",\"@id\":\"https:\/\/astrologelvan.com\/magaza\/#website\",\"url\":\"https:\/\/astrologelvan.com\/magaza\/\",\"name\":\"Astrolog Elvan\",\"description\":\"\",\"potentialAction\":[{\"@type\":\"SearchAction\",\"target\":{\"@type\":\"EntryPoint\",\"urlTemplate\":\"https:\/\/astrologelvan.com\/magaza\/?s={search_term_string}\"},\"query-input\":{\"@type\":\"PropertyValueSpecification\",\"valueRequired\":true,\"valueName\":\"search_term_string\"}}],\"inLanguage\":\"tr\"}]}<\/script>\n<!-- \/ Yoast SEO plugin. -->","yoast_head_json":{"title":"YILANCIK TA\u015eI B\u0130LEKL\u0130K - Astrolog Elvan","robots":{"index":"index","follow":"follow","max-snippet":"max-snippet:-1","max-image-preview":"max-image-preview:large","max-video-preview":"max-video-preview:-1"},"canonical":"https:\/\/astrologelvan.com\/magaza\/urun\/yilancik-tasi-bileklik\/","og_locale":"tr_TR","og_type":"article","og_title":"YILANCIK TA\u015eI B\u0130LEKL\u0130K - Astrolog Elvan","og_description":"Y\u0131lanc\u0131k ta\u015f\u0131n\u0131n orijinal hali ovalimsi bir yap\u0131ya sahiptir. Mavi, kahverengi, sar\u0131 ve beyaz renklerinin karmas\u0131ndan olu\u015fur. Bu ta\u015flar\u0131n alt k\u0131s\u0131mlar\u0131 tamamen beyaz olmakla birlikte salyangoza benzetilen \u015fekilleri de bulunur.\u00a0Bu ta\u015f\u0131n strese \u00e7ok iyi geldi\u011fi g\u00f6r\u00fclebilir. Mide hastal\u0131klar\u0131ndan v\u00fccut a\u011fr\u0131lar\u0131na kadar etki etti\u011fi bilinir. Hem bedene hem de ruha iyi gelen bu ta\u015flar Orta Do\u011fu \u00fclkelerinde nazardan ve b\u00fcy\u00fcden korunmak i\u00e7in de kullan\u0131l\u0131rlar.  Anadolu\u2019da yayg\u0131n olan bir inan\u0131\u015fa g\u00f6re \u00f6zellikle a\u011fr\u0131yan b\u00f6lgeye koyuldu\u011funda a\u011fr\u0131y\u0131 ald\u0131\u011f\u0131 s\u00f6ylenir. Bereket i\u00e7in de kullan\u0131lan Y\u0131lanc\u0131k ta\u015f\u0131n\u0131 c\u00fczdan\u0131n\u0131zda da ta\u015f\u0131yabilirsiniz.  Not: Y\u0131lanc\u0131k ta\u015f\u0131 farkl\u0131 boyutlarda bulunmaktad\u0131r. Ak\u0131\u015fa g\u00f6re sizlere hangi boyutta Y\u0131lanc\u0131k Ta\u015f\u0131 geldiyse kabul ediniz.\u00a0","og_url":"https:\/\/astrologelvan.com\/magaza\/urun\/yilancik-tasi-bileklik\/","og_site_name":"Astrolog Elvan","article_modified_time":"2026-03-11T08:46:33+00:00","og_image":[{"width":1920,"height":2560,"url":"https:\/\/astrologelvan.com\/magaza\/wp-content\/uploads\/2024\/10\/yilan-scaled.jpg","type":"image\/jpeg"}],"twitter_card":"summary_large_image","twitter_misc":{"Tahmini okuma s\u00fcresi":"1 dakika"},"schema":{"@context":"https:\/\/schema.org","@graph":[{"@type":["WebPage","ItemPage"],"@id":"https:\/\/astrologelvan.com\/magaza\/urun\/yilancik-tasi-bileklik\/","url":"https:\/\/astrologelvan.com\/magaza\/urun\/yilancik-tasi-bileklik\/","name":"YILANCIK TA\u015eI B\u0130LEKL\u0130K - Astrolog Elvan","isPartOf":{"@id":"https:\/\/astrologelvan.com\/magaza\/#website"},"primaryImageOfPage":{"@id":"https:\/\/astrologelvan.com\/magaza\/urun\/yilancik-tasi-bileklik\/#primaryimage"},"image":{"@id":"https:\/\/astrologelvan.com\/magaza\/urun\/yilancik-tasi-bileklik\/#primaryimage"},"thumbnailUrl":"https:\/\/astrologelvan.com\/magaza\/wp-content\/uploads\/2024\/10\/yilan-scaled.jpg","datePublished":"2024-10-22T08:41:16+00:00","dateModified":"2026-03-11T08:46:33+00:00","breadcrumb":{"@id":"https:\/\/astrologelvan.com\/magaza\/urun\/yilancik-tasi-bileklik\/#breadcrumb"},"inLanguage":"tr","potentialAction":[{"@type":"ReadAction","target":["https:\/\/astrologelvan.com\/magaza\/urun\/yilancik-tasi-bileklik\/"]}]},{"@type":"ImageObject","inLanguage":"tr","@id":"https:\/\/astrologelvan.com\/magaza\/urun\/yilancik-tasi-bileklik\/#primaryimage","url":"https:\/\/astrologelvan.com\/magaza\/wp-content\/uploads\/2024\/10\/yilan-scaled.jpg","contentUrl":"https:\/\/astrologelvan.com\/magaza\/wp-content\/uploads\/2024\/10\/yilan-scaled.jpg","width":1920,"height":2560},{"@type":"BreadcrumbList","@id":"https:\/\/astrologelvan.com\/magaza\/urun\/yilancik-tasi-bileklik\/#breadcrumb","itemListElement":[{"@type":"ListItem","position":1,"name":"Anasayfa","item":"https:\/\/astrologelvan.com\/magaza\/"},{"@type":"ListItem","position":2,"name":"Ma\u011faza","item":"https:\/\/astrologelvan.com\/magaza\/magaza\/"},{"@type":"ListItem","position":3,"name":"YILANCIK TA\u015eI B\u0130LEKL\u0130K"}]},{"@type":"WebSite","@id":"https:\/\/astrologelvan.com\/magaza\/#website","url":"https:\/\/astrologelvan.com\/magaza\/","name":"Astrolog Elvan","description":"","potentialAction":[{"@type":"SearchAction","target":{"@type":"EntryPoint","urlTemplate":"https:\/\/astrologelvan.com\/magaza\/?s={search_term_string}"},"query-input":{"@type":"PropertyValueSpecification","valueRequired":true,"valueName":"search_term_string"}}],"inLanguage":"tr"}]}},"_links":{"self":[{"href":"https:\/\/astrologelvan.com\/magaza\/wp-json\/wp\/v2\/product\/17371","targetHints":{"allow":["GET"]}}],"collection":[{"href":"https:\/\/astrologelvan.com\/magaza\/wp-json\/wp\/v2\/product"}],"about":[{"href":"https:\/\/astrologelvan.com\/magaza\/wp-json\/wp\/v2\/types\/product"}],"replies":[{"embeddable":true,"href":"https:\/\/astrologelvan.com\/magaza\/wp-json\/wp\/v2\/comments?post=17371"}],"wp:featuredmedia":[{"embeddable":true,"href":"https:\/\/astrologelvan.com\/magaza\/wp-json\/wp\/v2\/media\/17372"}],"wp:attachment":[{"href":"https:\/\/astrologelvan.com\/magaza\/wp-json\/wp\/v2\/media?parent=17371"}],"wp:term":[{"taxonomy":"product_brand","embeddable":true,"href":"https:\/\/astrologelvan.com\/magaza\/wp-json\/wp\/v2\/product_brand?post=17371"},{"taxonomy":"product_cat","embeddable":true,"href":"https:\/\/astrologelvan.com\/magaza\/wp-json\/wp\/v2\/product_cat?post=17371"},{"taxonomy":"product_tag","embeddable":true,"href":"https:\/\/astrologelvan.com\/magaza\/wp-json\/wp\/v2\/product_tag?post=17371"}],"curies":[{"name":"wp","href":"https:\/\/api.w.org\/{rel}","templated":true}]}}