{"id":17341,"date":"2024-10-21T15:16:07","date_gmt":"2024-10-21T12:16:07","guid":{"rendered":"https:\/\/astrologelvan.com\/magaza\/?post_type=product&#038;p=17341"},"modified":"2026-03-06T22:22:36","modified_gmt":"2026-03-06T19:22:36","slug":"akik-kolye-2","status":"publish","type":"product","link":"https:\/\/astrologelvan.com\/magaza\/urun\/akik-kolye-2\/","title":{"rendered":"DO\u011eAL FORM AK\u0130K KOLYE"},"content":{"rendered":"<p>2,4 Gram<\/p>\n<p>925 Ayar G\u00fcm\u00fc\u015f<\/p>\n","protected":false},"excerpt":{"rendered":"<p>\u00c7ok k\u0131ymetli ve de\u011ferli bir ta\u015f; Akik. Hz.Muhammed (s.a.v)\u2019in de m\u00fch\u00fcr olarak bir akik y\u00fcz\u00fck ta\u015f\u0131d\u0131\u011f\u0131 rivayet edilir. Akik ta\u015f\u0131n\u0131n en bilinen faydas\u0131 \u00a0ki\u015fiyi ruhsal a\u00e7\u0131dan korur. Nazar, b\u00fcy\u00fc, negatif enerjiye kar\u015f\u0131 kalkan g\u00f6revini g\u00f6r\u00fcr. \u00c7ok g\u00fc\u00e7l\u00fc bir enerjisi vard\u0131r. Ayr\u0131ca yeni bir i\u015fe ba\u015flayacaklar, bereket i\u00e7in akik ta\u015f\u0131n\u0131 mutlaka \u00fczerinde bulundurmal\u0131d\u0131r.<\/p>\n<p>&nbsp;<\/p>\n","protected":false},"featured_media":17344,"comment_status":"open","ping_status":"closed","template":"","meta":[],"product_brand":[],"product_cat":[26],"product_tag":[],"class_list":{"0":"post-17341","1":"product","2":"type-product","3":"status-publish","4":"has-post-thumbnail","6":"product_cat-genel","8":"first","9":"instock","10":"taxable","11":"shipping-taxable","12":"purchasable","13":"product-type-variable"},"yoast_head":"<!-- This site is optimized with the Yoast SEO plugin v27.3 - https:\/\/yoast.com\/product\/yoast-seo-wordpress\/ -->\n<title>DO\u011eAL FORM AK\u0130K KOLYE - Astrolog Elvan<\/title>\n<meta name=\"robots\" content=\"index, follow, max-snippet:-1, max-image-preview:large, max-video-preview:-1\" \/>\n<link rel=\"canonical\" href=\"https:\/\/astrologelvan.com\/magaza\/urun\/akik-kolye-2\/\" \/>\n<meta property=\"og:locale\" content=\"tr_TR\" \/>\n<meta property=\"og:type\" content=\"article\" \/>\n<meta property=\"og:title\" content=\"DO\u011eAL FORM AK\u0130K KOLYE - Astrolog Elvan\" \/>\n<meta property=\"og:description\" content=\"\u00c7ok k\u0131ymetli ve de\u011ferli bir ta\u015f; Akik. Hz.Muhammed (s.a.v)\u2019in de m\u00fch\u00fcr olarak bir akik y\u00fcz\u00fck ta\u015f\u0131d\u0131\u011f\u0131 rivayet edilir. Akik ta\u015f\u0131n\u0131n en bilinen faydas\u0131 \u00a0ki\u015fiyi ruhsal a\u00e7\u0131dan korur. Nazar, b\u00fcy\u00fc, negatif enerjiye kar\u015f\u0131 kalkan g\u00f6revini g\u00f6r\u00fcr. \u00c7ok g\u00fc\u00e7l\u00fc bir enerjisi vard\u0131r. Ayr\u0131ca yeni bir i\u015fe ba\u015flayacaklar, bereket i\u00e7in akik ta\u015f\u0131n\u0131 mutlaka \u00fczerinde bulundurmal\u0131d\u0131r.  &nbsp;\" \/>\n<meta property=\"og:url\" content=\"https:\/\/astrologelvan.com\/magaza\/urun\/akik-kolye-2\/\" \/>\n<meta property=\"og:site_name\" content=\"Astrolog Elvan\" \/>\n<meta property=\"article:modified_time\" content=\"2026-03-06T19:22:36+00:00\" \/>\n<meta property=\"og:image\" content=\"https:\/\/astrologelvan.com\/magaza\/wp-content\/uploads\/2024\/10\/akik-kolye-scaled.jpg\" \/>\n\t<meta property=\"og:image:width\" content=\"1920\" \/>\n\t<meta property=\"og:image:height\" content=\"2560\" \/>\n\t<meta property=\"og:image:type\" content=\"image\/jpeg\" \/>\n<meta name=\"twitter:card\" content=\"summary_large_image\" \/>\n<meta name=\"twitter:label1\" content=\"Tahmini okuma s\u00fcresi\" \/>\n\t<meta name=\"twitter:data1\" content=\"1 dakika\" \/>\n<script type=\"application\/ld+json\" class=\"yoast-schema-graph\">{\"@context\":\"https:\\\/\\\/schema.org\",\"@graph\":[{\"@type\":[\"WebPage\",\"ItemPage\"],\"@id\":\"https:\\\/\\\/astrologelvan.com\\\/magaza\\\/urun\\\/akik-kolye-2\\\/\",\"url\":\"https:\\\/\\\/astrologelvan.com\\\/magaza\\\/urun\\\/akik-kolye-2\\\/\",\"name\":\"DO\u011eAL FORM AK\u0130K KOLYE - Astrolog Elvan\",\"isPartOf\":{\"@id\":\"https:\\\/\\\/astrologelvan.com\\\/magaza\\\/#website\"},\"primaryImageOfPage\":{\"@id\":\"https:\\\/\\\/astrologelvan.com\\\/magaza\\\/urun\\\/akik-kolye-2\\\/#primaryimage\"},\"image\":{\"@id\":\"https:\\\/\\\/astrologelvan.com\\\/magaza\\\/urun\\\/akik-kolye-2\\\/#primaryimage\"},\"thumbnailUrl\":\"https:\\\/\\\/astrologelvan.com\\\/magaza\\\/wp-content\\\/uploads\\\/2024\\\/10\\\/akik-kolye-scaled.jpg\",\"datePublished\":\"2024-10-21T12:16:07+00:00\",\"dateModified\":\"2026-03-06T19:22:36+00:00\",\"breadcrumb\":{\"@id\":\"https:\\\/\\\/astrologelvan.com\\\/magaza\\\/urun\\\/akik-kolye-2\\\/#breadcrumb\"},\"inLanguage\":\"tr\",\"potentialAction\":[{\"@type\":\"ReadAction\",\"target\":[\"https:\\\/\\\/astrologelvan.com\\\/magaza\\\/urun\\\/akik-kolye-2\\\/\"]}]},{\"@type\":\"ImageObject\",\"inLanguage\":\"tr\",\"@id\":\"https:\\\/\\\/astrologelvan.com\\\/magaza\\\/urun\\\/akik-kolye-2\\\/#primaryimage\",\"url\":\"https:\\\/\\\/astrologelvan.com\\\/magaza\\\/wp-content\\\/uploads\\\/2024\\\/10\\\/akik-kolye-scaled.jpg\",\"contentUrl\":\"https:\\\/\\\/astrologelvan.com\\\/magaza\\\/wp-content\\\/uploads\\\/2024\\\/10\\\/akik-kolye-scaled.jpg\",\"width\":1920,\"height\":2560},{\"@type\":\"BreadcrumbList\",\"@id\":\"https:\\\/\\\/astrologelvan.com\\\/magaza\\\/urun\\\/akik-kolye-2\\\/#breadcrumb\",\"itemListElement\":[{\"@type\":\"ListItem\",\"position\":1,\"name\":\"Anasayfa\",\"item\":\"https:\\\/\\\/astrologelvan.com\\\/magaza\\\/\"},{\"@type\":\"ListItem\",\"position\":2,\"name\":\"Ma\u011faza\",\"item\":\"https:\\\/\\\/astrologelvan.com\\\/magaza\\\/magaza\\\/\"},{\"@type\":\"ListItem\",\"position\":3,\"name\":\"DO\u011eAL FORM AK\u0130K KOLYE\"}]},{\"@type\":\"WebSite\",\"@id\":\"https:\\\/\\\/astrologelvan.com\\\/magaza\\\/#website\",\"url\":\"https:\\\/\\\/astrologelvan.com\\\/magaza\\\/\",\"name\":\"Astrolog Elvan\",\"description\":\"\",\"potentialAction\":[{\"@type\":\"SearchAction\",\"target\":{\"@type\":\"EntryPoint\",\"urlTemplate\":\"https:\\\/\\\/astrologelvan.com\\\/magaza\\\/?s={search_term_string}\"},\"query-input\":{\"@type\":\"PropertyValueSpecification\",\"valueRequired\":true,\"valueName\":\"search_term_string\"}}],\"inLanguage\":\"tr\"}]}<\/script>\n<!-- \/ Yoast SEO plugin. -->","yoast_head_json":{"title":"DO\u011eAL FORM AK\u0130K KOLYE - Astrolog Elvan","robots":{"index":"index","follow":"follow","max-snippet":"max-snippet:-1","max-image-preview":"max-image-preview:large","max-video-preview":"max-video-preview:-1"},"canonical":"https:\/\/astrologelvan.com\/magaza\/urun\/akik-kolye-2\/","og_locale":"tr_TR","og_type":"article","og_title":"DO\u011eAL FORM AK\u0130K KOLYE - Astrolog Elvan","og_description":"\u00c7ok k\u0131ymetli ve de\u011ferli bir ta\u015f; Akik. Hz.Muhammed (s.a.v)\u2019in de m\u00fch\u00fcr olarak bir akik y\u00fcz\u00fck ta\u015f\u0131d\u0131\u011f\u0131 rivayet edilir. Akik ta\u015f\u0131n\u0131n en bilinen faydas\u0131 \u00a0ki\u015fiyi ruhsal a\u00e7\u0131dan korur. Nazar, b\u00fcy\u00fc, negatif enerjiye kar\u015f\u0131 kalkan g\u00f6revini g\u00f6r\u00fcr. \u00c7ok g\u00fc\u00e7l\u00fc bir enerjisi vard\u0131r. Ayr\u0131ca yeni bir i\u015fe ba\u015flayacaklar, bereket i\u00e7in akik ta\u015f\u0131n\u0131 mutlaka \u00fczerinde bulundurmal\u0131d\u0131r.  &nbsp;","og_url":"https:\/\/astrologelvan.com\/magaza\/urun\/akik-kolye-2\/","og_site_name":"Astrolog Elvan","article_modified_time":"2026-03-06T19:22:36+00:00","og_image":[{"width":1920,"height":2560,"url":"https:\/\/astrologelvan.com\/magaza\/wp-content\/uploads\/2024\/10\/akik-kolye-scaled.jpg","type":"image\/jpeg"}],"twitter_card":"summary_large_image","twitter_misc":{"Tahmini okuma s\u00fcresi":"1 dakika"},"schema":{"@context":"https:\/\/schema.org","@graph":[{"@type":["WebPage","ItemPage"],"@id":"https:\/\/astrologelvan.com\/magaza\/urun\/akik-kolye-2\/","url":"https:\/\/astrologelvan.com\/magaza\/urun\/akik-kolye-2\/","name":"DO\u011eAL FORM AK\u0130K KOLYE - Astrolog Elvan","isPartOf":{"@id":"https:\/\/astrologelvan.com\/magaza\/#website"},"primaryImageOfPage":{"@id":"https:\/\/astrologelvan.com\/magaza\/urun\/akik-kolye-2\/#primaryimage"},"image":{"@id":"https:\/\/astrologelvan.com\/magaza\/urun\/akik-kolye-2\/#primaryimage"},"thumbnailUrl":"https:\/\/astrologelvan.com\/magaza\/wp-content\/uploads\/2024\/10\/akik-kolye-scaled.jpg","datePublished":"2024-10-21T12:16:07+00:00","dateModified":"2026-03-06T19:22:36+00:00","breadcrumb":{"@id":"https:\/\/astrologelvan.com\/magaza\/urun\/akik-kolye-2\/#breadcrumb"},"inLanguage":"tr","potentialAction":[{"@type":"ReadAction","target":["https:\/\/astrologelvan.com\/magaza\/urun\/akik-kolye-2\/"]}]},{"@type":"ImageObject","inLanguage":"tr","@id":"https:\/\/astrologelvan.com\/magaza\/urun\/akik-kolye-2\/#primaryimage","url":"https:\/\/astrologelvan.com\/magaza\/wp-content\/uploads\/2024\/10\/akik-kolye-scaled.jpg","contentUrl":"https:\/\/astrologelvan.com\/magaza\/wp-content\/uploads\/2024\/10\/akik-kolye-scaled.jpg","width":1920,"height":2560},{"@type":"BreadcrumbList","@id":"https:\/\/astrologelvan.com\/magaza\/urun\/akik-kolye-2\/#breadcrumb","itemListElement":[{"@type":"ListItem","position":1,"name":"Anasayfa","item":"https:\/\/astrologelvan.com\/magaza\/"},{"@type":"ListItem","position":2,"name":"Ma\u011faza","item":"https:\/\/astrologelvan.com\/magaza\/magaza\/"},{"@type":"ListItem","position":3,"name":"DO\u011eAL FORM AK\u0130K KOLYE"}]},{"@type":"WebSite","@id":"https:\/\/astrologelvan.com\/magaza\/#website","url":"https:\/\/astrologelvan.com\/magaza\/","name":"Astrolog Elvan","description":"","potentialAction":[{"@type":"SearchAction","target":{"@type":"EntryPoint","urlTemplate":"https:\/\/astrologelvan.com\/magaza\/?s={search_term_string}"},"query-input":{"@type":"PropertyValueSpecification","valueRequired":true,"valueName":"search_term_string"}}],"inLanguage":"tr"}]}},"_links":{"self":[{"href":"https:\/\/astrologelvan.com\/magaza\/wp-json\/wp\/v2\/product\/17341","targetHints":{"allow":["GET"]}}],"collection":[{"href":"https:\/\/astrologelvan.com\/magaza\/wp-json\/wp\/v2\/product"}],"about":[{"href":"https:\/\/astrologelvan.com\/magaza\/wp-json\/wp\/v2\/types\/product"}],"replies":[{"embeddable":true,"href":"https:\/\/astrologelvan.com\/magaza\/wp-json\/wp\/v2\/comments?post=17341"}],"wp:featuredmedia":[{"embeddable":true,"href":"https:\/\/astrologelvan.com\/magaza\/wp-json\/wp\/v2\/media\/17344"}],"wp:attachment":[{"href":"https:\/\/astrologelvan.com\/magaza\/wp-json\/wp\/v2\/media?parent=17341"}],"wp:term":[{"taxonomy":"product_brand","embeddable":true,"href":"https:\/\/astrologelvan.com\/magaza\/wp-json\/wp\/v2\/product_brand?post=17341"},{"taxonomy":"product_cat","embeddable":true,"href":"https:\/\/astrologelvan.com\/magaza\/wp-json\/wp\/v2\/product_cat?post=17341"},{"taxonomy":"product_tag","embeddable":true,"href":"https:\/\/astrologelvan.com\/magaza\/wp-json\/wp\/v2\/product_tag?post=17341"}],"curies":[{"name":"wp","href":"https:\/\/api.w.org\/{rel}","templated":true}]}}