{"id":17212,"date":"2024-10-17T12:52:27","date_gmt":"2024-10-17T09:52:27","guid":{"rendered":"https:\/\/astrologelvan.com\/magaza\/?post_type=product&#038;p=17212"},"modified":"2025-10-18T11:07:31","modified_gmt":"2025-10-18T08:07:31","slug":"kyanit-kayac","status":"publish","type":"product","link":"https:\/\/astrologelvan.com\/magaza\/urun\/kyanit-kayac\/","title":{"rendered":"KYAN\u0130T KAYA\u00c7"},"content":{"rendered":"","protected":false},"excerpt":{"rendered":"<p>Kyanit ta\u015f\u0131, negatif etkileri ve varl\u0131klar\u0131 alan\u0131n\u0131za gelmeden kayna\u011f\u0131na g\u00f6nderir ve negatif enerjiyi pozitife \u00e7evirir. Ba\u015fucunuza koyarak uyudu\u011funuzda rahatlama hissi verir ve uykuya kolay dalman\u0131z konusunda destekler.<\/p>\n","protected":false},"featured_media":17285,"comment_status":"open","ping_status":"closed","template":"","meta":[],"product_brand":[],"product_cat":[26],"product_tag":[40,545,544,546],"class_list":{"0":"post-17212","1":"product","2":"type-product","3":"status-publish","4":"has-post-thumbnail","6":"product_cat-genel","7":"product_tag-dogal-tas","8":"product_tag-kayac","9":"product_tag-kyanit","10":"product_tag-tas","12":"first","13":"outofstock","14":"taxable","15":"shipping-taxable","16":"purchasable","17":"product-type-simple"},"yoast_head":"<!-- This site is optimized with the Yoast SEO plugin v27.3 - https:\/\/yoast.com\/product\/yoast-seo-wordpress\/ -->\n<title>KYAN\u0130T KAYA\u00c7 - Astrolog Elvan<\/title>\n<meta name=\"robots\" content=\"index, follow, max-snippet:-1, max-image-preview:large, max-video-preview:-1\" \/>\n<link rel=\"canonical\" href=\"https:\/\/astrologelvan.com\/magaza\/urun\/kyanit-kayac\/\" \/>\n<meta property=\"og:locale\" content=\"tr_TR\" \/>\n<meta property=\"og:type\" content=\"article\" \/>\n<meta property=\"og:title\" content=\"KYAN\u0130T KAYA\u00c7 - Astrolog Elvan\" \/>\n<meta property=\"og:description\" content=\"Kyanit ta\u015f\u0131, negatif etkileri ve varl\u0131klar\u0131 alan\u0131n\u0131za gelmeden kayna\u011f\u0131na g\u00f6nderir ve negatif enerjiyi pozitife \u00e7evirir. Ba\u015fucunuza koyarak uyudu\u011funuzda rahatlama hissi verir ve uykuya kolay dalman\u0131z konusunda destekler.\" \/>\n<meta property=\"og:url\" content=\"https:\/\/astrologelvan.com\/magaza\/urun\/kyanit-kayac\/\" \/>\n<meta property=\"og:site_name\" content=\"Astrolog Elvan\" \/>\n<meta property=\"article:modified_time\" content=\"2025-10-18T08:07:31+00:00\" \/>\n<meta property=\"og:image\" content=\"https:\/\/astrologelvan.com\/magaza\/wp-content\/uploads\/2024\/10\/IMG_6184-scaled-1.webp\" \/>\n\t<meta property=\"og:image:width\" content=\"1440\" \/>\n\t<meta property=\"og:image:height\" content=\"1920\" \/>\n\t<meta property=\"og:image:type\" content=\"image\/webp\" \/>\n<meta name=\"twitter:card\" content=\"summary_large_image\" \/>\n<meta name=\"twitter:label1\" content=\"Tahmini okuma s\u00fcresi\" \/>\n\t<meta name=\"twitter:data1\" content=\"1 dakika\" \/>\n<script type=\"application\/ld+json\" class=\"yoast-schema-graph\">{\"@context\":\"https:\\\/\\\/schema.org\",\"@graph\":[{\"@type\":[\"WebPage\",\"ItemPage\"],\"@id\":\"https:\\\/\\\/astrologelvan.com\\\/magaza\\\/urun\\\/kyanit-kayac\\\/\",\"url\":\"https:\\\/\\\/astrologelvan.com\\\/magaza\\\/urun\\\/kyanit-kayac\\\/\",\"name\":\"KYAN\u0130T KAYA\u00c7 - Astrolog Elvan\",\"isPartOf\":{\"@id\":\"https:\\\/\\\/astrologelvan.com\\\/magaza\\\/#website\"},\"primaryImageOfPage\":{\"@id\":\"https:\\\/\\\/astrologelvan.com\\\/magaza\\\/urun\\\/kyanit-kayac\\\/#primaryimage\"},\"image\":{\"@id\":\"https:\\\/\\\/astrologelvan.com\\\/magaza\\\/urun\\\/kyanit-kayac\\\/#primaryimage\"},\"thumbnailUrl\":\"https:\\\/\\\/astrologelvan.com\\\/magaza\\\/wp-content\\\/uploads\\\/2024\\\/10\\\/IMG_6184-scaled-1.webp\",\"datePublished\":\"2024-10-17T09:52:27+00:00\",\"dateModified\":\"2025-10-18T08:07:31+00:00\",\"breadcrumb\":{\"@id\":\"https:\\\/\\\/astrologelvan.com\\\/magaza\\\/urun\\\/kyanit-kayac\\\/#breadcrumb\"},\"inLanguage\":\"tr\",\"potentialAction\":[{\"@type\":\"ReadAction\",\"target\":[\"https:\\\/\\\/astrologelvan.com\\\/magaza\\\/urun\\\/kyanit-kayac\\\/\"]}]},{\"@type\":\"ImageObject\",\"inLanguage\":\"tr\",\"@id\":\"https:\\\/\\\/astrologelvan.com\\\/magaza\\\/urun\\\/kyanit-kayac\\\/#primaryimage\",\"url\":\"https:\\\/\\\/astrologelvan.com\\\/magaza\\\/wp-content\\\/uploads\\\/2024\\\/10\\\/IMG_6184-scaled-1.webp\",\"contentUrl\":\"https:\\\/\\\/astrologelvan.com\\\/magaza\\\/wp-content\\\/uploads\\\/2024\\\/10\\\/IMG_6184-scaled-1.webp\",\"width\":1440,\"height\":1920},{\"@type\":\"BreadcrumbList\",\"@id\":\"https:\\\/\\\/astrologelvan.com\\\/magaza\\\/urun\\\/kyanit-kayac\\\/#breadcrumb\",\"itemListElement\":[{\"@type\":\"ListItem\",\"position\":1,\"name\":\"Anasayfa\",\"item\":\"https:\\\/\\\/astrologelvan.com\\\/magaza\\\/\"},{\"@type\":\"ListItem\",\"position\":2,\"name\":\"Ma\u011faza\",\"item\":\"https:\\\/\\\/astrologelvan.com\\\/magaza\\\/magaza\\\/\"},{\"@type\":\"ListItem\",\"position\":3,\"name\":\"KYAN\u0130T KAYA\u00c7\"}]},{\"@type\":\"WebSite\",\"@id\":\"https:\\\/\\\/astrologelvan.com\\\/magaza\\\/#website\",\"url\":\"https:\\\/\\\/astrologelvan.com\\\/magaza\\\/\",\"name\":\"Astrolog Elvan\",\"description\":\"\",\"potentialAction\":[{\"@type\":\"SearchAction\",\"target\":{\"@type\":\"EntryPoint\",\"urlTemplate\":\"https:\\\/\\\/astrologelvan.com\\\/magaza\\\/?s={search_term_string}\"},\"query-input\":{\"@type\":\"PropertyValueSpecification\",\"valueRequired\":true,\"valueName\":\"search_term_string\"}}],\"inLanguage\":\"tr\"}]}<\/script>\n<!-- \/ Yoast SEO plugin. -->","yoast_head_json":{"title":"KYAN\u0130T KAYA\u00c7 - Astrolog Elvan","robots":{"index":"index","follow":"follow","max-snippet":"max-snippet:-1","max-image-preview":"max-image-preview:large","max-video-preview":"max-video-preview:-1"},"canonical":"https:\/\/astrologelvan.com\/magaza\/urun\/kyanit-kayac\/","og_locale":"tr_TR","og_type":"article","og_title":"KYAN\u0130T KAYA\u00c7 - Astrolog Elvan","og_description":"Kyanit ta\u015f\u0131, negatif etkileri ve varl\u0131klar\u0131 alan\u0131n\u0131za gelmeden kayna\u011f\u0131na g\u00f6nderir ve negatif enerjiyi pozitife \u00e7evirir. Ba\u015fucunuza koyarak uyudu\u011funuzda rahatlama hissi verir ve uykuya kolay dalman\u0131z konusunda destekler.","og_url":"https:\/\/astrologelvan.com\/magaza\/urun\/kyanit-kayac\/","og_site_name":"Astrolog Elvan","article_modified_time":"2025-10-18T08:07:31+00:00","og_image":[{"width":1440,"height":1920,"url":"https:\/\/astrologelvan.com\/magaza\/wp-content\/uploads\/2024\/10\/IMG_6184-scaled-1.webp","type":"image\/webp"}],"twitter_card":"summary_large_image","twitter_misc":{"Tahmini okuma s\u00fcresi":"1 dakika"},"schema":{"@context":"https:\/\/schema.org","@graph":[{"@type":["WebPage","ItemPage"],"@id":"https:\/\/astrologelvan.com\/magaza\/urun\/kyanit-kayac\/","url":"https:\/\/astrologelvan.com\/magaza\/urun\/kyanit-kayac\/","name":"KYAN\u0130T KAYA\u00c7 - Astrolog Elvan","isPartOf":{"@id":"https:\/\/astrologelvan.com\/magaza\/#website"},"primaryImageOfPage":{"@id":"https:\/\/astrologelvan.com\/magaza\/urun\/kyanit-kayac\/#primaryimage"},"image":{"@id":"https:\/\/astrologelvan.com\/magaza\/urun\/kyanit-kayac\/#primaryimage"},"thumbnailUrl":"https:\/\/astrologelvan.com\/magaza\/wp-content\/uploads\/2024\/10\/IMG_6184-scaled-1.webp","datePublished":"2024-10-17T09:52:27+00:00","dateModified":"2025-10-18T08:07:31+00:00","breadcrumb":{"@id":"https:\/\/astrologelvan.com\/magaza\/urun\/kyanit-kayac\/#breadcrumb"},"inLanguage":"tr","potentialAction":[{"@type":"ReadAction","target":["https:\/\/astrologelvan.com\/magaza\/urun\/kyanit-kayac\/"]}]},{"@type":"ImageObject","inLanguage":"tr","@id":"https:\/\/astrologelvan.com\/magaza\/urun\/kyanit-kayac\/#primaryimage","url":"https:\/\/astrologelvan.com\/magaza\/wp-content\/uploads\/2024\/10\/IMG_6184-scaled-1.webp","contentUrl":"https:\/\/astrologelvan.com\/magaza\/wp-content\/uploads\/2024\/10\/IMG_6184-scaled-1.webp","width":1440,"height":1920},{"@type":"BreadcrumbList","@id":"https:\/\/astrologelvan.com\/magaza\/urun\/kyanit-kayac\/#breadcrumb","itemListElement":[{"@type":"ListItem","position":1,"name":"Anasayfa","item":"https:\/\/astrologelvan.com\/magaza\/"},{"@type":"ListItem","position":2,"name":"Ma\u011faza","item":"https:\/\/astrologelvan.com\/magaza\/magaza\/"},{"@type":"ListItem","position":3,"name":"KYAN\u0130T KAYA\u00c7"}]},{"@type":"WebSite","@id":"https:\/\/astrologelvan.com\/magaza\/#website","url":"https:\/\/astrologelvan.com\/magaza\/","name":"Astrolog Elvan","description":"","potentialAction":[{"@type":"SearchAction","target":{"@type":"EntryPoint","urlTemplate":"https:\/\/astrologelvan.com\/magaza\/?s={search_term_string}"},"query-input":{"@type":"PropertyValueSpecification","valueRequired":true,"valueName":"search_term_string"}}],"inLanguage":"tr"}]}},"_links":{"self":[{"href":"https:\/\/astrologelvan.com\/magaza\/wp-json\/wp\/v2\/product\/17212","targetHints":{"allow":["GET"]}}],"collection":[{"href":"https:\/\/astrologelvan.com\/magaza\/wp-json\/wp\/v2\/product"}],"about":[{"href":"https:\/\/astrologelvan.com\/magaza\/wp-json\/wp\/v2\/types\/product"}],"replies":[{"embeddable":true,"href":"https:\/\/astrologelvan.com\/magaza\/wp-json\/wp\/v2\/comments?post=17212"}],"wp:featuredmedia":[{"embeddable":true,"href":"https:\/\/astrologelvan.com\/magaza\/wp-json\/wp\/v2\/media\/17285"}],"wp:attachment":[{"href":"https:\/\/astrologelvan.com\/magaza\/wp-json\/wp\/v2\/media?parent=17212"}],"wp:term":[{"taxonomy":"product_brand","embeddable":true,"href":"https:\/\/astrologelvan.com\/magaza\/wp-json\/wp\/v2\/product_brand?post=17212"},{"taxonomy":"product_cat","embeddable":true,"href":"https:\/\/astrologelvan.com\/magaza\/wp-json\/wp\/v2\/product_cat?post=17212"},{"taxonomy":"product_tag","embeddable":true,"href":"https:\/\/astrologelvan.com\/magaza\/wp-json\/wp\/v2\/product_tag?post=17212"}],"curies":[{"name":"wp","href":"https:\/\/api.w.org\/{rel}","templated":true}]}}