{"id":171978,"date":"2026-03-17T12:58:13","date_gmt":"2026-03-17T09:58:13","guid":{"rendered":"https:\/\/astrologelvan.com\/magaza\/?post_type=product&#038;p=171978"},"modified":"2026-04-06T20:53:04","modified_gmt":"2026-04-06T17:53:04","slug":"venus-bahcesi-rituel-kiti","status":"publish","type":"product","link":"https:\/\/astrologelvan.com\/magaza\/urun\/venus-bahcesi-rituel-kiti\/","title":{"rendered":"Ven\u00fcs Bah\u00e7esi Rit\u00fcel Kiti"},"content":{"rendered":"","protected":false},"excerpt":{"rendered":"<p>Kalp, Bereket ve Denge Rit\u00fceli<br \/>\nBu \u00f6zel rit\u00fcel kiti; do\u011fan\u0131n en g\u00fc\u00e7l\u00fc \u015fifa ve d\u00f6n\u00fc\u015f\u00fcm elementlerini bir araya getirir.<\/p>\n<p>Niyetinize g\u00f6re \u00fc\u00e7 farkl\u0131 mum gelebilir;<\/p>\n<p>E\u011fer pembe mum gelir ise bu bahar hayalinizdeki a\u015fk\u0131 bu rit\u00fcelle hayat\u0131n\u0131za \u00e7ekme f\u0131rsat\u0131n\u0131z olacak.<\/p>\n<p>Ye\u015fil mum gelir ise bollu\u011fu\u00a0 bereketi\u00a0 ve b\u00fcy\u00fcmeyi hayat\u0131n\u0131za \u00e7ekme f\u0131rsat\u0131n\u0131z olacak.<\/p>\n<p>Mor mum gelir ise ilahi mesajlar\u0131 g\u00f6rme, Yaradan ile hizal\u0131 olma ve her t\u00fcrl\u00fc negatiften korunma , size hizmet etmeyen her \u015feyden ar\u0131nmaya niyet edeceksiniz.<\/p>\n<p>Lavanta zihni sakinle\u015ftirir, i\u00e7 huzuru a\u00e7ar.<br \/>\nAda\u00e7ay\u0131 negatif enerjiyi ar\u0131nd\u0131r\u0131r, alan\u0131 temizler.<br \/>\nTar\u00e7\u0131n bereketi h\u0131zland\u0131r\u0131r, niyetine g\u00fc\u00e7 verir.<br \/>\n\u0130stiridye kabu\u011fu ise di\u015fil enerjiyi, kabul etmeyi ve ak\u0131\u015f\u0131 temsil eder.<br \/>\nT\u00fcm bu elementler bir araya geldi\u011finde;<br \/>\nhayat\u0131nda hem maddi hem duygusal bir a\u00e7\u0131l\u0131m yaratmak i\u00e7in g\u00fc\u00e7l\u00fc bir alan olu\u015fturur.<\/p>\n<p><strong>T\u00fcts\u00fc Kullan\u0131m\u0131:<\/strong><br \/>\n\u00d6nce ada\u00e7ay\u0131 ile bulundu\u011fun alan\u0131 ve kendini ar\u0131nd\u0131r.<br \/>\nLavanta ve tar\u00e7\u0131n\u0131 yakarak nefesine huzuru davet et.<br \/>\n\u0130stiridye kabu\u011funun i\u00e7ine niyetini yerle\u015ftir.,<\/p>\n<p>Mumu yak.<\/p>\n<p>Niyetini hisset ve ak\u0131\u015fa b\u0131rak.<\/p>\n","protected":false},"featured_media":171979,"comment_status":"open","ping_status":"closed","template":"","meta":[],"product_brand":[596],"product_cat":[35],"product_tag":[],"class_list":{"0":"post-171978","1":"product","2":"type-product","3":"status-publish","4":"has-post-thumbnail","6":"product_brand-astrolog-elvan","7":"product_cat-rituel-kitleri","9":"first","10":"instock","11":"taxable","12":"shipping-taxable","13":"purchasable","14":"product-type-simple"},"yoast_head":"<!-- This site is optimized with the Yoast SEO plugin v27.3 - https:\/\/yoast.com\/product\/yoast-seo-wordpress\/ -->\n<title>Ven\u00fcs Bah\u00e7esi Rit\u00fcel Kiti - Astrolog Elvan<\/title>\n<meta name=\"robots\" content=\"index, follow, max-snippet:-1, max-image-preview:large, max-video-preview:-1\" \/>\n<link rel=\"canonical\" href=\"https:\/\/astrologelvan.com\/magaza\/urun\/venus-bahcesi-rituel-kiti\/\" \/>\n<meta property=\"og:locale\" content=\"tr_TR\" \/>\n<meta property=\"og:type\" content=\"article\" \/>\n<meta property=\"og:title\" content=\"Ven\u00fcs Bah\u00e7esi Rit\u00fcel Kiti - Astrolog Elvan\" \/>\n<meta property=\"og:description\" content=\"Kalp, Bereket ve Denge Rit\u00fceli Bu \u00f6zel rit\u00fcel kiti; do\u011fan\u0131n en g\u00fc\u00e7l\u00fc \u015fifa ve d\u00f6n\u00fc\u015f\u00fcm elementlerini bir araya getirir.  Niyetinize g\u00f6re \u00fc\u00e7 farkl\u0131 mum gelebilir;  E\u011fer pembe mum gelir ise bu bahar hayalinizdeki a\u015fk\u0131 bu rit\u00fcelle hayat\u0131n\u0131za \u00e7ekme f\u0131rsat\u0131n\u0131z olacak.  Ye\u015fil mum gelir ise bollu\u011fu\u00a0 bereketi\u00a0 ve b\u00fcy\u00fcmeyi hayat\u0131n\u0131za \u00e7ekme f\u0131rsat\u0131n\u0131z olacak.  Mor mum gelir ise ilahi mesajlar\u0131 g\u00f6rme, Yaradan ile hizal\u0131 olma ve her t\u00fcrl\u00fc negatiften korunma , size hizmet etmeyen her \u015feyden ar\u0131nmaya niyet edeceksiniz.  Lavanta zihni sakinle\u015ftirir, i\u00e7 huzuru a\u00e7ar. Ada\u00e7ay\u0131 negatif enerjiyi ar\u0131nd\u0131r\u0131r, alan\u0131 temizler. Tar\u00e7\u0131n bereketi h\u0131zland\u0131r\u0131r, niyetine g\u00fc\u00e7 verir. \u0130stiridye kabu\u011fu ise di\u015fil enerjiyi, kabul etmeyi ve ak\u0131\u015f\u0131 temsil eder. T\u00fcm bu elementler bir araya geldi\u011finde; hayat\u0131nda hem maddi hem duygusal bir a\u00e7\u0131l\u0131m yaratmak i\u00e7in g\u00fc\u00e7l\u00fc bir alan olu\u015fturur.  T\u00fcts\u00fc Kullan\u0131m\u0131: \u00d6nce ada\u00e7ay\u0131 ile bulundu\u011fun alan\u0131 ve kendini ar\u0131nd\u0131r. Lavanta ve tar\u00e7\u0131n\u0131 yakarak nefesine huzuru davet et. \u0130stiridye kabu\u011funun i\u00e7ine niyetini yerle\u015ftir.,  Mumu yak.  Niyetini hisset ve ak\u0131\u015fa b\u0131rak.\" \/>\n<meta property=\"og:url\" content=\"https:\/\/astrologelvan.com\/magaza\/urun\/venus-bahcesi-rituel-kiti\/\" \/>\n<meta property=\"og:site_name\" content=\"Astrolog Elvan\" \/>\n<meta property=\"article:modified_time\" content=\"2026-04-06T17:53:04+00:00\" \/>\n<meta property=\"og:image\" content=\"https:\/\/astrologelvan.com\/magaza\/wp-content\/uploads\/2026\/03\/rituel.webp\" \/>\n\t<meta property=\"og:image:width\" content=\"1024\" \/>\n\t<meta property=\"og:image:height\" content=\"1536\" \/>\n\t<meta property=\"og:image:type\" content=\"image\/webp\" \/>\n<meta name=\"twitter:card\" content=\"summary_large_image\" \/>\n<meta name=\"twitter:label1\" content=\"Tahmini okuma s\u00fcresi\" \/>\n\t<meta name=\"twitter:data1\" content=\"1 dakika\" \/>\n<script type=\"application\/ld+json\" class=\"yoast-schema-graph\">{\"@context\":\"https:\\\/\\\/schema.org\",\"@graph\":[{\"@type\":[\"WebPage\",\"ItemPage\"],\"@id\":\"https:\\\/\\\/astrologelvan.com\\\/magaza\\\/urun\\\/venus-bahcesi-rituel-kiti\\\/\",\"url\":\"https:\\\/\\\/astrologelvan.com\\\/magaza\\\/urun\\\/venus-bahcesi-rituel-kiti\\\/\",\"name\":\"Ven\u00fcs Bah\u00e7esi Rit\u00fcel Kiti - Astrolog Elvan\",\"isPartOf\":{\"@id\":\"https:\\\/\\\/astrologelvan.com\\\/magaza\\\/#website\"},\"primaryImageOfPage\":{\"@id\":\"https:\\\/\\\/astrologelvan.com\\\/magaza\\\/urun\\\/venus-bahcesi-rituel-kiti\\\/#primaryimage\"},\"image\":{\"@id\":\"https:\\\/\\\/astrologelvan.com\\\/magaza\\\/urun\\\/venus-bahcesi-rituel-kiti\\\/#primaryimage\"},\"thumbnailUrl\":\"https:\\\/\\\/astrologelvan.com\\\/magaza\\\/wp-content\\\/uploads\\\/2026\\\/03\\\/rituel.webp\",\"datePublished\":\"2026-03-17T09:58:13+00:00\",\"dateModified\":\"2026-04-06T17:53:04+00:00\",\"breadcrumb\":{\"@id\":\"https:\\\/\\\/astrologelvan.com\\\/magaza\\\/urun\\\/venus-bahcesi-rituel-kiti\\\/#breadcrumb\"},\"inLanguage\":\"tr\",\"potentialAction\":[{\"@type\":\"ReadAction\",\"target\":[\"https:\\\/\\\/astrologelvan.com\\\/magaza\\\/urun\\\/venus-bahcesi-rituel-kiti\\\/\"]}]},{\"@type\":\"ImageObject\",\"inLanguage\":\"tr\",\"@id\":\"https:\\\/\\\/astrologelvan.com\\\/magaza\\\/urun\\\/venus-bahcesi-rituel-kiti\\\/#primaryimage\",\"url\":\"https:\\\/\\\/astrologelvan.com\\\/magaza\\\/wp-content\\\/uploads\\\/2026\\\/03\\\/rituel.webp\",\"contentUrl\":\"https:\\\/\\\/astrologelvan.com\\\/magaza\\\/wp-content\\\/uploads\\\/2026\\\/03\\\/rituel.webp\",\"width\":1024,\"height\":1536},{\"@type\":\"BreadcrumbList\",\"@id\":\"https:\\\/\\\/astrologelvan.com\\\/magaza\\\/urun\\\/venus-bahcesi-rituel-kiti\\\/#breadcrumb\",\"itemListElement\":[{\"@type\":\"ListItem\",\"position\":1,\"name\":\"Anasayfa\",\"item\":\"https:\\\/\\\/astrologelvan.com\\\/magaza\\\/\"},{\"@type\":\"ListItem\",\"position\":2,\"name\":\"Ma\u011faza\",\"item\":\"https:\\\/\\\/astrologelvan.com\\\/magaza\\\/magaza\\\/\"},{\"@type\":\"ListItem\",\"position\":3,\"name\":\"Ven\u00fcs Bah\u00e7esi Rit\u00fcel Kiti\"}]},{\"@type\":\"WebSite\",\"@id\":\"https:\\\/\\\/astrologelvan.com\\\/magaza\\\/#website\",\"url\":\"https:\\\/\\\/astrologelvan.com\\\/magaza\\\/\",\"name\":\"Astrolog Elvan\",\"description\":\"\",\"potentialAction\":[{\"@type\":\"SearchAction\",\"target\":{\"@type\":\"EntryPoint\",\"urlTemplate\":\"https:\\\/\\\/astrologelvan.com\\\/magaza\\\/?s={search_term_string}\"},\"query-input\":{\"@type\":\"PropertyValueSpecification\",\"valueRequired\":true,\"valueName\":\"search_term_string\"}}],\"inLanguage\":\"tr\"}]}<\/script>\n<!-- \/ Yoast SEO plugin. -->","yoast_head_json":{"title":"Ven\u00fcs Bah\u00e7esi Rit\u00fcel Kiti - Astrolog Elvan","robots":{"index":"index","follow":"follow","max-snippet":"max-snippet:-1","max-image-preview":"max-image-preview:large","max-video-preview":"max-video-preview:-1"},"canonical":"https:\/\/astrologelvan.com\/magaza\/urun\/venus-bahcesi-rituel-kiti\/","og_locale":"tr_TR","og_type":"article","og_title":"Ven\u00fcs Bah\u00e7esi Rit\u00fcel Kiti - Astrolog Elvan","og_description":"Kalp, Bereket ve Denge Rit\u00fceli Bu \u00f6zel rit\u00fcel kiti; do\u011fan\u0131n en g\u00fc\u00e7l\u00fc \u015fifa ve d\u00f6n\u00fc\u015f\u00fcm elementlerini bir araya getirir.  Niyetinize g\u00f6re \u00fc\u00e7 farkl\u0131 mum gelebilir;  E\u011fer pembe mum gelir ise bu bahar hayalinizdeki a\u015fk\u0131 bu rit\u00fcelle hayat\u0131n\u0131za \u00e7ekme f\u0131rsat\u0131n\u0131z olacak.  Ye\u015fil mum gelir ise bollu\u011fu\u00a0 bereketi\u00a0 ve b\u00fcy\u00fcmeyi hayat\u0131n\u0131za \u00e7ekme f\u0131rsat\u0131n\u0131z olacak.  Mor mum gelir ise ilahi mesajlar\u0131 g\u00f6rme, Yaradan ile hizal\u0131 olma ve her t\u00fcrl\u00fc negatiften korunma , size hizmet etmeyen her \u015feyden ar\u0131nmaya niyet edeceksiniz.  Lavanta zihni sakinle\u015ftirir, i\u00e7 huzuru a\u00e7ar. Ada\u00e7ay\u0131 negatif enerjiyi ar\u0131nd\u0131r\u0131r, alan\u0131 temizler. Tar\u00e7\u0131n bereketi h\u0131zland\u0131r\u0131r, niyetine g\u00fc\u00e7 verir. \u0130stiridye kabu\u011fu ise di\u015fil enerjiyi, kabul etmeyi ve ak\u0131\u015f\u0131 temsil eder. T\u00fcm bu elementler bir araya geldi\u011finde; hayat\u0131nda hem maddi hem duygusal bir a\u00e7\u0131l\u0131m yaratmak i\u00e7in g\u00fc\u00e7l\u00fc bir alan olu\u015fturur.  T\u00fcts\u00fc Kullan\u0131m\u0131: \u00d6nce ada\u00e7ay\u0131 ile bulundu\u011fun alan\u0131 ve kendini ar\u0131nd\u0131r. Lavanta ve tar\u00e7\u0131n\u0131 yakarak nefesine huzuru davet et. \u0130stiridye kabu\u011funun i\u00e7ine niyetini yerle\u015ftir.,  Mumu yak.  Niyetini hisset ve ak\u0131\u015fa b\u0131rak.","og_url":"https:\/\/astrologelvan.com\/magaza\/urun\/venus-bahcesi-rituel-kiti\/","og_site_name":"Astrolog Elvan","article_modified_time":"2026-04-06T17:53:04+00:00","og_image":[{"width":1024,"height":1536,"url":"https:\/\/astrologelvan.com\/magaza\/wp-content\/uploads\/2026\/03\/rituel.webp","type":"image\/webp"}],"twitter_card":"summary_large_image","twitter_misc":{"Tahmini okuma s\u00fcresi":"1 dakika"},"schema":{"@context":"https:\/\/schema.org","@graph":[{"@type":["WebPage","ItemPage"],"@id":"https:\/\/astrologelvan.com\/magaza\/urun\/venus-bahcesi-rituel-kiti\/","url":"https:\/\/astrologelvan.com\/magaza\/urun\/venus-bahcesi-rituel-kiti\/","name":"Ven\u00fcs Bah\u00e7esi Rit\u00fcel Kiti - Astrolog Elvan","isPartOf":{"@id":"https:\/\/astrologelvan.com\/magaza\/#website"},"primaryImageOfPage":{"@id":"https:\/\/astrologelvan.com\/magaza\/urun\/venus-bahcesi-rituel-kiti\/#primaryimage"},"image":{"@id":"https:\/\/astrologelvan.com\/magaza\/urun\/venus-bahcesi-rituel-kiti\/#primaryimage"},"thumbnailUrl":"https:\/\/astrologelvan.com\/magaza\/wp-content\/uploads\/2026\/03\/rituel.webp","datePublished":"2026-03-17T09:58:13+00:00","dateModified":"2026-04-06T17:53:04+00:00","breadcrumb":{"@id":"https:\/\/astrologelvan.com\/magaza\/urun\/venus-bahcesi-rituel-kiti\/#breadcrumb"},"inLanguage":"tr","potentialAction":[{"@type":"ReadAction","target":["https:\/\/astrologelvan.com\/magaza\/urun\/venus-bahcesi-rituel-kiti\/"]}]},{"@type":"ImageObject","inLanguage":"tr","@id":"https:\/\/astrologelvan.com\/magaza\/urun\/venus-bahcesi-rituel-kiti\/#primaryimage","url":"https:\/\/astrologelvan.com\/magaza\/wp-content\/uploads\/2026\/03\/rituel.webp","contentUrl":"https:\/\/astrologelvan.com\/magaza\/wp-content\/uploads\/2026\/03\/rituel.webp","width":1024,"height":1536},{"@type":"BreadcrumbList","@id":"https:\/\/astrologelvan.com\/magaza\/urun\/venus-bahcesi-rituel-kiti\/#breadcrumb","itemListElement":[{"@type":"ListItem","position":1,"name":"Anasayfa","item":"https:\/\/astrologelvan.com\/magaza\/"},{"@type":"ListItem","position":2,"name":"Ma\u011faza","item":"https:\/\/astrologelvan.com\/magaza\/magaza\/"},{"@type":"ListItem","position":3,"name":"Ven\u00fcs Bah\u00e7esi Rit\u00fcel Kiti"}]},{"@type":"WebSite","@id":"https:\/\/astrologelvan.com\/magaza\/#website","url":"https:\/\/astrologelvan.com\/magaza\/","name":"Astrolog Elvan","description":"","potentialAction":[{"@type":"SearchAction","target":{"@type":"EntryPoint","urlTemplate":"https:\/\/astrologelvan.com\/magaza\/?s={search_term_string}"},"query-input":{"@type":"PropertyValueSpecification","valueRequired":true,"valueName":"search_term_string"}}],"inLanguage":"tr"}]}},"_links":{"self":[{"href":"https:\/\/astrologelvan.com\/magaza\/wp-json\/wp\/v2\/product\/171978","targetHints":{"allow":["GET"]}}],"collection":[{"href":"https:\/\/astrologelvan.com\/magaza\/wp-json\/wp\/v2\/product"}],"about":[{"href":"https:\/\/astrologelvan.com\/magaza\/wp-json\/wp\/v2\/types\/product"}],"replies":[{"embeddable":true,"href":"https:\/\/astrologelvan.com\/magaza\/wp-json\/wp\/v2\/comments?post=171978"}],"wp:featuredmedia":[{"embeddable":true,"href":"https:\/\/astrologelvan.com\/magaza\/wp-json\/wp\/v2\/media\/171979"}],"wp:attachment":[{"href":"https:\/\/astrologelvan.com\/magaza\/wp-json\/wp\/v2\/media?parent=171978"}],"wp:term":[{"taxonomy":"product_brand","embeddable":true,"href":"https:\/\/astrologelvan.com\/magaza\/wp-json\/wp\/v2\/product_brand?post=171978"},{"taxonomy":"product_cat","embeddable":true,"href":"https:\/\/astrologelvan.com\/magaza\/wp-json\/wp\/v2\/product_cat?post=171978"},{"taxonomy":"product_tag","embeddable":true,"href":"https:\/\/astrologelvan.com\/magaza\/wp-json\/wp\/v2\/product_tag?post=171978"}],"curies":[{"name":"wp","href":"https:\/\/api.w.org\/{rel}","templated":true}]}}