{"id":171976,"date":"2026-03-17T12:50:46","date_gmt":"2026-03-17T09:50:46","guid":{"rendered":"https:\/\/astrologelvan.com\/magaza\/?post_type=product&#038;p=171976"},"modified":"2026-04-06T16:22:46","modified_gmt":"2026-04-06T13:22:46","slug":"demeter-bereket-tutsusu","status":"publish","type":"product","link":"https:\/\/astrologelvan.com\/magaza\/urun\/demeter-bereket-tutsusu\/","title":{"rendered":"Demeter Bereket T\u00fcts\u00fcs\u00fc"},"content":{"rendered":"","protected":false},"excerpt":{"rendered":"<p>Bereket ve topra\u011f\u0131n tanr\u0131\u00e7as\u0131 Demeter\u2019den ilhamla haz\u0131rlanm\u0131\u015ft\u0131r.<\/p>\n<p>\u0130\u00e7inde bulunan sitrin bollu\u011fu, akik topraklanmay\u0131, pembe kuvars a\u015fk enerjisini ye\u015fertir.<br \/>\nBu enerji g\u00fcl esans\u0131n\u0131n zarif kokusuyla tamamlan\u0131r.<\/p>\n<p><strong>T\u00fcts\u00fc kullan\u0131m\u0131:<\/strong><\/p>\n<p>\u00d6nce bileklerine ve boynuna, ayn\u0131 zamanda kalp \u00e7akras\u0131na (iki g\u00f6\u011fs\u00fcn\u00fcz\u00fcn aras\u0131na) g\u00fcl esans\u0131ndan bir damla damlat ve kokuyu i\u00e7ine \u00e7ek.<\/p>\n<p>Bereket t\u00fcts\u00fcs\u00fcnde \u00f6zellikle defne ve lavanta kulland\u0131k.Defne bolluk ve bereketi \u00e7ekmek i\u00e7in, lavanta ise negatif enerjiden korunmak i\u00e7in kullan\u0131l\u0131r.<\/p>\n<p><strong>Ard\u0131ndan t\u00fcts\u00fcy\u00fc yak ve \u015fu niyeti s\u00f6yle:<\/strong><\/p>\n<p>\u201cBu baharda bollu\u011fu, bereketi, a\u015fk\u0131 ve topraklanmay\u0131 hayat\u0131ma \u00e7ekiyorum.<br \/>\nBollu\u011fu, bereketi, a\u015fk\u0131 ve dengede olmay\u0131 hayat\u0131ma \u00e7ekiyorum.\u201d<\/p>\n<p>T\u00fcts\u00fc bittikten sonra i\u00e7inden \u00e7\u0131kan sitrin, akik ve pembe kuvars ta\u015flar\u0131n\u0131 c\u00fczdan\u0131nda ta\u015f\u0131yabilir, \u00e7al\u0131\u015fma masanda ya da ba\u015fucunda bulundurabilirsin.<br \/>\nBu ta\u015flar; niyetini hat\u0131rlatmak ve enerjiyi yan\u0131nda tutmak i\u00e7in sana yard\u0131mc\u0131 olacak.<\/p>\n","protected":false},"featured_media":171977,"comment_status":"open","ping_status":"closed","template":"","meta":[],"product_brand":[596],"product_cat":[46],"product_tag":[],"class_list":{"0":"post-171976","1":"product","2":"type-product","3":"status-publish","4":"has-post-thumbnail","6":"product_brand-astrolog-elvan","7":"product_cat-tutsuler","9":"first","10":"instock","11":"taxable","12":"shipping-taxable","13":"purchasable","14":"product-type-simple"},"yoast_head":"<!-- This site is optimized with the Yoast SEO plugin v27.3 - https:\/\/yoast.com\/product\/yoast-seo-wordpress\/ -->\n<title>Demeter Bereket T\u00fcts\u00fcs\u00fc - Astrolog Elvan<\/title>\n<meta name=\"robots\" content=\"index, follow, max-snippet:-1, max-image-preview:large, max-video-preview:-1\" \/>\n<link rel=\"canonical\" href=\"https:\/\/astrologelvan.com\/magaza\/urun\/demeter-bereket-tutsusu\/\" \/>\n<meta property=\"og:locale\" content=\"tr_TR\" \/>\n<meta property=\"og:type\" content=\"article\" \/>\n<meta property=\"og:title\" content=\"Demeter Bereket T\u00fcts\u00fcs\u00fc - Astrolog Elvan\" \/>\n<meta property=\"og:description\" content=\"Bereket ve topra\u011f\u0131n tanr\u0131\u00e7as\u0131 Demeter\u2019den ilhamla haz\u0131rlanm\u0131\u015ft\u0131r.  \u0130\u00e7inde bulunan sitrin bollu\u011fu, akik topraklanmay\u0131, pembe kuvars a\u015fk enerjisini ye\u015fertir. Bu enerji g\u00fcl esans\u0131n\u0131n zarif kokusuyla tamamlan\u0131r.  T\u00fcts\u00fc kullan\u0131m\u0131:  \u00d6nce bileklerine ve boynuna, ayn\u0131 zamanda kalp \u00e7akras\u0131na (iki g\u00f6\u011fs\u00fcn\u00fcz\u00fcn aras\u0131na) g\u00fcl esans\u0131ndan bir damla damlat ve kokuyu i\u00e7ine \u00e7ek.  Bereket t\u00fcts\u00fcs\u00fcnde \u00f6zellikle defne ve lavanta kulland\u0131k.Defne bolluk ve bereketi \u00e7ekmek i\u00e7in, lavanta ise negatif enerjiden korunmak i\u00e7in kullan\u0131l\u0131r.  Ard\u0131ndan t\u00fcts\u00fcy\u00fc yak ve \u015fu niyeti s\u00f6yle:  \u201cBu baharda bollu\u011fu, bereketi, a\u015fk\u0131 ve topraklanmay\u0131 hayat\u0131ma \u00e7ekiyorum. Bollu\u011fu, bereketi, a\u015fk\u0131 ve dengede olmay\u0131 hayat\u0131ma \u00e7ekiyorum.\u201d  T\u00fcts\u00fc bittikten sonra i\u00e7inden \u00e7\u0131kan sitrin, akik ve pembe kuvars ta\u015flar\u0131n\u0131 c\u00fczdan\u0131nda ta\u015f\u0131yabilir, \u00e7al\u0131\u015fma masanda ya da ba\u015fucunda bulundurabilirsin. Bu ta\u015flar; niyetini hat\u0131rlatmak ve enerjiyi yan\u0131nda tutmak i\u00e7in sana yard\u0131mc\u0131 olacak.\" \/>\n<meta property=\"og:url\" content=\"https:\/\/astrologelvan.com\/magaza\/urun\/demeter-bereket-tutsusu\/\" \/>\n<meta property=\"og:site_name\" content=\"Astrolog Elvan\" \/>\n<meta property=\"article:modified_time\" content=\"2026-04-06T13:22:46+00:00\" \/>\n<meta property=\"og:image\" content=\"https:\/\/astrologelvan.com\/magaza\/wp-content\/uploads\/2026\/03\/tutsu.webp\" \/>\n\t<meta property=\"og:image:width\" content=\"1024\" \/>\n\t<meta property=\"og:image:height\" content=\"1536\" \/>\n\t<meta property=\"og:image:type\" content=\"image\/webp\" \/>\n<meta name=\"twitter:card\" content=\"summary_large_image\" \/>\n<meta name=\"twitter:label1\" content=\"Tahmini okuma s\u00fcresi\" \/>\n\t<meta name=\"twitter:data1\" content=\"1 dakika\" \/>\n<script type=\"application\/ld+json\" class=\"yoast-schema-graph\">{\"@context\":\"https:\\\/\\\/schema.org\",\"@graph\":[{\"@type\":[\"WebPage\",\"ItemPage\"],\"@id\":\"https:\\\/\\\/astrologelvan.com\\\/magaza\\\/urun\\\/demeter-bereket-tutsusu\\\/\",\"url\":\"https:\\\/\\\/astrologelvan.com\\\/magaza\\\/urun\\\/demeter-bereket-tutsusu\\\/\",\"name\":\"Demeter Bereket T\u00fcts\u00fcs\u00fc - Astrolog Elvan\",\"isPartOf\":{\"@id\":\"https:\\\/\\\/astrologelvan.com\\\/magaza\\\/#website\"},\"primaryImageOfPage\":{\"@id\":\"https:\\\/\\\/astrologelvan.com\\\/magaza\\\/urun\\\/demeter-bereket-tutsusu\\\/#primaryimage\"},\"image\":{\"@id\":\"https:\\\/\\\/astrologelvan.com\\\/magaza\\\/urun\\\/demeter-bereket-tutsusu\\\/#primaryimage\"},\"thumbnailUrl\":\"https:\\\/\\\/astrologelvan.com\\\/magaza\\\/wp-content\\\/uploads\\\/2026\\\/03\\\/tutsu.webp\",\"datePublished\":\"2026-03-17T09:50:46+00:00\",\"dateModified\":\"2026-04-06T13:22:46+00:00\",\"breadcrumb\":{\"@id\":\"https:\\\/\\\/astrologelvan.com\\\/magaza\\\/urun\\\/demeter-bereket-tutsusu\\\/#breadcrumb\"},\"inLanguage\":\"tr\",\"potentialAction\":[{\"@type\":\"ReadAction\",\"target\":[\"https:\\\/\\\/astrologelvan.com\\\/magaza\\\/urun\\\/demeter-bereket-tutsusu\\\/\"]}]},{\"@type\":\"ImageObject\",\"inLanguage\":\"tr\",\"@id\":\"https:\\\/\\\/astrologelvan.com\\\/magaza\\\/urun\\\/demeter-bereket-tutsusu\\\/#primaryimage\",\"url\":\"https:\\\/\\\/astrologelvan.com\\\/magaza\\\/wp-content\\\/uploads\\\/2026\\\/03\\\/tutsu.webp\",\"contentUrl\":\"https:\\\/\\\/astrologelvan.com\\\/magaza\\\/wp-content\\\/uploads\\\/2026\\\/03\\\/tutsu.webp\",\"width\":1024,\"height\":1536},{\"@type\":\"BreadcrumbList\",\"@id\":\"https:\\\/\\\/astrologelvan.com\\\/magaza\\\/urun\\\/demeter-bereket-tutsusu\\\/#breadcrumb\",\"itemListElement\":[{\"@type\":\"ListItem\",\"position\":1,\"name\":\"Anasayfa\",\"item\":\"https:\\\/\\\/astrologelvan.com\\\/magaza\\\/\"},{\"@type\":\"ListItem\",\"position\":2,\"name\":\"Ma\u011faza\",\"item\":\"https:\\\/\\\/astrologelvan.com\\\/magaza\\\/magaza\\\/\"},{\"@type\":\"ListItem\",\"position\":3,\"name\":\"Demeter Bereket T\u00fcts\u00fcs\u00fc\"}]},{\"@type\":\"WebSite\",\"@id\":\"https:\\\/\\\/astrologelvan.com\\\/magaza\\\/#website\",\"url\":\"https:\\\/\\\/astrologelvan.com\\\/magaza\\\/\",\"name\":\"Astrolog Elvan\",\"description\":\"\",\"potentialAction\":[{\"@type\":\"SearchAction\",\"target\":{\"@type\":\"EntryPoint\",\"urlTemplate\":\"https:\\\/\\\/astrologelvan.com\\\/magaza\\\/?s={search_term_string}\"},\"query-input\":{\"@type\":\"PropertyValueSpecification\",\"valueRequired\":true,\"valueName\":\"search_term_string\"}}],\"inLanguage\":\"tr\"}]}<\/script>\n<!-- \/ Yoast SEO plugin. -->","yoast_head_json":{"title":"Demeter Bereket T\u00fcts\u00fcs\u00fc - Astrolog Elvan","robots":{"index":"index","follow":"follow","max-snippet":"max-snippet:-1","max-image-preview":"max-image-preview:large","max-video-preview":"max-video-preview:-1"},"canonical":"https:\/\/astrologelvan.com\/magaza\/urun\/demeter-bereket-tutsusu\/","og_locale":"tr_TR","og_type":"article","og_title":"Demeter Bereket T\u00fcts\u00fcs\u00fc - Astrolog Elvan","og_description":"Bereket ve topra\u011f\u0131n tanr\u0131\u00e7as\u0131 Demeter\u2019den ilhamla haz\u0131rlanm\u0131\u015ft\u0131r.  \u0130\u00e7inde bulunan sitrin bollu\u011fu, akik topraklanmay\u0131, pembe kuvars a\u015fk enerjisini ye\u015fertir. Bu enerji g\u00fcl esans\u0131n\u0131n zarif kokusuyla tamamlan\u0131r.  T\u00fcts\u00fc kullan\u0131m\u0131:  \u00d6nce bileklerine ve boynuna, ayn\u0131 zamanda kalp \u00e7akras\u0131na (iki g\u00f6\u011fs\u00fcn\u00fcz\u00fcn aras\u0131na) g\u00fcl esans\u0131ndan bir damla damlat ve kokuyu i\u00e7ine \u00e7ek.  Bereket t\u00fcts\u00fcs\u00fcnde \u00f6zellikle defne ve lavanta kulland\u0131k.Defne bolluk ve bereketi \u00e7ekmek i\u00e7in, lavanta ise negatif enerjiden korunmak i\u00e7in kullan\u0131l\u0131r.  Ard\u0131ndan t\u00fcts\u00fcy\u00fc yak ve \u015fu niyeti s\u00f6yle:  \u201cBu baharda bollu\u011fu, bereketi, a\u015fk\u0131 ve topraklanmay\u0131 hayat\u0131ma \u00e7ekiyorum. Bollu\u011fu, bereketi, a\u015fk\u0131 ve dengede olmay\u0131 hayat\u0131ma \u00e7ekiyorum.\u201d  T\u00fcts\u00fc bittikten sonra i\u00e7inden \u00e7\u0131kan sitrin, akik ve pembe kuvars ta\u015flar\u0131n\u0131 c\u00fczdan\u0131nda ta\u015f\u0131yabilir, \u00e7al\u0131\u015fma masanda ya da ba\u015fucunda bulundurabilirsin. Bu ta\u015flar; niyetini hat\u0131rlatmak ve enerjiyi yan\u0131nda tutmak i\u00e7in sana yard\u0131mc\u0131 olacak.","og_url":"https:\/\/astrologelvan.com\/magaza\/urun\/demeter-bereket-tutsusu\/","og_site_name":"Astrolog Elvan","article_modified_time":"2026-04-06T13:22:46+00:00","og_image":[{"width":1024,"height":1536,"url":"https:\/\/astrologelvan.com\/magaza\/wp-content\/uploads\/2026\/03\/tutsu.webp","type":"image\/webp"}],"twitter_card":"summary_large_image","twitter_misc":{"Tahmini okuma s\u00fcresi":"1 dakika"},"schema":{"@context":"https:\/\/schema.org","@graph":[{"@type":["WebPage","ItemPage"],"@id":"https:\/\/astrologelvan.com\/magaza\/urun\/demeter-bereket-tutsusu\/","url":"https:\/\/astrologelvan.com\/magaza\/urun\/demeter-bereket-tutsusu\/","name":"Demeter Bereket T\u00fcts\u00fcs\u00fc - Astrolog Elvan","isPartOf":{"@id":"https:\/\/astrologelvan.com\/magaza\/#website"},"primaryImageOfPage":{"@id":"https:\/\/astrologelvan.com\/magaza\/urun\/demeter-bereket-tutsusu\/#primaryimage"},"image":{"@id":"https:\/\/astrologelvan.com\/magaza\/urun\/demeter-bereket-tutsusu\/#primaryimage"},"thumbnailUrl":"https:\/\/astrologelvan.com\/magaza\/wp-content\/uploads\/2026\/03\/tutsu.webp","datePublished":"2026-03-17T09:50:46+00:00","dateModified":"2026-04-06T13:22:46+00:00","breadcrumb":{"@id":"https:\/\/astrologelvan.com\/magaza\/urun\/demeter-bereket-tutsusu\/#breadcrumb"},"inLanguage":"tr","potentialAction":[{"@type":"ReadAction","target":["https:\/\/astrologelvan.com\/magaza\/urun\/demeter-bereket-tutsusu\/"]}]},{"@type":"ImageObject","inLanguage":"tr","@id":"https:\/\/astrologelvan.com\/magaza\/urun\/demeter-bereket-tutsusu\/#primaryimage","url":"https:\/\/astrologelvan.com\/magaza\/wp-content\/uploads\/2026\/03\/tutsu.webp","contentUrl":"https:\/\/astrologelvan.com\/magaza\/wp-content\/uploads\/2026\/03\/tutsu.webp","width":1024,"height":1536},{"@type":"BreadcrumbList","@id":"https:\/\/astrologelvan.com\/magaza\/urun\/demeter-bereket-tutsusu\/#breadcrumb","itemListElement":[{"@type":"ListItem","position":1,"name":"Anasayfa","item":"https:\/\/astrologelvan.com\/magaza\/"},{"@type":"ListItem","position":2,"name":"Ma\u011faza","item":"https:\/\/astrologelvan.com\/magaza\/magaza\/"},{"@type":"ListItem","position":3,"name":"Demeter Bereket T\u00fcts\u00fcs\u00fc"}]},{"@type":"WebSite","@id":"https:\/\/astrologelvan.com\/magaza\/#website","url":"https:\/\/astrologelvan.com\/magaza\/","name":"Astrolog Elvan","description":"","potentialAction":[{"@type":"SearchAction","target":{"@type":"EntryPoint","urlTemplate":"https:\/\/astrologelvan.com\/magaza\/?s={search_term_string}"},"query-input":{"@type":"PropertyValueSpecification","valueRequired":true,"valueName":"search_term_string"}}],"inLanguage":"tr"}]}},"_links":{"self":[{"href":"https:\/\/astrologelvan.com\/magaza\/wp-json\/wp\/v2\/product\/171976","targetHints":{"allow":["GET"]}}],"collection":[{"href":"https:\/\/astrologelvan.com\/magaza\/wp-json\/wp\/v2\/product"}],"about":[{"href":"https:\/\/astrologelvan.com\/magaza\/wp-json\/wp\/v2\/types\/product"}],"replies":[{"embeddable":true,"href":"https:\/\/astrologelvan.com\/magaza\/wp-json\/wp\/v2\/comments?post=171976"}],"wp:featuredmedia":[{"embeddable":true,"href":"https:\/\/astrologelvan.com\/magaza\/wp-json\/wp\/v2\/media\/171977"}],"wp:attachment":[{"href":"https:\/\/astrologelvan.com\/magaza\/wp-json\/wp\/v2\/media?parent=171976"}],"wp:term":[{"taxonomy":"product_brand","embeddable":true,"href":"https:\/\/astrologelvan.com\/magaza\/wp-json\/wp\/v2\/product_brand?post=171976"},{"taxonomy":"product_cat","embeddable":true,"href":"https:\/\/astrologelvan.com\/magaza\/wp-json\/wp\/v2\/product_cat?post=171976"},{"taxonomy":"product_tag","embeddable":true,"href":"https:\/\/astrologelvan.com\/magaza\/wp-json\/wp\/v2\/product_tag?post=171976"}],"curies":[{"name":"wp","href":"https:\/\/api.w.org\/{rel}","templated":true}]}}