{"id":171305,"date":"2026-03-15T11:59:45","date_gmt":"2026-03-15T08:59:45","guid":{"rendered":"https:\/\/astrologelvan.com\/magaza\/?post_type=product&#038;p=171305"},"modified":"2026-03-26T18:13:06","modified_gmt":"2026-03-26T15:13:06","slug":"ekinoks-uyanis-bahar-ritueli","status":"publish","type":"product","link":"https:\/\/astrologelvan.com\/magaza\/urun\/ekinoks-uyanis-bahar-ritueli\/","title":{"rendered":"Ekinoks ( Uyan\u0131\u015f \/ Bahar ) Rit\u00fceli"},"content":{"rendered":"","protected":false},"excerpt":{"rendered":"<div>Ekinoks rit\u00fceli, kalbinde ve filizlenmeye haz\u0131r \u00e7i\u00e7eklerin a\u00e7mas\u0131 i\u00e7in. Ve bu rit\u00fceli sadece ruhun haz\u0131r oldu\u011funda alabilirsin!<\/div>\n<div><\/div>\n<div>20 Mart Gecesi G\u00fcne\u015f Ko\u00e7 burcuna ge\u00e7ti\u011finde, bu senenin hediyelerini almak i\u00e7in kaderini uyand\u0131rma vakti. Bal\u0131k yeni ay\u0131yla; t\u00fcm yaralar\u0131ndan \u00f6zg\u00fcrle\u015febilirsin. Sana hizmet etmeyenleri geride b\u0131rak\u0131p, k\u00f6klenmeye ba\u015flayabilirsin.<\/div>\n<div><\/div>\n<div><strong><br \/>\n\u0130\u015fte bu rit\u00fcelle; \u00f6nce hayat\u0131ndaki t\u00fcm g\u00f6z\u00fc, nazar\u0131 ar\u0131nd\u0131racak, sana \u00f6zel haz\u0131rlanan s\u00fcrpriz do\u011falta\u015f a\u011fac\u0131nda bahar dile\u011fini m\u00fch\u00fcrleyecek, ve bahar ate\u015fini kalbinde yakacaks\u0131n.<\/strong><\/div>\n<div><\/div>\n<div>Yeni ba\u015flang\u0131\u00e7lar, hayat\u0131nda yepyeni bir sayfa, huzur, bolluk ve refah isteyen Ekinoks rit\u00fcelini; <strong>21 Mart &#8211; 27 Mart<\/strong> aras\u0131 herhangi bir tarihte yapabilir!<\/div>\n<div>Sadece bu tarihlerde;\u00a0 bu rit\u00fcelle mucizelerin kap\u0131s\u0131 sana a\u00e7\u0131lacak. A\u015fkla, sevgiyle, uyan\u0131\u015fla\u2026<\/div>\n<div>\n<p><strong>Haz\u0131rlan\u2026<\/strong><\/p>\n<p><span style=\"color: #ed1c24\"><strong>STOKLAR 99 ADET \u0130LE SINIRLI SAYIDADIR<\/strong><\/span><\/p>\n<\/div>\n","protected":false},"featured_media":171397,"comment_status":"open","ping_status":"closed","template":"","meta":[],"product_brand":[596],"product_cat":[35],"product_tag":[],"class_list":{"0":"post-171305","1":"product","2":"type-product","3":"status-publish","4":"has-post-thumbnail","6":"product_brand-astrolog-elvan","7":"product_cat-rituel-kitleri","8":"rsfv-has-video","10":"first","11":"outofstock","12":"taxable","13":"shipping-taxable","14":"purchasable","15":"product-type-simple"},"yoast_head":"<!-- This site is optimized with the Yoast SEO plugin v27.3 - https:\/\/yoast.com\/product\/yoast-seo-wordpress\/ -->\n<title>Ekinoks ( Uyan\u0131\u015f \/ Bahar ) Rit\u00fceli - Astrolog Elvan<\/title>\n<meta name=\"robots\" content=\"index, follow, max-snippet:-1, max-image-preview:large, max-video-preview:-1\" \/>\n<link rel=\"canonical\" href=\"https:\/\/astrologelvan.com\/magaza\/urun\/ekinoks-uyanis-bahar-ritueli\/\" \/>\n<meta property=\"og:locale\" content=\"tr_TR\" \/>\n<meta property=\"og:type\" content=\"article\" \/>\n<meta property=\"og:title\" content=\"Ekinoks ( Uyan\u0131\u015f \/ Bahar ) Rit\u00fceli - Astrolog Elvan\" \/>\n<meta property=\"og:description\" content=\"Ekinoks rit\u00fceli, kalbinde ve filizlenmeye haz\u0131r \u00e7i\u00e7eklerin a\u00e7mas\u0131 i\u00e7in. Ve bu rit\u00fceli sadece ruhun haz\u0131r oldu\u011funda alabilirsin!  20 Mart Gecesi G\u00fcne\u015f Ko\u00e7 burcuna ge\u00e7ti\u011finde, bu senenin hediyelerini almak i\u00e7in kaderini uyand\u0131rma vakti. Bal\u0131k yeni ay\u0131yla; t\u00fcm yaralar\u0131ndan \u00f6zg\u00fcrle\u015febilirsin. Sana hizmet etmeyenleri geride b\u0131rak\u0131p, k\u00f6klenmeye ba\u015flayabilirsin.   \u0130\u015fte bu rit\u00fcelle; \u00f6nce hayat\u0131ndaki t\u00fcm g\u00f6z\u00fc, nazar\u0131 ar\u0131nd\u0131racak, sana \u00f6zel haz\u0131rlanan s\u00fcrpriz do\u011falta\u015f a\u011fac\u0131nda bahar dile\u011fini m\u00fch\u00fcrleyecek, ve bahar ate\u015fini kalbinde yakacaks\u0131n.  Yeni ba\u015flang\u0131\u00e7lar, hayat\u0131nda yepyeni bir sayfa, huzur, bolluk ve refah isteyen Ekinoks rit\u00fcelini; 21 Mart - 27 Mart aras\u0131 herhangi bir tarihte yapabilir! Sadece bu tarihlerde;\u00a0 bu rit\u00fcelle mucizelerin kap\u0131s\u0131 sana a\u00e7\u0131lacak. A\u015fkla, sevgiyle, uyan\u0131\u015fla\u2026   Haz\u0131rlan\u2026  STOKLAR 99 ADET \u0130LE SINIRLI SAYIDADIR\" \/>\n<meta property=\"og:url\" content=\"https:\/\/astrologelvan.com\/magaza\/urun\/ekinoks-uyanis-bahar-ritueli\/\" \/>\n<meta property=\"og:site_name\" content=\"Astrolog Elvan\" \/>\n<meta property=\"article:modified_time\" content=\"2026-03-26T15:13:06+00:00\" \/>\n<meta property=\"og:image\" content=\"https:\/\/astrologelvan.com\/magaza\/wp-content\/uploads\/2026\/03\/WhatsApp-Image-2026-03-15-at-11.11.34-2.webp\" \/>\n\t<meta property=\"og:image:width\" content=\"1024\" \/>\n\t<meta property=\"og:image:height\" content=\"1536\" \/>\n\t<meta property=\"og:image:type\" content=\"image\/webp\" \/>\n<meta name=\"twitter:card\" content=\"summary_large_image\" \/>\n<meta name=\"twitter:label1\" content=\"Tahmini okuma s\u00fcresi\" \/>\n\t<meta name=\"twitter:data1\" content=\"1 dakika\" \/>\n<script type=\"application\/ld+json\" class=\"yoast-schema-graph\">{\"@context\":\"https:\\\/\\\/schema.org\",\"@graph\":[{\"@type\":[\"WebPage\",\"ItemPage\"],\"@id\":\"https:\\\/\\\/astrologelvan.com\\\/magaza\\\/urun\\\/ekinoks-uyanis-bahar-ritueli\\\/\",\"url\":\"https:\\\/\\\/astrologelvan.com\\\/magaza\\\/urun\\\/ekinoks-uyanis-bahar-ritueli\\\/\",\"name\":\"Ekinoks ( Uyan\u0131\u015f \\\/ Bahar ) Rit\u00fceli - Astrolog Elvan\",\"isPartOf\":{\"@id\":\"https:\\\/\\\/astrologelvan.com\\\/magaza\\\/#website\"},\"primaryImageOfPage\":{\"@id\":\"https:\\\/\\\/astrologelvan.com\\\/magaza\\\/urun\\\/ekinoks-uyanis-bahar-ritueli\\\/#primaryimage\"},\"image\":{\"@id\":\"https:\\\/\\\/astrologelvan.com\\\/magaza\\\/urun\\\/ekinoks-uyanis-bahar-ritueli\\\/#primaryimage\"},\"thumbnailUrl\":\"https:\\\/\\\/astrologelvan.com\\\/magaza\\\/wp-content\\\/uploads\\\/2026\\\/03\\\/WhatsApp-Image-2026-03-15-at-11.11.34-2.webp\",\"datePublished\":\"2026-03-15T08:59:45+00:00\",\"dateModified\":\"2026-03-26T15:13:06+00:00\",\"breadcrumb\":{\"@id\":\"https:\\\/\\\/astrologelvan.com\\\/magaza\\\/urun\\\/ekinoks-uyanis-bahar-ritueli\\\/#breadcrumb\"},\"inLanguage\":\"tr\",\"potentialAction\":[{\"@type\":\"ReadAction\",\"target\":[\"https:\\\/\\\/astrologelvan.com\\\/magaza\\\/urun\\\/ekinoks-uyanis-bahar-ritueli\\\/\"]}]},{\"@type\":\"ImageObject\",\"inLanguage\":\"tr\",\"@id\":\"https:\\\/\\\/astrologelvan.com\\\/magaza\\\/urun\\\/ekinoks-uyanis-bahar-ritueli\\\/#primaryimage\",\"url\":\"https:\\\/\\\/astrologelvan.com\\\/magaza\\\/wp-content\\\/uploads\\\/2026\\\/03\\\/WhatsApp-Image-2026-03-15-at-11.11.34-2.webp\",\"contentUrl\":\"https:\\\/\\\/astrologelvan.com\\\/magaza\\\/wp-content\\\/uploads\\\/2026\\\/03\\\/WhatsApp-Image-2026-03-15-at-11.11.34-2.webp\",\"width\":1024,\"height\":1536},{\"@type\":\"BreadcrumbList\",\"@id\":\"https:\\\/\\\/astrologelvan.com\\\/magaza\\\/urun\\\/ekinoks-uyanis-bahar-ritueli\\\/#breadcrumb\",\"itemListElement\":[{\"@type\":\"ListItem\",\"position\":1,\"name\":\"Anasayfa\",\"item\":\"https:\\\/\\\/astrologelvan.com\\\/magaza\\\/\"},{\"@type\":\"ListItem\",\"position\":2,\"name\":\"Ma\u011faza\",\"item\":\"https:\\\/\\\/astrologelvan.com\\\/magaza\\\/magaza\\\/\"},{\"@type\":\"ListItem\",\"position\":3,\"name\":\"Ekinoks ( Uyan\u0131\u015f \\\/ Bahar ) Rit\u00fceli\"}]},{\"@type\":\"WebSite\",\"@id\":\"https:\\\/\\\/astrologelvan.com\\\/magaza\\\/#website\",\"url\":\"https:\\\/\\\/astrologelvan.com\\\/magaza\\\/\",\"name\":\"Astrolog Elvan\",\"description\":\"\",\"potentialAction\":[{\"@type\":\"SearchAction\",\"target\":{\"@type\":\"EntryPoint\",\"urlTemplate\":\"https:\\\/\\\/astrologelvan.com\\\/magaza\\\/?s={search_term_string}\"},\"query-input\":{\"@type\":\"PropertyValueSpecification\",\"valueRequired\":true,\"valueName\":\"search_term_string\"}}],\"inLanguage\":\"tr\"}]}<\/script>\n<!-- \/ Yoast SEO plugin. -->","yoast_head_json":{"title":"Ekinoks ( Uyan\u0131\u015f \/ Bahar ) Rit\u00fceli - Astrolog Elvan","robots":{"index":"index","follow":"follow","max-snippet":"max-snippet:-1","max-image-preview":"max-image-preview:large","max-video-preview":"max-video-preview:-1"},"canonical":"https:\/\/astrologelvan.com\/magaza\/urun\/ekinoks-uyanis-bahar-ritueli\/","og_locale":"tr_TR","og_type":"article","og_title":"Ekinoks ( Uyan\u0131\u015f \/ Bahar ) Rit\u00fceli - Astrolog Elvan","og_description":"Ekinoks rit\u00fceli, kalbinde ve filizlenmeye haz\u0131r \u00e7i\u00e7eklerin a\u00e7mas\u0131 i\u00e7in. Ve bu rit\u00fceli sadece ruhun haz\u0131r oldu\u011funda alabilirsin!  20 Mart Gecesi G\u00fcne\u015f Ko\u00e7 burcuna ge\u00e7ti\u011finde, bu senenin hediyelerini almak i\u00e7in kaderini uyand\u0131rma vakti. Bal\u0131k yeni ay\u0131yla; t\u00fcm yaralar\u0131ndan \u00f6zg\u00fcrle\u015febilirsin. Sana hizmet etmeyenleri geride b\u0131rak\u0131p, k\u00f6klenmeye ba\u015flayabilirsin.   \u0130\u015fte bu rit\u00fcelle; \u00f6nce hayat\u0131ndaki t\u00fcm g\u00f6z\u00fc, nazar\u0131 ar\u0131nd\u0131racak, sana \u00f6zel haz\u0131rlanan s\u00fcrpriz do\u011falta\u015f a\u011fac\u0131nda bahar dile\u011fini m\u00fch\u00fcrleyecek, ve bahar ate\u015fini kalbinde yakacaks\u0131n.  Yeni ba\u015flang\u0131\u00e7lar, hayat\u0131nda yepyeni bir sayfa, huzur, bolluk ve refah isteyen Ekinoks rit\u00fcelini; 21 Mart - 27 Mart aras\u0131 herhangi bir tarihte yapabilir! Sadece bu tarihlerde;\u00a0 bu rit\u00fcelle mucizelerin kap\u0131s\u0131 sana a\u00e7\u0131lacak. A\u015fkla, sevgiyle, uyan\u0131\u015fla\u2026   Haz\u0131rlan\u2026  STOKLAR 99 ADET \u0130LE SINIRLI SAYIDADIR","og_url":"https:\/\/astrologelvan.com\/magaza\/urun\/ekinoks-uyanis-bahar-ritueli\/","og_site_name":"Astrolog Elvan","article_modified_time":"2026-03-26T15:13:06+00:00","og_image":[{"width":1024,"height":1536,"url":"https:\/\/astrologelvan.com\/magaza\/wp-content\/uploads\/2026\/03\/WhatsApp-Image-2026-03-15-at-11.11.34-2.webp","type":"image\/webp"}],"twitter_card":"summary_large_image","twitter_misc":{"Tahmini okuma s\u00fcresi":"1 dakika"},"schema":{"@context":"https:\/\/schema.org","@graph":[{"@type":["WebPage","ItemPage"],"@id":"https:\/\/astrologelvan.com\/magaza\/urun\/ekinoks-uyanis-bahar-ritueli\/","url":"https:\/\/astrologelvan.com\/magaza\/urun\/ekinoks-uyanis-bahar-ritueli\/","name":"Ekinoks ( Uyan\u0131\u015f \/ Bahar ) Rit\u00fceli - Astrolog Elvan","isPartOf":{"@id":"https:\/\/astrologelvan.com\/magaza\/#website"},"primaryImageOfPage":{"@id":"https:\/\/astrologelvan.com\/magaza\/urun\/ekinoks-uyanis-bahar-ritueli\/#primaryimage"},"image":{"@id":"https:\/\/astrologelvan.com\/magaza\/urun\/ekinoks-uyanis-bahar-ritueli\/#primaryimage"},"thumbnailUrl":"https:\/\/astrologelvan.com\/magaza\/wp-content\/uploads\/2026\/03\/WhatsApp-Image-2026-03-15-at-11.11.34-2.webp","datePublished":"2026-03-15T08:59:45+00:00","dateModified":"2026-03-26T15:13:06+00:00","breadcrumb":{"@id":"https:\/\/astrologelvan.com\/magaza\/urun\/ekinoks-uyanis-bahar-ritueli\/#breadcrumb"},"inLanguage":"tr","potentialAction":[{"@type":"ReadAction","target":["https:\/\/astrologelvan.com\/magaza\/urun\/ekinoks-uyanis-bahar-ritueli\/"]}]},{"@type":"ImageObject","inLanguage":"tr","@id":"https:\/\/astrologelvan.com\/magaza\/urun\/ekinoks-uyanis-bahar-ritueli\/#primaryimage","url":"https:\/\/astrologelvan.com\/magaza\/wp-content\/uploads\/2026\/03\/WhatsApp-Image-2026-03-15-at-11.11.34-2.webp","contentUrl":"https:\/\/astrologelvan.com\/magaza\/wp-content\/uploads\/2026\/03\/WhatsApp-Image-2026-03-15-at-11.11.34-2.webp","width":1024,"height":1536},{"@type":"BreadcrumbList","@id":"https:\/\/astrologelvan.com\/magaza\/urun\/ekinoks-uyanis-bahar-ritueli\/#breadcrumb","itemListElement":[{"@type":"ListItem","position":1,"name":"Anasayfa","item":"https:\/\/astrologelvan.com\/magaza\/"},{"@type":"ListItem","position":2,"name":"Ma\u011faza","item":"https:\/\/astrologelvan.com\/magaza\/magaza\/"},{"@type":"ListItem","position":3,"name":"Ekinoks ( Uyan\u0131\u015f \/ Bahar ) Rit\u00fceli"}]},{"@type":"WebSite","@id":"https:\/\/astrologelvan.com\/magaza\/#website","url":"https:\/\/astrologelvan.com\/magaza\/","name":"Astrolog Elvan","description":"","potentialAction":[{"@type":"SearchAction","target":{"@type":"EntryPoint","urlTemplate":"https:\/\/astrologelvan.com\/magaza\/?s={search_term_string}"},"query-input":{"@type":"PropertyValueSpecification","valueRequired":true,"valueName":"search_term_string"}}],"inLanguage":"tr"}]}},"_links":{"self":[{"href":"https:\/\/astrologelvan.com\/magaza\/wp-json\/wp\/v2\/product\/171305","targetHints":{"allow":["GET"]}}],"collection":[{"href":"https:\/\/astrologelvan.com\/magaza\/wp-json\/wp\/v2\/product"}],"about":[{"href":"https:\/\/astrologelvan.com\/magaza\/wp-json\/wp\/v2\/types\/product"}],"replies":[{"embeddable":true,"href":"https:\/\/astrologelvan.com\/magaza\/wp-json\/wp\/v2\/comments?post=171305"}],"wp:featuredmedia":[{"embeddable":true,"href":"https:\/\/astrologelvan.com\/magaza\/wp-json\/wp\/v2\/media\/171397"}],"wp:attachment":[{"href":"https:\/\/astrologelvan.com\/magaza\/wp-json\/wp\/v2\/media?parent=171305"}],"wp:term":[{"taxonomy":"product_brand","embeddable":true,"href":"https:\/\/astrologelvan.com\/magaza\/wp-json\/wp\/v2\/product_brand?post=171305"},{"taxonomy":"product_cat","embeddable":true,"href":"https:\/\/astrologelvan.com\/magaza\/wp-json\/wp\/v2\/product_cat?post=171305"},{"taxonomy":"product_tag","embeddable":true,"href":"https:\/\/astrologelvan.com\/magaza\/wp-json\/wp\/v2\/product_tag?post=171305"}],"curies":[{"name":"wp","href":"https:\/\/api.w.org\/{rel}","templated":true}]}}