{"id":171085,"date":"2026-03-12T13:12:44","date_gmt":"2026-03-12T10:12:44","guid":{"rendered":"https:\/\/astrologelvan.com\/magaza\/?post_type=product&#038;p=171085"},"modified":"2026-03-22T12:45:21","modified_gmt":"2026-03-22T09:45:21","slug":"elif-vav-hic-kolye-ucu-925-ayar-gumus-uzeri-altin-kaplama-2","status":"publish","type":"product","link":"https:\/\/astrologelvan.com\/magaza\/urun\/elif-vav-hic-kolye-ucu-925-ayar-gumus-uzeri-altin-kaplama-2\/","title":{"rendered":"EL\u0130F &#038; VAV H\u0130\u00c7 KOLYE UCU | 925 AYAR G\u00dcM\u00dc\u015e \u00dcZER\u0130  ALTIN KAPLAMA"},"content":{"rendered":"","protected":false},"excerpt":{"rendered":"<p>Bu kolye, Mevlana Celaleddin-i Rumi\u2019nin \u201chi\u00e7lik\u201d \u00f6\u011fretisinden ilham al\u0131r.<br \/>\nEgonun sustu\u011fu, kalbin konu\u015ftu\u011fu yer\u2026<br \/>\nMesnevi\u2019de \u201chi\u00e7\u201d, yokluk de\u011fil; hakikate a\u00e7\u0131lan bir kap\u0131d\u0131r.<br \/>\nHi\u00e7 olmak; ar\u0131nmak, teslim olmak ve \u00f6z\u00fcne d\u00f6nmektir.<br \/>\nG\u00fcm\u00fc\u015fte hayat bulan bu \u00f6zel form; y\u00fcklerinden ar\u0131nmay\u0131, teslimiyeti ve i\u00e7 huzuru hat\u0131rlamak i\u00e7in tasarland\u0131.<br \/>\nElif \u2013 Birli\u011fi, do\u011frulu\u011fu ve dimdik duru\u015fu temsil eder. Tevhidin sembol\u00fcd\u00fcr.<br \/>\nVav \u2013 Tevazuyu, kullu\u011fu ve anne karn\u0131ndaki insan\u0131n halini simgeler. Hi\u00e7li\u011fin zarafetidir.<br \/>\n<strong>Tak. Hat\u0131rla. Hafifle.<\/p>\n<p>\u00dcr\u00fcn \u00d6zellikleri<br \/>\n<\/strong>2,98gr 925 Ayar G\u00fcm\u00fc\u015f<\/p>\n","protected":false},"featured_media":171086,"comment_status":"open","ping_status":"closed","template":"","meta":[],"product_brand":[596],"product_cat":[522,9561],"product_tag":[],"class_list":{"0":"post-171085","1":"product","2":"type-product","3":"status-publish","4":"has-post-thumbnail","6":"product_brand-astrolog-elvan","7":"product_cat-kolye-ucu","8":"product_cat-mistik-hazineler-koleksiyonu","10":"first","11":"instock","12":"purchasable","13":"product-type-simple"},"yoast_head":"<!-- This site is optimized with the Yoast SEO plugin v27.3 - https:\/\/yoast.com\/product\/yoast-seo-wordpress\/ -->\n<title>EL\u0130F &amp; VAV H\u0130\u00c7 KOLYE UCU | 925 AYAR G\u00dcM\u00dc\u015e \u00dcZER\u0130 ALTIN KAPLAMA - Astrolog Elvan<\/title>\n<meta name=\"robots\" content=\"index, follow, max-snippet:-1, max-image-preview:large, max-video-preview:-1\" \/>\n<link rel=\"canonical\" href=\"https:\/\/astrologelvan.com\/magaza\/urun\/elif-vav-hic-kolye-ucu-925-ayar-gumus-uzeri-altin-kaplama-2\/\" \/>\n<meta property=\"og:locale\" content=\"tr_TR\" \/>\n<meta property=\"og:type\" content=\"article\" \/>\n<meta property=\"og:title\" content=\"EL\u0130F &amp; VAV H\u0130\u00c7 KOLYE UCU | 925 AYAR G\u00dcM\u00dc\u015e \u00dcZER\u0130 ALTIN KAPLAMA - Astrolog Elvan\" \/>\n<meta property=\"og:description\" content=\"Bu kolye, Mevlana Celaleddin-i Rumi\u2019nin \u201chi\u00e7lik\u201d \u00f6\u011fretisinden ilham al\u0131r. Egonun sustu\u011fu, kalbin konu\u015ftu\u011fu yer\u2026 Mesnevi\u2019de \u201chi\u00e7\u201d, yokluk de\u011fil; hakikate a\u00e7\u0131lan bir kap\u0131d\u0131r. Hi\u00e7 olmak; ar\u0131nmak, teslim olmak ve \u00f6z\u00fcne d\u00f6nmektir. G\u00fcm\u00fc\u015fte hayat bulan bu \u00f6zel form; y\u00fcklerinden ar\u0131nmay\u0131, teslimiyeti ve i\u00e7 huzuru hat\u0131rlamak i\u00e7in tasarland\u0131. Elif \u2013 Birli\u011fi, do\u011frulu\u011fu ve dimdik duru\u015fu temsil eder. Tevhidin sembol\u00fcd\u00fcr. Vav \u2013 Tevazuyu, kullu\u011fu ve anne karn\u0131ndaki insan\u0131n halini simgeler. Hi\u00e7li\u011fin zarafetidir. Tak. Hat\u0131rla. Hafifle.  \u00dcr\u00fcn \u00d6zellikleri 2,98gr 925 Ayar G\u00fcm\u00fc\u015f\" \/>\n<meta property=\"og:url\" content=\"https:\/\/astrologelvan.com\/magaza\/urun\/elif-vav-hic-kolye-ucu-925-ayar-gumus-uzeri-altin-kaplama-2\/\" \/>\n<meta property=\"og:site_name\" content=\"Astrolog Elvan\" \/>\n<meta property=\"article:modified_time\" content=\"2026-03-22T09:45:21+00:00\" \/>\n<meta property=\"og:image\" content=\"https:\/\/astrologelvan.com\/magaza\/wp-content\/uploads\/2026\/03\/elif.webp\" \/>\n\t<meta property=\"og:image:width\" content=\"1024\" \/>\n\t<meta property=\"og:image:height\" content=\"1536\" \/>\n\t<meta property=\"og:image:type\" content=\"image\/webp\" \/>\n<meta name=\"twitter:card\" content=\"summary_large_image\" \/>\n<meta name=\"twitter:label1\" content=\"Tahmini okuma s\u00fcresi\" \/>\n\t<meta name=\"twitter:data1\" content=\"1 dakika\" \/>\n<script type=\"application\/ld+json\" class=\"yoast-schema-graph\">{\"@context\":\"https:\\\/\\\/schema.org\",\"@graph\":[{\"@type\":[\"WebPage\",\"ItemPage\"],\"@id\":\"https:\\\/\\\/astrologelvan.com\\\/magaza\\\/urun\\\/elif-vav-hic-kolye-ucu-925-ayar-gumus-uzeri-altin-kaplama-2\\\/\",\"url\":\"https:\\\/\\\/astrologelvan.com\\\/magaza\\\/urun\\\/elif-vav-hic-kolye-ucu-925-ayar-gumus-uzeri-altin-kaplama-2\\\/\",\"name\":\"EL\u0130F & VAV H\u0130\u00c7 KOLYE UCU | 925 AYAR G\u00dcM\u00dc\u015e \u00dcZER\u0130 ALTIN KAPLAMA - Astrolog Elvan\",\"isPartOf\":{\"@id\":\"https:\\\/\\\/astrologelvan.com\\\/magaza\\\/#website\"},\"primaryImageOfPage\":{\"@id\":\"https:\\\/\\\/astrologelvan.com\\\/magaza\\\/urun\\\/elif-vav-hic-kolye-ucu-925-ayar-gumus-uzeri-altin-kaplama-2\\\/#primaryimage\"},\"image\":{\"@id\":\"https:\\\/\\\/astrologelvan.com\\\/magaza\\\/urun\\\/elif-vav-hic-kolye-ucu-925-ayar-gumus-uzeri-altin-kaplama-2\\\/#primaryimage\"},\"thumbnailUrl\":\"https:\\\/\\\/astrologelvan.com\\\/magaza\\\/wp-content\\\/uploads\\\/2026\\\/03\\\/elif.webp\",\"datePublished\":\"2026-03-12T10:12:44+00:00\",\"dateModified\":\"2026-03-22T09:45:21+00:00\",\"breadcrumb\":{\"@id\":\"https:\\\/\\\/astrologelvan.com\\\/magaza\\\/urun\\\/elif-vav-hic-kolye-ucu-925-ayar-gumus-uzeri-altin-kaplama-2\\\/#breadcrumb\"},\"inLanguage\":\"tr\",\"potentialAction\":[{\"@type\":\"ReadAction\",\"target\":[\"https:\\\/\\\/astrologelvan.com\\\/magaza\\\/urun\\\/elif-vav-hic-kolye-ucu-925-ayar-gumus-uzeri-altin-kaplama-2\\\/\"]}]},{\"@type\":\"ImageObject\",\"inLanguage\":\"tr\",\"@id\":\"https:\\\/\\\/astrologelvan.com\\\/magaza\\\/urun\\\/elif-vav-hic-kolye-ucu-925-ayar-gumus-uzeri-altin-kaplama-2\\\/#primaryimage\",\"url\":\"https:\\\/\\\/astrologelvan.com\\\/magaza\\\/wp-content\\\/uploads\\\/2026\\\/03\\\/elif.webp\",\"contentUrl\":\"https:\\\/\\\/astrologelvan.com\\\/magaza\\\/wp-content\\\/uploads\\\/2026\\\/03\\\/elif.webp\",\"width\":1024,\"height\":1536},{\"@type\":\"BreadcrumbList\",\"@id\":\"https:\\\/\\\/astrologelvan.com\\\/magaza\\\/urun\\\/elif-vav-hic-kolye-ucu-925-ayar-gumus-uzeri-altin-kaplama-2\\\/#breadcrumb\",\"itemListElement\":[{\"@type\":\"ListItem\",\"position\":1,\"name\":\"Anasayfa\",\"item\":\"https:\\\/\\\/astrologelvan.com\\\/magaza\\\/\"},{\"@type\":\"ListItem\",\"position\":2,\"name\":\"Ma\u011faza\",\"item\":\"https:\\\/\\\/astrologelvan.com\\\/magaza\\\/magaza\\\/\"},{\"@type\":\"ListItem\",\"position\":3,\"name\":\"EL\u0130F &#038; VAV H\u0130\u00c7 KOLYE UCU | 925 AYAR G\u00dcM\u00dc\u015e \u00dcZER\u0130 ALTIN KAPLAMA\"}]},{\"@type\":\"WebSite\",\"@id\":\"https:\\\/\\\/astrologelvan.com\\\/magaza\\\/#website\",\"url\":\"https:\\\/\\\/astrologelvan.com\\\/magaza\\\/\",\"name\":\"Astrolog Elvan\",\"description\":\"\",\"potentialAction\":[{\"@type\":\"SearchAction\",\"target\":{\"@type\":\"EntryPoint\",\"urlTemplate\":\"https:\\\/\\\/astrologelvan.com\\\/magaza\\\/?s={search_term_string}\"},\"query-input\":{\"@type\":\"PropertyValueSpecification\",\"valueRequired\":true,\"valueName\":\"search_term_string\"}}],\"inLanguage\":\"tr\"}]}<\/script>\n<!-- \/ Yoast SEO plugin. -->","yoast_head_json":{"title":"EL\u0130F & VAV H\u0130\u00c7 KOLYE UCU | 925 AYAR G\u00dcM\u00dc\u015e \u00dcZER\u0130 ALTIN KAPLAMA - Astrolog Elvan","robots":{"index":"index","follow":"follow","max-snippet":"max-snippet:-1","max-image-preview":"max-image-preview:large","max-video-preview":"max-video-preview:-1"},"canonical":"https:\/\/astrologelvan.com\/magaza\/urun\/elif-vav-hic-kolye-ucu-925-ayar-gumus-uzeri-altin-kaplama-2\/","og_locale":"tr_TR","og_type":"article","og_title":"EL\u0130F & VAV H\u0130\u00c7 KOLYE UCU | 925 AYAR G\u00dcM\u00dc\u015e \u00dcZER\u0130 ALTIN KAPLAMA - Astrolog Elvan","og_description":"Bu kolye, Mevlana Celaleddin-i Rumi\u2019nin \u201chi\u00e7lik\u201d \u00f6\u011fretisinden ilham al\u0131r. Egonun sustu\u011fu, kalbin konu\u015ftu\u011fu yer\u2026 Mesnevi\u2019de \u201chi\u00e7\u201d, yokluk de\u011fil; hakikate a\u00e7\u0131lan bir kap\u0131d\u0131r. Hi\u00e7 olmak; ar\u0131nmak, teslim olmak ve \u00f6z\u00fcne d\u00f6nmektir. G\u00fcm\u00fc\u015fte hayat bulan bu \u00f6zel form; y\u00fcklerinden ar\u0131nmay\u0131, teslimiyeti ve i\u00e7 huzuru hat\u0131rlamak i\u00e7in tasarland\u0131. Elif \u2013 Birli\u011fi, do\u011frulu\u011fu ve dimdik duru\u015fu temsil eder. Tevhidin sembol\u00fcd\u00fcr. Vav \u2013 Tevazuyu, kullu\u011fu ve anne karn\u0131ndaki insan\u0131n halini simgeler. Hi\u00e7li\u011fin zarafetidir. Tak. Hat\u0131rla. Hafifle.  \u00dcr\u00fcn \u00d6zellikleri 2,98gr 925 Ayar G\u00fcm\u00fc\u015f","og_url":"https:\/\/astrologelvan.com\/magaza\/urun\/elif-vav-hic-kolye-ucu-925-ayar-gumus-uzeri-altin-kaplama-2\/","og_site_name":"Astrolog Elvan","article_modified_time":"2026-03-22T09:45:21+00:00","og_image":[{"width":1024,"height":1536,"url":"https:\/\/astrologelvan.com\/magaza\/wp-content\/uploads\/2026\/03\/elif.webp","type":"image\/webp"}],"twitter_card":"summary_large_image","twitter_misc":{"Tahmini okuma s\u00fcresi":"1 dakika"},"schema":{"@context":"https:\/\/schema.org","@graph":[{"@type":["WebPage","ItemPage"],"@id":"https:\/\/astrologelvan.com\/magaza\/urun\/elif-vav-hic-kolye-ucu-925-ayar-gumus-uzeri-altin-kaplama-2\/","url":"https:\/\/astrologelvan.com\/magaza\/urun\/elif-vav-hic-kolye-ucu-925-ayar-gumus-uzeri-altin-kaplama-2\/","name":"EL\u0130F & VAV H\u0130\u00c7 KOLYE UCU | 925 AYAR G\u00dcM\u00dc\u015e \u00dcZER\u0130 ALTIN KAPLAMA - Astrolog Elvan","isPartOf":{"@id":"https:\/\/astrologelvan.com\/magaza\/#website"},"primaryImageOfPage":{"@id":"https:\/\/astrologelvan.com\/magaza\/urun\/elif-vav-hic-kolye-ucu-925-ayar-gumus-uzeri-altin-kaplama-2\/#primaryimage"},"image":{"@id":"https:\/\/astrologelvan.com\/magaza\/urun\/elif-vav-hic-kolye-ucu-925-ayar-gumus-uzeri-altin-kaplama-2\/#primaryimage"},"thumbnailUrl":"https:\/\/astrologelvan.com\/magaza\/wp-content\/uploads\/2026\/03\/elif.webp","datePublished":"2026-03-12T10:12:44+00:00","dateModified":"2026-03-22T09:45:21+00:00","breadcrumb":{"@id":"https:\/\/astrologelvan.com\/magaza\/urun\/elif-vav-hic-kolye-ucu-925-ayar-gumus-uzeri-altin-kaplama-2\/#breadcrumb"},"inLanguage":"tr","potentialAction":[{"@type":"ReadAction","target":["https:\/\/astrologelvan.com\/magaza\/urun\/elif-vav-hic-kolye-ucu-925-ayar-gumus-uzeri-altin-kaplama-2\/"]}]},{"@type":"ImageObject","inLanguage":"tr","@id":"https:\/\/astrologelvan.com\/magaza\/urun\/elif-vav-hic-kolye-ucu-925-ayar-gumus-uzeri-altin-kaplama-2\/#primaryimage","url":"https:\/\/astrologelvan.com\/magaza\/wp-content\/uploads\/2026\/03\/elif.webp","contentUrl":"https:\/\/astrologelvan.com\/magaza\/wp-content\/uploads\/2026\/03\/elif.webp","width":1024,"height":1536},{"@type":"BreadcrumbList","@id":"https:\/\/astrologelvan.com\/magaza\/urun\/elif-vav-hic-kolye-ucu-925-ayar-gumus-uzeri-altin-kaplama-2\/#breadcrumb","itemListElement":[{"@type":"ListItem","position":1,"name":"Anasayfa","item":"https:\/\/astrologelvan.com\/magaza\/"},{"@type":"ListItem","position":2,"name":"Ma\u011faza","item":"https:\/\/astrologelvan.com\/magaza\/magaza\/"},{"@type":"ListItem","position":3,"name":"EL\u0130F &#038; VAV H\u0130\u00c7 KOLYE UCU | 925 AYAR G\u00dcM\u00dc\u015e \u00dcZER\u0130 ALTIN KAPLAMA"}]},{"@type":"WebSite","@id":"https:\/\/astrologelvan.com\/magaza\/#website","url":"https:\/\/astrologelvan.com\/magaza\/","name":"Astrolog Elvan","description":"","potentialAction":[{"@type":"SearchAction","target":{"@type":"EntryPoint","urlTemplate":"https:\/\/astrologelvan.com\/magaza\/?s={search_term_string}"},"query-input":{"@type":"PropertyValueSpecification","valueRequired":true,"valueName":"search_term_string"}}],"inLanguage":"tr"}]}},"_links":{"self":[{"href":"https:\/\/astrologelvan.com\/magaza\/wp-json\/wp\/v2\/product\/171085","targetHints":{"allow":["GET"]}}],"collection":[{"href":"https:\/\/astrologelvan.com\/magaza\/wp-json\/wp\/v2\/product"}],"about":[{"href":"https:\/\/astrologelvan.com\/magaza\/wp-json\/wp\/v2\/types\/product"}],"replies":[{"embeddable":true,"href":"https:\/\/astrologelvan.com\/magaza\/wp-json\/wp\/v2\/comments?post=171085"}],"wp:featuredmedia":[{"embeddable":true,"href":"https:\/\/astrologelvan.com\/magaza\/wp-json\/wp\/v2\/media\/171086"}],"wp:attachment":[{"href":"https:\/\/astrologelvan.com\/magaza\/wp-json\/wp\/v2\/media?parent=171085"}],"wp:term":[{"taxonomy":"product_brand","embeddable":true,"href":"https:\/\/astrologelvan.com\/magaza\/wp-json\/wp\/v2\/product_brand?post=171085"},{"taxonomy":"product_cat","embeddable":true,"href":"https:\/\/astrologelvan.com\/magaza\/wp-json\/wp\/v2\/product_cat?post=171085"},{"taxonomy":"product_tag","embeddable":true,"href":"https:\/\/astrologelvan.com\/magaza\/wp-json\/wp\/v2\/product_tag?post=171085"}],"curies":[{"name":"wp","href":"https:\/\/api.w.org\/{rel}","templated":true}]}}