{"id":169235,"date":"2026-03-06T12:42:58","date_gmt":"2026-03-06T09:42:58","guid":{"rendered":"https:\/\/astrologelvan.com\/magaza\/?post_type=product&#038;p=169235"},"modified":"2026-04-02T10:31:01","modified_gmt":"2026-04-02T07:31:01","slug":"33luk-akik-tesbih-2","status":"publish","type":"product","link":"https:\/\/astrologelvan.com\/magaza\/urun\/33luk-akik-tesbih-2\/","title":{"rendered":"33\u2019l\u00fck Akik Tesbih"},"content":{"rendered":"","protected":false},"excerpt":{"rendered":"<p><strong>Topra\u011f\u0131n derinliklerinde olu\u015fan akik ta\u015f\u0131, y\u00fczy\u0131llard\u0131r koruyucu ve dengeleyici enerjisiyle bilinir.<\/strong><\/p>\n<p>\u0130slam k\u00fclt\u00fcr\u00fcnde \u00e7ok k\u0131ymetli ve \u00f6zel bir ta\u015f olarak bilinen Akik ta\u015f\u0131, y\u00fczy\u0131llard\u0131r nazara kar\u015f\u0131 koruyucu \u00f6zelli\u011fiyle tercih edilir. Negatif enerjiden uzakla\u015ft\u0131rd\u0131\u011f\u0131na ve ki\u015fiye g\u00fc\u00e7 verdi\u011fine inan\u0131l\u0131r<\/p>\n","protected":false},"featured_media":172557,"comment_status":"open","ping_status":"closed","template":"","meta":[],"product_brand":[596],"product_cat":[333,9602],"product_tag":[],"class_list":{"0":"post-169235","1":"product","2":"type-product","3":"status-publish","4":"has-post-thumbnail","6":"product_brand-astrolog-elvan","7":"product_cat-akik-tasi","8":"product_cat-tesbih","10":"first","11":"outofstock","12":"taxable","13":"shipping-taxable","14":"purchasable","15":"product-type-simple"},"yoast_head":"<!-- This site is optimized with the Yoast SEO plugin v27.3 - https:\/\/yoast.com\/product\/yoast-seo-wordpress\/ -->\n<title>33\u2019l\u00fck Akik Tesbih - Astrolog Elvan<\/title>\n<meta name=\"robots\" content=\"index, follow, max-snippet:-1, max-image-preview:large, max-video-preview:-1\" \/>\n<link rel=\"canonical\" href=\"https:\/\/astrologelvan.com\/magaza\/urun\/33luk-akik-tesbih-2\/\" \/>\n<meta property=\"og:locale\" content=\"tr_TR\" \/>\n<meta property=\"og:type\" content=\"article\" \/>\n<meta property=\"og:title\" content=\"33\u2019l\u00fck Akik Tesbih - Astrolog Elvan\" \/>\n<meta property=\"og:description\" content=\"Topra\u011f\u0131n derinliklerinde olu\u015fan akik ta\u015f\u0131, y\u00fczy\u0131llard\u0131r koruyucu ve dengeleyici enerjisiyle bilinir.  \u0130slam k\u00fclt\u00fcr\u00fcnde \u00e7ok k\u0131ymetli ve \u00f6zel bir ta\u015f olarak bilinen Akik ta\u015f\u0131, y\u00fczy\u0131llard\u0131r nazara kar\u015f\u0131 koruyucu \u00f6zelli\u011fiyle tercih edilir. Negatif enerjiden uzakla\u015ft\u0131rd\u0131\u011f\u0131na ve ki\u015fiye g\u00fc\u00e7 verdi\u011fine inan\u0131l\u0131r\" \/>\n<meta property=\"og:url\" content=\"https:\/\/astrologelvan.com\/magaza\/urun\/33luk-akik-tesbih-2\/\" \/>\n<meta property=\"og:site_name\" content=\"Astrolog Elvan\" \/>\n<meta property=\"article:modified_time\" content=\"2026-04-02T07:31:01+00:00\" \/>\n<meta property=\"og:image\" content=\"https:\/\/astrologelvan.com\/magaza\/wp-content\/uploads\/2026\/03\/ChatGPT-Image-18-Mar-2026-11_36_07.png\" \/>\n\t<meta property=\"og:image:width\" content=\"1024\" \/>\n\t<meta property=\"og:image:height\" content=\"1024\" \/>\n\t<meta property=\"og:image:type\" content=\"image\/png\" \/>\n<meta name=\"twitter:card\" content=\"summary_large_image\" \/>\n<script type=\"application\/ld+json\" class=\"yoast-schema-graph\">{\"@context\":\"https:\\\/\\\/schema.org\",\"@graph\":[{\"@type\":[\"WebPage\",\"ItemPage\"],\"@id\":\"https:\\\/\\\/astrologelvan.com\\\/magaza\\\/urun\\\/33luk-akik-tesbih-2\\\/\",\"url\":\"https:\\\/\\\/astrologelvan.com\\\/magaza\\\/urun\\\/33luk-akik-tesbih-2\\\/\",\"name\":\"33\u2019l\u00fck Akik Tesbih - Astrolog Elvan\",\"isPartOf\":{\"@id\":\"https:\\\/\\\/astrologelvan.com\\\/magaza\\\/#website\"},\"primaryImageOfPage\":{\"@id\":\"https:\\\/\\\/astrologelvan.com\\\/magaza\\\/urun\\\/33luk-akik-tesbih-2\\\/#primaryimage\"},\"image\":{\"@id\":\"https:\\\/\\\/astrologelvan.com\\\/magaza\\\/urun\\\/33luk-akik-tesbih-2\\\/#primaryimage\"},\"thumbnailUrl\":\"https:\\\/\\\/astrologelvan.com\\\/magaza\\\/wp-content\\\/uploads\\\/2026\\\/03\\\/ChatGPT-Image-18-Mar-2026-11_36_07.png\",\"datePublished\":\"2026-03-06T09:42:58+00:00\",\"dateModified\":\"2026-04-02T07:31:01+00:00\",\"breadcrumb\":{\"@id\":\"https:\\\/\\\/astrologelvan.com\\\/magaza\\\/urun\\\/33luk-akik-tesbih-2\\\/#breadcrumb\"},\"inLanguage\":\"tr\",\"potentialAction\":[{\"@type\":\"ReadAction\",\"target\":[\"https:\\\/\\\/astrologelvan.com\\\/magaza\\\/urun\\\/33luk-akik-tesbih-2\\\/\"]}]},{\"@type\":\"ImageObject\",\"inLanguage\":\"tr\",\"@id\":\"https:\\\/\\\/astrologelvan.com\\\/magaza\\\/urun\\\/33luk-akik-tesbih-2\\\/#primaryimage\",\"url\":\"https:\\\/\\\/astrologelvan.com\\\/magaza\\\/wp-content\\\/uploads\\\/2026\\\/03\\\/ChatGPT-Image-18-Mar-2026-11_36_07.png\",\"contentUrl\":\"https:\\\/\\\/astrologelvan.com\\\/magaza\\\/wp-content\\\/uploads\\\/2026\\\/03\\\/ChatGPT-Image-18-Mar-2026-11_36_07.png\",\"width\":1024,\"height\":1024},{\"@type\":\"BreadcrumbList\",\"@id\":\"https:\\\/\\\/astrologelvan.com\\\/magaza\\\/urun\\\/33luk-akik-tesbih-2\\\/#breadcrumb\",\"itemListElement\":[{\"@type\":\"ListItem\",\"position\":1,\"name\":\"Anasayfa\",\"item\":\"https:\\\/\\\/astrologelvan.com\\\/magaza\\\/\"},{\"@type\":\"ListItem\",\"position\":2,\"name\":\"Ma\u011faza\",\"item\":\"https:\\\/\\\/astrologelvan.com\\\/magaza\\\/magaza\\\/\"},{\"@type\":\"ListItem\",\"position\":3,\"name\":\"33\u2019l\u00fck Akik Tesbih\"}]},{\"@type\":\"WebSite\",\"@id\":\"https:\\\/\\\/astrologelvan.com\\\/magaza\\\/#website\",\"url\":\"https:\\\/\\\/astrologelvan.com\\\/magaza\\\/\",\"name\":\"Astrolog Elvan\",\"description\":\"\",\"potentialAction\":[{\"@type\":\"SearchAction\",\"target\":{\"@type\":\"EntryPoint\",\"urlTemplate\":\"https:\\\/\\\/astrologelvan.com\\\/magaza\\\/?s={search_term_string}\"},\"query-input\":{\"@type\":\"PropertyValueSpecification\",\"valueRequired\":true,\"valueName\":\"search_term_string\"}}],\"inLanguage\":\"tr\"}]}<\/script>\n<!-- \/ Yoast SEO plugin. -->","yoast_head_json":{"title":"33\u2019l\u00fck Akik Tesbih - Astrolog Elvan","robots":{"index":"index","follow":"follow","max-snippet":"max-snippet:-1","max-image-preview":"max-image-preview:large","max-video-preview":"max-video-preview:-1"},"canonical":"https:\/\/astrologelvan.com\/magaza\/urun\/33luk-akik-tesbih-2\/","og_locale":"tr_TR","og_type":"article","og_title":"33\u2019l\u00fck Akik Tesbih - Astrolog Elvan","og_description":"Topra\u011f\u0131n derinliklerinde olu\u015fan akik ta\u015f\u0131, y\u00fczy\u0131llard\u0131r koruyucu ve dengeleyici enerjisiyle bilinir.  \u0130slam k\u00fclt\u00fcr\u00fcnde \u00e7ok k\u0131ymetli ve \u00f6zel bir ta\u015f olarak bilinen Akik ta\u015f\u0131, y\u00fczy\u0131llard\u0131r nazara kar\u015f\u0131 koruyucu \u00f6zelli\u011fiyle tercih edilir. Negatif enerjiden uzakla\u015ft\u0131rd\u0131\u011f\u0131na ve ki\u015fiye g\u00fc\u00e7 verdi\u011fine inan\u0131l\u0131r","og_url":"https:\/\/astrologelvan.com\/magaza\/urun\/33luk-akik-tesbih-2\/","og_site_name":"Astrolog Elvan","article_modified_time":"2026-04-02T07:31:01+00:00","og_image":[{"width":1024,"height":1024,"url":"https:\/\/astrologelvan.com\/magaza\/wp-content\/uploads\/2026\/03\/ChatGPT-Image-18-Mar-2026-11_36_07.png","type":"image\/png"}],"twitter_card":"summary_large_image","schema":{"@context":"https:\/\/schema.org","@graph":[{"@type":["WebPage","ItemPage"],"@id":"https:\/\/astrologelvan.com\/magaza\/urun\/33luk-akik-tesbih-2\/","url":"https:\/\/astrologelvan.com\/magaza\/urun\/33luk-akik-tesbih-2\/","name":"33\u2019l\u00fck Akik Tesbih - Astrolog Elvan","isPartOf":{"@id":"https:\/\/astrologelvan.com\/magaza\/#website"},"primaryImageOfPage":{"@id":"https:\/\/astrologelvan.com\/magaza\/urun\/33luk-akik-tesbih-2\/#primaryimage"},"image":{"@id":"https:\/\/astrologelvan.com\/magaza\/urun\/33luk-akik-tesbih-2\/#primaryimage"},"thumbnailUrl":"https:\/\/astrologelvan.com\/magaza\/wp-content\/uploads\/2026\/03\/ChatGPT-Image-18-Mar-2026-11_36_07.png","datePublished":"2026-03-06T09:42:58+00:00","dateModified":"2026-04-02T07:31:01+00:00","breadcrumb":{"@id":"https:\/\/astrologelvan.com\/magaza\/urun\/33luk-akik-tesbih-2\/#breadcrumb"},"inLanguage":"tr","potentialAction":[{"@type":"ReadAction","target":["https:\/\/astrologelvan.com\/magaza\/urun\/33luk-akik-tesbih-2\/"]}]},{"@type":"ImageObject","inLanguage":"tr","@id":"https:\/\/astrologelvan.com\/magaza\/urun\/33luk-akik-tesbih-2\/#primaryimage","url":"https:\/\/astrologelvan.com\/magaza\/wp-content\/uploads\/2026\/03\/ChatGPT-Image-18-Mar-2026-11_36_07.png","contentUrl":"https:\/\/astrologelvan.com\/magaza\/wp-content\/uploads\/2026\/03\/ChatGPT-Image-18-Mar-2026-11_36_07.png","width":1024,"height":1024},{"@type":"BreadcrumbList","@id":"https:\/\/astrologelvan.com\/magaza\/urun\/33luk-akik-tesbih-2\/#breadcrumb","itemListElement":[{"@type":"ListItem","position":1,"name":"Anasayfa","item":"https:\/\/astrologelvan.com\/magaza\/"},{"@type":"ListItem","position":2,"name":"Ma\u011faza","item":"https:\/\/astrologelvan.com\/magaza\/magaza\/"},{"@type":"ListItem","position":3,"name":"33\u2019l\u00fck Akik Tesbih"}]},{"@type":"WebSite","@id":"https:\/\/astrologelvan.com\/magaza\/#website","url":"https:\/\/astrologelvan.com\/magaza\/","name":"Astrolog Elvan","description":"","potentialAction":[{"@type":"SearchAction","target":{"@type":"EntryPoint","urlTemplate":"https:\/\/astrologelvan.com\/magaza\/?s={search_term_string}"},"query-input":{"@type":"PropertyValueSpecification","valueRequired":true,"valueName":"search_term_string"}}],"inLanguage":"tr"}]}},"_links":{"self":[{"href":"https:\/\/astrologelvan.com\/magaza\/wp-json\/wp\/v2\/product\/169235","targetHints":{"allow":["GET"]}}],"collection":[{"href":"https:\/\/astrologelvan.com\/magaza\/wp-json\/wp\/v2\/product"}],"about":[{"href":"https:\/\/astrologelvan.com\/magaza\/wp-json\/wp\/v2\/types\/product"}],"replies":[{"embeddable":true,"href":"https:\/\/astrologelvan.com\/magaza\/wp-json\/wp\/v2\/comments?post=169235"}],"wp:featuredmedia":[{"embeddable":true,"href":"https:\/\/astrologelvan.com\/magaza\/wp-json\/wp\/v2\/media\/172557"}],"wp:attachment":[{"href":"https:\/\/astrologelvan.com\/magaza\/wp-json\/wp\/v2\/media?parent=169235"}],"wp:term":[{"taxonomy":"product_brand","embeddable":true,"href":"https:\/\/astrologelvan.com\/magaza\/wp-json\/wp\/v2\/product_brand?post=169235"},{"taxonomy":"product_cat","embeddable":true,"href":"https:\/\/astrologelvan.com\/magaza\/wp-json\/wp\/v2\/product_cat?post=169235"},{"taxonomy":"product_tag","embeddable":true,"href":"https:\/\/astrologelvan.com\/magaza\/wp-json\/wp\/v2\/product_tag?post=169235"}],"curies":[{"name":"wp","href":"https:\/\/api.w.org\/{rel}","templated":true}]}}