{"id":169227,"date":"2026-03-06T12:13:43","date_gmt":"2026-03-06T09:13:43","guid":{"rendered":"https:\/\/astrologelvan.com\/magaza\/?post_type=product&#038;p=169227"},"modified":"2026-04-03T18:42:07","modified_gmt":"2026-04-03T15:42:07","slug":"33luk-kaplan-gozu-tesbih","status":"publish","type":"product","link":"https:\/\/astrologelvan.com\/magaza\/urun\/33luk-kaplan-gozu-tesbih\/","title":{"rendered":"33\u2019l\u00fck Kaplan G\u00f6z\u00fc Tesbih"},"content":{"rendered":"","protected":false},"excerpt":{"rendered":"<p>Kaplan G\u00f6z\u00fc ta\u015f\u0131, y\u00fczy\u0131llard\u0131r g\u00fc\u00e7, cesaret ve korunma sembol\u00fc olarak bilinir.<\/p>\n<p>\u0130slam k\u00fclt\u00fcr\u00fcnde baz\u0131 ta\u015flar gibi manevi denge ve niyet g\u00fcc\u00fcn\u00fc destekleyen ta\u015flar aras\u0131nda an\u0131l\u0131r.<br \/>\nZihni toparlamaya yard\u0131mc\u0131 oldu\u011funa inan\u0131l\u0131r.<\/p>\n<p>Her bir tanesi \u00f6zenle se\u00e7ilmi\u015f do\u011fal ta\u015flardan haz\u0131rlanm\u0131\u015ft\u0131r.<br \/>\nT\u00fcm tesbihler el i\u015f\u00e7ili\u011fi ile dizilmi\u015ftir.<\/p>\n","protected":false},"featured_media":169228,"comment_status":"open","ping_status":"closed","template":"","meta":[],"product_brand":[596],"product_cat":[375,9602],"product_tag":[],"class_list":{"0":"post-169227","1":"product","2":"type-product","3":"status-publish","4":"has-post-thumbnail","6":"product_brand-astrolog-elvan","7":"product_cat-kaplangozu-tasi","8":"product_cat-tesbih","10":"first","11":"outofstock","12":"taxable","13":"shipping-taxable","14":"purchasable","15":"product-type-simple"},"yoast_head":"<!-- This site is optimized with the Yoast SEO plugin v27.3 - https:\/\/yoast.com\/product\/yoast-seo-wordpress\/ -->\n<title>33\u2019l\u00fck Kaplan G\u00f6z\u00fc Tesbih - Astrolog Elvan<\/title>\n<meta name=\"robots\" content=\"index, follow, max-snippet:-1, max-image-preview:large, max-video-preview:-1\" \/>\n<link rel=\"canonical\" href=\"https:\/\/astrologelvan.com\/magaza\/urun\/33luk-kaplan-gozu-tesbih\/\" \/>\n<meta property=\"og:locale\" content=\"tr_TR\" \/>\n<meta property=\"og:type\" content=\"article\" \/>\n<meta property=\"og:title\" content=\"33\u2019l\u00fck Kaplan G\u00f6z\u00fc Tesbih - Astrolog Elvan\" \/>\n<meta property=\"og:description\" content=\"Kaplan G\u00f6z\u00fc ta\u015f\u0131, y\u00fczy\u0131llard\u0131r g\u00fc\u00e7, cesaret ve korunma sembol\u00fc olarak bilinir.  \u0130slam k\u00fclt\u00fcr\u00fcnde baz\u0131 ta\u015flar gibi manevi denge ve niyet g\u00fcc\u00fcn\u00fc destekleyen ta\u015flar aras\u0131nda an\u0131l\u0131r. Zihni toparlamaya yard\u0131mc\u0131 oldu\u011funa inan\u0131l\u0131r.  Her bir tanesi \u00f6zenle se\u00e7ilmi\u015f do\u011fal ta\u015flardan haz\u0131rlanm\u0131\u015ft\u0131r. T\u00fcm tesbihler el i\u015f\u00e7ili\u011fi ile dizilmi\u015ftir.\" \/>\n<meta property=\"og:url\" content=\"https:\/\/astrologelvan.com\/magaza\/urun\/33luk-kaplan-gozu-tesbih\/\" \/>\n<meta property=\"og:site_name\" content=\"Astrolog Elvan\" \/>\n<meta property=\"article:modified_time\" content=\"2026-04-03T15:42:07+00:00\" \/>\n<meta property=\"og:image\" content=\"https:\/\/astrologelvan.com\/magaza\/wp-content\/uploads\/2026\/03\/kaplangozu-tesbih.webp\" \/>\n\t<meta property=\"og:image:width\" content=\"1024\" \/>\n\t<meta property=\"og:image:height\" content=\"1536\" \/>\n\t<meta property=\"og:image:type\" content=\"image\/webp\" \/>\n<meta name=\"twitter:card\" content=\"summary_large_image\" \/>\n<script type=\"application\/ld+json\" class=\"yoast-schema-graph\">{\"@context\":\"https:\\\/\\\/schema.org\",\"@graph\":[{\"@type\":[\"WebPage\",\"ItemPage\"],\"@id\":\"https:\\\/\\\/astrologelvan.com\\\/magaza\\\/urun\\\/33luk-kaplan-gozu-tesbih\\\/\",\"url\":\"https:\\\/\\\/astrologelvan.com\\\/magaza\\\/urun\\\/33luk-kaplan-gozu-tesbih\\\/\",\"name\":\"33\u2019l\u00fck Kaplan G\u00f6z\u00fc Tesbih - Astrolog Elvan\",\"isPartOf\":{\"@id\":\"https:\\\/\\\/astrologelvan.com\\\/magaza\\\/#website\"},\"primaryImageOfPage\":{\"@id\":\"https:\\\/\\\/astrologelvan.com\\\/magaza\\\/urun\\\/33luk-kaplan-gozu-tesbih\\\/#primaryimage\"},\"image\":{\"@id\":\"https:\\\/\\\/astrologelvan.com\\\/magaza\\\/urun\\\/33luk-kaplan-gozu-tesbih\\\/#primaryimage\"},\"thumbnailUrl\":\"https:\\\/\\\/astrologelvan.com\\\/magaza\\\/wp-content\\\/uploads\\\/2026\\\/03\\\/kaplangozu-tesbih.webp\",\"datePublished\":\"2026-03-06T09:13:43+00:00\",\"dateModified\":\"2026-04-03T15:42:07+00:00\",\"breadcrumb\":{\"@id\":\"https:\\\/\\\/astrologelvan.com\\\/magaza\\\/urun\\\/33luk-kaplan-gozu-tesbih\\\/#breadcrumb\"},\"inLanguage\":\"tr\",\"potentialAction\":[{\"@type\":\"ReadAction\",\"target\":[\"https:\\\/\\\/astrologelvan.com\\\/magaza\\\/urun\\\/33luk-kaplan-gozu-tesbih\\\/\"]}]},{\"@type\":\"ImageObject\",\"inLanguage\":\"tr\",\"@id\":\"https:\\\/\\\/astrologelvan.com\\\/magaza\\\/urun\\\/33luk-kaplan-gozu-tesbih\\\/#primaryimage\",\"url\":\"https:\\\/\\\/astrologelvan.com\\\/magaza\\\/wp-content\\\/uploads\\\/2026\\\/03\\\/kaplangozu-tesbih.webp\",\"contentUrl\":\"https:\\\/\\\/astrologelvan.com\\\/magaza\\\/wp-content\\\/uploads\\\/2026\\\/03\\\/kaplangozu-tesbih.webp\",\"width\":1024,\"height\":1536},{\"@type\":\"BreadcrumbList\",\"@id\":\"https:\\\/\\\/astrologelvan.com\\\/magaza\\\/urun\\\/33luk-kaplan-gozu-tesbih\\\/#breadcrumb\",\"itemListElement\":[{\"@type\":\"ListItem\",\"position\":1,\"name\":\"Anasayfa\",\"item\":\"https:\\\/\\\/astrologelvan.com\\\/magaza\\\/\"},{\"@type\":\"ListItem\",\"position\":2,\"name\":\"Ma\u011faza\",\"item\":\"https:\\\/\\\/astrologelvan.com\\\/magaza\\\/magaza\\\/\"},{\"@type\":\"ListItem\",\"position\":3,\"name\":\"33\u2019l\u00fck Kaplan G\u00f6z\u00fc Tesbih\"}]},{\"@type\":\"WebSite\",\"@id\":\"https:\\\/\\\/astrologelvan.com\\\/magaza\\\/#website\",\"url\":\"https:\\\/\\\/astrologelvan.com\\\/magaza\\\/\",\"name\":\"Astrolog Elvan\",\"description\":\"\",\"potentialAction\":[{\"@type\":\"SearchAction\",\"target\":{\"@type\":\"EntryPoint\",\"urlTemplate\":\"https:\\\/\\\/astrologelvan.com\\\/magaza\\\/?s={search_term_string}\"},\"query-input\":{\"@type\":\"PropertyValueSpecification\",\"valueRequired\":true,\"valueName\":\"search_term_string\"}}],\"inLanguage\":\"tr\"}]}<\/script>\n<!-- \/ Yoast SEO plugin. -->","yoast_head_json":{"title":"33\u2019l\u00fck Kaplan G\u00f6z\u00fc Tesbih - Astrolog Elvan","robots":{"index":"index","follow":"follow","max-snippet":"max-snippet:-1","max-image-preview":"max-image-preview:large","max-video-preview":"max-video-preview:-1"},"canonical":"https:\/\/astrologelvan.com\/magaza\/urun\/33luk-kaplan-gozu-tesbih\/","og_locale":"tr_TR","og_type":"article","og_title":"33\u2019l\u00fck Kaplan G\u00f6z\u00fc Tesbih - Astrolog Elvan","og_description":"Kaplan G\u00f6z\u00fc ta\u015f\u0131, y\u00fczy\u0131llard\u0131r g\u00fc\u00e7, cesaret ve korunma sembol\u00fc olarak bilinir.  \u0130slam k\u00fclt\u00fcr\u00fcnde baz\u0131 ta\u015flar gibi manevi denge ve niyet g\u00fcc\u00fcn\u00fc destekleyen ta\u015flar aras\u0131nda an\u0131l\u0131r. Zihni toparlamaya yard\u0131mc\u0131 oldu\u011funa inan\u0131l\u0131r.  Her bir tanesi \u00f6zenle se\u00e7ilmi\u015f do\u011fal ta\u015flardan haz\u0131rlanm\u0131\u015ft\u0131r. T\u00fcm tesbihler el i\u015f\u00e7ili\u011fi ile dizilmi\u015ftir.","og_url":"https:\/\/astrologelvan.com\/magaza\/urun\/33luk-kaplan-gozu-tesbih\/","og_site_name":"Astrolog Elvan","article_modified_time":"2026-04-03T15:42:07+00:00","og_image":[{"width":1024,"height":1536,"url":"https:\/\/astrologelvan.com\/magaza\/wp-content\/uploads\/2026\/03\/kaplangozu-tesbih.webp","type":"image\/webp"}],"twitter_card":"summary_large_image","schema":{"@context":"https:\/\/schema.org","@graph":[{"@type":["WebPage","ItemPage"],"@id":"https:\/\/astrologelvan.com\/magaza\/urun\/33luk-kaplan-gozu-tesbih\/","url":"https:\/\/astrologelvan.com\/magaza\/urun\/33luk-kaplan-gozu-tesbih\/","name":"33\u2019l\u00fck Kaplan G\u00f6z\u00fc Tesbih - Astrolog Elvan","isPartOf":{"@id":"https:\/\/astrologelvan.com\/magaza\/#website"},"primaryImageOfPage":{"@id":"https:\/\/astrologelvan.com\/magaza\/urun\/33luk-kaplan-gozu-tesbih\/#primaryimage"},"image":{"@id":"https:\/\/astrologelvan.com\/magaza\/urun\/33luk-kaplan-gozu-tesbih\/#primaryimage"},"thumbnailUrl":"https:\/\/astrologelvan.com\/magaza\/wp-content\/uploads\/2026\/03\/kaplangozu-tesbih.webp","datePublished":"2026-03-06T09:13:43+00:00","dateModified":"2026-04-03T15:42:07+00:00","breadcrumb":{"@id":"https:\/\/astrologelvan.com\/magaza\/urun\/33luk-kaplan-gozu-tesbih\/#breadcrumb"},"inLanguage":"tr","potentialAction":[{"@type":"ReadAction","target":["https:\/\/astrologelvan.com\/magaza\/urun\/33luk-kaplan-gozu-tesbih\/"]}]},{"@type":"ImageObject","inLanguage":"tr","@id":"https:\/\/astrologelvan.com\/magaza\/urun\/33luk-kaplan-gozu-tesbih\/#primaryimage","url":"https:\/\/astrologelvan.com\/magaza\/wp-content\/uploads\/2026\/03\/kaplangozu-tesbih.webp","contentUrl":"https:\/\/astrologelvan.com\/magaza\/wp-content\/uploads\/2026\/03\/kaplangozu-tesbih.webp","width":1024,"height":1536},{"@type":"BreadcrumbList","@id":"https:\/\/astrologelvan.com\/magaza\/urun\/33luk-kaplan-gozu-tesbih\/#breadcrumb","itemListElement":[{"@type":"ListItem","position":1,"name":"Anasayfa","item":"https:\/\/astrologelvan.com\/magaza\/"},{"@type":"ListItem","position":2,"name":"Ma\u011faza","item":"https:\/\/astrologelvan.com\/magaza\/magaza\/"},{"@type":"ListItem","position":3,"name":"33\u2019l\u00fck Kaplan G\u00f6z\u00fc Tesbih"}]},{"@type":"WebSite","@id":"https:\/\/astrologelvan.com\/magaza\/#website","url":"https:\/\/astrologelvan.com\/magaza\/","name":"Astrolog Elvan","description":"","potentialAction":[{"@type":"SearchAction","target":{"@type":"EntryPoint","urlTemplate":"https:\/\/astrologelvan.com\/magaza\/?s={search_term_string}"},"query-input":{"@type":"PropertyValueSpecification","valueRequired":true,"valueName":"search_term_string"}}],"inLanguage":"tr"}]}},"_links":{"self":[{"href":"https:\/\/astrologelvan.com\/magaza\/wp-json\/wp\/v2\/product\/169227","targetHints":{"allow":["GET"]}}],"collection":[{"href":"https:\/\/astrologelvan.com\/magaza\/wp-json\/wp\/v2\/product"}],"about":[{"href":"https:\/\/astrologelvan.com\/magaza\/wp-json\/wp\/v2\/types\/product"}],"replies":[{"embeddable":true,"href":"https:\/\/astrologelvan.com\/magaza\/wp-json\/wp\/v2\/comments?post=169227"}],"wp:featuredmedia":[{"embeddable":true,"href":"https:\/\/astrologelvan.com\/magaza\/wp-json\/wp\/v2\/media\/169228"}],"wp:attachment":[{"href":"https:\/\/astrologelvan.com\/magaza\/wp-json\/wp\/v2\/media?parent=169227"}],"wp:term":[{"taxonomy":"product_brand","embeddable":true,"href":"https:\/\/astrologelvan.com\/magaza\/wp-json\/wp\/v2\/product_brand?post=169227"},{"taxonomy":"product_cat","embeddable":true,"href":"https:\/\/astrologelvan.com\/magaza\/wp-json\/wp\/v2\/product_cat?post=169227"},{"taxonomy":"product_tag","embeddable":true,"href":"https:\/\/astrologelvan.com\/magaza\/wp-json\/wp\/v2\/product_tag?post=169227"}],"curies":[{"name":"wp","href":"https:\/\/api.w.org\/{rel}","templated":true}]}}