{"id":169225,"date":"2026-03-06T12:11:55","date_gmt":"2026-03-06T09:11:55","guid":{"rendered":"https:\/\/astrologelvan.com\/magaza\/?post_type=product&#038;p=169225"},"modified":"2026-03-09T15:00:32","modified_gmt":"2026-03-09T12:00:32","slug":"33luk-garnet-tesbih","status":"publish","type":"product","link":"https:\/\/astrologelvan.com\/magaza\/urun\/33luk-garnet-tesbih\/","title":{"rendered":"33&#8217;l\u00fck Garnet Tesbih"},"content":{"rendered":"","protected":false},"excerpt":{"rendered":"<p>Garnet (Lal Ta\u015f\u0131) \u0130slam kaynaklar\u0131nda \u201clal ta\u015f\u0131\u201d olarak bilinir.\u0130slam k\u00fclt\u00fcr\u00fcnde ve Osmanl\u0131 d\u00f6neminde lal ta\u015f\u0131 k\u0131ymetli ta\u015flar aras\u0131nda kabul edilmi\u015ftir. \u00d6zellikle y\u00fcz\u00fck ve tesbihlerde s\u00fcs ta\u015f\u0131 olarak kullan\u0131lm\u0131\u015ft\u0131r. Baz\u0131 eski \u0130slam ve tasavvuf kaynaklar\u0131nda lal ta\u015f\u0131 i\u00e7in: \u2728 cesaret verdi\u011fi \u2728 kalbi g\u00fc\u00e7lendirdi\u011fi \u2728 ki\u015fiye canl\u0131l\u0131k verdi\u011fi gibi inan\u0131\u015flar yer al\u0131r.<\/p>\n","protected":false},"featured_media":169226,"comment_status":"open","ping_status":"closed","template":"","meta":[],"product_brand":[596],"product_cat":[148,9602],"product_tag":[],"class_list":{"0":"post-169225","1":"product","2":"type-product","3":"status-publish","4":"has-post-thumbnail","6":"product_brand-astrolog-elvan","7":"product_cat-garnet-tasi","8":"product_cat-tesbih","10":"first","11":"instock","12":"taxable","13":"shipping-taxable","14":"purchasable","15":"product-type-simple"},"yoast_head":"<!-- This site is optimized with the Yoast SEO plugin v27.3 - https:\/\/yoast.com\/product\/yoast-seo-wordpress\/ -->\n<title>33&#039;l\u00fck Garnet Tesbih - Astrolog Elvan<\/title>\n<meta name=\"robots\" content=\"index, follow, max-snippet:-1, max-image-preview:large, max-video-preview:-1\" \/>\n<link rel=\"canonical\" href=\"https:\/\/astrologelvan.com\/magaza\/urun\/33luk-garnet-tesbih\/\" \/>\n<meta property=\"og:locale\" content=\"tr_TR\" \/>\n<meta property=\"og:type\" content=\"article\" \/>\n<meta property=\"og:title\" content=\"33&#039;l\u00fck Garnet Tesbih - Astrolog Elvan\" \/>\n<meta property=\"og:description\" content=\"Garnet (Lal Ta\u015f\u0131) \u0130slam kaynaklar\u0131nda \u201clal ta\u015f\u0131\u201d olarak bilinir.\u0130slam k\u00fclt\u00fcr\u00fcnde ve Osmanl\u0131 d\u00f6neminde lal ta\u015f\u0131 k\u0131ymetli ta\u015flar aras\u0131nda kabul edilmi\u015ftir. \u00d6zellikle y\u00fcz\u00fck ve tesbihlerde s\u00fcs ta\u015f\u0131 olarak kullan\u0131lm\u0131\u015ft\u0131r. Baz\u0131 eski \u0130slam ve tasavvuf kaynaklar\u0131nda lal ta\u015f\u0131 i\u00e7in: \u2728 cesaret verdi\u011fi \u2728 kalbi g\u00fc\u00e7lendirdi\u011fi \u2728 ki\u015fiye canl\u0131l\u0131k verdi\u011fi gibi inan\u0131\u015flar yer al\u0131r.\" \/>\n<meta property=\"og:url\" content=\"https:\/\/astrologelvan.com\/magaza\/urun\/33luk-garnet-tesbih\/\" \/>\n<meta property=\"og:site_name\" content=\"Astrolog Elvan\" \/>\n<meta property=\"article:modified_time\" content=\"2026-03-09T12:00:32+00:00\" \/>\n<meta property=\"og:image\" content=\"https:\/\/astrologelvan.com\/magaza\/wp-content\/uploads\/2026\/03\/garnet-tesbih.webp\" \/>\n\t<meta property=\"og:image:width\" content=\"1024\" \/>\n\t<meta property=\"og:image:height\" content=\"1536\" \/>\n\t<meta property=\"og:image:type\" content=\"image\/webp\" \/>\n<meta name=\"twitter:card\" content=\"summary_large_image\" \/>\n<meta name=\"twitter:label1\" content=\"Tahmini okuma s\u00fcresi\" \/>\n\t<meta name=\"twitter:data1\" content=\"1 dakika\" \/>\n<script type=\"application\/ld+json\" class=\"yoast-schema-graph\">{\"@context\":\"https:\\\/\\\/schema.org\",\"@graph\":[{\"@type\":[\"WebPage\",\"ItemPage\"],\"@id\":\"https:\\\/\\\/astrologelvan.com\\\/magaza\\\/urun\\\/33luk-garnet-tesbih\\\/\",\"url\":\"https:\\\/\\\/astrologelvan.com\\\/magaza\\\/urun\\\/33luk-garnet-tesbih\\\/\",\"name\":\"33'l\u00fck Garnet Tesbih - Astrolog Elvan\",\"isPartOf\":{\"@id\":\"https:\\\/\\\/astrologelvan.com\\\/magaza\\\/#website\"},\"primaryImageOfPage\":{\"@id\":\"https:\\\/\\\/astrologelvan.com\\\/magaza\\\/urun\\\/33luk-garnet-tesbih\\\/#primaryimage\"},\"image\":{\"@id\":\"https:\\\/\\\/astrologelvan.com\\\/magaza\\\/urun\\\/33luk-garnet-tesbih\\\/#primaryimage\"},\"thumbnailUrl\":\"https:\\\/\\\/astrologelvan.com\\\/magaza\\\/wp-content\\\/uploads\\\/2026\\\/03\\\/garnet-tesbih.webp\",\"datePublished\":\"2026-03-06T09:11:55+00:00\",\"dateModified\":\"2026-03-09T12:00:32+00:00\",\"breadcrumb\":{\"@id\":\"https:\\\/\\\/astrologelvan.com\\\/magaza\\\/urun\\\/33luk-garnet-tesbih\\\/#breadcrumb\"},\"inLanguage\":\"tr\",\"potentialAction\":[{\"@type\":\"ReadAction\",\"target\":[\"https:\\\/\\\/astrologelvan.com\\\/magaza\\\/urun\\\/33luk-garnet-tesbih\\\/\"]}]},{\"@type\":\"ImageObject\",\"inLanguage\":\"tr\",\"@id\":\"https:\\\/\\\/astrologelvan.com\\\/magaza\\\/urun\\\/33luk-garnet-tesbih\\\/#primaryimage\",\"url\":\"https:\\\/\\\/astrologelvan.com\\\/magaza\\\/wp-content\\\/uploads\\\/2026\\\/03\\\/garnet-tesbih.webp\",\"contentUrl\":\"https:\\\/\\\/astrologelvan.com\\\/magaza\\\/wp-content\\\/uploads\\\/2026\\\/03\\\/garnet-tesbih.webp\",\"width\":1024,\"height\":1536},{\"@type\":\"BreadcrumbList\",\"@id\":\"https:\\\/\\\/astrologelvan.com\\\/magaza\\\/urun\\\/33luk-garnet-tesbih\\\/#breadcrumb\",\"itemListElement\":[{\"@type\":\"ListItem\",\"position\":1,\"name\":\"Anasayfa\",\"item\":\"https:\\\/\\\/astrologelvan.com\\\/magaza\\\/\"},{\"@type\":\"ListItem\",\"position\":2,\"name\":\"Ma\u011faza\",\"item\":\"https:\\\/\\\/astrologelvan.com\\\/magaza\\\/magaza\\\/\"},{\"@type\":\"ListItem\",\"position\":3,\"name\":\"33&#8217;l\u00fck Garnet Tesbih\"}]},{\"@type\":\"WebSite\",\"@id\":\"https:\\\/\\\/astrologelvan.com\\\/magaza\\\/#website\",\"url\":\"https:\\\/\\\/astrologelvan.com\\\/magaza\\\/\",\"name\":\"Astrolog Elvan\",\"description\":\"\",\"potentialAction\":[{\"@type\":\"SearchAction\",\"target\":{\"@type\":\"EntryPoint\",\"urlTemplate\":\"https:\\\/\\\/astrologelvan.com\\\/magaza\\\/?s={search_term_string}\"},\"query-input\":{\"@type\":\"PropertyValueSpecification\",\"valueRequired\":true,\"valueName\":\"search_term_string\"}}],\"inLanguage\":\"tr\"}]}<\/script>\n<!-- \/ Yoast SEO plugin. -->","yoast_head_json":{"title":"33'l\u00fck Garnet Tesbih - Astrolog Elvan","robots":{"index":"index","follow":"follow","max-snippet":"max-snippet:-1","max-image-preview":"max-image-preview:large","max-video-preview":"max-video-preview:-1"},"canonical":"https:\/\/astrologelvan.com\/magaza\/urun\/33luk-garnet-tesbih\/","og_locale":"tr_TR","og_type":"article","og_title":"33'l\u00fck Garnet Tesbih - Astrolog Elvan","og_description":"Garnet (Lal Ta\u015f\u0131) \u0130slam kaynaklar\u0131nda \u201clal ta\u015f\u0131\u201d olarak bilinir.\u0130slam k\u00fclt\u00fcr\u00fcnde ve Osmanl\u0131 d\u00f6neminde lal ta\u015f\u0131 k\u0131ymetli ta\u015flar aras\u0131nda kabul edilmi\u015ftir. \u00d6zellikle y\u00fcz\u00fck ve tesbihlerde s\u00fcs ta\u015f\u0131 olarak kullan\u0131lm\u0131\u015ft\u0131r. Baz\u0131 eski \u0130slam ve tasavvuf kaynaklar\u0131nda lal ta\u015f\u0131 i\u00e7in: \u2728 cesaret verdi\u011fi \u2728 kalbi g\u00fc\u00e7lendirdi\u011fi \u2728 ki\u015fiye canl\u0131l\u0131k verdi\u011fi gibi inan\u0131\u015flar yer al\u0131r.","og_url":"https:\/\/astrologelvan.com\/magaza\/urun\/33luk-garnet-tesbih\/","og_site_name":"Astrolog Elvan","article_modified_time":"2026-03-09T12:00:32+00:00","og_image":[{"width":1024,"height":1536,"url":"https:\/\/astrologelvan.com\/magaza\/wp-content\/uploads\/2026\/03\/garnet-tesbih.webp","type":"image\/webp"}],"twitter_card":"summary_large_image","twitter_misc":{"Tahmini okuma s\u00fcresi":"1 dakika"},"schema":{"@context":"https:\/\/schema.org","@graph":[{"@type":["WebPage","ItemPage"],"@id":"https:\/\/astrologelvan.com\/magaza\/urun\/33luk-garnet-tesbih\/","url":"https:\/\/astrologelvan.com\/magaza\/urun\/33luk-garnet-tesbih\/","name":"33'l\u00fck Garnet Tesbih - Astrolog Elvan","isPartOf":{"@id":"https:\/\/astrologelvan.com\/magaza\/#website"},"primaryImageOfPage":{"@id":"https:\/\/astrologelvan.com\/magaza\/urun\/33luk-garnet-tesbih\/#primaryimage"},"image":{"@id":"https:\/\/astrologelvan.com\/magaza\/urun\/33luk-garnet-tesbih\/#primaryimage"},"thumbnailUrl":"https:\/\/astrologelvan.com\/magaza\/wp-content\/uploads\/2026\/03\/garnet-tesbih.webp","datePublished":"2026-03-06T09:11:55+00:00","dateModified":"2026-03-09T12:00:32+00:00","breadcrumb":{"@id":"https:\/\/astrologelvan.com\/magaza\/urun\/33luk-garnet-tesbih\/#breadcrumb"},"inLanguage":"tr","potentialAction":[{"@type":"ReadAction","target":["https:\/\/astrologelvan.com\/magaza\/urun\/33luk-garnet-tesbih\/"]}]},{"@type":"ImageObject","inLanguage":"tr","@id":"https:\/\/astrologelvan.com\/magaza\/urun\/33luk-garnet-tesbih\/#primaryimage","url":"https:\/\/astrologelvan.com\/magaza\/wp-content\/uploads\/2026\/03\/garnet-tesbih.webp","contentUrl":"https:\/\/astrologelvan.com\/magaza\/wp-content\/uploads\/2026\/03\/garnet-tesbih.webp","width":1024,"height":1536},{"@type":"BreadcrumbList","@id":"https:\/\/astrologelvan.com\/magaza\/urun\/33luk-garnet-tesbih\/#breadcrumb","itemListElement":[{"@type":"ListItem","position":1,"name":"Anasayfa","item":"https:\/\/astrologelvan.com\/magaza\/"},{"@type":"ListItem","position":2,"name":"Ma\u011faza","item":"https:\/\/astrologelvan.com\/magaza\/magaza\/"},{"@type":"ListItem","position":3,"name":"33&#8217;l\u00fck Garnet Tesbih"}]},{"@type":"WebSite","@id":"https:\/\/astrologelvan.com\/magaza\/#website","url":"https:\/\/astrologelvan.com\/magaza\/","name":"Astrolog Elvan","description":"","potentialAction":[{"@type":"SearchAction","target":{"@type":"EntryPoint","urlTemplate":"https:\/\/astrologelvan.com\/magaza\/?s={search_term_string}"},"query-input":{"@type":"PropertyValueSpecification","valueRequired":true,"valueName":"search_term_string"}}],"inLanguage":"tr"}]}},"_links":{"self":[{"href":"https:\/\/astrologelvan.com\/magaza\/wp-json\/wp\/v2\/product\/169225","targetHints":{"allow":["GET"]}}],"collection":[{"href":"https:\/\/astrologelvan.com\/magaza\/wp-json\/wp\/v2\/product"}],"about":[{"href":"https:\/\/astrologelvan.com\/magaza\/wp-json\/wp\/v2\/types\/product"}],"replies":[{"embeddable":true,"href":"https:\/\/astrologelvan.com\/magaza\/wp-json\/wp\/v2\/comments?post=169225"}],"wp:featuredmedia":[{"embeddable":true,"href":"https:\/\/astrologelvan.com\/magaza\/wp-json\/wp\/v2\/media\/169226"}],"wp:attachment":[{"href":"https:\/\/astrologelvan.com\/magaza\/wp-json\/wp\/v2\/media?parent=169225"}],"wp:term":[{"taxonomy":"product_brand","embeddable":true,"href":"https:\/\/astrologelvan.com\/magaza\/wp-json\/wp\/v2\/product_brand?post=169225"},{"taxonomy":"product_cat","embeddable":true,"href":"https:\/\/astrologelvan.com\/magaza\/wp-json\/wp\/v2\/product_cat?post=169225"},{"taxonomy":"product_tag","embeddable":true,"href":"https:\/\/astrologelvan.com\/magaza\/wp-json\/wp\/v2\/product_tag?post=169225"}],"curies":[{"name":"wp","href":"https:\/\/api.w.org\/{rel}","templated":true}]}}