{"id":169222,"date":"2026-03-06T12:10:16","date_gmt":"2026-03-06T09:10:16","guid":{"rendered":"https:\/\/astrologelvan.com\/magaza\/?post_type=product&#038;p=169222"},"modified":"2026-04-03T10:28:26","modified_gmt":"2026-04-03T07:28:26","slug":"33luk-sahin-gozu-tesbih","status":"publish","type":"product","link":"https:\/\/astrologelvan.com\/magaza\/urun\/33luk-sahin-gozu-tesbih\/","title":{"rendered":"33&#8217;l\u00fck \u015eahin G\u00f6z\u00fc Tesbih"},"content":{"rendered":"","protected":false},"excerpt":{"rendered":"<p>\u015eahin g\u00f6z\u00fc, odak ve i\u00e7sel g\u00fcc\u00fc destekledi\u011fine inan\u0131lan g\u00fc\u00e7l\u00fc bir ta\u015ft\u0131r. Negatif enerjilere kar\u015f\u0131 koruma sa\u011flar, zihinsel netli\u011fi art\u0131r\u0131r.\u00a0 Her tanesinde do\u011fan\u0131n e\u015fsiz dokusunu bar\u0131nd\u0131ran bu 33\u2019l\u00fck \u015eahin g\u00f6z\u00fc tesbih, \u00f6zenli el i\u015f\u00e7ili\u011fiyle haz\u0131rlanm\u0131\u015ft\u0131r.<\/p>\n","protected":false},"featured_media":169223,"comment_status":"open","ping_status":"closed","template":"","meta":[],"product_brand":[596],"product_cat":[9602],"product_tag":[],"class_list":{"0":"post-169222","1":"product","2":"type-product","3":"status-publish","4":"has-post-thumbnail","6":"product_brand-astrolog-elvan","7":"product_cat-tesbih","9":"first","10":"instock","11":"taxable","12":"shipping-taxable","13":"purchasable","14":"product-type-simple"},"yoast_head":"<!-- This site is optimized with the Yoast SEO plugin v27.3 - https:\/\/yoast.com\/product\/yoast-seo-wordpress\/ -->\n<title>33&#039;l\u00fck \u015eahin G\u00f6z\u00fc Tesbih - Astrolog Elvan<\/title>\n<meta name=\"robots\" content=\"index, follow, max-snippet:-1, max-image-preview:large, max-video-preview:-1\" \/>\n<link rel=\"canonical\" href=\"https:\/\/astrologelvan.com\/magaza\/urun\/33luk-sahin-gozu-tesbih\/\" \/>\n<meta property=\"og:locale\" content=\"tr_TR\" \/>\n<meta property=\"og:type\" content=\"article\" \/>\n<meta property=\"og:title\" content=\"33&#039;l\u00fck \u015eahin G\u00f6z\u00fc Tesbih - Astrolog Elvan\" \/>\n<meta property=\"og:description\" content=\"\u015eahin g\u00f6z\u00fc, odak ve i\u00e7sel g\u00fcc\u00fc destekledi\u011fine inan\u0131lan g\u00fc\u00e7l\u00fc bir ta\u015ft\u0131r. Negatif enerjilere kar\u015f\u0131 koruma sa\u011flar, zihinsel netli\u011fi art\u0131r\u0131r.\u00a0 Her tanesinde do\u011fan\u0131n e\u015fsiz dokusunu bar\u0131nd\u0131ran bu 33\u2019l\u00fck \u015eahin g\u00f6z\u00fc tesbih, \u00f6zenli el i\u015f\u00e7ili\u011fiyle haz\u0131rlanm\u0131\u015ft\u0131r.\" \/>\n<meta property=\"og:url\" content=\"https:\/\/astrologelvan.com\/magaza\/urun\/33luk-sahin-gozu-tesbih\/\" \/>\n<meta property=\"og:site_name\" content=\"Astrolog Elvan\" \/>\n<meta property=\"article:modified_time\" content=\"2026-04-03T07:28:26+00:00\" \/>\n<meta property=\"og:image\" content=\"https:\/\/astrologelvan.com\/magaza\/wp-content\/uploads\/2026\/03\/ChatGPT-Image-6-Mar-2026-11_50_42.webp\" \/>\n\t<meta property=\"og:image:width\" content=\"1024\" \/>\n\t<meta property=\"og:image:height\" content=\"1536\" \/>\n\t<meta property=\"og:image:type\" content=\"image\/webp\" \/>\n<meta name=\"twitter:card\" content=\"summary_large_image\" \/>\n<meta name=\"twitter:label1\" content=\"Tahmini okuma s\u00fcresi\" \/>\n\t<meta name=\"twitter:data1\" content=\"1 dakika\" \/>\n<script type=\"application\/ld+json\" class=\"yoast-schema-graph\">{\"@context\":\"https:\\\/\\\/schema.org\",\"@graph\":[{\"@type\":[\"WebPage\",\"ItemPage\"],\"@id\":\"https:\\\/\\\/astrologelvan.com\\\/magaza\\\/urun\\\/33luk-sahin-gozu-tesbih\\\/\",\"url\":\"https:\\\/\\\/astrologelvan.com\\\/magaza\\\/urun\\\/33luk-sahin-gozu-tesbih\\\/\",\"name\":\"33'l\u00fck \u015eahin G\u00f6z\u00fc Tesbih - Astrolog Elvan\",\"isPartOf\":{\"@id\":\"https:\\\/\\\/astrologelvan.com\\\/magaza\\\/#website\"},\"primaryImageOfPage\":{\"@id\":\"https:\\\/\\\/astrologelvan.com\\\/magaza\\\/urun\\\/33luk-sahin-gozu-tesbih\\\/#primaryimage\"},\"image\":{\"@id\":\"https:\\\/\\\/astrologelvan.com\\\/magaza\\\/urun\\\/33luk-sahin-gozu-tesbih\\\/#primaryimage\"},\"thumbnailUrl\":\"https:\\\/\\\/astrologelvan.com\\\/magaza\\\/wp-content\\\/uploads\\\/2026\\\/03\\\/ChatGPT-Image-6-Mar-2026-11_50_42.webp\",\"datePublished\":\"2026-03-06T09:10:16+00:00\",\"dateModified\":\"2026-04-03T07:28:26+00:00\",\"breadcrumb\":{\"@id\":\"https:\\\/\\\/astrologelvan.com\\\/magaza\\\/urun\\\/33luk-sahin-gozu-tesbih\\\/#breadcrumb\"},\"inLanguage\":\"tr\",\"potentialAction\":[{\"@type\":\"ReadAction\",\"target\":[\"https:\\\/\\\/astrologelvan.com\\\/magaza\\\/urun\\\/33luk-sahin-gozu-tesbih\\\/\"]}]},{\"@type\":\"ImageObject\",\"inLanguage\":\"tr\",\"@id\":\"https:\\\/\\\/astrologelvan.com\\\/magaza\\\/urun\\\/33luk-sahin-gozu-tesbih\\\/#primaryimage\",\"url\":\"https:\\\/\\\/astrologelvan.com\\\/magaza\\\/wp-content\\\/uploads\\\/2026\\\/03\\\/ChatGPT-Image-6-Mar-2026-11_50_42.webp\",\"contentUrl\":\"https:\\\/\\\/astrologelvan.com\\\/magaza\\\/wp-content\\\/uploads\\\/2026\\\/03\\\/ChatGPT-Image-6-Mar-2026-11_50_42.webp\",\"width\":1024,\"height\":1536},{\"@type\":\"BreadcrumbList\",\"@id\":\"https:\\\/\\\/astrologelvan.com\\\/magaza\\\/urun\\\/33luk-sahin-gozu-tesbih\\\/#breadcrumb\",\"itemListElement\":[{\"@type\":\"ListItem\",\"position\":1,\"name\":\"Anasayfa\",\"item\":\"https:\\\/\\\/astrologelvan.com\\\/magaza\\\/\"},{\"@type\":\"ListItem\",\"position\":2,\"name\":\"Ma\u011faza\",\"item\":\"https:\\\/\\\/astrologelvan.com\\\/magaza\\\/magaza\\\/\"},{\"@type\":\"ListItem\",\"position\":3,\"name\":\"33&#8217;l\u00fck \u015eahin G\u00f6z\u00fc Tesbih\"}]},{\"@type\":\"WebSite\",\"@id\":\"https:\\\/\\\/astrologelvan.com\\\/magaza\\\/#website\",\"url\":\"https:\\\/\\\/astrologelvan.com\\\/magaza\\\/\",\"name\":\"Astrolog Elvan\",\"description\":\"\",\"potentialAction\":[{\"@type\":\"SearchAction\",\"target\":{\"@type\":\"EntryPoint\",\"urlTemplate\":\"https:\\\/\\\/astrologelvan.com\\\/magaza\\\/?s={search_term_string}\"},\"query-input\":{\"@type\":\"PropertyValueSpecification\",\"valueRequired\":true,\"valueName\":\"search_term_string\"}}],\"inLanguage\":\"tr\"}]}<\/script>\n<!-- \/ Yoast SEO plugin. -->","yoast_head_json":{"title":"33'l\u00fck \u015eahin G\u00f6z\u00fc Tesbih - Astrolog Elvan","robots":{"index":"index","follow":"follow","max-snippet":"max-snippet:-1","max-image-preview":"max-image-preview:large","max-video-preview":"max-video-preview:-1"},"canonical":"https:\/\/astrologelvan.com\/magaza\/urun\/33luk-sahin-gozu-tesbih\/","og_locale":"tr_TR","og_type":"article","og_title":"33'l\u00fck \u015eahin G\u00f6z\u00fc Tesbih - Astrolog Elvan","og_description":"\u015eahin g\u00f6z\u00fc, odak ve i\u00e7sel g\u00fcc\u00fc destekledi\u011fine inan\u0131lan g\u00fc\u00e7l\u00fc bir ta\u015ft\u0131r. Negatif enerjilere kar\u015f\u0131 koruma sa\u011flar, zihinsel netli\u011fi art\u0131r\u0131r.\u00a0 Her tanesinde do\u011fan\u0131n e\u015fsiz dokusunu bar\u0131nd\u0131ran bu 33\u2019l\u00fck \u015eahin g\u00f6z\u00fc tesbih, \u00f6zenli el i\u015f\u00e7ili\u011fiyle haz\u0131rlanm\u0131\u015ft\u0131r.","og_url":"https:\/\/astrologelvan.com\/magaza\/urun\/33luk-sahin-gozu-tesbih\/","og_site_name":"Astrolog Elvan","article_modified_time":"2026-04-03T07:28:26+00:00","og_image":[{"width":1024,"height":1536,"url":"https:\/\/astrologelvan.com\/magaza\/wp-content\/uploads\/2026\/03\/ChatGPT-Image-6-Mar-2026-11_50_42.webp","type":"image\/webp"}],"twitter_card":"summary_large_image","twitter_misc":{"Tahmini okuma s\u00fcresi":"1 dakika"},"schema":{"@context":"https:\/\/schema.org","@graph":[{"@type":["WebPage","ItemPage"],"@id":"https:\/\/astrologelvan.com\/magaza\/urun\/33luk-sahin-gozu-tesbih\/","url":"https:\/\/astrologelvan.com\/magaza\/urun\/33luk-sahin-gozu-tesbih\/","name":"33'l\u00fck \u015eahin G\u00f6z\u00fc Tesbih - Astrolog Elvan","isPartOf":{"@id":"https:\/\/astrologelvan.com\/magaza\/#website"},"primaryImageOfPage":{"@id":"https:\/\/astrologelvan.com\/magaza\/urun\/33luk-sahin-gozu-tesbih\/#primaryimage"},"image":{"@id":"https:\/\/astrologelvan.com\/magaza\/urun\/33luk-sahin-gozu-tesbih\/#primaryimage"},"thumbnailUrl":"https:\/\/astrologelvan.com\/magaza\/wp-content\/uploads\/2026\/03\/ChatGPT-Image-6-Mar-2026-11_50_42.webp","datePublished":"2026-03-06T09:10:16+00:00","dateModified":"2026-04-03T07:28:26+00:00","breadcrumb":{"@id":"https:\/\/astrologelvan.com\/magaza\/urun\/33luk-sahin-gozu-tesbih\/#breadcrumb"},"inLanguage":"tr","potentialAction":[{"@type":"ReadAction","target":["https:\/\/astrologelvan.com\/magaza\/urun\/33luk-sahin-gozu-tesbih\/"]}]},{"@type":"ImageObject","inLanguage":"tr","@id":"https:\/\/astrologelvan.com\/magaza\/urun\/33luk-sahin-gozu-tesbih\/#primaryimage","url":"https:\/\/astrologelvan.com\/magaza\/wp-content\/uploads\/2026\/03\/ChatGPT-Image-6-Mar-2026-11_50_42.webp","contentUrl":"https:\/\/astrologelvan.com\/magaza\/wp-content\/uploads\/2026\/03\/ChatGPT-Image-6-Mar-2026-11_50_42.webp","width":1024,"height":1536},{"@type":"BreadcrumbList","@id":"https:\/\/astrologelvan.com\/magaza\/urun\/33luk-sahin-gozu-tesbih\/#breadcrumb","itemListElement":[{"@type":"ListItem","position":1,"name":"Anasayfa","item":"https:\/\/astrologelvan.com\/magaza\/"},{"@type":"ListItem","position":2,"name":"Ma\u011faza","item":"https:\/\/astrologelvan.com\/magaza\/magaza\/"},{"@type":"ListItem","position":3,"name":"33&#8217;l\u00fck \u015eahin G\u00f6z\u00fc Tesbih"}]},{"@type":"WebSite","@id":"https:\/\/astrologelvan.com\/magaza\/#website","url":"https:\/\/astrologelvan.com\/magaza\/","name":"Astrolog Elvan","description":"","potentialAction":[{"@type":"SearchAction","target":{"@type":"EntryPoint","urlTemplate":"https:\/\/astrologelvan.com\/magaza\/?s={search_term_string}"},"query-input":{"@type":"PropertyValueSpecification","valueRequired":true,"valueName":"search_term_string"}}],"inLanguage":"tr"}]}},"_links":{"self":[{"href":"https:\/\/astrologelvan.com\/magaza\/wp-json\/wp\/v2\/product\/169222","targetHints":{"allow":["GET"]}}],"collection":[{"href":"https:\/\/astrologelvan.com\/magaza\/wp-json\/wp\/v2\/product"}],"about":[{"href":"https:\/\/astrologelvan.com\/magaza\/wp-json\/wp\/v2\/types\/product"}],"replies":[{"embeddable":true,"href":"https:\/\/astrologelvan.com\/magaza\/wp-json\/wp\/v2\/comments?post=169222"}],"wp:featuredmedia":[{"embeddable":true,"href":"https:\/\/astrologelvan.com\/magaza\/wp-json\/wp\/v2\/media\/169223"}],"wp:attachment":[{"href":"https:\/\/astrologelvan.com\/magaza\/wp-json\/wp\/v2\/media?parent=169222"}],"wp:term":[{"taxonomy":"product_brand","embeddable":true,"href":"https:\/\/astrologelvan.com\/magaza\/wp-json\/wp\/v2\/product_brand?post=169222"},{"taxonomy":"product_cat","embeddable":true,"href":"https:\/\/astrologelvan.com\/magaza\/wp-json\/wp\/v2\/product_cat?post=169222"},{"taxonomy":"product_tag","embeddable":true,"href":"https:\/\/astrologelvan.com\/magaza\/wp-json\/wp\/v2\/product_tag?post=169222"}],"curies":[{"name":"wp","href":"https:\/\/api.w.org\/{rel}","templated":true}]}}