{"id":168963,"date":"2026-03-05T18:49:15","date_gmt":"2026-03-05T15:49:15","guid":{"rendered":"https:\/\/astrologelvan.com\/magaza\/?post_type=product&#038;p=168963"},"modified":"2026-03-12T17:58:38","modified_gmt":"2026-03-12T14:58:38","slug":"rutil-kuvars-tesbih","status":"publish","type":"product","link":"https:\/\/astrologelvan.com\/magaza\/urun\/rutil-kuvars-tesbih\/","title":{"rendered":"Rutil Kuvars Tesbih"},"content":{"rendered":"","protected":false},"excerpt":{"rendered":"<p>Rutil kuvars, enerjiyi ar\u0131nd\u0131rd\u0131\u011f\u0131na ve zihinsel netli\u011fi art\u0131rd\u0131\u011f\u0131na inan\u0131lan g\u00fc\u00e7l\u00fc bir ta\u015ft\u0131r. Negatif enerjiyi d\u00f6n\u00fc\u015ft\u00fcrmeye yard\u0131mc\u0131 olur, odaklanmay\u0131 ve i\u00e7sel fark\u0131ndal\u0131\u011f\u0131 destekler. Her tanesinde do\u011fan\u0131n e\u015fsiz dokusunu bar\u0131nd\u0131ran bu 33\u2019l\u00fck Rutil Kuvars tesbih, \u00f6zenli el i\u015f\u00e7ili\u011fiyle haz\u0131rlanm\u0131\u015ft\u0131r.<\/p>\n","protected":false},"featured_media":168964,"comment_status":"open","ping_status":"closed","template":"","meta":[],"product_brand":[596],"product_cat":[130,9602],"product_tag":[],"class_list":{"0":"post-168963","1":"product","2":"type-product","3":"status-publish","4":"has-post-thumbnail","6":"product_brand-astrolog-elvan","7":"product_cat-rutil-kuvars-tasi","8":"product_cat-tesbih","10":"first","11":"instock","12":"taxable","13":"shipping-taxable","14":"purchasable","15":"product-type-simple"},"yoast_head":"<!-- This site is optimized with the Yoast SEO plugin v27.3 - https:\/\/yoast.com\/product\/yoast-seo-wordpress\/ -->\n<title>Rutil Kuvars Tesbih - Astrolog Elvan<\/title>\n<meta name=\"robots\" content=\"index, follow, max-snippet:-1, max-image-preview:large, max-video-preview:-1\" \/>\n<link rel=\"canonical\" href=\"https:\/\/astrologelvan.com\/magaza\/urun\/rutil-kuvars-tesbih\/\" \/>\n<meta property=\"og:locale\" content=\"tr_TR\" \/>\n<meta property=\"og:type\" content=\"article\" \/>\n<meta property=\"og:title\" content=\"Rutil Kuvars Tesbih - Astrolog Elvan\" \/>\n<meta property=\"og:description\" content=\"Rutil kuvars, enerjiyi ar\u0131nd\u0131rd\u0131\u011f\u0131na ve zihinsel netli\u011fi art\u0131rd\u0131\u011f\u0131na inan\u0131lan g\u00fc\u00e7l\u00fc bir ta\u015ft\u0131r. Negatif enerjiyi d\u00f6n\u00fc\u015ft\u00fcrmeye yard\u0131mc\u0131 olur, odaklanmay\u0131 ve i\u00e7sel fark\u0131ndal\u0131\u011f\u0131 destekler. Her tanesinde do\u011fan\u0131n e\u015fsiz dokusunu bar\u0131nd\u0131ran bu 33\u2019l\u00fck Rutil Kuvars tesbih, \u00f6zenli el i\u015f\u00e7ili\u011fiyle haz\u0131rlanm\u0131\u015ft\u0131r.\" \/>\n<meta property=\"og:url\" content=\"https:\/\/astrologelvan.com\/magaza\/urun\/rutil-kuvars-tesbih\/\" \/>\n<meta property=\"og:site_name\" content=\"Astrolog Elvan\" \/>\n<meta property=\"article:modified_time\" content=\"2026-03-12T14:58:38+00:00\" \/>\n<meta property=\"og:image\" content=\"https:\/\/astrologelvan.com\/magaza\/wp-content\/uploads\/2026\/03\/rutil-tesbih.webp\" \/>\n\t<meta property=\"og:image:width\" content=\"1024\" \/>\n\t<meta property=\"og:image:height\" content=\"1536\" \/>\n\t<meta property=\"og:image:type\" content=\"image\/webp\" \/>\n<meta name=\"twitter:card\" content=\"summary_large_image\" \/>\n<meta name=\"twitter:label1\" content=\"Tahmini okuma s\u00fcresi\" \/>\n\t<meta name=\"twitter:data1\" content=\"1 dakika\" \/>\n<script type=\"application\/ld+json\" class=\"yoast-schema-graph\">{\"@context\":\"https:\\\/\\\/schema.org\",\"@graph\":[{\"@type\":[\"WebPage\",\"ItemPage\"],\"@id\":\"https:\\\/\\\/astrologelvan.com\\\/magaza\\\/urun\\\/rutil-kuvars-tesbih\\\/\",\"url\":\"https:\\\/\\\/astrologelvan.com\\\/magaza\\\/urun\\\/rutil-kuvars-tesbih\\\/\",\"name\":\"Rutil Kuvars Tesbih - Astrolog Elvan\",\"isPartOf\":{\"@id\":\"https:\\\/\\\/astrologelvan.com\\\/magaza\\\/#website\"},\"primaryImageOfPage\":{\"@id\":\"https:\\\/\\\/astrologelvan.com\\\/magaza\\\/urun\\\/rutil-kuvars-tesbih\\\/#primaryimage\"},\"image\":{\"@id\":\"https:\\\/\\\/astrologelvan.com\\\/magaza\\\/urun\\\/rutil-kuvars-tesbih\\\/#primaryimage\"},\"thumbnailUrl\":\"https:\\\/\\\/astrologelvan.com\\\/magaza\\\/wp-content\\\/uploads\\\/2026\\\/03\\\/rutil-tesbih.webp\",\"datePublished\":\"2026-03-05T15:49:15+00:00\",\"dateModified\":\"2026-03-12T14:58:38+00:00\",\"breadcrumb\":{\"@id\":\"https:\\\/\\\/astrologelvan.com\\\/magaza\\\/urun\\\/rutil-kuvars-tesbih\\\/#breadcrumb\"},\"inLanguage\":\"tr\",\"potentialAction\":[{\"@type\":\"ReadAction\",\"target\":[\"https:\\\/\\\/astrologelvan.com\\\/magaza\\\/urun\\\/rutil-kuvars-tesbih\\\/\"]}]},{\"@type\":\"ImageObject\",\"inLanguage\":\"tr\",\"@id\":\"https:\\\/\\\/astrologelvan.com\\\/magaza\\\/urun\\\/rutil-kuvars-tesbih\\\/#primaryimage\",\"url\":\"https:\\\/\\\/astrologelvan.com\\\/magaza\\\/wp-content\\\/uploads\\\/2026\\\/03\\\/rutil-tesbih.webp\",\"contentUrl\":\"https:\\\/\\\/astrologelvan.com\\\/magaza\\\/wp-content\\\/uploads\\\/2026\\\/03\\\/rutil-tesbih.webp\",\"width\":1024,\"height\":1536},{\"@type\":\"BreadcrumbList\",\"@id\":\"https:\\\/\\\/astrologelvan.com\\\/magaza\\\/urun\\\/rutil-kuvars-tesbih\\\/#breadcrumb\",\"itemListElement\":[{\"@type\":\"ListItem\",\"position\":1,\"name\":\"Anasayfa\",\"item\":\"https:\\\/\\\/astrologelvan.com\\\/magaza\\\/\"},{\"@type\":\"ListItem\",\"position\":2,\"name\":\"Ma\u011faza\",\"item\":\"https:\\\/\\\/astrologelvan.com\\\/magaza\\\/magaza\\\/\"},{\"@type\":\"ListItem\",\"position\":3,\"name\":\"Rutil Kuvars Tesbih\"}]},{\"@type\":\"WebSite\",\"@id\":\"https:\\\/\\\/astrologelvan.com\\\/magaza\\\/#website\",\"url\":\"https:\\\/\\\/astrologelvan.com\\\/magaza\\\/\",\"name\":\"Astrolog Elvan\",\"description\":\"\",\"potentialAction\":[{\"@type\":\"SearchAction\",\"target\":{\"@type\":\"EntryPoint\",\"urlTemplate\":\"https:\\\/\\\/astrologelvan.com\\\/magaza\\\/?s={search_term_string}\"},\"query-input\":{\"@type\":\"PropertyValueSpecification\",\"valueRequired\":true,\"valueName\":\"search_term_string\"}}],\"inLanguage\":\"tr\"}]}<\/script>\n<!-- \/ Yoast SEO plugin. -->","yoast_head_json":{"title":"Rutil Kuvars Tesbih - Astrolog Elvan","robots":{"index":"index","follow":"follow","max-snippet":"max-snippet:-1","max-image-preview":"max-image-preview:large","max-video-preview":"max-video-preview:-1"},"canonical":"https:\/\/astrologelvan.com\/magaza\/urun\/rutil-kuvars-tesbih\/","og_locale":"tr_TR","og_type":"article","og_title":"Rutil Kuvars Tesbih - Astrolog Elvan","og_description":"Rutil kuvars, enerjiyi ar\u0131nd\u0131rd\u0131\u011f\u0131na ve zihinsel netli\u011fi art\u0131rd\u0131\u011f\u0131na inan\u0131lan g\u00fc\u00e7l\u00fc bir ta\u015ft\u0131r. Negatif enerjiyi d\u00f6n\u00fc\u015ft\u00fcrmeye yard\u0131mc\u0131 olur, odaklanmay\u0131 ve i\u00e7sel fark\u0131ndal\u0131\u011f\u0131 destekler. Her tanesinde do\u011fan\u0131n e\u015fsiz dokusunu bar\u0131nd\u0131ran bu 33\u2019l\u00fck Rutil Kuvars tesbih, \u00f6zenli el i\u015f\u00e7ili\u011fiyle haz\u0131rlanm\u0131\u015ft\u0131r.","og_url":"https:\/\/astrologelvan.com\/magaza\/urun\/rutil-kuvars-tesbih\/","og_site_name":"Astrolog Elvan","article_modified_time":"2026-03-12T14:58:38+00:00","og_image":[{"width":1024,"height":1536,"url":"https:\/\/astrologelvan.com\/magaza\/wp-content\/uploads\/2026\/03\/rutil-tesbih.webp","type":"image\/webp"}],"twitter_card":"summary_large_image","twitter_misc":{"Tahmini okuma s\u00fcresi":"1 dakika"},"schema":{"@context":"https:\/\/schema.org","@graph":[{"@type":["WebPage","ItemPage"],"@id":"https:\/\/astrologelvan.com\/magaza\/urun\/rutil-kuvars-tesbih\/","url":"https:\/\/astrologelvan.com\/magaza\/urun\/rutil-kuvars-tesbih\/","name":"Rutil Kuvars Tesbih - Astrolog Elvan","isPartOf":{"@id":"https:\/\/astrologelvan.com\/magaza\/#website"},"primaryImageOfPage":{"@id":"https:\/\/astrologelvan.com\/magaza\/urun\/rutil-kuvars-tesbih\/#primaryimage"},"image":{"@id":"https:\/\/astrologelvan.com\/magaza\/urun\/rutil-kuvars-tesbih\/#primaryimage"},"thumbnailUrl":"https:\/\/astrologelvan.com\/magaza\/wp-content\/uploads\/2026\/03\/rutil-tesbih.webp","datePublished":"2026-03-05T15:49:15+00:00","dateModified":"2026-03-12T14:58:38+00:00","breadcrumb":{"@id":"https:\/\/astrologelvan.com\/magaza\/urun\/rutil-kuvars-tesbih\/#breadcrumb"},"inLanguage":"tr","potentialAction":[{"@type":"ReadAction","target":["https:\/\/astrologelvan.com\/magaza\/urun\/rutil-kuvars-tesbih\/"]}]},{"@type":"ImageObject","inLanguage":"tr","@id":"https:\/\/astrologelvan.com\/magaza\/urun\/rutil-kuvars-tesbih\/#primaryimage","url":"https:\/\/astrologelvan.com\/magaza\/wp-content\/uploads\/2026\/03\/rutil-tesbih.webp","contentUrl":"https:\/\/astrologelvan.com\/magaza\/wp-content\/uploads\/2026\/03\/rutil-tesbih.webp","width":1024,"height":1536},{"@type":"BreadcrumbList","@id":"https:\/\/astrologelvan.com\/magaza\/urun\/rutil-kuvars-tesbih\/#breadcrumb","itemListElement":[{"@type":"ListItem","position":1,"name":"Anasayfa","item":"https:\/\/astrologelvan.com\/magaza\/"},{"@type":"ListItem","position":2,"name":"Ma\u011faza","item":"https:\/\/astrologelvan.com\/magaza\/magaza\/"},{"@type":"ListItem","position":3,"name":"Rutil Kuvars Tesbih"}]},{"@type":"WebSite","@id":"https:\/\/astrologelvan.com\/magaza\/#website","url":"https:\/\/astrologelvan.com\/magaza\/","name":"Astrolog Elvan","description":"","potentialAction":[{"@type":"SearchAction","target":{"@type":"EntryPoint","urlTemplate":"https:\/\/astrologelvan.com\/magaza\/?s={search_term_string}"},"query-input":{"@type":"PropertyValueSpecification","valueRequired":true,"valueName":"search_term_string"}}],"inLanguage":"tr"}]}},"_links":{"self":[{"href":"https:\/\/astrologelvan.com\/magaza\/wp-json\/wp\/v2\/product\/168963","targetHints":{"allow":["GET"]}}],"collection":[{"href":"https:\/\/astrologelvan.com\/magaza\/wp-json\/wp\/v2\/product"}],"about":[{"href":"https:\/\/astrologelvan.com\/magaza\/wp-json\/wp\/v2\/types\/product"}],"replies":[{"embeddable":true,"href":"https:\/\/astrologelvan.com\/magaza\/wp-json\/wp\/v2\/comments?post=168963"}],"wp:featuredmedia":[{"embeddable":true,"href":"https:\/\/astrologelvan.com\/magaza\/wp-json\/wp\/v2\/media\/168964"}],"wp:attachment":[{"href":"https:\/\/astrologelvan.com\/magaza\/wp-json\/wp\/v2\/media?parent=168963"}],"wp:term":[{"taxonomy":"product_brand","embeddable":true,"href":"https:\/\/astrologelvan.com\/magaza\/wp-json\/wp\/v2\/product_brand?post=168963"},{"taxonomy":"product_cat","embeddable":true,"href":"https:\/\/astrologelvan.com\/magaza\/wp-json\/wp\/v2\/product_cat?post=168963"},{"taxonomy":"product_tag","embeddable":true,"href":"https:\/\/astrologelvan.com\/magaza\/wp-json\/wp\/v2\/product_tag?post=168963"}],"curies":[{"name":"wp","href":"https:\/\/api.w.org\/{rel}","templated":true}]}}