{"id":168961,"date":"2026-03-05T18:46:05","date_gmt":"2026-03-05T15:46:05","guid":{"rendered":"https:\/\/astrologelvan.com\/magaza\/?post_type=product&#038;p=168961"},"modified":"2026-04-03T13:47:36","modified_gmt":"2026-04-03T10:47:36","slug":"33luk-sitrin-tesbih","status":"publish","type":"product","link":"https:\/\/astrologelvan.com\/magaza\/urun\/33luk-sitrin-tesbih\/","title":{"rendered":"33\u2019l\u00fck Sitrin Tesbih"},"content":{"rendered":"","protected":false},"excerpt":{"rendered":"<p>Sitrin ta\u015f\u0131, &#8220;bereket ta\u015f\u0131&#8221; olarak da bilinir. Tarih boyunca ticaret yapanlar, sitrin ta\u015f\u0131n\u0131 kasalar\u0131nda veya c\u00fczdanlar\u0131nda bulundurarak finansal bereket ve bolluk elde etmeyi ama\u00e7lam\u0131\u015flard\u0131r. Sitrin ta\u015f\u0131 tesbih kullanarak bu enerjiyi hayat\u0131n\u0131za daha kolay dahil edebilirsiniz.<\/p>\n<p>Her bir tanesi \u00f6zenle se\u00e7ilmi\u015f do\u011fal ta\u015flardan haz\u0131rlanm\u0131\u015ft\u0131r.<br \/>\nT\u00fcm tesbihler el i\u015f\u00e7ili\u011fi ile dizilmi\u015ftir.<br \/>\n\u0130mameler farkl\u0131l\u0131k g\u00f6sterebilir.<\/p>\n","protected":false},"featured_media":168962,"comment_status":"open","ping_status":"closed","template":"","meta":[],"product_brand":[596],"product_cat":[65,9602],"product_tag":[],"class_list":{"0":"post-168961","1":"product","2":"type-product","3":"status-publish","4":"has-post-thumbnail","6":"product_brand-astrolog-elvan","7":"product_cat-sitrin-dogal-tas","8":"product_cat-tesbih","10":"first","11":"instock","12":"taxable","13":"shipping-taxable","14":"purchasable","15":"product-type-simple"},"yoast_head":"<!-- This site is optimized with the Yoast SEO plugin v27.3 - https:\/\/yoast.com\/product\/yoast-seo-wordpress\/ -->\n<title>33\u2019l\u00fck Sitrin Tesbih - Astrolog Elvan<\/title>\n<meta name=\"robots\" content=\"index, follow, max-snippet:-1, max-image-preview:large, max-video-preview:-1\" \/>\n<link rel=\"canonical\" href=\"https:\/\/astrologelvan.com\/magaza\/urun\/33luk-sitrin-tesbih\/\" \/>\n<meta property=\"og:locale\" content=\"tr_TR\" \/>\n<meta property=\"og:type\" content=\"article\" \/>\n<meta property=\"og:title\" content=\"33\u2019l\u00fck Sitrin Tesbih - Astrolog Elvan\" \/>\n<meta property=\"og:description\" content=\"Sitrin ta\u015f\u0131, &quot;bereket ta\u015f\u0131&quot; olarak da bilinir. Tarih boyunca ticaret yapanlar, sitrin ta\u015f\u0131n\u0131 kasalar\u0131nda veya c\u00fczdanlar\u0131nda bulundurarak finansal bereket ve bolluk elde etmeyi ama\u00e7lam\u0131\u015flard\u0131r. Sitrin ta\u015f\u0131 tesbih kullanarak bu enerjiyi hayat\u0131n\u0131za daha kolay dahil edebilirsiniz.  Her bir tanesi \u00f6zenle se\u00e7ilmi\u015f do\u011fal ta\u015flardan haz\u0131rlanm\u0131\u015ft\u0131r. T\u00fcm tesbihler el i\u015f\u00e7ili\u011fi ile dizilmi\u015ftir. \u0130mameler farkl\u0131l\u0131k g\u00f6sterebilir.\" \/>\n<meta property=\"og:url\" content=\"https:\/\/astrologelvan.com\/magaza\/urun\/33luk-sitrin-tesbih\/\" \/>\n<meta property=\"og:site_name\" content=\"Astrolog Elvan\" \/>\n<meta property=\"article:modified_time\" content=\"2026-04-03T10:47:36+00:00\" \/>\n<meta property=\"og:image\" content=\"https:\/\/astrologelvan.com\/magaza\/wp-content\/uploads\/2026\/03\/sitrin-tesbih.webp\" \/>\n\t<meta property=\"og:image:width\" content=\"1024\" \/>\n\t<meta property=\"og:image:height\" content=\"1536\" \/>\n\t<meta property=\"og:image:type\" content=\"image\/webp\" \/>\n<meta name=\"twitter:card\" content=\"summary_large_image\" \/>\n<meta name=\"twitter:label1\" content=\"Tahmini okuma s\u00fcresi\" \/>\n\t<meta name=\"twitter:data1\" content=\"1 dakika\" \/>\n<script type=\"application\/ld+json\" class=\"yoast-schema-graph\">{\"@context\":\"https:\\\/\\\/schema.org\",\"@graph\":[{\"@type\":[\"WebPage\",\"ItemPage\"],\"@id\":\"https:\\\/\\\/astrologelvan.com\\\/magaza\\\/urun\\\/33luk-sitrin-tesbih\\\/\",\"url\":\"https:\\\/\\\/astrologelvan.com\\\/magaza\\\/urun\\\/33luk-sitrin-tesbih\\\/\",\"name\":\"33\u2019l\u00fck Sitrin Tesbih - Astrolog Elvan\",\"isPartOf\":{\"@id\":\"https:\\\/\\\/astrologelvan.com\\\/magaza\\\/#website\"},\"primaryImageOfPage\":{\"@id\":\"https:\\\/\\\/astrologelvan.com\\\/magaza\\\/urun\\\/33luk-sitrin-tesbih\\\/#primaryimage\"},\"image\":{\"@id\":\"https:\\\/\\\/astrologelvan.com\\\/magaza\\\/urun\\\/33luk-sitrin-tesbih\\\/#primaryimage\"},\"thumbnailUrl\":\"https:\\\/\\\/astrologelvan.com\\\/magaza\\\/wp-content\\\/uploads\\\/2026\\\/03\\\/sitrin-tesbih.webp\",\"datePublished\":\"2026-03-05T15:46:05+00:00\",\"dateModified\":\"2026-04-03T10:47:36+00:00\",\"breadcrumb\":{\"@id\":\"https:\\\/\\\/astrologelvan.com\\\/magaza\\\/urun\\\/33luk-sitrin-tesbih\\\/#breadcrumb\"},\"inLanguage\":\"tr\",\"potentialAction\":[{\"@type\":\"ReadAction\",\"target\":[\"https:\\\/\\\/astrologelvan.com\\\/magaza\\\/urun\\\/33luk-sitrin-tesbih\\\/\"]}]},{\"@type\":\"ImageObject\",\"inLanguage\":\"tr\",\"@id\":\"https:\\\/\\\/astrologelvan.com\\\/magaza\\\/urun\\\/33luk-sitrin-tesbih\\\/#primaryimage\",\"url\":\"https:\\\/\\\/astrologelvan.com\\\/magaza\\\/wp-content\\\/uploads\\\/2026\\\/03\\\/sitrin-tesbih.webp\",\"contentUrl\":\"https:\\\/\\\/astrologelvan.com\\\/magaza\\\/wp-content\\\/uploads\\\/2026\\\/03\\\/sitrin-tesbih.webp\",\"width\":1024,\"height\":1536},{\"@type\":\"BreadcrumbList\",\"@id\":\"https:\\\/\\\/astrologelvan.com\\\/magaza\\\/urun\\\/33luk-sitrin-tesbih\\\/#breadcrumb\",\"itemListElement\":[{\"@type\":\"ListItem\",\"position\":1,\"name\":\"Anasayfa\",\"item\":\"https:\\\/\\\/astrologelvan.com\\\/magaza\\\/\"},{\"@type\":\"ListItem\",\"position\":2,\"name\":\"Ma\u011faza\",\"item\":\"https:\\\/\\\/astrologelvan.com\\\/magaza\\\/magaza\\\/\"},{\"@type\":\"ListItem\",\"position\":3,\"name\":\"33\u2019l\u00fck Sitrin Tesbih\"}]},{\"@type\":\"WebSite\",\"@id\":\"https:\\\/\\\/astrologelvan.com\\\/magaza\\\/#website\",\"url\":\"https:\\\/\\\/astrologelvan.com\\\/magaza\\\/\",\"name\":\"Astrolog Elvan\",\"description\":\"\",\"potentialAction\":[{\"@type\":\"SearchAction\",\"target\":{\"@type\":\"EntryPoint\",\"urlTemplate\":\"https:\\\/\\\/astrologelvan.com\\\/magaza\\\/?s={search_term_string}\"},\"query-input\":{\"@type\":\"PropertyValueSpecification\",\"valueRequired\":true,\"valueName\":\"search_term_string\"}}],\"inLanguage\":\"tr\"}]}<\/script>\n<!-- \/ Yoast SEO plugin. -->","yoast_head_json":{"title":"33\u2019l\u00fck Sitrin Tesbih - Astrolog Elvan","robots":{"index":"index","follow":"follow","max-snippet":"max-snippet:-1","max-image-preview":"max-image-preview:large","max-video-preview":"max-video-preview:-1"},"canonical":"https:\/\/astrologelvan.com\/magaza\/urun\/33luk-sitrin-tesbih\/","og_locale":"tr_TR","og_type":"article","og_title":"33\u2019l\u00fck Sitrin Tesbih - Astrolog Elvan","og_description":"Sitrin ta\u015f\u0131, \"bereket ta\u015f\u0131\" olarak da bilinir. Tarih boyunca ticaret yapanlar, sitrin ta\u015f\u0131n\u0131 kasalar\u0131nda veya c\u00fczdanlar\u0131nda bulundurarak finansal bereket ve bolluk elde etmeyi ama\u00e7lam\u0131\u015flard\u0131r. Sitrin ta\u015f\u0131 tesbih kullanarak bu enerjiyi hayat\u0131n\u0131za daha kolay dahil edebilirsiniz.  Her bir tanesi \u00f6zenle se\u00e7ilmi\u015f do\u011fal ta\u015flardan haz\u0131rlanm\u0131\u015ft\u0131r. T\u00fcm tesbihler el i\u015f\u00e7ili\u011fi ile dizilmi\u015ftir. \u0130mameler farkl\u0131l\u0131k g\u00f6sterebilir.","og_url":"https:\/\/astrologelvan.com\/magaza\/urun\/33luk-sitrin-tesbih\/","og_site_name":"Astrolog Elvan","article_modified_time":"2026-04-03T10:47:36+00:00","og_image":[{"width":1024,"height":1536,"url":"https:\/\/astrologelvan.com\/magaza\/wp-content\/uploads\/2026\/03\/sitrin-tesbih.webp","type":"image\/webp"}],"twitter_card":"summary_large_image","twitter_misc":{"Tahmini okuma s\u00fcresi":"1 dakika"},"schema":{"@context":"https:\/\/schema.org","@graph":[{"@type":["WebPage","ItemPage"],"@id":"https:\/\/astrologelvan.com\/magaza\/urun\/33luk-sitrin-tesbih\/","url":"https:\/\/astrologelvan.com\/magaza\/urun\/33luk-sitrin-tesbih\/","name":"33\u2019l\u00fck Sitrin Tesbih - Astrolog Elvan","isPartOf":{"@id":"https:\/\/astrologelvan.com\/magaza\/#website"},"primaryImageOfPage":{"@id":"https:\/\/astrologelvan.com\/magaza\/urun\/33luk-sitrin-tesbih\/#primaryimage"},"image":{"@id":"https:\/\/astrologelvan.com\/magaza\/urun\/33luk-sitrin-tesbih\/#primaryimage"},"thumbnailUrl":"https:\/\/astrologelvan.com\/magaza\/wp-content\/uploads\/2026\/03\/sitrin-tesbih.webp","datePublished":"2026-03-05T15:46:05+00:00","dateModified":"2026-04-03T10:47:36+00:00","breadcrumb":{"@id":"https:\/\/astrologelvan.com\/magaza\/urun\/33luk-sitrin-tesbih\/#breadcrumb"},"inLanguage":"tr","potentialAction":[{"@type":"ReadAction","target":["https:\/\/astrologelvan.com\/magaza\/urun\/33luk-sitrin-tesbih\/"]}]},{"@type":"ImageObject","inLanguage":"tr","@id":"https:\/\/astrologelvan.com\/magaza\/urun\/33luk-sitrin-tesbih\/#primaryimage","url":"https:\/\/astrologelvan.com\/magaza\/wp-content\/uploads\/2026\/03\/sitrin-tesbih.webp","contentUrl":"https:\/\/astrologelvan.com\/magaza\/wp-content\/uploads\/2026\/03\/sitrin-tesbih.webp","width":1024,"height":1536},{"@type":"BreadcrumbList","@id":"https:\/\/astrologelvan.com\/magaza\/urun\/33luk-sitrin-tesbih\/#breadcrumb","itemListElement":[{"@type":"ListItem","position":1,"name":"Anasayfa","item":"https:\/\/astrologelvan.com\/magaza\/"},{"@type":"ListItem","position":2,"name":"Ma\u011faza","item":"https:\/\/astrologelvan.com\/magaza\/magaza\/"},{"@type":"ListItem","position":3,"name":"33\u2019l\u00fck Sitrin Tesbih"}]},{"@type":"WebSite","@id":"https:\/\/astrologelvan.com\/magaza\/#website","url":"https:\/\/astrologelvan.com\/magaza\/","name":"Astrolog Elvan","description":"","potentialAction":[{"@type":"SearchAction","target":{"@type":"EntryPoint","urlTemplate":"https:\/\/astrologelvan.com\/magaza\/?s={search_term_string}"},"query-input":{"@type":"PropertyValueSpecification","valueRequired":true,"valueName":"search_term_string"}}],"inLanguage":"tr"}]}},"_links":{"self":[{"href":"https:\/\/astrologelvan.com\/magaza\/wp-json\/wp\/v2\/product\/168961","targetHints":{"allow":["GET"]}}],"collection":[{"href":"https:\/\/astrologelvan.com\/magaza\/wp-json\/wp\/v2\/product"}],"about":[{"href":"https:\/\/astrologelvan.com\/magaza\/wp-json\/wp\/v2\/types\/product"}],"replies":[{"embeddable":true,"href":"https:\/\/astrologelvan.com\/magaza\/wp-json\/wp\/v2\/comments?post=168961"}],"wp:featuredmedia":[{"embeddable":true,"href":"https:\/\/astrologelvan.com\/magaza\/wp-json\/wp\/v2\/media\/168962"}],"wp:attachment":[{"href":"https:\/\/astrologelvan.com\/magaza\/wp-json\/wp\/v2\/media?parent=168961"}],"wp:term":[{"taxonomy":"product_brand","embeddable":true,"href":"https:\/\/astrologelvan.com\/magaza\/wp-json\/wp\/v2\/product_brand?post=168961"},{"taxonomy":"product_cat","embeddable":true,"href":"https:\/\/astrologelvan.com\/magaza\/wp-json\/wp\/v2\/product_cat?post=168961"},{"taxonomy":"product_tag","embeddable":true,"href":"https:\/\/astrologelvan.com\/magaza\/wp-json\/wp\/v2\/product_tag?post=168961"}],"curies":[{"name":"wp","href":"https:\/\/api.w.org\/{rel}","templated":true}]}}