{"id":168953,"date":"2026-03-05T18:40:10","date_gmt":"2026-03-05T15:40:10","guid":{"rendered":"https:\/\/astrologelvan.com\/magaza\/?post_type=product&#038;p=168953"},"modified":"2026-03-09T14:59:40","modified_gmt":"2026-03-09T11:59:40","slug":"33luk-lapis-lazuli-tesbih","status":"publish","type":"product","link":"https:\/\/astrologelvan.com\/magaza\/urun\/33luk-lapis-lazuli-tesbih\/","title":{"rendered":"33\u2019l\u00fck Lapis Lazuli Tesbih"},"content":{"rendered":"","protected":false},"excerpt":{"rendered":"<p><strong>G\u00f6ky\u00fcz\u00fcn\u00fcn derin mavisini ta\u015f\u0131yan Lapis Lazuli, tarih boyunca bilgeli\u011fin ve i\u00e7sel g\u00fcc\u00fcn ta\u015f\u0131 olarak bilinmi\u015ftir.<\/strong> Antik M\u0131s\u0131r\u2019dan g\u00fcn\u00fcm\u00fcze kadar krallar\u0131n, bilginlerin ve spirit\u00fcel yolculuk yapanlar\u0131n en de\u011fer verdi\u011fi ta\u015flardan biridir.<\/p>\n<p>Her tanesinde do\u011fan\u0131n e\u015fsiz dokusunu bar\u0131nd\u0131ran bu 33\u2019l\u00fck Lapis Lazuli tesbih, \u00f6zenli el i\u015f\u00e7ili\u011fiyle haz\u0131rlanm\u0131\u015ft\u0131r.<\/p>\n","protected":false},"featured_media":168954,"comment_status":"open","ping_status":"closed","template":"","meta":[],"product_brand":[596],"product_cat":[165,9602],"product_tag":[],"class_list":{"0":"post-168953","1":"product","2":"type-product","3":"status-publish","4":"has-post-thumbnail","6":"product_brand-astrolog-elvan","7":"product_cat-lapis-lazuli","8":"product_cat-tesbih","10":"first","11":"instock","12":"taxable","13":"shipping-taxable","14":"purchasable","15":"product-type-simple"},"yoast_head":"<!-- This site is optimized with the Yoast SEO plugin v27.3 - https:\/\/yoast.com\/product\/yoast-seo-wordpress\/ -->\n<title>33\u2019l\u00fck Lapis Lazuli Tesbih - Astrolog Elvan<\/title>\n<meta name=\"robots\" content=\"index, follow, max-snippet:-1, max-image-preview:large, max-video-preview:-1\" \/>\n<link rel=\"canonical\" href=\"https:\/\/astrologelvan.com\/magaza\/urun\/33luk-lapis-lazuli-tesbih\/\" \/>\n<meta property=\"og:locale\" content=\"tr_TR\" \/>\n<meta property=\"og:type\" content=\"article\" \/>\n<meta property=\"og:title\" content=\"33\u2019l\u00fck Lapis Lazuli Tesbih - Astrolog Elvan\" \/>\n<meta property=\"og:description\" content=\"G\u00f6ky\u00fcz\u00fcn\u00fcn derin mavisini ta\u015f\u0131yan Lapis Lazuli, tarih boyunca bilgeli\u011fin ve i\u00e7sel g\u00fcc\u00fcn ta\u015f\u0131 olarak bilinmi\u015ftir. Antik M\u0131s\u0131r\u2019dan g\u00fcn\u00fcm\u00fcze kadar krallar\u0131n, bilginlerin ve spirit\u00fcel yolculuk yapanlar\u0131n en de\u011fer verdi\u011fi ta\u015flardan biridir.  Her tanesinde do\u011fan\u0131n e\u015fsiz dokusunu bar\u0131nd\u0131ran bu 33\u2019l\u00fck Lapis Lazuli tesbih, \u00f6zenli el i\u015f\u00e7ili\u011fiyle haz\u0131rlanm\u0131\u015ft\u0131r.\" \/>\n<meta property=\"og:url\" content=\"https:\/\/astrologelvan.com\/magaza\/urun\/33luk-lapis-lazuli-tesbih\/\" \/>\n<meta property=\"og:site_name\" content=\"Astrolog Elvan\" \/>\n<meta property=\"article:modified_time\" content=\"2026-03-09T11:59:40+00:00\" \/>\n<meta property=\"og:image\" content=\"https:\/\/astrologelvan.com\/magaza\/wp-content\/uploads\/2026\/03\/laips-tesbih.jpg\" \/>\n\t<meta property=\"og:image:width\" content=\"1063\" \/>\n\t<meta property=\"og:image:height\" content=\"1418\" \/>\n\t<meta property=\"og:image:type\" content=\"image\/jpeg\" \/>\n<meta name=\"twitter:card\" content=\"summary_large_image\" \/>\n<meta name=\"twitter:label1\" content=\"Tahmini okuma s\u00fcresi\" \/>\n\t<meta name=\"twitter:data1\" content=\"1 dakika\" \/>\n<script type=\"application\/ld+json\" class=\"yoast-schema-graph\">{\"@context\":\"https:\\\/\\\/schema.org\",\"@graph\":[{\"@type\":[\"WebPage\",\"ItemPage\"],\"@id\":\"https:\\\/\\\/astrologelvan.com\\\/magaza\\\/urun\\\/33luk-lapis-lazuli-tesbih\\\/\",\"url\":\"https:\\\/\\\/astrologelvan.com\\\/magaza\\\/urun\\\/33luk-lapis-lazuli-tesbih\\\/\",\"name\":\"33\u2019l\u00fck Lapis Lazuli Tesbih - Astrolog Elvan\",\"isPartOf\":{\"@id\":\"https:\\\/\\\/astrologelvan.com\\\/magaza\\\/#website\"},\"primaryImageOfPage\":{\"@id\":\"https:\\\/\\\/astrologelvan.com\\\/magaza\\\/urun\\\/33luk-lapis-lazuli-tesbih\\\/#primaryimage\"},\"image\":{\"@id\":\"https:\\\/\\\/astrologelvan.com\\\/magaza\\\/urun\\\/33luk-lapis-lazuli-tesbih\\\/#primaryimage\"},\"thumbnailUrl\":\"https:\\\/\\\/astrologelvan.com\\\/magaza\\\/wp-content\\\/uploads\\\/2026\\\/03\\\/laips-tesbih.jpg\",\"datePublished\":\"2026-03-05T15:40:10+00:00\",\"dateModified\":\"2026-03-09T11:59:40+00:00\",\"breadcrumb\":{\"@id\":\"https:\\\/\\\/astrologelvan.com\\\/magaza\\\/urun\\\/33luk-lapis-lazuli-tesbih\\\/#breadcrumb\"},\"inLanguage\":\"tr\",\"potentialAction\":[{\"@type\":\"ReadAction\",\"target\":[\"https:\\\/\\\/astrologelvan.com\\\/magaza\\\/urun\\\/33luk-lapis-lazuli-tesbih\\\/\"]}]},{\"@type\":\"ImageObject\",\"inLanguage\":\"tr\",\"@id\":\"https:\\\/\\\/astrologelvan.com\\\/magaza\\\/urun\\\/33luk-lapis-lazuli-tesbih\\\/#primaryimage\",\"url\":\"https:\\\/\\\/astrologelvan.com\\\/magaza\\\/wp-content\\\/uploads\\\/2026\\\/03\\\/laips-tesbih.jpg\",\"contentUrl\":\"https:\\\/\\\/astrologelvan.com\\\/magaza\\\/wp-content\\\/uploads\\\/2026\\\/03\\\/laips-tesbih.jpg\",\"width\":1063,\"height\":1418},{\"@type\":\"BreadcrumbList\",\"@id\":\"https:\\\/\\\/astrologelvan.com\\\/magaza\\\/urun\\\/33luk-lapis-lazuli-tesbih\\\/#breadcrumb\",\"itemListElement\":[{\"@type\":\"ListItem\",\"position\":1,\"name\":\"Anasayfa\",\"item\":\"https:\\\/\\\/astrologelvan.com\\\/magaza\\\/\"},{\"@type\":\"ListItem\",\"position\":2,\"name\":\"Ma\u011faza\",\"item\":\"https:\\\/\\\/astrologelvan.com\\\/magaza\\\/magaza\\\/\"},{\"@type\":\"ListItem\",\"position\":3,\"name\":\"33\u2019l\u00fck Lapis Lazuli Tesbih\"}]},{\"@type\":\"WebSite\",\"@id\":\"https:\\\/\\\/astrologelvan.com\\\/magaza\\\/#website\",\"url\":\"https:\\\/\\\/astrologelvan.com\\\/magaza\\\/\",\"name\":\"Astrolog Elvan\",\"description\":\"\",\"potentialAction\":[{\"@type\":\"SearchAction\",\"target\":{\"@type\":\"EntryPoint\",\"urlTemplate\":\"https:\\\/\\\/astrologelvan.com\\\/magaza\\\/?s={search_term_string}\"},\"query-input\":{\"@type\":\"PropertyValueSpecification\",\"valueRequired\":true,\"valueName\":\"search_term_string\"}}],\"inLanguage\":\"tr\"}]}<\/script>\n<!-- \/ Yoast SEO plugin. -->","yoast_head_json":{"title":"33\u2019l\u00fck Lapis Lazuli Tesbih - Astrolog Elvan","robots":{"index":"index","follow":"follow","max-snippet":"max-snippet:-1","max-image-preview":"max-image-preview:large","max-video-preview":"max-video-preview:-1"},"canonical":"https:\/\/astrologelvan.com\/magaza\/urun\/33luk-lapis-lazuli-tesbih\/","og_locale":"tr_TR","og_type":"article","og_title":"33\u2019l\u00fck Lapis Lazuli Tesbih - Astrolog Elvan","og_description":"G\u00f6ky\u00fcz\u00fcn\u00fcn derin mavisini ta\u015f\u0131yan Lapis Lazuli, tarih boyunca bilgeli\u011fin ve i\u00e7sel g\u00fcc\u00fcn ta\u015f\u0131 olarak bilinmi\u015ftir. Antik M\u0131s\u0131r\u2019dan g\u00fcn\u00fcm\u00fcze kadar krallar\u0131n, bilginlerin ve spirit\u00fcel yolculuk yapanlar\u0131n en de\u011fer verdi\u011fi ta\u015flardan biridir.  Her tanesinde do\u011fan\u0131n e\u015fsiz dokusunu bar\u0131nd\u0131ran bu 33\u2019l\u00fck Lapis Lazuli tesbih, \u00f6zenli el i\u015f\u00e7ili\u011fiyle haz\u0131rlanm\u0131\u015ft\u0131r.","og_url":"https:\/\/astrologelvan.com\/magaza\/urun\/33luk-lapis-lazuli-tesbih\/","og_site_name":"Astrolog Elvan","article_modified_time":"2026-03-09T11:59:40+00:00","og_image":[{"width":1063,"height":1418,"url":"https:\/\/astrologelvan.com\/magaza\/wp-content\/uploads\/2026\/03\/laips-tesbih.jpg","type":"image\/jpeg"}],"twitter_card":"summary_large_image","twitter_misc":{"Tahmini okuma s\u00fcresi":"1 dakika"},"schema":{"@context":"https:\/\/schema.org","@graph":[{"@type":["WebPage","ItemPage"],"@id":"https:\/\/astrologelvan.com\/magaza\/urun\/33luk-lapis-lazuli-tesbih\/","url":"https:\/\/astrologelvan.com\/magaza\/urun\/33luk-lapis-lazuli-tesbih\/","name":"33\u2019l\u00fck Lapis Lazuli Tesbih - Astrolog Elvan","isPartOf":{"@id":"https:\/\/astrologelvan.com\/magaza\/#website"},"primaryImageOfPage":{"@id":"https:\/\/astrologelvan.com\/magaza\/urun\/33luk-lapis-lazuli-tesbih\/#primaryimage"},"image":{"@id":"https:\/\/astrologelvan.com\/magaza\/urun\/33luk-lapis-lazuli-tesbih\/#primaryimage"},"thumbnailUrl":"https:\/\/astrologelvan.com\/magaza\/wp-content\/uploads\/2026\/03\/laips-tesbih.jpg","datePublished":"2026-03-05T15:40:10+00:00","dateModified":"2026-03-09T11:59:40+00:00","breadcrumb":{"@id":"https:\/\/astrologelvan.com\/magaza\/urun\/33luk-lapis-lazuli-tesbih\/#breadcrumb"},"inLanguage":"tr","potentialAction":[{"@type":"ReadAction","target":["https:\/\/astrologelvan.com\/magaza\/urun\/33luk-lapis-lazuli-tesbih\/"]}]},{"@type":"ImageObject","inLanguage":"tr","@id":"https:\/\/astrologelvan.com\/magaza\/urun\/33luk-lapis-lazuli-tesbih\/#primaryimage","url":"https:\/\/astrologelvan.com\/magaza\/wp-content\/uploads\/2026\/03\/laips-tesbih.jpg","contentUrl":"https:\/\/astrologelvan.com\/magaza\/wp-content\/uploads\/2026\/03\/laips-tesbih.jpg","width":1063,"height":1418},{"@type":"BreadcrumbList","@id":"https:\/\/astrologelvan.com\/magaza\/urun\/33luk-lapis-lazuli-tesbih\/#breadcrumb","itemListElement":[{"@type":"ListItem","position":1,"name":"Anasayfa","item":"https:\/\/astrologelvan.com\/magaza\/"},{"@type":"ListItem","position":2,"name":"Ma\u011faza","item":"https:\/\/astrologelvan.com\/magaza\/magaza\/"},{"@type":"ListItem","position":3,"name":"33\u2019l\u00fck Lapis Lazuli Tesbih"}]},{"@type":"WebSite","@id":"https:\/\/astrologelvan.com\/magaza\/#website","url":"https:\/\/astrologelvan.com\/magaza\/","name":"Astrolog Elvan","description":"","potentialAction":[{"@type":"SearchAction","target":{"@type":"EntryPoint","urlTemplate":"https:\/\/astrologelvan.com\/magaza\/?s={search_term_string}"},"query-input":{"@type":"PropertyValueSpecification","valueRequired":true,"valueName":"search_term_string"}}],"inLanguage":"tr"}]}},"_links":{"self":[{"href":"https:\/\/astrologelvan.com\/magaza\/wp-json\/wp\/v2\/product\/168953","targetHints":{"allow":["GET"]}}],"collection":[{"href":"https:\/\/astrologelvan.com\/magaza\/wp-json\/wp\/v2\/product"}],"about":[{"href":"https:\/\/astrologelvan.com\/magaza\/wp-json\/wp\/v2\/types\/product"}],"replies":[{"embeddable":true,"href":"https:\/\/astrologelvan.com\/magaza\/wp-json\/wp\/v2\/comments?post=168953"}],"wp:featuredmedia":[{"embeddable":true,"href":"https:\/\/astrologelvan.com\/magaza\/wp-json\/wp\/v2\/media\/168954"}],"wp:attachment":[{"href":"https:\/\/astrologelvan.com\/magaza\/wp-json\/wp\/v2\/media?parent=168953"}],"wp:term":[{"taxonomy":"product_brand","embeddable":true,"href":"https:\/\/astrologelvan.com\/magaza\/wp-json\/wp\/v2\/product_brand?post=168953"},{"taxonomy":"product_cat","embeddable":true,"href":"https:\/\/astrologelvan.com\/magaza\/wp-json\/wp\/v2\/product_cat?post=168953"},{"taxonomy":"product_tag","embeddable":true,"href":"https:\/\/astrologelvan.com\/magaza\/wp-json\/wp\/v2\/product_tag?post=168953"}],"curies":[{"name":"wp","href":"https:\/\/api.w.org\/{rel}","templated":true}]}}