{"id":16801,"date":"2024-10-04T16:43:22","date_gmt":"2024-10-04T13:43:22","guid":{"rendered":"https:\/\/astrologelvan.com\/magaza\/?post_type=product&#038;p=16801"},"modified":"2025-10-06T08:15:20","modified_gmt":"2025-10-06T05:15:20","slug":"sahmaran","status":"publish","type":"product","link":"https:\/\/astrologelvan.com\/magaza\/urun\/sahmaran\/","title":{"rendered":"\u015eAHMARAN"},"content":{"rendered":"<p>\u015eahmaran : 7,9 Gram<\/p>\n<p>Pirin\u00e7 Kaplama<\/p>\n","protected":false},"excerpt":{"rendered":"<p>Y\u0131lanlar\u0131n ba\u015f\u0131 \u015eahmaran, yeralt\u0131 ile yery\u00fcz\u00fc aras\u0131ndaki dengeyi, do\u011furganl\u0131\u011f\u0131, bereketi, b\u00fcy\u00fcmeyi ve bilgeli\u011fi anlat\u0131r. Y\u0131lan sembol\u00fc bir\u00e7ok mitte \u015fifac\u0131d\u0131r. Derinde yatan do\u011frular\u0131 g\u00f6rmeyi ve hayat\u0131m\u0131zda neresi bulan\u0131ksa oraya netlik getirmeyi anlat\u0131r.<\/p>\n<p>G\u00f6r\u00fcn\u00fc\u015f itibariyle fallusu simgeleyen y\u0131lan, do\u011furganl\u0131\u011f\u0131 anlat\u0131r. B\u00fcy\u00fcmesini istedi\u011finiz her i\u015fe ba\u015flarken y\u0131lan semboll\u00fc tak\u0131 koleksiyonumuzu kullanabilirsiniz.<\/p>\n<p>Y\u0131lan da hem toprak \u00fczerinde hem de toprak alt\u0131nda ya\u015far. Yani, bereketi anlatan topra\u011f\u0131 d\u00f6ller. Y\u0131lan sembol\u00fc baz\u0131 kaynaklarda, kad\u0131n\u0131n toplay\u0131c\u0131 erke\u011fin avc\u0131 oldu\u011fu d\u00f6nemlerdeki gibi avc\u0131 toplay\u0131c\u0131 toplumlardaki erkek ile de benzerlik g\u00f6sterir. Ve bu sembol, kendi tabiat\u0131na uygun, avc\u0131 kalabilmi\u015f, g\u00fc\u00e7l\u00fc ve dengeli eril enerjiye sahip erke\u011fi hayat\u0131n\u0131za \u00e7ekmeye yarar.<\/p>\n<p>Y\u0131lan baz\u0131 k\u00fclt\u00fcrlerde su ile ba\u011flant\u0131l\u0131d\u0131r. Su di\u015fi bir unsur olarak t\u00fcm toplumlarda ya\u015fam\u0131n kayna\u011f\u0131n\u0131, bereketi ve safl\u0131\u011f\u0131 anlat\u0131r. Bu noktada i\u00e7indeki eril ve di\u015fil y\u00f6nle dengede ileti\u015fim kurmay\u0131 anlat\u0131r.<\/p>\n<p>Unutmay\u0131n ki ilk insan toprak ve sudan yarat\u0131lm\u0131\u015ft\u0131r. Y\u0131lan hem su hem de toprakla ili\u015fkilidir.<\/p>\n<p>\u015eahmaran, hastalar\u0131 iyile\u015ftiren, can veren, bilgelik simgesi bir yarat\u0131kt\u0131r. D\u00fcnyan\u0131n \u00e7e\u015fitli \u00fclkelerindeki inan\u00e7lara g\u00f6re kad\u0131n\u0131, dolay\u0131s\u0131yla do\u011furganl\u0131\u011f\u0131 ve bereketi simgeleyen \u015eahmeran ayn\u0131 zamanda ya\u015fam\u0131n ve de\u011fi\u015fimin de simgesidir.<\/p>\n<p>Yeralt\u0131nda b\u00fcy\u00fck bir krall\u0131\u011f\u0131 olan \u015eahmeran hi\u00e7bir zaman ya\u015flanmaz. Kimi mitlerde eti, kimi mitlerde ise s\u00fct\u00fc \u015fifal\u0131d\u0131r. \u0130\u00e7en ki\u015fide hastal\u0131k kalmaz ve \u00f6l\u00fcmc\u00fcl hastal\u0131klar\u0131ndan iyile\u015firler. Fakat \u201cBinbir Gece Masallar\u0131\u201dndaki hik\u00e2yede verdi\u011fi iki \u015fi\u015feden biri zehirdir. Bu da asl\u0131nda, insan\u0131n i\u00e7indeki g\u00f6lgeyle y\u00fczle\u015fmesini ve sonras\u0131nda \u015fifa bulma s\u00fcrecini anlat\u0131r. Bir y\u0131lan, tehlike alt\u0131ndaysa kendini savunacak g\u00fcce ve zehre de sahiptir.<\/p>\n<p>&nbsp;<\/p>\n<p>Hayat\u0131nda de\u011fi\u015fim, d\u00f6n\u00fc\u015f\u00fcm ya\u015fayan, kar\u015f\u0131s\u0131na eril enerjili erkeklerin \u00e7\u0131kmas\u0131n\u0131 isteyen, bilgeli\u011fini, bereketini, do\u011furganl\u0131\u011f\u0131n\u0131 beslemek isteyen herkes takabilir.<\/p>\n","protected":false},"featured_media":16804,"comment_status":"open","ping_status":"closed","template":"","meta":[],"product_brand":[],"product_cat":[114],"product_tag":[],"class_list":{"0":"post-16801","1":"product","2":"type-product","3":"status-publish","4":"has-post-thumbnail","6":"product_cat-limited-edition","8":"first","9":"instock","10":"taxable","11":"shipping-taxable","12":"purchasable","13":"product-type-simple"},"yoast_head":"<!-- This site is optimized with the Yoast SEO plugin v27.3 - https:\/\/yoast.com\/product\/yoast-seo-wordpress\/ -->\n<title>\u015eAHMARAN - Astrolog Elvan<\/title>\n<meta name=\"robots\" content=\"index, follow, max-snippet:-1, max-image-preview:large, max-video-preview:-1\" \/>\n<link rel=\"canonical\" href=\"https:\/\/astrologelvan.com\/magaza\/urun\/sahmaran\/\" \/>\n<meta property=\"og:locale\" content=\"tr_TR\" \/>\n<meta property=\"og:type\" content=\"article\" \/>\n<meta property=\"og:title\" content=\"\u015eAHMARAN - Astrolog Elvan\" \/>\n<meta property=\"og:description\" content=\"Y\u0131lanlar\u0131n ba\u015f\u0131 \u015eahmaran, yeralt\u0131 ile yery\u00fcz\u00fc aras\u0131ndaki dengeyi, do\u011furganl\u0131\u011f\u0131, bereketi, b\u00fcy\u00fcmeyi ve bilgeli\u011fi anlat\u0131r. Y\u0131lan sembol\u00fc bir\u00e7ok mitte \u015fifac\u0131d\u0131r. Derinde yatan do\u011frular\u0131 g\u00f6rmeyi ve hayat\u0131m\u0131zda neresi bulan\u0131ksa oraya netlik getirmeyi anlat\u0131r.  G\u00f6r\u00fcn\u00fc\u015f itibariyle fallusu simgeleyen y\u0131lan, do\u011furganl\u0131\u011f\u0131 anlat\u0131r. B\u00fcy\u00fcmesini istedi\u011finiz her i\u015fe ba\u015flarken y\u0131lan semboll\u00fc tak\u0131 koleksiyonumuzu kullanabilirsiniz.  Y\u0131lan da hem toprak \u00fczerinde hem de toprak alt\u0131nda ya\u015far. Yani, bereketi anlatan topra\u011f\u0131 d\u00f6ller. Y\u0131lan sembol\u00fc baz\u0131 kaynaklarda, kad\u0131n\u0131n toplay\u0131c\u0131 erke\u011fin avc\u0131 oldu\u011fu d\u00f6nemlerdeki gibi avc\u0131 toplay\u0131c\u0131 toplumlardaki erkek ile de benzerlik g\u00f6sterir. Ve bu sembol, kendi tabiat\u0131na uygun, avc\u0131 kalabilmi\u015f, g\u00fc\u00e7l\u00fc ve dengeli eril enerjiye sahip erke\u011fi hayat\u0131n\u0131za \u00e7ekmeye yarar.  Y\u0131lan baz\u0131 k\u00fclt\u00fcrlerde su ile ba\u011flant\u0131l\u0131d\u0131r. Su di\u015fi bir unsur olarak t\u00fcm toplumlarda ya\u015fam\u0131n kayna\u011f\u0131n\u0131, bereketi ve safl\u0131\u011f\u0131 anlat\u0131r. Bu noktada i\u00e7indeki eril ve di\u015fil y\u00f6nle dengede ileti\u015fim kurmay\u0131 anlat\u0131r.  Unutmay\u0131n ki ilk insan toprak ve sudan yarat\u0131lm\u0131\u015ft\u0131r. Y\u0131lan hem su hem de toprakla ili\u015fkilidir.  \u015eahmaran, hastalar\u0131 iyile\u015ftiren, can veren, bilgelik simgesi bir yarat\u0131kt\u0131r. D\u00fcnyan\u0131n \u00e7e\u015fitli \u00fclkelerindeki inan\u00e7lara g\u00f6re kad\u0131n\u0131, dolay\u0131s\u0131yla do\u011furganl\u0131\u011f\u0131 ve bereketi simgeleyen \u015eahmeran ayn\u0131 zamanda ya\u015fam\u0131n ve de\u011fi\u015fimin de simgesidir.  Yeralt\u0131nda b\u00fcy\u00fck bir krall\u0131\u011f\u0131 olan \u015eahmeran hi\u00e7bir zaman ya\u015flanmaz. Kimi mitlerde eti, kimi mitlerde ise s\u00fct\u00fc \u015fifal\u0131d\u0131r. \u0130\u00e7en ki\u015fide hastal\u0131k kalmaz ve \u00f6l\u00fcmc\u00fcl hastal\u0131klar\u0131ndan iyile\u015firler. Fakat \u201cBinbir Gece Masallar\u0131\u201dndaki hik\u00e2yede verdi\u011fi iki \u015fi\u015feden biri zehirdir. Bu da asl\u0131nda, insan\u0131n i\u00e7indeki g\u00f6lgeyle y\u00fczle\u015fmesini ve sonras\u0131nda \u015fifa bulma s\u00fcrecini anlat\u0131r. Bir y\u0131lan, tehlike alt\u0131ndaysa kendini savunacak g\u00fcce ve zehre de sahiptir.  &nbsp;  Hayat\u0131nda de\u011fi\u015fim, d\u00f6n\u00fc\u015f\u00fcm ya\u015fayan, kar\u015f\u0131s\u0131na eril enerjili erkeklerin \u00e7\u0131kmas\u0131n\u0131 isteyen, bilgeli\u011fini, bereketini, do\u011furganl\u0131\u011f\u0131n\u0131 beslemek isteyen herkes takabilir.\" \/>\n<meta property=\"og:url\" content=\"https:\/\/astrologelvan.com\/magaza\/urun\/sahmaran\/\" \/>\n<meta property=\"og:site_name\" content=\"Astrolog Elvan\" \/>\n<meta property=\"article:modified_time\" content=\"2025-10-06T05:15:20+00:00\" \/>\n<meta property=\"og:image\" content=\"https:\/\/astrologelvan.com\/magaza\/wp-content\/uploads\/2024\/10\/Sahmaran-1-scaled.jpg\" \/>\n\t<meta property=\"og:image:width\" content=\"1920\" \/>\n\t<meta property=\"og:image:height\" content=\"2560\" \/>\n\t<meta property=\"og:image:type\" content=\"image\/jpeg\" \/>\n<meta name=\"twitter:card\" content=\"summary_large_image\" \/>\n<meta name=\"twitter:label1\" content=\"Tahmini okuma s\u00fcresi\" \/>\n\t<meta name=\"twitter:data1\" content=\"1 dakika\" \/>\n<script type=\"application\/ld+json\" class=\"yoast-schema-graph\">{\"@context\":\"https:\\\/\\\/schema.org\",\"@graph\":[{\"@type\":[\"WebPage\",\"ItemPage\"],\"@id\":\"https:\\\/\\\/astrologelvan.com\\\/magaza\\\/urun\\\/sahmaran\\\/\",\"url\":\"https:\\\/\\\/astrologelvan.com\\\/magaza\\\/urun\\\/sahmaran\\\/\",\"name\":\"\u015eAHMARAN - Astrolog Elvan\",\"isPartOf\":{\"@id\":\"https:\\\/\\\/astrologelvan.com\\\/magaza\\\/#website\"},\"primaryImageOfPage\":{\"@id\":\"https:\\\/\\\/astrologelvan.com\\\/magaza\\\/urun\\\/sahmaran\\\/#primaryimage\"},\"image\":{\"@id\":\"https:\\\/\\\/astrologelvan.com\\\/magaza\\\/urun\\\/sahmaran\\\/#primaryimage\"},\"thumbnailUrl\":\"https:\\\/\\\/astrologelvan.com\\\/magaza\\\/wp-content\\\/uploads\\\/2024\\\/10\\\/Sahmaran-1-scaled.jpg\",\"datePublished\":\"2024-10-04T13:43:22+00:00\",\"dateModified\":\"2025-10-06T05:15:20+00:00\",\"breadcrumb\":{\"@id\":\"https:\\\/\\\/astrologelvan.com\\\/magaza\\\/urun\\\/sahmaran\\\/#breadcrumb\"},\"inLanguage\":\"tr\",\"potentialAction\":[{\"@type\":\"ReadAction\",\"target\":[\"https:\\\/\\\/astrologelvan.com\\\/magaza\\\/urun\\\/sahmaran\\\/\"]}]},{\"@type\":\"ImageObject\",\"inLanguage\":\"tr\",\"@id\":\"https:\\\/\\\/astrologelvan.com\\\/magaza\\\/urun\\\/sahmaran\\\/#primaryimage\",\"url\":\"https:\\\/\\\/astrologelvan.com\\\/magaza\\\/wp-content\\\/uploads\\\/2024\\\/10\\\/Sahmaran-1-scaled.jpg\",\"contentUrl\":\"https:\\\/\\\/astrologelvan.com\\\/magaza\\\/wp-content\\\/uploads\\\/2024\\\/10\\\/Sahmaran-1-scaled.jpg\",\"width\":1920,\"height\":2560},{\"@type\":\"BreadcrumbList\",\"@id\":\"https:\\\/\\\/astrologelvan.com\\\/magaza\\\/urun\\\/sahmaran\\\/#breadcrumb\",\"itemListElement\":[{\"@type\":\"ListItem\",\"position\":1,\"name\":\"Anasayfa\",\"item\":\"https:\\\/\\\/astrologelvan.com\\\/magaza\\\/\"},{\"@type\":\"ListItem\",\"position\":2,\"name\":\"Ma\u011faza\",\"item\":\"https:\\\/\\\/astrologelvan.com\\\/magaza\\\/magaza\\\/\"},{\"@type\":\"ListItem\",\"position\":3,\"name\":\"\u015eAHMARAN\"}]},{\"@type\":\"WebSite\",\"@id\":\"https:\\\/\\\/astrologelvan.com\\\/magaza\\\/#website\",\"url\":\"https:\\\/\\\/astrologelvan.com\\\/magaza\\\/\",\"name\":\"Astrolog Elvan\",\"description\":\"\",\"potentialAction\":[{\"@type\":\"SearchAction\",\"target\":{\"@type\":\"EntryPoint\",\"urlTemplate\":\"https:\\\/\\\/astrologelvan.com\\\/magaza\\\/?s={search_term_string}\"},\"query-input\":{\"@type\":\"PropertyValueSpecification\",\"valueRequired\":true,\"valueName\":\"search_term_string\"}}],\"inLanguage\":\"tr\"}]}<\/script>\n<!-- \/ Yoast SEO plugin. -->","yoast_head_json":{"title":"\u015eAHMARAN - Astrolog Elvan","robots":{"index":"index","follow":"follow","max-snippet":"max-snippet:-1","max-image-preview":"max-image-preview:large","max-video-preview":"max-video-preview:-1"},"canonical":"https:\/\/astrologelvan.com\/magaza\/urun\/sahmaran\/","og_locale":"tr_TR","og_type":"article","og_title":"\u015eAHMARAN - Astrolog Elvan","og_description":"Y\u0131lanlar\u0131n ba\u015f\u0131 \u015eahmaran, yeralt\u0131 ile yery\u00fcz\u00fc aras\u0131ndaki dengeyi, do\u011furganl\u0131\u011f\u0131, bereketi, b\u00fcy\u00fcmeyi ve bilgeli\u011fi anlat\u0131r. Y\u0131lan sembol\u00fc bir\u00e7ok mitte \u015fifac\u0131d\u0131r. Derinde yatan do\u011frular\u0131 g\u00f6rmeyi ve hayat\u0131m\u0131zda neresi bulan\u0131ksa oraya netlik getirmeyi anlat\u0131r.  G\u00f6r\u00fcn\u00fc\u015f itibariyle fallusu simgeleyen y\u0131lan, do\u011furganl\u0131\u011f\u0131 anlat\u0131r. B\u00fcy\u00fcmesini istedi\u011finiz her i\u015fe ba\u015flarken y\u0131lan semboll\u00fc tak\u0131 koleksiyonumuzu kullanabilirsiniz.  Y\u0131lan da hem toprak \u00fczerinde hem de toprak alt\u0131nda ya\u015far. Yani, bereketi anlatan topra\u011f\u0131 d\u00f6ller. Y\u0131lan sembol\u00fc baz\u0131 kaynaklarda, kad\u0131n\u0131n toplay\u0131c\u0131 erke\u011fin avc\u0131 oldu\u011fu d\u00f6nemlerdeki gibi avc\u0131 toplay\u0131c\u0131 toplumlardaki erkek ile de benzerlik g\u00f6sterir. Ve bu sembol, kendi tabiat\u0131na uygun, avc\u0131 kalabilmi\u015f, g\u00fc\u00e7l\u00fc ve dengeli eril enerjiye sahip erke\u011fi hayat\u0131n\u0131za \u00e7ekmeye yarar.  Y\u0131lan baz\u0131 k\u00fclt\u00fcrlerde su ile ba\u011flant\u0131l\u0131d\u0131r. Su di\u015fi bir unsur olarak t\u00fcm toplumlarda ya\u015fam\u0131n kayna\u011f\u0131n\u0131, bereketi ve safl\u0131\u011f\u0131 anlat\u0131r. Bu noktada i\u00e7indeki eril ve di\u015fil y\u00f6nle dengede ileti\u015fim kurmay\u0131 anlat\u0131r.  Unutmay\u0131n ki ilk insan toprak ve sudan yarat\u0131lm\u0131\u015ft\u0131r. Y\u0131lan hem su hem de toprakla ili\u015fkilidir.  \u015eahmaran, hastalar\u0131 iyile\u015ftiren, can veren, bilgelik simgesi bir yarat\u0131kt\u0131r. D\u00fcnyan\u0131n \u00e7e\u015fitli \u00fclkelerindeki inan\u00e7lara g\u00f6re kad\u0131n\u0131, dolay\u0131s\u0131yla do\u011furganl\u0131\u011f\u0131 ve bereketi simgeleyen \u015eahmeran ayn\u0131 zamanda ya\u015fam\u0131n ve de\u011fi\u015fimin de simgesidir.  Yeralt\u0131nda b\u00fcy\u00fck bir krall\u0131\u011f\u0131 olan \u015eahmeran hi\u00e7bir zaman ya\u015flanmaz. Kimi mitlerde eti, kimi mitlerde ise s\u00fct\u00fc \u015fifal\u0131d\u0131r. \u0130\u00e7en ki\u015fide hastal\u0131k kalmaz ve \u00f6l\u00fcmc\u00fcl hastal\u0131klar\u0131ndan iyile\u015firler. Fakat \u201cBinbir Gece Masallar\u0131\u201dndaki hik\u00e2yede verdi\u011fi iki \u015fi\u015feden biri zehirdir. Bu da asl\u0131nda, insan\u0131n i\u00e7indeki g\u00f6lgeyle y\u00fczle\u015fmesini ve sonras\u0131nda \u015fifa bulma s\u00fcrecini anlat\u0131r. Bir y\u0131lan, tehlike alt\u0131ndaysa kendini savunacak g\u00fcce ve zehre de sahiptir.  &nbsp;  Hayat\u0131nda de\u011fi\u015fim, d\u00f6n\u00fc\u015f\u00fcm ya\u015fayan, kar\u015f\u0131s\u0131na eril enerjili erkeklerin \u00e7\u0131kmas\u0131n\u0131 isteyen, bilgeli\u011fini, bereketini, do\u011furganl\u0131\u011f\u0131n\u0131 beslemek isteyen herkes takabilir.","og_url":"https:\/\/astrologelvan.com\/magaza\/urun\/sahmaran\/","og_site_name":"Astrolog Elvan","article_modified_time":"2025-10-06T05:15:20+00:00","og_image":[{"width":1920,"height":2560,"url":"https:\/\/astrologelvan.com\/magaza\/wp-content\/uploads\/2024\/10\/Sahmaran-1-scaled.jpg","type":"image\/jpeg"}],"twitter_card":"summary_large_image","twitter_misc":{"Tahmini okuma s\u00fcresi":"1 dakika"},"schema":{"@context":"https:\/\/schema.org","@graph":[{"@type":["WebPage","ItemPage"],"@id":"https:\/\/astrologelvan.com\/magaza\/urun\/sahmaran\/","url":"https:\/\/astrologelvan.com\/magaza\/urun\/sahmaran\/","name":"\u015eAHMARAN - Astrolog Elvan","isPartOf":{"@id":"https:\/\/astrologelvan.com\/magaza\/#website"},"primaryImageOfPage":{"@id":"https:\/\/astrologelvan.com\/magaza\/urun\/sahmaran\/#primaryimage"},"image":{"@id":"https:\/\/astrologelvan.com\/magaza\/urun\/sahmaran\/#primaryimage"},"thumbnailUrl":"https:\/\/astrologelvan.com\/magaza\/wp-content\/uploads\/2024\/10\/Sahmaran-1-scaled.jpg","datePublished":"2024-10-04T13:43:22+00:00","dateModified":"2025-10-06T05:15:20+00:00","breadcrumb":{"@id":"https:\/\/astrologelvan.com\/magaza\/urun\/sahmaran\/#breadcrumb"},"inLanguage":"tr","potentialAction":[{"@type":"ReadAction","target":["https:\/\/astrologelvan.com\/magaza\/urun\/sahmaran\/"]}]},{"@type":"ImageObject","inLanguage":"tr","@id":"https:\/\/astrologelvan.com\/magaza\/urun\/sahmaran\/#primaryimage","url":"https:\/\/astrologelvan.com\/magaza\/wp-content\/uploads\/2024\/10\/Sahmaran-1-scaled.jpg","contentUrl":"https:\/\/astrologelvan.com\/magaza\/wp-content\/uploads\/2024\/10\/Sahmaran-1-scaled.jpg","width":1920,"height":2560},{"@type":"BreadcrumbList","@id":"https:\/\/astrologelvan.com\/magaza\/urun\/sahmaran\/#breadcrumb","itemListElement":[{"@type":"ListItem","position":1,"name":"Anasayfa","item":"https:\/\/astrologelvan.com\/magaza\/"},{"@type":"ListItem","position":2,"name":"Ma\u011faza","item":"https:\/\/astrologelvan.com\/magaza\/magaza\/"},{"@type":"ListItem","position":3,"name":"\u015eAHMARAN"}]},{"@type":"WebSite","@id":"https:\/\/astrologelvan.com\/magaza\/#website","url":"https:\/\/astrologelvan.com\/magaza\/","name":"Astrolog Elvan","description":"","potentialAction":[{"@type":"SearchAction","target":{"@type":"EntryPoint","urlTemplate":"https:\/\/astrologelvan.com\/magaza\/?s={search_term_string}"},"query-input":{"@type":"PropertyValueSpecification","valueRequired":true,"valueName":"search_term_string"}}],"inLanguage":"tr"}]}},"_links":{"self":[{"href":"https:\/\/astrologelvan.com\/magaza\/wp-json\/wp\/v2\/product\/16801","targetHints":{"allow":["GET"]}}],"collection":[{"href":"https:\/\/astrologelvan.com\/magaza\/wp-json\/wp\/v2\/product"}],"about":[{"href":"https:\/\/astrologelvan.com\/magaza\/wp-json\/wp\/v2\/types\/product"}],"replies":[{"embeddable":true,"href":"https:\/\/astrologelvan.com\/magaza\/wp-json\/wp\/v2\/comments?post=16801"}],"wp:featuredmedia":[{"embeddable":true,"href":"https:\/\/astrologelvan.com\/magaza\/wp-json\/wp\/v2\/media\/16804"}],"wp:attachment":[{"href":"https:\/\/astrologelvan.com\/magaza\/wp-json\/wp\/v2\/media?parent=16801"}],"wp:term":[{"taxonomy":"product_brand","embeddable":true,"href":"https:\/\/astrologelvan.com\/magaza\/wp-json\/wp\/v2\/product_brand?post=16801"},{"taxonomy":"product_cat","embeddable":true,"href":"https:\/\/astrologelvan.com\/magaza\/wp-json\/wp\/v2\/product_cat?post=16801"},{"taxonomy":"product_tag","embeddable":true,"href":"https:\/\/astrologelvan.com\/magaza\/wp-json\/wp\/v2\/product_tag?post=16801"}],"curies":[{"name":"wp","href":"https:\/\/api.w.org\/{rel}","templated":true}]}}