{"id":166445,"date":"2026-03-02T18:45:48","date_gmt":"2026-03-02T15:45:48","guid":{"rendered":"https:\/\/astrologelvan.com\/magaza\/?post_type=product&#038;p=166445"},"modified":"2026-03-26T15:25:24","modified_gmt":"2026-03-26T12:25:24","slug":"muhru-serif-kolye-ucu-925-ayar-gumus-uzeri-antik-karartma-altin-kaplama","status":"publish","type":"product","link":"https:\/\/astrologelvan.com\/magaza\/urun\/muhru-serif-kolye-ucu-925-ayar-gumus-uzeri-antik-karartma-altin-kaplama\/","title":{"rendered":"M\u00dcHR\u00dc \u015eER\u0130F KOLYE UCU | 925 AYAR G\u00dcM\u00dc\u015e \u00dcZER\u0130  ANT\u0130K KARARTMA VE ALTIN KAPLAMA"},"content":{"rendered":"","protected":false},"excerpt":{"rendered":"<p>M\u00fchr\u00fc \u015eerif, kelime anlam\u0131yla \u201c\u015ferefli m\u00fch\u00fcr\u201d demektir. \u0130slam tarihinde \u00e7ok \u00f6zel bir yere sahiptir. Hz. Muhammed (s.a.v)\u2019in risaletini teyit eden ve mektuplar\u0131n\u0131 m\u00fch\u00fcrlerken kulland\u0131\u011f\u0131na dair ifadeler vard\u0131r. Baz\u0131 \u0130slam alimleri, m\u00fchr\u00fc \u015ferif bulunan nesnelerin, \u00f6zellikle dua esnas\u0131nda g\u00f6z \u00f6n\u00fcnde bulundurulmas\u0131n\u0131n kalbi derinle\u015ftirdi\u011fini s\u00f6yler.<\/p>\n<p><strong>\u2728 Bir rivayete g\u00f6re;<\/strong><\/p>\n<p>\u201cHer kim bu M\u00fchr\u00fc \u015eerif\u2019e abdestli olarak sabahleyin baksa, ak\u015fama kadar; ay\u0131n ba\u015f\u0131nda baksa, sonuna kadar; y\u0131l\u0131n ba\u015f\u0131nda baksa, sonuna kadar; yola \u00e7\u0131karken baksa, d\u00f6n\u00fcnceye kadar ge\u00e7en zaman hay\u0131rl\u0131 ve bereketli olur.\u201d<\/p>\n<p><strong>M\u00fchr\u00fc \u015eerif\u2019te ne Yazar? <\/strong><br \/>\nHadislere g\u00f6re Peygamber Efendimiz\u2019in m\u00fchr\u00fc g\u00fcm\u00fc\u015ften yap\u0131lm\u0131\u015f ve \u00fczerinde \u00fc\u00e7 sat\u0131r halinde \u015fu ifadeler bulunuyordu:<\/p>\n<p><strong>Muhammed<\/strong><br \/>\n<strong>Resul<\/strong><br \/>\n<strong>Allah<br \/>\n<\/strong><br \/>\n<strong>\u00dcr\u00fcn \u00d6zellikleri<\/strong><br \/>\n3,22 gr 925 Ayar G\u00fcm\u00fc\u015f<\/p>\n","protected":false},"featured_media":166448,"comment_status":"open","ping_status":"closed","template":"","meta":[],"product_brand":[596],"product_cat":[9561],"product_tag":[],"class_list":{"0":"post-166445","1":"product","2":"type-product","3":"status-publish","4":"has-post-thumbnail","6":"product_brand-astrolog-elvan","7":"product_cat-mistik-hazineler-koleksiyonu","9":"first","10":"instock","11":"purchasable","12":"product-type-simple"},"yoast_head":"<!-- This site is optimized with the Yoast SEO plugin v27.3 - https:\/\/yoast.com\/product\/yoast-seo-wordpress\/ -->\n<title>M\u00dcHR\u00dc \u015eER\u0130F KOLYE UCU | 925 AYAR G\u00dcM\u00dc\u015e \u00dcZER\u0130 ANT\u0130K KARARTMA VE ALTIN KAPLAMA - Astrolog Elvan<\/title>\n<meta name=\"robots\" content=\"index, follow, max-snippet:-1, max-image-preview:large, max-video-preview:-1\" \/>\n<link rel=\"canonical\" href=\"https:\/\/astrologelvan.com\/magaza\/urun\/muhru-serif-kolye-ucu-925-ayar-gumus-uzeri-antik-karartma-altin-kaplama\/\" \/>\n<meta property=\"og:locale\" content=\"tr_TR\" \/>\n<meta property=\"og:type\" content=\"article\" \/>\n<meta property=\"og:title\" content=\"M\u00dcHR\u00dc \u015eER\u0130F KOLYE UCU | 925 AYAR G\u00dcM\u00dc\u015e \u00dcZER\u0130 ANT\u0130K KARARTMA VE ALTIN KAPLAMA - Astrolog Elvan\" \/>\n<meta property=\"og:description\" content=\"M\u00fchr\u00fc \u015eerif, kelime anlam\u0131yla \u201c\u015ferefli m\u00fch\u00fcr\u201d demektir. \u0130slam tarihinde \u00e7ok \u00f6zel bir yere sahiptir. Hz. Muhammed (s.a.v)\u2019in risaletini teyit eden ve mektuplar\u0131n\u0131 m\u00fch\u00fcrlerken kulland\u0131\u011f\u0131na dair ifadeler vard\u0131r. Baz\u0131 \u0130slam alimleri, m\u00fchr\u00fc \u015ferif bulunan nesnelerin, \u00f6zellikle dua esnas\u0131nda g\u00f6z \u00f6n\u00fcnde bulundurulmas\u0131n\u0131n kalbi derinle\u015ftirdi\u011fini s\u00f6yler.  \u2728 Bir rivayete g\u00f6re;  \u201cHer kim bu M\u00fchr\u00fc \u015eerif\u2019e abdestli olarak sabahleyin baksa, ak\u015fama kadar; ay\u0131n ba\u015f\u0131nda baksa, sonuna kadar; y\u0131l\u0131n ba\u015f\u0131nda baksa, sonuna kadar; yola \u00e7\u0131karken baksa, d\u00f6n\u00fcnceye kadar ge\u00e7en zaman hay\u0131rl\u0131 ve bereketli olur.\u201d  M\u00fchr\u00fc \u015eerif\u2019te ne Yazar?  Hadislere g\u00f6re Peygamber Efendimiz\u2019in m\u00fchr\u00fc g\u00fcm\u00fc\u015ften yap\u0131lm\u0131\u015f ve \u00fczerinde \u00fc\u00e7 sat\u0131r halinde \u015fu ifadeler bulunuyordu:  Muhammed Resul Allah  \u00dcr\u00fcn \u00d6zellikleri 3,22 gr 925 Ayar G\u00fcm\u00fc\u015f\" \/>\n<meta property=\"og:url\" content=\"https:\/\/astrologelvan.com\/magaza\/urun\/muhru-serif-kolye-ucu-925-ayar-gumus-uzeri-antik-karartma-altin-kaplama\/\" \/>\n<meta property=\"og:site_name\" content=\"Astrolog Elvan\" \/>\n<meta property=\"article:modified_time\" content=\"2026-03-26T12:25:24+00:00\" \/>\n<meta property=\"og:image\" content=\"https:\/\/astrologelvan.com\/magaza\/wp-content\/uploads\/2026\/03\/42c6b417-a62f-4eeb-b89a-a9d30ddf2999-1.webp\" \/>\n\t<meta property=\"og:image:width\" content=\"1024\" \/>\n\t<meta property=\"og:image:height\" content=\"1365\" \/>\n\t<meta property=\"og:image:type\" content=\"image\/webp\" \/>\n<meta name=\"twitter:card\" content=\"summary_large_image\" \/>\n<meta name=\"twitter:label1\" content=\"Tahmini okuma s\u00fcresi\" \/>\n\t<meta name=\"twitter:data1\" content=\"1 dakika\" \/>\n<script type=\"application\/ld+json\" class=\"yoast-schema-graph\">{\"@context\":\"https:\\\/\\\/schema.org\",\"@graph\":[{\"@type\":[\"WebPage\",\"ItemPage\"],\"@id\":\"https:\\\/\\\/astrologelvan.com\\\/magaza\\\/urun\\\/muhru-serif-kolye-ucu-925-ayar-gumus-uzeri-antik-karartma-altin-kaplama\\\/\",\"url\":\"https:\\\/\\\/astrologelvan.com\\\/magaza\\\/urun\\\/muhru-serif-kolye-ucu-925-ayar-gumus-uzeri-antik-karartma-altin-kaplama\\\/\",\"name\":\"M\u00dcHR\u00dc \u015eER\u0130F KOLYE UCU | 925 AYAR G\u00dcM\u00dc\u015e \u00dcZER\u0130 ANT\u0130K KARARTMA VE ALTIN KAPLAMA - Astrolog Elvan\",\"isPartOf\":{\"@id\":\"https:\\\/\\\/astrologelvan.com\\\/magaza\\\/#website\"},\"primaryImageOfPage\":{\"@id\":\"https:\\\/\\\/astrologelvan.com\\\/magaza\\\/urun\\\/muhru-serif-kolye-ucu-925-ayar-gumus-uzeri-antik-karartma-altin-kaplama\\\/#primaryimage\"},\"image\":{\"@id\":\"https:\\\/\\\/astrologelvan.com\\\/magaza\\\/urun\\\/muhru-serif-kolye-ucu-925-ayar-gumus-uzeri-antik-karartma-altin-kaplama\\\/#primaryimage\"},\"thumbnailUrl\":\"https:\\\/\\\/astrologelvan.com\\\/magaza\\\/wp-content\\\/uploads\\\/2026\\\/03\\\/42c6b417-a62f-4eeb-b89a-a9d30ddf2999-1.webp\",\"datePublished\":\"2026-03-02T15:45:48+00:00\",\"dateModified\":\"2026-03-26T12:25:24+00:00\",\"breadcrumb\":{\"@id\":\"https:\\\/\\\/astrologelvan.com\\\/magaza\\\/urun\\\/muhru-serif-kolye-ucu-925-ayar-gumus-uzeri-antik-karartma-altin-kaplama\\\/#breadcrumb\"},\"inLanguage\":\"tr\",\"potentialAction\":[{\"@type\":\"ReadAction\",\"target\":[\"https:\\\/\\\/astrologelvan.com\\\/magaza\\\/urun\\\/muhru-serif-kolye-ucu-925-ayar-gumus-uzeri-antik-karartma-altin-kaplama\\\/\"]}]},{\"@type\":\"ImageObject\",\"inLanguage\":\"tr\",\"@id\":\"https:\\\/\\\/astrologelvan.com\\\/magaza\\\/urun\\\/muhru-serif-kolye-ucu-925-ayar-gumus-uzeri-antik-karartma-altin-kaplama\\\/#primaryimage\",\"url\":\"https:\\\/\\\/astrologelvan.com\\\/magaza\\\/wp-content\\\/uploads\\\/2026\\\/03\\\/42c6b417-a62f-4eeb-b89a-a9d30ddf2999-1.webp\",\"contentUrl\":\"https:\\\/\\\/astrologelvan.com\\\/magaza\\\/wp-content\\\/uploads\\\/2026\\\/03\\\/42c6b417-a62f-4eeb-b89a-a9d30ddf2999-1.webp\",\"width\":1024,\"height\":1365},{\"@type\":\"BreadcrumbList\",\"@id\":\"https:\\\/\\\/astrologelvan.com\\\/magaza\\\/urun\\\/muhru-serif-kolye-ucu-925-ayar-gumus-uzeri-antik-karartma-altin-kaplama\\\/#breadcrumb\",\"itemListElement\":[{\"@type\":\"ListItem\",\"position\":1,\"name\":\"Anasayfa\",\"item\":\"https:\\\/\\\/astrologelvan.com\\\/magaza\\\/\"},{\"@type\":\"ListItem\",\"position\":2,\"name\":\"Ma\u011faza\",\"item\":\"https:\\\/\\\/astrologelvan.com\\\/magaza\\\/magaza\\\/\"},{\"@type\":\"ListItem\",\"position\":3,\"name\":\"M\u00dcHR\u00dc \u015eER\u0130F KOLYE UCU | 925 AYAR G\u00dcM\u00dc\u015e \u00dcZER\u0130 ANT\u0130K KARARTMA VE ALTIN KAPLAMA\"}]},{\"@type\":\"WebSite\",\"@id\":\"https:\\\/\\\/astrologelvan.com\\\/magaza\\\/#website\",\"url\":\"https:\\\/\\\/astrologelvan.com\\\/magaza\\\/\",\"name\":\"Astrolog Elvan\",\"description\":\"\",\"potentialAction\":[{\"@type\":\"SearchAction\",\"target\":{\"@type\":\"EntryPoint\",\"urlTemplate\":\"https:\\\/\\\/astrologelvan.com\\\/magaza\\\/?s={search_term_string}\"},\"query-input\":{\"@type\":\"PropertyValueSpecification\",\"valueRequired\":true,\"valueName\":\"search_term_string\"}}],\"inLanguage\":\"tr\"}]}<\/script>\n<!-- \/ Yoast SEO plugin. -->","yoast_head_json":{"title":"M\u00dcHR\u00dc \u015eER\u0130F KOLYE UCU | 925 AYAR G\u00dcM\u00dc\u015e \u00dcZER\u0130 ANT\u0130K KARARTMA VE ALTIN KAPLAMA - Astrolog Elvan","robots":{"index":"index","follow":"follow","max-snippet":"max-snippet:-1","max-image-preview":"max-image-preview:large","max-video-preview":"max-video-preview:-1"},"canonical":"https:\/\/astrologelvan.com\/magaza\/urun\/muhru-serif-kolye-ucu-925-ayar-gumus-uzeri-antik-karartma-altin-kaplama\/","og_locale":"tr_TR","og_type":"article","og_title":"M\u00dcHR\u00dc \u015eER\u0130F KOLYE UCU | 925 AYAR G\u00dcM\u00dc\u015e \u00dcZER\u0130 ANT\u0130K KARARTMA VE ALTIN KAPLAMA - Astrolog Elvan","og_description":"M\u00fchr\u00fc \u015eerif, kelime anlam\u0131yla \u201c\u015ferefli m\u00fch\u00fcr\u201d demektir. \u0130slam tarihinde \u00e7ok \u00f6zel bir yere sahiptir. Hz. Muhammed (s.a.v)\u2019in risaletini teyit eden ve mektuplar\u0131n\u0131 m\u00fch\u00fcrlerken kulland\u0131\u011f\u0131na dair ifadeler vard\u0131r. Baz\u0131 \u0130slam alimleri, m\u00fchr\u00fc \u015ferif bulunan nesnelerin, \u00f6zellikle dua esnas\u0131nda g\u00f6z \u00f6n\u00fcnde bulundurulmas\u0131n\u0131n kalbi derinle\u015ftirdi\u011fini s\u00f6yler.  \u2728 Bir rivayete g\u00f6re;  \u201cHer kim bu M\u00fchr\u00fc \u015eerif\u2019e abdestli olarak sabahleyin baksa, ak\u015fama kadar; ay\u0131n ba\u015f\u0131nda baksa, sonuna kadar; y\u0131l\u0131n ba\u015f\u0131nda baksa, sonuna kadar; yola \u00e7\u0131karken baksa, d\u00f6n\u00fcnceye kadar ge\u00e7en zaman hay\u0131rl\u0131 ve bereketli olur.\u201d  M\u00fchr\u00fc \u015eerif\u2019te ne Yazar?  Hadislere g\u00f6re Peygamber Efendimiz\u2019in m\u00fchr\u00fc g\u00fcm\u00fc\u015ften yap\u0131lm\u0131\u015f ve \u00fczerinde \u00fc\u00e7 sat\u0131r halinde \u015fu ifadeler bulunuyordu:  Muhammed Resul Allah  \u00dcr\u00fcn \u00d6zellikleri 3,22 gr 925 Ayar G\u00fcm\u00fc\u015f","og_url":"https:\/\/astrologelvan.com\/magaza\/urun\/muhru-serif-kolye-ucu-925-ayar-gumus-uzeri-antik-karartma-altin-kaplama\/","og_site_name":"Astrolog Elvan","article_modified_time":"2026-03-26T12:25:24+00:00","og_image":[{"width":1024,"height":1365,"url":"https:\/\/astrologelvan.com\/magaza\/wp-content\/uploads\/2026\/03\/42c6b417-a62f-4eeb-b89a-a9d30ddf2999-1.webp","type":"image\/webp"}],"twitter_card":"summary_large_image","twitter_misc":{"Tahmini okuma s\u00fcresi":"1 dakika"},"schema":{"@context":"https:\/\/schema.org","@graph":[{"@type":["WebPage","ItemPage"],"@id":"https:\/\/astrologelvan.com\/magaza\/urun\/muhru-serif-kolye-ucu-925-ayar-gumus-uzeri-antik-karartma-altin-kaplama\/","url":"https:\/\/astrologelvan.com\/magaza\/urun\/muhru-serif-kolye-ucu-925-ayar-gumus-uzeri-antik-karartma-altin-kaplama\/","name":"M\u00dcHR\u00dc \u015eER\u0130F KOLYE UCU | 925 AYAR G\u00dcM\u00dc\u015e \u00dcZER\u0130 ANT\u0130K KARARTMA VE ALTIN KAPLAMA - Astrolog Elvan","isPartOf":{"@id":"https:\/\/astrologelvan.com\/magaza\/#website"},"primaryImageOfPage":{"@id":"https:\/\/astrologelvan.com\/magaza\/urun\/muhru-serif-kolye-ucu-925-ayar-gumus-uzeri-antik-karartma-altin-kaplama\/#primaryimage"},"image":{"@id":"https:\/\/astrologelvan.com\/magaza\/urun\/muhru-serif-kolye-ucu-925-ayar-gumus-uzeri-antik-karartma-altin-kaplama\/#primaryimage"},"thumbnailUrl":"https:\/\/astrologelvan.com\/magaza\/wp-content\/uploads\/2026\/03\/42c6b417-a62f-4eeb-b89a-a9d30ddf2999-1.webp","datePublished":"2026-03-02T15:45:48+00:00","dateModified":"2026-03-26T12:25:24+00:00","breadcrumb":{"@id":"https:\/\/astrologelvan.com\/magaza\/urun\/muhru-serif-kolye-ucu-925-ayar-gumus-uzeri-antik-karartma-altin-kaplama\/#breadcrumb"},"inLanguage":"tr","potentialAction":[{"@type":"ReadAction","target":["https:\/\/astrologelvan.com\/magaza\/urun\/muhru-serif-kolye-ucu-925-ayar-gumus-uzeri-antik-karartma-altin-kaplama\/"]}]},{"@type":"ImageObject","inLanguage":"tr","@id":"https:\/\/astrologelvan.com\/magaza\/urun\/muhru-serif-kolye-ucu-925-ayar-gumus-uzeri-antik-karartma-altin-kaplama\/#primaryimage","url":"https:\/\/astrologelvan.com\/magaza\/wp-content\/uploads\/2026\/03\/42c6b417-a62f-4eeb-b89a-a9d30ddf2999-1.webp","contentUrl":"https:\/\/astrologelvan.com\/magaza\/wp-content\/uploads\/2026\/03\/42c6b417-a62f-4eeb-b89a-a9d30ddf2999-1.webp","width":1024,"height":1365},{"@type":"BreadcrumbList","@id":"https:\/\/astrologelvan.com\/magaza\/urun\/muhru-serif-kolye-ucu-925-ayar-gumus-uzeri-antik-karartma-altin-kaplama\/#breadcrumb","itemListElement":[{"@type":"ListItem","position":1,"name":"Anasayfa","item":"https:\/\/astrologelvan.com\/magaza\/"},{"@type":"ListItem","position":2,"name":"Ma\u011faza","item":"https:\/\/astrologelvan.com\/magaza\/magaza\/"},{"@type":"ListItem","position":3,"name":"M\u00dcHR\u00dc \u015eER\u0130F KOLYE UCU | 925 AYAR G\u00dcM\u00dc\u015e \u00dcZER\u0130 ANT\u0130K KARARTMA VE ALTIN KAPLAMA"}]},{"@type":"WebSite","@id":"https:\/\/astrologelvan.com\/magaza\/#website","url":"https:\/\/astrologelvan.com\/magaza\/","name":"Astrolog Elvan","description":"","potentialAction":[{"@type":"SearchAction","target":{"@type":"EntryPoint","urlTemplate":"https:\/\/astrologelvan.com\/magaza\/?s={search_term_string}"},"query-input":{"@type":"PropertyValueSpecification","valueRequired":true,"valueName":"search_term_string"}}],"inLanguage":"tr"}]}},"_links":{"self":[{"href":"https:\/\/astrologelvan.com\/magaza\/wp-json\/wp\/v2\/product\/166445","targetHints":{"allow":["GET"]}}],"collection":[{"href":"https:\/\/astrologelvan.com\/magaza\/wp-json\/wp\/v2\/product"}],"about":[{"href":"https:\/\/astrologelvan.com\/magaza\/wp-json\/wp\/v2\/types\/product"}],"replies":[{"embeddable":true,"href":"https:\/\/astrologelvan.com\/magaza\/wp-json\/wp\/v2\/comments?post=166445"}],"wp:featuredmedia":[{"embeddable":true,"href":"https:\/\/astrologelvan.com\/magaza\/wp-json\/wp\/v2\/media\/166448"}],"wp:attachment":[{"href":"https:\/\/astrologelvan.com\/magaza\/wp-json\/wp\/v2\/media?parent=166445"}],"wp:term":[{"taxonomy":"product_brand","embeddable":true,"href":"https:\/\/astrologelvan.com\/magaza\/wp-json\/wp\/v2\/product_brand?post=166445"},{"taxonomy":"product_cat","embeddable":true,"href":"https:\/\/astrologelvan.com\/magaza\/wp-json\/wp\/v2\/product_cat?post=166445"},{"taxonomy":"product_tag","embeddable":true,"href":"https:\/\/astrologelvan.com\/magaza\/wp-json\/wp\/v2\/product_tag?post=166445"}],"curies":[{"name":"wp","href":"https:\/\/api.w.org\/{rel}","templated":true}]}}