{"id":16571,"date":"2024-09-26T15:05:58","date_gmt":"2024-09-26T12:05:58","guid":{"rendered":"https:\/\/astrologelvan.com\/magaza\/?post_type=product&#038;p=16571"},"modified":"2025-11-15T00:35:44","modified_gmt":"2025-11-14T21:35:44","slug":"halic-kupe-golden-horn-of-istanbul","status":"publish","type":"product","link":"https:\/\/astrologelvan.com\/magaza\/urun\/halic-kupe-golden-horn-of-istanbul\/","title":{"rendered":"HAL\u0130\u00c7 K\u00dcPE (GOLDEN HORN OF ISTANBUL)"},"content":{"rendered":"<p>K\u00fcpe A\u011f\u0131rl\u0131\u011f\u0131: 23,4 Gram<\/p>\n<p>925 Ayar G\u00fcm\u00fc\u015f \u00dczeri Alt\u0131n Kaplama<\/p>\n","protected":false},"excerpt":{"rendered":"<div>Hem g\u00fc\u00e7l\u00fc, hem harekete ge\u00e7ebilen hem kendi ayaklar\u0131 \u00fczerinde duran di\u015fili yans\u0131tmak isteyen herkes takabilir!<\/div>\n<div><\/div>\n<div>Hali\u00e7\u2019e Avrupal\u0131lar tarihte \u201cGolden Horn\u201d yani \u201cAlt\u0131n Boynuz\u201d ismini vermi\u015flerdir. Bu ismin \u00e7\u0131k\u0131\u015f\u0131 ise Yunan efsanesine dayan\u0131r.<\/div>\n<div><\/div>\n<div>Kocas\u0131 Zeus\u2019un g\u00fczel \u0130o ile a\u015fk ya\u015fad\u0131\u011f\u0131n\u0131 \u00f6\u011frenen ba\u015f tanr\u0131\u00e7a Hera, \u0130o\u2019yu boynuzlu bir ine\u011fe \u00e7evirir. Ba\u015f\u0131na da bir sine\u011fi musallat eder.<\/div>\n<div>\u0130o, sinekten ka\u00e7mak isterken ba\u015f\u0131n\u0131 bir sa\u011fa bir sola toslarken toprak yar\u0131klara ayr\u0131l\u0131r. \u0130\u015fte bu yar\u0131klardan Hali\u00e7 do\u011far. Sonra \u0130o nihayet k\u0131y\u0131ya \u00e7\u0131kar\u2026 Bir k\u0131z \u00e7ocu\u011fu d\u00fcnyaya getirir\u2026 K\u0131z\u0131 Keroessa ad\u0131 zamanla \u201ckeros\u201d yani \u201cboynuz\u201da d\u00f6n\u00fc\u015f\u00fcr. \u0130\u015fte Hali\u00e7\u2019in hikayesi burada ba\u015flar.<\/div>\n<div><\/div>\n<div>Eskiler, \u0130o&#8217;yu Ay ile ili\u015fkilendirmi\u015ftir. Ay, koruma, sevgi, \u015fevkat duygular\u0131 dengeleme ad\u0131na \u00e7ok g\u00fc\u00e7l\u00fcd\u00fcr ve sembol olarak di\u015filli\u011fi destekler. Bir yandan da i\u00e7imizdeki dengeli eril ve di\u015filli\u011fi tamamlar. \u00c7\u00fcnk\u00fc boynuz ayn\u0131 zamanda Ko\u00e7 burcu enerjisinin sembol\u00fcd\u00fcr.<\/div>\n","protected":false},"featured_media":16743,"comment_status":"open","ping_status":"closed","template":"","meta":[],"product_brand":[],"product_cat":[114],"product_tag":[],"class_list":{"0":"post-16571","1":"product","2":"type-product","3":"status-publish","4":"has-post-thumbnail","6":"product_cat-limited-edition","8":"first","9":"instock","10":"purchasable","11":"product-type-simple"},"yoast_head":"<!-- This site is optimized with the Yoast SEO plugin v27.3 - https:\/\/yoast.com\/product\/yoast-seo-wordpress\/ -->\n<title>HAL\u0130\u00c7 K\u00dcPE (GOLDEN HORN OF ISTANBUL) - Astrolog Elvan<\/title>\n<meta name=\"robots\" content=\"index, follow, max-snippet:-1, max-image-preview:large, max-video-preview:-1\" \/>\n<link rel=\"canonical\" href=\"https:\/\/astrologelvan.com\/magaza\/urun\/halic-kupe-golden-horn-of-istanbul\/\" \/>\n<meta property=\"og:locale\" content=\"tr_TR\" \/>\n<meta property=\"og:type\" content=\"article\" \/>\n<meta property=\"og:title\" content=\"HAL\u0130\u00c7 K\u00dcPE (GOLDEN HORN OF ISTANBUL) - Astrolog Elvan\" \/>\n<meta property=\"og:description\" content=\"Hem g\u00fc\u00e7l\u00fc, hem harekete ge\u00e7ebilen hem kendi ayaklar\u0131 \u00fczerinde duran di\u015fili yans\u0131tmak isteyen herkes takabilir!  Hali\u00e7\u2019e Avrupal\u0131lar tarihte \u201cGolden Horn\u201d yani \u201cAlt\u0131n Boynuz\u201d ismini vermi\u015flerdir. Bu ismin \u00e7\u0131k\u0131\u015f\u0131 ise Yunan efsanesine dayan\u0131r.  Kocas\u0131 Zeus\u2019un g\u00fczel \u0130o ile a\u015fk ya\u015fad\u0131\u011f\u0131n\u0131 \u00f6\u011frenen ba\u015f tanr\u0131\u00e7a Hera, \u0130o\u2019yu boynuzlu bir ine\u011fe \u00e7evirir. Ba\u015f\u0131na da bir sine\u011fi musallat eder. \u0130o, sinekten ka\u00e7mak isterken ba\u015f\u0131n\u0131 bir sa\u011fa bir sola toslarken toprak yar\u0131klara ayr\u0131l\u0131r. \u0130\u015fte bu yar\u0131klardan Hali\u00e7 do\u011far. Sonra \u0130o nihayet k\u0131y\u0131ya \u00e7\u0131kar\u2026 Bir k\u0131z \u00e7ocu\u011fu d\u00fcnyaya getirir\u2026 K\u0131z\u0131 Keroessa ad\u0131 zamanla \u201ckeros\u201d yani \u201cboynuz\u201da d\u00f6n\u00fc\u015f\u00fcr. \u0130\u015fte Hali\u00e7\u2019in hikayesi burada ba\u015flar.  Eskiler, \u0130o&#039;yu Ay ile ili\u015fkilendirmi\u015ftir. Ay, koruma, sevgi, \u015fevkat duygular\u0131 dengeleme ad\u0131na \u00e7ok g\u00fc\u00e7l\u00fcd\u00fcr ve sembol olarak di\u015filli\u011fi destekler. Bir yandan da i\u00e7imizdeki dengeli eril ve di\u015filli\u011fi tamamlar. \u00c7\u00fcnk\u00fc boynuz ayn\u0131 zamanda Ko\u00e7 burcu enerjisinin sembol\u00fcd\u00fcr.\" \/>\n<meta property=\"og:url\" content=\"https:\/\/astrologelvan.com\/magaza\/urun\/halic-kupe-golden-horn-of-istanbul\/\" \/>\n<meta property=\"og:site_name\" content=\"Astrolog Elvan\" \/>\n<meta property=\"article:modified_time\" content=\"2025-11-14T21:35:44+00:00\" \/>\n<meta property=\"og:image\" content=\"https:\/\/astrologelvan.com\/magaza\/wp-content\/uploads\/2024\/09\/halic-kupe-scaled.jpg\" \/>\n\t<meta property=\"og:image:width\" content=\"1920\" \/>\n\t<meta property=\"og:image:height\" content=\"2560\" \/>\n\t<meta property=\"og:image:type\" content=\"image\/jpeg\" \/>\n<meta name=\"twitter:card\" content=\"summary_large_image\" \/>\n<meta name=\"twitter:label1\" content=\"Tahmini okuma s\u00fcresi\" \/>\n\t<meta name=\"twitter:data1\" content=\"1 dakika\" \/>\n<script type=\"application\/ld+json\" class=\"yoast-schema-graph\">{\"@context\":\"https:\\\/\\\/schema.org\",\"@graph\":[{\"@type\":[\"WebPage\",\"ItemPage\"],\"@id\":\"https:\\\/\\\/astrologelvan.com\\\/magaza\\\/urun\\\/halic-kupe-golden-horn-of-istanbul\\\/\",\"url\":\"https:\\\/\\\/astrologelvan.com\\\/magaza\\\/urun\\\/halic-kupe-golden-horn-of-istanbul\\\/\",\"name\":\"HAL\u0130\u00c7 K\u00dcPE (GOLDEN HORN OF ISTANBUL) - Astrolog Elvan\",\"isPartOf\":{\"@id\":\"https:\\\/\\\/astrologelvan.com\\\/magaza\\\/#website\"},\"primaryImageOfPage\":{\"@id\":\"https:\\\/\\\/astrologelvan.com\\\/magaza\\\/urun\\\/halic-kupe-golden-horn-of-istanbul\\\/#primaryimage\"},\"image\":{\"@id\":\"https:\\\/\\\/astrologelvan.com\\\/magaza\\\/urun\\\/halic-kupe-golden-horn-of-istanbul\\\/#primaryimage\"},\"thumbnailUrl\":\"https:\\\/\\\/astrologelvan.com\\\/magaza\\\/wp-content\\\/uploads\\\/2024\\\/09\\\/halic-kupe-scaled.jpg\",\"datePublished\":\"2024-09-26T12:05:58+00:00\",\"dateModified\":\"2025-11-14T21:35:44+00:00\",\"breadcrumb\":{\"@id\":\"https:\\\/\\\/astrologelvan.com\\\/magaza\\\/urun\\\/halic-kupe-golden-horn-of-istanbul\\\/#breadcrumb\"},\"inLanguage\":\"tr\",\"potentialAction\":[{\"@type\":\"ReadAction\",\"target\":[\"https:\\\/\\\/astrologelvan.com\\\/magaza\\\/urun\\\/halic-kupe-golden-horn-of-istanbul\\\/\"]}]},{\"@type\":\"ImageObject\",\"inLanguage\":\"tr\",\"@id\":\"https:\\\/\\\/astrologelvan.com\\\/magaza\\\/urun\\\/halic-kupe-golden-horn-of-istanbul\\\/#primaryimage\",\"url\":\"https:\\\/\\\/astrologelvan.com\\\/magaza\\\/wp-content\\\/uploads\\\/2024\\\/09\\\/halic-kupe-scaled.jpg\",\"contentUrl\":\"https:\\\/\\\/astrologelvan.com\\\/magaza\\\/wp-content\\\/uploads\\\/2024\\\/09\\\/halic-kupe-scaled.jpg\",\"width\":1920,\"height\":2560},{\"@type\":\"BreadcrumbList\",\"@id\":\"https:\\\/\\\/astrologelvan.com\\\/magaza\\\/urun\\\/halic-kupe-golden-horn-of-istanbul\\\/#breadcrumb\",\"itemListElement\":[{\"@type\":\"ListItem\",\"position\":1,\"name\":\"Anasayfa\",\"item\":\"https:\\\/\\\/astrologelvan.com\\\/magaza\\\/\"},{\"@type\":\"ListItem\",\"position\":2,\"name\":\"Ma\u011faza\",\"item\":\"https:\\\/\\\/astrologelvan.com\\\/magaza\\\/magaza\\\/\"},{\"@type\":\"ListItem\",\"position\":3,\"name\":\"HAL\u0130\u00c7 K\u00dcPE (GOLDEN HORN OF ISTANBUL)\"}]},{\"@type\":\"WebSite\",\"@id\":\"https:\\\/\\\/astrologelvan.com\\\/magaza\\\/#website\",\"url\":\"https:\\\/\\\/astrologelvan.com\\\/magaza\\\/\",\"name\":\"Astrolog Elvan\",\"description\":\"\",\"potentialAction\":[{\"@type\":\"SearchAction\",\"target\":{\"@type\":\"EntryPoint\",\"urlTemplate\":\"https:\\\/\\\/astrologelvan.com\\\/magaza\\\/?s={search_term_string}\"},\"query-input\":{\"@type\":\"PropertyValueSpecification\",\"valueRequired\":true,\"valueName\":\"search_term_string\"}}],\"inLanguage\":\"tr\"}]}<\/script>\n<!-- \/ Yoast SEO plugin. -->","yoast_head_json":{"title":"HAL\u0130\u00c7 K\u00dcPE (GOLDEN HORN OF ISTANBUL) - Astrolog Elvan","robots":{"index":"index","follow":"follow","max-snippet":"max-snippet:-1","max-image-preview":"max-image-preview:large","max-video-preview":"max-video-preview:-1"},"canonical":"https:\/\/astrologelvan.com\/magaza\/urun\/halic-kupe-golden-horn-of-istanbul\/","og_locale":"tr_TR","og_type":"article","og_title":"HAL\u0130\u00c7 K\u00dcPE (GOLDEN HORN OF ISTANBUL) - Astrolog Elvan","og_description":"Hem g\u00fc\u00e7l\u00fc, hem harekete ge\u00e7ebilen hem kendi ayaklar\u0131 \u00fczerinde duran di\u015fili yans\u0131tmak isteyen herkes takabilir!  Hali\u00e7\u2019e Avrupal\u0131lar tarihte \u201cGolden Horn\u201d yani \u201cAlt\u0131n Boynuz\u201d ismini vermi\u015flerdir. Bu ismin \u00e7\u0131k\u0131\u015f\u0131 ise Yunan efsanesine dayan\u0131r.  Kocas\u0131 Zeus\u2019un g\u00fczel \u0130o ile a\u015fk ya\u015fad\u0131\u011f\u0131n\u0131 \u00f6\u011frenen ba\u015f tanr\u0131\u00e7a Hera, \u0130o\u2019yu boynuzlu bir ine\u011fe \u00e7evirir. Ba\u015f\u0131na da bir sine\u011fi musallat eder. \u0130o, sinekten ka\u00e7mak isterken ba\u015f\u0131n\u0131 bir sa\u011fa bir sola toslarken toprak yar\u0131klara ayr\u0131l\u0131r. \u0130\u015fte bu yar\u0131klardan Hali\u00e7 do\u011far. Sonra \u0130o nihayet k\u0131y\u0131ya \u00e7\u0131kar\u2026 Bir k\u0131z \u00e7ocu\u011fu d\u00fcnyaya getirir\u2026 K\u0131z\u0131 Keroessa ad\u0131 zamanla \u201ckeros\u201d yani \u201cboynuz\u201da d\u00f6n\u00fc\u015f\u00fcr. \u0130\u015fte Hali\u00e7\u2019in hikayesi burada ba\u015flar.  Eskiler, \u0130o'yu Ay ile ili\u015fkilendirmi\u015ftir. Ay, koruma, sevgi, \u015fevkat duygular\u0131 dengeleme ad\u0131na \u00e7ok g\u00fc\u00e7l\u00fcd\u00fcr ve sembol olarak di\u015filli\u011fi destekler. Bir yandan da i\u00e7imizdeki dengeli eril ve di\u015filli\u011fi tamamlar. \u00c7\u00fcnk\u00fc boynuz ayn\u0131 zamanda Ko\u00e7 burcu enerjisinin sembol\u00fcd\u00fcr.","og_url":"https:\/\/astrologelvan.com\/magaza\/urun\/halic-kupe-golden-horn-of-istanbul\/","og_site_name":"Astrolog Elvan","article_modified_time":"2025-11-14T21:35:44+00:00","og_image":[{"width":1920,"height":2560,"url":"https:\/\/astrologelvan.com\/magaza\/wp-content\/uploads\/2024\/09\/halic-kupe-scaled.jpg","type":"image\/jpeg"}],"twitter_card":"summary_large_image","twitter_misc":{"Tahmini okuma s\u00fcresi":"1 dakika"},"schema":{"@context":"https:\/\/schema.org","@graph":[{"@type":["WebPage","ItemPage"],"@id":"https:\/\/astrologelvan.com\/magaza\/urun\/halic-kupe-golden-horn-of-istanbul\/","url":"https:\/\/astrologelvan.com\/magaza\/urun\/halic-kupe-golden-horn-of-istanbul\/","name":"HAL\u0130\u00c7 K\u00dcPE (GOLDEN HORN OF ISTANBUL) - Astrolog Elvan","isPartOf":{"@id":"https:\/\/astrologelvan.com\/magaza\/#website"},"primaryImageOfPage":{"@id":"https:\/\/astrologelvan.com\/magaza\/urun\/halic-kupe-golden-horn-of-istanbul\/#primaryimage"},"image":{"@id":"https:\/\/astrologelvan.com\/magaza\/urun\/halic-kupe-golden-horn-of-istanbul\/#primaryimage"},"thumbnailUrl":"https:\/\/astrologelvan.com\/magaza\/wp-content\/uploads\/2024\/09\/halic-kupe-scaled.jpg","datePublished":"2024-09-26T12:05:58+00:00","dateModified":"2025-11-14T21:35:44+00:00","breadcrumb":{"@id":"https:\/\/astrologelvan.com\/magaza\/urun\/halic-kupe-golden-horn-of-istanbul\/#breadcrumb"},"inLanguage":"tr","potentialAction":[{"@type":"ReadAction","target":["https:\/\/astrologelvan.com\/magaza\/urun\/halic-kupe-golden-horn-of-istanbul\/"]}]},{"@type":"ImageObject","inLanguage":"tr","@id":"https:\/\/astrologelvan.com\/magaza\/urun\/halic-kupe-golden-horn-of-istanbul\/#primaryimage","url":"https:\/\/astrologelvan.com\/magaza\/wp-content\/uploads\/2024\/09\/halic-kupe-scaled.jpg","contentUrl":"https:\/\/astrologelvan.com\/magaza\/wp-content\/uploads\/2024\/09\/halic-kupe-scaled.jpg","width":1920,"height":2560},{"@type":"BreadcrumbList","@id":"https:\/\/astrologelvan.com\/magaza\/urun\/halic-kupe-golden-horn-of-istanbul\/#breadcrumb","itemListElement":[{"@type":"ListItem","position":1,"name":"Anasayfa","item":"https:\/\/astrologelvan.com\/magaza\/"},{"@type":"ListItem","position":2,"name":"Ma\u011faza","item":"https:\/\/astrologelvan.com\/magaza\/magaza\/"},{"@type":"ListItem","position":3,"name":"HAL\u0130\u00c7 K\u00dcPE (GOLDEN HORN OF ISTANBUL)"}]},{"@type":"WebSite","@id":"https:\/\/astrologelvan.com\/magaza\/#website","url":"https:\/\/astrologelvan.com\/magaza\/","name":"Astrolog Elvan","description":"","potentialAction":[{"@type":"SearchAction","target":{"@type":"EntryPoint","urlTemplate":"https:\/\/astrologelvan.com\/magaza\/?s={search_term_string}"},"query-input":{"@type":"PropertyValueSpecification","valueRequired":true,"valueName":"search_term_string"}}],"inLanguage":"tr"}]}},"_links":{"self":[{"href":"https:\/\/astrologelvan.com\/magaza\/wp-json\/wp\/v2\/product\/16571","targetHints":{"allow":["GET"]}}],"collection":[{"href":"https:\/\/astrologelvan.com\/magaza\/wp-json\/wp\/v2\/product"}],"about":[{"href":"https:\/\/astrologelvan.com\/magaza\/wp-json\/wp\/v2\/types\/product"}],"replies":[{"embeddable":true,"href":"https:\/\/astrologelvan.com\/magaza\/wp-json\/wp\/v2\/comments?post=16571"}],"wp:featuredmedia":[{"embeddable":true,"href":"https:\/\/astrologelvan.com\/magaza\/wp-json\/wp\/v2\/media\/16743"}],"wp:attachment":[{"href":"https:\/\/astrologelvan.com\/magaza\/wp-json\/wp\/v2\/media?parent=16571"}],"wp:term":[{"taxonomy":"product_brand","embeddable":true,"href":"https:\/\/astrologelvan.com\/magaza\/wp-json\/wp\/v2\/product_brand?post=16571"},{"taxonomy":"product_cat","embeddable":true,"href":"https:\/\/astrologelvan.com\/magaza\/wp-json\/wp\/v2\/product_cat?post=16571"},{"taxonomy":"product_tag","embeddable":true,"href":"https:\/\/astrologelvan.com\/magaza\/wp-json\/wp\/v2\/product_tag?post=16571"}],"curies":[{"name":"wp","href":"https:\/\/api.w.org\/{rel}","templated":true}]}}