{"id":157771,"date":"2026-02-22T06:19:20","date_gmt":"2026-02-22T03:19:20","guid":{"rendered":"https:\/\/astrologelvan.com\/magaza\/?post_type=product&#038;p=157771"},"modified":"2026-03-30T09:42:51","modified_gmt":"2026-03-30T06:42:51","slug":"ruh-esi-atolyesi","status":"publish","type":"product","link":"https:\/\/astrologelvan.com\/magaza\/urun\/ruh-esi-atolyesi\/","title":{"rendered":"RUH E\u015e\u0130 AT\u00d6LYES\u0130 \u00b7 ASTROLOG ELVAN LAPIS &#8211; KAYIT"},"content":{"rendered":"","protected":false},"excerpt":{"rendered":"<p class=\"p1\">Ya\u015famda herkesin birden fazla ruh e\u015fi vard\u0131r. Bu at\u00f6lye ile sizinle en \u2018<strong>uyumlu<\/strong>\u2019 ruh e\u015fini ya\u015fam\u0131n\u0131za davet ediyoruz.<\/p>\n<p class=\"p1\">E\u011fer, ba\u015fka biri taraf\u0131ndan sevilece\u011fini, sevgiyi alabilece\u011fini bilmiyorsan ve benim i\u00e7in bu d\u00fcnyada kimse yok diyorsan bu at\u00f6lye ile t\u00fcm ger\u00e7ekli\u011fin de\u011fi\u015febilir!<\/p>\n<p class=\"p1\">E\u011fer hayat\u0131nda bir partnerin varsa, evliysen bu at\u00f6lye yine tam senin i\u00e7in. Partnerinle birlikte kat\u0131lman\u0131 \u00f6neriyoruz. Hem kad\u0131n, hem erkek bak\u0131\u015f a\u00e7\u0131s\u0131 ile ideal ili\u015fki ve ruh e\u015fi deneyimini konu\u015faca\u011f\u0131z. B\u00f6ylece ili\u015fkisi olanlar\u0131n ili\u015fkileri evrilecek ve onlar\u0131 \u00e7ok daha mutlu eden ba\u015fka bir boyuta ge\u00e7ecek.<\/p>\n<p class=\"p1\"><strong>E\u011fer hala ruh e\u015fini bulamad\u0131ysan Elvan Lapis ve Musa \u015ean\u2019\u0131n ilk defa yapt\u0131klar\u0131 Ruh E\u015fi At\u00f6lyesi\u2019ni hemen sat\u0131n alabilirsiniz. Mutlulu\u011fu erteleme!<\/strong><\/p>\n<p class=\"p1\"><b>\u00c7\u00fcnk\u00fc sen sevilmeye ve sevmeye lay\u0131ks\u0131n!<\/b><\/p>\n<p class=\"p1\"><strong>At\u00f6lye konular\u0131<\/strong><\/p>\n<p><b>\u00b7 Eril ve di\u015fil enerjinin dengelenmesi<br \/>\n<\/b><b>\u00b7 Tek e\u015flilik geni olan ki\u015fileri hayat\u0131m\u0131za \u00e7ekmenin form\u00fcl\u00fc<br \/>\n<\/b><b>\u00b7 Eski ili\u015fkilerden ruh par\u00e7alar\u0131n\u0131n ayr\u0131lmas\u0131 ve ruhsal bo\u015fanma protokol\u00fc<br \/>\n<\/b><b>\u00b7 90 maddelik ruh e\u015fi inan\u00e7 listesi<br \/>\n<\/b><b>\u00b7 Anne ile evlilikten do\u011fan ruhsal ba\u011flar\u0131n iadesi<br \/>\n<\/b><b>\u00b7 Ruh e\u015fi yarat\u0131m\u0131 meditasyonu (Fiziksel &amp; Ruhsal \u00f6zelliklerin yarat\u0131m\u0131)<br \/>\n<\/b><b>\u00b7 JAAS tekni\u011fi ile ruh e\u015finizle tan\u0131\u015fman\u0131n ve mevcut ili\u015fkiniz varsa size en uyumlu hale gelmesinin \u00f6n\u00fcndeki engellerin ar\u0131nd\u0131r\u0131lmas\u0131<br \/>\n<\/b><b><span style=\"color: #ed1c24;\">\u00b7 At\u00f6lye devam\u0131nda, 10 g\u00fcnl\u00fck ruh e\u015fi daveti meditasyonu her kat\u0131l\u0131mc\u0131ya hediyedir.<\/span> <\/b><\/p>\n<p><strong><span style=\"color: #ed1c24;\">\u00a08 MART&#8217;TAN SONRA KAYIT OLAN KULLANICILAR \u0130\u00c7\u0130N S\u0130PAR\u0130\u015e ONAY MA\u0130L\u0130 \u0130LE B\u0130RL\u0130KTE AT\u00d6LYE KAYDI, 10 G\u00dcNL\u00dcK RUH E\u015e\u0130 DAVET\u0130 MED\u0130TASYONU VE KAS TEST\u0130 BELGELER\u0130 G\u00d6NDER\u0130LECEKT\u0130R.<\/span><\/strong><\/p>\n<p>&nbsp;<\/p>\n<p>At\u00f6lye kay\u0131tlar\u0131 sat\u0131n alan ki\u015filere canl\u0131 yay\u0131n sonras\u0131ndaki g\u00fcnlerde yine ayn\u0131 kanallardan iletilecektir.<br \/>\n<strong>Her at\u00f6lye kayd\u0131 yasal olarak yaln\u0131zca bir ki\u015fi i\u00e7in ge\u00e7erlidir, bir ba\u015fkas\u0131 ile payla\u015f\u0131lamaz.<\/strong><\/p>\n<div class=\"sales-counter\" style=\" margin: 1em 0; padding: 10px; background-color: #fff; border: 1px solid #ddd;\">\u2728 864 Ki\u015fi Yerini Ay\u0131rd\u0131!<\/div>\n","protected":false},"featured_media":170972,"comment_status":"open","ping_status":"closed","template":"","meta":[],"product_brand":[596],"product_cat":[494],"product_tag":[],"class_list":{"0":"post-157771","1":"product","2":"type-product","3":"status-publish","4":"has-post-thumbnail","6":"product_brand-astrolog-elvan","7":"product_cat-atolyeler","8":"rsfv-has-video","10":"first","11":"instock","12":"virtual","13":"taxable","14":"purchasable","15":"product-type-simple"},"yoast_head":"<!-- This site is optimized with the Yoast SEO plugin v27.3 - https:\/\/yoast.com\/product\/yoast-seo-wordpress\/ -->\n<title>RUH E\u015e\u0130 AT\u00d6LYES\u0130 \u00b7 ASTROLOG ELVAN LAPIS - KAYIT - Astrolog Elvan<\/title>\n<meta name=\"robots\" content=\"index, follow, max-snippet:-1, max-image-preview:large, max-video-preview:-1\" \/>\n<link rel=\"canonical\" href=\"https:\/\/astrologelvan.com\/magaza\/urun\/ruh-esi-atolyesi\/\" \/>\n<meta property=\"og:locale\" content=\"tr_TR\" \/>\n<meta property=\"og:type\" content=\"article\" \/>\n<meta property=\"og:title\" content=\"RUH E\u015e\u0130 AT\u00d6LYES\u0130 \u00b7 ASTROLOG ELVAN LAPIS - KAYIT - Astrolog Elvan\" \/>\n<meta property=\"og:description\" content=\"Ya\u015famda herkesin birden fazla ruh e\u015fi vard\u0131r. Bu at\u00f6lye ile sizinle en \u2018uyumlu\u2019 ruh e\u015fini ya\u015fam\u0131n\u0131za davet ediyoruz. E\u011fer, ba\u015fka biri taraf\u0131ndan sevilece\u011fini, sevgiyi alabilece\u011fini bilmiyorsan ve benim i\u00e7in bu d\u00fcnyada kimse yok diyorsan bu at\u00f6lye ile t\u00fcm ger\u00e7ekli\u011fin de\u011fi\u015febilir! E\u011fer hayat\u0131nda bir partnerin varsa, evliysen bu at\u00f6lye yine tam senin i\u00e7in. Partnerinle birlikte kat\u0131lman\u0131 \u00f6neriyoruz. Hem kad\u0131n, hem erkek bak\u0131\u015f a\u00e7\u0131s\u0131 ile ideal ili\u015fki ve ruh e\u015fi deneyimini konu\u015faca\u011f\u0131z. B\u00f6ylece ili\u015fkisi olanlar\u0131n ili\u015fkileri evrilecek ve onlar\u0131 \u00e7ok daha mutlu eden ba\u015fka bir boyuta ge\u00e7ecek. E\u011fer hala ruh e\u015fini bulamad\u0131ysan Elvan Lapis ve Musa \u015ean\u2019\u0131n ilk defa yapt\u0131klar\u0131 Ruh E\u015fi At\u00f6lyesi\u2019ni hemen sat\u0131n alabilirsiniz. Mutlulu\u011fu erteleme! \u00c7\u00fcnk\u00fc sen sevilmeye ve sevmeye lay\u0131ks\u0131n! At\u00f6lye konular\u0131 \u00b7 Eril ve di\u015fil enerjinin dengelenmesi \u00b7 Tek e\u015flilik geni olan ki\u015fileri hayat\u0131m\u0131za \u00e7ekmenin form\u00fcl\u00fc \u00b7 Eski ili\u015fkilerden ruh par\u00e7alar\u0131n\u0131n ayr\u0131lmas\u0131 ve ruhsal bo\u015fanma protokol\u00fc \u00b7 90 maddelik ruh e\u015fi inan\u00e7 listesi \u00b7 Anne ile evlilikten do\u011fan ruhsal ba\u011flar\u0131n iadesi \u00b7 Ruh e\u015fi yarat\u0131m\u0131 meditasyonu (Fiziksel &amp; Ruhsal \u00f6zelliklerin yarat\u0131m\u0131) \u00b7 JAAS tekni\u011fi ile ruh e\u015finizle tan\u0131\u015fman\u0131n ve mevcut ili\u015fkiniz varsa size en uyumlu hale gelmesinin \u00f6n\u00fcndeki engellerin ar\u0131nd\u0131r\u0131lmas\u0131 \u00b7 At\u00f6lye devam\u0131nda, 10 g\u00fcnl\u00fck ruh e\u015fi daveti meditasyonu her kat\u0131l\u0131mc\u0131ya hediyedir.   \u00a08 MART&#039;TAN SONRA KAYIT OLAN KULLANICILAR \u0130\u00c7\u0130N S\u0130PAR\u0130\u015e ONAY MA\u0130L\u0130 \u0130LE B\u0130RL\u0130KTE AT\u00d6LYE KAYDI, 10 G\u00dcNL\u00dcK RUH E\u015e\u0130 DAVET\u0130 MED\u0130TASYONU VE KAS TEST\u0130 BELGELER\u0130 G\u00d6NDER\u0130LECEKT\u0130R.  &nbsp;  At\u00f6lye kay\u0131tlar\u0131 sat\u0131n alan ki\u015filere canl\u0131 yay\u0131n sonras\u0131ndaki g\u00fcnlerde yine ayn\u0131 kanallardan iletilecektir. Her at\u00f6lye kayd\u0131 yasal olarak yaln\u0131zca bir ki\u015fi i\u00e7in ge\u00e7erlidir, bir ba\u015fkas\u0131 ile payla\u015f\u0131lamaz.\" \/>\n<meta property=\"og:url\" content=\"https:\/\/astrologelvan.com\/magaza\/urun\/ruh-esi-atolyesi\/\" \/>\n<meta property=\"og:site_name\" content=\"Astrolog Elvan\" \/>\n<meta property=\"article:modified_time\" content=\"2026-03-30T06:42:51+00:00\" \/>\n<meta property=\"og:image\" content=\"https:\/\/astrologelvan.com\/magaza\/wp-content\/uploads\/2026\/03\/Arka-plan-1.webp\" \/>\n\t<meta property=\"og:image:width\" content=\"768\" \/>\n\t<meta property=\"og:image:height\" content=\"999\" \/>\n\t<meta property=\"og:image:type\" content=\"image\/webp\" \/>\n<meta name=\"twitter:card\" content=\"summary_large_image\" \/>\n<meta name=\"twitter:label1\" content=\"Tahmini okuma s\u00fcresi\" \/>\n\t<meta name=\"twitter:data1\" content=\"1 dakika\" \/>\n<script type=\"application\/ld+json\" class=\"yoast-schema-graph\">{\"@context\":\"https:\\\/\\\/schema.org\",\"@graph\":[{\"@type\":[\"WebPage\",\"ItemPage\"],\"@id\":\"https:\\\/\\\/astrologelvan.com\\\/magaza\\\/urun\\\/ruh-esi-atolyesi\\\/\",\"url\":\"https:\\\/\\\/astrologelvan.com\\\/magaza\\\/urun\\\/ruh-esi-atolyesi\\\/\",\"name\":\"RUH E\u015e\u0130 AT\u00d6LYES\u0130 \u00b7 ASTROLOG ELVAN LAPIS - KAYIT - Astrolog Elvan\",\"isPartOf\":{\"@id\":\"https:\\\/\\\/astrologelvan.com\\\/magaza\\\/#website\"},\"primaryImageOfPage\":{\"@id\":\"https:\\\/\\\/astrologelvan.com\\\/magaza\\\/urun\\\/ruh-esi-atolyesi\\\/#primaryimage\"},\"image\":{\"@id\":\"https:\\\/\\\/astrologelvan.com\\\/magaza\\\/urun\\\/ruh-esi-atolyesi\\\/#primaryimage\"},\"thumbnailUrl\":\"https:\\\/\\\/astrologelvan.com\\\/magaza\\\/wp-content\\\/uploads\\\/2026\\\/03\\\/Arka-plan-1.webp\",\"datePublished\":\"2026-02-22T03:19:20+00:00\",\"dateModified\":\"2026-03-30T06:42:51+00:00\",\"breadcrumb\":{\"@id\":\"https:\\\/\\\/astrologelvan.com\\\/magaza\\\/urun\\\/ruh-esi-atolyesi\\\/#breadcrumb\"},\"inLanguage\":\"tr\",\"potentialAction\":[{\"@type\":\"ReadAction\",\"target\":[\"https:\\\/\\\/astrologelvan.com\\\/magaza\\\/urun\\\/ruh-esi-atolyesi\\\/\"]}]},{\"@type\":\"ImageObject\",\"inLanguage\":\"tr\",\"@id\":\"https:\\\/\\\/astrologelvan.com\\\/magaza\\\/urun\\\/ruh-esi-atolyesi\\\/#primaryimage\",\"url\":\"https:\\\/\\\/astrologelvan.com\\\/magaza\\\/wp-content\\\/uploads\\\/2026\\\/03\\\/Arka-plan-1.webp\",\"contentUrl\":\"https:\\\/\\\/astrologelvan.com\\\/magaza\\\/wp-content\\\/uploads\\\/2026\\\/03\\\/Arka-plan-1.webp\",\"width\":768,\"height\":999},{\"@type\":\"BreadcrumbList\",\"@id\":\"https:\\\/\\\/astrologelvan.com\\\/magaza\\\/urun\\\/ruh-esi-atolyesi\\\/#breadcrumb\",\"itemListElement\":[{\"@type\":\"ListItem\",\"position\":1,\"name\":\"Anasayfa\",\"item\":\"https:\\\/\\\/astrologelvan.com\\\/magaza\\\/\"},{\"@type\":\"ListItem\",\"position\":2,\"name\":\"Ma\u011faza\",\"item\":\"https:\\\/\\\/astrologelvan.com\\\/magaza\\\/magaza\\\/\"},{\"@type\":\"ListItem\",\"position\":3,\"name\":\"RUH E\u015e\u0130 AT\u00d6LYES\u0130 \u00b7 ASTROLOG ELVAN LAPIS &#8211; KAYIT\"}]},{\"@type\":\"WebSite\",\"@id\":\"https:\\\/\\\/astrologelvan.com\\\/magaza\\\/#website\",\"url\":\"https:\\\/\\\/astrologelvan.com\\\/magaza\\\/\",\"name\":\"Astrolog Elvan\",\"description\":\"\",\"potentialAction\":[{\"@type\":\"SearchAction\",\"target\":{\"@type\":\"EntryPoint\",\"urlTemplate\":\"https:\\\/\\\/astrologelvan.com\\\/magaza\\\/?s={search_term_string}\"},\"query-input\":{\"@type\":\"PropertyValueSpecification\",\"valueRequired\":true,\"valueName\":\"search_term_string\"}}],\"inLanguage\":\"tr\"}]}<\/script>\n<!-- \/ Yoast SEO plugin. -->","yoast_head_json":{"title":"RUH E\u015e\u0130 AT\u00d6LYES\u0130 \u00b7 ASTROLOG ELVAN LAPIS - KAYIT - Astrolog Elvan","robots":{"index":"index","follow":"follow","max-snippet":"max-snippet:-1","max-image-preview":"max-image-preview:large","max-video-preview":"max-video-preview:-1"},"canonical":"https:\/\/astrologelvan.com\/magaza\/urun\/ruh-esi-atolyesi\/","og_locale":"tr_TR","og_type":"article","og_title":"RUH E\u015e\u0130 AT\u00d6LYES\u0130 \u00b7 ASTROLOG ELVAN LAPIS - KAYIT - Astrolog Elvan","og_description":"Ya\u015famda herkesin birden fazla ruh e\u015fi vard\u0131r. Bu at\u00f6lye ile sizinle en \u2018uyumlu\u2019 ruh e\u015fini ya\u015fam\u0131n\u0131za davet ediyoruz. E\u011fer, ba\u015fka biri taraf\u0131ndan sevilece\u011fini, sevgiyi alabilece\u011fini bilmiyorsan ve benim i\u00e7in bu d\u00fcnyada kimse yok diyorsan bu at\u00f6lye ile t\u00fcm ger\u00e7ekli\u011fin de\u011fi\u015febilir! E\u011fer hayat\u0131nda bir partnerin varsa, evliysen bu at\u00f6lye yine tam senin i\u00e7in. Partnerinle birlikte kat\u0131lman\u0131 \u00f6neriyoruz. Hem kad\u0131n, hem erkek bak\u0131\u015f a\u00e7\u0131s\u0131 ile ideal ili\u015fki ve ruh e\u015fi deneyimini konu\u015faca\u011f\u0131z. B\u00f6ylece ili\u015fkisi olanlar\u0131n ili\u015fkileri evrilecek ve onlar\u0131 \u00e7ok daha mutlu eden ba\u015fka bir boyuta ge\u00e7ecek. E\u011fer hala ruh e\u015fini bulamad\u0131ysan Elvan Lapis ve Musa \u015ean\u2019\u0131n ilk defa yapt\u0131klar\u0131 Ruh E\u015fi At\u00f6lyesi\u2019ni hemen sat\u0131n alabilirsiniz. Mutlulu\u011fu erteleme! \u00c7\u00fcnk\u00fc sen sevilmeye ve sevmeye lay\u0131ks\u0131n! At\u00f6lye konular\u0131 \u00b7 Eril ve di\u015fil enerjinin dengelenmesi \u00b7 Tek e\u015flilik geni olan ki\u015fileri hayat\u0131m\u0131za \u00e7ekmenin form\u00fcl\u00fc \u00b7 Eski ili\u015fkilerden ruh par\u00e7alar\u0131n\u0131n ayr\u0131lmas\u0131 ve ruhsal bo\u015fanma protokol\u00fc \u00b7 90 maddelik ruh e\u015fi inan\u00e7 listesi \u00b7 Anne ile evlilikten do\u011fan ruhsal ba\u011flar\u0131n iadesi \u00b7 Ruh e\u015fi yarat\u0131m\u0131 meditasyonu (Fiziksel &amp; Ruhsal \u00f6zelliklerin yarat\u0131m\u0131) \u00b7 JAAS tekni\u011fi ile ruh e\u015finizle tan\u0131\u015fman\u0131n ve mevcut ili\u015fkiniz varsa size en uyumlu hale gelmesinin \u00f6n\u00fcndeki engellerin ar\u0131nd\u0131r\u0131lmas\u0131 \u00b7 At\u00f6lye devam\u0131nda, 10 g\u00fcnl\u00fck ruh e\u015fi daveti meditasyonu her kat\u0131l\u0131mc\u0131ya hediyedir.   \u00a08 MART'TAN SONRA KAYIT OLAN KULLANICILAR \u0130\u00c7\u0130N S\u0130PAR\u0130\u015e ONAY MA\u0130L\u0130 \u0130LE B\u0130RL\u0130KTE AT\u00d6LYE KAYDI, 10 G\u00dcNL\u00dcK RUH E\u015e\u0130 DAVET\u0130 MED\u0130TASYONU VE KAS TEST\u0130 BELGELER\u0130 G\u00d6NDER\u0130LECEKT\u0130R.  &nbsp;  At\u00f6lye kay\u0131tlar\u0131 sat\u0131n alan ki\u015filere canl\u0131 yay\u0131n sonras\u0131ndaki g\u00fcnlerde yine ayn\u0131 kanallardan iletilecektir. Her at\u00f6lye kayd\u0131 yasal olarak yaln\u0131zca bir ki\u015fi i\u00e7in ge\u00e7erlidir, bir ba\u015fkas\u0131 ile payla\u015f\u0131lamaz.","og_url":"https:\/\/astrologelvan.com\/magaza\/urun\/ruh-esi-atolyesi\/","og_site_name":"Astrolog Elvan","article_modified_time":"2026-03-30T06:42:51+00:00","og_image":[{"width":768,"height":999,"url":"https:\/\/astrologelvan.com\/magaza\/wp-content\/uploads\/2026\/03\/Arka-plan-1.webp","type":"image\/webp"}],"twitter_card":"summary_large_image","twitter_misc":{"Tahmini okuma s\u00fcresi":"1 dakika"},"schema":{"@context":"https:\/\/schema.org","@graph":[{"@type":["WebPage","ItemPage"],"@id":"https:\/\/astrologelvan.com\/magaza\/urun\/ruh-esi-atolyesi\/","url":"https:\/\/astrologelvan.com\/magaza\/urun\/ruh-esi-atolyesi\/","name":"RUH E\u015e\u0130 AT\u00d6LYES\u0130 \u00b7 ASTROLOG ELVAN LAPIS - KAYIT - Astrolog Elvan","isPartOf":{"@id":"https:\/\/astrologelvan.com\/magaza\/#website"},"primaryImageOfPage":{"@id":"https:\/\/astrologelvan.com\/magaza\/urun\/ruh-esi-atolyesi\/#primaryimage"},"image":{"@id":"https:\/\/astrologelvan.com\/magaza\/urun\/ruh-esi-atolyesi\/#primaryimage"},"thumbnailUrl":"https:\/\/astrologelvan.com\/magaza\/wp-content\/uploads\/2026\/03\/Arka-plan-1.webp","datePublished":"2026-02-22T03:19:20+00:00","dateModified":"2026-03-30T06:42:51+00:00","breadcrumb":{"@id":"https:\/\/astrologelvan.com\/magaza\/urun\/ruh-esi-atolyesi\/#breadcrumb"},"inLanguage":"tr","potentialAction":[{"@type":"ReadAction","target":["https:\/\/astrologelvan.com\/magaza\/urun\/ruh-esi-atolyesi\/"]}]},{"@type":"ImageObject","inLanguage":"tr","@id":"https:\/\/astrologelvan.com\/magaza\/urun\/ruh-esi-atolyesi\/#primaryimage","url":"https:\/\/astrologelvan.com\/magaza\/wp-content\/uploads\/2026\/03\/Arka-plan-1.webp","contentUrl":"https:\/\/astrologelvan.com\/magaza\/wp-content\/uploads\/2026\/03\/Arka-plan-1.webp","width":768,"height":999},{"@type":"BreadcrumbList","@id":"https:\/\/astrologelvan.com\/magaza\/urun\/ruh-esi-atolyesi\/#breadcrumb","itemListElement":[{"@type":"ListItem","position":1,"name":"Anasayfa","item":"https:\/\/astrologelvan.com\/magaza\/"},{"@type":"ListItem","position":2,"name":"Ma\u011faza","item":"https:\/\/astrologelvan.com\/magaza\/magaza\/"},{"@type":"ListItem","position":3,"name":"RUH E\u015e\u0130 AT\u00d6LYES\u0130 \u00b7 ASTROLOG ELVAN LAPIS &#8211; KAYIT"}]},{"@type":"WebSite","@id":"https:\/\/astrologelvan.com\/magaza\/#website","url":"https:\/\/astrologelvan.com\/magaza\/","name":"Astrolog Elvan","description":"","potentialAction":[{"@type":"SearchAction","target":{"@type":"EntryPoint","urlTemplate":"https:\/\/astrologelvan.com\/magaza\/?s={search_term_string}"},"query-input":{"@type":"PropertyValueSpecification","valueRequired":true,"valueName":"search_term_string"}}],"inLanguage":"tr"}]}},"_links":{"self":[{"href":"https:\/\/astrologelvan.com\/magaza\/wp-json\/wp\/v2\/product\/157771","targetHints":{"allow":["GET"]}}],"collection":[{"href":"https:\/\/astrologelvan.com\/magaza\/wp-json\/wp\/v2\/product"}],"about":[{"href":"https:\/\/astrologelvan.com\/magaza\/wp-json\/wp\/v2\/types\/product"}],"replies":[{"embeddable":true,"href":"https:\/\/astrologelvan.com\/magaza\/wp-json\/wp\/v2\/comments?post=157771"}],"wp:featuredmedia":[{"embeddable":true,"href":"https:\/\/astrologelvan.com\/magaza\/wp-json\/wp\/v2\/media\/170972"}],"wp:attachment":[{"href":"https:\/\/astrologelvan.com\/magaza\/wp-json\/wp\/v2\/media?parent=157771"}],"wp:term":[{"taxonomy":"product_brand","embeddable":true,"href":"https:\/\/astrologelvan.com\/magaza\/wp-json\/wp\/v2\/product_brand?post=157771"},{"taxonomy":"product_cat","embeddable":true,"href":"https:\/\/astrologelvan.com\/magaza\/wp-json\/wp\/v2\/product_cat?post=157771"},{"taxonomy":"product_tag","embeddable":true,"href":"https:\/\/astrologelvan.com\/magaza\/wp-json\/wp\/v2\/product_tag?post=157771"}],"curies":[{"name":"wp","href":"https:\/\/api.w.org\/{rel}","templated":true}]}}