{"id":156591,"date":"2026-02-19T11:39:45","date_gmt":"2026-02-19T08:39:45","guid":{"rendered":"https:\/\/astrologelvan.com\/magaza\/?post_type=product&#038;p=156591"},"modified":"2026-03-12T13:55:39","modified_gmt":"2026-03-12T10:55:39","slug":"koi-baligi-ask-kolye-ucu-925-ayar-gumus-uzeri-antik-karartma-ve-altin-kaplama","status":"publish","type":"product","link":"https:\/\/astrologelvan.com\/magaza\/urun\/koi-baligi-ask-kolye-ucu-925-ayar-gumus-uzeri-antik-karartma-ve-altin-kaplama\/","title":{"rendered":"KO\u0130 BALI\u011eI A\u015eK KOLYE UCU | 925 AYAR G\u00dcM\u00dc\u015e \u00dcZER\u0130 ANT\u0130K KARARTMA VE ALTIN KAPLAMA"},"content":{"rendered":"","protected":false},"excerpt":{"rendered":"<p>\u00c7ift olarak g\u00fcc\u00fc, birlikte ba\u015farmay\u0131 ve ili\u015fkilerde dengeyi simgeler. \u0130ki koi bal\u0131\u011f\u0131n\u0131n<br \/>\nuyumu, a\u015fk\u0131n kar\u015f\u0131l\u0131kl\u0131 emekle b\u00fcy\u00fcyen kuvvetini ve birlikten do\u011fan bereketi temsil eder.<br \/>\nSevgiyle dengelenen bu enerji, hayat\u0131na bolluk ve ak\u0131\u015f\u0131 davet eder.<br \/>\n<span style=\"color: #ed1c24\">El Yap\u0131m\u0131 \u00d6zel Tasar\u0131m<\/span><\/p>\n<p><strong>\u00dcr\u00fcn \u00d6zellikleri<\/strong><br \/>\n3,67 gr 925 Ayar G\u00fcm\u00fc\u015f<\/p>\n","protected":false},"featured_media":156592,"comment_status":"open","ping_status":"closed","template":"","meta":[],"product_brand":[596],"product_cat":[9561],"product_tag":[],"class_list":{"0":"post-156591","1":"product","2":"type-product","3":"status-publish","4":"has-post-thumbnail","6":"product_brand-astrolog-elvan","7":"product_cat-mistik-hazineler-koleksiyonu","9":"first","10":"instock","11":"purchasable","12":"product-type-simple"},"yoast_head":"<!-- This site is optimized with the Yoast SEO plugin v27.3 - https:\/\/yoast.com\/product\/yoast-seo-wordpress\/ -->\n<title>KO\u0130 BALI\u011eI A\u015eK KOLYE UCU | 925 AYAR G\u00dcM\u00dc\u015e \u00dcZER\u0130 ANT\u0130K KARARTMA VE ALTIN KAPLAMA - Astrolog Elvan<\/title>\n<meta name=\"robots\" content=\"index, follow, max-snippet:-1, max-image-preview:large, max-video-preview:-1\" \/>\n<link rel=\"canonical\" href=\"https:\/\/astrologelvan.com\/magaza\/urun\/koi-baligi-ask-kolye-ucu-925-ayar-gumus-uzeri-antik-karartma-ve-altin-kaplama\/\" \/>\n<meta property=\"og:locale\" content=\"tr_TR\" \/>\n<meta property=\"og:type\" content=\"article\" \/>\n<meta property=\"og:title\" content=\"KO\u0130 BALI\u011eI A\u015eK KOLYE UCU | 925 AYAR G\u00dcM\u00dc\u015e \u00dcZER\u0130 ANT\u0130K KARARTMA VE ALTIN KAPLAMA - Astrolog Elvan\" \/>\n<meta property=\"og:description\" content=\"\u00c7ift olarak g\u00fcc\u00fc, birlikte ba\u015farmay\u0131 ve ili\u015fkilerde dengeyi simgeler. \u0130ki koi bal\u0131\u011f\u0131n\u0131n uyumu, a\u015fk\u0131n kar\u015f\u0131l\u0131kl\u0131 emekle b\u00fcy\u00fcyen kuvvetini ve birlikten do\u011fan bereketi temsil eder. Sevgiyle dengelenen bu enerji, hayat\u0131na bolluk ve ak\u0131\u015f\u0131 davet eder. El Yap\u0131m\u0131 \u00d6zel Tasar\u0131m  \u00dcr\u00fcn \u00d6zellikleri 3,67 gr 925 Ayar G\u00fcm\u00fc\u015f\" \/>\n<meta property=\"og:url\" content=\"https:\/\/astrologelvan.com\/magaza\/urun\/koi-baligi-ask-kolye-ucu-925-ayar-gumus-uzeri-antik-karartma-ve-altin-kaplama\/\" \/>\n<meta property=\"og:site_name\" content=\"Astrolog Elvan\" \/>\n<meta property=\"article:modified_time\" content=\"2026-03-12T10:55:39+00:00\" \/>\n<meta property=\"og:image\" content=\"https:\/\/astrologelvan.com\/magaza\/wp-content\/uploads\/2026\/02\/ChatGPT-Image-17-Sub-2026-17_14_16.webp\" \/>\n\t<meta property=\"og:image:width\" content=\"1024\" \/>\n\t<meta property=\"og:image:height\" content=\"1536\" \/>\n\t<meta property=\"og:image:type\" content=\"image\/webp\" \/>\n<meta name=\"twitter:card\" content=\"summary_large_image\" \/>\n<meta name=\"twitter:label1\" content=\"Tahmini okuma s\u00fcresi\" \/>\n\t<meta name=\"twitter:data1\" content=\"1 dakika\" \/>\n<script type=\"application\/ld+json\" class=\"yoast-schema-graph\">{\"@context\":\"https:\\\/\\\/schema.org\",\"@graph\":[{\"@type\":[\"WebPage\",\"ItemPage\"],\"@id\":\"https:\\\/\\\/astrologelvan.com\\\/magaza\\\/urun\\\/koi-baligi-ask-kolye-ucu-925-ayar-gumus-uzeri-antik-karartma-ve-altin-kaplama\\\/\",\"url\":\"https:\\\/\\\/astrologelvan.com\\\/magaza\\\/urun\\\/koi-baligi-ask-kolye-ucu-925-ayar-gumus-uzeri-antik-karartma-ve-altin-kaplama\\\/\",\"name\":\"KO\u0130 BALI\u011eI A\u015eK KOLYE UCU | 925 AYAR G\u00dcM\u00dc\u015e \u00dcZER\u0130 ANT\u0130K KARARTMA VE ALTIN KAPLAMA - Astrolog Elvan\",\"isPartOf\":{\"@id\":\"https:\\\/\\\/astrologelvan.com\\\/magaza\\\/#website\"},\"primaryImageOfPage\":{\"@id\":\"https:\\\/\\\/astrologelvan.com\\\/magaza\\\/urun\\\/koi-baligi-ask-kolye-ucu-925-ayar-gumus-uzeri-antik-karartma-ve-altin-kaplama\\\/#primaryimage\"},\"image\":{\"@id\":\"https:\\\/\\\/astrologelvan.com\\\/magaza\\\/urun\\\/koi-baligi-ask-kolye-ucu-925-ayar-gumus-uzeri-antik-karartma-ve-altin-kaplama\\\/#primaryimage\"},\"thumbnailUrl\":\"https:\\\/\\\/astrologelvan.com\\\/magaza\\\/wp-content\\\/uploads\\\/2026\\\/02\\\/ChatGPT-Image-17-Sub-2026-17_14_16.webp\",\"datePublished\":\"2026-02-19T08:39:45+00:00\",\"dateModified\":\"2026-03-12T10:55:39+00:00\",\"breadcrumb\":{\"@id\":\"https:\\\/\\\/astrologelvan.com\\\/magaza\\\/urun\\\/koi-baligi-ask-kolye-ucu-925-ayar-gumus-uzeri-antik-karartma-ve-altin-kaplama\\\/#breadcrumb\"},\"inLanguage\":\"tr\",\"potentialAction\":[{\"@type\":\"ReadAction\",\"target\":[\"https:\\\/\\\/astrologelvan.com\\\/magaza\\\/urun\\\/koi-baligi-ask-kolye-ucu-925-ayar-gumus-uzeri-antik-karartma-ve-altin-kaplama\\\/\"]}]},{\"@type\":\"ImageObject\",\"inLanguage\":\"tr\",\"@id\":\"https:\\\/\\\/astrologelvan.com\\\/magaza\\\/urun\\\/koi-baligi-ask-kolye-ucu-925-ayar-gumus-uzeri-antik-karartma-ve-altin-kaplama\\\/#primaryimage\",\"url\":\"https:\\\/\\\/astrologelvan.com\\\/magaza\\\/wp-content\\\/uploads\\\/2026\\\/02\\\/ChatGPT-Image-17-Sub-2026-17_14_16.webp\",\"contentUrl\":\"https:\\\/\\\/astrologelvan.com\\\/magaza\\\/wp-content\\\/uploads\\\/2026\\\/02\\\/ChatGPT-Image-17-Sub-2026-17_14_16.webp\",\"width\":1024,\"height\":1536},{\"@type\":\"BreadcrumbList\",\"@id\":\"https:\\\/\\\/astrologelvan.com\\\/magaza\\\/urun\\\/koi-baligi-ask-kolye-ucu-925-ayar-gumus-uzeri-antik-karartma-ve-altin-kaplama\\\/#breadcrumb\",\"itemListElement\":[{\"@type\":\"ListItem\",\"position\":1,\"name\":\"Anasayfa\",\"item\":\"https:\\\/\\\/astrologelvan.com\\\/magaza\\\/\"},{\"@type\":\"ListItem\",\"position\":2,\"name\":\"Ma\u011faza\",\"item\":\"https:\\\/\\\/astrologelvan.com\\\/magaza\\\/magaza\\\/\"},{\"@type\":\"ListItem\",\"position\":3,\"name\":\"KO\u0130 BALI\u011eI A\u015eK KOLYE UCU | 925 AYAR G\u00dcM\u00dc\u015e \u00dcZER\u0130 ANT\u0130K KARARTMA VE ALTIN KAPLAMA\"}]},{\"@type\":\"WebSite\",\"@id\":\"https:\\\/\\\/astrologelvan.com\\\/magaza\\\/#website\",\"url\":\"https:\\\/\\\/astrologelvan.com\\\/magaza\\\/\",\"name\":\"Astrolog Elvan\",\"description\":\"\",\"potentialAction\":[{\"@type\":\"SearchAction\",\"target\":{\"@type\":\"EntryPoint\",\"urlTemplate\":\"https:\\\/\\\/astrologelvan.com\\\/magaza\\\/?s={search_term_string}\"},\"query-input\":{\"@type\":\"PropertyValueSpecification\",\"valueRequired\":true,\"valueName\":\"search_term_string\"}}],\"inLanguage\":\"tr\"}]}<\/script>\n<!-- \/ Yoast SEO plugin. -->","yoast_head_json":{"title":"KO\u0130 BALI\u011eI A\u015eK KOLYE UCU | 925 AYAR G\u00dcM\u00dc\u015e \u00dcZER\u0130 ANT\u0130K KARARTMA VE ALTIN KAPLAMA - Astrolog Elvan","robots":{"index":"index","follow":"follow","max-snippet":"max-snippet:-1","max-image-preview":"max-image-preview:large","max-video-preview":"max-video-preview:-1"},"canonical":"https:\/\/astrologelvan.com\/magaza\/urun\/koi-baligi-ask-kolye-ucu-925-ayar-gumus-uzeri-antik-karartma-ve-altin-kaplama\/","og_locale":"tr_TR","og_type":"article","og_title":"KO\u0130 BALI\u011eI A\u015eK KOLYE UCU | 925 AYAR G\u00dcM\u00dc\u015e \u00dcZER\u0130 ANT\u0130K KARARTMA VE ALTIN KAPLAMA - Astrolog Elvan","og_description":"\u00c7ift olarak g\u00fcc\u00fc, birlikte ba\u015farmay\u0131 ve ili\u015fkilerde dengeyi simgeler. \u0130ki koi bal\u0131\u011f\u0131n\u0131n uyumu, a\u015fk\u0131n kar\u015f\u0131l\u0131kl\u0131 emekle b\u00fcy\u00fcyen kuvvetini ve birlikten do\u011fan bereketi temsil eder. Sevgiyle dengelenen bu enerji, hayat\u0131na bolluk ve ak\u0131\u015f\u0131 davet eder. El Yap\u0131m\u0131 \u00d6zel Tasar\u0131m  \u00dcr\u00fcn \u00d6zellikleri 3,67 gr 925 Ayar G\u00fcm\u00fc\u015f","og_url":"https:\/\/astrologelvan.com\/magaza\/urun\/koi-baligi-ask-kolye-ucu-925-ayar-gumus-uzeri-antik-karartma-ve-altin-kaplama\/","og_site_name":"Astrolog Elvan","article_modified_time":"2026-03-12T10:55:39+00:00","og_image":[{"width":1024,"height":1536,"url":"https:\/\/astrologelvan.com\/magaza\/wp-content\/uploads\/2026\/02\/ChatGPT-Image-17-Sub-2026-17_14_16.webp","type":"image\/webp"}],"twitter_card":"summary_large_image","twitter_misc":{"Tahmini okuma s\u00fcresi":"1 dakika"},"schema":{"@context":"https:\/\/schema.org","@graph":[{"@type":["WebPage","ItemPage"],"@id":"https:\/\/astrologelvan.com\/magaza\/urun\/koi-baligi-ask-kolye-ucu-925-ayar-gumus-uzeri-antik-karartma-ve-altin-kaplama\/","url":"https:\/\/astrologelvan.com\/magaza\/urun\/koi-baligi-ask-kolye-ucu-925-ayar-gumus-uzeri-antik-karartma-ve-altin-kaplama\/","name":"KO\u0130 BALI\u011eI A\u015eK KOLYE UCU | 925 AYAR G\u00dcM\u00dc\u015e \u00dcZER\u0130 ANT\u0130K KARARTMA VE ALTIN KAPLAMA - Astrolog Elvan","isPartOf":{"@id":"https:\/\/astrologelvan.com\/magaza\/#website"},"primaryImageOfPage":{"@id":"https:\/\/astrologelvan.com\/magaza\/urun\/koi-baligi-ask-kolye-ucu-925-ayar-gumus-uzeri-antik-karartma-ve-altin-kaplama\/#primaryimage"},"image":{"@id":"https:\/\/astrologelvan.com\/magaza\/urun\/koi-baligi-ask-kolye-ucu-925-ayar-gumus-uzeri-antik-karartma-ve-altin-kaplama\/#primaryimage"},"thumbnailUrl":"https:\/\/astrologelvan.com\/magaza\/wp-content\/uploads\/2026\/02\/ChatGPT-Image-17-Sub-2026-17_14_16.webp","datePublished":"2026-02-19T08:39:45+00:00","dateModified":"2026-03-12T10:55:39+00:00","breadcrumb":{"@id":"https:\/\/astrologelvan.com\/magaza\/urun\/koi-baligi-ask-kolye-ucu-925-ayar-gumus-uzeri-antik-karartma-ve-altin-kaplama\/#breadcrumb"},"inLanguage":"tr","potentialAction":[{"@type":"ReadAction","target":["https:\/\/astrologelvan.com\/magaza\/urun\/koi-baligi-ask-kolye-ucu-925-ayar-gumus-uzeri-antik-karartma-ve-altin-kaplama\/"]}]},{"@type":"ImageObject","inLanguage":"tr","@id":"https:\/\/astrologelvan.com\/magaza\/urun\/koi-baligi-ask-kolye-ucu-925-ayar-gumus-uzeri-antik-karartma-ve-altin-kaplama\/#primaryimage","url":"https:\/\/astrologelvan.com\/magaza\/wp-content\/uploads\/2026\/02\/ChatGPT-Image-17-Sub-2026-17_14_16.webp","contentUrl":"https:\/\/astrologelvan.com\/magaza\/wp-content\/uploads\/2026\/02\/ChatGPT-Image-17-Sub-2026-17_14_16.webp","width":1024,"height":1536},{"@type":"BreadcrumbList","@id":"https:\/\/astrologelvan.com\/magaza\/urun\/koi-baligi-ask-kolye-ucu-925-ayar-gumus-uzeri-antik-karartma-ve-altin-kaplama\/#breadcrumb","itemListElement":[{"@type":"ListItem","position":1,"name":"Anasayfa","item":"https:\/\/astrologelvan.com\/magaza\/"},{"@type":"ListItem","position":2,"name":"Ma\u011faza","item":"https:\/\/astrologelvan.com\/magaza\/magaza\/"},{"@type":"ListItem","position":3,"name":"KO\u0130 BALI\u011eI A\u015eK KOLYE UCU | 925 AYAR G\u00dcM\u00dc\u015e \u00dcZER\u0130 ANT\u0130K KARARTMA VE ALTIN KAPLAMA"}]},{"@type":"WebSite","@id":"https:\/\/astrologelvan.com\/magaza\/#website","url":"https:\/\/astrologelvan.com\/magaza\/","name":"Astrolog Elvan","description":"","potentialAction":[{"@type":"SearchAction","target":{"@type":"EntryPoint","urlTemplate":"https:\/\/astrologelvan.com\/magaza\/?s={search_term_string}"},"query-input":{"@type":"PropertyValueSpecification","valueRequired":true,"valueName":"search_term_string"}}],"inLanguage":"tr"}]}},"_links":{"self":[{"href":"https:\/\/astrologelvan.com\/magaza\/wp-json\/wp\/v2\/product\/156591","targetHints":{"allow":["GET"]}}],"collection":[{"href":"https:\/\/astrologelvan.com\/magaza\/wp-json\/wp\/v2\/product"}],"about":[{"href":"https:\/\/astrologelvan.com\/magaza\/wp-json\/wp\/v2\/types\/product"}],"replies":[{"embeddable":true,"href":"https:\/\/astrologelvan.com\/magaza\/wp-json\/wp\/v2\/comments?post=156591"}],"wp:featuredmedia":[{"embeddable":true,"href":"https:\/\/astrologelvan.com\/magaza\/wp-json\/wp\/v2\/media\/156592"}],"wp:attachment":[{"href":"https:\/\/astrologelvan.com\/magaza\/wp-json\/wp\/v2\/media?parent=156591"}],"wp:term":[{"taxonomy":"product_brand","embeddable":true,"href":"https:\/\/astrologelvan.com\/magaza\/wp-json\/wp\/v2\/product_brand?post=156591"},{"taxonomy":"product_cat","embeddable":true,"href":"https:\/\/astrologelvan.com\/magaza\/wp-json\/wp\/v2\/product_cat?post=156591"},{"taxonomy":"product_tag","embeddable":true,"href":"https:\/\/astrologelvan.com\/magaza\/wp-json\/wp\/v2\/product_tag?post=156591"}],"curies":[{"name":"wp","href":"https:\/\/api.w.org\/{rel}","templated":true}]}}