{"id":15611,"date":"2024-08-29T17:27:10","date_gmt":"2024-08-29T14:27:10","guid":{"rendered":"https:\/\/astrologelvan.com\/magaza\/?post_type=product&#038;p=15611"},"modified":"2026-03-15T20:07:24","modified_gmt":"2026-03-15T17:07:24","slug":"ask-para-seti","status":"publish","type":"product","link":"https:\/\/astrologelvan.com\/magaza\/urun\/ask-para-seti\/","title":{"rendered":"A\u015eK &#038; PARA SET\u0130"},"content":{"rendered":"","protected":false},"excerpt":{"rendered":"<h3><strong>3 &#8211; 9 Haziran<\/strong>\u00a0<strong>Tarihleri Aras\u0131nda Yapabilirsiniz.<\/strong><\/h3>\n<p>A\u015fk ve Para rit\u00fceli bir arada!<\/p>\n<p>S\u0131n\u0131rl\u0131 say\u0131da \u00fcretilen bu set, ThetaHealing ile his y\u00fcklenmi\u015ftir: Bedel \u00f6demeden, ma\u011fdur olmadan hem a\u015fkta hem parada mutlu olman\u0131n, hem hayalinizdeki a\u015fka sahip olup hem de bolluk bereket i\u00e7inde olman\u0131n hissini bilmek ister misiniz?<\/p>\n","protected":false},"featured_media":15620,"comment_status":"open","ping_status":"closed","template":"","meta":[],"product_brand":[],"product_cat":[35,410],"product_tag":[524,497,514,243,523,525],"class_list":{"0":"post-15611","1":"product","2":"type-product","3":"status-publish","4":"has-post-thumbnail","6":"product_cat-rituel-kitleri","7":"product_cat-setler","8":"product_tag-ask","9":"product_tag-bereket","10":"product_tag-bolluk","11":"product_tag-rituel","12":"product_tag-rituel-kitleri","13":"product_tag-sans","15":"first","16":"instock","17":"taxable","18":"shipping-taxable","19":"purchasable","20":"product-type-simple"},"yoast_head":"<!-- This site is optimized with the Yoast SEO plugin v27.3 - https:\/\/yoast.com\/product\/yoast-seo-wordpress\/ -->\n<title>A\u015eK &amp; PARA SET\u0130 - Astrolog Elvan<\/title>\n<meta name=\"description\" content=\"9-15 Eyl\u00fcl A\u015fk ve Para Rit\u00fceli! Bu yeni ayda Ven\u00fcs Terazi\u2019nin etkisi ve Ba\u015fak\u2019\u0131n bereketi ile a\u015fk\u0131 ve bollu\u011fu bir arada ya\u015fayabilirsiniz\" \/>\n<meta name=\"robots\" content=\"index, follow, max-snippet:-1, max-image-preview:large, max-video-preview:-1\" \/>\n<link rel=\"canonical\" href=\"https:\/\/astrologelvan.com\/magaza\/urun\/ask-para-seti\/\" \/>\n<meta property=\"og:locale\" content=\"tr_TR\" \/>\n<meta property=\"og:type\" content=\"article\" \/>\n<meta property=\"og:title\" content=\"A\u015eK &amp; PARA SET\u0130 - Astrolog Elvan\" \/>\n<meta property=\"og:description\" content=\"9-15 Eyl\u00fcl A\u015fk ve Para Rit\u00fceli! Bu yeni ayda Ven\u00fcs Terazi\u2019nin etkisi ve Ba\u015fak\u2019\u0131n bereketi ile a\u015fk\u0131 ve bollu\u011fu bir arada ya\u015fayabilirsiniz\" \/>\n<meta property=\"og:url\" content=\"https:\/\/astrologelvan.com\/magaza\/urun\/ask-para-seti\/\" \/>\n<meta property=\"og:site_name\" content=\"Astrolog Elvan\" \/>\n<meta property=\"article:modified_time\" content=\"2026-03-15T17:07:24+00:00\" \/>\n<meta property=\"og:image\" content=\"https:\/\/astrologelvan.com\/magaza\/wp-content\/uploads\/2024\/08\/main_rev1.jpg\" \/>\n\t<meta property=\"og:image:width\" content=\"1500\" \/>\n\t<meta property=\"og:image:height\" content=\"1500\" \/>\n\t<meta property=\"og:image:type\" content=\"image\/jpeg\" \/>\n<meta name=\"twitter:card\" content=\"summary_large_image\" \/>\n<meta name=\"twitter:label1\" content=\"Tahmini okuma s\u00fcresi\" \/>\n\t<meta name=\"twitter:data1\" content=\"1 dakika\" \/>\n<script type=\"application\/ld+json\" class=\"yoast-schema-graph\">{\"@context\":\"https:\\\/\\\/schema.org\",\"@graph\":[{\"@type\":[\"WebPage\",\"ItemPage\"],\"@id\":\"https:\\\/\\\/astrologelvan.com\\\/magaza\\\/urun\\\/ask-para-seti\\\/\",\"url\":\"https:\\\/\\\/astrologelvan.com\\\/magaza\\\/urun\\\/ask-para-seti\\\/\",\"name\":\"A\u015eK & PARA SET\u0130 - Astrolog Elvan\",\"isPartOf\":{\"@id\":\"https:\\\/\\\/astrologelvan.com\\\/magaza\\\/#website\"},\"primaryImageOfPage\":{\"@id\":\"https:\\\/\\\/astrologelvan.com\\\/magaza\\\/urun\\\/ask-para-seti\\\/#primaryimage\"},\"image\":{\"@id\":\"https:\\\/\\\/astrologelvan.com\\\/magaza\\\/urun\\\/ask-para-seti\\\/#primaryimage\"},\"thumbnailUrl\":\"https:\\\/\\\/astrologelvan.com\\\/magaza\\\/wp-content\\\/uploads\\\/2024\\\/08\\\/main_rev1.jpg\",\"datePublished\":\"2024-08-29T14:27:10+00:00\",\"dateModified\":\"2026-03-15T17:07:24+00:00\",\"description\":\"9-15 Eyl\u00fcl A\u015fk ve Para Rit\u00fceli! Bu yeni ayda Ven\u00fcs Terazi\u2019nin etkisi ve Ba\u015fak\u2019\u0131n bereketi ile a\u015fk\u0131 ve bollu\u011fu bir arada ya\u015fayabilirsiniz\",\"breadcrumb\":{\"@id\":\"https:\\\/\\\/astrologelvan.com\\\/magaza\\\/urun\\\/ask-para-seti\\\/#breadcrumb\"},\"inLanguage\":\"tr\",\"potentialAction\":[{\"@type\":\"ReadAction\",\"target\":[\"https:\\\/\\\/astrologelvan.com\\\/magaza\\\/urun\\\/ask-para-seti\\\/\"]}]},{\"@type\":\"ImageObject\",\"inLanguage\":\"tr\",\"@id\":\"https:\\\/\\\/astrologelvan.com\\\/magaza\\\/urun\\\/ask-para-seti\\\/#primaryimage\",\"url\":\"https:\\\/\\\/astrologelvan.com\\\/magaza\\\/wp-content\\\/uploads\\\/2024\\\/08\\\/main_rev1.jpg\",\"contentUrl\":\"https:\\\/\\\/astrologelvan.com\\\/magaza\\\/wp-content\\\/uploads\\\/2024\\\/08\\\/main_rev1.jpg\",\"width\":1500,\"height\":1500},{\"@type\":\"BreadcrumbList\",\"@id\":\"https:\\\/\\\/astrologelvan.com\\\/magaza\\\/urun\\\/ask-para-seti\\\/#breadcrumb\",\"itemListElement\":[{\"@type\":\"ListItem\",\"position\":1,\"name\":\"Anasayfa\",\"item\":\"https:\\\/\\\/astrologelvan.com\\\/magaza\\\/\"},{\"@type\":\"ListItem\",\"position\":2,\"name\":\"Ma\u011faza\",\"item\":\"https:\\\/\\\/astrologelvan.com\\\/magaza\\\/magaza\\\/\"},{\"@type\":\"ListItem\",\"position\":3,\"name\":\"A\u015eK &#038; PARA SET\u0130\"}]},{\"@type\":\"WebSite\",\"@id\":\"https:\\\/\\\/astrologelvan.com\\\/magaza\\\/#website\",\"url\":\"https:\\\/\\\/astrologelvan.com\\\/magaza\\\/\",\"name\":\"Astrolog Elvan\",\"description\":\"\",\"potentialAction\":[{\"@type\":\"SearchAction\",\"target\":{\"@type\":\"EntryPoint\",\"urlTemplate\":\"https:\\\/\\\/astrologelvan.com\\\/magaza\\\/?s={search_term_string}\"},\"query-input\":{\"@type\":\"PropertyValueSpecification\",\"valueRequired\":true,\"valueName\":\"search_term_string\"}}],\"inLanguage\":\"tr\"}]}<\/script>\n<!-- \/ Yoast SEO plugin. -->","yoast_head_json":{"title":"A\u015eK & PARA SET\u0130 - Astrolog Elvan","description":"9-15 Eyl\u00fcl A\u015fk ve Para Rit\u00fceli! Bu yeni ayda Ven\u00fcs Terazi\u2019nin etkisi ve Ba\u015fak\u2019\u0131n bereketi ile a\u015fk\u0131 ve bollu\u011fu bir arada ya\u015fayabilirsiniz","robots":{"index":"index","follow":"follow","max-snippet":"max-snippet:-1","max-image-preview":"max-image-preview:large","max-video-preview":"max-video-preview:-1"},"canonical":"https:\/\/astrologelvan.com\/magaza\/urun\/ask-para-seti\/","og_locale":"tr_TR","og_type":"article","og_title":"A\u015eK & PARA SET\u0130 - Astrolog Elvan","og_description":"9-15 Eyl\u00fcl A\u015fk ve Para Rit\u00fceli! Bu yeni ayda Ven\u00fcs Terazi\u2019nin etkisi ve Ba\u015fak\u2019\u0131n bereketi ile a\u015fk\u0131 ve bollu\u011fu bir arada ya\u015fayabilirsiniz","og_url":"https:\/\/astrologelvan.com\/magaza\/urun\/ask-para-seti\/","og_site_name":"Astrolog Elvan","article_modified_time":"2026-03-15T17:07:24+00:00","og_image":[{"width":1500,"height":1500,"url":"https:\/\/astrologelvan.com\/magaza\/wp-content\/uploads\/2024\/08\/main_rev1.jpg","type":"image\/jpeg"}],"twitter_card":"summary_large_image","twitter_misc":{"Tahmini okuma s\u00fcresi":"1 dakika"},"schema":{"@context":"https:\/\/schema.org","@graph":[{"@type":["WebPage","ItemPage"],"@id":"https:\/\/astrologelvan.com\/magaza\/urun\/ask-para-seti\/","url":"https:\/\/astrologelvan.com\/magaza\/urun\/ask-para-seti\/","name":"A\u015eK & PARA SET\u0130 - Astrolog Elvan","isPartOf":{"@id":"https:\/\/astrologelvan.com\/magaza\/#website"},"primaryImageOfPage":{"@id":"https:\/\/astrologelvan.com\/magaza\/urun\/ask-para-seti\/#primaryimage"},"image":{"@id":"https:\/\/astrologelvan.com\/magaza\/urun\/ask-para-seti\/#primaryimage"},"thumbnailUrl":"https:\/\/astrologelvan.com\/magaza\/wp-content\/uploads\/2024\/08\/main_rev1.jpg","datePublished":"2024-08-29T14:27:10+00:00","dateModified":"2026-03-15T17:07:24+00:00","description":"9-15 Eyl\u00fcl A\u015fk ve Para Rit\u00fceli! Bu yeni ayda Ven\u00fcs Terazi\u2019nin etkisi ve Ba\u015fak\u2019\u0131n bereketi ile a\u015fk\u0131 ve bollu\u011fu bir arada ya\u015fayabilirsiniz","breadcrumb":{"@id":"https:\/\/astrologelvan.com\/magaza\/urun\/ask-para-seti\/#breadcrumb"},"inLanguage":"tr","potentialAction":[{"@type":"ReadAction","target":["https:\/\/astrologelvan.com\/magaza\/urun\/ask-para-seti\/"]}]},{"@type":"ImageObject","inLanguage":"tr","@id":"https:\/\/astrologelvan.com\/magaza\/urun\/ask-para-seti\/#primaryimage","url":"https:\/\/astrologelvan.com\/magaza\/wp-content\/uploads\/2024\/08\/main_rev1.jpg","contentUrl":"https:\/\/astrologelvan.com\/magaza\/wp-content\/uploads\/2024\/08\/main_rev1.jpg","width":1500,"height":1500},{"@type":"BreadcrumbList","@id":"https:\/\/astrologelvan.com\/magaza\/urun\/ask-para-seti\/#breadcrumb","itemListElement":[{"@type":"ListItem","position":1,"name":"Anasayfa","item":"https:\/\/astrologelvan.com\/magaza\/"},{"@type":"ListItem","position":2,"name":"Ma\u011faza","item":"https:\/\/astrologelvan.com\/magaza\/magaza\/"},{"@type":"ListItem","position":3,"name":"A\u015eK &#038; PARA SET\u0130"}]},{"@type":"WebSite","@id":"https:\/\/astrologelvan.com\/magaza\/#website","url":"https:\/\/astrologelvan.com\/magaza\/","name":"Astrolog Elvan","description":"","potentialAction":[{"@type":"SearchAction","target":{"@type":"EntryPoint","urlTemplate":"https:\/\/astrologelvan.com\/magaza\/?s={search_term_string}"},"query-input":{"@type":"PropertyValueSpecification","valueRequired":true,"valueName":"search_term_string"}}],"inLanguage":"tr"}]}},"_links":{"self":[{"href":"https:\/\/astrologelvan.com\/magaza\/wp-json\/wp\/v2\/product\/15611","targetHints":{"allow":["GET"]}}],"collection":[{"href":"https:\/\/astrologelvan.com\/magaza\/wp-json\/wp\/v2\/product"}],"about":[{"href":"https:\/\/astrologelvan.com\/magaza\/wp-json\/wp\/v2\/types\/product"}],"replies":[{"embeddable":true,"href":"https:\/\/astrologelvan.com\/magaza\/wp-json\/wp\/v2\/comments?post=15611"}],"wp:featuredmedia":[{"embeddable":true,"href":"https:\/\/astrologelvan.com\/magaza\/wp-json\/wp\/v2\/media\/15620"}],"wp:attachment":[{"href":"https:\/\/astrologelvan.com\/magaza\/wp-json\/wp\/v2\/media?parent=15611"}],"wp:term":[{"taxonomy":"product_brand","embeddable":true,"href":"https:\/\/astrologelvan.com\/magaza\/wp-json\/wp\/v2\/product_brand?post=15611"},{"taxonomy":"product_cat","embeddable":true,"href":"https:\/\/astrologelvan.com\/magaza\/wp-json\/wp\/v2\/product_cat?post=15611"},{"taxonomy":"product_tag","embeddable":true,"href":"https:\/\/astrologelvan.com\/magaza\/wp-json\/wp\/v2\/product_tag?post=15611"}],"curies":[{"name":"wp","href":"https:\/\/api.w.org\/{rel}","templated":true}]}}