{"id":15539,"date":"2024-08-27T17:36:40","date_gmt":"2024-08-27T14:36:40","guid":{"rendered":"https:\/\/astrologelvan.com\/magaza\/?post_type=product&#038;p=15539"},"modified":"2026-03-04T15:45:26","modified_gmt":"2026-03-04T12:45:26","slug":"kyanit-dogal-tas-erkek-bileklik","status":"publish","type":"product","link":"https:\/\/astrologelvan.com\/magaza\/urun\/kyanit-dogal-tas-erkek-bileklik\/","title":{"rendered":"KYAN\u0130T DO\u011eAL TA\u015e ERKEK B\u0130LEKL\u0130K"},"content":{"rendered":"<p>Bilekli\u011fin A\u011f\u0131rl\u0131\u011f\u0131: 19,1 Gram<\/p>\n<p><span class=\"s3\"><span class=\"bumpedFont15\">Ta\u015flar\u0131n yakla\u015f\u0131k \u00f6l\u00e7\u00fcs\u00fc: 8<\/span><\/span><span class=\"s3\"><span class=\"bumpedFont15\">\u00a0<\/span><\/span><span class=\"s3\"><span class=\"bumpedFont15\">mm<\/span><\/span><\/p>\n<p>&nbsp;<\/p>\n","protected":false},"excerpt":{"rendered":"<div class=\"product-short-description\">\n<p>Kyanit ta\u015f\u0131; r\u00fcya hat\u0131rlamaya yard\u0131mc\u0131 olmak i\u00e7in en ideal ta\u015ft\u0131r.\u00a0Bazen, uykudayken evrenden en \u00f6nemli mesajlar\u0131m\u0131z\u0131 al\u0131r\u0131z ve bu r\u00fcyalar\u0131 hat\u0131rlayabilmek, r\u00fcyalar\u0131n anlam\u0131n\u0131 aramam\u0131za ve evrenin s\u00f6ylediklerini de\u015fifre etmemize yard\u0131mc\u0131 olur.\u00a0Bilin\u00e7alt\u0131nda gizli kalanlar\u0131 ortaya \u00e7\u0131karmaya yard\u0131mc\u0131 olabilir. Ki\u015fiyi depresyondan \u00e7\u0131karmaya yard\u0131mc\u0131 olabilir.<\/p>\n<\/div>\n","protected":false},"featured_media":15540,"comment_status":"open","ping_status":"closed","template":"","meta":[],"product_brand":[],"product_cat":[348,508,347,26,198],"product_tag":[],"class_list":{"0":"post-15539","1":"product","2":"type-product","3":"status-publish","4":"has-post-thumbnail","6":"product_cat-bileklikler-erkekler-icin-dogal-taslar","7":"product_cat-erkek-bileklikler","8":"product_cat-erkekler-icin-dogal-taslar","9":"product_cat-genel","10":"product_cat-kyanit-tasi","12":"first","13":"instock","14":"taxable","15":"shipping-taxable","16":"purchasable","17":"product-type-simple"},"yoast_head":"<!-- This site is optimized with the Yoast SEO plugin v27.3 - https:\/\/yoast.com\/product\/yoast-seo-wordpress\/ -->\n<title>KYAN\u0130T DO\u011eAL TA\u015e ERKEK B\u0130LEKL\u0130K - Astrolog Elvan<\/title>\n<meta name=\"robots\" content=\"index, follow, max-snippet:-1, max-image-preview:large, max-video-preview:-1\" \/>\n<link rel=\"canonical\" href=\"https:\/\/astrologelvan.com\/magaza\/urun\/kyanit-dogal-tas-erkek-bileklik\/\" \/>\n<meta property=\"og:locale\" content=\"tr_TR\" \/>\n<meta property=\"og:type\" content=\"article\" \/>\n<meta property=\"og:title\" content=\"KYAN\u0130T DO\u011eAL TA\u015e ERKEK B\u0130LEKL\u0130K - Astrolog Elvan\" \/>\n<meta property=\"og:description\" content=\"Kyanit ta\u015f\u0131; r\u00fcya hat\u0131rlamaya yard\u0131mc\u0131 olmak i\u00e7in en ideal ta\u015ft\u0131r.\u00a0Bazen, uykudayken evrenden en \u00f6nemli mesajlar\u0131m\u0131z\u0131 al\u0131r\u0131z ve bu r\u00fcyalar\u0131 hat\u0131rlayabilmek, r\u00fcyalar\u0131n anlam\u0131n\u0131 aramam\u0131za ve evrenin s\u00f6ylediklerini de\u015fifre etmemize yard\u0131mc\u0131 olur.\u00a0Bilin\u00e7alt\u0131nda gizli kalanlar\u0131 ortaya \u00e7\u0131karmaya yard\u0131mc\u0131 olabilir. Ki\u015fiyi depresyondan \u00e7\u0131karmaya yard\u0131mc\u0131 olabilir.\" \/>\n<meta property=\"og:url\" content=\"https:\/\/astrologelvan.com\/magaza\/urun\/kyanit-dogal-tas-erkek-bileklik\/\" \/>\n<meta property=\"og:site_name\" content=\"Astrolog Elvan\" \/>\n<meta property=\"article:modified_time\" content=\"2026-03-04T12:45:26+00:00\" \/>\n<meta property=\"og:image\" content=\"https:\/\/astrologelvan.com\/magaza\/wp-content\/uploads\/2024\/08\/2-4.jpg\" \/>\n\t<meta property=\"og:image:width\" content=\"1600\" \/>\n\t<meta property=\"og:image:height\" content=\"1600\" \/>\n\t<meta property=\"og:image:type\" content=\"image\/jpeg\" \/>\n<meta name=\"twitter:card\" content=\"summary_large_image\" \/>\n<meta name=\"twitter:label1\" content=\"Tahmini okuma s\u00fcresi\" \/>\n\t<meta name=\"twitter:data1\" content=\"1 dakika\" \/>\n<script type=\"application\/ld+json\" class=\"yoast-schema-graph\">{\"@context\":\"https:\\\/\\\/schema.org\",\"@graph\":[{\"@type\":[\"WebPage\",\"ItemPage\"],\"@id\":\"https:\\\/\\\/astrologelvan.com\\\/magaza\\\/urun\\\/kyanit-dogal-tas-erkek-bileklik\\\/\",\"url\":\"https:\\\/\\\/astrologelvan.com\\\/magaza\\\/urun\\\/kyanit-dogal-tas-erkek-bileklik\\\/\",\"name\":\"KYAN\u0130T DO\u011eAL TA\u015e ERKEK B\u0130LEKL\u0130K - Astrolog Elvan\",\"isPartOf\":{\"@id\":\"https:\\\/\\\/astrologelvan.com\\\/magaza\\\/#website\"},\"primaryImageOfPage\":{\"@id\":\"https:\\\/\\\/astrologelvan.com\\\/magaza\\\/urun\\\/kyanit-dogal-tas-erkek-bileklik\\\/#primaryimage\"},\"image\":{\"@id\":\"https:\\\/\\\/astrologelvan.com\\\/magaza\\\/urun\\\/kyanit-dogal-tas-erkek-bileklik\\\/#primaryimage\"},\"thumbnailUrl\":\"https:\\\/\\\/astrologelvan.com\\\/magaza\\\/wp-content\\\/uploads\\\/2024\\\/08\\\/2-4.jpg\",\"datePublished\":\"2024-08-27T14:36:40+00:00\",\"dateModified\":\"2026-03-04T12:45:26+00:00\",\"breadcrumb\":{\"@id\":\"https:\\\/\\\/astrologelvan.com\\\/magaza\\\/urun\\\/kyanit-dogal-tas-erkek-bileklik\\\/#breadcrumb\"},\"inLanguage\":\"tr\",\"potentialAction\":[{\"@type\":\"ReadAction\",\"target\":[\"https:\\\/\\\/astrologelvan.com\\\/magaza\\\/urun\\\/kyanit-dogal-tas-erkek-bileklik\\\/\"]}]},{\"@type\":\"ImageObject\",\"inLanguage\":\"tr\",\"@id\":\"https:\\\/\\\/astrologelvan.com\\\/magaza\\\/urun\\\/kyanit-dogal-tas-erkek-bileklik\\\/#primaryimage\",\"url\":\"https:\\\/\\\/astrologelvan.com\\\/magaza\\\/wp-content\\\/uploads\\\/2024\\\/08\\\/2-4.jpg\",\"contentUrl\":\"https:\\\/\\\/astrologelvan.com\\\/magaza\\\/wp-content\\\/uploads\\\/2024\\\/08\\\/2-4.jpg\",\"width\":1600,\"height\":1600},{\"@type\":\"BreadcrumbList\",\"@id\":\"https:\\\/\\\/astrologelvan.com\\\/magaza\\\/urun\\\/kyanit-dogal-tas-erkek-bileklik\\\/#breadcrumb\",\"itemListElement\":[{\"@type\":\"ListItem\",\"position\":1,\"name\":\"Anasayfa\",\"item\":\"https:\\\/\\\/astrologelvan.com\\\/magaza\\\/\"},{\"@type\":\"ListItem\",\"position\":2,\"name\":\"Ma\u011faza\",\"item\":\"https:\\\/\\\/astrologelvan.com\\\/magaza\\\/magaza\\\/\"},{\"@type\":\"ListItem\",\"position\":3,\"name\":\"KYAN\u0130T DO\u011eAL TA\u015e ERKEK B\u0130LEKL\u0130K\"}]},{\"@type\":\"WebSite\",\"@id\":\"https:\\\/\\\/astrologelvan.com\\\/magaza\\\/#website\",\"url\":\"https:\\\/\\\/astrologelvan.com\\\/magaza\\\/\",\"name\":\"Astrolog Elvan\",\"description\":\"\",\"potentialAction\":[{\"@type\":\"SearchAction\",\"target\":{\"@type\":\"EntryPoint\",\"urlTemplate\":\"https:\\\/\\\/astrologelvan.com\\\/magaza\\\/?s={search_term_string}\"},\"query-input\":{\"@type\":\"PropertyValueSpecification\",\"valueRequired\":true,\"valueName\":\"search_term_string\"}}],\"inLanguage\":\"tr\"}]}<\/script>\n<!-- \/ Yoast SEO plugin. -->","yoast_head_json":{"title":"KYAN\u0130T DO\u011eAL TA\u015e ERKEK B\u0130LEKL\u0130K - Astrolog Elvan","robots":{"index":"index","follow":"follow","max-snippet":"max-snippet:-1","max-image-preview":"max-image-preview:large","max-video-preview":"max-video-preview:-1"},"canonical":"https:\/\/astrologelvan.com\/magaza\/urun\/kyanit-dogal-tas-erkek-bileklik\/","og_locale":"tr_TR","og_type":"article","og_title":"KYAN\u0130T DO\u011eAL TA\u015e ERKEK B\u0130LEKL\u0130K - Astrolog Elvan","og_description":"Kyanit ta\u015f\u0131; r\u00fcya hat\u0131rlamaya yard\u0131mc\u0131 olmak i\u00e7in en ideal ta\u015ft\u0131r.\u00a0Bazen, uykudayken evrenden en \u00f6nemli mesajlar\u0131m\u0131z\u0131 al\u0131r\u0131z ve bu r\u00fcyalar\u0131 hat\u0131rlayabilmek, r\u00fcyalar\u0131n anlam\u0131n\u0131 aramam\u0131za ve evrenin s\u00f6ylediklerini de\u015fifre etmemize yard\u0131mc\u0131 olur.\u00a0Bilin\u00e7alt\u0131nda gizli kalanlar\u0131 ortaya \u00e7\u0131karmaya yard\u0131mc\u0131 olabilir. Ki\u015fiyi depresyondan \u00e7\u0131karmaya yard\u0131mc\u0131 olabilir.","og_url":"https:\/\/astrologelvan.com\/magaza\/urun\/kyanit-dogal-tas-erkek-bileklik\/","og_site_name":"Astrolog Elvan","article_modified_time":"2026-03-04T12:45:26+00:00","og_image":[{"width":1600,"height":1600,"url":"https:\/\/astrologelvan.com\/magaza\/wp-content\/uploads\/2024\/08\/2-4.jpg","type":"image\/jpeg"}],"twitter_card":"summary_large_image","twitter_misc":{"Tahmini okuma s\u00fcresi":"1 dakika"},"schema":{"@context":"https:\/\/schema.org","@graph":[{"@type":["WebPage","ItemPage"],"@id":"https:\/\/astrologelvan.com\/magaza\/urun\/kyanit-dogal-tas-erkek-bileklik\/","url":"https:\/\/astrologelvan.com\/magaza\/urun\/kyanit-dogal-tas-erkek-bileklik\/","name":"KYAN\u0130T DO\u011eAL TA\u015e ERKEK B\u0130LEKL\u0130K - Astrolog Elvan","isPartOf":{"@id":"https:\/\/astrologelvan.com\/magaza\/#website"},"primaryImageOfPage":{"@id":"https:\/\/astrologelvan.com\/magaza\/urun\/kyanit-dogal-tas-erkek-bileklik\/#primaryimage"},"image":{"@id":"https:\/\/astrologelvan.com\/magaza\/urun\/kyanit-dogal-tas-erkek-bileklik\/#primaryimage"},"thumbnailUrl":"https:\/\/astrologelvan.com\/magaza\/wp-content\/uploads\/2024\/08\/2-4.jpg","datePublished":"2024-08-27T14:36:40+00:00","dateModified":"2026-03-04T12:45:26+00:00","breadcrumb":{"@id":"https:\/\/astrologelvan.com\/magaza\/urun\/kyanit-dogal-tas-erkek-bileklik\/#breadcrumb"},"inLanguage":"tr","potentialAction":[{"@type":"ReadAction","target":["https:\/\/astrologelvan.com\/magaza\/urun\/kyanit-dogal-tas-erkek-bileklik\/"]}]},{"@type":"ImageObject","inLanguage":"tr","@id":"https:\/\/astrologelvan.com\/magaza\/urun\/kyanit-dogal-tas-erkek-bileklik\/#primaryimage","url":"https:\/\/astrologelvan.com\/magaza\/wp-content\/uploads\/2024\/08\/2-4.jpg","contentUrl":"https:\/\/astrologelvan.com\/magaza\/wp-content\/uploads\/2024\/08\/2-4.jpg","width":1600,"height":1600},{"@type":"BreadcrumbList","@id":"https:\/\/astrologelvan.com\/magaza\/urun\/kyanit-dogal-tas-erkek-bileklik\/#breadcrumb","itemListElement":[{"@type":"ListItem","position":1,"name":"Anasayfa","item":"https:\/\/astrologelvan.com\/magaza\/"},{"@type":"ListItem","position":2,"name":"Ma\u011faza","item":"https:\/\/astrologelvan.com\/magaza\/magaza\/"},{"@type":"ListItem","position":3,"name":"KYAN\u0130T DO\u011eAL TA\u015e ERKEK B\u0130LEKL\u0130K"}]},{"@type":"WebSite","@id":"https:\/\/astrologelvan.com\/magaza\/#website","url":"https:\/\/astrologelvan.com\/magaza\/","name":"Astrolog Elvan","description":"","potentialAction":[{"@type":"SearchAction","target":{"@type":"EntryPoint","urlTemplate":"https:\/\/astrologelvan.com\/magaza\/?s={search_term_string}"},"query-input":{"@type":"PropertyValueSpecification","valueRequired":true,"valueName":"search_term_string"}}],"inLanguage":"tr"}]}},"_links":{"self":[{"href":"https:\/\/astrologelvan.com\/magaza\/wp-json\/wp\/v2\/product\/15539","targetHints":{"allow":["GET"]}}],"collection":[{"href":"https:\/\/astrologelvan.com\/magaza\/wp-json\/wp\/v2\/product"}],"about":[{"href":"https:\/\/astrologelvan.com\/magaza\/wp-json\/wp\/v2\/types\/product"}],"replies":[{"embeddable":true,"href":"https:\/\/astrologelvan.com\/magaza\/wp-json\/wp\/v2\/comments?post=15539"}],"wp:featuredmedia":[{"embeddable":true,"href":"https:\/\/astrologelvan.com\/magaza\/wp-json\/wp\/v2\/media\/15540"}],"wp:attachment":[{"href":"https:\/\/astrologelvan.com\/magaza\/wp-json\/wp\/v2\/media?parent=15539"}],"wp:term":[{"taxonomy":"product_brand","embeddable":true,"href":"https:\/\/astrologelvan.com\/magaza\/wp-json\/wp\/v2\/product_brand?post=15539"},{"taxonomy":"product_cat","embeddable":true,"href":"https:\/\/astrologelvan.com\/magaza\/wp-json\/wp\/v2\/product_cat?post=15539"},{"taxonomy":"product_tag","embeddable":true,"href":"https:\/\/astrologelvan.com\/magaza\/wp-json\/wp\/v2\/product_tag?post=15539"}],"curies":[{"name":"wp","href":"https:\/\/api.w.org\/{rel}","templated":true}]}}