{"id":154769,"date":"2026-02-13T12:22:14","date_gmt":"2026-02-13T09:22:14","guid":{"rendered":"https:\/\/astrologelvan.com\/magaza\/?post_type=product&#038;p=154769"},"modified":"2026-03-22T15:25:00","modified_gmt":"2026-03-22T12:25:00","slug":"kolye-zinciri-925-ayar-gumus-uzeri-altin-kaplama-2","status":"publish","type":"product","link":"https:\/\/astrologelvan.com\/magaza\/urun\/kolye-zinciri-925-ayar-gumus-uzeri-altin-kaplama-2\/","title":{"rendered":"KOLYE Z\u0130NC\u0130R\u0130 | 925 AYAR G\u00dcM\u00dc\u015e \u00dcZER\u0130 ALTIN KAPLAMA"},"content":{"rendered":"","protected":false},"excerpt":{"rendered":"<p>925 Ayar G\u00fcm\u00fc\u015ften \u00fcretilen 60 cm kolye zinciri, zamans\u0131z ve zarif tasar\u0131m\u0131yla g\u00fcnl\u00fck \u015f\u0131kl\u0131\u011f\u0131n\u0131z\u0131 tamamlar. Uzun formu sayesinde t\u00fcm kolye u\u00e7lar\u0131yla kusursuz uyum sa\u011flar ve kombinlerinize dengeli bir duru\u015f kazand\u0131r\u0131r. Dayan\u0131kl\u0131 yap\u0131s\u0131 ve parlak y\u00fczeyiyle hem tek ba\u015f\u0131na hem de favori kolye u\u00e7lar\u0131n\u0131zla birlikte g\u00fcvenle kullanabilirsiniz. \u2728<\/p>\n","protected":false},"featured_media":154770,"comment_status":"open","ping_status":"closed","template":"","meta":[],"product_brand":[596],"product_cat":[9562],"product_tag":[],"class_list":{"0":"post-154769","1":"product","2":"type-product","3":"status-publish","4":"has-post-thumbnail","6":"product_brand-astrolog-elvan","7":"product_cat-zincirler","9":"first","10":"instock","11":"purchasable","12":"product-type-simple"},"yoast_head":"<!-- This site is optimized with the Yoast SEO plugin v27.3 - https:\/\/yoast.com\/product\/yoast-seo-wordpress\/ -->\n<title>KOLYE Z\u0130NC\u0130R\u0130 | 925 AYAR G\u00dcM\u00dc\u015e \u00dcZER\u0130 ALTIN KAPLAMA - Astrolog Elvan<\/title>\n<meta name=\"robots\" content=\"index, follow, max-snippet:-1, max-image-preview:large, max-video-preview:-1\" \/>\n<link rel=\"canonical\" href=\"https:\/\/astrologelvan.com\/magaza\/urun\/kolye-zinciri-925-ayar-gumus-uzeri-altin-kaplama-2\/\" \/>\n<meta property=\"og:locale\" content=\"tr_TR\" \/>\n<meta property=\"og:type\" content=\"article\" \/>\n<meta property=\"og:title\" content=\"KOLYE Z\u0130NC\u0130R\u0130 | 925 AYAR G\u00dcM\u00dc\u015e \u00dcZER\u0130 ALTIN KAPLAMA - Astrolog Elvan\" \/>\n<meta property=\"og:description\" content=\"925 Ayar G\u00fcm\u00fc\u015ften \u00fcretilen 60 cm kolye zinciri, zamans\u0131z ve zarif tasar\u0131m\u0131yla g\u00fcnl\u00fck \u015f\u0131kl\u0131\u011f\u0131n\u0131z\u0131 tamamlar. Uzun formu sayesinde t\u00fcm kolye u\u00e7lar\u0131yla kusursuz uyum sa\u011flar ve kombinlerinize dengeli bir duru\u015f kazand\u0131r\u0131r. Dayan\u0131kl\u0131 yap\u0131s\u0131 ve parlak y\u00fczeyiyle hem tek ba\u015f\u0131na hem de favori kolye u\u00e7lar\u0131n\u0131zla birlikte g\u00fcvenle kullanabilirsiniz. \u2728\" \/>\n<meta property=\"og:url\" content=\"https:\/\/astrologelvan.com\/magaza\/urun\/kolye-zinciri-925-ayar-gumus-uzeri-altin-kaplama-2\/\" \/>\n<meta property=\"og:site_name\" content=\"Astrolog Elvan\" \/>\n<meta property=\"article:modified_time\" content=\"2026-03-22T12:25:00+00:00\" \/>\n<meta property=\"og:image\" content=\"https:\/\/astrologelvan.com\/magaza\/wp-content\/uploads\/2026\/02\/ChatGPT-Image-13-Sub-2026-11_37_37.webp\" \/>\n\t<meta property=\"og:image:width\" content=\"1024\" \/>\n\t<meta property=\"og:image:height\" content=\"1536\" \/>\n\t<meta property=\"og:image:type\" content=\"image\/webp\" \/>\n<meta name=\"twitter:card\" content=\"summary_large_image\" \/>\n<meta name=\"twitter:label1\" content=\"Tahmini okuma s\u00fcresi\" \/>\n\t<meta name=\"twitter:data1\" content=\"1 dakika\" \/>\n<script type=\"application\/ld+json\" class=\"yoast-schema-graph\">{\"@context\":\"https:\\\/\\\/schema.org\",\"@graph\":[{\"@type\":[\"WebPage\",\"ItemPage\"],\"@id\":\"https:\\\/\\\/astrologelvan.com\\\/magaza\\\/urun\\\/kolye-zinciri-925-ayar-gumus-uzeri-altin-kaplama-2\\\/\",\"url\":\"https:\\\/\\\/astrologelvan.com\\\/magaza\\\/urun\\\/kolye-zinciri-925-ayar-gumus-uzeri-altin-kaplama-2\\\/\",\"name\":\"KOLYE Z\u0130NC\u0130R\u0130 | 925 AYAR G\u00dcM\u00dc\u015e \u00dcZER\u0130 ALTIN KAPLAMA - Astrolog Elvan\",\"isPartOf\":{\"@id\":\"https:\\\/\\\/astrologelvan.com\\\/magaza\\\/#website\"},\"primaryImageOfPage\":{\"@id\":\"https:\\\/\\\/astrologelvan.com\\\/magaza\\\/urun\\\/kolye-zinciri-925-ayar-gumus-uzeri-altin-kaplama-2\\\/#primaryimage\"},\"image\":{\"@id\":\"https:\\\/\\\/astrologelvan.com\\\/magaza\\\/urun\\\/kolye-zinciri-925-ayar-gumus-uzeri-altin-kaplama-2\\\/#primaryimage\"},\"thumbnailUrl\":\"https:\\\/\\\/astrologelvan.com\\\/magaza\\\/wp-content\\\/uploads\\\/2026\\\/02\\\/ChatGPT-Image-13-Sub-2026-11_37_37.webp\",\"datePublished\":\"2026-02-13T09:22:14+00:00\",\"dateModified\":\"2026-03-22T12:25:00+00:00\",\"breadcrumb\":{\"@id\":\"https:\\\/\\\/astrologelvan.com\\\/magaza\\\/urun\\\/kolye-zinciri-925-ayar-gumus-uzeri-altin-kaplama-2\\\/#breadcrumb\"},\"inLanguage\":\"tr\",\"potentialAction\":[{\"@type\":\"ReadAction\",\"target\":[\"https:\\\/\\\/astrologelvan.com\\\/magaza\\\/urun\\\/kolye-zinciri-925-ayar-gumus-uzeri-altin-kaplama-2\\\/\"]}]},{\"@type\":\"ImageObject\",\"inLanguage\":\"tr\",\"@id\":\"https:\\\/\\\/astrologelvan.com\\\/magaza\\\/urun\\\/kolye-zinciri-925-ayar-gumus-uzeri-altin-kaplama-2\\\/#primaryimage\",\"url\":\"https:\\\/\\\/astrologelvan.com\\\/magaza\\\/wp-content\\\/uploads\\\/2026\\\/02\\\/ChatGPT-Image-13-Sub-2026-11_37_37.webp\",\"contentUrl\":\"https:\\\/\\\/astrologelvan.com\\\/magaza\\\/wp-content\\\/uploads\\\/2026\\\/02\\\/ChatGPT-Image-13-Sub-2026-11_37_37.webp\",\"width\":1024,\"height\":1536},{\"@type\":\"BreadcrumbList\",\"@id\":\"https:\\\/\\\/astrologelvan.com\\\/magaza\\\/urun\\\/kolye-zinciri-925-ayar-gumus-uzeri-altin-kaplama-2\\\/#breadcrumb\",\"itemListElement\":[{\"@type\":\"ListItem\",\"position\":1,\"name\":\"Anasayfa\",\"item\":\"https:\\\/\\\/astrologelvan.com\\\/magaza\\\/\"},{\"@type\":\"ListItem\",\"position\":2,\"name\":\"Ma\u011faza\",\"item\":\"https:\\\/\\\/astrologelvan.com\\\/magaza\\\/magaza\\\/\"},{\"@type\":\"ListItem\",\"position\":3,\"name\":\"KOLYE Z\u0130NC\u0130R\u0130 | 925 AYAR G\u00dcM\u00dc\u015e \u00dcZER\u0130 ALTIN KAPLAMA\"}]},{\"@type\":\"WebSite\",\"@id\":\"https:\\\/\\\/astrologelvan.com\\\/magaza\\\/#website\",\"url\":\"https:\\\/\\\/astrologelvan.com\\\/magaza\\\/\",\"name\":\"Astrolog Elvan\",\"description\":\"\",\"potentialAction\":[{\"@type\":\"SearchAction\",\"target\":{\"@type\":\"EntryPoint\",\"urlTemplate\":\"https:\\\/\\\/astrologelvan.com\\\/magaza\\\/?s={search_term_string}\"},\"query-input\":{\"@type\":\"PropertyValueSpecification\",\"valueRequired\":true,\"valueName\":\"search_term_string\"}}],\"inLanguage\":\"tr\"}]}<\/script>\n<!-- \/ Yoast SEO plugin. -->","yoast_head_json":{"title":"KOLYE Z\u0130NC\u0130R\u0130 | 925 AYAR G\u00dcM\u00dc\u015e \u00dcZER\u0130 ALTIN KAPLAMA - Astrolog Elvan","robots":{"index":"index","follow":"follow","max-snippet":"max-snippet:-1","max-image-preview":"max-image-preview:large","max-video-preview":"max-video-preview:-1"},"canonical":"https:\/\/astrologelvan.com\/magaza\/urun\/kolye-zinciri-925-ayar-gumus-uzeri-altin-kaplama-2\/","og_locale":"tr_TR","og_type":"article","og_title":"KOLYE Z\u0130NC\u0130R\u0130 | 925 AYAR G\u00dcM\u00dc\u015e \u00dcZER\u0130 ALTIN KAPLAMA - Astrolog Elvan","og_description":"925 Ayar G\u00fcm\u00fc\u015ften \u00fcretilen 60 cm kolye zinciri, zamans\u0131z ve zarif tasar\u0131m\u0131yla g\u00fcnl\u00fck \u015f\u0131kl\u0131\u011f\u0131n\u0131z\u0131 tamamlar. Uzun formu sayesinde t\u00fcm kolye u\u00e7lar\u0131yla kusursuz uyum sa\u011flar ve kombinlerinize dengeli bir duru\u015f kazand\u0131r\u0131r. Dayan\u0131kl\u0131 yap\u0131s\u0131 ve parlak y\u00fczeyiyle hem tek ba\u015f\u0131na hem de favori kolye u\u00e7lar\u0131n\u0131zla birlikte g\u00fcvenle kullanabilirsiniz. \u2728","og_url":"https:\/\/astrologelvan.com\/magaza\/urun\/kolye-zinciri-925-ayar-gumus-uzeri-altin-kaplama-2\/","og_site_name":"Astrolog Elvan","article_modified_time":"2026-03-22T12:25:00+00:00","og_image":[{"width":1024,"height":1536,"url":"https:\/\/astrologelvan.com\/magaza\/wp-content\/uploads\/2026\/02\/ChatGPT-Image-13-Sub-2026-11_37_37.webp","type":"image\/webp"}],"twitter_card":"summary_large_image","twitter_misc":{"Tahmini okuma s\u00fcresi":"1 dakika"},"schema":{"@context":"https:\/\/schema.org","@graph":[{"@type":["WebPage","ItemPage"],"@id":"https:\/\/astrologelvan.com\/magaza\/urun\/kolye-zinciri-925-ayar-gumus-uzeri-altin-kaplama-2\/","url":"https:\/\/astrologelvan.com\/magaza\/urun\/kolye-zinciri-925-ayar-gumus-uzeri-altin-kaplama-2\/","name":"KOLYE Z\u0130NC\u0130R\u0130 | 925 AYAR G\u00dcM\u00dc\u015e \u00dcZER\u0130 ALTIN KAPLAMA - Astrolog Elvan","isPartOf":{"@id":"https:\/\/astrologelvan.com\/magaza\/#website"},"primaryImageOfPage":{"@id":"https:\/\/astrologelvan.com\/magaza\/urun\/kolye-zinciri-925-ayar-gumus-uzeri-altin-kaplama-2\/#primaryimage"},"image":{"@id":"https:\/\/astrologelvan.com\/magaza\/urun\/kolye-zinciri-925-ayar-gumus-uzeri-altin-kaplama-2\/#primaryimage"},"thumbnailUrl":"https:\/\/astrologelvan.com\/magaza\/wp-content\/uploads\/2026\/02\/ChatGPT-Image-13-Sub-2026-11_37_37.webp","datePublished":"2026-02-13T09:22:14+00:00","dateModified":"2026-03-22T12:25:00+00:00","breadcrumb":{"@id":"https:\/\/astrologelvan.com\/magaza\/urun\/kolye-zinciri-925-ayar-gumus-uzeri-altin-kaplama-2\/#breadcrumb"},"inLanguage":"tr","potentialAction":[{"@type":"ReadAction","target":["https:\/\/astrologelvan.com\/magaza\/urun\/kolye-zinciri-925-ayar-gumus-uzeri-altin-kaplama-2\/"]}]},{"@type":"ImageObject","inLanguage":"tr","@id":"https:\/\/astrologelvan.com\/magaza\/urun\/kolye-zinciri-925-ayar-gumus-uzeri-altin-kaplama-2\/#primaryimage","url":"https:\/\/astrologelvan.com\/magaza\/wp-content\/uploads\/2026\/02\/ChatGPT-Image-13-Sub-2026-11_37_37.webp","contentUrl":"https:\/\/astrologelvan.com\/magaza\/wp-content\/uploads\/2026\/02\/ChatGPT-Image-13-Sub-2026-11_37_37.webp","width":1024,"height":1536},{"@type":"BreadcrumbList","@id":"https:\/\/astrologelvan.com\/magaza\/urun\/kolye-zinciri-925-ayar-gumus-uzeri-altin-kaplama-2\/#breadcrumb","itemListElement":[{"@type":"ListItem","position":1,"name":"Anasayfa","item":"https:\/\/astrologelvan.com\/magaza\/"},{"@type":"ListItem","position":2,"name":"Ma\u011faza","item":"https:\/\/astrologelvan.com\/magaza\/magaza\/"},{"@type":"ListItem","position":3,"name":"KOLYE Z\u0130NC\u0130R\u0130 | 925 AYAR G\u00dcM\u00dc\u015e \u00dcZER\u0130 ALTIN KAPLAMA"}]},{"@type":"WebSite","@id":"https:\/\/astrologelvan.com\/magaza\/#website","url":"https:\/\/astrologelvan.com\/magaza\/","name":"Astrolog Elvan","description":"","potentialAction":[{"@type":"SearchAction","target":{"@type":"EntryPoint","urlTemplate":"https:\/\/astrologelvan.com\/magaza\/?s={search_term_string}"},"query-input":{"@type":"PropertyValueSpecification","valueRequired":true,"valueName":"search_term_string"}}],"inLanguage":"tr"}]}},"_links":{"self":[{"href":"https:\/\/astrologelvan.com\/magaza\/wp-json\/wp\/v2\/product\/154769","targetHints":{"allow":["GET"]}}],"collection":[{"href":"https:\/\/astrologelvan.com\/magaza\/wp-json\/wp\/v2\/product"}],"about":[{"href":"https:\/\/astrologelvan.com\/magaza\/wp-json\/wp\/v2\/types\/product"}],"replies":[{"embeddable":true,"href":"https:\/\/astrologelvan.com\/magaza\/wp-json\/wp\/v2\/comments?post=154769"}],"wp:featuredmedia":[{"embeddable":true,"href":"https:\/\/astrologelvan.com\/magaza\/wp-json\/wp\/v2\/media\/154770"}],"wp:attachment":[{"href":"https:\/\/astrologelvan.com\/magaza\/wp-json\/wp\/v2\/media?parent=154769"}],"wp:term":[{"taxonomy":"product_brand","embeddable":true,"href":"https:\/\/astrologelvan.com\/magaza\/wp-json\/wp\/v2\/product_brand?post=154769"},{"taxonomy":"product_cat","embeddable":true,"href":"https:\/\/astrologelvan.com\/magaza\/wp-json\/wp\/v2\/product_cat?post=154769"},{"taxonomy":"product_tag","embeddable":true,"href":"https:\/\/astrologelvan.com\/magaza\/wp-json\/wp\/v2\/product_tag?post=154769"}],"curies":[{"name":"wp","href":"https:\/\/api.w.org\/{rel}","templated":true}]}}