{"id":154763,"date":"2026-02-13T10:58:36","date_gmt":"2026-02-13T07:58:36","guid":{"rendered":"https:\/\/astrologelvan.com\/magaza\/?post_type=product&#038;p=154763"},"modified":"2026-04-01T14:52:16","modified_gmt":"2026-04-01T11:52:16","slug":"cuzdan-kuvarsi-ritueli","status":"publish","type":"product","link":"https:\/\/astrologelvan.com\/magaza\/urun\/cuzdan-kuvarsi-ritueli\/","title":{"rendered":"C\u00fczdan Kuvars\u0131 Rit\u00fceli"},"content":{"rendered":"","protected":false},"excerpt":{"rendered":"<p>Hayalindeki a\u015fk\u0131 kalbine de\u011fil, c\u00fczdan\u0131na koymaya haz\u0131r m\u0131s\u0131n?<\/p>\n<p>Bu 2\u2019li pembe kuvars seti, \u201c<strong>C\u00fczdan Kuvars\u0131 Rit\u00fceli<\/strong>\u201d i\u00e7in \u00f6zel olarak haz\u0131rland\u0131.<br \/>\nBiri senin i\u00e7in\u2026 biri partnerin i\u00e7in.<\/p>\n<p><strong>\ud83d\udc9e \u00c7iftseniz:<\/strong><br \/>\nBir ta\u015f\u0131 kad\u0131n, bir ta\u015f\u0131 erkek kendi c\u00fczdan\u0131nda ta\u015f\u0131r.<br \/>\nEnerji alanlar\u0131 e\u015flenir, kalpler ayn\u0131 frekansta hizalan\u0131r.<\/p>\n<p><strong>\ud83d\udc97 Teksen:<\/strong><br \/>\nBir ta\u015f\u0131 sen ta\u015f\u0131.<br \/>\nDi\u011fer ta\u015f\u0131 hayalindeki partneri hayat\u0131na \u00e7ekme niyetiyle yan\u0131nda bulundur.<br \/>\n\u0130kili ta\u015f, \u201cikiden bir olma\u201d alan\u0131n\u0131 aktive eder.<\/p>\n<p>Pembe kuvars; a\u015fk, \u00f6zsevgi ve \u015fefkat frekans\u0131n\u0131 y\u00fckseltir.<br \/>\n\u0130li\u015fkide yumu\u015fama, ba\u011flanma ve kalp a\u00e7\u0131l\u0131m\u0131 niyetiyle kullan\u0131l\u0131r.<\/p>\n<p>\u2728 \u00d6zel kesesiyle birlikte g\u00f6nderilir.<br \/>\n\u2728 Hediye etmeye ve hediye olmaya haz\u0131r.<\/p>\n","protected":false},"featured_media":154764,"comment_status":"open","ping_status":"closed","template":"","meta":[],"product_brand":[596],"product_cat":[35],"product_tag":[],"class_list":{"0":"post-154763","1":"product","2":"type-product","3":"status-publish","4":"has-post-thumbnail","6":"product_brand-astrolog-elvan","7":"product_cat-rituel-kitleri","9":"first","10":"instock","11":"taxable","12":"shipping-taxable","13":"purchasable","14":"product-type-simple"},"yoast_head":"<!-- This site is optimized with the Yoast SEO plugin v27.3 - https:\/\/yoast.com\/product\/yoast-seo-wordpress\/ -->\n<title>C\u00fczdan Kuvars\u0131 Rit\u00fceli - Astrolog Elvan<\/title>\n<meta name=\"robots\" content=\"index, follow, max-snippet:-1, max-image-preview:large, max-video-preview:-1\" \/>\n<link rel=\"canonical\" href=\"https:\/\/astrologelvan.com\/magaza\/urun\/cuzdan-kuvarsi-ritueli\/\" \/>\n<meta property=\"og:locale\" content=\"tr_TR\" \/>\n<meta property=\"og:type\" content=\"article\" \/>\n<meta property=\"og:title\" content=\"C\u00fczdan Kuvars\u0131 Rit\u00fceli - Astrolog Elvan\" \/>\n<meta property=\"og:description\" content=\"Hayalindeki a\u015fk\u0131 kalbine de\u011fil, c\u00fczdan\u0131na koymaya haz\u0131r m\u0131s\u0131n?  Bu 2\u2019li pembe kuvars seti, \u201cC\u00fczdan Kuvars\u0131 Rit\u00fceli\u201d i\u00e7in \u00f6zel olarak haz\u0131rland\u0131. Biri senin i\u00e7in\u2026 biri partnerin i\u00e7in.  \ud83d\udc9e \u00c7iftseniz: Bir ta\u015f\u0131 kad\u0131n, bir ta\u015f\u0131 erkek kendi c\u00fczdan\u0131nda ta\u015f\u0131r. Enerji alanlar\u0131 e\u015flenir, kalpler ayn\u0131 frekansta hizalan\u0131r.  \ud83d\udc97 Teksen: Bir ta\u015f\u0131 sen ta\u015f\u0131. Di\u011fer ta\u015f\u0131 hayalindeki partneri hayat\u0131na \u00e7ekme niyetiyle yan\u0131nda bulundur. \u0130kili ta\u015f, \u201cikiden bir olma\u201d alan\u0131n\u0131 aktive eder.  Pembe kuvars; a\u015fk, \u00f6zsevgi ve \u015fefkat frekans\u0131n\u0131 y\u00fckseltir. \u0130li\u015fkide yumu\u015fama, ba\u011flanma ve kalp a\u00e7\u0131l\u0131m\u0131 niyetiyle kullan\u0131l\u0131r.  \u2728 \u00d6zel kesesiyle birlikte g\u00f6nderilir. \u2728 Hediye etmeye ve hediye olmaya haz\u0131r.\" \/>\n<meta property=\"og:url\" content=\"https:\/\/astrologelvan.com\/magaza\/urun\/cuzdan-kuvarsi-ritueli\/\" \/>\n<meta property=\"og:site_name\" content=\"Astrolog Elvan\" \/>\n<meta property=\"article:modified_time\" content=\"2026-04-01T11:52:16+00:00\" \/>\n<meta property=\"og:image\" content=\"https:\/\/astrologelvan.com\/magaza\/wp-content\/uploads\/2026\/02\/ChatGPT-Image-13-Sub-2026-10_39_31.webp\" \/>\n\t<meta property=\"og:image:width\" content=\"1024\" \/>\n\t<meta property=\"og:image:height\" content=\"1536\" \/>\n\t<meta property=\"og:image:type\" content=\"image\/webp\" \/>\n<meta name=\"twitter:card\" content=\"summary_large_image\" \/>\n<meta name=\"twitter:label1\" content=\"Tahmini okuma s\u00fcresi\" \/>\n\t<meta name=\"twitter:data1\" content=\"1 dakika\" \/>\n<script type=\"application\/ld+json\" class=\"yoast-schema-graph\">{\"@context\":\"https:\\\/\\\/schema.org\",\"@graph\":[{\"@type\":[\"WebPage\",\"ItemPage\"],\"@id\":\"https:\\\/\\\/astrologelvan.com\\\/magaza\\\/urun\\\/cuzdan-kuvarsi-ritueli\\\/\",\"url\":\"https:\\\/\\\/astrologelvan.com\\\/magaza\\\/urun\\\/cuzdan-kuvarsi-ritueli\\\/\",\"name\":\"C\u00fczdan Kuvars\u0131 Rit\u00fceli - Astrolog Elvan\",\"isPartOf\":{\"@id\":\"https:\\\/\\\/astrologelvan.com\\\/magaza\\\/#website\"},\"primaryImageOfPage\":{\"@id\":\"https:\\\/\\\/astrologelvan.com\\\/magaza\\\/urun\\\/cuzdan-kuvarsi-ritueli\\\/#primaryimage\"},\"image\":{\"@id\":\"https:\\\/\\\/astrologelvan.com\\\/magaza\\\/urun\\\/cuzdan-kuvarsi-ritueli\\\/#primaryimage\"},\"thumbnailUrl\":\"https:\\\/\\\/astrologelvan.com\\\/magaza\\\/wp-content\\\/uploads\\\/2026\\\/02\\\/ChatGPT-Image-13-Sub-2026-10_39_31.webp\",\"datePublished\":\"2026-02-13T07:58:36+00:00\",\"dateModified\":\"2026-04-01T11:52:16+00:00\",\"breadcrumb\":{\"@id\":\"https:\\\/\\\/astrologelvan.com\\\/magaza\\\/urun\\\/cuzdan-kuvarsi-ritueli\\\/#breadcrumb\"},\"inLanguage\":\"tr\",\"potentialAction\":[{\"@type\":\"ReadAction\",\"target\":[\"https:\\\/\\\/astrologelvan.com\\\/magaza\\\/urun\\\/cuzdan-kuvarsi-ritueli\\\/\"]}]},{\"@type\":\"ImageObject\",\"inLanguage\":\"tr\",\"@id\":\"https:\\\/\\\/astrologelvan.com\\\/magaza\\\/urun\\\/cuzdan-kuvarsi-ritueli\\\/#primaryimage\",\"url\":\"https:\\\/\\\/astrologelvan.com\\\/magaza\\\/wp-content\\\/uploads\\\/2026\\\/02\\\/ChatGPT-Image-13-Sub-2026-10_39_31.webp\",\"contentUrl\":\"https:\\\/\\\/astrologelvan.com\\\/magaza\\\/wp-content\\\/uploads\\\/2026\\\/02\\\/ChatGPT-Image-13-Sub-2026-10_39_31.webp\",\"width\":1024,\"height\":1536},{\"@type\":\"BreadcrumbList\",\"@id\":\"https:\\\/\\\/astrologelvan.com\\\/magaza\\\/urun\\\/cuzdan-kuvarsi-ritueli\\\/#breadcrumb\",\"itemListElement\":[{\"@type\":\"ListItem\",\"position\":1,\"name\":\"Anasayfa\",\"item\":\"https:\\\/\\\/astrologelvan.com\\\/magaza\\\/\"},{\"@type\":\"ListItem\",\"position\":2,\"name\":\"Ma\u011faza\",\"item\":\"https:\\\/\\\/astrologelvan.com\\\/magaza\\\/magaza\\\/\"},{\"@type\":\"ListItem\",\"position\":3,\"name\":\"C\u00fczdan Kuvars\u0131 Rit\u00fceli\"}]},{\"@type\":\"WebSite\",\"@id\":\"https:\\\/\\\/astrologelvan.com\\\/magaza\\\/#website\",\"url\":\"https:\\\/\\\/astrologelvan.com\\\/magaza\\\/\",\"name\":\"Astrolog Elvan\",\"description\":\"\",\"potentialAction\":[{\"@type\":\"SearchAction\",\"target\":{\"@type\":\"EntryPoint\",\"urlTemplate\":\"https:\\\/\\\/astrologelvan.com\\\/magaza\\\/?s={search_term_string}\"},\"query-input\":{\"@type\":\"PropertyValueSpecification\",\"valueRequired\":true,\"valueName\":\"search_term_string\"}}],\"inLanguage\":\"tr\"}]}<\/script>\n<!-- \/ Yoast SEO plugin. -->","yoast_head_json":{"title":"C\u00fczdan Kuvars\u0131 Rit\u00fceli - Astrolog Elvan","robots":{"index":"index","follow":"follow","max-snippet":"max-snippet:-1","max-image-preview":"max-image-preview:large","max-video-preview":"max-video-preview:-1"},"canonical":"https:\/\/astrologelvan.com\/magaza\/urun\/cuzdan-kuvarsi-ritueli\/","og_locale":"tr_TR","og_type":"article","og_title":"C\u00fczdan Kuvars\u0131 Rit\u00fceli - Astrolog Elvan","og_description":"Hayalindeki a\u015fk\u0131 kalbine de\u011fil, c\u00fczdan\u0131na koymaya haz\u0131r m\u0131s\u0131n?  Bu 2\u2019li pembe kuvars seti, \u201cC\u00fczdan Kuvars\u0131 Rit\u00fceli\u201d i\u00e7in \u00f6zel olarak haz\u0131rland\u0131. Biri senin i\u00e7in\u2026 biri partnerin i\u00e7in.  \ud83d\udc9e \u00c7iftseniz: Bir ta\u015f\u0131 kad\u0131n, bir ta\u015f\u0131 erkek kendi c\u00fczdan\u0131nda ta\u015f\u0131r. Enerji alanlar\u0131 e\u015flenir, kalpler ayn\u0131 frekansta hizalan\u0131r.  \ud83d\udc97 Teksen: Bir ta\u015f\u0131 sen ta\u015f\u0131. Di\u011fer ta\u015f\u0131 hayalindeki partneri hayat\u0131na \u00e7ekme niyetiyle yan\u0131nda bulundur. \u0130kili ta\u015f, \u201cikiden bir olma\u201d alan\u0131n\u0131 aktive eder.  Pembe kuvars; a\u015fk, \u00f6zsevgi ve \u015fefkat frekans\u0131n\u0131 y\u00fckseltir. \u0130li\u015fkide yumu\u015fama, ba\u011flanma ve kalp a\u00e7\u0131l\u0131m\u0131 niyetiyle kullan\u0131l\u0131r.  \u2728 \u00d6zel kesesiyle birlikte g\u00f6nderilir. \u2728 Hediye etmeye ve hediye olmaya haz\u0131r.","og_url":"https:\/\/astrologelvan.com\/magaza\/urun\/cuzdan-kuvarsi-ritueli\/","og_site_name":"Astrolog Elvan","article_modified_time":"2026-04-01T11:52:16+00:00","og_image":[{"width":1024,"height":1536,"url":"https:\/\/astrologelvan.com\/magaza\/wp-content\/uploads\/2026\/02\/ChatGPT-Image-13-Sub-2026-10_39_31.webp","type":"image\/webp"}],"twitter_card":"summary_large_image","twitter_misc":{"Tahmini okuma s\u00fcresi":"1 dakika"},"schema":{"@context":"https:\/\/schema.org","@graph":[{"@type":["WebPage","ItemPage"],"@id":"https:\/\/astrologelvan.com\/magaza\/urun\/cuzdan-kuvarsi-ritueli\/","url":"https:\/\/astrologelvan.com\/magaza\/urun\/cuzdan-kuvarsi-ritueli\/","name":"C\u00fczdan Kuvars\u0131 Rit\u00fceli - Astrolog Elvan","isPartOf":{"@id":"https:\/\/astrologelvan.com\/magaza\/#website"},"primaryImageOfPage":{"@id":"https:\/\/astrologelvan.com\/magaza\/urun\/cuzdan-kuvarsi-ritueli\/#primaryimage"},"image":{"@id":"https:\/\/astrologelvan.com\/magaza\/urun\/cuzdan-kuvarsi-ritueli\/#primaryimage"},"thumbnailUrl":"https:\/\/astrologelvan.com\/magaza\/wp-content\/uploads\/2026\/02\/ChatGPT-Image-13-Sub-2026-10_39_31.webp","datePublished":"2026-02-13T07:58:36+00:00","dateModified":"2026-04-01T11:52:16+00:00","breadcrumb":{"@id":"https:\/\/astrologelvan.com\/magaza\/urun\/cuzdan-kuvarsi-ritueli\/#breadcrumb"},"inLanguage":"tr","potentialAction":[{"@type":"ReadAction","target":["https:\/\/astrologelvan.com\/magaza\/urun\/cuzdan-kuvarsi-ritueli\/"]}]},{"@type":"ImageObject","inLanguage":"tr","@id":"https:\/\/astrologelvan.com\/magaza\/urun\/cuzdan-kuvarsi-ritueli\/#primaryimage","url":"https:\/\/astrologelvan.com\/magaza\/wp-content\/uploads\/2026\/02\/ChatGPT-Image-13-Sub-2026-10_39_31.webp","contentUrl":"https:\/\/astrologelvan.com\/magaza\/wp-content\/uploads\/2026\/02\/ChatGPT-Image-13-Sub-2026-10_39_31.webp","width":1024,"height":1536},{"@type":"BreadcrumbList","@id":"https:\/\/astrologelvan.com\/magaza\/urun\/cuzdan-kuvarsi-ritueli\/#breadcrumb","itemListElement":[{"@type":"ListItem","position":1,"name":"Anasayfa","item":"https:\/\/astrologelvan.com\/magaza\/"},{"@type":"ListItem","position":2,"name":"Ma\u011faza","item":"https:\/\/astrologelvan.com\/magaza\/magaza\/"},{"@type":"ListItem","position":3,"name":"C\u00fczdan Kuvars\u0131 Rit\u00fceli"}]},{"@type":"WebSite","@id":"https:\/\/astrologelvan.com\/magaza\/#website","url":"https:\/\/astrologelvan.com\/magaza\/","name":"Astrolog Elvan","description":"","potentialAction":[{"@type":"SearchAction","target":{"@type":"EntryPoint","urlTemplate":"https:\/\/astrologelvan.com\/magaza\/?s={search_term_string}"},"query-input":{"@type":"PropertyValueSpecification","valueRequired":true,"valueName":"search_term_string"}}],"inLanguage":"tr"}]}},"_links":{"self":[{"href":"https:\/\/astrologelvan.com\/magaza\/wp-json\/wp\/v2\/product\/154763","targetHints":{"allow":["GET"]}}],"collection":[{"href":"https:\/\/astrologelvan.com\/magaza\/wp-json\/wp\/v2\/product"}],"about":[{"href":"https:\/\/astrologelvan.com\/magaza\/wp-json\/wp\/v2\/types\/product"}],"replies":[{"embeddable":true,"href":"https:\/\/astrologelvan.com\/magaza\/wp-json\/wp\/v2\/comments?post=154763"}],"wp:featuredmedia":[{"embeddable":true,"href":"https:\/\/astrologelvan.com\/magaza\/wp-json\/wp\/v2\/media\/154764"}],"wp:attachment":[{"href":"https:\/\/astrologelvan.com\/magaza\/wp-json\/wp\/v2\/media?parent=154763"}],"wp:term":[{"taxonomy":"product_brand","embeddable":true,"href":"https:\/\/astrologelvan.com\/magaza\/wp-json\/wp\/v2\/product_brand?post=154763"},{"taxonomy":"product_cat","embeddable":true,"href":"https:\/\/astrologelvan.com\/magaza\/wp-json\/wp\/v2\/product_cat?post=154763"},{"taxonomy":"product_tag","embeddable":true,"href":"https:\/\/astrologelvan.com\/magaza\/wp-json\/wp\/v2\/product_tag?post=154763"}],"curies":[{"name":"wp","href":"https:\/\/api.w.org\/{rel}","templated":true}]}}