{"id":153293,"date":"2026-02-05T16:01:05","date_gmt":"2026-02-05T13:01:05","guid":{"rendered":"https:\/\/astrologelvan.com\/magaza\/?post_type=product&#038;p=153293"},"modified":"2026-03-08T19:13:34","modified_gmt":"2026-03-08T16:13:34","slug":"queen-inci-kolye-925-ayar-gumus-altinkaplama","status":"publish","type":"product","link":"https:\/\/astrologelvan.com\/magaza\/urun\/queen-inci-kolye-925-ayar-gumus-altinkaplama\/","title":{"rendered":"QUEEN \u0130NC\u0130 KOLYE | 925 AYAR G\u00dcM\u00dc\u015e \u00dcZER\u0130 ALTIN KAPLAMA"},"content":{"rendered":"","protected":false},"excerpt":{"rendered":"<p>Queen Kolye Ucu, kad\u0131n\u0131n i\u00e7indeki g\u00fcc\u00fc, \u00f6zg\u00fcveni ve zarafeti simgeleyen \u00f6zel bir tasar\u0131md\u0131r.<br \/>\nZirkon ta\u015flarla s\u00fcslenmi\u015f 925 ayar G\u00fcm\u00fc\u015f alt\u0131n kaplama ta\u00e7 formu, kendini de\u011ferli ve g\u00fc\u00e7l\u00fc hissetmeni destekler.<br \/>\nVen\u00fcs\u2019\u00fcn sevgi, \u015fefkat ve \u00e7ekim enerjisini ta\u015f\u0131yan inci, ili\u015fkilerde yumu\u015fakl\u0131k ve kalpte denge getirir.<br \/>\nAy enerjisiyle duygusal hassasiyetleri sakinle\u015ftirir.<br \/>\nEtik y\u00f6ntemlerle, istiridyeye zarar verilmeden elde edilen y\u00fcksek kalite k\u00fclt\u00fcr incileri, ac\u0131dan do\u011fan g\u00fczelli\u011fin ve i\u00e7sel d\u00f6n\u00fc\u015f\u00fcm\u00fcn sembol\u00fcd\u00fcr.<br \/>\nKalbi yat\u0131\u015ft\u0131r\u0131r ve aura \u00fczerinde koruyucu, yumu\u015fak bir etki olu\u015fturur.<br \/>\nSessiz bir ihti\u015fam. \u0130\u00e7ten gelen bir g\u00fc\u00e7. \ud83d\udc51\u2728<\/p>\n<p><strong>\u00dcr\u00fcn \u00f6zellikleri<\/strong><br \/>\n925 Ayar G\u00fcm\u00fc\u015f \u00dczeri Alt\u0131n Kaplama (QUEEN TA\u00c7)<br \/>\n\u00dcr\u00fcn A\u011f\u0131rl\u0131\u011f\u0131 :0,90 gr g\u00fcm\u00fc\u015f<\/p>\n<div class=\"message-box relative dark\" style=\"padding-top:15px;padding-bottom:15px;\"><div class=\"message-box-bg-image bg-fill fill\" style=\"background-image:url(#fff3cd);\"><\/div><div class=\"message-box-bg-overlay bg-fill fill\" ><\/div><div class=\"container relative\"><div class=\"inner last-reset\"> Bu \u00fcr\u00fcn el yap\u0131m\u0131d\u0131r ve \u00f6n sat\u0131\u015f kapsam\u0131ndad\u0131r. At\u00f6lye s\u00fcreci yakla\u015f\u0131k 15 i\u015f g\u00fcn\u00fcd\u00fcr. <\/div><\/div><\/div>\n","protected":false},"featured_media":153296,"comment_status":"open","ping_status":"closed","template":"","meta":[],"product_brand":[596],"product_cat":[255],"product_tag":[],"class_list":{"0":"post-153293","1":"product","2":"type-product","3":"status-publish","4":"has-post-thumbnail","6":"product_brand-astrolog-elvan","7":"product_cat-gumus-kolye","9":"first","10":"instock","11":"purchasable","12":"product-type-simple"},"yoast_head":"<!-- This site is optimized with the Yoast SEO plugin v27.3 - https:\/\/yoast.com\/product\/yoast-seo-wordpress\/ -->\n<title>QUEEN \u0130NC\u0130 KOLYE | 925 AYAR G\u00dcM\u00dc\u015e \u00dcZER\u0130 ALTIN KAPLAMA - Astrolog Elvan<\/title>\n<meta name=\"robots\" content=\"index, follow, max-snippet:-1, max-image-preview:large, max-video-preview:-1\" \/>\n<link rel=\"canonical\" href=\"https:\/\/astrologelvan.com\/magaza\/urun\/queen-inci-kolye-925-ayar-gumus-altinkaplama\/\" \/>\n<meta property=\"og:locale\" content=\"tr_TR\" \/>\n<meta property=\"og:type\" content=\"article\" \/>\n<meta property=\"og:title\" content=\"QUEEN \u0130NC\u0130 KOLYE | 925 AYAR G\u00dcM\u00dc\u015e \u00dcZER\u0130 ALTIN KAPLAMA - Astrolog Elvan\" \/>\n<meta property=\"og:description\" content=\"Queen Kolye Ucu, kad\u0131n\u0131n i\u00e7indeki g\u00fcc\u00fc, \u00f6zg\u00fcveni ve zarafeti simgeleyen \u00f6zel bir tasar\u0131md\u0131r. Zirkon ta\u015flarla s\u00fcslenmi\u015f 925 ayar G\u00fcm\u00fc\u015f alt\u0131n kaplama ta\u00e7 formu, kendini de\u011ferli ve g\u00fc\u00e7l\u00fc hissetmeni destekler. Ven\u00fcs\u2019\u00fcn sevgi, \u015fefkat ve \u00e7ekim enerjisini ta\u015f\u0131yan inci, ili\u015fkilerde yumu\u015fakl\u0131k ve kalpte denge getirir. Ay enerjisiyle duygusal hassasiyetleri sakinle\u015ftirir. Etik y\u00f6ntemlerle, istiridyeye zarar verilmeden elde edilen y\u00fcksek kalite k\u00fclt\u00fcr incileri, ac\u0131dan do\u011fan g\u00fczelli\u011fin ve i\u00e7sel d\u00f6n\u00fc\u015f\u00fcm\u00fcn sembol\u00fcd\u00fcr. Kalbi yat\u0131\u015ft\u0131r\u0131r ve aura \u00fczerinde koruyucu, yumu\u015fak bir etki olu\u015fturur. Sessiz bir ihti\u015fam. \u0130\u00e7ten gelen bir g\u00fc\u00e7. \ud83d\udc51\u2728  \u00dcr\u00fcn \u00f6zellikleri 925 Ayar G\u00fcm\u00fc\u015f \u00dczeri Alt\u0131n Kaplama (QUEEN TA\u00c7) \u00dcr\u00fcn A\u011f\u0131rl\u0131\u011f\u0131 :0,90 gr g\u00fcm\u00fc\u015f\" \/>\n<meta property=\"og:url\" content=\"https:\/\/astrologelvan.com\/magaza\/urun\/queen-inci-kolye-925-ayar-gumus-altinkaplama\/\" \/>\n<meta property=\"og:site_name\" content=\"Astrolog Elvan\" \/>\n<meta property=\"article:modified_time\" content=\"2026-03-08T16:13:34+00:00\" \/>\n<meta property=\"og:image\" content=\"https:\/\/astrologelvan.com\/magaza\/wp-content\/uploads\/2026\/02\/eeebbcba-7baa-4e02-a112-0dad490fc6c9.jpg\" \/>\n\t<meta property=\"og:image:width\" content=\"1024\" \/>\n\t<meta property=\"og:image:height\" content=\"1536\" \/>\n\t<meta property=\"og:image:type\" content=\"image\/jpeg\" \/>\n<meta name=\"twitter:card\" content=\"summary_large_image\" \/>\n<meta name=\"twitter:label1\" content=\"Tahmini okuma s\u00fcresi\" \/>\n\t<meta name=\"twitter:data1\" content=\"1 dakika\" \/>\n<script type=\"application\/ld+json\" class=\"yoast-schema-graph\">{\"@context\":\"https:\\\/\\\/schema.org\",\"@graph\":[{\"@type\":[\"WebPage\",\"ItemPage\"],\"@id\":\"https:\\\/\\\/astrologelvan.com\\\/magaza\\\/urun\\\/queen-inci-kolye-925-ayar-gumus-altinkaplama\\\/\",\"url\":\"https:\\\/\\\/astrologelvan.com\\\/magaza\\\/urun\\\/queen-inci-kolye-925-ayar-gumus-altinkaplama\\\/\",\"name\":\"QUEEN \u0130NC\u0130 KOLYE | 925 AYAR G\u00dcM\u00dc\u015e \u00dcZER\u0130 ALTIN KAPLAMA - Astrolog Elvan\",\"isPartOf\":{\"@id\":\"https:\\\/\\\/astrologelvan.com\\\/magaza\\\/#website\"},\"primaryImageOfPage\":{\"@id\":\"https:\\\/\\\/astrologelvan.com\\\/magaza\\\/urun\\\/queen-inci-kolye-925-ayar-gumus-altinkaplama\\\/#primaryimage\"},\"image\":{\"@id\":\"https:\\\/\\\/astrologelvan.com\\\/magaza\\\/urun\\\/queen-inci-kolye-925-ayar-gumus-altinkaplama\\\/#primaryimage\"},\"thumbnailUrl\":\"https:\\\/\\\/astrologelvan.com\\\/magaza\\\/wp-content\\\/uploads\\\/2026\\\/02\\\/eeebbcba-7baa-4e02-a112-0dad490fc6c9.jpg\",\"datePublished\":\"2026-02-05T13:01:05+00:00\",\"dateModified\":\"2026-03-08T16:13:34+00:00\",\"breadcrumb\":{\"@id\":\"https:\\\/\\\/astrologelvan.com\\\/magaza\\\/urun\\\/queen-inci-kolye-925-ayar-gumus-altinkaplama\\\/#breadcrumb\"},\"inLanguage\":\"tr\",\"potentialAction\":[{\"@type\":\"ReadAction\",\"target\":[\"https:\\\/\\\/astrologelvan.com\\\/magaza\\\/urun\\\/queen-inci-kolye-925-ayar-gumus-altinkaplama\\\/\"]}]},{\"@type\":\"ImageObject\",\"inLanguage\":\"tr\",\"@id\":\"https:\\\/\\\/astrologelvan.com\\\/magaza\\\/urun\\\/queen-inci-kolye-925-ayar-gumus-altinkaplama\\\/#primaryimage\",\"url\":\"https:\\\/\\\/astrologelvan.com\\\/magaza\\\/wp-content\\\/uploads\\\/2026\\\/02\\\/eeebbcba-7baa-4e02-a112-0dad490fc6c9.jpg\",\"contentUrl\":\"https:\\\/\\\/astrologelvan.com\\\/magaza\\\/wp-content\\\/uploads\\\/2026\\\/02\\\/eeebbcba-7baa-4e02-a112-0dad490fc6c9.jpg\",\"width\":1024,\"height\":1536},{\"@type\":\"BreadcrumbList\",\"@id\":\"https:\\\/\\\/astrologelvan.com\\\/magaza\\\/urun\\\/queen-inci-kolye-925-ayar-gumus-altinkaplama\\\/#breadcrumb\",\"itemListElement\":[{\"@type\":\"ListItem\",\"position\":1,\"name\":\"Anasayfa\",\"item\":\"https:\\\/\\\/astrologelvan.com\\\/magaza\\\/\"},{\"@type\":\"ListItem\",\"position\":2,\"name\":\"Ma\u011faza\",\"item\":\"https:\\\/\\\/astrologelvan.com\\\/magaza\\\/magaza\\\/\"},{\"@type\":\"ListItem\",\"position\":3,\"name\":\"QUEEN \u0130NC\u0130 KOLYE | 925 AYAR G\u00dcM\u00dc\u015e \u00dcZER\u0130 ALTIN KAPLAMA\"}]},{\"@type\":\"WebSite\",\"@id\":\"https:\\\/\\\/astrologelvan.com\\\/magaza\\\/#website\",\"url\":\"https:\\\/\\\/astrologelvan.com\\\/magaza\\\/\",\"name\":\"Astrolog Elvan\",\"description\":\"\",\"potentialAction\":[{\"@type\":\"SearchAction\",\"target\":{\"@type\":\"EntryPoint\",\"urlTemplate\":\"https:\\\/\\\/astrologelvan.com\\\/magaza\\\/?s={search_term_string}\"},\"query-input\":{\"@type\":\"PropertyValueSpecification\",\"valueRequired\":true,\"valueName\":\"search_term_string\"}}],\"inLanguage\":\"tr\"}]}<\/script>\n<!-- \/ Yoast SEO plugin. -->","yoast_head_json":{"title":"QUEEN \u0130NC\u0130 KOLYE | 925 AYAR G\u00dcM\u00dc\u015e \u00dcZER\u0130 ALTIN KAPLAMA - Astrolog Elvan","robots":{"index":"index","follow":"follow","max-snippet":"max-snippet:-1","max-image-preview":"max-image-preview:large","max-video-preview":"max-video-preview:-1"},"canonical":"https:\/\/astrologelvan.com\/magaza\/urun\/queen-inci-kolye-925-ayar-gumus-altinkaplama\/","og_locale":"tr_TR","og_type":"article","og_title":"QUEEN \u0130NC\u0130 KOLYE | 925 AYAR G\u00dcM\u00dc\u015e \u00dcZER\u0130 ALTIN KAPLAMA - Astrolog Elvan","og_description":"Queen Kolye Ucu, kad\u0131n\u0131n i\u00e7indeki g\u00fcc\u00fc, \u00f6zg\u00fcveni ve zarafeti simgeleyen \u00f6zel bir tasar\u0131md\u0131r. Zirkon ta\u015flarla s\u00fcslenmi\u015f 925 ayar G\u00fcm\u00fc\u015f alt\u0131n kaplama ta\u00e7 formu, kendini de\u011ferli ve g\u00fc\u00e7l\u00fc hissetmeni destekler. Ven\u00fcs\u2019\u00fcn sevgi, \u015fefkat ve \u00e7ekim enerjisini ta\u015f\u0131yan inci, ili\u015fkilerde yumu\u015fakl\u0131k ve kalpte denge getirir. Ay enerjisiyle duygusal hassasiyetleri sakinle\u015ftirir. Etik y\u00f6ntemlerle, istiridyeye zarar verilmeden elde edilen y\u00fcksek kalite k\u00fclt\u00fcr incileri, ac\u0131dan do\u011fan g\u00fczelli\u011fin ve i\u00e7sel d\u00f6n\u00fc\u015f\u00fcm\u00fcn sembol\u00fcd\u00fcr. Kalbi yat\u0131\u015ft\u0131r\u0131r ve aura \u00fczerinde koruyucu, yumu\u015fak bir etki olu\u015fturur. Sessiz bir ihti\u015fam. \u0130\u00e7ten gelen bir g\u00fc\u00e7. \ud83d\udc51\u2728  \u00dcr\u00fcn \u00f6zellikleri 925 Ayar G\u00fcm\u00fc\u015f \u00dczeri Alt\u0131n Kaplama (QUEEN TA\u00c7) \u00dcr\u00fcn A\u011f\u0131rl\u0131\u011f\u0131 :0,90 gr g\u00fcm\u00fc\u015f","og_url":"https:\/\/astrologelvan.com\/magaza\/urun\/queen-inci-kolye-925-ayar-gumus-altinkaplama\/","og_site_name":"Astrolog Elvan","article_modified_time":"2026-03-08T16:13:34+00:00","og_image":[{"width":1024,"height":1536,"url":"https:\/\/astrologelvan.com\/magaza\/wp-content\/uploads\/2026\/02\/eeebbcba-7baa-4e02-a112-0dad490fc6c9.jpg","type":"image\/jpeg"}],"twitter_card":"summary_large_image","twitter_misc":{"Tahmini okuma s\u00fcresi":"1 dakika"},"schema":{"@context":"https:\/\/schema.org","@graph":[{"@type":["WebPage","ItemPage"],"@id":"https:\/\/astrologelvan.com\/magaza\/urun\/queen-inci-kolye-925-ayar-gumus-altinkaplama\/","url":"https:\/\/astrologelvan.com\/magaza\/urun\/queen-inci-kolye-925-ayar-gumus-altinkaplama\/","name":"QUEEN \u0130NC\u0130 KOLYE | 925 AYAR G\u00dcM\u00dc\u015e \u00dcZER\u0130 ALTIN KAPLAMA - Astrolog Elvan","isPartOf":{"@id":"https:\/\/astrologelvan.com\/magaza\/#website"},"primaryImageOfPage":{"@id":"https:\/\/astrologelvan.com\/magaza\/urun\/queen-inci-kolye-925-ayar-gumus-altinkaplama\/#primaryimage"},"image":{"@id":"https:\/\/astrologelvan.com\/magaza\/urun\/queen-inci-kolye-925-ayar-gumus-altinkaplama\/#primaryimage"},"thumbnailUrl":"https:\/\/astrologelvan.com\/magaza\/wp-content\/uploads\/2026\/02\/eeebbcba-7baa-4e02-a112-0dad490fc6c9.jpg","datePublished":"2026-02-05T13:01:05+00:00","dateModified":"2026-03-08T16:13:34+00:00","breadcrumb":{"@id":"https:\/\/astrologelvan.com\/magaza\/urun\/queen-inci-kolye-925-ayar-gumus-altinkaplama\/#breadcrumb"},"inLanguage":"tr","potentialAction":[{"@type":"ReadAction","target":["https:\/\/astrologelvan.com\/magaza\/urun\/queen-inci-kolye-925-ayar-gumus-altinkaplama\/"]}]},{"@type":"ImageObject","inLanguage":"tr","@id":"https:\/\/astrologelvan.com\/magaza\/urun\/queen-inci-kolye-925-ayar-gumus-altinkaplama\/#primaryimage","url":"https:\/\/astrologelvan.com\/magaza\/wp-content\/uploads\/2026\/02\/eeebbcba-7baa-4e02-a112-0dad490fc6c9.jpg","contentUrl":"https:\/\/astrologelvan.com\/magaza\/wp-content\/uploads\/2026\/02\/eeebbcba-7baa-4e02-a112-0dad490fc6c9.jpg","width":1024,"height":1536},{"@type":"BreadcrumbList","@id":"https:\/\/astrologelvan.com\/magaza\/urun\/queen-inci-kolye-925-ayar-gumus-altinkaplama\/#breadcrumb","itemListElement":[{"@type":"ListItem","position":1,"name":"Anasayfa","item":"https:\/\/astrologelvan.com\/magaza\/"},{"@type":"ListItem","position":2,"name":"Ma\u011faza","item":"https:\/\/astrologelvan.com\/magaza\/magaza\/"},{"@type":"ListItem","position":3,"name":"QUEEN \u0130NC\u0130 KOLYE | 925 AYAR G\u00dcM\u00dc\u015e \u00dcZER\u0130 ALTIN KAPLAMA"}]},{"@type":"WebSite","@id":"https:\/\/astrologelvan.com\/magaza\/#website","url":"https:\/\/astrologelvan.com\/magaza\/","name":"Astrolog Elvan","description":"","potentialAction":[{"@type":"SearchAction","target":{"@type":"EntryPoint","urlTemplate":"https:\/\/astrologelvan.com\/magaza\/?s={search_term_string}"},"query-input":{"@type":"PropertyValueSpecification","valueRequired":true,"valueName":"search_term_string"}}],"inLanguage":"tr"}]}},"_links":{"self":[{"href":"https:\/\/astrologelvan.com\/magaza\/wp-json\/wp\/v2\/product\/153293","targetHints":{"allow":["GET"]}}],"collection":[{"href":"https:\/\/astrologelvan.com\/magaza\/wp-json\/wp\/v2\/product"}],"about":[{"href":"https:\/\/astrologelvan.com\/magaza\/wp-json\/wp\/v2\/types\/product"}],"replies":[{"embeddable":true,"href":"https:\/\/astrologelvan.com\/magaza\/wp-json\/wp\/v2\/comments?post=153293"}],"wp:featuredmedia":[{"embeddable":true,"href":"https:\/\/astrologelvan.com\/magaza\/wp-json\/wp\/v2\/media\/153296"}],"wp:attachment":[{"href":"https:\/\/astrologelvan.com\/magaza\/wp-json\/wp\/v2\/media?parent=153293"}],"wp:term":[{"taxonomy":"product_brand","embeddable":true,"href":"https:\/\/astrologelvan.com\/magaza\/wp-json\/wp\/v2\/product_brand?post=153293"},{"taxonomy":"product_cat","embeddable":true,"href":"https:\/\/astrologelvan.com\/magaza\/wp-json\/wp\/v2\/product_cat?post=153293"},{"taxonomy":"product_tag","embeddable":true,"href":"https:\/\/astrologelvan.com\/magaza\/wp-json\/wp\/v2\/product_tag?post=153293"}],"curies":[{"name":"wp","href":"https:\/\/api.w.org\/{rel}","templated":true}]}}