{"id":153291,"date":"2026-02-05T15:59:09","date_gmt":"2026-02-05T12:59:09","guid":{"rendered":"https:\/\/astrologelvan.com\/magaza\/?post_type=product&#038;p=153291"},"modified":"2026-03-18T18:15:10","modified_gmt":"2026-03-18T15:15:10","slug":"yasamcicegikolye-925-ayar-gumus","status":"publish","type":"product","link":"https:\/\/astrologelvan.com\/magaza\/urun\/yasamcicegikolye-925-ayar-gumus\/","title":{"rendered":"YA\u015eAM \u00c7\u0130\u00c7E\u011e\u0130 KOLYE\/ 925 AYAR ALTIN KAPLAMA G\u00dcM\u00dc\u015e"},"content":{"rendered":"<div><strong>\u00dcr\u00fcn \u00f6zellikleri<\/strong><\/div>\n<div>925 Ayar G\u00fcm\u00fc\u015f \u00dczeri Alt\u0131n Kaplama ( Ya\u015fam \u00c7i\u00e7e\u011fi Sembol\u00fc)<\/div>\n<div>\u00dcr\u00fcn A\u011f\u0131rl\u0131\u011f\u0131 :1,90gr<\/div>\n","protected":false},"excerpt":{"rendered":"<div><\/div>\n<div>Ya\u015fam \u00c7i\u00e7e\u011fi sembol\u00fc; evrensel d\u00fczeni, yarat\u0131m enerjisini ve t\u00fcm varolu\u015fun birbiriyle olan uyumunu temsil eden kadim bir geometridir.<\/div>\n<div>Bu tasar\u0131mda Ya\u015fam \u00c7i\u00e7e\u011fi, ilahi rehberlik ve sezgisel fark\u0131ndal\u0131k temalar\u0131yla ili\u015fkilendirilen Cebrail Ta\u015f\u0131 ile bir araya gelerek enerjinin dengelenmesine ve niyetlerin g\u00fc\u00e7lenmesine e\u015flik eder.<\/div>\n<div>Meditasyon ve fark\u0131ndal\u0131k pratiklerinde zihinsel berrakl\u0131\u011f\u0131 destekledi\u011fine inan\u0131lan bu kolye, g\u00fcnl\u00fck kullan\u0131mda ise zarif formu ve ta\u015f\u0131d\u0131\u011f\u0131 g\u00fc\u00e7l\u00fc sembolizmle stilinize anlam katar.<\/div>\n<div><\/div>\n<div><\/div>\n","protected":false},"featured_media":172722,"comment_status":"open","ping_status":"closed","template":"","meta":[],"product_brand":[596],"product_cat":[255],"product_tag":[],"class_list":{"0":"post-153291","1":"product","2":"type-product","3":"status-publish","4":"has-post-thumbnail","6":"product_brand-astrolog-elvan","7":"product_cat-gumus-kolye","9":"first","10":"instock","11":"purchasable","12":"product-type-simple"},"yoast_head":"<!-- This site is optimized with the Yoast SEO plugin v27.3 - https:\/\/yoast.com\/product\/yoast-seo-wordpress\/ -->\n<title>YA\u015eAM \u00c7\u0130\u00c7E\u011e\u0130 KOLYE\/ 925 AYAR ALTIN KAPLAMA G\u00dcM\u00dc\u015e - Astrolog Elvan<\/title>\n<meta name=\"robots\" content=\"index, follow, max-snippet:-1, max-image-preview:large, max-video-preview:-1\" \/>\n<link rel=\"canonical\" href=\"https:\/\/astrologelvan.com\/magaza\/urun\/yasamcicegikolye-925-ayar-gumus\/\" \/>\n<meta property=\"og:locale\" content=\"tr_TR\" \/>\n<meta property=\"og:type\" content=\"article\" \/>\n<meta property=\"og:title\" content=\"YA\u015eAM \u00c7\u0130\u00c7E\u011e\u0130 KOLYE\/ 925 AYAR ALTIN KAPLAMA G\u00dcM\u00dc\u015e - Astrolog Elvan\" \/>\n<meta property=\"og:description\" content=\"Ya\u015fam \u00c7i\u00e7e\u011fi sembol\u00fc; evrensel d\u00fczeni, yarat\u0131m enerjisini ve t\u00fcm varolu\u015fun birbiriyle olan uyumunu temsil eden kadim bir geometridir. Bu tasar\u0131mda Ya\u015fam \u00c7i\u00e7e\u011fi, ilahi rehberlik ve sezgisel fark\u0131ndal\u0131k temalar\u0131yla ili\u015fkilendirilen Cebrail Ta\u015f\u0131 ile bir araya gelerek enerjinin dengelenmesine ve niyetlerin g\u00fc\u00e7lenmesine e\u015flik eder. Meditasyon ve fark\u0131ndal\u0131k pratiklerinde zihinsel berrakl\u0131\u011f\u0131 destekledi\u011fine inan\u0131lan bu kolye, g\u00fcnl\u00fck kullan\u0131mda ise zarif formu ve ta\u015f\u0131d\u0131\u011f\u0131 g\u00fc\u00e7l\u00fc sembolizmle stilinize anlam katar.\" \/>\n<meta property=\"og:url\" content=\"https:\/\/astrologelvan.com\/magaza\/urun\/yasamcicegikolye-925-ayar-gumus\/\" \/>\n<meta property=\"og:site_name\" content=\"Astrolog Elvan\" \/>\n<meta property=\"article:modified_time\" content=\"2026-03-18T15:15:10+00:00\" \/>\n<meta property=\"og:image\" content=\"https:\/\/astrologelvan.com\/magaza\/wp-content\/uploads\/2026\/02\/WhatsApp-Image-2026-03-18-at-14.59.15.jpeg\" \/>\n\t<meta property=\"og:image:width\" content=\"1024\" \/>\n\t<meta property=\"og:image:height\" content=\"1536\" \/>\n\t<meta property=\"og:image:type\" content=\"image\/jpeg\" \/>\n<meta name=\"twitter:card\" content=\"summary_large_image\" \/>\n<meta name=\"twitter:label1\" content=\"Tahmini okuma s\u00fcresi\" \/>\n\t<meta name=\"twitter:data1\" content=\"1 dakika\" \/>\n<script type=\"application\/ld+json\" class=\"yoast-schema-graph\">{\"@context\":\"https:\\\/\\\/schema.org\",\"@graph\":[{\"@type\":[\"WebPage\",\"ItemPage\"],\"@id\":\"https:\\\/\\\/astrologelvan.com\\\/magaza\\\/urun\\\/yasamcicegikolye-925-ayar-gumus\\\/\",\"url\":\"https:\\\/\\\/astrologelvan.com\\\/magaza\\\/urun\\\/yasamcicegikolye-925-ayar-gumus\\\/\",\"name\":\"YA\u015eAM \u00c7\u0130\u00c7E\u011e\u0130 KOLYE\\\/ 925 AYAR ALTIN KAPLAMA G\u00dcM\u00dc\u015e - Astrolog Elvan\",\"isPartOf\":{\"@id\":\"https:\\\/\\\/astrologelvan.com\\\/magaza\\\/#website\"},\"primaryImageOfPage\":{\"@id\":\"https:\\\/\\\/astrologelvan.com\\\/magaza\\\/urun\\\/yasamcicegikolye-925-ayar-gumus\\\/#primaryimage\"},\"image\":{\"@id\":\"https:\\\/\\\/astrologelvan.com\\\/magaza\\\/urun\\\/yasamcicegikolye-925-ayar-gumus\\\/#primaryimage\"},\"thumbnailUrl\":\"https:\\\/\\\/astrologelvan.com\\\/magaza\\\/wp-content\\\/uploads\\\/2026\\\/02\\\/WhatsApp-Image-2026-03-18-at-14.59.15.jpeg\",\"datePublished\":\"2026-02-05T12:59:09+00:00\",\"dateModified\":\"2026-03-18T15:15:10+00:00\",\"breadcrumb\":{\"@id\":\"https:\\\/\\\/astrologelvan.com\\\/magaza\\\/urun\\\/yasamcicegikolye-925-ayar-gumus\\\/#breadcrumb\"},\"inLanguage\":\"tr\",\"potentialAction\":[{\"@type\":\"ReadAction\",\"target\":[\"https:\\\/\\\/astrologelvan.com\\\/magaza\\\/urun\\\/yasamcicegikolye-925-ayar-gumus\\\/\"]}]},{\"@type\":\"ImageObject\",\"inLanguage\":\"tr\",\"@id\":\"https:\\\/\\\/astrologelvan.com\\\/magaza\\\/urun\\\/yasamcicegikolye-925-ayar-gumus\\\/#primaryimage\",\"url\":\"https:\\\/\\\/astrologelvan.com\\\/magaza\\\/wp-content\\\/uploads\\\/2026\\\/02\\\/WhatsApp-Image-2026-03-18-at-14.59.15.jpeg\",\"contentUrl\":\"https:\\\/\\\/astrologelvan.com\\\/magaza\\\/wp-content\\\/uploads\\\/2026\\\/02\\\/WhatsApp-Image-2026-03-18-at-14.59.15.jpeg\",\"width\":1024,\"height\":1536},{\"@type\":\"BreadcrumbList\",\"@id\":\"https:\\\/\\\/astrologelvan.com\\\/magaza\\\/urun\\\/yasamcicegikolye-925-ayar-gumus\\\/#breadcrumb\",\"itemListElement\":[{\"@type\":\"ListItem\",\"position\":1,\"name\":\"Anasayfa\",\"item\":\"https:\\\/\\\/astrologelvan.com\\\/magaza\\\/\"},{\"@type\":\"ListItem\",\"position\":2,\"name\":\"Ma\u011faza\",\"item\":\"https:\\\/\\\/astrologelvan.com\\\/magaza\\\/magaza\\\/\"},{\"@type\":\"ListItem\",\"position\":3,\"name\":\"YA\u015eAM \u00c7\u0130\u00c7E\u011e\u0130 KOLYE\\\/ 925 AYAR ALTIN KAPLAMA G\u00dcM\u00dc\u015e\"}]},{\"@type\":\"WebSite\",\"@id\":\"https:\\\/\\\/astrologelvan.com\\\/magaza\\\/#website\",\"url\":\"https:\\\/\\\/astrologelvan.com\\\/magaza\\\/\",\"name\":\"Astrolog Elvan\",\"description\":\"\",\"potentialAction\":[{\"@type\":\"SearchAction\",\"target\":{\"@type\":\"EntryPoint\",\"urlTemplate\":\"https:\\\/\\\/astrologelvan.com\\\/magaza\\\/?s={search_term_string}\"},\"query-input\":{\"@type\":\"PropertyValueSpecification\",\"valueRequired\":true,\"valueName\":\"search_term_string\"}}],\"inLanguage\":\"tr\"}]}<\/script>\n<!-- \/ Yoast SEO plugin. -->","yoast_head_json":{"title":"YA\u015eAM \u00c7\u0130\u00c7E\u011e\u0130 KOLYE\/ 925 AYAR ALTIN KAPLAMA G\u00dcM\u00dc\u015e - Astrolog Elvan","robots":{"index":"index","follow":"follow","max-snippet":"max-snippet:-1","max-image-preview":"max-image-preview:large","max-video-preview":"max-video-preview:-1"},"canonical":"https:\/\/astrologelvan.com\/magaza\/urun\/yasamcicegikolye-925-ayar-gumus\/","og_locale":"tr_TR","og_type":"article","og_title":"YA\u015eAM \u00c7\u0130\u00c7E\u011e\u0130 KOLYE\/ 925 AYAR ALTIN KAPLAMA G\u00dcM\u00dc\u015e - Astrolog Elvan","og_description":"Ya\u015fam \u00c7i\u00e7e\u011fi sembol\u00fc; evrensel d\u00fczeni, yarat\u0131m enerjisini ve t\u00fcm varolu\u015fun birbiriyle olan uyumunu temsil eden kadim bir geometridir. Bu tasar\u0131mda Ya\u015fam \u00c7i\u00e7e\u011fi, ilahi rehberlik ve sezgisel fark\u0131ndal\u0131k temalar\u0131yla ili\u015fkilendirilen Cebrail Ta\u015f\u0131 ile bir araya gelerek enerjinin dengelenmesine ve niyetlerin g\u00fc\u00e7lenmesine e\u015flik eder. Meditasyon ve fark\u0131ndal\u0131k pratiklerinde zihinsel berrakl\u0131\u011f\u0131 destekledi\u011fine inan\u0131lan bu kolye, g\u00fcnl\u00fck kullan\u0131mda ise zarif formu ve ta\u015f\u0131d\u0131\u011f\u0131 g\u00fc\u00e7l\u00fc sembolizmle stilinize anlam katar.","og_url":"https:\/\/astrologelvan.com\/magaza\/urun\/yasamcicegikolye-925-ayar-gumus\/","og_site_name":"Astrolog Elvan","article_modified_time":"2026-03-18T15:15:10+00:00","og_image":[{"width":1024,"height":1536,"url":"https:\/\/astrologelvan.com\/magaza\/wp-content\/uploads\/2026\/02\/WhatsApp-Image-2026-03-18-at-14.59.15.jpeg","type":"image\/jpeg"}],"twitter_card":"summary_large_image","twitter_misc":{"Tahmini okuma s\u00fcresi":"1 dakika"},"schema":{"@context":"https:\/\/schema.org","@graph":[{"@type":["WebPage","ItemPage"],"@id":"https:\/\/astrologelvan.com\/magaza\/urun\/yasamcicegikolye-925-ayar-gumus\/","url":"https:\/\/astrologelvan.com\/magaza\/urun\/yasamcicegikolye-925-ayar-gumus\/","name":"YA\u015eAM \u00c7\u0130\u00c7E\u011e\u0130 KOLYE\/ 925 AYAR ALTIN KAPLAMA G\u00dcM\u00dc\u015e - Astrolog Elvan","isPartOf":{"@id":"https:\/\/astrologelvan.com\/magaza\/#website"},"primaryImageOfPage":{"@id":"https:\/\/astrologelvan.com\/magaza\/urun\/yasamcicegikolye-925-ayar-gumus\/#primaryimage"},"image":{"@id":"https:\/\/astrologelvan.com\/magaza\/urun\/yasamcicegikolye-925-ayar-gumus\/#primaryimage"},"thumbnailUrl":"https:\/\/astrologelvan.com\/magaza\/wp-content\/uploads\/2026\/02\/WhatsApp-Image-2026-03-18-at-14.59.15.jpeg","datePublished":"2026-02-05T12:59:09+00:00","dateModified":"2026-03-18T15:15:10+00:00","breadcrumb":{"@id":"https:\/\/astrologelvan.com\/magaza\/urun\/yasamcicegikolye-925-ayar-gumus\/#breadcrumb"},"inLanguage":"tr","potentialAction":[{"@type":"ReadAction","target":["https:\/\/astrologelvan.com\/magaza\/urun\/yasamcicegikolye-925-ayar-gumus\/"]}]},{"@type":"ImageObject","inLanguage":"tr","@id":"https:\/\/astrologelvan.com\/magaza\/urun\/yasamcicegikolye-925-ayar-gumus\/#primaryimage","url":"https:\/\/astrologelvan.com\/magaza\/wp-content\/uploads\/2026\/02\/WhatsApp-Image-2026-03-18-at-14.59.15.jpeg","contentUrl":"https:\/\/astrologelvan.com\/magaza\/wp-content\/uploads\/2026\/02\/WhatsApp-Image-2026-03-18-at-14.59.15.jpeg","width":1024,"height":1536},{"@type":"BreadcrumbList","@id":"https:\/\/astrologelvan.com\/magaza\/urun\/yasamcicegikolye-925-ayar-gumus\/#breadcrumb","itemListElement":[{"@type":"ListItem","position":1,"name":"Anasayfa","item":"https:\/\/astrologelvan.com\/magaza\/"},{"@type":"ListItem","position":2,"name":"Ma\u011faza","item":"https:\/\/astrologelvan.com\/magaza\/magaza\/"},{"@type":"ListItem","position":3,"name":"YA\u015eAM \u00c7\u0130\u00c7E\u011e\u0130 KOLYE\/ 925 AYAR ALTIN KAPLAMA G\u00dcM\u00dc\u015e"}]},{"@type":"WebSite","@id":"https:\/\/astrologelvan.com\/magaza\/#website","url":"https:\/\/astrologelvan.com\/magaza\/","name":"Astrolog Elvan","description":"","potentialAction":[{"@type":"SearchAction","target":{"@type":"EntryPoint","urlTemplate":"https:\/\/astrologelvan.com\/magaza\/?s={search_term_string}"},"query-input":{"@type":"PropertyValueSpecification","valueRequired":true,"valueName":"search_term_string"}}],"inLanguage":"tr"}]}},"_links":{"self":[{"href":"https:\/\/astrologelvan.com\/magaza\/wp-json\/wp\/v2\/product\/153291","targetHints":{"allow":["GET"]}}],"collection":[{"href":"https:\/\/astrologelvan.com\/magaza\/wp-json\/wp\/v2\/product"}],"about":[{"href":"https:\/\/astrologelvan.com\/magaza\/wp-json\/wp\/v2\/types\/product"}],"replies":[{"embeddable":true,"href":"https:\/\/astrologelvan.com\/magaza\/wp-json\/wp\/v2\/comments?post=153291"}],"wp:featuredmedia":[{"embeddable":true,"href":"https:\/\/astrologelvan.com\/magaza\/wp-json\/wp\/v2\/media\/172722"}],"wp:attachment":[{"href":"https:\/\/astrologelvan.com\/magaza\/wp-json\/wp\/v2\/media?parent=153291"}],"wp:term":[{"taxonomy":"product_brand","embeddable":true,"href":"https:\/\/astrologelvan.com\/magaza\/wp-json\/wp\/v2\/product_brand?post=153291"},{"taxonomy":"product_cat","embeddable":true,"href":"https:\/\/astrologelvan.com\/magaza\/wp-json\/wp\/v2\/product_cat?post=153291"},{"taxonomy":"product_tag","embeddable":true,"href":"https:\/\/astrologelvan.com\/magaza\/wp-json\/wp\/v2\/product_tag?post=153291"}],"curies":[{"name":"wp","href":"https:\/\/api.w.org\/{rel}","templated":true}]}}