{"id":153288,"date":"2026-02-05T15:54:53","date_gmt":"2026-02-05T12:54:53","guid":{"rendered":"https:\/\/astrologelvan.com\/magaza\/?post_type=product&#038;p=153288"},"modified":"2026-03-23T15:28:17","modified_gmt":"2026-03-23T12:28:17","slug":"pembe-kuvars-nefertiti-kolye-925-ayar-gumus-uzeri-altin-kaplama","status":"publish","type":"product","link":"https:\/\/astrologelvan.com\/magaza\/urun\/pembe-kuvars-nefertiti-kolye-925-ayar-gumus-uzeri-altin-kaplama\/","title":{"rendered":"PEMBE KUVARS NEFERT\u0130T\u0130 KOLYE | 925 AYAR G\u00dcM\u00dc\u015e \u00dcZER\u0130 ALTIN KAPLAMA"},"content":{"rendered":"<div><strong>\u00dcr\u00fcn \u00f6zellikleri<\/strong><\/div>\n<div>925 Ayar G\u00fcm\u00fc\u015f \u00dczeri Alt\u0131n Kaplama (Nefertiti Sembol\u00fc)<\/div>\n<div>\u00dcr\u00fcn A\u011f\u0131rl\u0131\u011f\u0131: 1,96 gr<\/div>\n","protected":false},"excerpt":{"rendered":"<div><\/div>\n<div>Kolye ucunda yer alan Nefertiti fig\u00fcr\u00fc, di\u015fil bilgelik, zarafet ve i\u00e7sel g\u00fcc\u00fcn kadim sembol\u00fcd\u00fcr. Krali\u00e7e enerjisini temsil eden bu fig\u00fcr; \u00f6zg\u00fcveni, \u00f6zde\u011feri ve ruhsal asaleti hat\u0131rlat\u0131r. Pembe Kuvars ile birle\u015fti\u011finde, sevgiyle g\u00fc\u00e7lenen bir di\u015fil denge alan\u0131 olu\u015fturur.<\/div>\n<div>Bu \u00f6zel kolye, kalbini a\u00e7arken kendi de\u011ferini onurland\u0131rmak, sevgiyle parlamak ve zarafetini bilin\u00e7li bir niyetle ta\u015f\u0131mak isteyenler i\u00e7in tasarland\u0131.<\/div>\n<div><\/div>\n<div><\/div>\n","protected":false},"featured_media":153290,"comment_status":"open","ping_status":"closed","template":"","meta":[],"product_brand":[],"product_cat":[26],"product_tag":[],"class_list":{"0":"post-153288","1":"product","2":"type-product","3":"status-publish","4":"has-post-thumbnail","6":"product_cat-genel","8":"first","9":"instock","10":"purchasable","11":"product-type-simple"},"yoast_head":"<!-- This site is optimized with the Yoast SEO plugin v27.3 - https:\/\/yoast.com\/product\/yoast-seo-wordpress\/ -->\n<title>PEMBE KUVARS NEFERT\u0130T\u0130 KOLYE | 925 AYAR G\u00dcM\u00dc\u015e \u00dcZER\u0130 ALTIN KAPLAMA - Astrolog Elvan<\/title>\n<meta name=\"robots\" content=\"index, follow, max-snippet:-1, max-image-preview:large, max-video-preview:-1\" \/>\n<link rel=\"canonical\" href=\"https:\/\/astrologelvan.com\/magaza\/urun\/pembe-kuvars-nefertiti-kolye-925-ayar-gumus-uzeri-altin-kaplama\/\" \/>\n<meta property=\"og:locale\" content=\"tr_TR\" \/>\n<meta property=\"og:type\" content=\"article\" \/>\n<meta property=\"og:title\" content=\"PEMBE KUVARS NEFERT\u0130T\u0130 KOLYE | 925 AYAR G\u00dcM\u00dc\u015e \u00dcZER\u0130 ALTIN KAPLAMA - Astrolog Elvan\" \/>\n<meta property=\"og:description\" content=\"Kolye ucunda yer alan Nefertiti fig\u00fcr\u00fc, di\u015fil bilgelik, zarafet ve i\u00e7sel g\u00fcc\u00fcn kadim sembol\u00fcd\u00fcr. Krali\u00e7e enerjisini temsil eden bu fig\u00fcr; \u00f6zg\u00fcveni, \u00f6zde\u011feri ve ruhsal asaleti hat\u0131rlat\u0131r. Pembe Kuvars ile birle\u015fti\u011finde, sevgiyle g\u00fc\u00e7lenen bir di\u015fil denge alan\u0131 olu\u015fturur. Bu \u00f6zel kolye, kalbini a\u00e7arken kendi de\u011ferini onurland\u0131rmak, sevgiyle parlamak ve zarafetini bilin\u00e7li bir niyetle ta\u015f\u0131mak isteyenler i\u00e7in tasarland\u0131.\" \/>\n<meta property=\"og:url\" content=\"https:\/\/astrologelvan.com\/magaza\/urun\/pembe-kuvars-nefertiti-kolye-925-ayar-gumus-uzeri-altin-kaplama\/\" \/>\n<meta property=\"og:site_name\" content=\"Astrolog Elvan\" \/>\n<meta property=\"article:modified_time\" content=\"2026-03-23T12:28:17+00:00\" \/>\n<meta property=\"og:image\" content=\"https:\/\/astrologelvan.com\/magaza\/wp-content\/uploads\/2026\/02\/22_050226.jpg\" \/>\n\t<meta property=\"og:image:width\" content=\"1024\" \/>\n\t<meta property=\"og:image:height\" content=\"1536\" \/>\n\t<meta property=\"og:image:type\" content=\"image\/jpeg\" \/>\n<meta name=\"twitter:card\" content=\"summary_large_image\" \/>\n<meta name=\"twitter:label1\" content=\"Tahmini okuma s\u00fcresi\" \/>\n\t<meta name=\"twitter:data1\" content=\"1 dakika\" \/>\n<script type=\"application\/ld+json\" class=\"yoast-schema-graph\">{\"@context\":\"https:\\\/\\\/schema.org\",\"@graph\":[{\"@type\":[\"WebPage\",\"ItemPage\"],\"@id\":\"https:\\\/\\\/astrologelvan.com\\\/magaza\\\/urun\\\/pembe-kuvars-nefertiti-kolye-925-ayar-gumus-uzeri-altin-kaplama\\\/\",\"url\":\"https:\\\/\\\/astrologelvan.com\\\/magaza\\\/urun\\\/pembe-kuvars-nefertiti-kolye-925-ayar-gumus-uzeri-altin-kaplama\\\/\",\"name\":\"PEMBE KUVARS NEFERT\u0130T\u0130 KOLYE | 925 AYAR G\u00dcM\u00dc\u015e \u00dcZER\u0130 ALTIN KAPLAMA - Astrolog Elvan\",\"isPartOf\":{\"@id\":\"https:\\\/\\\/astrologelvan.com\\\/magaza\\\/#website\"},\"primaryImageOfPage\":{\"@id\":\"https:\\\/\\\/astrologelvan.com\\\/magaza\\\/urun\\\/pembe-kuvars-nefertiti-kolye-925-ayar-gumus-uzeri-altin-kaplama\\\/#primaryimage\"},\"image\":{\"@id\":\"https:\\\/\\\/astrologelvan.com\\\/magaza\\\/urun\\\/pembe-kuvars-nefertiti-kolye-925-ayar-gumus-uzeri-altin-kaplama\\\/#primaryimage\"},\"thumbnailUrl\":\"https:\\\/\\\/astrologelvan.com\\\/magaza\\\/wp-content\\\/uploads\\\/2026\\\/02\\\/22_050226.jpg\",\"datePublished\":\"2026-02-05T12:54:53+00:00\",\"dateModified\":\"2026-03-23T12:28:17+00:00\",\"breadcrumb\":{\"@id\":\"https:\\\/\\\/astrologelvan.com\\\/magaza\\\/urun\\\/pembe-kuvars-nefertiti-kolye-925-ayar-gumus-uzeri-altin-kaplama\\\/#breadcrumb\"},\"inLanguage\":\"tr\",\"potentialAction\":[{\"@type\":\"ReadAction\",\"target\":[\"https:\\\/\\\/astrologelvan.com\\\/magaza\\\/urun\\\/pembe-kuvars-nefertiti-kolye-925-ayar-gumus-uzeri-altin-kaplama\\\/\"]}]},{\"@type\":\"ImageObject\",\"inLanguage\":\"tr\",\"@id\":\"https:\\\/\\\/astrologelvan.com\\\/magaza\\\/urun\\\/pembe-kuvars-nefertiti-kolye-925-ayar-gumus-uzeri-altin-kaplama\\\/#primaryimage\",\"url\":\"https:\\\/\\\/astrologelvan.com\\\/magaza\\\/wp-content\\\/uploads\\\/2026\\\/02\\\/22_050226.jpg\",\"contentUrl\":\"https:\\\/\\\/astrologelvan.com\\\/magaza\\\/wp-content\\\/uploads\\\/2026\\\/02\\\/22_050226.jpg\",\"width\":1024,\"height\":1536},{\"@type\":\"BreadcrumbList\",\"@id\":\"https:\\\/\\\/astrologelvan.com\\\/magaza\\\/urun\\\/pembe-kuvars-nefertiti-kolye-925-ayar-gumus-uzeri-altin-kaplama\\\/#breadcrumb\",\"itemListElement\":[{\"@type\":\"ListItem\",\"position\":1,\"name\":\"Anasayfa\",\"item\":\"https:\\\/\\\/astrologelvan.com\\\/magaza\\\/\"},{\"@type\":\"ListItem\",\"position\":2,\"name\":\"Ma\u011faza\",\"item\":\"https:\\\/\\\/astrologelvan.com\\\/magaza\\\/magaza\\\/\"},{\"@type\":\"ListItem\",\"position\":3,\"name\":\"PEMBE KUVARS NEFERT\u0130T\u0130 KOLYE | 925 AYAR G\u00dcM\u00dc\u015e \u00dcZER\u0130 ALTIN KAPLAMA\"}]},{\"@type\":\"WebSite\",\"@id\":\"https:\\\/\\\/astrologelvan.com\\\/magaza\\\/#website\",\"url\":\"https:\\\/\\\/astrologelvan.com\\\/magaza\\\/\",\"name\":\"Astrolog Elvan\",\"description\":\"\",\"potentialAction\":[{\"@type\":\"SearchAction\",\"target\":{\"@type\":\"EntryPoint\",\"urlTemplate\":\"https:\\\/\\\/astrologelvan.com\\\/magaza\\\/?s={search_term_string}\"},\"query-input\":{\"@type\":\"PropertyValueSpecification\",\"valueRequired\":true,\"valueName\":\"search_term_string\"}}],\"inLanguage\":\"tr\"}]}<\/script>\n<!-- \/ Yoast SEO plugin. -->","yoast_head_json":{"title":"PEMBE KUVARS NEFERT\u0130T\u0130 KOLYE | 925 AYAR G\u00dcM\u00dc\u015e \u00dcZER\u0130 ALTIN KAPLAMA - Astrolog Elvan","robots":{"index":"index","follow":"follow","max-snippet":"max-snippet:-1","max-image-preview":"max-image-preview:large","max-video-preview":"max-video-preview:-1"},"canonical":"https:\/\/astrologelvan.com\/magaza\/urun\/pembe-kuvars-nefertiti-kolye-925-ayar-gumus-uzeri-altin-kaplama\/","og_locale":"tr_TR","og_type":"article","og_title":"PEMBE KUVARS NEFERT\u0130T\u0130 KOLYE | 925 AYAR G\u00dcM\u00dc\u015e \u00dcZER\u0130 ALTIN KAPLAMA - Astrolog Elvan","og_description":"Kolye ucunda yer alan Nefertiti fig\u00fcr\u00fc, di\u015fil bilgelik, zarafet ve i\u00e7sel g\u00fcc\u00fcn kadim sembol\u00fcd\u00fcr. Krali\u00e7e enerjisini temsil eden bu fig\u00fcr; \u00f6zg\u00fcveni, \u00f6zde\u011feri ve ruhsal asaleti hat\u0131rlat\u0131r. Pembe Kuvars ile birle\u015fti\u011finde, sevgiyle g\u00fc\u00e7lenen bir di\u015fil denge alan\u0131 olu\u015fturur. Bu \u00f6zel kolye, kalbini a\u00e7arken kendi de\u011ferini onurland\u0131rmak, sevgiyle parlamak ve zarafetini bilin\u00e7li bir niyetle ta\u015f\u0131mak isteyenler i\u00e7in tasarland\u0131.","og_url":"https:\/\/astrologelvan.com\/magaza\/urun\/pembe-kuvars-nefertiti-kolye-925-ayar-gumus-uzeri-altin-kaplama\/","og_site_name":"Astrolog Elvan","article_modified_time":"2026-03-23T12:28:17+00:00","og_image":[{"width":1024,"height":1536,"url":"https:\/\/astrologelvan.com\/magaza\/wp-content\/uploads\/2026\/02\/22_050226.jpg","type":"image\/jpeg"}],"twitter_card":"summary_large_image","twitter_misc":{"Tahmini okuma s\u00fcresi":"1 dakika"},"schema":{"@context":"https:\/\/schema.org","@graph":[{"@type":["WebPage","ItemPage"],"@id":"https:\/\/astrologelvan.com\/magaza\/urun\/pembe-kuvars-nefertiti-kolye-925-ayar-gumus-uzeri-altin-kaplama\/","url":"https:\/\/astrologelvan.com\/magaza\/urun\/pembe-kuvars-nefertiti-kolye-925-ayar-gumus-uzeri-altin-kaplama\/","name":"PEMBE KUVARS NEFERT\u0130T\u0130 KOLYE | 925 AYAR G\u00dcM\u00dc\u015e \u00dcZER\u0130 ALTIN KAPLAMA - Astrolog Elvan","isPartOf":{"@id":"https:\/\/astrologelvan.com\/magaza\/#website"},"primaryImageOfPage":{"@id":"https:\/\/astrologelvan.com\/magaza\/urun\/pembe-kuvars-nefertiti-kolye-925-ayar-gumus-uzeri-altin-kaplama\/#primaryimage"},"image":{"@id":"https:\/\/astrologelvan.com\/magaza\/urun\/pembe-kuvars-nefertiti-kolye-925-ayar-gumus-uzeri-altin-kaplama\/#primaryimage"},"thumbnailUrl":"https:\/\/astrologelvan.com\/magaza\/wp-content\/uploads\/2026\/02\/22_050226.jpg","datePublished":"2026-02-05T12:54:53+00:00","dateModified":"2026-03-23T12:28:17+00:00","breadcrumb":{"@id":"https:\/\/astrologelvan.com\/magaza\/urun\/pembe-kuvars-nefertiti-kolye-925-ayar-gumus-uzeri-altin-kaplama\/#breadcrumb"},"inLanguage":"tr","potentialAction":[{"@type":"ReadAction","target":["https:\/\/astrologelvan.com\/magaza\/urun\/pembe-kuvars-nefertiti-kolye-925-ayar-gumus-uzeri-altin-kaplama\/"]}]},{"@type":"ImageObject","inLanguage":"tr","@id":"https:\/\/astrologelvan.com\/magaza\/urun\/pembe-kuvars-nefertiti-kolye-925-ayar-gumus-uzeri-altin-kaplama\/#primaryimage","url":"https:\/\/astrologelvan.com\/magaza\/wp-content\/uploads\/2026\/02\/22_050226.jpg","contentUrl":"https:\/\/astrologelvan.com\/magaza\/wp-content\/uploads\/2026\/02\/22_050226.jpg","width":1024,"height":1536},{"@type":"BreadcrumbList","@id":"https:\/\/astrologelvan.com\/magaza\/urun\/pembe-kuvars-nefertiti-kolye-925-ayar-gumus-uzeri-altin-kaplama\/#breadcrumb","itemListElement":[{"@type":"ListItem","position":1,"name":"Anasayfa","item":"https:\/\/astrologelvan.com\/magaza\/"},{"@type":"ListItem","position":2,"name":"Ma\u011faza","item":"https:\/\/astrologelvan.com\/magaza\/magaza\/"},{"@type":"ListItem","position":3,"name":"PEMBE KUVARS NEFERT\u0130T\u0130 KOLYE | 925 AYAR G\u00dcM\u00dc\u015e \u00dcZER\u0130 ALTIN KAPLAMA"}]},{"@type":"WebSite","@id":"https:\/\/astrologelvan.com\/magaza\/#website","url":"https:\/\/astrologelvan.com\/magaza\/","name":"Astrolog Elvan","description":"","potentialAction":[{"@type":"SearchAction","target":{"@type":"EntryPoint","urlTemplate":"https:\/\/astrologelvan.com\/magaza\/?s={search_term_string}"},"query-input":{"@type":"PropertyValueSpecification","valueRequired":true,"valueName":"search_term_string"}}],"inLanguage":"tr"}]}},"_links":{"self":[{"href":"https:\/\/astrologelvan.com\/magaza\/wp-json\/wp\/v2\/product\/153288","targetHints":{"allow":["GET"]}}],"collection":[{"href":"https:\/\/astrologelvan.com\/magaza\/wp-json\/wp\/v2\/product"}],"about":[{"href":"https:\/\/astrologelvan.com\/magaza\/wp-json\/wp\/v2\/types\/product"}],"replies":[{"embeddable":true,"href":"https:\/\/astrologelvan.com\/magaza\/wp-json\/wp\/v2\/comments?post=153288"}],"wp:featuredmedia":[{"embeddable":true,"href":"https:\/\/astrologelvan.com\/magaza\/wp-json\/wp\/v2\/media\/153290"}],"wp:attachment":[{"href":"https:\/\/astrologelvan.com\/magaza\/wp-json\/wp\/v2\/media?parent=153288"}],"wp:term":[{"taxonomy":"product_brand","embeddable":true,"href":"https:\/\/astrologelvan.com\/magaza\/wp-json\/wp\/v2\/product_brand?post=153288"},{"taxonomy":"product_cat","embeddable":true,"href":"https:\/\/astrologelvan.com\/magaza\/wp-json\/wp\/v2\/product_cat?post=153288"},{"taxonomy":"product_tag","embeddable":true,"href":"https:\/\/astrologelvan.com\/magaza\/wp-json\/wp\/v2\/product_tag?post=153288"}],"curies":[{"name":"wp","href":"https:\/\/api.w.org\/{rel}","templated":true}]}}