{"id":153282,"date":"2026-02-05T15:47:06","date_gmt":"2026-02-05T12:47:06","guid":{"rendered":"https:\/\/astrologelvan.com\/magaza\/?post_type=product&#038;p=153282"},"modified":"2026-02-08T17:43:29","modified_gmt":"2026-02-08T14:43:29","slug":"ganesha-bereket-kolyesi-925-ayar-gumus-uzeri-altin-kaplama","status":"publish","type":"product","link":"https:\/\/astrologelvan.com\/magaza\/urun\/ganesha-bereket-kolyesi-925-ayar-gumus-uzeri-altin-kaplama\/","title":{"rendered":"GANESHA BEREKET\u00a0 KOLYES\u0130 | 925 AYAR G\u00dcM\u00dc\u015e \u00dcZER\u0130 ALTIN KAPLAMA"},"content":{"rendered":"<div><strong>\u00dcr\u00fcn \u00f6zellikleri<\/strong><\/div>\n<div>925 Ayar G\u00fcm\u00fc\u015f \u00dczeri Alt\u0131n Kaplama (Ganesha Fil Sembol\u00fc)<\/div>\n<div>\u00dcr\u00fcn A\u011f\u0131rl\u0131\u011f\u0131: 3 gr<\/div>\n","protected":false},"excerpt":{"rendered":"<div>D\u00f6rt \u00f6zel do\u011fal ta\u015f\u0131n uyumla bir araya gelmesiyle haz\u0131rlanan bu kolye; anne\u2013\u00e7ocuk ba\u011f\u0131, ilahi koruma ve bereket niyetiyle tasarlanm\u0131\u015ft\u0131r.<\/div>\n<div>Kolye ucunda yer alan Ganesha fig\u00fcr\u00fc, kadim inan\u0131\u015flarda koruyucu enerji, bolluk ve g\u00fcvenli yeni ba\u015flang\u0131\u00e7lar\u0131n sembol\u00fc olarak kabul edilir.<\/div>\n<div>Do\u011fal ta\u015flar\u0131n b\u00fct\u00fcnsel frekans\u0131 ile birle\u015fen Ganesha enerjisinin; hamilelik s\u00fcrecinde huzuru destekledi\u011fine, anne ve bebe\u011fi koruyan bir enerji alan\u0131 olu\u015fturdu\u011funa inan\u0131l\u0131r.<\/div>\n<div>\u015eefkat, rahim enerjisi ve ilahi koruma temalar\u0131yla ili\u015fkilendirilen bu kolye, anne olma niyetini ta\u015f\u0131yanlar ve hamilelik s\u00fcrecinde dengeli, sakin bir enerjiyle e\u015flik eden anlaml\u0131 bir sembold\u00fcr.<\/div>\n<div><\/div>\n<div><\/div>\n","protected":false},"featured_media":153284,"comment_status":"open","ping_status":"closed","template":"","meta":[],"product_brand":[596],"product_cat":[255],"product_tag":[],"class_list":{"0":"post-153282","1":"product","2":"type-product","3":"status-publish","4":"has-post-thumbnail","6":"product_brand-astrolog-elvan","7":"product_cat-gumus-kolye","9":"first","10":"instock","11":"purchasable","12":"product-type-simple"},"yoast_head":"<!-- This site is optimized with the Yoast SEO plugin v27.3 - https:\/\/yoast.com\/product\/yoast-seo-wordpress\/ -->\n<title>GANESHA BEREKET\u00a0 KOLYES\u0130 | 925 AYAR G\u00dcM\u00dc\u015e \u00dcZER\u0130 ALTIN KAPLAMA - Astrolog Elvan<\/title>\n<meta name=\"robots\" content=\"index, follow, max-snippet:-1, max-image-preview:large, max-video-preview:-1\" \/>\n<link rel=\"canonical\" href=\"https:\/\/astrologelvan.com\/magaza\/urun\/ganesha-bereket-kolyesi-925-ayar-gumus-uzeri-altin-kaplama\/\" \/>\n<meta property=\"og:locale\" content=\"tr_TR\" \/>\n<meta property=\"og:type\" content=\"article\" \/>\n<meta property=\"og:title\" content=\"GANESHA BEREKET\u00a0 KOLYES\u0130 | 925 AYAR G\u00dcM\u00dc\u015e \u00dcZER\u0130 ALTIN KAPLAMA - Astrolog Elvan\" \/>\n<meta property=\"og:description\" content=\"D\u00f6rt \u00f6zel do\u011fal ta\u015f\u0131n uyumla bir araya gelmesiyle haz\u0131rlanan bu kolye; anne\u2013\u00e7ocuk ba\u011f\u0131, ilahi koruma ve bereket niyetiyle tasarlanm\u0131\u015ft\u0131r. Kolye ucunda yer alan Ganesha fig\u00fcr\u00fc, kadim inan\u0131\u015flarda koruyucu enerji, bolluk ve g\u00fcvenli yeni ba\u015flang\u0131\u00e7lar\u0131n sembol\u00fc olarak kabul edilir. Do\u011fal ta\u015flar\u0131n b\u00fct\u00fcnsel frekans\u0131 ile birle\u015fen Ganesha enerjisinin; hamilelik s\u00fcrecinde huzuru destekledi\u011fine, anne ve bebe\u011fi koruyan bir enerji alan\u0131 olu\u015fturdu\u011funa inan\u0131l\u0131r. \u015eefkat, rahim enerjisi ve ilahi koruma temalar\u0131yla ili\u015fkilendirilen bu kolye, anne olma niyetini ta\u015f\u0131yanlar ve hamilelik s\u00fcrecinde dengeli, sakin bir enerjiyle e\u015flik eden anlaml\u0131 bir sembold\u00fcr.\" \/>\n<meta property=\"og:url\" content=\"https:\/\/astrologelvan.com\/magaza\/urun\/ganesha-bereket-kolyesi-925-ayar-gumus-uzeri-altin-kaplama\/\" \/>\n<meta property=\"og:site_name\" content=\"Astrolog Elvan\" \/>\n<meta property=\"article:modified_time\" content=\"2026-02-08T14:43:29+00:00\" \/>\n<meta property=\"og:image\" content=\"https:\/\/astrologelvan.com\/magaza\/wp-content\/uploads\/2026\/02\/833c5be2-1119-4ec5-9539-3b11f47c635d.jpg\" \/>\n\t<meta property=\"og:image:width\" content=\"1024\" \/>\n\t<meta property=\"og:image:height\" content=\"1536\" \/>\n\t<meta property=\"og:image:type\" content=\"image\/jpeg\" \/>\n<meta name=\"twitter:card\" content=\"summary_large_image\" \/>\n<meta name=\"twitter:label1\" content=\"Tahmini okuma s\u00fcresi\" \/>\n\t<meta name=\"twitter:data1\" content=\"1 dakika\" \/>\n<script type=\"application\/ld+json\" class=\"yoast-schema-graph\">{\"@context\":\"https:\\\/\\\/schema.org\",\"@graph\":[{\"@type\":[\"WebPage\",\"ItemPage\"],\"@id\":\"https:\\\/\\\/astrologelvan.com\\\/magaza\\\/urun\\\/ganesha-bereket-kolyesi-925-ayar-gumus-uzeri-altin-kaplama\\\/\",\"url\":\"https:\\\/\\\/astrologelvan.com\\\/magaza\\\/urun\\\/ganesha-bereket-kolyesi-925-ayar-gumus-uzeri-altin-kaplama\\\/\",\"name\":\"GANESHA BEREKET\u00a0 KOLYES\u0130 | 925 AYAR G\u00dcM\u00dc\u015e \u00dcZER\u0130 ALTIN KAPLAMA - Astrolog Elvan\",\"isPartOf\":{\"@id\":\"https:\\\/\\\/astrologelvan.com\\\/magaza\\\/#website\"},\"primaryImageOfPage\":{\"@id\":\"https:\\\/\\\/astrologelvan.com\\\/magaza\\\/urun\\\/ganesha-bereket-kolyesi-925-ayar-gumus-uzeri-altin-kaplama\\\/#primaryimage\"},\"image\":{\"@id\":\"https:\\\/\\\/astrologelvan.com\\\/magaza\\\/urun\\\/ganesha-bereket-kolyesi-925-ayar-gumus-uzeri-altin-kaplama\\\/#primaryimage\"},\"thumbnailUrl\":\"https:\\\/\\\/astrologelvan.com\\\/magaza\\\/wp-content\\\/uploads\\\/2026\\\/02\\\/833c5be2-1119-4ec5-9539-3b11f47c635d.jpg\",\"datePublished\":\"2026-02-05T12:47:06+00:00\",\"dateModified\":\"2026-02-08T14:43:29+00:00\",\"breadcrumb\":{\"@id\":\"https:\\\/\\\/astrologelvan.com\\\/magaza\\\/urun\\\/ganesha-bereket-kolyesi-925-ayar-gumus-uzeri-altin-kaplama\\\/#breadcrumb\"},\"inLanguage\":\"tr\",\"potentialAction\":[{\"@type\":\"ReadAction\",\"target\":[\"https:\\\/\\\/astrologelvan.com\\\/magaza\\\/urun\\\/ganesha-bereket-kolyesi-925-ayar-gumus-uzeri-altin-kaplama\\\/\"]}]},{\"@type\":\"ImageObject\",\"inLanguage\":\"tr\",\"@id\":\"https:\\\/\\\/astrologelvan.com\\\/magaza\\\/urun\\\/ganesha-bereket-kolyesi-925-ayar-gumus-uzeri-altin-kaplama\\\/#primaryimage\",\"url\":\"https:\\\/\\\/astrologelvan.com\\\/magaza\\\/wp-content\\\/uploads\\\/2026\\\/02\\\/833c5be2-1119-4ec5-9539-3b11f47c635d.jpg\",\"contentUrl\":\"https:\\\/\\\/astrologelvan.com\\\/magaza\\\/wp-content\\\/uploads\\\/2026\\\/02\\\/833c5be2-1119-4ec5-9539-3b11f47c635d.jpg\",\"width\":1024,\"height\":1536},{\"@type\":\"BreadcrumbList\",\"@id\":\"https:\\\/\\\/astrologelvan.com\\\/magaza\\\/urun\\\/ganesha-bereket-kolyesi-925-ayar-gumus-uzeri-altin-kaplama\\\/#breadcrumb\",\"itemListElement\":[{\"@type\":\"ListItem\",\"position\":1,\"name\":\"Anasayfa\",\"item\":\"https:\\\/\\\/astrologelvan.com\\\/magaza\\\/\"},{\"@type\":\"ListItem\",\"position\":2,\"name\":\"Ma\u011faza\",\"item\":\"https:\\\/\\\/astrologelvan.com\\\/magaza\\\/magaza\\\/\"},{\"@type\":\"ListItem\",\"position\":3,\"name\":\"GANESHA BEREKET\u00a0 KOLYES\u0130 | 925 AYAR G\u00dcM\u00dc\u015e \u00dcZER\u0130 ALTIN KAPLAMA\"}]},{\"@type\":\"WebSite\",\"@id\":\"https:\\\/\\\/astrologelvan.com\\\/magaza\\\/#website\",\"url\":\"https:\\\/\\\/astrologelvan.com\\\/magaza\\\/\",\"name\":\"Astrolog Elvan\",\"description\":\"\",\"potentialAction\":[{\"@type\":\"SearchAction\",\"target\":{\"@type\":\"EntryPoint\",\"urlTemplate\":\"https:\\\/\\\/astrologelvan.com\\\/magaza\\\/?s={search_term_string}\"},\"query-input\":{\"@type\":\"PropertyValueSpecification\",\"valueRequired\":true,\"valueName\":\"search_term_string\"}}],\"inLanguage\":\"tr\"}]}<\/script>\n<!-- \/ Yoast SEO plugin. -->","yoast_head_json":{"title":"GANESHA BEREKET\u00a0 KOLYES\u0130 | 925 AYAR G\u00dcM\u00dc\u015e \u00dcZER\u0130 ALTIN KAPLAMA - Astrolog Elvan","robots":{"index":"index","follow":"follow","max-snippet":"max-snippet:-1","max-image-preview":"max-image-preview:large","max-video-preview":"max-video-preview:-1"},"canonical":"https:\/\/astrologelvan.com\/magaza\/urun\/ganesha-bereket-kolyesi-925-ayar-gumus-uzeri-altin-kaplama\/","og_locale":"tr_TR","og_type":"article","og_title":"GANESHA BEREKET\u00a0 KOLYES\u0130 | 925 AYAR G\u00dcM\u00dc\u015e \u00dcZER\u0130 ALTIN KAPLAMA - Astrolog Elvan","og_description":"D\u00f6rt \u00f6zel do\u011fal ta\u015f\u0131n uyumla bir araya gelmesiyle haz\u0131rlanan bu kolye; anne\u2013\u00e7ocuk ba\u011f\u0131, ilahi koruma ve bereket niyetiyle tasarlanm\u0131\u015ft\u0131r. Kolye ucunda yer alan Ganesha fig\u00fcr\u00fc, kadim inan\u0131\u015flarda koruyucu enerji, bolluk ve g\u00fcvenli yeni ba\u015flang\u0131\u00e7lar\u0131n sembol\u00fc olarak kabul edilir. Do\u011fal ta\u015flar\u0131n b\u00fct\u00fcnsel frekans\u0131 ile birle\u015fen Ganesha enerjisinin; hamilelik s\u00fcrecinde huzuru destekledi\u011fine, anne ve bebe\u011fi koruyan bir enerji alan\u0131 olu\u015fturdu\u011funa inan\u0131l\u0131r. \u015eefkat, rahim enerjisi ve ilahi koruma temalar\u0131yla ili\u015fkilendirilen bu kolye, anne olma niyetini ta\u015f\u0131yanlar ve hamilelik s\u00fcrecinde dengeli, sakin bir enerjiyle e\u015flik eden anlaml\u0131 bir sembold\u00fcr.","og_url":"https:\/\/astrologelvan.com\/magaza\/urun\/ganesha-bereket-kolyesi-925-ayar-gumus-uzeri-altin-kaplama\/","og_site_name":"Astrolog Elvan","article_modified_time":"2026-02-08T14:43:29+00:00","og_image":[{"width":1024,"height":1536,"url":"https:\/\/astrologelvan.com\/magaza\/wp-content\/uploads\/2026\/02\/833c5be2-1119-4ec5-9539-3b11f47c635d.jpg","type":"image\/jpeg"}],"twitter_card":"summary_large_image","twitter_misc":{"Tahmini okuma s\u00fcresi":"1 dakika"},"schema":{"@context":"https:\/\/schema.org","@graph":[{"@type":["WebPage","ItemPage"],"@id":"https:\/\/astrologelvan.com\/magaza\/urun\/ganesha-bereket-kolyesi-925-ayar-gumus-uzeri-altin-kaplama\/","url":"https:\/\/astrologelvan.com\/magaza\/urun\/ganesha-bereket-kolyesi-925-ayar-gumus-uzeri-altin-kaplama\/","name":"GANESHA BEREKET\u00a0 KOLYES\u0130 | 925 AYAR G\u00dcM\u00dc\u015e \u00dcZER\u0130 ALTIN KAPLAMA - Astrolog Elvan","isPartOf":{"@id":"https:\/\/astrologelvan.com\/magaza\/#website"},"primaryImageOfPage":{"@id":"https:\/\/astrologelvan.com\/magaza\/urun\/ganesha-bereket-kolyesi-925-ayar-gumus-uzeri-altin-kaplama\/#primaryimage"},"image":{"@id":"https:\/\/astrologelvan.com\/magaza\/urun\/ganesha-bereket-kolyesi-925-ayar-gumus-uzeri-altin-kaplama\/#primaryimage"},"thumbnailUrl":"https:\/\/astrologelvan.com\/magaza\/wp-content\/uploads\/2026\/02\/833c5be2-1119-4ec5-9539-3b11f47c635d.jpg","datePublished":"2026-02-05T12:47:06+00:00","dateModified":"2026-02-08T14:43:29+00:00","breadcrumb":{"@id":"https:\/\/astrologelvan.com\/magaza\/urun\/ganesha-bereket-kolyesi-925-ayar-gumus-uzeri-altin-kaplama\/#breadcrumb"},"inLanguage":"tr","potentialAction":[{"@type":"ReadAction","target":["https:\/\/astrologelvan.com\/magaza\/urun\/ganesha-bereket-kolyesi-925-ayar-gumus-uzeri-altin-kaplama\/"]}]},{"@type":"ImageObject","inLanguage":"tr","@id":"https:\/\/astrologelvan.com\/magaza\/urun\/ganesha-bereket-kolyesi-925-ayar-gumus-uzeri-altin-kaplama\/#primaryimage","url":"https:\/\/astrologelvan.com\/magaza\/wp-content\/uploads\/2026\/02\/833c5be2-1119-4ec5-9539-3b11f47c635d.jpg","contentUrl":"https:\/\/astrologelvan.com\/magaza\/wp-content\/uploads\/2026\/02\/833c5be2-1119-4ec5-9539-3b11f47c635d.jpg","width":1024,"height":1536},{"@type":"BreadcrumbList","@id":"https:\/\/astrologelvan.com\/magaza\/urun\/ganesha-bereket-kolyesi-925-ayar-gumus-uzeri-altin-kaplama\/#breadcrumb","itemListElement":[{"@type":"ListItem","position":1,"name":"Anasayfa","item":"https:\/\/astrologelvan.com\/magaza\/"},{"@type":"ListItem","position":2,"name":"Ma\u011faza","item":"https:\/\/astrologelvan.com\/magaza\/magaza\/"},{"@type":"ListItem","position":3,"name":"GANESHA BEREKET\u00a0 KOLYES\u0130 | 925 AYAR G\u00dcM\u00dc\u015e \u00dcZER\u0130 ALTIN KAPLAMA"}]},{"@type":"WebSite","@id":"https:\/\/astrologelvan.com\/magaza\/#website","url":"https:\/\/astrologelvan.com\/magaza\/","name":"Astrolog Elvan","description":"","potentialAction":[{"@type":"SearchAction","target":{"@type":"EntryPoint","urlTemplate":"https:\/\/astrologelvan.com\/magaza\/?s={search_term_string}"},"query-input":{"@type":"PropertyValueSpecification","valueRequired":true,"valueName":"search_term_string"}}],"inLanguage":"tr"}]}},"_links":{"self":[{"href":"https:\/\/astrologelvan.com\/magaza\/wp-json\/wp\/v2\/product\/153282","targetHints":{"allow":["GET"]}}],"collection":[{"href":"https:\/\/astrologelvan.com\/magaza\/wp-json\/wp\/v2\/product"}],"about":[{"href":"https:\/\/astrologelvan.com\/magaza\/wp-json\/wp\/v2\/types\/product"}],"replies":[{"embeddable":true,"href":"https:\/\/astrologelvan.com\/magaza\/wp-json\/wp\/v2\/comments?post=153282"}],"wp:featuredmedia":[{"embeddable":true,"href":"https:\/\/astrologelvan.com\/magaza\/wp-json\/wp\/v2\/media\/153284"}],"wp:attachment":[{"href":"https:\/\/astrologelvan.com\/magaza\/wp-json\/wp\/v2\/media?parent=153282"}],"wp:term":[{"taxonomy":"product_brand","embeddable":true,"href":"https:\/\/astrologelvan.com\/magaza\/wp-json\/wp\/v2\/product_brand?post=153282"},{"taxonomy":"product_cat","embeddable":true,"href":"https:\/\/astrologelvan.com\/magaza\/wp-json\/wp\/v2\/product_cat?post=153282"},{"taxonomy":"product_tag","embeddable":true,"href":"https:\/\/astrologelvan.com\/magaza\/wp-json\/wp\/v2\/product_tag?post=153282"}],"curies":[{"name":"wp","href":"https:\/\/api.w.org\/{rel}","templated":true}]}}