{"id":152984,"date":"2026-02-03T10:54:44","date_gmt":"2026-02-03T07:54:44","guid":{"rendered":"https:\/\/astrologelvan.com\/magaza\/?post_type=product&#038;p=152984"},"modified":"2026-03-09T17:05:35","modified_gmt":"2026-03-09T14:05:35","slug":"ilk-evlilik-seremonisi-kolye-ucu-925-ayar-gumus-uzeri-altin-kaplama","status":"publish","type":"product","link":"https:\/\/astrologelvan.com\/magaza\/urun\/ilk-evlilik-seremonisi-kolye-ucu-925-ayar-gumus-uzeri-altin-kaplama\/","title":{"rendered":"OMONOIA \u0130LK EVL\u0130L\u0130K SEROMON\u0130S\u0130 KOLYE UCU | 925 AYAR G\u00dcM\u00dc\u015e \u00dcZER\u0130 ALTIN KAPLAMA"},"content":{"rendered":"","protected":false},"excerpt":{"rendered":"<p>Kadim zamanlarda birlik, yaln\u0131zca bir s\u00f6z de\u011fil; ruhlar\u0131n ilahi uyumuydu.<\/p>\n<p>5.\u20137. y\u00fczy\u0131llardan g\u00fcn\u00fcm\u00fcze ula\u015fan bu sembol, evlili\u011fi bir rit\u00fcel, birlikteli\u011fi ise ilahi bir anla\u015fma olarak onurland\u0131r\u0131r.<br \/>\nOmonoia, ge\u00e7mi\u015fin bilgeli\u011fini bug\u00fcn\u00fcn kalbine m\u00fch\u00fcrler.<\/p>\n<p><strong>\u00dcr\u00fcn \u00d6zellikleri<\/strong><br \/>\n3,09 gr 925 Ayar G\u00fcm\u00fc\u015f<\/p>\n","protected":false},"featured_media":152985,"comment_status":"open","ping_status":"closed","template":"","meta":[],"product_brand":[596],"product_cat":[522,9561],"product_tag":[],"class_list":{"0":"post-152984","1":"product","2":"type-product","3":"status-publish","4":"has-post-thumbnail","6":"product_brand-astrolog-elvan","7":"product_cat-kolye-ucu","8":"product_cat-mistik-hazineler-koleksiyonu","10":"first","11":"instock","12":"purchasable","13":"product-type-simple"},"yoast_head":"<!-- This site is optimized with the Yoast SEO plugin v27.3 - https:\/\/yoast.com\/product\/yoast-seo-wordpress\/ -->\n<title>OMONOIA \u0130LK EVL\u0130L\u0130K SEROMON\u0130S\u0130 KOLYE UCU | 925 AYAR G\u00dcM\u00dc\u015e \u00dcZER\u0130 ALTIN KAPLAMA - Astrolog Elvan<\/title>\n<meta name=\"robots\" content=\"index, follow, max-snippet:-1, max-image-preview:large, max-video-preview:-1\" \/>\n<link rel=\"canonical\" href=\"https:\/\/astrologelvan.com\/magaza\/urun\/ilk-evlilik-seremonisi-kolye-ucu-925-ayar-gumus-uzeri-altin-kaplama\/\" \/>\n<meta property=\"og:locale\" content=\"tr_TR\" \/>\n<meta property=\"og:type\" content=\"article\" \/>\n<meta property=\"og:title\" content=\"OMONOIA \u0130LK EVL\u0130L\u0130K SEROMON\u0130S\u0130 KOLYE UCU | 925 AYAR G\u00dcM\u00dc\u015e \u00dcZER\u0130 ALTIN KAPLAMA - Astrolog Elvan\" \/>\n<meta property=\"og:description\" content=\"Kadim zamanlarda birlik, yaln\u0131zca bir s\u00f6z de\u011fil; ruhlar\u0131n ilahi uyumuydu.  5.\u20137. y\u00fczy\u0131llardan g\u00fcn\u00fcm\u00fcze ula\u015fan bu sembol, evlili\u011fi bir rit\u00fcel, birlikteli\u011fi ise ilahi bir anla\u015fma olarak onurland\u0131r\u0131r. Omonoia, ge\u00e7mi\u015fin bilgeli\u011fini bug\u00fcn\u00fcn kalbine m\u00fch\u00fcrler.  \u00dcr\u00fcn \u00d6zellikleri 3,09 gr 925 Ayar G\u00fcm\u00fc\u015f\" \/>\n<meta property=\"og:url\" content=\"https:\/\/astrologelvan.com\/magaza\/urun\/ilk-evlilik-seremonisi-kolye-ucu-925-ayar-gumus-uzeri-altin-kaplama\/\" \/>\n<meta property=\"og:site_name\" content=\"Astrolog Elvan\" \/>\n<meta property=\"article:modified_time\" content=\"2026-03-09T14:05:35+00:00\" \/>\n<meta property=\"og:image\" content=\"https:\/\/astrologelvan.com\/magaza\/wp-content\/uploads\/2026\/02\/42d37ecf-d42e-4047-8782-7766a3832cb6.JPG.jpeg\" \/>\n\t<meta property=\"og:image:width\" content=\"1024\" \/>\n\t<meta property=\"og:image:height\" content=\"1536\" \/>\n\t<meta property=\"og:image:type\" content=\"image\/jpeg\" \/>\n<meta name=\"twitter:card\" content=\"summary_large_image\" \/>\n<meta name=\"twitter:label1\" content=\"Tahmini okuma s\u00fcresi\" \/>\n\t<meta name=\"twitter:data1\" content=\"1 dakika\" \/>\n<script type=\"application\/ld+json\" class=\"yoast-schema-graph\">{\"@context\":\"https:\\\/\\\/schema.org\",\"@graph\":[{\"@type\":[\"WebPage\",\"ItemPage\"],\"@id\":\"https:\\\/\\\/astrologelvan.com\\\/magaza\\\/urun\\\/ilk-evlilik-seremonisi-kolye-ucu-925-ayar-gumus-uzeri-altin-kaplama\\\/\",\"url\":\"https:\\\/\\\/astrologelvan.com\\\/magaza\\\/urun\\\/ilk-evlilik-seremonisi-kolye-ucu-925-ayar-gumus-uzeri-altin-kaplama\\\/\",\"name\":\"OMONOIA \u0130LK EVL\u0130L\u0130K SEROMON\u0130S\u0130 KOLYE UCU | 925 AYAR G\u00dcM\u00dc\u015e \u00dcZER\u0130 ALTIN KAPLAMA - Astrolog Elvan\",\"isPartOf\":{\"@id\":\"https:\\\/\\\/astrologelvan.com\\\/magaza\\\/#website\"},\"primaryImageOfPage\":{\"@id\":\"https:\\\/\\\/astrologelvan.com\\\/magaza\\\/urun\\\/ilk-evlilik-seremonisi-kolye-ucu-925-ayar-gumus-uzeri-altin-kaplama\\\/#primaryimage\"},\"image\":{\"@id\":\"https:\\\/\\\/astrologelvan.com\\\/magaza\\\/urun\\\/ilk-evlilik-seremonisi-kolye-ucu-925-ayar-gumus-uzeri-altin-kaplama\\\/#primaryimage\"},\"thumbnailUrl\":\"https:\\\/\\\/astrologelvan.com\\\/magaza\\\/wp-content\\\/uploads\\\/2026\\\/02\\\/42d37ecf-d42e-4047-8782-7766a3832cb6.JPG.jpeg\",\"datePublished\":\"2026-02-03T07:54:44+00:00\",\"dateModified\":\"2026-03-09T14:05:35+00:00\",\"breadcrumb\":{\"@id\":\"https:\\\/\\\/astrologelvan.com\\\/magaza\\\/urun\\\/ilk-evlilik-seremonisi-kolye-ucu-925-ayar-gumus-uzeri-altin-kaplama\\\/#breadcrumb\"},\"inLanguage\":\"tr\",\"potentialAction\":[{\"@type\":\"ReadAction\",\"target\":[\"https:\\\/\\\/astrologelvan.com\\\/magaza\\\/urun\\\/ilk-evlilik-seremonisi-kolye-ucu-925-ayar-gumus-uzeri-altin-kaplama\\\/\"]}]},{\"@type\":\"ImageObject\",\"inLanguage\":\"tr\",\"@id\":\"https:\\\/\\\/astrologelvan.com\\\/magaza\\\/urun\\\/ilk-evlilik-seremonisi-kolye-ucu-925-ayar-gumus-uzeri-altin-kaplama\\\/#primaryimage\",\"url\":\"https:\\\/\\\/astrologelvan.com\\\/magaza\\\/wp-content\\\/uploads\\\/2026\\\/02\\\/42d37ecf-d42e-4047-8782-7766a3832cb6.JPG.jpeg\",\"contentUrl\":\"https:\\\/\\\/astrologelvan.com\\\/magaza\\\/wp-content\\\/uploads\\\/2026\\\/02\\\/42d37ecf-d42e-4047-8782-7766a3832cb6.JPG.jpeg\",\"width\":1024,\"height\":1536},{\"@type\":\"BreadcrumbList\",\"@id\":\"https:\\\/\\\/astrologelvan.com\\\/magaza\\\/urun\\\/ilk-evlilik-seremonisi-kolye-ucu-925-ayar-gumus-uzeri-altin-kaplama\\\/#breadcrumb\",\"itemListElement\":[{\"@type\":\"ListItem\",\"position\":1,\"name\":\"Anasayfa\",\"item\":\"https:\\\/\\\/astrologelvan.com\\\/magaza\\\/\"},{\"@type\":\"ListItem\",\"position\":2,\"name\":\"Ma\u011faza\",\"item\":\"https:\\\/\\\/astrologelvan.com\\\/magaza\\\/magaza\\\/\"},{\"@type\":\"ListItem\",\"position\":3,\"name\":\"OMONOIA \u0130LK EVL\u0130L\u0130K SEROMON\u0130S\u0130 KOLYE UCU | 925 AYAR G\u00dcM\u00dc\u015e \u00dcZER\u0130 ALTIN KAPLAMA\"}]},{\"@type\":\"WebSite\",\"@id\":\"https:\\\/\\\/astrologelvan.com\\\/magaza\\\/#website\",\"url\":\"https:\\\/\\\/astrologelvan.com\\\/magaza\\\/\",\"name\":\"Astrolog Elvan\",\"description\":\"\",\"potentialAction\":[{\"@type\":\"SearchAction\",\"target\":{\"@type\":\"EntryPoint\",\"urlTemplate\":\"https:\\\/\\\/astrologelvan.com\\\/magaza\\\/?s={search_term_string}\"},\"query-input\":{\"@type\":\"PropertyValueSpecification\",\"valueRequired\":true,\"valueName\":\"search_term_string\"}}],\"inLanguage\":\"tr\"}]}<\/script>\n<!-- \/ Yoast SEO plugin. -->","yoast_head_json":{"title":"OMONOIA \u0130LK EVL\u0130L\u0130K SEROMON\u0130S\u0130 KOLYE UCU | 925 AYAR G\u00dcM\u00dc\u015e \u00dcZER\u0130 ALTIN KAPLAMA - Astrolog Elvan","robots":{"index":"index","follow":"follow","max-snippet":"max-snippet:-1","max-image-preview":"max-image-preview:large","max-video-preview":"max-video-preview:-1"},"canonical":"https:\/\/astrologelvan.com\/magaza\/urun\/ilk-evlilik-seremonisi-kolye-ucu-925-ayar-gumus-uzeri-altin-kaplama\/","og_locale":"tr_TR","og_type":"article","og_title":"OMONOIA \u0130LK EVL\u0130L\u0130K SEROMON\u0130S\u0130 KOLYE UCU | 925 AYAR G\u00dcM\u00dc\u015e \u00dcZER\u0130 ALTIN KAPLAMA - Astrolog Elvan","og_description":"Kadim zamanlarda birlik, yaln\u0131zca bir s\u00f6z de\u011fil; ruhlar\u0131n ilahi uyumuydu.  5.\u20137. y\u00fczy\u0131llardan g\u00fcn\u00fcm\u00fcze ula\u015fan bu sembol, evlili\u011fi bir rit\u00fcel, birlikteli\u011fi ise ilahi bir anla\u015fma olarak onurland\u0131r\u0131r. Omonoia, ge\u00e7mi\u015fin bilgeli\u011fini bug\u00fcn\u00fcn kalbine m\u00fch\u00fcrler.  \u00dcr\u00fcn \u00d6zellikleri 3,09 gr 925 Ayar G\u00fcm\u00fc\u015f","og_url":"https:\/\/astrologelvan.com\/magaza\/urun\/ilk-evlilik-seremonisi-kolye-ucu-925-ayar-gumus-uzeri-altin-kaplama\/","og_site_name":"Astrolog Elvan","article_modified_time":"2026-03-09T14:05:35+00:00","og_image":[{"width":1024,"height":1536,"url":"https:\/\/astrologelvan.com\/magaza\/wp-content\/uploads\/2026\/02\/42d37ecf-d42e-4047-8782-7766a3832cb6.JPG.jpeg","type":"image\/jpeg"}],"twitter_card":"summary_large_image","twitter_misc":{"Tahmini okuma s\u00fcresi":"1 dakika"},"schema":{"@context":"https:\/\/schema.org","@graph":[{"@type":["WebPage","ItemPage"],"@id":"https:\/\/astrologelvan.com\/magaza\/urun\/ilk-evlilik-seremonisi-kolye-ucu-925-ayar-gumus-uzeri-altin-kaplama\/","url":"https:\/\/astrologelvan.com\/magaza\/urun\/ilk-evlilik-seremonisi-kolye-ucu-925-ayar-gumus-uzeri-altin-kaplama\/","name":"OMONOIA \u0130LK EVL\u0130L\u0130K SEROMON\u0130S\u0130 KOLYE UCU | 925 AYAR G\u00dcM\u00dc\u015e \u00dcZER\u0130 ALTIN KAPLAMA - Astrolog Elvan","isPartOf":{"@id":"https:\/\/astrologelvan.com\/magaza\/#website"},"primaryImageOfPage":{"@id":"https:\/\/astrologelvan.com\/magaza\/urun\/ilk-evlilik-seremonisi-kolye-ucu-925-ayar-gumus-uzeri-altin-kaplama\/#primaryimage"},"image":{"@id":"https:\/\/astrologelvan.com\/magaza\/urun\/ilk-evlilik-seremonisi-kolye-ucu-925-ayar-gumus-uzeri-altin-kaplama\/#primaryimage"},"thumbnailUrl":"https:\/\/astrologelvan.com\/magaza\/wp-content\/uploads\/2026\/02\/42d37ecf-d42e-4047-8782-7766a3832cb6.JPG.jpeg","datePublished":"2026-02-03T07:54:44+00:00","dateModified":"2026-03-09T14:05:35+00:00","breadcrumb":{"@id":"https:\/\/astrologelvan.com\/magaza\/urun\/ilk-evlilik-seremonisi-kolye-ucu-925-ayar-gumus-uzeri-altin-kaplama\/#breadcrumb"},"inLanguage":"tr","potentialAction":[{"@type":"ReadAction","target":["https:\/\/astrologelvan.com\/magaza\/urun\/ilk-evlilik-seremonisi-kolye-ucu-925-ayar-gumus-uzeri-altin-kaplama\/"]}]},{"@type":"ImageObject","inLanguage":"tr","@id":"https:\/\/astrologelvan.com\/magaza\/urun\/ilk-evlilik-seremonisi-kolye-ucu-925-ayar-gumus-uzeri-altin-kaplama\/#primaryimage","url":"https:\/\/astrologelvan.com\/magaza\/wp-content\/uploads\/2026\/02\/42d37ecf-d42e-4047-8782-7766a3832cb6.JPG.jpeg","contentUrl":"https:\/\/astrologelvan.com\/magaza\/wp-content\/uploads\/2026\/02\/42d37ecf-d42e-4047-8782-7766a3832cb6.JPG.jpeg","width":1024,"height":1536},{"@type":"BreadcrumbList","@id":"https:\/\/astrologelvan.com\/magaza\/urun\/ilk-evlilik-seremonisi-kolye-ucu-925-ayar-gumus-uzeri-altin-kaplama\/#breadcrumb","itemListElement":[{"@type":"ListItem","position":1,"name":"Anasayfa","item":"https:\/\/astrologelvan.com\/magaza\/"},{"@type":"ListItem","position":2,"name":"Ma\u011faza","item":"https:\/\/astrologelvan.com\/magaza\/magaza\/"},{"@type":"ListItem","position":3,"name":"OMONOIA \u0130LK EVL\u0130L\u0130K SEROMON\u0130S\u0130 KOLYE UCU | 925 AYAR G\u00dcM\u00dc\u015e \u00dcZER\u0130 ALTIN KAPLAMA"}]},{"@type":"WebSite","@id":"https:\/\/astrologelvan.com\/magaza\/#website","url":"https:\/\/astrologelvan.com\/magaza\/","name":"Astrolog Elvan","description":"","potentialAction":[{"@type":"SearchAction","target":{"@type":"EntryPoint","urlTemplate":"https:\/\/astrologelvan.com\/magaza\/?s={search_term_string}"},"query-input":{"@type":"PropertyValueSpecification","valueRequired":true,"valueName":"search_term_string"}}],"inLanguage":"tr"}]}},"_links":{"self":[{"href":"https:\/\/astrologelvan.com\/magaza\/wp-json\/wp\/v2\/product\/152984","targetHints":{"allow":["GET"]}}],"collection":[{"href":"https:\/\/astrologelvan.com\/magaza\/wp-json\/wp\/v2\/product"}],"about":[{"href":"https:\/\/astrologelvan.com\/magaza\/wp-json\/wp\/v2\/types\/product"}],"replies":[{"embeddable":true,"href":"https:\/\/astrologelvan.com\/magaza\/wp-json\/wp\/v2\/comments?post=152984"}],"wp:featuredmedia":[{"embeddable":true,"href":"https:\/\/astrologelvan.com\/magaza\/wp-json\/wp\/v2\/media\/152985"}],"wp:attachment":[{"href":"https:\/\/astrologelvan.com\/magaza\/wp-json\/wp\/v2\/media?parent=152984"}],"wp:term":[{"taxonomy":"product_brand","embeddable":true,"href":"https:\/\/astrologelvan.com\/magaza\/wp-json\/wp\/v2\/product_brand?post=152984"},{"taxonomy":"product_cat","embeddable":true,"href":"https:\/\/astrologelvan.com\/magaza\/wp-json\/wp\/v2\/product_cat?post=152984"},{"taxonomy":"product_tag","embeddable":true,"href":"https:\/\/astrologelvan.com\/magaza\/wp-json\/wp\/v2\/product_tag?post=152984"}],"curies":[{"name":"wp","href":"https:\/\/api.w.org\/{rel}","templated":true}]}}