{"id":152956,"date":"2026-02-02T17:59:41","date_gmt":"2026-02-02T14:59:41","guid":{"rendered":"https:\/\/astrologelvan.com\/magaza\/?post_type=product&#038;p=152956"},"modified":"2026-04-04T15:28:45","modified_gmt":"2026-04-04T12:28:45","slug":"oniks-jasper-erkek-deri-bileklik","status":"publish","type":"product","link":"https:\/\/astrologelvan.com\/magaza\/urun\/oniks-jasper-erkek-deri-bileklik\/","title":{"rendered":"Oniks &amp; Jasper Erkek Deri Bileklik"},"content":{"rendered":"","protected":false},"excerpt":{"rendered":"<div><\/div>\n<div>Oniks\u2019in koruyucu enerjisi ile gri damarl\u0131 Jasper\u2019\u0131n dengeleyici frekans\u0131 bu bileklikte bulu\u015fuyor. Mask\u00fclen ve modern tasar\u0131m\u0131, siyah deri ve \u00e7elik detaylarla g\u00fc\u00e7l\u00fc bir stil sunar. Negatif enerjiyi dengelemeye yard\u0131mc\u0131 olurken zihinsel odaklanmay\u0131 destekler. G\u00fcnl\u00fck kullan\u0131mda hem stilini tamamlayan hem de enerjine e\u015flik eden \u00f6zel bir par\u00e7a.<\/div>\n<div><\/div>\n","protected":false},"featured_media":152957,"comment_status":"open","ping_status":"closed","template":"","meta":[],"product_brand":[596],"product_cat":[508],"product_tag":[],"class_list":{"0":"post-152956","1":"product","2":"type-product","3":"status-publish","4":"has-post-thumbnail","6":"product_brand-astrolog-elvan","7":"product_cat-erkek-bileklikler","9":"first","10":"instock","11":"taxable","12":"shipping-taxable","13":"purchasable","14":"product-type-simple"},"yoast_head":"<!-- This site is optimized with the Yoast SEO plugin v27.3 - https:\/\/yoast.com\/product\/yoast-seo-wordpress\/ -->\n<title>Oniks &amp; Jasper Erkek Deri Bileklik - Astrolog Elvan<\/title>\n<meta name=\"robots\" content=\"index, follow, max-snippet:-1, max-image-preview:large, max-video-preview:-1\" \/>\n<link rel=\"canonical\" href=\"https:\/\/astrologelvan.com\/magaza\/urun\/oniks-jasper-erkek-deri-bileklik\/\" \/>\n<meta property=\"og:locale\" content=\"tr_TR\" \/>\n<meta property=\"og:type\" content=\"article\" \/>\n<meta property=\"og:title\" content=\"Oniks &amp; Jasper Erkek Deri Bileklik - Astrolog Elvan\" \/>\n<meta property=\"og:description\" content=\"Oniks\u2019in koruyucu enerjisi ile gri damarl\u0131 Jasper\u2019\u0131n dengeleyici frekans\u0131 bu bileklikte bulu\u015fuyor. Mask\u00fclen ve modern tasar\u0131m\u0131, siyah deri ve \u00e7elik detaylarla g\u00fc\u00e7l\u00fc bir stil sunar. Negatif enerjiyi dengelemeye yard\u0131mc\u0131 olurken zihinsel odaklanmay\u0131 destekler. G\u00fcnl\u00fck kullan\u0131mda hem stilini tamamlayan hem de enerjine e\u015flik eden \u00f6zel bir par\u00e7a.\" \/>\n<meta property=\"og:url\" content=\"https:\/\/astrologelvan.com\/magaza\/urun\/oniks-jasper-erkek-deri-bileklik\/\" \/>\n<meta property=\"og:site_name\" content=\"Astrolog Elvan\" \/>\n<meta property=\"article:modified_time\" content=\"2026-04-04T12:28:45+00:00\" \/>\n<meta property=\"og:image\" content=\"https:\/\/astrologelvan.com\/magaza\/wp-content\/uploads\/2026\/02\/11466d4d-0db2-46ea-b66d-824b0af8fb50.jpg\" \/>\n\t<meta property=\"og:image:width\" content=\"1024\" \/>\n\t<meta property=\"og:image:height\" content=\"1536\" \/>\n\t<meta property=\"og:image:type\" content=\"image\/jpeg\" \/>\n<meta name=\"twitter:card\" content=\"summary_large_image\" \/>\n<meta name=\"twitter:label1\" content=\"Tahmini okuma s\u00fcresi\" \/>\n\t<meta name=\"twitter:data1\" content=\"1 dakika\" \/>\n<script type=\"application\/ld+json\" class=\"yoast-schema-graph\">{\"@context\":\"https:\\\/\\\/schema.org\",\"@graph\":[{\"@type\":[\"WebPage\",\"ItemPage\"],\"@id\":\"https:\\\/\\\/astrologelvan.com\\\/magaza\\\/urun\\\/oniks-jasper-erkek-deri-bileklik\\\/\",\"url\":\"https:\\\/\\\/astrologelvan.com\\\/magaza\\\/urun\\\/oniks-jasper-erkek-deri-bileklik\\\/\",\"name\":\"Oniks &amp; Jasper Erkek Deri Bileklik - Astrolog Elvan\",\"isPartOf\":{\"@id\":\"https:\\\/\\\/astrologelvan.com\\\/magaza\\\/#website\"},\"primaryImageOfPage\":{\"@id\":\"https:\\\/\\\/astrologelvan.com\\\/magaza\\\/urun\\\/oniks-jasper-erkek-deri-bileklik\\\/#primaryimage\"},\"image\":{\"@id\":\"https:\\\/\\\/astrologelvan.com\\\/magaza\\\/urun\\\/oniks-jasper-erkek-deri-bileklik\\\/#primaryimage\"},\"thumbnailUrl\":\"https:\\\/\\\/astrologelvan.com\\\/magaza\\\/wp-content\\\/uploads\\\/2026\\\/02\\\/11466d4d-0db2-46ea-b66d-824b0af8fb50.jpg\",\"datePublished\":\"2026-02-02T14:59:41+00:00\",\"dateModified\":\"2026-04-04T12:28:45+00:00\",\"breadcrumb\":{\"@id\":\"https:\\\/\\\/astrologelvan.com\\\/magaza\\\/urun\\\/oniks-jasper-erkek-deri-bileklik\\\/#breadcrumb\"},\"inLanguage\":\"tr\",\"potentialAction\":[{\"@type\":\"ReadAction\",\"target\":[\"https:\\\/\\\/astrologelvan.com\\\/magaza\\\/urun\\\/oniks-jasper-erkek-deri-bileklik\\\/\"]}]},{\"@type\":\"ImageObject\",\"inLanguage\":\"tr\",\"@id\":\"https:\\\/\\\/astrologelvan.com\\\/magaza\\\/urun\\\/oniks-jasper-erkek-deri-bileklik\\\/#primaryimage\",\"url\":\"https:\\\/\\\/astrologelvan.com\\\/magaza\\\/wp-content\\\/uploads\\\/2026\\\/02\\\/11466d4d-0db2-46ea-b66d-824b0af8fb50.jpg\",\"contentUrl\":\"https:\\\/\\\/astrologelvan.com\\\/magaza\\\/wp-content\\\/uploads\\\/2026\\\/02\\\/11466d4d-0db2-46ea-b66d-824b0af8fb50.jpg\",\"width\":1024,\"height\":1536},{\"@type\":\"BreadcrumbList\",\"@id\":\"https:\\\/\\\/astrologelvan.com\\\/magaza\\\/urun\\\/oniks-jasper-erkek-deri-bileklik\\\/#breadcrumb\",\"itemListElement\":[{\"@type\":\"ListItem\",\"position\":1,\"name\":\"Anasayfa\",\"item\":\"https:\\\/\\\/astrologelvan.com\\\/magaza\\\/\"},{\"@type\":\"ListItem\",\"position\":2,\"name\":\"Ma\u011faza\",\"item\":\"https:\\\/\\\/astrologelvan.com\\\/magaza\\\/magaza\\\/\"},{\"@type\":\"ListItem\",\"position\":3,\"name\":\"Oniks &amp; Jasper Erkek Deri Bileklik\"}]},{\"@type\":\"WebSite\",\"@id\":\"https:\\\/\\\/astrologelvan.com\\\/magaza\\\/#website\",\"url\":\"https:\\\/\\\/astrologelvan.com\\\/magaza\\\/\",\"name\":\"Astrolog Elvan\",\"description\":\"\",\"potentialAction\":[{\"@type\":\"SearchAction\",\"target\":{\"@type\":\"EntryPoint\",\"urlTemplate\":\"https:\\\/\\\/astrologelvan.com\\\/magaza\\\/?s={search_term_string}\"},\"query-input\":{\"@type\":\"PropertyValueSpecification\",\"valueRequired\":true,\"valueName\":\"search_term_string\"}}],\"inLanguage\":\"tr\"}]}<\/script>\n<!-- \/ Yoast SEO plugin. -->","yoast_head_json":{"title":"Oniks &amp; Jasper Erkek Deri Bileklik - Astrolog Elvan","robots":{"index":"index","follow":"follow","max-snippet":"max-snippet:-1","max-image-preview":"max-image-preview:large","max-video-preview":"max-video-preview:-1"},"canonical":"https:\/\/astrologelvan.com\/magaza\/urun\/oniks-jasper-erkek-deri-bileklik\/","og_locale":"tr_TR","og_type":"article","og_title":"Oniks &amp; Jasper Erkek Deri Bileklik - Astrolog Elvan","og_description":"Oniks\u2019in koruyucu enerjisi ile gri damarl\u0131 Jasper\u2019\u0131n dengeleyici frekans\u0131 bu bileklikte bulu\u015fuyor. Mask\u00fclen ve modern tasar\u0131m\u0131, siyah deri ve \u00e7elik detaylarla g\u00fc\u00e7l\u00fc bir stil sunar. Negatif enerjiyi dengelemeye yard\u0131mc\u0131 olurken zihinsel odaklanmay\u0131 destekler. G\u00fcnl\u00fck kullan\u0131mda hem stilini tamamlayan hem de enerjine e\u015flik eden \u00f6zel bir par\u00e7a.","og_url":"https:\/\/astrologelvan.com\/magaza\/urun\/oniks-jasper-erkek-deri-bileklik\/","og_site_name":"Astrolog Elvan","article_modified_time":"2026-04-04T12:28:45+00:00","og_image":[{"width":1024,"height":1536,"url":"https:\/\/astrologelvan.com\/magaza\/wp-content\/uploads\/2026\/02\/11466d4d-0db2-46ea-b66d-824b0af8fb50.jpg","type":"image\/jpeg"}],"twitter_card":"summary_large_image","twitter_misc":{"Tahmini okuma s\u00fcresi":"1 dakika"},"schema":{"@context":"https:\/\/schema.org","@graph":[{"@type":["WebPage","ItemPage"],"@id":"https:\/\/astrologelvan.com\/magaza\/urun\/oniks-jasper-erkek-deri-bileklik\/","url":"https:\/\/astrologelvan.com\/magaza\/urun\/oniks-jasper-erkek-deri-bileklik\/","name":"Oniks &amp; Jasper Erkek Deri Bileklik - Astrolog Elvan","isPartOf":{"@id":"https:\/\/astrologelvan.com\/magaza\/#website"},"primaryImageOfPage":{"@id":"https:\/\/astrologelvan.com\/magaza\/urun\/oniks-jasper-erkek-deri-bileklik\/#primaryimage"},"image":{"@id":"https:\/\/astrologelvan.com\/magaza\/urun\/oniks-jasper-erkek-deri-bileklik\/#primaryimage"},"thumbnailUrl":"https:\/\/astrologelvan.com\/magaza\/wp-content\/uploads\/2026\/02\/11466d4d-0db2-46ea-b66d-824b0af8fb50.jpg","datePublished":"2026-02-02T14:59:41+00:00","dateModified":"2026-04-04T12:28:45+00:00","breadcrumb":{"@id":"https:\/\/astrologelvan.com\/magaza\/urun\/oniks-jasper-erkek-deri-bileklik\/#breadcrumb"},"inLanguage":"tr","potentialAction":[{"@type":"ReadAction","target":["https:\/\/astrologelvan.com\/magaza\/urun\/oniks-jasper-erkek-deri-bileklik\/"]}]},{"@type":"ImageObject","inLanguage":"tr","@id":"https:\/\/astrologelvan.com\/magaza\/urun\/oniks-jasper-erkek-deri-bileklik\/#primaryimage","url":"https:\/\/astrologelvan.com\/magaza\/wp-content\/uploads\/2026\/02\/11466d4d-0db2-46ea-b66d-824b0af8fb50.jpg","contentUrl":"https:\/\/astrologelvan.com\/magaza\/wp-content\/uploads\/2026\/02\/11466d4d-0db2-46ea-b66d-824b0af8fb50.jpg","width":1024,"height":1536},{"@type":"BreadcrumbList","@id":"https:\/\/astrologelvan.com\/magaza\/urun\/oniks-jasper-erkek-deri-bileklik\/#breadcrumb","itemListElement":[{"@type":"ListItem","position":1,"name":"Anasayfa","item":"https:\/\/astrologelvan.com\/magaza\/"},{"@type":"ListItem","position":2,"name":"Ma\u011faza","item":"https:\/\/astrologelvan.com\/magaza\/magaza\/"},{"@type":"ListItem","position":3,"name":"Oniks &amp; Jasper Erkek Deri Bileklik"}]},{"@type":"WebSite","@id":"https:\/\/astrologelvan.com\/magaza\/#website","url":"https:\/\/astrologelvan.com\/magaza\/","name":"Astrolog Elvan","description":"","potentialAction":[{"@type":"SearchAction","target":{"@type":"EntryPoint","urlTemplate":"https:\/\/astrologelvan.com\/magaza\/?s={search_term_string}"},"query-input":{"@type":"PropertyValueSpecification","valueRequired":true,"valueName":"search_term_string"}}],"inLanguage":"tr"}]}},"_links":{"self":[{"href":"https:\/\/astrologelvan.com\/magaza\/wp-json\/wp\/v2\/product\/152956","targetHints":{"allow":["GET"]}}],"collection":[{"href":"https:\/\/astrologelvan.com\/magaza\/wp-json\/wp\/v2\/product"}],"about":[{"href":"https:\/\/astrologelvan.com\/magaza\/wp-json\/wp\/v2\/types\/product"}],"replies":[{"embeddable":true,"href":"https:\/\/astrologelvan.com\/magaza\/wp-json\/wp\/v2\/comments?post=152956"}],"wp:featuredmedia":[{"embeddable":true,"href":"https:\/\/astrologelvan.com\/magaza\/wp-json\/wp\/v2\/media\/152957"}],"wp:attachment":[{"href":"https:\/\/astrologelvan.com\/magaza\/wp-json\/wp\/v2\/media?parent=152956"}],"wp:term":[{"taxonomy":"product_brand","embeddable":true,"href":"https:\/\/astrologelvan.com\/magaza\/wp-json\/wp\/v2\/product_brand?post=152956"},{"taxonomy":"product_cat","embeddable":true,"href":"https:\/\/astrologelvan.com\/magaza\/wp-json\/wp\/v2\/product_cat?post=152956"},{"taxonomy":"product_tag","embeddable":true,"href":"https:\/\/astrologelvan.com\/magaza\/wp-json\/wp\/v2\/product_tag?post=152956"}],"curies":[{"name":"wp","href":"https:\/\/api.w.org\/{rel}","templated":true}]}}