{"id":152953,"date":"2026-02-02T17:55:23","date_gmt":"2026-02-02T14:55:23","guid":{"rendered":"https:\/\/astrologelvan.com\/magaza\/?post_type=product&#038;p=152953"},"modified":"2026-02-13T15:10:45","modified_gmt":"2026-02-13T12:10:45","slug":"onix-dogaltas-deri-erkek-bileklik","status":"publish","type":"product","link":"https:\/\/astrologelvan.com\/magaza\/urun\/onix-dogaltas-deri-erkek-bileklik\/","title":{"rendered":"Oniks Do\u011fal Ta\u015fl\u0131 Deri Erkek Bileklik\u00a0"},"content":{"rendered":"","protected":false},"excerpt":{"rendered":"<div>Oniks ta\u015f\u0131n\u0131n g\u00fc\u00e7l\u00fc koruma ve denge enerjisini ta\u015f\u0131yan bu bileklik, kararl\u0131 ve mask\u00fclen bir duru\u015fun sembol\u00fcd\u00fcr. Negatif enerjiyi uzakla\u015ft\u0131rmaya yard\u0131mc\u0131 olurken, odaklanma ve i\u00e7sel g\u00fcc\u00fc destekler. Siyah\u0131n asaleti ile alt\u0131n detaylar\u0131n birle\u015fimi, stiline zamans\u0131z ve g\u00fc\u00e7l\u00fc bir imza atar.<\/div>\n","protected":false},"featured_media":152955,"comment_status":"open","ping_status":"closed","template":"","meta":[],"product_brand":[596],"product_cat":[508],"product_tag":[],"class_list":{"0":"post-152953","1":"product","2":"type-product","3":"status-publish","4":"has-post-thumbnail","6":"product_brand-astrolog-elvan","7":"product_cat-erkek-bileklikler","9":"first","10":"instock","11":"taxable","12":"shipping-taxable","13":"purchasable","14":"product-type-simple"},"yoast_head":"<!-- This site is optimized with the Yoast SEO plugin v27.3 - https:\/\/yoast.com\/product\/yoast-seo-wordpress\/ -->\n<title>Oniks Do\u011fal Ta\u015fl\u0131 Deri Erkek Bileklik\u00a0 - Astrolog Elvan<\/title>\n<meta name=\"robots\" content=\"index, follow, max-snippet:-1, max-image-preview:large, max-video-preview:-1\" \/>\n<link rel=\"canonical\" href=\"https:\/\/astrologelvan.com\/magaza\/urun\/onix-dogaltas-deri-erkek-bileklik\/\" \/>\n<meta property=\"og:locale\" content=\"tr_TR\" \/>\n<meta property=\"og:type\" content=\"article\" \/>\n<meta property=\"og:title\" content=\"Oniks Do\u011fal Ta\u015fl\u0131 Deri Erkek Bileklik\u00a0 - Astrolog Elvan\" \/>\n<meta property=\"og:description\" content=\"Oniks ta\u015f\u0131n\u0131n g\u00fc\u00e7l\u00fc koruma ve denge enerjisini ta\u015f\u0131yan bu bileklik, kararl\u0131 ve mask\u00fclen bir duru\u015fun sembol\u00fcd\u00fcr. Negatif enerjiyi uzakla\u015ft\u0131rmaya yard\u0131mc\u0131 olurken, odaklanma ve i\u00e7sel g\u00fcc\u00fc destekler. Siyah\u0131n asaleti ile alt\u0131n detaylar\u0131n birle\u015fimi, stiline zamans\u0131z ve g\u00fc\u00e7l\u00fc bir imza atar.\" \/>\n<meta property=\"og:url\" content=\"https:\/\/astrologelvan.com\/magaza\/urun\/onix-dogaltas-deri-erkek-bileklik\/\" \/>\n<meta property=\"og:site_name\" content=\"Astrolog Elvan\" \/>\n<meta property=\"article:modified_time\" content=\"2026-02-13T12:10:45+00:00\" \/>\n<meta property=\"og:image\" content=\"https:\/\/astrologelvan.com\/magaza\/wp-content\/uploads\/2026\/02\/ChatGPT-Image-2-Sub-2026-17_36_41.png\" \/>\n\t<meta property=\"og:image:width\" content=\"1020\" \/>\n\t<meta property=\"og:image:height\" content=\"1530\" \/>\n\t<meta property=\"og:image:type\" content=\"image\/png\" \/>\n<meta name=\"twitter:card\" content=\"summary_large_image\" \/>\n<meta name=\"twitter:label1\" content=\"Tahmini okuma s\u00fcresi\" \/>\n\t<meta name=\"twitter:data1\" content=\"1 dakika\" \/>\n<script type=\"application\/ld+json\" class=\"yoast-schema-graph\">{\"@context\":\"https:\\\/\\\/schema.org\",\"@graph\":[{\"@type\":[\"WebPage\",\"ItemPage\"],\"@id\":\"https:\\\/\\\/astrologelvan.com\\\/magaza\\\/urun\\\/onix-dogaltas-deri-erkek-bileklik\\\/\",\"url\":\"https:\\\/\\\/astrologelvan.com\\\/magaza\\\/urun\\\/onix-dogaltas-deri-erkek-bileklik\\\/\",\"name\":\"Oniks Do\u011fal Ta\u015fl\u0131 Deri Erkek Bileklik\u00a0 - Astrolog Elvan\",\"isPartOf\":{\"@id\":\"https:\\\/\\\/astrologelvan.com\\\/magaza\\\/#website\"},\"primaryImageOfPage\":{\"@id\":\"https:\\\/\\\/astrologelvan.com\\\/magaza\\\/urun\\\/onix-dogaltas-deri-erkek-bileklik\\\/#primaryimage\"},\"image\":{\"@id\":\"https:\\\/\\\/astrologelvan.com\\\/magaza\\\/urun\\\/onix-dogaltas-deri-erkek-bileklik\\\/#primaryimage\"},\"thumbnailUrl\":\"https:\\\/\\\/astrologelvan.com\\\/magaza\\\/wp-content\\\/uploads\\\/2026\\\/02\\\/ChatGPT-Image-2-Sub-2026-17_36_41.png\",\"datePublished\":\"2026-02-02T14:55:23+00:00\",\"dateModified\":\"2026-02-13T12:10:45+00:00\",\"breadcrumb\":{\"@id\":\"https:\\\/\\\/astrologelvan.com\\\/magaza\\\/urun\\\/onix-dogaltas-deri-erkek-bileklik\\\/#breadcrumb\"},\"inLanguage\":\"tr\",\"potentialAction\":[{\"@type\":\"ReadAction\",\"target\":[\"https:\\\/\\\/astrologelvan.com\\\/magaza\\\/urun\\\/onix-dogaltas-deri-erkek-bileklik\\\/\"]}]},{\"@type\":\"ImageObject\",\"inLanguage\":\"tr\",\"@id\":\"https:\\\/\\\/astrologelvan.com\\\/magaza\\\/urun\\\/onix-dogaltas-deri-erkek-bileklik\\\/#primaryimage\",\"url\":\"https:\\\/\\\/astrologelvan.com\\\/magaza\\\/wp-content\\\/uploads\\\/2026\\\/02\\\/ChatGPT-Image-2-Sub-2026-17_36_41.png\",\"contentUrl\":\"https:\\\/\\\/astrologelvan.com\\\/magaza\\\/wp-content\\\/uploads\\\/2026\\\/02\\\/ChatGPT-Image-2-Sub-2026-17_36_41.png\",\"width\":1024,\"height\":1536},{\"@type\":\"BreadcrumbList\",\"@id\":\"https:\\\/\\\/astrologelvan.com\\\/magaza\\\/urun\\\/onix-dogaltas-deri-erkek-bileklik\\\/#breadcrumb\",\"itemListElement\":[{\"@type\":\"ListItem\",\"position\":1,\"name\":\"Anasayfa\",\"item\":\"https:\\\/\\\/astrologelvan.com\\\/magaza\\\/\"},{\"@type\":\"ListItem\",\"position\":2,\"name\":\"Ma\u011faza\",\"item\":\"https:\\\/\\\/astrologelvan.com\\\/magaza\\\/magaza\\\/\"},{\"@type\":\"ListItem\",\"position\":3,\"name\":\"Oniks Do\u011fal Ta\u015fl\u0131 Deri Erkek Bileklik\u00a0\"}]},{\"@type\":\"WebSite\",\"@id\":\"https:\\\/\\\/astrologelvan.com\\\/magaza\\\/#website\",\"url\":\"https:\\\/\\\/astrologelvan.com\\\/magaza\\\/\",\"name\":\"Astrolog Elvan\",\"description\":\"\",\"potentialAction\":[{\"@type\":\"SearchAction\",\"target\":{\"@type\":\"EntryPoint\",\"urlTemplate\":\"https:\\\/\\\/astrologelvan.com\\\/magaza\\\/?s={search_term_string}\"},\"query-input\":{\"@type\":\"PropertyValueSpecification\",\"valueRequired\":true,\"valueName\":\"search_term_string\"}}],\"inLanguage\":\"tr\"}]}<\/script>\n<!-- \/ Yoast SEO plugin. -->","yoast_head_json":{"title":"Oniks Do\u011fal Ta\u015fl\u0131 Deri Erkek Bileklik\u00a0 - Astrolog Elvan","robots":{"index":"index","follow":"follow","max-snippet":"max-snippet:-1","max-image-preview":"max-image-preview:large","max-video-preview":"max-video-preview:-1"},"canonical":"https:\/\/astrologelvan.com\/magaza\/urun\/onix-dogaltas-deri-erkek-bileklik\/","og_locale":"tr_TR","og_type":"article","og_title":"Oniks Do\u011fal Ta\u015fl\u0131 Deri Erkek Bileklik\u00a0 - Astrolog Elvan","og_description":"Oniks ta\u015f\u0131n\u0131n g\u00fc\u00e7l\u00fc koruma ve denge enerjisini ta\u015f\u0131yan bu bileklik, kararl\u0131 ve mask\u00fclen bir duru\u015fun sembol\u00fcd\u00fcr. Negatif enerjiyi uzakla\u015ft\u0131rmaya yard\u0131mc\u0131 olurken, odaklanma ve i\u00e7sel g\u00fcc\u00fc destekler. Siyah\u0131n asaleti ile alt\u0131n detaylar\u0131n birle\u015fimi, stiline zamans\u0131z ve g\u00fc\u00e7l\u00fc bir imza atar.","og_url":"https:\/\/astrologelvan.com\/magaza\/urun\/onix-dogaltas-deri-erkek-bileklik\/","og_site_name":"Astrolog Elvan","article_modified_time":"2026-02-13T12:10:45+00:00","og_image":[{"url":"https:\/\/astrologelvan.com\/magaza\/wp-content\/uploads\/2026\/02\/ChatGPT-Image-2-Sub-2026-17_36_41.png","width":1020,"height":1530,"type":"image\/png"}],"twitter_card":"summary_large_image","twitter_misc":{"Tahmini okuma s\u00fcresi":"1 dakika"},"schema":{"@context":"https:\/\/schema.org","@graph":[{"@type":["WebPage","ItemPage"],"@id":"https:\/\/astrologelvan.com\/magaza\/urun\/onix-dogaltas-deri-erkek-bileklik\/","url":"https:\/\/astrologelvan.com\/magaza\/urun\/onix-dogaltas-deri-erkek-bileklik\/","name":"Oniks Do\u011fal Ta\u015fl\u0131 Deri Erkek Bileklik\u00a0 - Astrolog Elvan","isPartOf":{"@id":"https:\/\/astrologelvan.com\/magaza\/#website"},"primaryImageOfPage":{"@id":"https:\/\/astrologelvan.com\/magaza\/urun\/onix-dogaltas-deri-erkek-bileklik\/#primaryimage"},"image":{"@id":"https:\/\/astrologelvan.com\/magaza\/urun\/onix-dogaltas-deri-erkek-bileklik\/#primaryimage"},"thumbnailUrl":"https:\/\/astrologelvan.com\/magaza\/wp-content\/uploads\/2026\/02\/ChatGPT-Image-2-Sub-2026-17_36_41.png","datePublished":"2026-02-02T14:55:23+00:00","dateModified":"2026-02-13T12:10:45+00:00","breadcrumb":{"@id":"https:\/\/astrologelvan.com\/magaza\/urun\/onix-dogaltas-deri-erkek-bileklik\/#breadcrumb"},"inLanguage":"tr","potentialAction":[{"@type":"ReadAction","target":["https:\/\/astrologelvan.com\/magaza\/urun\/onix-dogaltas-deri-erkek-bileklik\/"]}]},{"@type":"ImageObject","inLanguage":"tr","@id":"https:\/\/astrologelvan.com\/magaza\/urun\/onix-dogaltas-deri-erkek-bileklik\/#primaryimage","url":"https:\/\/astrologelvan.com\/magaza\/wp-content\/uploads\/2026\/02\/ChatGPT-Image-2-Sub-2026-17_36_41.png","contentUrl":"https:\/\/astrologelvan.com\/magaza\/wp-content\/uploads\/2026\/02\/ChatGPT-Image-2-Sub-2026-17_36_41.png","width":1024,"height":1536},{"@type":"BreadcrumbList","@id":"https:\/\/astrologelvan.com\/magaza\/urun\/onix-dogaltas-deri-erkek-bileklik\/#breadcrumb","itemListElement":[{"@type":"ListItem","position":1,"name":"Anasayfa","item":"https:\/\/astrologelvan.com\/magaza\/"},{"@type":"ListItem","position":2,"name":"Ma\u011faza","item":"https:\/\/astrologelvan.com\/magaza\/magaza\/"},{"@type":"ListItem","position":3,"name":"Oniks Do\u011fal Ta\u015fl\u0131 Deri Erkek Bileklik\u00a0"}]},{"@type":"WebSite","@id":"https:\/\/astrologelvan.com\/magaza\/#website","url":"https:\/\/astrologelvan.com\/magaza\/","name":"Astrolog Elvan","description":"","potentialAction":[{"@type":"SearchAction","target":{"@type":"EntryPoint","urlTemplate":"https:\/\/astrologelvan.com\/magaza\/?s={search_term_string}"},"query-input":{"@type":"PropertyValueSpecification","valueRequired":true,"valueName":"search_term_string"}}],"inLanguage":"tr"}]}},"_links":{"self":[{"href":"https:\/\/astrologelvan.com\/magaza\/wp-json\/wp\/v2\/product\/152953","targetHints":{"allow":["GET"]}}],"collection":[{"href":"https:\/\/astrologelvan.com\/magaza\/wp-json\/wp\/v2\/product"}],"about":[{"href":"https:\/\/astrologelvan.com\/magaza\/wp-json\/wp\/v2\/types\/product"}],"replies":[{"embeddable":true,"href":"https:\/\/astrologelvan.com\/magaza\/wp-json\/wp\/v2\/comments?post=152953"}],"wp:featuredmedia":[{"embeddable":true,"href":"https:\/\/astrologelvan.com\/magaza\/wp-json\/wp\/v2\/media\/152955"}],"wp:attachment":[{"href":"https:\/\/astrologelvan.com\/magaza\/wp-json\/wp\/v2\/media?parent=152953"}],"wp:term":[{"taxonomy":"product_brand","embeddable":true,"href":"https:\/\/astrologelvan.com\/magaza\/wp-json\/wp\/v2\/product_brand?post=152953"},{"taxonomy":"product_cat","embeddable":true,"href":"https:\/\/astrologelvan.com\/magaza\/wp-json\/wp\/v2\/product_cat?post=152953"},{"taxonomy":"product_tag","embeddable":true,"href":"https:\/\/astrologelvan.com\/magaza\/wp-json\/wp\/v2\/product_tag?post=152953"}],"curies":[{"name":"wp","href":"https:\/\/api.w.org\/{rel}","templated":true}]}}