{"id":152950,"date":"2026-02-02T17:52:40","date_gmt":"2026-02-02T14:52:40","guid":{"rendered":"https:\/\/astrologelvan.com\/magaza\/?post_type=product&#038;p=152950"},"modified":"2026-02-25T18:48:14","modified_gmt":"2026-02-25T15:48:14","slug":"siyah-deri-modern-erkek-bileklik-2026","status":"publish","type":"product","link":"https:\/\/astrologelvan.com\/magaza\/urun\/siyah-deri-modern-erkek-bileklik-2026\/","title":{"rendered":"Siyah Deri Erkek Bileklik\u00a0"},"content":{"rendered":"","protected":false},"excerpt":{"rendered":"<div>Modern ve mask\u00fclen tarz\u0131 bir araya getiren \u00c7elik Tokal\u0131 Siyah Deri Erkek Bileklik, g\u00fcnl\u00fck kullan\u0131ma uygun \u015f\u0131k tasar\u0131m\u0131yla erkek stilinin tamamlay\u0131c\u0131 par\u00e7as\u0131d\u0131r. Siyah deri dokusu ve paslanmaz \u00e7elik detaylar\u0131 sayesinde hem spor hem klasik kombinlerle rahatl\u0131kla uyum sa\u011flar.<\/div>\n<div>Kaliteli malzemelerle \u00fcretilmi\u015f olan bu erkek bileklik, dayan\u0131kl\u0131 yap\u0131s\u0131 ve konforlu kullan\u0131m\u0131yla uzun s\u00fcreli kullan\u0131m sunar. Minimal tasar\u0131m\u0131 sayesinde zamans\u0131z bir \u015f\u0131kl\u0131k arayanlar i\u00e7in idealdir.<\/div>\n<div><\/div>\n<div><em><strong>Sevgiliye, e\u015fe veya \u00f6zel g\u00fcnler i\u00e7in \u015f\u0131k bir hediye alternatifi<\/strong><\/em><\/div>\n","protected":false},"featured_media":152951,"comment_status":"open","ping_status":"closed","template":"","meta":[],"product_brand":[596],"product_cat":[508],"product_tag":[],"class_list":{"0":"post-152950","1":"product","2":"type-product","3":"status-publish","4":"has-post-thumbnail","6":"product_brand-astrolog-elvan","7":"product_cat-erkek-bileklikler","9":"first","10":"instock","11":"taxable","12":"shipping-taxable","13":"purchasable","14":"product-type-simple"},"yoast_head":"<!-- This site is optimized with the Yoast SEO plugin v27.3 - https:\/\/yoast.com\/product\/yoast-seo-wordpress\/ -->\n<title>Siyah Deri Erkek Bileklik\u00a0 - Astrolog Elvan<\/title>\n<meta name=\"robots\" content=\"index, follow, max-snippet:-1, max-image-preview:large, max-video-preview:-1\" \/>\n<link rel=\"canonical\" href=\"https:\/\/astrologelvan.com\/magaza\/urun\/siyah-deri-modern-erkek-bileklik-2026\/\" \/>\n<meta property=\"og:locale\" content=\"tr_TR\" \/>\n<meta property=\"og:type\" content=\"article\" \/>\n<meta property=\"og:title\" content=\"Siyah Deri Erkek Bileklik\u00a0 - Astrolog Elvan\" \/>\n<meta property=\"og:description\" content=\"Modern ve mask\u00fclen tarz\u0131 bir araya getiren \u00c7elik Tokal\u0131 Siyah Deri Erkek Bileklik, g\u00fcnl\u00fck kullan\u0131ma uygun \u015f\u0131k tasar\u0131m\u0131yla erkek stilinin tamamlay\u0131c\u0131 par\u00e7as\u0131d\u0131r. Siyah deri dokusu ve paslanmaz \u00e7elik detaylar\u0131 sayesinde hem spor hem klasik kombinlerle rahatl\u0131kla uyum sa\u011flar. Kaliteli malzemelerle \u00fcretilmi\u015f olan bu erkek bileklik, dayan\u0131kl\u0131 yap\u0131s\u0131 ve konforlu kullan\u0131m\u0131yla uzun s\u00fcreli kullan\u0131m sunar. Minimal tasar\u0131m\u0131 sayesinde zamans\u0131z bir \u015f\u0131kl\u0131k arayanlar i\u00e7in idealdir.  Sevgiliye, e\u015fe veya \u00f6zel g\u00fcnler i\u00e7in \u015f\u0131k bir hediye alternatifi\" \/>\n<meta property=\"og:url\" content=\"https:\/\/astrologelvan.com\/magaza\/urun\/siyah-deri-modern-erkek-bileklik-2026\/\" \/>\n<meta property=\"og:site_name\" content=\"Astrolog Elvan\" \/>\n<meta property=\"article:modified_time\" content=\"2026-02-25T15:48:14+00:00\" \/>\n<meta property=\"og:image\" content=\"https:\/\/astrologelvan.com\/magaza\/wp-content\/uploads\/2026\/02\/Bileklik.jpg\" \/>\n\t<meta property=\"og:image:width\" content=\"1024\" \/>\n\t<meta property=\"og:image:height\" content=\"1536\" \/>\n\t<meta property=\"og:image:type\" content=\"image\/jpeg\" \/>\n<meta name=\"twitter:card\" content=\"summary_large_image\" \/>\n<meta name=\"twitter:label1\" content=\"Tahmini okuma s\u00fcresi\" \/>\n\t<meta name=\"twitter:data1\" content=\"1 dakika\" \/>\n<script type=\"application\/ld+json\" class=\"yoast-schema-graph\">{\"@context\":\"https:\\\/\\\/schema.org\",\"@graph\":[{\"@type\":[\"WebPage\",\"ItemPage\"],\"@id\":\"https:\\\/\\\/astrologelvan.com\\\/magaza\\\/urun\\\/siyah-deri-modern-erkek-bileklik-2026\\\/\",\"url\":\"https:\\\/\\\/astrologelvan.com\\\/magaza\\\/urun\\\/siyah-deri-modern-erkek-bileklik-2026\\\/\",\"name\":\"Siyah Deri Erkek Bileklik\u00a0 - Astrolog Elvan\",\"isPartOf\":{\"@id\":\"https:\\\/\\\/astrologelvan.com\\\/magaza\\\/#website\"},\"primaryImageOfPage\":{\"@id\":\"https:\\\/\\\/astrologelvan.com\\\/magaza\\\/urun\\\/siyah-deri-modern-erkek-bileklik-2026\\\/#primaryimage\"},\"image\":{\"@id\":\"https:\\\/\\\/astrologelvan.com\\\/magaza\\\/urun\\\/siyah-deri-modern-erkek-bileklik-2026\\\/#primaryimage\"},\"thumbnailUrl\":\"https:\\\/\\\/astrologelvan.com\\\/magaza\\\/wp-content\\\/uploads\\\/2026\\\/02\\\/Bileklik.jpg\",\"datePublished\":\"2026-02-02T14:52:40+00:00\",\"dateModified\":\"2026-02-25T15:48:14+00:00\",\"breadcrumb\":{\"@id\":\"https:\\\/\\\/astrologelvan.com\\\/magaza\\\/urun\\\/siyah-deri-modern-erkek-bileklik-2026\\\/#breadcrumb\"},\"inLanguage\":\"tr\",\"potentialAction\":[{\"@type\":\"ReadAction\",\"target\":[\"https:\\\/\\\/astrologelvan.com\\\/magaza\\\/urun\\\/siyah-deri-modern-erkek-bileklik-2026\\\/\"]}]},{\"@type\":\"ImageObject\",\"inLanguage\":\"tr\",\"@id\":\"https:\\\/\\\/astrologelvan.com\\\/magaza\\\/urun\\\/siyah-deri-modern-erkek-bileklik-2026\\\/#primaryimage\",\"url\":\"https:\\\/\\\/astrologelvan.com\\\/magaza\\\/wp-content\\\/uploads\\\/2026\\\/02\\\/Bileklik.jpg\",\"contentUrl\":\"https:\\\/\\\/astrologelvan.com\\\/magaza\\\/wp-content\\\/uploads\\\/2026\\\/02\\\/Bileklik.jpg\",\"width\":1024,\"height\":1536},{\"@type\":\"BreadcrumbList\",\"@id\":\"https:\\\/\\\/astrologelvan.com\\\/magaza\\\/urun\\\/siyah-deri-modern-erkek-bileklik-2026\\\/#breadcrumb\",\"itemListElement\":[{\"@type\":\"ListItem\",\"position\":1,\"name\":\"Anasayfa\",\"item\":\"https:\\\/\\\/astrologelvan.com\\\/magaza\\\/\"},{\"@type\":\"ListItem\",\"position\":2,\"name\":\"Ma\u011faza\",\"item\":\"https:\\\/\\\/astrologelvan.com\\\/magaza\\\/magaza\\\/\"},{\"@type\":\"ListItem\",\"position\":3,\"name\":\"Siyah Deri Erkek Bileklik\u00a0\"}]},{\"@type\":\"WebSite\",\"@id\":\"https:\\\/\\\/astrologelvan.com\\\/magaza\\\/#website\",\"url\":\"https:\\\/\\\/astrologelvan.com\\\/magaza\\\/\",\"name\":\"Astrolog Elvan\",\"description\":\"\",\"potentialAction\":[{\"@type\":\"SearchAction\",\"target\":{\"@type\":\"EntryPoint\",\"urlTemplate\":\"https:\\\/\\\/astrologelvan.com\\\/magaza\\\/?s={search_term_string}\"},\"query-input\":{\"@type\":\"PropertyValueSpecification\",\"valueRequired\":true,\"valueName\":\"search_term_string\"}}],\"inLanguage\":\"tr\"}]}<\/script>\n<!-- \/ Yoast SEO plugin. -->","yoast_head_json":{"title":"Siyah Deri Erkek Bileklik\u00a0 - Astrolog Elvan","robots":{"index":"index","follow":"follow","max-snippet":"max-snippet:-1","max-image-preview":"max-image-preview:large","max-video-preview":"max-video-preview:-1"},"canonical":"https:\/\/astrologelvan.com\/magaza\/urun\/siyah-deri-modern-erkek-bileklik-2026\/","og_locale":"tr_TR","og_type":"article","og_title":"Siyah Deri Erkek Bileklik\u00a0 - Astrolog Elvan","og_description":"Modern ve mask\u00fclen tarz\u0131 bir araya getiren \u00c7elik Tokal\u0131 Siyah Deri Erkek Bileklik, g\u00fcnl\u00fck kullan\u0131ma uygun \u015f\u0131k tasar\u0131m\u0131yla erkek stilinin tamamlay\u0131c\u0131 par\u00e7as\u0131d\u0131r. Siyah deri dokusu ve paslanmaz \u00e7elik detaylar\u0131 sayesinde hem spor hem klasik kombinlerle rahatl\u0131kla uyum sa\u011flar. Kaliteli malzemelerle \u00fcretilmi\u015f olan bu erkek bileklik, dayan\u0131kl\u0131 yap\u0131s\u0131 ve konforlu kullan\u0131m\u0131yla uzun s\u00fcreli kullan\u0131m sunar. Minimal tasar\u0131m\u0131 sayesinde zamans\u0131z bir \u015f\u0131kl\u0131k arayanlar i\u00e7in idealdir.  Sevgiliye, e\u015fe veya \u00f6zel g\u00fcnler i\u00e7in \u015f\u0131k bir hediye alternatifi","og_url":"https:\/\/astrologelvan.com\/magaza\/urun\/siyah-deri-modern-erkek-bileklik-2026\/","og_site_name":"Astrolog Elvan","article_modified_time":"2026-02-25T15:48:14+00:00","og_image":[{"width":1024,"height":1536,"url":"https:\/\/astrologelvan.com\/magaza\/wp-content\/uploads\/2026\/02\/Bileklik.jpg","type":"image\/jpeg"}],"twitter_card":"summary_large_image","twitter_misc":{"Tahmini okuma s\u00fcresi":"1 dakika"},"schema":{"@context":"https:\/\/schema.org","@graph":[{"@type":["WebPage","ItemPage"],"@id":"https:\/\/astrologelvan.com\/magaza\/urun\/siyah-deri-modern-erkek-bileklik-2026\/","url":"https:\/\/astrologelvan.com\/magaza\/urun\/siyah-deri-modern-erkek-bileklik-2026\/","name":"Siyah Deri Erkek Bileklik\u00a0 - Astrolog Elvan","isPartOf":{"@id":"https:\/\/astrologelvan.com\/magaza\/#website"},"primaryImageOfPage":{"@id":"https:\/\/astrologelvan.com\/magaza\/urun\/siyah-deri-modern-erkek-bileklik-2026\/#primaryimage"},"image":{"@id":"https:\/\/astrologelvan.com\/magaza\/urun\/siyah-deri-modern-erkek-bileklik-2026\/#primaryimage"},"thumbnailUrl":"https:\/\/astrologelvan.com\/magaza\/wp-content\/uploads\/2026\/02\/Bileklik.jpg","datePublished":"2026-02-02T14:52:40+00:00","dateModified":"2026-02-25T15:48:14+00:00","breadcrumb":{"@id":"https:\/\/astrologelvan.com\/magaza\/urun\/siyah-deri-modern-erkek-bileklik-2026\/#breadcrumb"},"inLanguage":"tr","potentialAction":[{"@type":"ReadAction","target":["https:\/\/astrologelvan.com\/magaza\/urun\/siyah-deri-modern-erkek-bileklik-2026\/"]}]},{"@type":"ImageObject","inLanguage":"tr","@id":"https:\/\/astrologelvan.com\/magaza\/urun\/siyah-deri-modern-erkek-bileklik-2026\/#primaryimage","url":"https:\/\/astrologelvan.com\/magaza\/wp-content\/uploads\/2026\/02\/Bileklik.jpg","contentUrl":"https:\/\/astrologelvan.com\/magaza\/wp-content\/uploads\/2026\/02\/Bileklik.jpg","width":1024,"height":1536},{"@type":"BreadcrumbList","@id":"https:\/\/astrologelvan.com\/magaza\/urun\/siyah-deri-modern-erkek-bileklik-2026\/#breadcrumb","itemListElement":[{"@type":"ListItem","position":1,"name":"Anasayfa","item":"https:\/\/astrologelvan.com\/magaza\/"},{"@type":"ListItem","position":2,"name":"Ma\u011faza","item":"https:\/\/astrologelvan.com\/magaza\/magaza\/"},{"@type":"ListItem","position":3,"name":"Siyah Deri Erkek Bileklik\u00a0"}]},{"@type":"WebSite","@id":"https:\/\/astrologelvan.com\/magaza\/#website","url":"https:\/\/astrologelvan.com\/magaza\/","name":"Astrolog Elvan","description":"","potentialAction":[{"@type":"SearchAction","target":{"@type":"EntryPoint","urlTemplate":"https:\/\/astrologelvan.com\/magaza\/?s={search_term_string}"},"query-input":{"@type":"PropertyValueSpecification","valueRequired":true,"valueName":"search_term_string"}}],"inLanguage":"tr"}]}},"_links":{"self":[{"href":"https:\/\/astrologelvan.com\/magaza\/wp-json\/wp\/v2\/product\/152950","targetHints":{"allow":["GET"]}}],"collection":[{"href":"https:\/\/astrologelvan.com\/magaza\/wp-json\/wp\/v2\/product"}],"about":[{"href":"https:\/\/astrologelvan.com\/magaza\/wp-json\/wp\/v2\/types\/product"}],"replies":[{"embeddable":true,"href":"https:\/\/astrologelvan.com\/magaza\/wp-json\/wp\/v2\/comments?post=152950"}],"wp:featuredmedia":[{"embeddable":true,"href":"https:\/\/astrologelvan.com\/magaza\/wp-json\/wp\/v2\/media\/152951"}],"wp:attachment":[{"href":"https:\/\/astrologelvan.com\/magaza\/wp-json\/wp\/v2\/media?parent=152950"}],"wp:term":[{"taxonomy":"product_brand","embeddable":true,"href":"https:\/\/astrologelvan.com\/magaza\/wp-json\/wp\/v2\/product_brand?post=152950"},{"taxonomy":"product_cat","embeddable":true,"href":"https:\/\/astrologelvan.com\/magaza\/wp-json\/wp\/v2\/product_cat?post=152950"},{"taxonomy":"product_tag","embeddable":true,"href":"https:\/\/astrologelvan.com\/magaza\/wp-json\/wp\/v2\/product_tag?post=152950"}],"curies":[{"name":"wp","href":"https:\/\/api.w.org\/{rel}","templated":true}]}}