{"id":152947,"date":"2026-02-02T17:51:41","date_gmt":"2026-02-02T14:51:41","guid":{"rendered":"https:\/\/astrologelvan.com\/magaza\/?post_type=product&#038;p=152947"},"modified":"2026-02-18T18:00:36","modified_gmt":"2026-02-18T15:00:36","slug":"celik-tokali-modern-erkek-bileklik","status":"publish","type":"product","link":"https:\/\/astrologelvan.com\/magaza\/urun\/celik-tokali-modern-erkek-bileklik\/","title":{"rendered":"\u00c7elik Tokal\u0131 Modern Erkek Bileklik"},"content":{"rendered":"","protected":false},"excerpt":{"rendered":"<div>Modern erke\u011fin stil anlay\u0131\u015f\u0131ndan ilham al\u0131narak tasarlanan <strong>\u00c7elik Tokal\u0131 Modern Erkek Bileklik<\/strong>, sade ama g\u00fc\u00e7l\u00fc duru\u015fuyla g\u00fcnl\u00fck kombinlere mask\u00fclen bir karakter kazand\u0131r\u0131r. Siyah deri dokusu ve metal detaylar\u0131n uyumu, bileklikte zamans\u0131z bir \u015f\u0131kl\u0131k sunar.<\/div>\n<div>Minimal \u00e7izgileri sayesinde hem spor hem klasik kombinlerle rahatl\u0131kla kullan\u0131labilir. Dayan\u0131kl\u0131 yap\u0131s\u0131 ve kaliteli malzemeleriyle uzun s\u00fcreli kullan\u0131m i\u00e7in idealdir.<\/div>\n<div>\u00dcr\u00fcn\u00a0 \u00d6zellikleri<\/div>\n<div>\u2022\u2060 Y\u00fcksek kaliteli siyah deri<\/div>\n<div>\u2022 Paslanmaz \u00e7elik toka<\/div>\n","protected":false},"featured_media":152949,"comment_status":"open","ping_status":"closed","template":"","meta":[],"product_brand":[596],"product_cat":[508],"product_tag":[],"class_list":{"0":"post-152947","1":"product","2":"type-product","3":"status-publish","4":"has-post-thumbnail","6":"product_brand-astrolog-elvan","7":"product_cat-erkek-bileklikler","9":"first","10":"instock","11":"taxable","12":"shipping-taxable","13":"purchasable","14":"product-type-simple"},"yoast_head":"<!-- This site is optimized with the Yoast SEO plugin v27.3 - https:\/\/yoast.com\/product\/yoast-seo-wordpress\/ -->\n<title>\u00c7elik Tokal\u0131 Modern Erkek Bileklik - Astrolog Elvan<\/title>\n<meta name=\"robots\" content=\"index, follow, max-snippet:-1, max-image-preview:large, max-video-preview:-1\" \/>\n<link rel=\"canonical\" href=\"https:\/\/astrologelvan.com\/magaza\/urun\/celik-tokali-modern-erkek-bileklik\/\" \/>\n<meta property=\"og:locale\" content=\"tr_TR\" \/>\n<meta property=\"og:type\" content=\"article\" \/>\n<meta property=\"og:title\" content=\"\u00c7elik Tokal\u0131 Modern Erkek Bileklik - Astrolog Elvan\" \/>\n<meta property=\"og:description\" content=\"Modern erke\u011fin stil anlay\u0131\u015f\u0131ndan ilham al\u0131narak tasarlanan \u00c7elik Tokal\u0131 Modern Erkek Bileklik, sade ama g\u00fc\u00e7l\u00fc duru\u015fuyla g\u00fcnl\u00fck kombinlere mask\u00fclen bir karakter kazand\u0131r\u0131r. Siyah deri dokusu ve metal detaylar\u0131n uyumu, bileklikte zamans\u0131z bir \u015f\u0131kl\u0131k sunar. Minimal \u00e7izgileri sayesinde hem spor hem klasik kombinlerle rahatl\u0131kla kullan\u0131labilir. Dayan\u0131kl\u0131 yap\u0131s\u0131 ve kaliteli malzemeleriyle uzun s\u00fcreli kullan\u0131m i\u00e7in idealdir. \u00dcr\u00fcn\u00a0 \u00d6zellikleri \u2022\u2060 Y\u00fcksek kaliteli siyah deri \u2022 Paslanmaz \u00e7elik toka\" \/>\n<meta property=\"og:url\" content=\"https:\/\/astrologelvan.com\/magaza\/urun\/celik-tokali-modern-erkek-bileklik\/\" \/>\n<meta property=\"og:site_name\" content=\"Astrolog Elvan\" \/>\n<meta property=\"article:modified_time\" content=\"2026-02-18T15:00:36+00:00\" \/>\n<meta property=\"og:image\" content=\"https:\/\/astrologelvan.com\/magaza\/wp-content\/uploads\/2026\/02\/Celik-tokali.png\" \/>\n\t<meta property=\"og:image:width\" content=\"1020\" \/>\n\t<meta property=\"og:image:height\" content=\"1530\" \/>\n\t<meta property=\"og:image:type\" content=\"image\/png\" \/>\n<meta name=\"twitter:card\" content=\"summary_large_image\" \/>\n<meta name=\"twitter:label1\" content=\"Tahmini okuma s\u00fcresi\" \/>\n\t<meta name=\"twitter:data1\" content=\"1 dakika\" \/>\n<script type=\"application\/ld+json\" class=\"yoast-schema-graph\">{\"@context\":\"https:\\\/\\\/schema.org\",\"@graph\":[{\"@type\":[\"WebPage\",\"ItemPage\"],\"@id\":\"https:\\\/\\\/astrologelvan.com\\\/magaza\\\/urun\\\/celik-tokali-modern-erkek-bileklik\\\/\",\"url\":\"https:\\\/\\\/astrologelvan.com\\\/magaza\\\/urun\\\/celik-tokali-modern-erkek-bileklik\\\/\",\"name\":\"\u00c7elik Tokal\u0131 Modern Erkek Bileklik - Astrolog Elvan\",\"isPartOf\":{\"@id\":\"https:\\\/\\\/astrologelvan.com\\\/magaza\\\/#website\"},\"primaryImageOfPage\":{\"@id\":\"https:\\\/\\\/astrologelvan.com\\\/magaza\\\/urun\\\/celik-tokali-modern-erkek-bileklik\\\/#primaryimage\"},\"image\":{\"@id\":\"https:\\\/\\\/astrologelvan.com\\\/magaza\\\/urun\\\/celik-tokali-modern-erkek-bileklik\\\/#primaryimage\"},\"thumbnailUrl\":\"https:\\\/\\\/astrologelvan.com\\\/magaza\\\/wp-content\\\/uploads\\\/2026\\\/02\\\/Celik-tokali.png\",\"datePublished\":\"2026-02-02T14:51:41+00:00\",\"dateModified\":\"2026-02-18T15:00:36+00:00\",\"breadcrumb\":{\"@id\":\"https:\\\/\\\/astrologelvan.com\\\/magaza\\\/urun\\\/celik-tokali-modern-erkek-bileklik\\\/#breadcrumb\"},\"inLanguage\":\"tr\",\"potentialAction\":[{\"@type\":\"ReadAction\",\"target\":[\"https:\\\/\\\/astrologelvan.com\\\/magaza\\\/urun\\\/celik-tokali-modern-erkek-bileklik\\\/\"]}]},{\"@type\":\"ImageObject\",\"inLanguage\":\"tr\",\"@id\":\"https:\\\/\\\/astrologelvan.com\\\/magaza\\\/urun\\\/celik-tokali-modern-erkek-bileklik\\\/#primaryimage\",\"url\":\"https:\\\/\\\/astrologelvan.com\\\/magaza\\\/wp-content\\\/uploads\\\/2026\\\/02\\\/Celik-tokali.png\",\"contentUrl\":\"https:\\\/\\\/astrologelvan.com\\\/magaza\\\/wp-content\\\/uploads\\\/2026\\\/02\\\/Celik-tokali.png\",\"width\":1024,\"height\":1536},{\"@type\":\"BreadcrumbList\",\"@id\":\"https:\\\/\\\/astrologelvan.com\\\/magaza\\\/urun\\\/celik-tokali-modern-erkek-bileklik\\\/#breadcrumb\",\"itemListElement\":[{\"@type\":\"ListItem\",\"position\":1,\"name\":\"Anasayfa\",\"item\":\"https:\\\/\\\/astrologelvan.com\\\/magaza\\\/\"},{\"@type\":\"ListItem\",\"position\":2,\"name\":\"Ma\u011faza\",\"item\":\"https:\\\/\\\/astrologelvan.com\\\/magaza\\\/magaza\\\/\"},{\"@type\":\"ListItem\",\"position\":3,\"name\":\"\u00c7elik Tokal\u0131 Modern Erkek Bileklik\"}]},{\"@type\":\"WebSite\",\"@id\":\"https:\\\/\\\/astrologelvan.com\\\/magaza\\\/#website\",\"url\":\"https:\\\/\\\/astrologelvan.com\\\/magaza\\\/\",\"name\":\"Astrolog Elvan\",\"description\":\"\",\"potentialAction\":[{\"@type\":\"SearchAction\",\"target\":{\"@type\":\"EntryPoint\",\"urlTemplate\":\"https:\\\/\\\/astrologelvan.com\\\/magaza\\\/?s={search_term_string}\"},\"query-input\":{\"@type\":\"PropertyValueSpecification\",\"valueRequired\":true,\"valueName\":\"search_term_string\"}}],\"inLanguage\":\"tr\"}]}<\/script>\n<!-- \/ Yoast SEO plugin. -->","yoast_head_json":{"title":"\u00c7elik Tokal\u0131 Modern Erkek Bileklik - Astrolog Elvan","robots":{"index":"index","follow":"follow","max-snippet":"max-snippet:-1","max-image-preview":"max-image-preview:large","max-video-preview":"max-video-preview:-1"},"canonical":"https:\/\/astrologelvan.com\/magaza\/urun\/celik-tokali-modern-erkek-bileklik\/","og_locale":"tr_TR","og_type":"article","og_title":"\u00c7elik Tokal\u0131 Modern Erkek Bileklik - Astrolog Elvan","og_description":"Modern erke\u011fin stil anlay\u0131\u015f\u0131ndan ilham al\u0131narak tasarlanan \u00c7elik Tokal\u0131 Modern Erkek Bileklik, sade ama g\u00fc\u00e7l\u00fc duru\u015fuyla g\u00fcnl\u00fck kombinlere mask\u00fclen bir karakter kazand\u0131r\u0131r. Siyah deri dokusu ve metal detaylar\u0131n uyumu, bileklikte zamans\u0131z bir \u015f\u0131kl\u0131k sunar. Minimal \u00e7izgileri sayesinde hem spor hem klasik kombinlerle rahatl\u0131kla kullan\u0131labilir. Dayan\u0131kl\u0131 yap\u0131s\u0131 ve kaliteli malzemeleriyle uzun s\u00fcreli kullan\u0131m i\u00e7in idealdir. \u00dcr\u00fcn\u00a0 \u00d6zellikleri \u2022\u2060 Y\u00fcksek kaliteli siyah deri \u2022 Paslanmaz \u00e7elik toka","og_url":"https:\/\/astrologelvan.com\/magaza\/urun\/celik-tokali-modern-erkek-bileklik\/","og_site_name":"Astrolog Elvan","article_modified_time":"2026-02-18T15:00:36+00:00","og_image":[{"url":"https:\/\/astrologelvan.com\/magaza\/wp-content\/uploads\/2026\/02\/Celik-tokali.png","width":1020,"height":1530,"type":"image\/png"}],"twitter_card":"summary_large_image","twitter_misc":{"Tahmini okuma s\u00fcresi":"1 dakika"},"schema":{"@context":"https:\/\/schema.org","@graph":[{"@type":["WebPage","ItemPage"],"@id":"https:\/\/astrologelvan.com\/magaza\/urun\/celik-tokali-modern-erkek-bileklik\/","url":"https:\/\/astrologelvan.com\/magaza\/urun\/celik-tokali-modern-erkek-bileklik\/","name":"\u00c7elik Tokal\u0131 Modern Erkek Bileklik - Astrolog Elvan","isPartOf":{"@id":"https:\/\/astrologelvan.com\/magaza\/#website"},"primaryImageOfPage":{"@id":"https:\/\/astrologelvan.com\/magaza\/urun\/celik-tokali-modern-erkek-bileklik\/#primaryimage"},"image":{"@id":"https:\/\/astrologelvan.com\/magaza\/urun\/celik-tokali-modern-erkek-bileklik\/#primaryimage"},"thumbnailUrl":"https:\/\/astrologelvan.com\/magaza\/wp-content\/uploads\/2026\/02\/Celik-tokali.png","datePublished":"2026-02-02T14:51:41+00:00","dateModified":"2026-02-18T15:00:36+00:00","breadcrumb":{"@id":"https:\/\/astrologelvan.com\/magaza\/urun\/celik-tokali-modern-erkek-bileklik\/#breadcrumb"},"inLanguage":"tr","potentialAction":[{"@type":"ReadAction","target":["https:\/\/astrologelvan.com\/magaza\/urun\/celik-tokali-modern-erkek-bileklik\/"]}]},{"@type":"ImageObject","inLanguage":"tr","@id":"https:\/\/astrologelvan.com\/magaza\/urun\/celik-tokali-modern-erkek-bileklik\/#primaryimage","url":"https:\/\/astrologelvan.com\/magaza\/wp-content\/uploads\/2026\/02\/Celik-tokali.png","contentUrl":"https:\/\/astrologelvan.com\/magaza\/wp-content\/uploads\/2026\/02\/Celik-tokali.png","width":1024,"height":1536},{"@type":"BreadcrumbList","@id":"https:\/\/astrologelvan.com\/magaza\/urun\/celik-tokali-modern-erkek-bileklik\/#breadcrumb","itemListElement":[{"@type":"ListItem","position":1,"name":"Anasayfa","item":"https:\/\/astrologelvan.com\/magaza\/"},{"@type":"ListItem","position":2,"name":"Ma\u011faza","item":"https:\/\/astrologelvan.com\/magaza\/magaza\/"},{"@type":"ListItem","position":3,"name":"\u00c7elik Tokal\u0131 Modern Erkek Bileklik"}]},{"@type":"WebSite","@id":"https:\/\/astrologelvan.com\/magaza\/#website","url":"https:\/\/astrologelvan.com\/magaza\/","name":"Astrolog Elvan","description":"","potentialAction":[{"@type":"SearchAction","target":{"@type":"EntryPoint","urlTemplate":"https:\/\/astrologelvan.com\/magaza\/?s={search_term_string}"},"query-input":{"@type":"PropertyValueSpecification","valueRequired":true,"valueName":"search_term_string"}}],"inLanguage":"tr"}]}},"_links":{"self":[{"href":"https:\/\/astrologelvan.com\/magaza\/wp-json\/wp\/v2\/product\/152947","targetHints":{"allow":["GET"]}}],"collection":[{"href":"https:\/\/astrologelvan.com\/magaza\/wp-json\/wp\/v2\/product"}],"about":[{"href":"https:\/\/astrologelvan.com\/magaza\/wp-json\/wp\/v2\/types\/product"}],"replies":[{"embeddable":true,"href":"https:\/\/astrologelvan.com\/magaza\/wp-json\/wp\/v2\/comments?post=152947"}],"wp:featuredmedia":[{"embeddable":true,"href":"https:\/\/astrologelvan.com\/magaza\/wp-json\/wp\/v2\/media\/152949"}],"wp:attachment":[{"href":"https:\/\/astrologelvan.com\/magaza\/wp-json\/wp\/v2\/media?parent=152947"}],"wp:term":[{"taxonomy":"product_brand","embeddable":true,"href":"https:\/\/astrologelvan.com\/magaza\/wp-json\/wp\/v2\/product_brand?post=152947"},{"taxonomy":"product_cat","embeddable":true,"href":"https:\/\/astrologelvan.com\/magaza\/wp-json\/wp\/v2\/product_cat?post=152947"},{"taxonomy":"product_tag","embeddable":true,"href":"https:\/\/astrologelvan.com\/magaza\/wp-json\/wp\/v2\/product_tag?post=152947"}],"curies":[{"name":"wp","href":"https:\/\/api.w.org\/{rel}","templated":true}]}}