{"id":150837,"date":"2026-01-28T16:00:38","date_gmt":"2026-01-28T13:00:38","guid":{"rendered":"https:\/\/astrologelvan.com\/magaza\/?post_type=product&#038;p=150837"},"modified":"2026-03-12T13:56:23","modified_gmt":"2026-03-12T10:56:23","slug":"scarab-yasam-cicegi-kupe-925-ayar-gumus-uzeri-antik-karartma-ve-altin-kaplama","status":"publish","type":"product","link":"https:\/\/astrologelvan.com\/magaza\/urun\/scarab-yasam-cicegi-kupe-925-ayar-gumus-uzeri-antik-karartma-ve-altin-kaplama\/","title":{"rendered":"SCARAB YA\u015eAM \u00c7\u0130\u00c7E\u011e\u0130 K\u00dcPE | 925 AYAR G\u00dcM\u00dc\u015e \u00dcZER\u0130 ANT\u0130K  KARARTMA VE ALTIN KAPLAMA"},"content":{"rendered":"","protected":false},"excerpt":{"rendered":"<div>Yeniden do\u011fu\u015fun, d\u00f6n\u00fc\u015f\u00fcm\u00fcn ve ya\u015fam enerjisinin kutsal sembollerini bir araya getirir. Scarab, karanl\u0131ktan \u0131\u015f\u0131\u011fa \u00e7\u0131k\u0131\u015f\u0131 ve s\u00fcrekli yenilenmeyi temsil ederken; Ya\u015fam \u00c7i\u00e7e\u011fi evrensel denge ve yarat\u0131m enerjisini simgeler.<\/div>\n<div>Bu iki g\u00fc\u00e7l\u00fc sembol, niyetle ta\u015f\u0131nd\u0131\u011f\u0131nda ruhsal koruma ve bereket frekans\u0131n\u0131 hayat\u0131na davet eder.<\/div>\n<div><\/div>\n<div><strong>El Yap\u0131m\u0131 \u00d6zel Tasar\u0131m<\/strong><\/div>\n<div><\/div>\n<div><strong>\u00dcr\u00fcn \u00d6zellikleri<\/strong><\/div>\n<div>4,44 gr 925 Ayar G\u00fcm\u00fc\u015f<\/div>\n","protected":false},"featured_media":150838,"comment_status":"open","ping_status":"closed","template":"","meta":[],"product_brand":[596],"product_cat":[135,9561],"product_tag":[],"class_list":{"0":"post-150837","1":"product","2":"type-product","3":"status-publish","4":"has-post-thumbnail","6":"product_brand-astrolog-elvan","7":"product_cat-kupe","8":"product_cat-mistik-hazineler-koleksiyonu","10":"first","11":"instock","12":"featured","13":"purchasable","14":"product-type-simple"},"yoast_head":"<!-- This site is optimized with the Yoast SEO plugin v27.3 - https:\/\/yoast.com\/product\/yoast-seo-wordpress\/ -->\n<title>SCARAB YA\u015eAM \u00c7\u0130\u00c7E\u011e\u0130 K\u00dcPE | 925 AYAR G\u00dcM\u00dc\u015e \u00dcZER\u0130 ANT\u0130K KARARTMA VE ALTIN KAPLAMA - Astrolog Elvan<\/title>\n<meta name=\"robots\" content=\"index, follow, max-snippet:-1, max-image-preview:large, max-video-preview:-1\" \/>\n<link rel=\"canonical\" href=\"https:\/\/astrologelvan.com\/magaza\/urun\/scarab-yasam-cicegi-kupe-925-ayar-gumus-uzeri-antik-karartma-ve-altin-kaplama\/\" \/>\n<meta property=\"og:locale\" content=\"tr_TR\" \/>\n<meta property=\"og:type\" content=\"article\" \/>\n<meta property=\"og:title\" content=\"SCARAB YA\u015eAM \u00c7\u0130\u00c7E\u011e\u0130 K\u00dcPE | 925 AYAR G\u00dcM\u00dc\u015e \u00dcZER\u0130 ANT\u0130K KARARTMA VE ALTIN KAPLAMA - Astrolog Elvan\" \/>\n<meta property=\"og:description\" content=\"Yeniden do\u011fu\u015fun, d\u00f6n\u00fc\u015f\u00fcm\u00fcn ve ya\u015fam enerjisinin kutsal sembollerini bir araya getirir. Scarab, karanl\u0131ktan \u0131\u015f\u0131\u011fa \u00e7\u0131k\u0131\u015f\u0131 ve s\u00fcrekli yenilenmeyi temsil ederken; Ya\u015fam \u00c7i\u00e7e\u011fi evrensel denge ve yarat\u0131m enerjisini simgeler. Bu iki g\u00fc\u00e7l\u00fc sembol, niyetle ta\u015f\u0131nd\u0131\u011f\u0131nda ruhsal koruma ve bereket frekans\u0131n\u0131 hayat\u0131na davet eder.  El Yap\u0131m\u0131 \u00d6zel Tasar\u0131m  \u00dcr\u00fcn \u00d6zellikleri 4,44 gr 925 Ayar G\u00fcm\u00fc\u015f\" \/>\n<meta property=\"og:url\" content=\"https:\/\/astrologelvan.com\/magaza\/urun\/scarab-yasam-cicegi-kupe-925-ayar-gumus-uzeri-antik-karartma-ve-altin-kaplama\/\" \/>\n<meta property=\"og:site_name\" content=\"Astrolog Elvan\" \/>\n<meta property=\"article:modified_time\" content=\"2026-03-12T10:56:23+00:00\" \/>\n<meta property=\"og:image\" content=\"https:\/\/astrologelvan.com\/magaza\/wp-content\/uploads\/2026\/01\/15bee56d-cb1a-4f3d-8b17-deeea6d2b654.JPG.jpeg\" \/>\n\t<meta property=\"og:image:width\" content=\"1024\" \/>\n\t<meta property=\"og:image:height\" content=\"1536\" \/>\n\t<meta property=\"og:image:type\" content=\"image\/jpeg\" \/>\n<meta name=\"twitter:card\" content=\"summary_large_image\" \/>\n<meta name=\"twitter:label1\" content=\"Tahmini okuma s\u00fcresi\" \/>\n\t<meta name=\"twitter:data1\" content=\"1 dakika\" \/>\n<script type=\"application\/ld+json\" class=\"yoast-schema-graph\">{\"@context\":\"https:\\\/\\\/schema.org\",\"@graph\":[{\"@type\":[\"WebPage\",\"ItemPage\"],\"@id\":\"https:\\\/\\\/astrologelvan.com\\\/magaza\\\/urun\\\/scarab-yasam-cicegi-kupe-925-ayar-gumus-uzeri-antik-karartma-ve-altin-kaplama\\\/\",\"url\":\"https:\\\/\\\/astrologelvan.com\\\/magaza\\\/urun\\\/scarab-yasam-cicegi-kupe-925-ayar-gumus-uzeri-antik-karartma-ve-altin-kaplama\\\/\",\"name\":\"SCARAB YA\u015eAM \u00c7\u0130\u00c7E\u011e\u0130 K\u00dcPE | 925 AYAR G\u00dcM\u00dc\u015e \u00dcZER\u0130 ANT\u0130K KARARTMA VE ALTIN KAPLAMA - Astrolog Elvan\",\"isPartOf\":{\"@id\":\"https:\\\/\\\/astrologelvan.com\\\/magaza\\\/#website\"},\"primaryImageOfPage\":{\"@id\":\"https:\\\/\\\/astrologelvan.com\\\/magaza\\\/urun\\\/scarab-yasam-cicegi-kupe-925-ayar-gumus-uzeri-antik-karartma-ve-altin-kaplama\\\/#primaryimage\"},\"image\":{\"@id\":\"https:\\\/\\\/astrologelvan.com\\\/magaza\\\/urun\\\/scarab-yasam-cicegi-kupe-925-ayar-gumus-uzeri-antik-karartma-ve-altin-kaplama\\\/#primaryimage\"},\"thumbnailUrl\":\"https:\\\/\\\/astrologelvan.com\\\/magaza\\\/wp-content\\\/uploads\\\/2026\\\/01\\\/15bee56d-cb1a-4f3d-8b17-deeea6d2b654.JPG.jpeg\",\"datePublished\":\"2026-01-28T13:00:38+00:00\",\"dateModified\":\"2026-03-12T10:56:23+00:00\",\"breadcrumb\":{\"@id\":\"https:\\\/\\\/astrologelvan.com\\\/magaza\\\/urun\\\/scarab-yasam-cicegi-kupe-925-ayar-gumus-uzeri-antik-karartma-ve-altin-kaplama\\\/#breadcrumb\"},\"inLanguage\":\"tr\",\"potentialAction\":[{\"@type\":\"ReadAction\",\"target\":[\"https:\\\/\\\/astrologelvan.com\\\/magaza\\\/urun\\\/scarab-yasam-cicegi-kupe-925-ayar-gumus-uzeri-antik-karartma-ve-altin-kaplama\\\/\"]}]},{\"@type\":\"ImageObject\",\"inLanguage\":\"tr\",\"@id\":\"https:\\\/\\\/astrologelvan.com\\\/magaza\\\/urun\\\/scarab-yasam-cicegi-kupe-925-ayar-gumus-uzeri-antik-karartma-ve-altin-kaplama\\\/#primaryimage\",\"url\":\"https:\\\/\\\/astrologelvan.com\\\/magaza\\\/wp-content\\\/uploads\\\/2026\\\/01\\\/15bee56d-cb1a-4f3d-8b17-deeea6d2b654.JPG.jpeg\",\"contentUrl\":\"https:\\\/\\\/astrologelvan.com\\\/magaza\\\/wp-content\\\/uploads\\\/2026\\\/01\\\/15bee56d-cb1a-4f3d-8b17-deeea6d2b654.JPG.jpeg\",\"width\":1024,\"height\":1536},{\"@type\":\"BreadcrumbList\",\"@id\":\"https:\\\/\\\/astrologelvan.com\\\/magaza\\\/urun\\\/scarab-yasam-cicegi-kupe-925-ayar-gumus-uzeri-antik-karartma-ve-altin-kaplama\\\/#breadcrumb\",\"itemListElement\":[{\"@type\":\"ListItem\",\"position\":1,\"name\":\"Anasayfa\",\"item\":\"https:\\\/\\\/astrologelvan.com\\\/magaza\\\/\"},{\"@type\":\"ListItem\",\"position\":2,\"name\":\"Ma\u011faza\",\"item\":\"https:\\\/\\\/astrologelvan.com\\\/magaza\\\/magaza\\\/\"},{\"@type\":\"ListItem\",\"position\":3,\"name\":\"SCARAB YA\u015eAM \u00c7\u0130\u00c7E\u011e\u0130 K\u00dcPE | 925 AYAR G\u00dcM\u00dc\u015e \u00dcZER\u0130 ANT\u0130K KARARTMA VE ALTIN KAPLAMA\"}]},{\"@type\":\"WebSite\",\"@id\":\"https:\\\/\\\/astrologelvan.com\\\/magaza\\\/#website\",\"url\":\"https:\\\/\\\/astrologelvan.com\\\/magaza\\\/\",\"name\":\"Astrolog Elvan\",\"description\":\"\",\"potentialAction\":[{\"@type\":\"SearchAction\",\"target\":{\"@type\":\"EntryPoint\",\"urlTemplate\":\"https:\\\/\\\/astrologelvan.com\\\/magaza\\\/?s={search_term_string}\"},\"query-input\":{\"@type\":\"PropertyValueSpecification\",\"valueRequired\":true,\"valueName\":\"search_term_string\"}}],\"inLanguage\":\"tr\"}]}<\/script>\n<!-- \/ Yoast SEO plugin. -->","yoast_head_json":{"title":"SCARAB YA\u015eAM \u00c7\u0130\u00c7E\u011e\u0130 K\u00dcPE | 925 AYAR G\u00dcM\u00dc\u015e \u00dcZER\u0130 ANT\u0130K KARARTMA VE ALTIN KAPLAMA - Astrolog Elvan","robots":{"index":"index","follow":"follow","max-snippet":"max-snippet:-1","max-image-preview":"max-image-preview:large","max-video-preview":"max-video-preview:-1"},"canonical":"https:\/\/astrologelvan.com\/magaza\/urun\/scarab-yasam-cicegi-kupe-925-ayar-gumus-uzeri-antik-karartma-ve-altin-kaplama\/","og_locale":"tr_TR","og_type":"article","og_title":"SCARAB YA\u015eAM \u00c7\u0130\u00c7E\u011e\u0130 K\u00dcPE | 925 AYAR G\u00dcM\u00dc\u015e \u00dcZER\u0130 ANT\u0130K KARARTMA VE ALTIN KAPLAMA - Astrolog Elvan","og_description":"Yeniden do\u011fu\u015fun, d\u00f6n\u00fc\u015f\u00fcm\u00fcn ve ya\u015fam enerjisinin kutsal sembollerini bir araya getirir. Scarab, karanl\u0131ktan \u0131\u015f\u0131\u011fa \u00e7\u0131k\u0131\u015f\u0131 ve s\u00fcrekli yenilenmeyi temsil ederken; Ya\u015fam \u00c7i\u00e7e\u011fi evrensel denge ve yarat\u0131m enerjisini simgeler. Bu iki g\u00fc\u00e7l\u00fc sembol, niyetle ta\u015f\u0131nd\u0131\u011f\u0131nda ruhsal koruma ve bereket frekans\u0131n\u0131 hayat\u0131na davet eder.  El Yap\u0131m\u0131 \u00d6zel Tasar\u0131m  \u00dcr\u00fcn \u00d6zellikleri 4,44 gr 925 Ayar G\u00fcm\u00fc\u015f","og_url":"https:\/\/astrologelvan.com\/magaza\/urun\/scarab-yasam-cicegi-kupe-925-ayar-gumus-uzeri-antik-karartma-ve-altin-kaplama\/","og_site_name":"Astrolog Elvan","article_modified_time":"2026-03-12T10:56:23+00:00","og_image":[{"width":1024,"height":1536,"url":"https:\/\/astrologelvan.com\/magaza\/wp-content\/uploads\/2026\/01\/15bee56d-cb1a-4f3d-8b17-deeea6d2b654.JPG.jpeg","type":"image\/jpeg"}],"twitter_card":"summary_large_image","twitter_misc":{"Tahmini okuma s\u00fcresi":"1 dakika"},"schema":{"@context":"https:\/\/schema.org","@graph":[{"@type":["WebPage","ItemPage"],"@id":"https:\/\/astrologelvan.com\/magaza\/urun\/scarab-yasam-cicegi-kupe-925-ayar-gumus-uzeri-antik-karartma-ve-altin-kaplama\/","url":"https:\/\/astrologelvan.com\/magaza\/urun\/scarab-yasam-cicegi-kupe-925-ayar-gumus-uzeri-antik-karartma-ve-altin-kaplama\/","name":"SCARAB YA\u015eAM \u00c7\u0130\u00c7E\u011e\u0130 K\u00dcPE | 925 AYAR G\u00dcM\u00dc\u015e \u00dcZER\u0130 ANT\u0130K KARARTMA VE ALTIN KAPLAMA - Astrolog Elvan","isPartOf":{"@id":"https:\/\/astrologelvan.com\/magaza\/#website"},"primaryImageOfPage":{"@id":"https:\/\/astrologelvan.com\/magaza\/urun\/scarab-yasam-cicegi-kupe-925-ayar-gumus-uzeri-antik-karartma-ve-altin-kaplama\/#primaryimage"},"image":{"@id":"https:\/\/astrologelvan.com\/magaza\/urun\/scarab-yasam-cicegi-kupe-925-ayar-gumus-uzeri-antik-karartma-ve-altin-kaplama\/#primaryimage"},"thumbnailUrl":"https:\/\/astrologelvan.com\/magaza\/wp-content\/uploads\/2026\/01\/15bee56d-cb1a-4f3d-8b17-deeea6d2b654.JPG.jpeg","datePublished":"2026-01-28T13:00:38+00:00","dateModified":"2026-03-12T10:56:23+00:00","breadcrumb":{"@id":"https:\/\/astrologelvan.com\/magaza\/urun\/scarab-yasam-cicegi-kupe-925-ayar-gumus-uzeri-antik-karartma-ve-altin-kaplama\/#breadcrumb"},"inLanguage":"tr","potentialAction":[{"@type":"ReadAction","target":["https:\/\/astrologelvan.com\/magaza\/urun\/scarab-yasam-cicegi-kupe-925-ayar-gumus-uzeri-antik-karartma-ve-altin-kaplama\/"]}]},{"@type":"ImageObject","inLanguage":"tr","@id":"https:\/\/astrologelvan.com\/magaza\/urun\/scarab-yasam-cicegi-kupe-925-ayar-gumus-uzeri-antik-karartma-ve-altin-kaplama\/#primaryimage","url":"https:\/\/astrologelvan.com\/magaza\/wp-content\/uploads\/2026\/01\/15bee56d-cb1a-4f3d-8b17-deeea6d2b654.JPG.jpeg","contentUrl":"https:\/\/astrologelvan.com\/magaza\/wp-content\/uploads\/2026\/01\/15bee56d-cb1a-4f3d-8b17-deeea6d2b654.JPG.jpeg","width":1024,"height":1536},{"@type":"BreadcrumbList","@id":"https:\/\/astrologelvan.com\/magaza\/urun\/scarab-yasam-cicegi-kupe-925-ayar-gumus-uzeri-antik-karartma-ve-altin-kaplama\/#breadcrumb","itemListElement":[{"@type":"ListItem","position":1,"name":"Anasayfa","item":"https:\/\/astrologelvan.com\/magaza\/"},{"@type":"ListItem","position":2,"name":"Ma\u011faza","item":"https:\/\/astrologelvan.com\/magaza\/magaza\/"},{"@type":"ListItem","position":3,"name":"SCARAB YA\u015eAM \u00c7\u0130\u00c7E\u011e\u0130 K\u00dcPE | 925 AYAR G\u00dcM\u00dc\u015e \u00dcZER\u0130 ANT\u0130K KARARTMA VE ALTIN KAPLAMA"}]},{"@type":"WebSite","@id":"https:\/\/astrologelvan.com\/magaza\/#website","url":"https:\/\/astrologelvan.com\/magaza\/","name":"Astrolog Elvan","description":"","potentialAction":[{"@type":"SearchAction","target":{"@type":"EntryPoint","urlTemplate":"https:\/\/astrologelvan.com\/magaza\/?s={search_term_string}"},"query-input":{"@type":"PropertyValueSpecification","valueRequired":true,"valueName":"search_term_string"}}],"inLanguage":"tr"}]}},"_links":{"self":[{"href":"https:\/\/astrologelvan.com\/magaza\/wp-json\/wp\/v2\/product\/150837","targetHints":{"allow":["GET"]}}],"collection":[{"href":"https:\/\/astrologelvan.com\/magaza\/wp-json\/wp\/v2\/product"}],"about":[{"href":"https:\/\/astrologelvan.com\/magaza\/wp-json\/wp\/v2\/types\/product"}],"replies":[{"embeddable":true,"href":"https:\/\/astrologelvan.com\/magaza\/wp-json\/wp\/v2\/comments?post=150837"}],"wp:featuredmedia":[{"embeddable":true,"href":"https:\/\/astrologelvan.com\/magaza\/wp-json\/wp\/v2\/media\/150838"}],"wp:attachment":[{"href":"https:\/\/astrologelvan.com\/magaza\/wp-json\/wp\/v2\/media?parent=150837"}],"wp:term":[{"taxonomy":"product_brand","embeddable":true,"href":"https:\/\/astrologelvan.com\/magaza\/wp-json\/wp\/v2\/product_brand?post=150837"},{"taxonomy":"product_cat","embeddable":true,"href":"https:\/\/astrologelvan.com\/magaza\/wp-json\/wp\/v2\/product_cat?post=150837"},{"taxonomy":"product_tag","embeddable":true,"href":"https:\/\/astrologelvan.com\/magaza\/wp-json\/wp\/v2\/product_tag?post=150837"}],"curies":[{"name":"wp","href":"https:\/\/api.w.org\/{rel}","templated":true}]}}