{"id":150833,"date":"2026-01-28T15:48:51","date_gmt":"2026-01-28T12:48:51","guid":{"rendered":"https:\/\/astrologelvan.com\/magaza\/?post_type=product&#038;p=150833"},"modified":"2026-03-12T13:56:58","modified_gmt":"2026-03-12T10:56:58","slug":"ganesha-kupe-925-ayar-gumus-uzeri-antik-karartma-ve-altin-kaplama","status":"publish","type":"product","link":"https:\/\/astrologelvan.com\/magaza\/urun\/ganesha-kupe-925-ayar-gumus-uzeri-antik-karartma-ve-altin-kaplama\/","title":{"rendered":"GANESHA K\u00dcPE | 925 AYAR G\u00dcM\u00dc\u015e \u00dcZER\u0130 ANT\u0130K  KARARTMA VE ALTIN KAPLAMA"},"content":{"rendered":"","protected":false},"excerpt":{"rendered":"<p>Ganesha, Hindu inanc\u0131nda engelleri kald\u0131ran; bereketi, bilgeli\u011fi ve yeni ba\u015flang\u0131\u00e7lar\u0131 simgeleyen kutsal bir fil fig\u00fcr\u00fcd\u00fcr.<br \/>\nBu \u00f6zel tasar\u0131m fil fig\u00fcrl\u00fc k\u00fcpemiz, maddi ve manevi bollu\u011fu destekleyen, do\u011fru kararlar almay\u0131 ve zihinsel dengeyi temsil eden g\u00fc\u00e7l\u00fc bir enerji ta\u015f\u0131r.<br \/>\nNegatif etkilere kar\u015f\u0131 koruyucu anlam\u0131yla, stilinize yaln\u0131zca estetik de\u011fil, ayn\u0131 zamanda derin bir anlam da katar.<\/p>\n<p>\u2728 Bereketi \u00e7a\u011f\u0131r, engelleri b\u0131rak.<\/p>\n<p><strong>El Yap\u0131m\u0131 \u00d6zel Tasar\u0131m<\/strong><\/p>\n<p><strong>\u00dcr\u00fcn \u00d6zellikleri<\/strong><br \/>\n5,42 gr 925 Ayar G\u00fcm\u00fc\u015f<\/p>\n","protected":false},"featured_media":150834,"comment_status":"open","ping_status":"closed","template":"","meta":[],"product_brand":[596],"product_cat":[135,9561],"product_tag":[],"class_list":{"0":"post-150833","1":"product","2":"type-product","3":"status-publish","4":"has-post-thumbnail","6":"product_brand-astrolog-elvan","7":"product_cat-kupe","8":"product_cat-mistik-hazineler-koleksiyonu","10":"first","11":"instock","12":"featured","13":"purchasable","14":"product-type-simple"},"yoast_head":"<!-- This site is optimized with the Yoast SEO plugin v27.3 - https:\/\/yoast.com\/product\/yoast-seo-wordpress\/ -->\n<title>GANESHA K\u00dcPE | 925 AYAR G\u00dcM\u00dc\u015e \u00dcZER\u0130 ANT\u0130K KARARTMA VE ALTIN KAPLAMA - Astrolog Elvan<\/title>\n<meta name=\"robots\" content=\"index, follow, max-snippet:-1, max-image-preview:large, max-video-preview:-1\" \/>\n<link rel=\"canonical\" href=\"https:\/\/astrologelvan.com\/magaza\/urun\/ganesha-kupe-925-ayar-gumus-uzeri-antik-karartma-ve-altin-kaplama\/\" \/>\n<meta property=\"og:locale\" content=\"tr_TR\" \/>\n<meta property=\"og:type\" content=\"article\" \/>\n<meta property=\"og:title\" content=\"GANESHA K\u00dcPE | 925 AYAR G\u00dcM\u00dc\u015e \u00dcZER\u0130 ANT\u0130K KARARTMA VE ALTIN KAPLAMA - Astrolog Elvan\" \/>\n<meta property=\"og:description\" content=\"Ganesha, Hindu inanc\u0131nda engelleri kald\u0131ran; bereketi, bilgeli\u011fi ve yeni ba\u015flang\u0131\u00e7lar\u0131 simgeleyen kutsal bir fil fig\u00fcr\u00fcd\u00fcr. Bu \u00f6zel tasar\u0131m fil fig\u00fcrl\u00fc k\u00fcpemiz, maddi ve manevi bollu\u011fu destekleyen, do\u011fru kararlar almay\u0131 ve zihinsel dengeyi temsil eden g\u00fc\u00e7l\u00fc bir enerji ta\u015f\u0131r. Negatif etkilere kar\u015f\u0131 koruyucu anlam\u0131yla, stilinize yaln\u0131zca estetik de\u011fil, ayn\u0131 zamanda derin bir anlam da katar.  \u2728 Bereketi \u00e7a\u011f\u0131r, engelleri b\u0131rak.  El Yap\u0131m\u0131 \u00d6zel Tasar\u0131m  \u00dcr\u00fcn \u00d6zellikleri 5,42 gr 925 Ayar G\u00fcm\u00fc\u015f\" \/>\n<meta property=\"og:url\" content=\"https:\/\/astrologelvan.com\/magaza\/urun\/ganesha-kupe-925-ayar-gumus-uzeri-antik-karartma-ve-altin-kaplama\/\" \/>\n<meta property=\"og:site_name\" content=\"Astrolog Elvan\" \/>\n<meta property=\"article:modified_time\" content=\"2026-03-12T10:56:58+00:00\" \/>\n<meta property=\"og:image\" content=\"https:\/\/astrologelvan.com\/magaza\/wp-content\/uploads\/2026\/01\/52d18fd3-efac-407a-9c7f-67bb9ae9eec0.JPG.jpeg\" \/>\n\t<meta property=\"og:image:width\" content=\"1536\" \/>\n\t<meta property=\"og:image:height\" content=\"1024\" \/>\n\t<meta property=\"og:image:type\" content=\"image\/jpeg\" \/>\n<meta name=\"twitter:card\" content=\"summary_large_image\" \/>\n<meta name=\"twitter:label1\" content=\"Tahmini okuma s\u00fcresi\" \/>\n\t<meta name=\"twitter:data1\" content=\"1 dakika\" \/>\n<script type=\"application\/ld+json\" class=\"yoast-schema-graph\">{\"@context\":\"https:\\\/\\\/schema.org\",\"@graph\":[{\"@type\":[\"WebPage\",\"ItemPage\"],\"@id\":\"https:\\\/\\\/astrologelvan.com\\\/magaza\\\/urun\\\/ganesha-kupe-925-ayar-gumus-uzeri-antik-karartma-ve-altin-kaplama\\\/\",\"url\":\"https:\\\/\\\/astrologelvan.com\\\/magaza\\\/urun\\\/ganesha-kupe-925-ayar-gumus-uzeri-antik-karartma-ve-altin-kaplama\\\/\",\"name\":\"GANESHA K\u00dcPE | 925 AYAR G\u00dcM\u00dc\u015e \u00dcZER\u0130 ANT\u0130K KARARTMA VE ALTIN KAPLAMA - Astrolog Elvan\",\"isPartOf\":{\"@id\":\"https:\\\/\\\/astrologelvan.com\\\/magaza\\\/#website\"},\"primaryImageOfPage\":{\"@id\":\"https:\\\/\\\/astrologelvan.com\\\/magaza\\\/urun\\\/ganesha-kupe-925-ayar-gumus-uzeri-antik-karartma-ve-altin-kaplama\\\/#primaryimage\"},\"image\":{\"@id\":\"https:\\\/\\\/astrologelvan.com\\\/magaza\\\/urun\\\/ganesha-kupe-925-ayar-gumus-uzeri-antik-karartma-ve-altin-kaplama\\\/#primaryimage\"},\"thumbnailUrl\":\"https:\\\/\\\/astrologelvan.com\\\/magaza\\\/wp-content\\\/uploads\\\/2026\\\/01\\\/52d18fd3-efac-407a-9c7f-67bb9ae9eec0.JPG.jpeg\",\"datePublished\":\"2026-01-28T12:48:51+00:00\",\"dateModified\":\"2026-03-12T10:56:58+00:00\",\"breadcrumb\":{\"@id\":\"https:\\\/\\\/astrologelvan.com\\\/magaza\\\/urun\\\/ganesha-kupe-925-ayar-gumus-uzeri-antik-karartma-ve-altin-kaplama\\\/#breadcrumb\"},\"inLanguage\":\"tr\",\"potentialAction\":[{\"@type\":\"ReadAction\",\"target\":[\"https:\\\/\\\/astrologelvan.com\\\/magaza\\\/urun\\\/ganesha-kupe-925-ayar-gumus-uzeri-antik-karartma-ve-altin-kaplama\\\/\"]}]},{\"@type\":\"ImageObject\",\"inLanguage\":\"tr\",\"@id\":\"https:\\\/\\\/astrologelvan.com\\\/magaza\\\/urun\\\/ganesha-kupe-925-ayar-gumus-uzeri-antik-karartma-ve-altin-kaplama\\\/#primaryimage\",\"url\":\"https:\\\/\\\/astrologelvan.com\\\/magaza\\\/wp-content\\\/uploads\\\/2026\\\/01\\\/52d18fd3-efac-407a-9c7f-67bb9ae9eec0.JPG.jpeg\",\"contentUrl\":\"https:\\\/\\\/astrologelvan.com\\\/magaza\\\/wp-content\\\/uploads\\\/2026\\\/01\\\/52d18fd3-efac-407a-9c7f-67bb9ae9eec0.JPG.jpeg\",\"width\":1536,\"height\":1024},{\"@type\":\"BreadcrumbList\",\"@id\":\"https:\\\/\\\/astrologelvan.com\\\/magaza\\\/urun\\\/ganesha-kupe-925-ayar-gumus-uzeri-antik-karartma-ve-altin-kaplama\\\/#breadcrumb\",\"itemListElement\":[{\"@type\":\"ListItem\",\"position\":1,\"name\":\"Anasayfa\",\"item\":\"https:\\\/\\\/astrologelvan.com\\\/magaza\\\/\"},{\"@type\":\"ListItem\",\"position\":2,\"name\":\"Ma\u011faza\",\"item\":\"https:\\\/\\\/astrologelvan.com\\\/magaza\\\/magaza\\\/\"},{\"@type\":\"ListItem\",\"position\":3,\"name\":\"GANESHA K\u00dcPE | 925 AYAR G\u00dcM\u00dc\u015e \u00dcZER\u0130 ANT\u0130K KARARTMA VE ALTIN KAPLAMA\"}]},{\"@type\":\"WebSite\",\"@id\":\"https:\\\/\\\/astrologelvan.com\\\/magaza\\\/#website\",\"url\":\"https:\\\/\\\/astrologelvan.com\\\/magaza\\\/\",\"name\":\"Astrolog Elvan\",\"description\":\"\",\"potentialAction\":[{\"@type\":\"SearchAction\",\"target\":{\"@type\":\"EntryPoint\",\"urlTemplate\":\"https:\\\/\\\/astrologelvan.com\\\/magaza\\\/?s={search_term_string}\"},\"query-input\":{\"@type\":\"PropertyValueSpecification\",\"valueRequired\":true,\"valueName\":\"search_term_string\"}}],\"inLanguage\":\"tr\"}]}<\/script>\n<!-- \/ Yoast SEO plugin. -->","yoast_head_json":{"title":"GANESHA K\u00dcPE | 925 AYAR G\u00dcM\u00dc\u015e \u00dcZER\u0130 ANT\u0130K KARARTMA VE ALTIN KAPLAMA - Astrolog Elvan","robots":{"index":"index","follow":"follow","max-snippet":"max-snippet:-1","max-image-preview":"max-image-preview:large","max-video-preview":"max-video-preview:-1"},"canonical":"https:\/\/astrologelvan.com\/magaza\/urun\/ganesha-kupe-925-ayar-gumus-uzeri-antik-karartma-ve-altin-kaplama\/","og_locale":"tr_TR","og_type":"article","og_title":"GANESHA K\u00dcPE | 925 AYAR G\u00dcM\u00dc\u015e \u00dcZER\u0130 ANT\u0130K KARARTMA VE ALTIN KAPLAMA - Astrolog Elvan","og_description":"Ganesha, Hindu inanc\u0131nda engelleri kald\u0131ran; bereketi, bilgeli\u011fi ve yeni ba\u015flang\u0131\u00e7lar\u0131 simgeleyen kutsal bir fil fig\u00fcr\u00fcd\u00fcr. Bu \u00f6zel tasar\u0131m fil fig\u00fcrl\u00fc k\u00fcpemiz, maddi ve manevi bollu\u011fu destekleyen, do\u011fru kararlar almay\u0131 ve zihinsel dengeyi temsil eden g\u00fc\u00e7l\u00fc bir enerji ta\u015f\u0131r. Negatif etkilere kar\u015f\u0131 koruyucu anlam\u0131yla, stilinize yaln\u0131zca estetik de\u011fil, ayn\u0131 zamanda derin bir anlam da katar.  \u2728 Bereketi \u00e7a\u011f\u0131r, engelleri b\u0131rak.  El Yap\u0131m\u0131 \u00d6zel Tasar\u0131m  \u00dcr\u00fcn \u00d6zellikleri 5,42 gr 925 Ayar G\u00fcm\u00fc\u015f","og_url":"https:\/\/astrologelvan.com\/magaza\/urun\/ganesha-kupe-925-ayar-gumus-uzeri-antik-karartma-ve-altin-kaplama\/","og_site_name":"Astrolog Elvan","article_modified_time":"2026-03-12T10:56:58+00:00","og_image":[{"width":1536,"height":1024,"url":"https:\/\/astrologelvan.com\/magaza\/wp-content\/uploads\/2026\/01\/52d18fd3-efac-407a-9c7f-67bb9ae9eec0.JPG.jpeg","type":"image\/jpeg"}],"twitter_card":"summary_large_image","twitter_misc":{"Tahmini okuma s\u00fcresi":"1 dakika"},"schema":{"@context":"https:\/\/schema.org","@graph":[{"@type":["WebPage","ItemPage"],"@id":"https:\/\/astrologelvan.com\/magaza\/urun\/ganesha-kupe-925-ayar-gumus-uzeri-antik-karartma-ve-altin-kaplama\/","url":"https:\/\/astrologelvan.com\/magaza\/urun\/ganesha-kupe-925-ayar-gumus-uzeri-antik-karartma-ve-altin-kaplama\/","name":"GANESHA K\u00dcPE | 925 AYAR G\u00dcM\u00dc\u015e \u00dcZER\u0130 ANT\u0130K KARARTMA VE ALTIN KAPLAMA - Astrolog Elvan","isPartOf":{"@id":"https:\/\/astrologelvan.com\/magaza\/#website"},"primaryImageOfPage":{"@id":"https:\/\/astrologelvan.com\/magaza\/urun\/ganesha-kupe-925-ayar-gumus-uzeri-antik-karartma-ve-altin-kaplama\/#primaryimage"},"image":{"@id":"https:\/\/astrologelvan.com\/magaza\/urun\/ganesha-kupe-925-ayar-gumus-uzeri-antik-karartma-ve-altin-kaplama\/#primaryimage"},"thumbnailUrl":"https:\/\/astrologelvan.com\/magaza\/wp-content\/uploads\/2026\/01\/52d18fd3-efac-407a-9c7f-67bb9ae9eec0.JPG.jpeg","datePublished":"2026-01-28T12:48:51+00:00","dateModified":"2026-03-12T10:56:58+00:00","breadcrumb":{"@id":"https:\/\/astrologelvan.com\/magaza\/urun\/ganesha-kupe-925-ayar-gumus-uzeri-antik-karartma-ve-altin-kaplama\/#breadcrumb"},"inLanguage":"tr","potentialAction":[{"@type":"ReadAction","target":["https:\/\/astrologelvan.com\/magaza\/urun\/ganesha-kupe-925-ayar-gumus-uzeri-antik-karartma-ve-altin-kaplama\/"]}]},{"@type":"ImageObject","inLanguage":"tr","@id":"https:\/\/astrologelvan.com\/magaza\/urun\/ganesha-kupe-925-ayar-gumus-uzeri-antik-karartma-ve-altin-kaplama\/#primaryimage","url":"https:\/\/astrologelvan.com\/magaza\/wp-content\/uploads\/2026\/01\/52d18fd3-efac-407a-9c7f-67bb9ae9eec0.JPG.jpeg","contentUrl":"https:\/\/astrologelvan.com\/magaza\/wp-content\/uploads\/2026\/01\/52d18fd3-efac-407a-9c7f-67bb9ae9eec0.JPG.jpeg","width":1536,"height":1024},{"@type":"BreadcrumbList","@id":"https:\/\/astrologelvan.com\/magaza\/urun\/ganesha-kupe-925-ayar-gumus-uzeri-antik-karartma-ve-altin-kaplama\/#breadcrumb","itemListElement":[{"@type":"ListItem","position":1,"name":"Anasayfa","item":"https:\/\/astrologelvan.com\/magaza\/"},{"@type":"ListItem","position":2,"name":"Ma\u011faza","item":"https:\/\/astrologelvan.com\/magaza\/magaza\/"},{"@type":"ListItem","position":3,"name":"GANESHA K\u00dcPE | 925 AYAR G\u00dcM\u00dc\u015e \u00dcZER\u0130 ANT\u0130K KARARTMA VE ALTIN KAPLAMA"}]},{"@type":"WebSite","@id":"https:\/\/astrologelvan.com\/magaza\/#website","url":"https:\/\/astrologelvan.com\/magaza\/","name":"Astrolog Elvan","description":"","potentialAction":[{"@type":"SearchAction","target":{"@type":"EntryPoint","urlTemplate":"https:\/\/astrologelvan.com\/magaza\/?s={search_term_string}"},"query-input":{"@type":"PropertyValueSpecification","valueRequired":true,"valueName":"search_term_string"}}],"inLanguage":"tr"}]}},"_links":{"self":[{"href":"https:\/\/astrologelvan.com\/magaza\/wp-json\/wp\/v2\/product\/150833","targetHints":{"allow":["GET"]}}],"collection":[{"href":"https:\/\/astrologelvan.com\/magaza\/wp-json\/wp\/v2\/product"}],"about":[{"href":"https:\/\/astrologelvan.com\/magaza\/wp-json\/wp\/v2\/types\/product"}],"replies":[{"embeddable":true,"href":"https:\/\/astrologelvan.com\/magaza\/wp-json\/wp\/v2\/comments?post=150833"}],"wp:featuredmedia":[{"embeddable":true,"href":"https:\/\/astrologelvan.com\/magaza\/wp-json\/wp\/v2\/media\/150834"}],"wp:attachment":[{"href":"https:\/\/astrologelvan.com\/magaza\/wp-json\/wp\/v2\/media?parent=150833"}],"wp:term":[{"taxonomy":"product_brand","embeddable":true,"href":"https:\/\/astrologelvan.com\/magaza\/wp-json\/wp\/v2\/product_brand?post=150833"},{"taxonomy":"product_cat","embeddable":true,"href":"https:\/\/astrologelvan.com\/magaza\/wp-json\/wp\/v2\/product_cat?post=150833"},{"taxonomy":"product_tag","embeddable":true,"href":"https:\/\/astrologelvan.com\/magaza\/wp-json\/wp\/v2\/product_tag?post=150833"}],"curies":[{"name":"wp","href":"https:\/\/api.w.org\/{rel}","templated":true}]}}