{"id":150823,"date":"2026-01-28T15:34:21","date_gmt":"2026-01-28T12:34:21","guid":{"rendered":"https:\/\/astrologelvan.com\/magaza\/?post_type=product&#038;p=150823"},"modified":"2026-02-03T13:00:32","modified_gmt":"2026-02-03T10:00:32","slug":"amon-bereket-kupesi-925-ayar-gumus-uzeri-altin-kaplama","status":"publish","type":"product","link":"https:\/\/astrologelvan.com\/magaza\/urun\/amon-bereket-kupesi-925-ayar-gumus-uzeri-altin-kaplama\/","title":{"rendered":"AMON BEREKET K\u00dcPES\u0130  | 925 AYAR G\u00dcM\u00dc\u015e \u00dcZER\u0130 KARARTMA VE  ALTIN KAPLAMA"},"content":{"rendered":"","protected":false},"excerpt":{"rendered":"<p>Kadim M\u0131s\u0131r\u2019\u0131n bolluk ve yarat\u0131m enerjisinden ilham al\u0131r. Bereketi, g\u00fc\u00e7lenmeyi ve ak\u0131\u015fta olmay\u0131 simgeleyen sembolleriyle hem enerjini y\u00fckseltir hem stiline mistik bir anlam katar.<\/p>\n<p>Bolluk frekans\u0131n\u0131 \u00fczerinde ta\u015f\u0131mak isteyenler i\u00e7in \u00f6zel bir par\u00e7a.<\/p>\n<p><strong>El Yap\u0131m\u0131 \u00d6zel Tasar\u0131m<\/strong><\/p>\n","protected":false},"featured_media":150824,"comment_status":"open","ping_status":"closed","template":"","meta":[],"product_brand":[596],"product_cat":[135,9561],"product_tag":[],"class_list":{"0":"post-150823","1":"product","2":"type-product","3":"status-publish","4":"has-post-thumbnail","6":"product_brand-astrolog-elvan","7":"product_cat-kupe","8":"product_cat-mistik-hazineler-koleksiyonu","10":"first","11":"instock","12":"featured","13":"purchasable","14":"product-type-simple"},"yoast_head":"<!-- This site is optimized with the Yoast SEO plugin v27.3 - https:\/\/yoast.com\/product\/yoast-seo-wordpress\/ -->\n<title>AMON BEREKET K\u00dcPES\u0130 | 925 AYAR G\u00dcM\u00dc\u015e \u00dcZER\u0130 KARARTMA VE ALTIN KAPLAMA - Astrolog Elvan<\/title>\n<meta name=\"robots\" content=\"index, follow, max-snippet:-1, max-image-preview:large, max-video-preview:-1\" \/>\n<link rel=\"canonical\" href=\"https:\/\/astrologelvan.com\/magaza\/urun\/amon-bereket-kupesi-925-ayar-gumus-uzeri-altin-kaplama\/\" \/>\n<meta property=\"og:locale\" content=\"tr_TR\" \/>\n<meta property=\"og:type\" content=\"article\" \/>\n<meta property=\"og:title\" content=\"AMON BEREKET K\u00dcPES\u0130 | 925 AYAR G\u00dcM\u00dc\u015e \u00dcZER\u0130 KARARTMA VE ALTIN KAPLAMA - Astrolog Elvan\" \/>\n<meta property=\"og:description\" content=\"Kadim M\u0131s\u0131r\u2019\u0131n bolluk ve yarat\u0131m enerjisinden ilham al\u0131r. Bereketi, g\u00fc\u00e7lenmeyi ve ak\u0131\u015fta olmay\u0131 simgeleyen sembolleriyle hem enerjini y\u00fckseltir hem stiline mistik bir anlam katar.  Bolluk frekans\u0131n\u0131 \u00fczerinde ta\u015f\u0131mak isteyenler i\u00e7in \u00f6zel bir par\u00e7a.  El Yap\u0131m\u0131 \u00d6zel Tasar\u0131m\" \/>\n<meta property=\"og:url\" content=\"https:\/\/astrologelvan.com\/magaza\/urun\/amon-bereket-kupesi-925-ayar-gumus-uzeri-altin-kaplama\/\" \/>\n<meta property=\"og:site_name\" content=\"Astrolog Elvan\" \/>\n<meta property=\"article:modified_time\" content=\"2026-02-03T10:00:32+00:00\" \/>\n<meta property=\"og:image\" content=\"https:\/\/astrologelvan.com\/magaza\/wp-content\/uploads\/2026\/01\/438F7799-4067-435A-AC7F-6DDA50DF2126.webp\" \/>\n\t<meta property=\"og:image:width\" content=\"1024\" \/>\n\t<meta property=\"og:image:height\" content=\"1536\" \/>\n\t<meta property=\"og:image:type\" content=\"image\/webp\" \/>\n<meta name=\"twitter:card\" content=\"summary_large_image\" \/>\n<meta name=\"twitter:label1\" content=\"Tahmini okuma s\u00fcresi\" \/>\n\t<meta name=\"twitter:data1\" content=\"1 dakika\" \/>\n<script type=\"application\/ld+json\" class=\"yoast-schema-graph\">{\"@context\":\"https:\\\/\\\/schema.org\",\"@graph\":[{\"@type\":[\"WebPage\",\"ItemPage\"],\"@id\":\"https:\\\/\\\/astrologelvan.com\\\/magaza\\\/urun\\\/amon-bereket-kupesi-925-ayar-gumus-uzeri-altin-kaplama\\\/\",\"url\":\"https:\\\/\\\/astrologelvan.com\\\/magaza\\\/urun\\\/amon-bereket-kupesi-925-ayar-gumus-uzeri-altin-kaplama\\\/\",\"name\":\"AMON BEREKET K\u00dcPES\u0130 | 925 AYAR G\u00dcM\u00dc\u015e \u00dcZER\u0130 KARARTMA VE ALTIN KAPLAMA - Astrolog Elvan\",\"isPartOf\":{\"@id\":\"https:\\\/\\\/astrologelvan.com\\\/magaza\\\/#website\"},\"primaryImageOfPage\":{\"@id\":\"https:\\\/\\\/astrologelvan.com\\\/magaza\\\/urun\\\/amon-bereket-kupesi-925-ayar-gumus-uzeri-altin-kaplama\\\/#primaryimage\"},\"image\":{\"@id\":\"https:\\\/\\\/astrologelvan.com\\\/magaza\\\/urun\\\/amon-bereket-kupesi-925-ayar-gumus-uzeri-altin-kaplama\\\/#primaryimage\"},\"thumbnailUrl\":\"https:\\\/\\\/astrologelvan.com\\\/magaza\\\/wp-content\\\/uploads\\\/2026\\\/01\\\/438F7799-4067-435A-AC7F-6DDA50DF2126.webp\",\"datePublished\":\"2026-01-28T12:34:21+00:00\",\"dateModified\":\"2026-02-03T10:00:32+00:00\",\"breadcrumb\":{\"@id\":\"https:\\\/\\\/astrologelvan.com\\\/magaza\\\/urun\\\/amon-bereket-kupesi-925-ayar-gumus-uzeri-altin-kaplama\\\/#breadcrumb\"},\"inLanguage\":\"tr\",\"potentialAction\":[{\"@type\":\"ReadAction\",\"target\":[\"https:\\\/\\\/astrologelvan.com\\\/magaza\\\/urun\\\/amon-bereket-kupesi-925-ayar-gumus-uzeri-altin-kaplama\\\/\"]}]},{\"@type\":\"ImageObject\",\"inLanguage\":\"tr\",\"@id\":\"https:\\\/\\\/astrologelvan.com\\\/magaza\\\/urun\\\/amon-bereket-kupesi-925-ayar-gumus-uzeri-altin-kaplama\\\/#primaryimage\",\"url\":\"https:\\\/\\\/astrologelvan.com\\\/magaza\\\/wp-content\\\/uploads\\\/2026\\\/01\\\/438F7799-4067-435A-AC7F-6DDA50DF2126.webp\",\"contentUrl\":\"https:\\\/\\\/astrologelvan.com\\\/magaza\\\/wp-content\\\/uploads\\\/2026\\\/01\\\/438F7799-4067-435A-AC7F-6DDA50DF2126.webp\",\"width\":1024,\"height\":1536},{\"@type\":\"BreadcrumbList\",\"@id\":\"https:\\\/\\\/astrologelvan.com\\\/magaza\\\/urun\\\/amon-bereket-kupesi-925-ayar-gumus-uzeri-altin-kaplama\\\/#breadcrumb\",\"itemListElement\":[{\"@type\":\"ListItem\",\"position\":1,\"name\":\"Anasayfa\",\"item\":\"https:\\\/\\\/astrologelvan.com\\\/magaza\\\/\"},{\"@type\":\"ListItem\",\"position\":2,\"name\":\"Ma\u011faza\",\"item\":\"https:\\\/\\\/astrologelvan.com\\\/magaza\\\/magaza\\\/\"},{\"@type\":\"ListItem\",\"position\":3,\"name\":\"AMON BEREKET K\u00dcPES\u0130 | 925 AYAR G\u00dcM\u00dc\u015e \u00dcZER\u0130 KARARTMA VE ALTIN KAPLAMA\"}]},{\"@type\":\"WebSite\",\"@id\":\"https:\\\/\\\/astrologelvan.com\\\/magaza\\\/#website\",\"url\":\"https:\\\/\\\/astrologelvan.com\\\/magaza\\\/\",\"name\":\"Astrolog Elvan\",\"description\":\"\",\"potentialAction\":[{\"@type\":\"SearchAction\",\"target\":{\"@type\":\"EntryPoint\",\"urlTemplate\":\"https:\\\/\\\/astrologelvan.com\\\/magaza\\\/?s={search_term_string}\"},\"query-input\":{\"@type\":\"PropertyValueSpecification\",\"valueRequired\":true,\"valueName\":\"search_term_string\"}}],\"inLanguage\":\"tr\"}]}<\/script>\n<!-- \/ Yoast SEO plugin. -->","yoast_head_json":{"title":"AMON BEREKET K\u00dcPES\u0130 | 925 AYAR G\u00dcM\u00dc\u015e \u00dcZER\u0130 KARARTMA VE ALTIN KAPLAMA - Astrolog Elvan","robots":{"index":"index","follow":"follow","max-snippet":"max-snippet:-1","max-image-preview":"max-image-preview:large","max-video-preview":"max-video-preview:-1"},"canonical":"https:\/\/astrologelvan.com\/magaza\/urun\/amon-bereket-kupesi-925-ayar-gumus-uzeri-altin-kaplama\/","og_locale":"tr_TR","og_type":"article","og_title":"AMON BEREKET K\u00dcPES\u0130 | 925 AYAR G\u00dcM\u00dc\u015e \u00dcZER\u0130 KARARTMA VE ALTIN KAPLAMA - Astrolog Elvan","og_description":"Kadim M\u0131s\u0131r\u2019\u0131n bolluk ve yarat\u0131m enerjisinden ilham al\u0131r. Bereketi, g\u00fc\u00e7lenmeyi ve ak\u0131\u015fta olmay\u0131 simgeleyen sembolleriyle hem enerjini y\u00fckseltir hem stiline mistik bir anlam katar.  Bolluk frekans\u0131n\u0131 \u00fczerinde ta\u015f\u0131mak isteyenler i\u00e7in \u00f6zel bir par\u00e7a.  El Yap\u0131m\u0131 \u00d6zel Tasar\u0131m","og_url":"https:\/\/astrologelvan.com\/magaza\/urun\/amon-bereket-kupesi-925-ayar-gumus-uzeri-altin-kaplama\/","og_site_name":"Astrolog Elvan","article_modified_time":"2026-02-03T10:00:32+00:00","og_image":[{"width":1024,"height":1536,"url":"https:\/\/astrologelvan.com\/magaza\/wp-content\/uploads\/2026\/01\/438F7799-4067-435A-AC7F-6DDA50DF2126.webp","type":"image\/webp"}],"twitter_card":"summary_large_image","twitter_misc":{"Tahmini okuma s\u00fcresi":"1 dakika"},"schema":{"@context":"https:\/\/schema.org","@graph":[{"@type":["WebPage","ItemPage"],"@id":"https:\/\/astrologelvan.com\/magaza\/urun\/amon-bereket-kupesi-925-ayar-gumus-uzeri-altin-kaplama\/","url":"https:\/\/astrologelvan.com\/magaza\/urun\/amon-bereket-kupesi-925-ayar-gumus-uzeri-altin-kaplama\/","name":"AMON BEREKET K\u00dcPES\u0130 | 925 AYAR G\u00dcM\u00dc\u015e \u00dcZER\u0130 KARARTMA VE ALTIN KAPLAMA - Astrolog Elvan","isPartOf":{"@id":"https:\/\/astrologelvan.com\/magaza\/#website"},"primaryImageOfPage":{"@id":"https:\/\/astrologelvan.com\/magaza\/urun\/amon-bereket-kupesi-925-ayar-gumus-uzeri-altin-kaplama\/#primaryimage"},"image":{"@id":"https:\/\/astrologelvan.com\/magaza\/urun\/amon-bereket-kupesi-925-ayar-gumus-uzeri-altin-kaplama\/#primaryimage"},"thumbnailUrl":"https:\/\/astrologelvan.com\/magaza\/wp-content\/uploads\/2026\/01\/438F7799-4067-435A-AC7F-6DDA50DF2126.webp","datePublished":"2026-01-28T12:34:21+00:00","dateModified":"2026-02-03T10:00:32+00:00","breadcrumb":{"@id":"https:\/\/astrologelvan.com\/magaza\/urun\/amon-bereket-kupesi-925-ayar-gumus-uzeri-altin-kaplama\/#breadcrumb"},"inLanguage":"tr","potentialAction":[{"@type":"ReadAction","target":["https:\/\/astrologelvan.com\/magaza\/urun\/amon-bereket-kupesi-925-ayar-gumus-uzeri-altin-kaplama\/"]}]},{"@type":"ImageObject","inLanguage":"tr","@id":"https:\/\/astrologelvan.com\/magaza\/urun\/amon-bereket-kupesi-925-ayar-gumus-uzeri-altin-kaplama\/#primaryimage","url":"https:\/\/astrologelvan.com\/magaza\/wp-content\/uploads\/2026\/01\/438F7799-4067-435A-AC7F-6DDA50DF2126.webp","contentUrl":"https:\/\/astrologelvan.com\/magaza\/wp-content\/uploads\/2026\/01\/438F7799-4067-435A-AC7F-6DDA50DF2126.webp","width":1024,"height":1536},{"@type":"BreadcrumbList","@id":"https:\/\/astrologelvan.com\/magaza\/urun\/amon-bereket-kupesi-925-ayar-gumus-uzeri-altin-kaplama\/#breadcrumb","itemListElement":[{"@type":"ListItem","position":1,"name":"Anasayfa","item":"https:\/\/astrologelvan.com\/magaza\/"},{"@type":"ListItem","position":2,"name":"Ma\u011faza","item":"https:\/\/astrologelvan.com\/magaza\/magaza\/"},{"@type":"ListItem","position":3,"name":"AMON BEREKET K\u00dcPES\u0130 | 925 AYAR G\u00dcM\u00dc\u015e \u00dcZER\u0130 KARARTMA VE ALTIN KAPLAMA"}]},{"@type":"WebSite","@id":"https:\/\/astrologelvan.com\/magaza\/#website","url":"https:\/\/astrologelvan.com\/magaza\/","name":"Astrolog Elvan","description":"","potentialAction":[{"@type":"SearchAction","target":{"@type":"EntryPoint","urlTemplate":"https:\/\/astrologelvan.com\/magaza\/?s={search_term_string}"},"query-input":{"@type":"PropertyValueSpecification","valueRequired":true,"valueName":"search_term_string"}}],"inLanguage":"tr"}]}},"_links":{"self":[{"href":"https:\/\/astrologelvan.com\/magaza\/wp-json\/wp\/v2\/product\/150823","targetHints":{"allow":["GET"]}}],"collection":[{"href":"https:\/\/astrologelvan.com\/magaza\/wp-json\/wp\/v2\/product"}],"about":[{"href":"https:\/\/astrologelvan.com\/magaza\/wp-json\/wp\/v2\/types\/product"}],"replies":[{"embeddable":true,"href":"https:\/\/astrologelvan.com\/magaza\/wp-json\/wp\/v2\/comments?post=150823"}],"wp:featuredmedia":[{"embeddable":true,"href":"https:\/\/astrologelvan.com\/magaza\/wp-json\/wp\/v2\/media\/150824"}],"wp:attachment":[{"href":"https:\/\/astrologelvan.com\/magaza\/wp-json\/wp\/v2\/media?parent=150823"}],"wp:term":[{"taxonomy":"product_brand","embeddable":true,"href":"https:\/\/astrologelvan.com\/magaza\/wp-json\/wp\/v2\/product_brand?post=150823"},{"taxonomy":"product_cat","embeddable":true,"href":"https:\/\/astrologelvan.com\/magaza\/wp-json\/wp\/v2\/product_cat?post=150823"},{"taxonomy":"product_tag","embeddable":true,"href":"https:\/\/astrologelvan.com\/magaza\/wp-json\/wp\/v2\/product_tag?post=150823"}],"curies":[{"name":"wp","href":"https:\/\/api.w.org\/{rel}","templated":true}]}}