{"id":15044,"date":"2024-08-12T13:44:20","date_gmt":"2024-08-12T10:44:20","guid":{"rendered":"https:\/\/astrologelvan.com\/magaza\/?post_type=product&#038;p=15044"},"modified":"2025-11-03T15:08:09","modified_gmt":"2025-11-03T12:08:09","slug":"mor-zumrut-bileklik","status":"publish","type":"product","link":"https:\/\/astrologelvan.com\/magaza\/urun\/mor-zumrut-bileklik\/","title":{"rendered":"MOR Z\u00dcMR\u00dcT B\u0130LEKL\u0130K"},"content":{"rendered":"<p><strong>\u00dcr\u00fcn \u00d6zellikleri:<\/strong><\/p>\n<p>Bilekli\u011fin A\u011f\u0131rl\u0131\u011f\u0131: 20,6 Gram<\/p>\n<p class=\"s7\"><span class=\"s3\"><span class=\"bumpedFont15\">Ta\u015flar\u0131n yakla\u015f\u0131k \u00f6l\u00e7\u00fcs\u00fc: 8<\/span><\/span><span class=\"s3\"><span class=\"bumpedFont15\">\u00a0<\/span><\/span><span class=\"s3\"><span class=\"bumpedFont15\">mm<\/span><\/span><\/p>\n","protected":false},"excerpt":{"rendered":"<p>Tarihi M\u0131s\u0131r\u2019daki z\u00fcmr\u00fct madenlerine M.\u00d6. 1650 y\u0131l\u0131na kadar uzan\u0131r. Mitolojinin ve efsanelerin ta\u015f\u0131\u00a0<strong>Z\u00fcmr\u00fct<\/strong>, d\u00fcnyan\u0131n en de\u011ferli 4 ta\u015f\u0131ndan biridir.\u00a0Z\u00fcmr\u00fct ta\u015f\u0131, Osmanl\u0131 d\u00f6neminde padi\u015fahlar\u0131n k\u0131l\u0131c\u0131n\u0131 s\u00fcsleyen de\u011ferli bir ta\u015ft\u0131r.\u00a0Asaleti, g\u00fcc\u00fc ve zenginli\u011fi ifade eder.<\/p>\n<ul>\n<li>Sakinle\u015ftirici \u00f6zelli\u011fi vard\u0131r.<\/li>\n<li>Akl\u0131 g\u00fc\u00e7lendirir ve zihin a\u00e7\u0131kl\u0131\u011f\u0131 verir.<\/li>\n<li>Sadakat Ta\u015f\u0131d\u0131r.<\/li>\n<li>Ki\u015fiye sevgi duygusu verir.<\/li>\n<li>Ya\u015fama sevincini art\u0131r\u0131r.<\/li>\n<\/ul>\n","protected":false},"featured_media":15045,"comment_status":"open","ping_status":"closed","template":"","meta":[],"product_brand":[],"product_cat":[26,9540],"product_tag":[],"class_list":{"0":"post-15044","1":"product","2":"type-product","3":"status-publish","4":"has-post-thumbnail","6":"product_cat-genel","7":"product_cat-zumrutler","9":"first","10":"instock","11":"taxable","12":"shipping-taxable","13":"purchasable","14":"product-type-simple"},"yoast_head":"<!-- This site is optimized with the Yoast SEO plugin v27.3 - https:\/\/yoast.com\/product\/yoast-seo-wordpress\/ -->\n<title>MOR Z\u00dcMR\u00dcT B\u0130LEKL\u0130K - Astrolog Elvan<\/title>\n<meta name=\"robots\" content=\"index, follow, max-snippet:-1, max-image-preview:large, max-video-preview:-1\" \/>\n<link rel=\"canonical\" href=\"https:\/\/astrologelvan.com\/magaza\/urun\/mor-zumrut-bileklik\/\" \/>\n<meta property=\"og:locale\" content=\"tr_TR\" \/>\n<meta property=\"og:type\" content=\"article\" \/>\n<meta property=\"og:title\" content=\"MOR Z\u00dcMR\u00dcT B\u0130LEKL\u0130K - Astrolog Elvan\" \/>\n<meta property=\"og:description\" content=\"Tarihi M\u0131s\u0131r\u2019daki z\u00fcmr\u00fct madenlerine M.\u00d6. 1650 y\u0131l\u0131na kadar uzan\u0131r. Mitolojinin ve efsanelerin ta\u015f\u0131\u00a0Z\u00fcmr\u00fct, d\u00fcnyan\u0131n en de\u011ferli 4 ta\u015f\u0131ndan biridir.\u00a0Z\u00fcmr\u00fct ta\u015f\u0131, Osmanl\u0131 d\u00f6neminde padi\u015fahlar\u0131n k\u0131l\u0131c\u0131n\u0131 s\u00fcsleyen de\u011ferli bir ta\u015ft\u0131r.\u00a0Asaleti, g\u00fcc\u00fc ve zenginli\u011fi ifade eder.   Sakinle\u015ftirici \u00f6zelli\u011fi vard\u0131r.  Akl\u0131 g\u00fc\u00e7lendirir ve zihin a\u00e7\u0131kl\u0131\u011f\u0131 verir.  Sadakat Ta\u015f\u0131d\u0131r.  Ki\u015fiye sevgi duygusu verir.  Ya\u015fama sevincini art\u0131r\u0131r.\" \/>\n<meta property=\"og:url\" content=\"https:\/\/astrologelvan.com\/magaza\/urun\/mor-zumrut-bileklik\/\" \/>\n<meta property=\"og:site_name\" content=\"Astrolog Elvan\" \/>\n<meta property=\"article:modified_time\" content=\"2025-11-03T12:08:09+00:00\" \/>\n<meta property=\"og:image\" content=\"https:\/\/astrologelvan.com\/magaza\/wp-content\/uploads\/2024\/08\/2-2.jpg\" \/>\n\t<meta property=\"og:image:width\" content=\"1600\" \/>\n\t<meta property=\"og:image:height\" content=\"1600\" \/>\n\t<meta property=\"og:image:type\" content=\"image\/jpeg\" \/>\n<meta name=\"twitter:card\" content=\"summary_large_image\" \/>\n<meta name=\"twitter:label1\" content=\"Tahmini okuma s\u00fcresi\" \/>\n\t<meta name=\"twitter:data1\" content=\"1 dakika\" \/>\n<script type=\"application\/ld+json\" class=\"yoast-schema-graph\">{\"@context\":\"https:\\\/\\\/schema.org\",\"@graph\":[{\"@type\":[\"WebPage\",\"ItemPage\"],\"@id\":\"https:\\\/\\\/astrologelvan.com\\\/magaza\\\/urun\\\/mor-zumrut-bileklik\\\/\",\"url\":\"https:\\\/\\\/astrologelvan.com\\\/magaza\\\/urun\\\/mor-zumrut-bileklik\\\/\",\"name\":\"MOR Z\u00dcMR\u00dcT B\u0130LEKL\u0130K - Astrolog Elvan\",\"isPartOf\":{\"@id\":\"https:\\\/\\\/astrologelvan.com\\\/magaza\\\/#website\"},\"primaryImageOfPage\":{\"@id\":\"https:\\\/\\\/astrologelvan.com\\\/magaza\\\/urun\\\/mor-zumrut-bileklik\\\/#primaryimage\"},\"image\":{\"@id\":\"https:\\\/\\\/astrologelvan.com\\\/magaza\\\/urun\\\/mor-zumrut-bileklik\\\/#primaryimage\"},\"thumbnailUrl\":\"https:\\\/\\\/astrologelvan.com\\\/magaza\\\/wp-content\\\/uploads\\\/2024\\\/08\\\/2-2.jpg\",\"datePublished\":\"2024-08-12T10:44:20+00:00\",\"dateModified\":\"2025-11-03T12:08:09+00:00\",\"breadcrumb\":{\"@id\":\"https:\\\/\\\/astrologelvan.com\\\/magaza\\\/urun\\\/mor-zumrut-bileklik\\\/#breadcrumb\"},\"inLanguage\":\"tr\",\"potentialAction\":[{\"@type\":\"ReadAction\",\"target\":[\"https:\\\/\\\/astrologelvan.com\\\/magaza\\\/urun\\\/mor-zumrut-bileklik\\\/\"]}]},{\"@type\":\"ImageObject\",\"inLanguage\":\"tr\",\"@id\":\"https:\\\/\\\/astrologelvan.com\\\/magaza\\\/urun\\\/mor-zumrut-bileklik\\\/#primaryimage\",\"url\":\"https:\\\/\\\/astrologelvan.com\\\/magaza\\\/wp-content\\\/uploads\\\/2024\\\/08\\\/2-2.jpg\",\"contentUrl\":\"https:\\\/\\\/astrologelvan.com\\\/magaza\\\/wp-content\\\/uploads\\\/2024\\\/08\\\/2-2.jpg\",\"width\":1600,\"height\":1600},{\"@type\":\"BreadcrumbList\",\"@id\":\"https:\\\/\\\/astrologelvan.com\\\/magaza\\\/urun\\\/mor-zumrut-bileklik\\\/#breadcrumb\",\"itemListElement\":[{\"@type\":\"ListItem\",\"position\":1,\"name\":\"Anasayfa\",\"item\":\"https:\\\/\\\/astrologelvan.com\\\/magaza\\\/\"},{\"@type\":\"ListItem\",\"position\":2,\"name\":\"Ma\u011faza\",\"item\":\"https:\\\/\\\/astrologelvan.com\\\/magaza\\\/magaza\\\/\"},{\"@type\":\"ListItem\",\"position\":3,\"name\":\"MOR Z\u00dcMR\u00dcT B\u0130LEKL\u0130K\"}]},{\"@type\":\"WebSite\",\"@id\":\"https:\\\/\\\/astrologelvan.com\\\/magaza\\\/#website\",\"url\":\"https:\\\/\\\/astrologelvan.com\\\/magaza\\\/\",\"name\":\"Astrolog Elvan\",\"description\":\"\",\"potentialAction\":[{\"@type\":\"SearchAction\",\"target\":{\"@type\":\"EntryPoint\",\"urlTemplate\":\"https:\\\/\\\/astrologelvan.com\\\/magaza\\\/?s={search_term_string}\"},\"query-input\":{\"@type\":\"PropertyValueSpecification\",\"valueRequired\":true,\"valueName\":\"search_term_string\"}}],\"inLanguage\":\"tr\"}]}<\/script>\n<!-- \/ Yoast SEO plugin. -->","yoast_head_json":{"title":"MOR Z\u00dcMR\u00dcT B\u0130LEKL\u0130K - Astrolog Elvan","robots":{"index":"index","follow":"follow","max-snippet":"max-snippet:-1","max-image-preview":"max-image-preview:large","max-video-preview":"max-video-preview:-1"},"canonical":"https:\/\/astrologelvan.com\/magaza\/urun\/mor-zumrut-bileklik\/","og_locale":"tr_TR","og_type":"article","og_title":"MOR Z\u00dcMR\u00dcT B\u0130LEKL\u0130K - Astrolog Elvan","og_description":"Tarihi M\u0131s\u0131r\u2019daki z\u00fcmr\u00fct madenlerine M.\u00d6. 1650 y\u0131l\u0131na kadar uzan\u0131r. Mitolojinin ve efsanelerin ta\u015f\u0131\u00a0Z\u00fcmr\u00fct, d\u00fcnyan\u0131n en de\u011ferli 4 ta\u015f\u0131ndan biridir.\u00a0Z\u00fcmr\u00fct ta\u015f\u0131, Osmanl\u0131 d\u00f6neminde padi\u015fahlar\u0131n k\u0131l\u0131c\u0131n\u0131 s\u00fcsleyen de\u011ferli bir ta\u015ft\u0131r.\u00a0Asaleti, g\u00fcc\u00fc ve zenginli\u011fi ifade eder.   Sakinle\u015ftirici \u00f6zelli\u011fi vard\u0131r.  Akl\u0131 g\u00fc\u00e7lendirir ve zihin a\u00e7\u0131kl\u0131\u011f\u0131 verir.  Sadakat Ta\u015f\u0131d\u0131r.  Ki\u015fiye sevgi duygusu verir.  Ya\u015fama sevincini art\u0131r\u0131r.","og_url":"https:\/\/astrologelvan.com\/magaza\/urun\/mor-zumrut-bileklik\/","og_site_name":"Astrolog Elvan","article_modified_time":"2025-11-03T12:08:09+00:00","og_image":[{"width":1600,"height":1600,"url":"https:\/\/astrologelvan.com\/magaza\/wp-content\/uploads\/2024\/08\/2-2.jpg","type":"image\/jpeg"}],"twitter_card":"summary_large_image","twitter_misc":{"Tahmini okuma s\u00fcresi":"1 dakika"},"schema":{"@context":"https:\/\/schema.org","@graph":[{"@type":["WebPage","ItemPage"],"@id":"https:\/\/astrologelvan.com\/magaza\/urun\/mor-zumrut-bileklik\/","url":"https:\/\/astrologelvan.com\/magaza\/urun\/mor-zumrut-bileklik\/","name":"MOR Z\u00dcMR\u00dcT B\u0130LEKL\u0130K - Astrolog Elvan","isPartOf":{"@id":"https:\/\/astrologelvan.com\/magaza\/#website"},"primaryImageOfPage":{"@id":"https:\/\/astrologelvan.com\/magaza\/urun\/mor-zumrut-bileklik\/#primaryimage"},"image":{"@id":"https:\/\/astrologelvan.com\/magaza\/urun\/mor-zumrut-bileklik\/#primaryimage"},"thumbnailUrl":"https:\/\/astrologelvan.com\/magaza\/wp-content\/uploads\/2024\/08\/2-2.jpg","datePublished":"2024-08-12T10:44:20+00:00","dateModified":"2025-11-03T12:08:09+00:00","breadcrumb":{"@id":"https:\/\/astrologelvan.com\/magaza\/urun\/mor-zumrut-bileklik\/#breadcrumb"},"inLanguage":"tr","potentialAction":[{"@type":"ReadAction","target":["https:\/\/astrologelvan.com\/magaza\/urun\/mor-zumrut-bileklik\/"]}]},{"@type":"ImageObject","inLanguage":"tr","@id":"https:\/\/astrologelvan.com\/magaza\/urun\/mor-zumrut-bileklik\/#primaryimage","url":"https:\/\/astrologelvan.com\/magaza\/wp-content\/uploads\/2024\/08\/2-2.jpg","contentUrl":"https:\/\/astrologelvan.com\/magaza\/wp-content\/uploads\/2024\/08\/2-2.jpg","width":1600,"height":1600},{"@type":"BreadcrumbList","@id":"https:\/\/astrologelvan.com\/magaza\/urun\/mor-zumrut-bileklik\/#breadcrumb","itemListElement":[{"@type":"ListItem","position":1,"name":"Anasayfa","item":"https:\/\/astrologelvan.com\/magaza\/"},{"@type":"ListItem","position":2,"name":"Ma\u011faza","item":"https:\/\/astrologelvan.com\/magaza\/magaza\/"},{"@type":"ListItem","position":3,"name":"MOR Z\u00dcMR\u00dcT B\u0130LEKL\u0130K"}]},{"@type":"WebSite","@id":"https:\/\/astrologelvan.com\/magaza\/#website","url":"https:\/\/astrologelvan.com\/magaza\/","name":"Astrolog Elvan","description":"","potentialAction":[{"@type":"SearchAction","target":{"@type":"EntryPoint","urlTemplate":"https:\/\/astrologelvan.com\/magaza\/?s={search_term_string}"},"query-input":{"@type":"PropertyValueSpecification","valueRequired":true,"valueName":"search_term_string"}}],"inLanguage":"tr"}]}},"_links":{"self":[{"href":"https:\/\/astrologelvan.com\/magaza\/wp-json\/wp\/v2\/product\/15044","targetHints":{"allow":["GET"]}}],"collection":[{"href":"https:\/\/astrologelvan.com\/magaza\/wp-json\/wp\/v2\/product"}],"about":[{"href":"https:\/\/astrologelvan.com\/magaza\/wp-json\/wp\/v2\/types\/product"}],"replies":[{"embeddable":true,"href":"https:\/\/astrologelvan.com\/magaza\/wp-json\/wp\/v2\/comments?post=15044"}],"wp:featuredmedia":[{"embeddable":true,"href":"https:\/\/astrologelvan.com\/magaza\/wp-json\/wp\/v2\/media\/15045"}],"wp:attachment":[{"href":"https:\/\/astrologelvan.com\/magaza\/wp-json\/wp\/v2\/media?parent=15044"}],"wp:term":[{"taxonomy":"product_brand","embeddable":true,"href":"https:\/\/astrologelvan.com\/magaza\/wp-json\/wp\/v2\/product_brand?post=15044"},{"taxonomy":"product_cat","embeddable":true,"href":"https:\/\/astrologelvan.com\/magaza\/wp-json\/wp\/v2\/product_cat?post=15044"},{"taxonomy":"product_tag","embeddable":true,"href":"https:\/\/astrologelvan.com\/magaza\/wp-json\/wp\/v2\/product_tag?post=15044"}],"curies":[{"name":"wp","href":"https:\/\/api.w.org\/{rel}","templated":true}]}}