{"id":150405,"date":"2026-01-27T16:17:38","date_gmt":"2026-01-27T13:17:38","guid":{"rendered":"https:\/\/astrologelvan.com\/magaza\/?post_type=product&#038;p=150405"},"modified":"2026-04-09T02:34:39","modified_gmt":"2026-04-08T23:34:39","slug":"baby-venus-ask-mantrasi-925-ayar-gumus-uzeri-altin-kaplama","status":"publish","type":"product","link":"https:\/\/astrologelvan.com\/magaza\/urun\/baby-venus-ask-mantrasi-925-ayar-gumus-uzeri-altin-kaplama\/","title":{"rendered":"BABY VEN\u00dcS A\u015eK MANTRASI | 925 AYAR G\u00dcM\u00dc\u015e \u00dcZER\u0130 ALTIN KAPLAMA"},"content":{"rendered":"","protected":false},"excerpt":{"rendered":"<p>En \u00e7ok satanlar aras\u0131ndaki Ven\u00fcs A\u015fk Mantras\u0131\u2019n\u0131n yeni, minimal versiyonu art\u0131k sizlerle.<\/p>\n<p>Ven\u00fcs, astrolojide a\u015fk, sevgi, fl\u00f6rt, refah ve zenginlik konular\u0131yla ilgilidir. As\u0131rlard\u0131r Hindistan\u2019da kullan\u0131lan en pop\u00fcler a\u015fk mantras\u0131 \u015fimdi g\u00fcm\u00fc\u015f \u00fczeri alt\u0131n kaplama ve mine i\u015flemeli muhte\u015fem bir tasar\u0131mla sizlerle!<br \/>\nYapman\u0131z gereken 30 g\u00fcn boyunca Ven\u00fcs Mantra Kolyeyi takmak. A\u015fk, sevmek, sevilmek, lay\u0131k oldu\u011funuz partnerleri hayat\u0131n\u0131za \u00e7ekmek, zor giden bir ili\u015fkiyi dengelemek, kendi zenginlik ve refah frekans\u0131n\u0131z\u0131 artt\u0131rmak i\u00e7in kullan\u0131n. Muhte\u015fem sonu\u00e7lar alacaks\u0131n\u0131z.<\/p>\n<p><strong>\u00dcr\u00fcn \u00d6zellikleri<\/strong><br \/>\n925 Ayar G\u00fcm\u00fc\u015f \u00dczeri Alt\u0131n Kaplama<br \/>\nZincir Uzunlu\u011fu :45 cm<br \/>\n\u00dcr\u00fcn A\u011f\u0131rl\u0131\u011f\u0131:3.30 gr<\/p>\n<p><span style=\"color: #ed1c24\">Bu \u00fcr\u00fcn el yap\u0131m\u0131d\u0131r ve \u00f6n sat\u0131\u015f kapsam\u0131ndad\u0131r. At\u00f6lye s\u00fcreci yakla\u015f\u0131k 10\u201315 i\u015f g\u00fcn\u00fcd\u00fcr.<\/span><\/p>\n","protected":false},"featured_media":150406,"comment_status":"open","ping_status":"closed","template":"","meta":[],"product_brand":[596],"product_cat":[48],"product_tag":[],"class_list":{"0":"post-150405","1":"product","2":"type-product","3":"status-publish","4":"has-post-thumbnail","6":"product_brand-astrolog-elvan","7":"product_cat-kolyeler","9":"first","10":"instock","11":"purchasable","12":"product-type-simple"},"yoast_head":"<!-- This site is optimized with the Yoast SEO plugin v27.3 - https:\/\/yoast.com\/product\/yoast-seo-wordpress\/ -->\n<title>BABY VEN\u00dcS A\u015eK MANTRASI | 925 AYAR G\u00dcM\u00dc\u015e \u00dcZER\u0130 ALTIN KAPLAMA - Astrolog Elvan<\/title>\n<meta name=\"robots\" content=\"index, follow, max-snippet:-1, max-image-preview:large, max-video-preview:-1\" \/>\n<link rel=\"canonical\" href=\"https:\/\/astrologelvan.com\/magaza\/urun\/baby-venus-ask-mantrasi-925-ayar-gumus-uzeri-altin-kaplama\/\" \/>\n<meta property=\"og:locale\" content=\"tr_TR\" \/>\n<meta property=\"og:type\" content=\"article\" \/>\n<meta property=\"og:title\" content=\"BABY VEN\u00dcS A\u015eK MANTRASI | 925 AYAR G\u00dcM\u00dc\u015e \u00dcZER\u0130 ALTIN KAPLAMA - Astrolog Elvan\" \/>\n<meta property=\"og:description\" content=\"En \u00e7ok satanlar aras\u0131ndaki Ven\u00fcs A\u015fk Mantras\u0131\u2019n\u0131n yeni, minimal versiyonu art\u0131k sizlerle.  Ven\u00fcs, astrolojide a\u015fk, sevgi, fl\u00f6rt, refah ve zenginlik konular\u0131yla ilgilidir. As\u0131rlard\u0131r Hindistan\u2019da kullan\u0131lan en pop\u00fcler a\u015fk mantras\u0131 \u015fimdi g\u00fcm\u00fc\u015f \u00fczeri alt\u0131n kaplama ve mine i\u015flemeli muhte\u015fem bir tasar\u0131mla sizlerle! Yapman\u0131z gereken 30 g\u00fcn boyunca Ven\u00fcs Mantra Kolyeyi takmak. A\u015fk, sevmek, sevilmek, lay\u0131k oldu\u011funuz partnerleri hayat\u0131n\u0131za \u00e7ekmek, zor giden bir ili\u015fkiyi dengelemek, kendi zenginlik ve refah frekans\u0131n\u0131z\u0131 artt\u0131rmak i\u00e7in kullan\u0131n. Muhte\u015fem sonu\u00e7lar alacaks\u0131n\u0131z.  \u00dcr\u00fcn \u00d6zellikleri 925 Ayar G\u00fcm\u00fc\u015f \u00dczeri Alt\u0131n Kaplama Zincir Uzunlu\u011fu :45 cm \u00dcr\u00fcn A\u011f\u0131rl\u0131\u011f\u0131:3.30 gr  Bu \u00fcr\u00fcn el yap\u0131m\u0131d\u0131r ve \u00f6n sat\u0131\u015f kapsam\u0131ndad\u0131r. At\u00f6lye s\u00fcreci yakla\u015f\u0131k 10\u201315 i\u015f g\u00fcn\u00fcd\u00fcr.\" \/>\n<meta property=\"og:url\" content=\"https:\/\/astrologelvan.com\/magaza\/urun\/baby-venus-ask-mantrasi-925-ayar-gumus-uzeri-altin-kaplama\/\" \/>\n<meta property=\"og:site_name\" content=\"Astrolog Elvan\" \/>\n<meta property=\"article:modified_time\" content=\"2026-04-08T23:34:39+00:00\" \/>\n<meta property=\"og:image\" content=\"https:\/\/astrologelvan.com\/magaza\/wp-content\/uploads\/2026\/01\/Venus-ask-mantra.png\" \/>\n\t<meta property=\"og:image:width\" content=\"1024\" \/>\n\t<meta property=\"og:image:height\" content=\"1536\" \/>\n\t<meta property=\"og:image:type\" content=\"image\/png\" \/>\n<meta name=\"twitter:card\" content=\"summary_large_image\" \/>\n<meta name=\"twitter:label1\" content=\"Tahmini okuma s\u00fcresi\" \/>\n\t<meta name=\"twitter:data1\" content=\"1 dakika\" \/>\n<script type=\"application\/ld+json\" class=\"yoast-schema-graph\">{\"@context\":\"https:\\\/\\\/schema.org\",\"@graph\":[{\"@type\":[\"WebPage\",\"ItemPage\"],\"@id\":\"https:\\\/\\\/astrologelvan.com\\\/magaza\\\/urun\\\/baby-venus-ask-mantrasi-925-ayar-gumus-uzeri-altin-kaplama\\\/\",\"url\":\"https:\\\/\\\/astrologelvan.com\\\/magaza\\\/urun\\\/baby-venus-ask-mantrasi-925-ayar-gumus-uzeri-altin-kaplama\\\/\",\"name\":\"BABY VEN\u00dcS A\u015eK MANTRASI | 925 AYAR G\u00dcM\u00dc\u015e \u00dcZER\u0130 ALTIN KAPLAMA - Astrolog Elvan\",\"isPartOf\":{\"@id\":\"https:\\\/\\\/astrologelvan.com\\\/magaza\\\/#website\"},\"primaryImageOfPage\":{\"@id\":\"https:\\\/\\\/astrologelvan.com\\\/magaza\\\/urun\\\/baby-venus-ask-mantrasi-925-ayar-gumus-uzeri-altin-kaplama\\\/#primaryimage\"},\"image\":{\"@id\":\"https:\\\/\\\/astrologelvan.com\\\/magaza\\\/urun\\\/baby-venus-ask-mantrasi-925-ayar-gumus-uzeri-altin-kaplama\\\/#primaryimage\"},\"thumbnailUrl\":\"https:\\\/\\\/astrologelvan.com\\\/magaza\\\/wp-content\\\/uploads\\\/2026\\\/01\\\/Venus-ask-mantra.png\",\"datePublished\":\"2026-01-27T13:17:38+00:00\",\"dateModified\":\"2026-04-08T23:34:39+00:00\",\"breadcrumb\":{\"@id\":\"https:\\\/\\\/astrologelvan.com\\\/magaza\\\/urun\\\/baby-venus-ask-mantrasi-925-ayar-gumus-uzeri-altin-kaplama\\\/#breadcrumb\"},\"inLanguage\":\"tr\",\"potentialAction\":[{\"@type\":\"ReadAction\",\"target\":[\"https:\\\/\\\/astrologelvan.com\\\/magaza\\\/urun\\\/baby-venus-ask-mantrasi-925-ayar-gumus-uzeri-altin-kaplama\\\/\"]}]},{\"@type\":\"ImageObject\",\"inLanguage\":\"tr\",\"@id\":\"https:\\\/\\\/astrologelvan.com\\\/magaza\\\/urun\\\/baby-venus-ask-mantrasi-925-ayar-gumus-uzeri-altin-kaplama\\\/#primaryimage\",\"url\":\"https:\\\/\\\/astrologelvan.com\\\/magaza\\\/wp-content\\\/uploads\\\/2026\\\/01\\\/Venus-ask-mantra.png\",\"contentUrl\":\"https:\\\/\\\/astrologelvan.com\\\/magaza\\\/wp-content\\\/uploads\\\/2026\\\/01\\\/Venus-ask-mantra.png\",\"width\":1024,\"height\":1536},{\"@type\":\"BreadcrumbList\",\"@id\":\"https:\\\/\\\/astrologelvan.com\\\/magaza\\\/urun\\\/baby-venus-ask-mantrasi-925-ayar-gumus-uzeri-altin-kaplama\\\/#breadcrumb\",\"itemListElement\":[{\"@type\":\"ListItem\",\"position\":1,\"name\":\"Anasayfa\",\"item\":\"https:\\\/\\\/astrologelvan.com\\\/magaza\\\/\"},{\"@type\":\"ListItem\",\"position\":2,\"name\":\"Ma\u011faza\",\"item\":\"https:\\\/\\\/astrologelvan.com\\\/magaza\\\/magaza\\\/\"},{\"@type\":\"ListItem\",\"position\":3,\"name\":\"BABY VEN\u00dcS A\u015eK MANTRASI | 925 AYAR G\u00dcM\u00dc\u015e \u00dcZER\u0130 ALTIN KAPLAMA\"}]},{\"@type\":\"WebSite\",\"@id\":\"https:\\\/\\\/astrologelvan.com\\\/magaza\\\/#website\",\"url\":\"https:\\\/\\\/astrologelvan.com\\\/magaza\\\/\",\"name\":\"Astrolog Elvan\",\"description\":\"\",\"potentialAction\":[{\"@type\":\"SearchAction\",\"target\":{\"@type\":\"EntryPoint\",\"urlTemplate\":\"https:\\\/\\\/astrologelvan.com\\\/magaza\\\/?s={search_term_string}\"},\"query-input\":{\"@type\":\"PropertyValueSpecification\",\"valueRequired\":true,\"valueName\":\"search_term_string\"}}],\"inLanguage\":\"tr\"}]}<\/script>\n<!-- \/ Yoast SEO plugin. -->","yoast_head_json":{"title":"BABY VEN\u00dcS A\u015eK MANTRASI | 925 AYAR G\u00dcM\u00dc\u015e \u00dcZER\u0130 ALTIN KAPLAMA - Astrolog Elvan","robots":{"index":"index","follow":"follow","max-snippet":"max-snippet:-1","max-image-preview":"max-image-preview:large","max-video-preview":"max-video-preview:-1"},"canonical":"https:\/\/astrologelvan.com\/magaza\/urun\/baby-venus-ask-mantrasi-925-ayar-gumus-uzeri-altin-kaplama\/","og_locale":"tr_TR","og_type":"article","og_title":"BABY VEN\u00dcS A\u015eK MANTRASI | 925 AYAR G\u00dcM\u00dc\u015e \u00dcZER\u0130 ALTIN KAPLAMA - Astrolog Elvan","og_description":"En \u00e7ok satanlar aras\u0131ndaki Ven\u00fcs A\u015fk Mantras\u0131\u2019n\u0131n yeni, minimal versiyonu art\u0131k sizlerle.  Ven\u00fcs, astrolojide a\u015fk, sevgi, fl\u00f6rt, refah ve zenginlik konular\u0131yla ilgilidir. As\u0131rlard\u0131r Hindistan\u2019da kullan\u0131lan en pop\u00fcler a\u015fk mantras\u0131 \u015fimdi g\u00fcm\u00fc\u015f \u00fczeri alt\u0131n kaplama ve mine i\u015flemeli muhte\u015fem bir tasar\u0131mla sizlerle! Yapman\u0131z gereken 30 g\u00fcn boyunca Ven\u00fcs Mantra Kolyeyi takmak. A\u015fk, sevmek, sevilmek, lay\u0131k oldu\u011funuz partnerleri hayat\u0131n\u0131za \u00e7ekmek, zor giden bir ili\u015fkiyi dengelemek, kendi zenginlik ve refah frekans\u0131n\u0131z\u0131 artt\u0131rmak i\u00e7in kullan\u0131n. Muhte\u015fem sonu\u00e7lar alacaks\u0131n\u0131z.  \u00dcr\u00fcn \u00d6zellikleri 925 Ayar G\u00fcm\u00fc\u015f \u00dczeri Alt\u0131n Kaplama Zincir Uzunlu\u011fu :45 cm \u00dcr\u00fcn A\u011f\u0131rl\u0131\u011f\u0131:3.30 gr  Bu \u00fcr\u00fcn el yap\u0131m\u0131d\u0131r ve \u00f6n sat\u0131\u015f kapsam\u0131ndad\u0131r. At\u00f6lye s\u00fcreci yakla\u015f\u0131k 10\u201315 i\u015f g\u00fcn\u00fcd\u00fcr.","og_url":"https:\/\/astrologelvan.com\/magaza\/urun\/baby-venus-ask-mantrasi-925-ayar-gumus-uzeri-altin-kaplama\/","og_site_name":"Astrolog Elvan","article_modified_time":"2026-04-08T23:34:39+00:00","og_image":[{"width":1024,"height":1536,"url":"https:\/\/astrologelvan.com\/magaza\/wp-content\/uploads\/2026\/01\/Venus-ask-mantra.png","type":"image\/png"}],"twitter_card":"summary_large_image","twitter_misc":{"Tahmini okuma s\u00fcresi":"1 dakika"},"schema":{"@context":"https:\/\/schema.org","@graph":[{"@type":["WebPage","ItemPage"],"@id":"https:\/\/astrologelvan.com\/magaza\/urun\/baby-venus-ask-mantrasi-925-ayar-gumus-uzeri-altin-kaplama\/","url":"https:\/\/astrologelvan.com\/magaza\/urun\/baby-venus-ask-mantrasi-925-ayar-gumus-uzeri-altin-kaplama\/","name":"BABY VEN\u00dcS A\u015eK MANTRASI | 925 AYAR G\u00dcM\u00dc\u015e \u00dcZER\u0130 ALTIN KAPLAMA - Astrolog Elvan","isPartOf":{"@id":"https:\/\/astrologelvan.com\/magaza\/#website"},"primaryImageOfPage":{"@id":"https:\/\/astrologelvan.com\/magaza\/urun\/baby-venus-ask-mantrasi-925-ayar-gumus-uzeri-altin-kaplama\/#primaryimage"},"image":{"@id":"https:\/\/astrologelvan.com\/magaza\/urun\/baby-venus-ask-mantrasi-925-ayar-gumus-uzeri-altin-kaplama\/#primaryimage"},"thumbnailUrl":"https:\/\/astrologelvan.com\/magaza\/wp-content\/uploads\/2026\/01\/Venus-ask-mantra.png","datePublished":"2026-01-27T13:17:38+00:00","dateModified":"2026-04-08T23:34:39+00:00","breadcrumb":{"@id":"https:\/\/astrologelvan.com\/magaza\/urun\/baby-venus-ask-mantrasi-925-ayar-gumus-uzeri-altin-kaplama\/#breadcrumb"},"inLanguage":"tr","potentialAction":[{"@type":"ReadAction","target":["https:\/\/astrologelvan.com\/magaza\/urun\/baby-venus-ask-mantrasi-925-ayar-gumus-uzeri-altin-kaplama\/"]}]},{"@type":"ImageObject","inLanguage":"tr","@id":"https:\/\/astrologelvan.com\/magaza\/urun\/baby-venus-ask-mantrasi-925-ayar-gumus-uzeri-altin-kaplama\/#primaryimage","url":"https:\/\/astrologelvan.com\/magaza\/wp-content\/uploads\/2026\/01\/Venus-ask-mantra.png","contentUrl":"https:\/\/astrologelvan.com\/magaza\/wp-content\/uploads\/2026\/01\/Venus-ask-mantra.png","width":1024,"height":1536},{"@type":"BreadcrumbList","@id":"https:\/\/astrologelvan.com\/magaza\/urun\/baby-venus-ask-mantrasi-925-ayar-gumus-uzeri-altin-kaplama\/#breadcrumb","itemListElement":[{"@type":"ListItem","position":1,"name":"Anasayfa","item":"https:\/\/astrologelvan.com\/magaza\/"},{"@type":"ListItem","position":2,"name":"Ma\u011faza","item":"https:\/\/astrologelvan.com\/magaza\/magaza\/"},{"@type":"ListItem","position":3,"name":"BABY VEN\u00dcS A\u015eK MANTRASI | 925 AYAR G\u00dcM\u00dc\u015e \u00dcZER\u0130 ALTIN KAPLAMA"}]},{"@type":"WebSite","@id":"https:\/\/astrologelvan.com\/magaza\/#website","url":"https:\/\/astrologelvan.com\/magaza\/","name":"Astrolog Elvan","description":"","potentialAction":[{"@type":"SearchAction","target":{"@type":"EntryPoint","urlTemplate":"https:\/\/astrologelvan.com\/magaza\/?s={search_term_string}"},"query-input":{"@type":"PropertyValueSpecification","valueRequired":true,"valueName":"search_term_string"}}],"inLanguage":"tr"}]}},"_links":{"self":[{"href":"https:\/\/astrologelvan.com\/magaza\/wp-json\/wp\/v2\/product\/150405","targetHints":{"allow":["GET"]}}],"collection":[{"href":"https:\/\/astrologelvan.com\/magaza\/wp-json\/wp\/v2\/product"}],"about":[{"href":"https:\/\/astrologelvan.com\/magaza\/wp-json\/wp\/v2\/types\/product"}],"replies":[{"embeddable":true,"href":"https:\/\/astrologelvan.com\/magaza\/wp-json\/wp\/v2\/comments?post=150405"}],"wp:featuredmedia":[{"embeddable":true,"href":"https:\/\/astrologelvan.com\/magaza\/wp-json\/wp\/v2\/media\/150406"}],"wp:attachment":[{"href":"https:\/\/astrologelvan.com\/magaza\/wp-json\/wp\/v2\/media?parent=150405"}],"wp:term":[{"taxonomy":"product_brand","embeddable":true,"href":"https:\/\/astrologelvan.com\/magaza\/wp-json\/wp\/v2\/product_brand?post=150405"},{"taxonomy":"product_cat","embeddable":true,"href":"https:\/\/astrologelvan.com\/magaza\/wp-json\/wp\/v2\/product_cat?post=150405"},{"taxonomy":"product_tag","embeddable":true,"href":"https:\/\/astrologelvan.com\/magaza\/wp-json\/wp\/v2\/product_tag?post=150405"}],"curies":[{"name":"wp","href":"https:\/\/api.w.org\/{rel}","templated":true}]}}