{"id":149084,"date":"2026-01-19T11:10:28","date_gmt":"2026-01-19T08:10:28","guid":{"rendered":"https:\/\/astrologelvan.com\/magaza\/?post_type=product&#038;p=149084"},"modified":"2026-03-15T13:05:59","modified_gmt":"2026-03-15T10:05:59","slug":"antik-karatma-kolye-zinciri-925-ayar-gumus","status":"publish","type":"product","link":"https:\/\/astrologelvan.com\/magaza\/urun\/antik-karatma-kolye-zinciri-925-ayar-gumus\/","title":{"rendered":"ANT\u0130K KARARTMA KOLYE Z\u0130NC\u0130R\u0130 | 925 AYAR G\u00dcM\u00dc\u015e"},"content":{"rendered":"","protected":false},"excerpt":{"rendered":"<div>Zamans\u0131z, g\u00fc\u00e7l\u00fc ve karakter sahibi\u2026<\/div>\n<div>925 ayar g\u00fcm\u00fc\u015ften \u00fcretilen karartma kolye zinciri, oksitli dokusuyla klasik g\u00fcm\u00fc\u015f\u00fcn \u00f6tesinde derin ve asil bir stil sunar.<\/div>\n<div><\/div>\n<div>\u00d6zel karartma i\u015flemi sayesinde zincir; daha tok, daha mask\u00fclen ve mistik bir g\u00f6r\u00fcn\u00fcm kazan\u0131r. G\u00fcnl\u00fck kullan\u0131mda sade bir g\u00fc\u00e7 ifadesi olurken, kolye u\u00e7lar\u0131yla birlikte kullan\u0131ld\u0131\u011f\u0131nda tarz\u0131n\u0131 net bir \u015fekilde ortaya koyar.<\/div>\n","protected":false},"featured_media":149082,"comment_status":"open","ping_status":"closed","template":"","meta":[],"product_brand":[596],"product_cat":[9561,9562],"product_tag":[],"class_list":{"0":"post-149084","1":"product","2":"type-product","3":"status-publish","4":"has-post-thumbnail","6":"product_brand-astrolog-elvan","7":"product_cat-mistik-hazineler-koleksiyonu","8":"product_cat-zincirler","10":"first","11":"instock","12":"purchasable","13":"product-type-simple"},"yoast_head":"<!-- This site is optimized with the Yoast SEO plugin v27.3 - https:\/\/yoast.com\/product\/yoast-seo-wordpress\/ -->\n<title>ANT\u0130K KARARTMA KOLYE Z\u0130NC\u0130R\u0130 | 925 AYAR G\u00dcM\u00dc\u015e - Astrolog Elvan<\/title>\n<meta name=\"robots\" content=\"index, follow, max-snippet:-1, max-image-preview:large, max-video-preview:-1\" \/>\n<link rel=\"canonical\" href=\"https:\/\/astrologelvan.com\/magaza\/urun\/antik-karatma-kolye-zinciri-925-ayar-gumus\/\" \/>\n<meta property=\"og:locale\" content=\"tr_TR\" \/>\n<meta property=\"og:type\" content=\"article\" \/>\n<meta property=\"og:title\" content=\"ANT\u0130K KARARTMA KOLYE Z\u0130NC\u0130R\u0130 | 925 AYAR G\u00dcM\u00dc\u015e - Astrolog Elvan\" \/>\n<meta property=\"og:description\" content=\"Zamans\u0131z, g\u00fc\u00e7l\u00fc ve karakter sahibi\u2026 925 ayar g\u00fcm\u00fc\u015ften \u00fcretilen karartma kolye zinciri, oksitli dokusuyla klasik g\u00fcm\u00fc\u015f\u00fcn \u00f6tesinde derin ve asil bir stil sunar.  \u00d6zel karartma i\u015flemi sayesinde zincir; daha tok, daha mask\u00fclen ve mistik bir g\u00f6r\u00fcn\u00fcm kazan\u0131r. G\u00fcnl\u00fck kullan\u0131mda sade bir g\u00fc\u00e7 ifadesi olurken, kolye u\u00e7lar\u0131yla birlikte kullan\u0131ld\u0131\u011f\u0131nda tarz\u0131n\u0131 net bir \u015fekilde ortaya koyar.\" \/>\n<meta property=\"og:url\" content=\"https:\/\/astrologelvan.com\/magaza\/urun\/antik-karatma-kolye-zinciri-925-ayar-gumus\/\" \/>\n<meta property=\"og:site_name\" content=\"Astrolog Elvan\" \/>\n<meta property=\"article:modified_time\" content=\"2026-03-15T10:05:59+00:00\" \/>\n<meta property=\"og:image\" content=\"https:\/\/astrologelvan.com\/magaza\/wp-content\/uploads\/2026\/01\/WhatsApp-Image-2026-01-20-at-21.16.29.webp\" \/>\n\t<meta property=\"og:image:width\" content=\"1024\" \/>\n\t<meta property=\"og:image:height\" content=\"1536\" \/>\n\t<meta property=\"og:image:type\" content=\"image\/webp\" \/>\n<meta name=\"twitter:card\" content=\"summary_large_image\" \/>\n<meta name=\"twitter:label1\" content=\"Tahmini okuma s\u00fcresi\" \/>\n\t<meta name=\"twitter:data1\" content=\"1 dakika\" \/>\n<script type=\"application\/ld+json\" class=\"yoast-schema-graph\">{\"@context\":\"https:\\\/\\\/schema.org\",\"@graph\":[{\"@type\":[\"WebPage\",\"ItemPage\"],\"@id\":\"https:\\\/\\\/astrologelvan.com\\\/magaza\\\/urun\\\/antik-karatma-kolye-zinciri-925-ayar-gumus\\\/\",\"url\":\"https:\\\/\\\/astrologelvan.com\\\/magaza\\\/urun\\\/antik-karatma-kolye-zinciri-925-ayar-gumus\\\/\",\"name\":\"ANT\u0130K KARARTMA KOLYE Z\u0130NC\u0130R\u0130 | 925 AYAR G\u00dcM\u00dc\u015e - Astrolog Elvan\",\"isPartOf\":{\"@id\":\"https:\\\/\\\/astrologelvan.com\\\/magaza\\\/#website\"},\"primaryImageOfPage\":{\"@id\":\"https:\\\/\\\/astrologelvan.com\\\/magaza\\\/urun\\\/antik-karatma-kolye-zinciri-925-ayar-gumus\\\/#primaryimage\"},\"image\":{\"@id\":\"https:\\\/\\\/astrologelvan.com\\\/magaza\\\/urun\\\/antik-karatma-kolye-zinciri-925-ayar-gumus\\\/#primaryimage\"},\"thumbnailUrl\":\"https:\\\/\\\/astrologelvan.com\\\/magaza\\\/wp-content\\\/uploads\\\/2026\\\/01\\\/WhatsApp-Image-2026-01-20-at-21.16.29.webp\",\"datePublished\":\"2026-01-19T08:10:28+00:00\",\"dateModified\":\"2026-03-15T10:05:59+00:00\",\"breadcrumb\":{\"@id\":\"https:\\\/\\\/astrologelvan.com\\\/magaza\\\/urun\\\/antik-karatma-kolye-zinciri-925-ayar-gumus\\\/#breadcrumb\"},\"inLanguage\":\"tr\",\"potentialAction\":[{\"@type\":\"ReadAction\",\"target\":[\"https:\\\/\\\/astrologelvan.com\\\/magaza\\\/urun\\\/antik-karatma-kolye-zinciri-925-ayar-gumus\\\/\"]}]},{\"@type\":\"ImageObject\",\"inLanguage\":\"tr\",\"@id\":\"https:\\\/\\\/astrologelvan.com\\\/magaza\\\/urun\\\/antik-karatma-kolye-zinciri-925-ayar-gumus\\\/#primaryimage\",\"url\":\"https:\\\/\\\/astrologelvan.com\\\/magaza\\\/wp-content\\\/uploads\\\/2026\\\/01\\\/WhatsApp-Image-2026-01-20-at-21.16.29.webp\",\"contentUrl\":\"https:\\\/\\\/astrologelvan.com\\\/magaza\\\/wp-content\\\/uploads\\\/2026\\\/01\\\/WhatsApp-Image-2026-01-20-at-21.16.29.webp\",\"width\":1024,\"height\":1536},{\"@type\":\"BreadcrumbList\",\"@id\":\"https:\\\/\\\/astrologelvan.com\\\/magaza\\\/urun\\\/antik-karatma-kolye-zinciri-925-ayar-gumus\\\/#breadcrumb\",\"itemListElement\":[{\"@type\":\"ListItem\",\"position\":1,\"name\":\"Anasayfa\",\"item\":\"https:\\\/\\\/astrologelvan.com\\\/magaza\\\/\"},{\"@type\":\"ListItem\",\"position\":2,\"name\":\"Ma\u011faza\",\"item\":\"https:\\\/\\\/astrologelvan.com\\\/magaza\\\/magaza\\\/\"},{\"@type\":\"ListItem\",\"position\":3,\"name\":\"ANT\u0130K KARARTMA KOLYE Z\u0130NC\u0130R\u0130 | 925 AYAR G\u00dcM\u00dc\u015e\"}]},{\"@type\":\"WebSite\",\"@id\":\"https:\\\/\\\/astrologelvan.com\\\/magaza\\\/#website\",\"url\":\"https:\\\/\\\/astrologelvan.com\\\/magaza\\\/\",\"name\":\"Astrolog Elvan\",\"description\":\"\",\"potentialAction\":[{\"@type\":\"SearchAction\",\"target\":{\"@type\":\"EntryPoint\",\"urlTemplate\":\"https:\\\/\\\/astrologelvan.com\\\/magaza\\\/?s={search_term_string}\"},\"query-input\":{\"@type\":\"PropertyValueSpecification\",\"valueRequired\":true,\"valueName\":\"search_term_string\"}}],\"inLanguage\":\"tr\"}]}<\/script>\n<!-- \/ Yoast SEO plugin. -->","yoast_head_json":{"title":"ANT\u0130K KARARTMA KOLYE Z\u0130NC\u0130R\u0130 | 925 AYAR G\u00dcM\u00dc\u015e - Astrolog Elvan","robots":{"index":"index","follow":"follow","max-snippet":"max-snippet:-1","max-image-preview":"max-image-preview:large","max-video-preview":"max-video-preview:-1"},"canonical":"https:\/\/astrologelvan.com\/magaza\/urun\/antik-karatma-kolye-zinciri-925-ayar-gumus\/","og_locale":"tr_TR","og_type":"article","og_title":"ANT\u0130K KARARTMA KOLYE Z\u0130NC\u0130R\u0130 | 925 AYAR G\u00dcM\u00dc\u015e - Astrolog Elvan","og_description":"Zamans\u0131z, g\u00fc\u00e7l\u00fc ve karakter sahibi\u2026 925 ayar g\u00fcm\u00fc\u015ften \u00fcretilen karartma kolye zinciri, oksitli dokusuyla klasik g\u00fcm\u00fc\u015f\u00fcn \u00f6tesinde derin ve asil bir stil sunar.  \u00d6zel karartma i\u015flemi sayesinde zincir; daha tok, daha mask\u00fclen ve mistik bir g\u00f6r\u00fcn\u00fcm kazan\u0131r. G\u00fcnl\u00fck kullan\u0131mda sade bir g\u00fc\u00e7 ifadesi olurken, kolye u\u00e7lar\u0131yla birlikte kullan\u0131ld\u0131\u011f\u0131nda tarz\u0131n\u0131 net bir \u015fekilde ortaya koyar.","og_url":"https:\/\/astrologelvan.com\/magaza\/urun\/antik-karatma-kolye-zinciri-925-ayar-gumus\/","og_site_name":"Astrolog Elvan","article_modified_time":"2026-03-15T10:05:59+00:00","og_image":[{"width":1024,"height":1536,"url":"https:\/\/astrologelvan.com\/magaza\/wp-content\/uploads\/2026\/01\/WhatsApp-Image-2026-01-20-at-21.16.29.webp","type":"image\/webp"}],"twitter_card":"summary_large_image","twitter_misc":{"Tahmini okuma s\u00fcresi":"1 dakika"},"schema":{"@context":"https:\/\/schema.org","@graph":[{"@type":["WebPage","ItemPage"],"@id":"https:\/\/astrologelvan.com\/magaza\/urun\/antik-karatma-kolye-zinciri-925-ayar-gumus\/","url":"https:\/\/astrologelvan.com\/magaza\/urun\/antik-karatma-kolye-zinciri-925-ayar-gumus\/","name":"ANT\u0130K KARARTMA KOLYE Z\u0130NC\u0130R\u0130 | 925 AYAR G\u00dcM\u00dc\u015e - Astrolog Elvan","isPartOf":{"@id":"https:\/\/astrologelvan.com\/magaza\/#website"},"primaryImageOfPage":{"@id":"https:\/\/astrologelvan.com\/magaza\/urun\/antik-karatma-kolye-zinciri-925-ayar-gumus\/#primaryimage"},"image":{"@id":"https:\/\/astrologelvan.com\/magaza\/urun\/antik-karatma-kolye-zinciri-925-ayar-gumus\/#primaryimage"},"thumbnailUrl":"https:\/\/astrologelvan.com\/magaza\/wp-content\/uploads\/2026\/01\/WhatsApp-Image-2026-01-20-at-21.16.29.webp","datePublished":"2026-01-19T08:10:28+00:00","dateModified":"2026-03-15T10:05:59+00:00","breadcrumb":{"@id":"https:\/\/astrologelvan.com\/magaza\/urun\/antik-karatma-kolye-zinciri-925-ayar-gumus\/#breadcrumb"},"inLanguage":"tr","potentialAction":[{"@type":"ReadAction","target":["https:\/\/astrologelvan.com\/magaza\/urun\/antik-karatma-kolye-zinciri-925-ayar-gumus\/"]}]},{"@type":"ImageObject","inLanguage":"tr","@id":"https:\/\/astrologelvan.com\/magaza\/urun\/antik-karatma-kolye-zinciri-925-ayar-gumus\/#primaryimage","url":"https:\/\/astrologelvan.com\/magaza\/wp-content\/uploads\/2026\/01\/WhatsApp-Image-2026-01-20-at-21.16.29.webp","contentUrl":"https:\/\/astrologelvan.com\/magaza\/wp-content\/uploads\/2026\/01\/WhatsApp-Image-2026-01-20-at-21.16.29.webp","width":1024,"height":1536},{"@type":"BreadcrumbList","@id":"https:\/\/astrologelvan.com\/magaza\/urun\/antik-karatma-kolye-zinciri-925-ayar-gumus\/#breadcrumb","itemListElement":[{"@type":"ListItem","position":1,"name":"Anasayfa","item":"https:\/\/astrologelvan.com\/magaza\/"},{"@type":"ListItem","position":2,"name":"Ma\u011faza","item":"https:\/\/astrologelvan.com\/magaza\/magaza\/"},{"@type":"ListItem","position":3,"name":"ANT\u0130K KARARTMA KOLYE Z\u0130NC\u0130R\u0130 | 925 AYAR G\u00dcM\u00dc\u015e"}]},{"@type":"WebSite","@id":"https:\/\/astrologelvan.com\/magaza\/#website","url":"https:\/\/astrologelvan.com\/magaza\/","name":"Astrolog Elvan","description":"","potentialAction":[{"@type":"SearchAction","target":{"@type":"EntryPoint","urlTemplate":"https:\/\/astrologelvan.com\/magaza\/?s={search_term_string}"},"query-input":{"@type":"PropertyValueSpecification","valueRequired":true,"valueName":"search_term_string"}}],"inLanguage":"tr"}]}},"_links":{"self":[{"href":"https:\/\/astrologelvan.com\/magaza\/wp-json\/wp\/v2\/product\/149084","targetHints":{"allow":["GET"]}}],"collection":[{"href":"https:\/\/astrologelvan.com\/magaza\/wp-json\/wp\/v2\/product"}],"about":[{"href":"https:\/\/astrologelvan.com\/magaza\/wp-json\/wp\/v2\/types\/product"}],"replies":[{"embeddable":true,"href":"https:\/\/astrologelvan.com\/magaza\/wp-json\/wp\/v2\/comments?post=149084"}],"wp:featuredmedia":[{"embeddable":true,"href":"https:\/\/astrologelvan.com\/magaza\/wp-json\/wp\/v2\/media\/149082"}],"wp:attachment":[{"href":"https:\/\/astrologelvan.com\/magaza\/wp-json\/wp\/v2\/media?parent=149084"}],"wp:term":[{"taxonomy":"product_brand","embeddable":true,"href":"https:\/\/astrologelvan.com\/magaza\/wp-json\/wp\/v2\/product_brand?post=149084"},{"taxonomy":"product_cat","embeddable":true,"href":"https:\/\/astrologelvan.com\/magaza\/wp-json\/wp\/v2\/product_cat?post=149084"},{"taxonomy":"product_tag","embeddable":true,"href":"https:\/\/astrologelvan.com\/magaza\/wp-json\/wp\/v2\/product_tag?post=149084"}],"curies":[{"name":"wp","href":"https:\/\/api.w.org\/{rel}","templated":true}]}}