{"id":148877,"date":"2026-01-20T17:42:29","date_gmt":"2026-01-20T14:42:29","guid":{"rendered":"https:\/\/astrologelvan.com\/magaza\/?post_type=product&#038;p=148877"},"modified":"2026-03-12T21:06:15","modified_gmt":"2026-03-12T18:06:15","slug":"kokopelli-kolye-ucu-925-ayar-gumus-uzeri-altin-kaplama","status":"publish","type":"product","link":"https:\/\/astrologelvan.com\/magaza\/urun\/kokopelli-kolye-ucu-925-ayar-gumus-uzeri-altin-kaplama\/","title":{"rendered":"KOKOPELL\u0130 KOLYE UCU | 925 AYAR G\u00dcM\u00dc\u015e \u00dcZER\u0130 ALTIN KAPLAMA"},"content":{"rendered":"","protected":false},"excerpt":{"rendered":"<div>Bu kolye, antik halklar\u0131n bereket, ne\u015fe ve m\u00fczik tanr\u0131s\u0131 Kokopelli\u2019nin ruhunu ta\u015f\u0131r. Fl\u00fct\u00fcyle ya\u015fam\u0131 uyand\u0131ran, topra\u011fa bolluk; m\u00fczi\u011fini dinleyenlerin kalbine ise hafiflik ve mutluluk getiren kadim bir \u00e7a\u011fr\u0131y\u0131 sembolize eder.<\/div>\n<div>G\u00fcm\u00fc\u015fte hayat bulan bu form, i\u00e7inizdeki yarat\u0131c\u0131 enerjiyi ve i\u00e7sel \u00e7ocu\u011fu uyand\u0131rmak, ne\u015feyi \u00e7o\u011faltmak ve hayat\u0131n\u0131za ak\u0131\u015f\u0131 davet etmek i\u00e7in tasarland\u0131.<\/div>\n<div><\/div>\n<div>Tamam\u0131 el i\u015f\u00e7ili\u011fiyle \u00fcretilmi\u015ftir.<\/div>\n<div>\u00dcr\u00fcn \u00d6zellikleri<\/div>\n<div>4,61 gr 925 Ayar G\u00fcm\u00fc\u015f<\/div>\n","protected":false},"featured_media":148878,"comment_status":"open","ping_status":"closed","template":"","meta":[],"product_brand":[596],"product_cat":[522,9561],"product_tag":[],"class_list":{"0":"post-148877","1":"product","2":"type-product","3":"status-publish","4":"has-post-thumbnail","6":"product_brand-astrolog-elvan","7":"product_cat-kolye-ucu","8":"product_cat-mistik-hazineler-koleksiyonu","10":"first","11":"instock","12":"purchasable","13":"product-type-simple"},"yoast_head":"<!-- This site is optimized with the Yoast SEO plugin v27.3 - https:\/\/yoast.com\/product\/yoast-seo-wordpress\/ -->\n<title>KOKOPELL\u0130 KOLYE UCU | 925 AYAR G\u00dcM\u00dc\u015e \u00dcZER\u0130 ALTIN KAPLAMA - Astrolog Elvan<\/title>\n<meta name=\"robots\" content=\"index, follow, max-snippet:-1, max-image-preview:large, max-video-preview:-1\" \/>\n<link rel=\"canonical\" href=\"https:\/\/astrologelvan.com\/magaza\/urun\/kokopelli-kolye-ucu-925-ayar-gumus-uzeri-altin-kaplama\/\" \/>\n<meta property=\"og:locale\" content=\"tr_TR\" \/>\n<meta property=\"og:type\" content=\"article\" \/>\n<meta property=\"og:title\" content=\"KOKOPELL\u0130 KOLYE UCU | 925 AYAR G\u00dcM\u00dc\u015e \u00dcZER\u0130 ALTIN KAPLAMA - Astrolog Elvan\" \/>\n<meta property=\"og:description\" content=\"Bu kolye, antik halklar\u0131n bereket, ne\u015fe ve m\u00fczik tanr\u0131s\u0131 Kokopelli\u2019nin ruhunu ta\u015f\u0131r. Fl\u00fct\u00fcyle ya\u015fam\u0131 uyand\u0131ran, topra\u011fa bolluk; m\u00fczi\u011fini dinleyenlerin kalbine ise hafiflik ve mutluluk getiren kadim bir \u00e7a\u011fr\u0131y\u0131 sembolize eder. G\u00fcm\u00fc\u015fte hayat bulan bu form, i\u00e7inizdeki yarat\u0131c\u0131 enerjiyi ve i\u00e7sel \u00e7ocu\u011fu uyand\u0131rmak, ne\u015feyi \u00e7o\u011faltmak ve hayat\u0131n\u0131za ak\u0131\u015f\u0131 davet etmek i\u00e7in tasarland\u0131.  Tamam\u0131 el i\u015f\u00e7ili\u011fiyle \u00fcretilmi\u015ftir. \u00dcr\u00fcn \u00d6zellikleri 4,61 gr 925 Ayar G\u00fcm\u00fc\u015f\" \/>\n<meta property=\"og:url\" content=\"https:\/\/astrologelvan.com\/magaza\/urun\/kokopelli-kolye-ucu-925-ayar-gumus-uzeri-altin-kaplama\/\" \/>\n<meta property=\"og:site_name\" content=\"Astrolog Elvan\" \/>\n<meta property=\"article:modified_time\" content=\"2026-03-12T18:06:15+00:00\" \/>\n<meta property=\"og:image\" content=\"https:\/\/astrologelvan.com\/magaza\/wp-content\/uploads\/2026\/01\/Kokopelli.jpg\" \/>\n\t<meta property=\"og:image:width\" content=\"1024\" \/>\n\t<meta property=\"og:image:height\" content=\"1536\" \/>\n\t<meta property=\"og:image:type\" content=\"image\/jpeg\" \/>\n<meta name=\"twitter:card\" content=\"summary_large_image\" \/>\n<meta name=\"twitter:label1\" content=\"Tahmini okuma s\u00fcresi\" \/>\n\t<meta name=\"twitter:data1\" content=\"1 dakika\" \/>\n<script type=\"application\/ld+json\" class=\"yoast-schema-graph\">{\"@context\":\"https:\\\/\\\/schema.org\",\"@graph\":[{\"@type\":[\"WebPage\",\"ItemPage\"],\"@id\":\"https:\\\/\\\/astrologelvan.com\\\/magaza\\\/urun\\\/kokopelli-kolye-ucu-925-ayar-gumus-uzeri-altin-kaplama\\\/\",\"url\":\"https:\\\/\\\/astrologelvan.com\\\/magaza\\\/urun\\\/kokopelli-kolye-ucu-925-ayar-gumus-uzeri-altin-kaplama\\\/\",\"name\":\"KOKOPELL\u0130 KOLYE UCU | 925 AYAR G\u00dcM\u00dc\u015e \u00dcZER\u0130 ALTIN KAPLAMA - Astrolog Elvan\",\"isPartOf\":{\"@id\":\"https:\\\/\\\/astrologelvan.com\\\/magaza\\\/#website\"},\"primaryImageOfPage\":{\"@id\":\"https:\\\/\\\/astrologelvan.com\\\/magaza\\\/urun\\\/kokopelli-kolye-ucu-925-ayar-gumus-uzeri-altin-kaplama\\\/#primaryimage\"},\"image\":{\"@id\":\"https:\\\/\\\/astrologelvan.com\\\/magaza\\\/urun\\\/kokopelli-kolye-ucu-925-ayar-gumus-uzeri-altin-kaplama\\\/#primaryimage\"},\"thumbnailUrl\":\"https:\\\/\\\/astrologelvan.com\\\/magaza\\\/wp-content\\\/uploads\\\/2026\\\/01\\\/Kokopelli.jpg\",\"datePublished\":\"2026-01-20T14:42:29+00:00\",\"dateModified\":\"2026-03-12T18:06:15+00:00\",\"breadcrumb\":{\"@id\":\"https:\\\/\\\/astrologelvan.com\\\/magaza\\\/urun\\\/kokopelli-kolye-ucu-925-ayar-gumus-uzeri-altin-kaplama\\\/#breadcrumb\"},\"inLanguage\":\"tr\",\"potentialAction\":[{\"@type\":\"ReadAction\",\"target\":[\"https:\\\/\\\/astrologelvan.com\\\/magaza\\\/urun\\\/kokopelli-kolye-ucu-925-ayar-gumus-uzeri-altin-kaplama\\\/\"]}]},{\"@type\":\"ImageObject\",\"inLanguage\":\"tr\",\"@id\":\"https:\\\/\\\/astrologelvan.com\\\/magaza\\\/urun\\\/kokopelli-kolye-ucu-925-ayar-gumus-uzeri-altin-kaplama\\\/#primaryimage\",\"url\":\"https:\\\/\\\/astrologelvan.com\\\/magaza\\\/wp-content\\\/uploads\\\/2026\\\/01\\\/Kokopelli.jpg\",\"contentUrl\":\"https:\\\/\\\/astrologelvan.com\\\/magaza\\\/wp-content\\\/uploads\\\/2026\\\/01\\\/Kokopelli.jpg\",\"width\":1024,\"height\":1536},{\"@type\":\"BreadcrumbList\",\"@id\":\"https:\\\/\\\/astrologelvan.com\\\/magaza\\\/urun\\\/kokopelli-kolye-ucu-925-ayar-gumus-uzeri-altin-kaplama\\\/#breadcrumb\",\"itemListElement\":[{\"@type\":\"ListItem\",\"position\":1,\"name\":\"Anasayfa\",\"item\":\"https:\\\/\\\/astrologelvan.com\\\/magaza\\\/\"},{\"@type\":\"ListItem\",\"position\":2,\"name\":\"Ma\u011faza\",\"item\":\"https:\\\/\\\/astrologelvan.com\\\/magaza\\\/magaza\\\/\"},{\"@type\":\"ListItem\",\"position\":3,\"name\":\"KOKOPELL\u0130 KOLYE UCU | 925 AYAR G\u00dcM\u00dc\u015e \u00dcZER\u0130 ALTIN KAPLAMA\"}]},{\"@type\":\"WebSite\",\"@id\":\"https:\\\/\\\/astrologelvan.com\\\/magaza\\\/#website\",\"url\":\"https:\\\/\\\/astrologelvan.com\\\/magaza\\\/\",\"name\":\"Astrolog Elvan\",\"description\":\"\",\"potentialAction\":[{\"@type\":\"SearchAction\",\"target\":{\"@type\":\"EntryPoint\",\"urlTemplate\":\"https:\\\/\\\/astrologelvan.com\\\/magaza\\\/?s={search_term_string}\"},\"query-input\":{\"@type\":\"PropertyValueSpecification\",\"valueRequired\":true,\"valueName\":\"search_term_string\"}}],\"inLanguage\":\"tr\"}]}<\/script>\n<!-- \/ Yoast SEO plugin. -->","yoast_head_json":{"title":"KOKOPELL\u0130 KOLYE UCU | 925 AYAR G\u00dcM\u00dc\u015e \u00dcZER\u0130 ALTIN KAPLAMA - Astrolog Elvan","robots":{"index":"index","follow":"follow","max-snippet":"max-snippet:-1","max-image-preview":"max-image-preview:large","max-video-preview":"max-video-preview:-1"},"canonical":"https:\/\/astrologelvan.com\/magaza\/urun\/kokopelli-kolye-ucu-925-ayar-gumus-uzeri-altin-kaplama\/","og_locale":"tr_TR","og_type":"article","og_title":"KOKOPELL\u0130 KOLYE UCU | 925 AYAR G\u00dcM\u00dc\u015e \u00dcZER\u0130 ALTIN KAPLAMA - Astrolog Elvan","og_description":"Bu kolye, antik halklar\u0131n bereket, ne\u015fe ve m\u00fczik tanr\u0131s\u0131 Kokopelli\u2019nin ruhunu ta\u015f\u0131r. Fl\u00fct\u00fcyle ya\u015fam\u0131 uyand\u0131ran, topra\u011fa bolluk; m\u00fczi\u011fini dinleyenlerin kalbine ise hafiflik ve mutluluk getiren kadim bir \u00e7a\u011fr\u0131y\u0131 sembolize eder. G\u00fcm\u00fc\u015fte hayat bulan bu form, i\u00e7inizdeki yarat\u0131c\u0131 enerjiyi ve i\u00e7sel \u00e7ocu\u011fu uyand\u0131rmak, ne\u015feyi \u00e7o\u011faltmak ve hayat\u0131n\u0131za ak\u0131\u015f\u0131 davet etmek i\u00e7in tasarland\u0131.  Tamam\u0131 el i\u015f\u00e7ili\u011fiyle \u00fcretilmi\u015ftir. \u00dcr\u00fcn \u00d6zellikleri 4,61 gr 925 Ayar G\u00fcm\u00fc\u015f","og_url":"https:\/\/astrologelvan.com\/magaza\/urun\/kokopelli-kolye-ucu-925-ayar-gumus-uzeri-altin-kaplama\/","og_site_name":"Astrolog Elvan","article_modified_time":"2026-03-12T18:06:15+00:00","og_image":[{"width":1024,"height":1536,"url":"https:\/\/astrologelvan.com\/magaza\/wp-content\/uploads\/2026\/01\/Kokopelli.jpg","type":"image\/jpeg"}],"twitter_card":"summary_large_image","twitter_misc":{"Tahmini okuma s\u00fcresi":"1 dakika"},"schema":{"@context":"https:\/\/schema.org","@graph":[{"@type":["WebPage","ItemPage"],"@id":"https:\/\/astrologelvan.com\/magaza\/urun\/kokopelli-kolye-ucu-925-ayar-gumus-uzeri-altin-kaplama\/","url":"https:\/\/astrologelvan.com\/magaza\/urun\/kokopelli-kolye-ucu-925-ayar-gumus-uzeri-altin-kaplama\/","name":"KOKOPELL\u0130 KOLYE UCU | 925 AYAR G\u00dcM\u00dc\u015e \u00dcZER\u0130 ALTIN KAPLAMA - Astrolog Elvan","isPartOf":{"@id":"https:\/\/astrologelvan.com\/magaza\/#website"},"primaryImageOfPage":{"@id":"https:\/\/astrologelvan.com\/magaza\/urun\/kokopelli-kolye-ucu-925-ayar-gumus-uzeri-altin-kaplama\/#primaryimage"},"image":{"@id":"https:\/\/astrologelvan.com\/magaza\/urun\/kokopelli-kolye-ucu-925-ayar-gumus-uzeri-altin-kaplama\/#primaryimage"},"thumbnailUrl":"https:\/\/astrologelvan.com\/magaza\/wp-content\/uploads\/2026\/01\/Kokopelli.jpg","datePublished":"2026-01-20T14:42:29+00:00","dateModified":"2026-03-12T18:06:15+00:00","breadcrumb":{"@id":"https:\/\/astrologelvan.com\/magaza\/urun\/kokopelli-kolye-ucu-925-ayar-gumus-uzeri-altin-kaplama\/#breadcrumb"},"inLanguage":"tr","potentialAction":[{"@type":"ReadAction","target":["https:\/\/astrologelvan.com\/magaza\/urun\/kokopelli-kolye-ucu-925-ayar-gumus-uzeri-altin-kaplama\/"]}]},{"@type":"ImageObject","inLanguage":"tr","@id":"https:\/\/astrologelvan.com\/magaza\/urun\/kokopelli-kolye-ucu-925-ayar-gumus-uzeri-altin-kaplama\/#primaryimage","url":"https:\/\/astrologelvan.com\/magaza\/wp-content\/uploads\/2026\/01\/Kokopelli.jpg","contentUrl":"https:\/\/astrologelvan.com\/magaza\/wp-content\/uploads\/2026\/01\/Kokopelli.jpg","width":1024,"height":1536},{"@type":"BreadcrumbList","@id":"https:\/\/astrologelvan.com\/magaza\/urun\/kokopelli-kolye-ucu-925-ayar-gumus-uzeri-altin-kaplama\/#breadcrumb","itemListElement":[{"@type":"ListItem","position":1,"name":"Anasayfa","item":"https:\/\/astrologelvan.com\/magaza\/"},{"@type":"ListItem","position":2,"name":"Ma\u011faza","item":"https:\/\/astrologelvan.com\/magaza\/magaza\/"},{"@type":"ListItem","position":3,"name":"KOKOPELL\u0130 KOLYE UCU | 925 AYAR G\u00dcM\u00dc\u015e \u00dcZER\u0130 ALTIN KAPLAMA"}]},{"@type":"WebSite","@id":"https:\/\/astrologelvan.com\/magaza\/#website","url":"https:\/\/astrologelvan.com\/magaza\/","name":"Astrolog Elvan","description":"","potentialAction":[{"@type":"SearchAction","target":{"@type":"EntryPoint","urlTemplate":"https:\/\/astrologelvan.com\/magaza\/?s={search_term_string}"},"query-input":{"@type":"PropertyValueSpecification","valueRequired":true,"valueName":"search_term_string"}}],"inLanguage":"tr"}]}},"_links":{"self":[{"href":"https:\/\/astrologelvan.com\/magaza\/wp-json\/wp\/v2\/product\/148877","targetHints":{"allow":["GET"]}}],"collection":[{"href":"https:\/\/astrologelvan.com\/magaza\/wp-json\/wp\/v2\/product"}],"about":[{"href":"https:\/\/astrologelvan.com\/magaza\/wp-json\/wp\/v2\/types\/product"}],"replies":[{"embeddable":true,"href":"https:\/\/astrologelvan.com\/magaza\/wp-json\/wp\/v2\/comments?post=148877"}],"wp:featuredmedia":[{"embeddable":true,"href":"https:\/\/astrologelvan.com\/magaza\/wp-json\/wp\/v2\/media\/148878"}],"wp:attachment":[{"href":"https:\/\/astrologelvan.com\/magaza\/wp-json\/wp\/v2\/media?parent=148877"}],"wp:term":[{"taxonomy":"product_brand","embeddable":true,"href":"https:\/\/astrologelvan.com\/magaza\/wp-json\/wp\/v2\/product_brand?post=148877"},{"taxonomy":"product_cat","embeddable":true,"href":"https:\/\/astrologelvan.com\/magaza\/wp-json\/wp\/v2\/product_cat?post=148877"},{"taxonomy":"product_tag","embeddable":true,"href":"https:\/\/astrologelvan.com\/magaza\/wp-json\/wp\/v2\/product_tag?post=148877"}],"curies":[{"name":"wp","href":"https:\/\/api.w.org\/{rel}","templated":true}]}}