{"id":148875,"date":"2026-01-20T17:39:31","date_gmt":"2026-01-20T14:39:31","guid":{"rendered":"https:\/\/astrologelvan.com\/magaza\/?post_type=product&#038;p=148875"},"modified":"2026-04-05T10:03:36","modified_gmt":"2026-04-05T07:03:36","slug":"bastet-kedi-tanrica-kolye-ucu-925-ayar-gumus-uzeri-altin-kaplama","status":"publish","type":"product","link":"https:\/\/astrologelvan.com\/magaza\/urun\/bastet-kedi-tanrica-kolye-ucu-925-ayar-gumus-uzeri-altin-kaplama\/","title":{"rendered":"BASTET (KED\u0130 TANRI\u00c7A) KOLYE UCU | 925 AYAR G\u00dcM\u00dc\u015e \u00dcZER\u0130 ALTIN KAPLAMA"},"content":{"rendered":"","protected":false},"excerpt":{"rendered":"<div>Bu kolye ucu, Antik M\u0131s\u0131r\u2019\u0131n kedi tanr\u0131\u00e7as\u0131 Bastet\u2019in kutsal enerjisini ta\u015f\u0131r.<\/div>\n<div>Evlerin, kalbin ve ruhun bek\u00e7isi.<\/div>\n<div><\/div>\n<div>Bastet, mitlerde koruma, sezgi ve zarif g\u00fcc\u00fcn sembol\u00fcd\u00fcr.<\/div>\n<div>G\u00fcm\u00fc\u015fte hayat bulan bu form, negatif enerjiyi uzakla\u015ft\u0131rmak, i\u00e7 huzuru g\u00fc\u00e7lendirmek ve sezgilerini keskinle\u015ftirmek i\u00e7in tasarland\u0131.<\/div>\n<div><\/div>\n<div>Tak. Koru. Hisset. Hat\u0131rla.<\/div>\n<div>Tamam\u0131 el i\u015f\u00e7ili\u011fiyle \u00fcretilmi\u015ftir..<\/div>\n<div>\u00dcr\u00fcn \u00d6zellikleri<\/div>\n<div>2,97 gr 925 Ayar G\u00fcm\u00fc\u015f<\/div>\n","protected":false},"featured_media":148876,"comment_status":"open","ping_status":"closed","template":"","meta":[],"product_brand":[596],"product_cat":[522,9561],"product_tag":[],"class_list":{"0":"post-148875","1":"product","2":"type-product","3":"status-publish","4":"has-post-thumbnail","6":"product_brand-astrolog-elvan","7":"product_cat-kolye-ucu","8":"product_cat-mistik-hazineler-koleksiyonu","10":"first","11":"instock","12":"purchasable","13":"product-type-simple"},"yoast_head":"<!-- This site is optimized with the Yoast SEO plugin v27.5 - https:\/\/yoast.com\/product\/yoast-seo-wordpress\/ -->\n<title>BASTET (KED\u0130 TANRI\u00c7A) KOLYE UCU | 925 AYAR G\u00dcM\u00dc\u015e \u00dcZER\u0130 ALTIN KAPLAMA - Astrolog Elvan<\/title>\n<meta name=\"robots\" content=\"index, follow, max-snippet:-1, max-image-preview:large, max-video-preview:-1\" \/>\n<link rel=\"canonical\" href=\"https:\/\/astrologelvan.com\/magaza\/urun\/bastet-kedi-tanrica-kolye-ucu-925-ayar-gumus-uzeri-altin-kaplama\/\" \/>\n<meta property=\"og:locale\" content=\"tr_TR\" \/>\n<meta property=\"og:type\" content=\"article\" \/>\n<meta property=\"og:title\" content=\"BASTET (KED\u0130 TANRI\u00c7A) KOLYE UCU | 925 AYAR G\u00dcM\u00dc\u015e \u00dcZER\u0130 ALTIN KAPLAMA - Astrolog Elvan\" \/>\n<meta property=\"og:description\" content=\"Bu kolye ucu, Antik M\u0131s\u0131r\u2019\u0131n kedi tanr\u0131\u00e7as\u0131 Bastet\u2019in kutsal enerjisini ta\u015f\u0131r. Evlerin, kalbin ve ruhun bek\u00e7isi.  Bastet, mitlerde koruma, sezgi ve zarif g\u00fcc\u00fcn sembol\u00fcd\u00fcr. G\u00fcm\u00fc\u015fte hayat bulan bu form, negatif enerjiyi uzakla\u015ft\u0131rmak, i\u00e7 huzuru g\u00fc\u00e7lendirmek ve sezgilerini keskinle\u015ftirmek i\u00e7in tasarland\u0131.  Tak. Koru. Hisset. Hat\u0131rla. Tamam\u0131 el i\u015f\u00e7ili\u011fiyle \u00fcretilmi\u015ftir.. \u00dcr\u00fcn \u00d6zellikleri 2,97 gr 925 Ayar G\u00fcm\u00fc\u015f\" \/>\n<meta property=\"og:url\" content=\"https:\/\/astrologelvan.com\/magaza\/urun\/bastet-kedi-tanrica-kolye-ucu-925-ayar-gumus-uzeri-altin-kaplama\/\" \/>\n<meta property=\"og:site_name\" content=\"Astrolog Elvan\" \/>\n<meta property=\"article:modified_time\" content=\"2026-04-05T07:03:36+00:00\" \/>\n<meta property=\"og:image\" content=\"https:\/\/astrologelvan.com\/magaza\/wp-content\/uploads\/2026\/01\/Kedi-kolye-ucu.png\" \/>\n\t<meta property=\"og:image:width\" content=\"1024\" \/>\n\t<meta property=\"og:image:height\" content=\"1536\" \/>\n\t<meta property=\"og:image:type\" content=\"image\/png\" \/>\n<meta name=\"twitter:card\" content=\"summary_large_image\" \/>\n<meta name=\"twitter:label1\" content=\"Tahmini okuma s\u00fcresi\" \/>\n\t<meta name=\"twitter:data1\" content=\"1 dakika\" \/>\n<script type=\"application\/ld+json\" class=\"yoast-schema-graph\">{\"@context\":\"https:\\\/\\\/schema.org\",\"@graph\":[{\"@type\":[\"WebPage\",\"ItemPage\"],\"@id\":\"https:\\\/\\\/astrologelvan.com\\\/magaza\\\/urun\\\/bastet-kedi-tanrica-kolye-ucu-925-ayar-gumus-uzeri-altin-kaplama\\\/\",\"url\":\"https:\\\/\\\/astrologelvan.com\\\/magaza\\\/urun\\\/bastet-kedi-tanrica-kolye-ucu-925-ayar-gumus-uzeri-altin-kaplama\\\/\",\"name\":\"BASTET (KED\u0130 TANRI\u00c7A) KOLYE UCU | 925 AYAR G\u00dcM\u00dc\u015e \u00dcZER\u0130 ALTIN KAPLAMA - Astrolog Elvan\",\"isPartOf\":{\"@id\":\"https:\\\/\\\/astrologelvan.com\\\/magaza\\\/#website\"},\"primaryImageOfPage\":{\"@id\":\"https:\\\/\\\/astrologelvan.com\\\/magaza\\\/urun\\\/bastet-kedi-tanrica-kolye-ucu-925-ayar-gumus-uzeri-altin-kaplama\\\/#primaryimage\"},\"image\":{\"@id\":\"https:\\\/\\\/astrologelvan.com\\\/magaza\\\/urun\\\/bastet-kedi-tanrica-kolye-ucu-925-ayar-gumus-uzeri-altin-kaplama\\\/#primaryimage\"},\"thumbnailUrl\":\"https:\\\/\\\/astrologelvan.com\\\/magaza\\\/wp-content\\\/uploads\\\/2026\\\/01\\\/Kedi-kolye-ucu.png\",\"datePublished\":\"2026-01-20T14:39:31+00:00\",\"dateModified\":\"2026-04-05T07:03:36+00:00\",\"breadcrumb\":{\"@id\":\"https:\\\/\\\/astrologelvan.com\\\/magaza\\\/urun\\\/bastet-kedi-tanrica-kolye-ucu-925-ayar-gumus-uzeri-altin-kaplama\\\/#breadcrumb\"},\"inLanguage\":\"tr\",\"potentialAction\":[{\"@type\":\"ReadAction\",\"target\":[\"https:\\\/\\\/astrologelvan.com\\\/magaza\\\/urun\\\/bastet-kedi-tanrica-kolye-ucu-925-ayar-gumus-uzeri-altin-kaplama\\\/\"]}]},{\"@type\":\"ImageObject\",\"inLanguage\":\"tr\",\"@id\":\"https:\\\/\\\/astrologelvan.com\\\/magaza\\\/urun\\\/bastet-kedi-tanrica-kolye-ucu-925-ayar-gumus-uzeri-altin-kaplama\\\/#primaryimage\",\"url\":\"https:\\\/\\\/astrologelvan.com\\\/magaza\\\/wp-content\\\/uploads\\\/2026\\\/01\\\/Kedi-kolye-ucu.png\",\"contentUrl\":\"https:\\\/\\\/astrologelvan.com\\\/magaza\\\/wp-content\\\/uploads\\\/2026\\\/01\\\/Kedi-kolye-ucu.png\",\"width\":1024,\"height\":1536},{\"@type\":\"BreadcrumbList\",\"@id\":\"https:\\\/\\\/astrologelvan.com\\\/magaza\\\/urun\\\/bastet-kedi-tanrica-kolye-ucu-925-ayar-gumus-uzeri-altin-kaplama\\\/#breadcrumb\",\"itemListElement\":[{\"@type\":\"ListItem\",\"position\":1,\"name\":\"Anasayfa\",\"item\":\"https:\\\/\\\/astrologelvan.com\\\/magaza\\\/\"},{\"@type\":\"ListItem\",\"position\":2,\"name\":\"Ma\u011faza\",\"item\":\"https:\\\/\\\/astrologelvan.com\\\/magaza\\\/magaza\\\/\"},{\"@type\":\"ListItem\",\"position\":3,\"name\":\"BASTET (KED\u0130 TANRI\u00c7A) KOLYE UCU | 925 AYAR G\u00dcM\u00dc\u015e \u00dcZER\u0130 ALTIN KAPLAMA\"}]},{\"@type\":\"WebSite\",\"@id\":\"https:\\\/\\\/astrologelvan.com\\\/magaza\\\/#website\",\"url\":\"https:\\\/\\\/astrologelvan.com\\\/magaza\\\/\",\"name\":\"Astrolog Elvan\",\"description\":\"\",\"potentialAction\":[{\"@type\":\"SearchAction\",\"target\":{\"@type\":\"EntryPoint\",\"urlTemplate\":\"https:\\\/\\\/astrologelvan.com\\\/magaza\\\/?s={search_term_string}\"},\"query-input\":{\"@type\":\"PropertyValueSpecification\",\"valueRequired\":true,\"valueName\":\"search_term_string\"}}],\"inLanguage\":\"tr\"}]}<\/script>\n<!-- \/ Yoast SEO plugin. -->","yoast_head_json":{"title":"BASTET (KED\u0130 TANRI\u00c7A) KOLYE UCU | 925 AYAR G\u00dcM\u00dc\u015e \u00dcZER\u0130 ALTIN KAPLAMA - Astrolog Elvan","robots":{"index":"index","follow":"follow","max-snippet":"max-snippet:-1","max-image-preview":"max-image-preview:large","max-video-preview":"max-video-preview:-1"},"canonical":"https:\/\/astrologelvan.com\/magaza\/urun\/bastet-kedi-tanrica-kolye-ucu-925-ayar-gumus-uzeri-altin-kaplama\/","og_locale":"tr_TR","og_type":"article","og_title":"BASTET (KED\u0130 TANRI\u00c7A) KOLYE UCU | 925 AYAR G\u00dcM\u00dc\u015e \u00dcZER\u0130 ALTIN KAPLAMA - Astrolog Elvan","og_description":"Bu kolye ucu, Antik M\u0131s\u0131r\u2019\u0131n kedi tanr\u0131\u00e7as\u0131 Bastet\u2019in kutsal enerjisini ta\u015f\u0131r. Evlerin, kalbin ve ruhun bek\u00e7isi.  Bastet, mitlerde koruma, sezgi ve zarif g\u00fcc\u00fcn sembol\u00fcd\u00fcr. G\u00fcm\u00fc\u015fte hayat bulan bu form, negatif enerjiyi uzakla\u015ft\u0131rmak, i\u00e7 huzuru g\u00fc\u00e7lendirmek ve sezgilerini keskinle\u015ftirmek i\u00e7in tasarland\u0131.  Tak. Koru. Hisset. Hat\u0131rla. Tamam\u0131 el i\u015f\u00e7ili\u011fiyle \u00fcretilmi\u015ftir.. \u00dcr\u00fcn \u00d6zellikleri 2,97 gr 925 Ayar G\u00fcm\u00fc\u015f","og_url":"https:\/\/astrologelvan.com\/magaza\/urun\/bastet-kedi-tanrica-kolye-ucu-925-ayar-gumus-uzeri-altin-kaplama\/","og_site_name":"Astrolog Elvan","article_modified_time":"2026-04-05T07:03:36+00:00","og_image":[{"width":1024,"height":1536,"url":"https:\/\/astrologelvan.com\/magaza\/wp-content\/uploads\/2026\/01\/Kedi-kolye-ucu.png","type":"image\/png"}],"twitter_card":"summary_large_image","twitter_misc":{"Tahmini okuma s\u00fcresi":"1 dakika"},"schema":{"@context":"https:\/\/schema.org","@graph":[{"@type":["WebPage","ItemPage"],"@id":"https:\/\/astrologelvan.com\/magaza\/urun\/bastet-kedi-tanrica-kolye-ucu-925-ayar-gumus-uzeri-altin-kaplama\/","url":"https:\/\/astrologelvan.com\/magaza\/urun\/bastet-kedi-tanrica-kolye-ucu-925-ayar-gumus-uzeri-altin-kaplama\/","name":"BASTET (KED\u0130 TANRI\u00c7A) KOLYE UCU | 925 AYAR G\u00dcM\u00dc\u015e \u00dcZER\u0130 ALTIN KAPLAMA - Astrolog Elvan","isPartOf":{"@id":"https:\/\/astrologelvan.com\/magaza\/#website"},"primaryImageOfPage":{"@id":"https:\/\/astrologelvan.com\/magaza\/urun\/bastet-kedi-tanrica-kolye-ucu-925-ayar-gumus-uzeri-altin-kaplama\/#primaryimage"},"image":{"@id":"https:\/\/astrologelvan.com\/magaza\/urun\/bastet-kedi-tanrica-kolye-ucu-925-ayar-gumus-uzeri-altin-kaplama\/#primaryimage"},"thumbnailUrl":"https:\/\/astrologelvan.com\/magaza\/wp-content\/uploads\/2026\/01\/Kedi-kolye-ucu.png","datePublished":"2026-01-20T14:39:31+00:00","dateModified":"2026-04-05T07:03:36+00:00","breadcrumb":{"@id":"https:\/\/astrologelvan.com\/magaza\/urun\/bastet-kedi-tanrica-kolye-ucu-925-ayar-gumus-uzeri-altin-kaplama\/#breadcrumb"},"inLanguage":"tr","potentialAction":[{"@type":"ReadAction","target":["https:\/\/astrologelvan.com\/magaza\/urun\/bastet-kedi-tanrica-kolye-ucu-925-ayar-gumus-uzeri-altin-kaplama\/"]}]},{"@type":"ImageObject","inLanguage":"tr","@id":"https:\/\/astrologelvan.com\/magaza\/urun\/bastet-kedi-tanrica-kolye-ucu-925-ayar-gumus-uzeri-altin-kaplama\/#primaryimage","url":"https:\/\/astrologelvan.com\/magaza\/wp-content\/uploads\/2026\/01\/Kedi-kolye-ucu.png","contentUrl":"https:\/\/astrologelvan.com\/magaza\/wp-content\/uploads\/2026\/01\/Kedi-kolye-ucu.png","width":1024,"height":1536},{"@type":"BreadcrumbList","@id":"https:\/\/astrologelvan.com\/magaza\/urun\/bastet-kedi-tanrica-kolye-ucu-925-ayar-gumus-uzeri-altin-kaplama\/#breadcrumb","itemListElement":[{"@type":"ListItem","position":1,"name":"Anasayfa","item":"https:\/\/astrologelvan.com\/magaza\/"},{"@type":"ListItem","position":2,"name":"Ma\u011faza","item":"https:\/\/astrologelvan.com\/magaza\/magaza\/"},{"@type":"ListItem","position":3,"name":"BASTET (KED\u0130 TANRI\u00c7A) KOLYE UCU | 925 AYAR G\u00dcM\u00dc\u015e \u00dcZER\u0130 ALTIN KAPLAMA"}]},{"@type":"WebSite","@id":"https:\/\/astrologelvan.com\/magaza\/#website","url":"https:\/\/astrologelvan.com\/magaza\/","name":"Astrolog Elvan","description":"","potentialAction":[{"@type":"SearchAction","target":{"@type":"EntryPoint","urlTemplate":"https:\/\/astrologelvan.com\/magaza\/?s={search_term_string}"},"query-input":{"@type":"PropertyValueSpecification","valueRequired":true,"valueName":"search_term_string"}}],"inLanguage":"tr"}]}},"_links":{"self":[{"href":"https:\/\/astrologelvan.com\/magaza\/wp-json\/wp\/v2\/product\/148875","targetHints":{"allow":["GET"]}}],"collection":[{"href":"https:\/\/astrologelvan.com\/magaza\/wp-json\/wp\/v2\/product"}],"about":[{"href":"https:\/\/astrologelvan.com\/magaza\/wp-json\/wp\/v2\/types\/product"}],"replies":[{"embeddable":true,"href":"https:\/\/astrologelvan.com\/magaza\/wp-json\/wp\/v2\/comments?post=148875"}],"wp:featuredmedia":[{"embeddable":true,"href":"https:\/\/astrologelvan.com\/magaza\/wp-json\/wp\/v2\/media\/148876"}],"wp:attachment":[{"href":"https:\/\/astrologelvan.com\/magaza\/wp-json\/wp\/v2\/media?parent=148875"}],"wp:term":[{"taxonomy":"product_brand","embeddable":true,"href":"https:\/\/astrologelvan.com\/magaza\/wp-json\/wp\/v2\/product_brand?post=148875"},{"taxonomy":"product_cat","embeddable":true,"href":"https:\/\/astrologelvan.com\/magaza\/wp-json\/wp\/v2\/product_cat?post=148875"},{"taxonomy":"product_tag","embeddable":true,"href":"https:\/\/astrologelvan.com\/magaza\/wp-json\/wp\/v2\/product_tag?post=148875"}],"curies":[{"name":"wp","href":"https:\/\/api.w.org\/{rel}","templated":true}]}}