{"id":148859,"date":"2026-01-20T17:34:16","date_gmt":"2026-01-20T14:34:16","guid":{"rendered":"https:\/\/astrologelvan.com\/magaza\/?post_type=product&#038;p=148859"},"modified":"2026-03-05T11:58:49","modified_gmt":"2026-03-05T08:58:49","slug":"gunes-kusu-yuzuk-925-ayar-gumus-uzeri-altin-kaplama","status":"publish","type":"product","link":"https:\/\/astrologelvan.com\/magaza\/urun\/gunes-kusu-yuzuk-925-ayar-gumus-uzeri-altin-kaplama\/","title":{"rendered":"G\u00dcNE\u015e KU\u015eU Y\u00dcZ\u00dcK | 925 AYAR G\u00dcM\u00dc\u015e \u00dcZER\u0130 ALTIN KAPLAMA"},"content":{"rendered":"","protected":false},"excerpt":{"rendered":"<div>Bu y\u00fcz\u00fck, G\u00fcne\u015f Ku\u015fu\u2019nun yeniden do\u011fan g\u00fcc\u00fcn\u00fc ta\u015f\u0131r.<\/div>\n<div>I\u015f\u0131k, ya\u015fam ve ilahi uyan\u0131\u015f\u0131n kadim sembol\u00fc\u2026<\/div>\n<div>Kadim G\u00fcne\u015f\u2019in ya\u015fam veren enerjisiyle birle\u015fen bu \u00f6zel form;<\/div>\n<div>karanl\u0131ktan ayd\u0131nl\u0131\u011fa \u00e7\u0131k\u0131\u015f\u0131, cesareti ve kendi \u0131\u015f\u0131\u011f\u0131n\u0131 sahiplenmeyi isteyenler i\u00e7in tasarland\u0131.<\/div>\n<div>\u00a0Tamam\u0131 el i\u015f\u00e7ili\u011fiyle \u00fcretilmi\u015ftir..<\/div>\n<div>Tak. Y\u00fcksel. Parla. Hat\u0131rla.<\/div>\n<div>\u00dcr\u00fcn \u00d6zellikleri<\/div>\n<div>\u2022 3,92 gr 925 Ayar G\u00fcm\u00fc\u015f<\/div>\n<div>\u2022 Alt\u0131n Kaplama<\/div>\n<div>\u2022 El i\u015f\u00e7ili\u011fi \u00fcretim<\/div>\n<div>\u2022 S\u0131n\u0131rl\u0131 \u00fcretim<\/div>\n","protected":false},"featured_media":148865,"comment_status":"open","ping_status":"closed","template":"","meta":[],"product_brand":[596],"product_cat":[9561,9560],"product_tag":[],"class_list":{"0":"post-148859","1":"product","2":"type-product","3":"status-publish","4":"has-post-thumbnail","6":"product_brand-astrolog-elvan","7":"product_cat-mistik-hazineler-koleksiyonu","8":"product_cat-yuzukler","10":"first","11":"instock","12":"purchasable","13":"product-type-simple"},"yoast_head":"<!-- This site is optimized with the Yoast SEO plugin v27.3 - https:\/\/yoast.com\/product\/yoast-seo-wordpress\/ -->\n<title>G\u00dcNE\u015e KU\u015eU Y\u00dcZ\u00dcK | 925 AYAR G\u00dcM\u00dc\u015e \u00dcZER\u0130 ALTIN KAPLAMA - Astrolog Elvan<\/title>\n<meta name=\"robots\" content=\"index, follow, max-snippet:-1, max-image-preview:large, max-video-preview:-1\" \/>\n<link rel=\"canonical\" href=\"https:\/\/astrologelvan.com\/magaza\/urun\/gunes-kusu-yuzuk-925-ayar-gumus-uzeri-altin-kaplama\/\" \/>\n<meta property=\"og:locale\" content=\"tr_TR\" \/>\n<meta property=\"og:type\" content=\"article\" \/>\n<meta property=\"og:title\" content=\"G\u00dcNE\u015e KU\u015eU Y\u00dcZ\u00dcK | 925 AYAR G\u00dcM\u00dc\u015e \u00dcZER\u0130 ALTIN KAPLAMA - Astrolog Elvan\" \/>\n<meta property=\"og:description\" content=\"Bu y\u00fcz\u00fck, G\u00fcne\u015f Ku\u015fu\u2019nun yeniden do\u011fan g\u00fcc\u00fcn\u00fc ta\u015f\u0131r. I\u015f\u0131k, ya\u015fam ve ilahi uyan\u0131\u015f\u0131n kadim sembol\u00fc\u2026 Kadim G\u00fcne\u015f\u2019in ya\u015fam veren enerjisiyle birle\u015fen bu \u00f6zel form; karanl\u0131ktan ayd\u0131nl\u0131\u011fa \u00e7\u0131k\u0131\u015f\u0131, cesareti ve kendi \u0131\u015f\u0131\u011f\u0131n\u0131 sahiplenmeyi isteyenler i\u00e7in tasarland\u0131. \u00a0Tamam\u0131 el i\u015f\u00e7ili\u011fiyle \u00fcretilmi\u015ftir.. Tak. Y\u00fcksel. Parla. Hat\u0131rla. \u00dcr\u00fcn \u00d6zellikleri \u2022 3,92 gr 925 Ayar G\u00fcm\u00fc\u015f \u2022 Alt\u0131n Kaplama \u2022 El i\u015f\u00e7ili\u011fi \u00fcretim \u2022 S\u0131n\u0131rl\u0131 \u00fcretim\" \/>\n<meta property=\"og:url\" content=\"https:\/\/astrologelvan.com\/magaza\/urun\/gunes-kusu-yuzuk-925-ayar-gumus-uzeri-altin-kaplama\/\" \/>\n<meta property=\"og:site_name\" content=\"Astrolog Elvan\" \/>\n<meta property=\"article:modified_time\" content=\"2026-03-05T08:58:49+00:00\" \/>\n<meta property=\"og:image\" content=\"https:\/\/astrologelvan.com\/magaza\/wp-content\/uploads\/2026\/01\/Gunes-yuzuk.jpg\" \/>\n\t<meta property=\"og:image:width\" content=\"1000\" \/>\n\t<meta property=\"og:image:height\" content=\"1350\" \/>\n\t<meta property=\"og:image:type\" content=\"image\/jpeg\" \/>\n<meta name=\"twitter:card\" content=\"summary_large_image\" \/>\n<meta name=\"twitter:label1\" content=\"Tahmini okuma s\u00fcresi\" \/>\n\t<meta name=\"twitter:data1\" content=\"1 dakika\" \/>\n<script type=\"application\/ld+json\" class=\"yoast-schema-graph\">{\"@context\":\"https:\\\/\\\/schema.org\",\"@graph\":[{\"@type\":[\"WebPage\",\"ItemPage\"],\"@id\":\"https:\\\/\\\/astrologelvan.com\\\/magaza\\\/urun\\\/gunes-kusu-yuzuk-925-ayar-gumus-uzeri-altin-kaplama\\\/\",\"url\":\"https:\\\/\\\/astrologelvan.com\\\/magaza\\\/urun\\\/gunes-kusu-yuzuk-925-ayar-gumus-uzeri-altin-kaplama\\\/\",\"name\":\"G\u00dcNE\u015e KU\u015eU Y\u00dcZ\u00dcK | 925 AYAR G\u00dcM\u00dc\u015e \u00dcZER\u0130 ALTIN KAPLAMA - Astrolog Elvan\",\"isPartOf\":{\"@id\":\"https:\\\/\\\/astrologelvan.com\\\/magaza\\\/#website\"},\"primaryImageOfPage\":{\"@id\":\"https:\\\/\\\/astrologelvan.com\\\/magaza\\\/urun\\\/gunes-kusu-yuzuk-925-ayar-gumus-uzeri-altin-kaplama\\\/#primaryimage\"},\"image\":{\"@id\":\"https:\\\/\\\/astrologelvan.com\\\/magaza\\\/urun\\\/gunes-kusu-yuzuk-925-ayar-gumus-uzeri-altin-kaplama\\\/#primaryimage\"},\"thumbnailUrl\":\"https:\\\/\\\/astrologelvan.com\\\/magaza\\\/wp-content\\\/uploads\\\/2026\\\/01\\\/Gunes-yuzuk.jpg\",\"datePublished\":\"2026-01-20T14:34:16+00:00\",\"dateModified\":\"2026-03-05T08:58:49+00:00\",\"breadcrumb\":{\"@id\":\"https:\\\/\\\/astrologelvan.com\\\/magaza\\\/urun\\\/gunes-kusu-yuzuk-925-ayar-gumus-uzeri-altin-kaplama\\\/#breadcrumb\"},\"inLanguage\":\"tr\",\"potentialAction\":[{\"@type\":\"ReadAction\",\"target\":[\"https:\\\/\\\/astrologelvan.com\\\/magaza\\\/urun\\\/gunes-kusu-yuzuk-925-ayar-gumus-uzeri-altin-kaplama\\\/\"]}]},{\"@type\":\"ImageObject\",\"inLanguage\":\"tr\",\"@id\":\"https:\\\/\\\/astrologelvan.com\\\/magaza\\\/urun\\\/gunes-kusu-yuzuk-925-ayar-gumus-uzeri-altin-kaplama\\\/#primaryimage\",\"url\":\"https:\\\/\\\/astrologelvan.com\\\/magaza\\\/wp-content\\\/uploads\\\/2026\\\/01\\\/Gunes-yuzuk.jpg\",\"contentUrl\":\"https:\\\/\\\/astrologelvan.com\\\/magaza\\\/wp-content\\\/uploads\\\/2026\\\/01\\\/Gunes-yuzuk.jpg\",\"width\":1000,\"height\":1350},{\"@type\":\"BreadcrumbList\",\"@id\":\"https:\\\/\\\/astrologelvan.com\\\/magaza\\\/urun\\\/gunes-kusu-yuzuk-925-ayar-gumus-uzeri-altin-kaplama\\\/#breadcrumb\",\"itemListElement\":[{\"@type\":\"ListItem\",\"position\":1,\"name\":\"Anasayfa\",\"item\":\"https:\\\/\\\/astrologelvan.com\\\/magaza\\\/\"},{\"@type\":\"ListItem\",\"position\":2,\"name\":\"Ma\u011faza\",\"item\":\"https:\\\/\\\/astrologelvan.com\\\/magaza\\\/magaza\\\/\"},{\"@type\":\"ListItem\",\"position\":3,\"name\":\"G\u00dcNE\u015e KU\u015eU Y\u00dcZ\u00dcK | 925 AYAR G\u00dcM\u00dc\u015e \u00dcZER\u0130 ALTIN KAPLAMA\"}]},{\"@type\":\"WebSite\",\"@id\":\"https:\\\/\\\/astrologelvan.com\\\/magaza\\\/#website\",\"url\":\"https:\\\/\\\/astrologelvan.com\\\/magaza\\\/\",\"name\":\"Astrolog Elvan\",\"description\":\"\",\"potentialAction\":[{\"@type\":\"SearchAction\",\"target\":{\"@type\":\"EntryPoint\",\"urlTemplate\":\"https:\\\/\\\/astrologelvan.com\\\/magaza\\\/?s={search_term_string}\"},\"query-input\":{\"@type\":\"PropertyValueSpecification\",\"valueRequired\":true,\"valueName\":\"search_term_string\"}}],\"inLanguage\":\"tr\"}]}<\/script>\n<!-- \/ Yoast SEO plugin. -->","yoast_head_json":{"title":"G\u00dcNE\u015e KU\u015eU Y\u00dcZ\u00dcK | 925 AYAR G\u00dcM\u00dc\u015e \u00dcZER\u0130 ALTIN KAPLAMA - Astrolog Elvan","robots":{"index":"index","follow":"follow","max-snippet":"max-snippet:-1","max-image-preview":"max-image-preview:large","max-video-preview":"max-video-preview:-1"},"canonical":"https:\/\/astrologelvan.com\/magaza\/urun\/gunes-kusu-yuzuk-925-ayar-gumus-uzeri-altin-kaplama\/","og_locale":"tr_TR","og_type":"article","og_title":"G\u00dcNE\u015e KU\u015eU Y\u00dcZ\u00dcK | 925 AYAR G\u00dcM\u00dc\u015e \u00dcZER\u0130 ALTIN KAPLAMA - Astrolog Elvan","og_description":"Bu y\u00fcz\u00fck, G\u00fcne\u015f Ku\u015fu\u2019nun yeniden do\u011fan g\u00fcc\u00fcn\u00fc ta\u015f\u0131r. I\u015f\u0131k, ya\u015fam ve ilahi uyan\u0131\u015f\u0131n kadim sembol\u00fc\u2026 Kadim G\u00fcne\u015f\u2019in ya\u015fam veren enerjisiyle birle\u015fen bu \u00f6zel form; karanl\u0131ktan ayd\u0131nl\u0131\u011fa \u00e7\u0131k\u0131\u015f\u0131, cesareti ve kendi \u0131\u015f\u0131\u011f\u0131n\u0131 sahiplenmeyi isteyenler i\u00e7in tasarland\u0131. \u00a0Tamam\u0131 el i\u015f\u00e7ili\u011fiyle \u00fcretilmi\u015ftir.. Tak. Y\u00fcksel. Parla. Hat\u0131rla. \u00dcr\u00fcn \u00d6zellikleri \u2022 3,92 gr 925 Ayar G\u00fcm\u00fc\u015f \u2022 Alt\u0131n Kaplama \u2022 El i\u015f\u00e7ili\u011fi \u00fcretim \u2022 S\u0131n\u0131rl\u0131 \u00fcretim","og_url":"https:\/\/astrologelvan.com\/magaza\/urun\/gunes-kusu-yuzuk-925-ayar-gumus-uzeri-altin-kaplama\/","og_site_name":"Astrolog Elvan","article_modified_time":"2026-03-05T08:58:49+00:00","og_image":[{"width":1000,"height":1350,"url":"https:\/\/astrologelvan.com\/magaza\/wp-content\/uploads\/2026\/01\/Gunes-yuzuk.jpg","type":"image\/jpeg"}],"twitter_card":"summary_large_image","twitter_misc":{"Tahmini okuma s\u00fcresi":"1 dakika"},"schema":{"@context":"https:\/\/schema.org","@graph":[{"@type":["WebPage","ItemPage"],"@id":"https:\/\/astrologelvan.com\/magaza\/urun\/gunes-kusu-yuzuk-925-ayar-gumus-uzeri-altin-kaplama\/","url":"https:\/\/astrologelvan.com\/magaza\/urun\/gunes-kusu-yuzuk-925-ayar-gumus-uzeri-altin-kaplama\/","name":"G\u00dcNE\u015e KU\u015eU Y\u00dcZ\u00dcK | 925 AYAR G\u00dcM\u00dc\u015e \u00dcZER\u0130 ALTIN KAPLAMA - Astrolog Elvan","isPartOf":{"@id":"https:\/\/astrologelvan.com\/magaza\/#website"},"primaryImageOfPage":{"@id":"https:\/\/astrologelvan.com\/magaza\/urun\/gunes-kusu-yuzuk-925-ayar-gumus-uzeri-altin-kaplama\/#primaryimage"},"image":{"@id":"https:\/\/astrologelvan.com\/magaza\/urun\/gunes-kusu-yuzuk-925-ayar-gumus-uzeri-altin-kaplama\/#primaryimage"},"thumbnailUrl":"https:\/\/astrologelvan.com\/magaza\/wp-content\/uploads\/2026\/01\/Gunes-yuzuk.jpg","datePublished":"2026-01-20T14:34:16+00:00","dateModified":"2026-03-05T08:58:49+00:00","breadcrumb":{"@id":"https:\/\/astrologelvan.com\/magaza\/urun\/gunes-kusu-yuzuk-925-ayar-gumus-uzeri-altin-kaplama\/#breadcrumb"},"inLanguage":"tr","potentialAction":[{"@type":"ReadAction","target":["https:\/\/astrologelvan.com\/magaza\/urun\/gunes-kusu-yuzuk-925-ayar-gumus-uzeri-altin-kaplama\/"]}]},{"@type":"ImageObject","inLanguage":"tr","@id":"https:\/\/astrologelvan.com\/magaza\/urun\/gunes-kusu-yuzuk-925-ayar-gumus-uzeri-altin-kaplama\/#primaryimage","url":"https:\/\/astrologelvan.com\/magaza\/wp-content\/uploads\/2026\/01\/Gunes-yuzuk.jpg","contentUrl":"https:\/\/astrologelvan.com\/magaza\/wp-content\/uploads\/2026\/01\/Gunes-yuzuk.jpg","width":1000,"height":1350},{"@type":"BreadcrumbList","@id":"https:\/\/astrologelvan.com\/magaza\/urun\/gunes-kusu-yuzuk-925-ayar-gumus-uzeri-altin-kaplama\/#breadcrumb","itemListElement":[{"@type":"ListItem","position":1,"name":"Anasayfa","item":"https:\/\/astrologelvan.com\/magaza\/"},{"@type":"ListItem","position":2,"name":"Ma\u011faza","item":"https:\/\/astrologelvan.com\/magaza\/magaza\/"},{"@type":"ListItem","position":3,"name":"G\u00dcNE\u015e KU\u015eU Y\u00dcZ\u00dcK | 925 AYAR G\u00dcM\u00dc\u015e \u00dcZER\u0130 ALTIN KAPLAMA"}]},{"@type":"WebSite","@id":"https:\/\/astrologelvan.com\/magaza\/#website","url":"https:\/\/astrologelvan.com\/magaza\/","name":"Astrolog Elvan","description":"","potentialAction":[{"@type":"SearchAction","target":{"@type":"EntryPoint","urlTemplate":"https:\/\/astrologelvan.com\/magaza\/?s={search_term_string}"},"query-input":{"@type":"PropertyValueSpecification","valueRequired":true,"valueName":"search_term_string"}}],"inLanguage":"tr"}]}},"_links":{"self":[{"href":"https:\/\/astrologelvan.com\/magaza\/wp-json\/wp\/v2\/product\/148859","targetHints":{"allow":["GET"]}}],"collection":[{"href":"https:\/\/astrologelvan.com\/magaza\/wp-json\/wp\/v2\/product"}],"about":[{"href":"https:\/\/astrologelvan.com\/magaza\/wp-json\/wp\/v2\/types\/product"}],"replies":[{"embeddable":true,"href":"https:\/\/astrologelvan.com\/magaza\/wp-json\/wp\/v2\/comments?post=148859"}],"wp:featuredmedia":[{"embeddable":true,"href":"https:\/\/astrologelvan.com\/magaza\/wp-json\/wp\/v2\/media\/148865"}],"wp:attachment":[{"href":"https:\/\/astrologelvan.com\/magaza\/wp-json\/wp\/v2\/media?parent=148859"}],"wp:term":[{"taxonomy":"product_brand","embeddable":true,"href":"https:\/\/astrologelvan.com\/magaza\/wp-json\/wp\/v2\/product_brand?post=148859"},{"taxonomy":"product_cat","embeddable":true,"href":"https:\/\/astrologelvan.com\/magaza\/wp-json\/wp\/v2\/product_cat?post=148859"},{"taxonomy":"product_tag","embeddable":true,"href":"https:\/\/astrologelvan.com\/magaza\/wp-json\/wp\/v2\/product_tag?post=148859"}],"curies":[{"name":"wp","href":"https:\/\/api.w.org\/{rel}","templated":true}]}}