{"id":148683,"date":"2026-01-19T21:07:59","date_gmt":"2026-01-19T18:07:59","guid":{"rendered":"https:\/\/astrologelvan.com\/magaza\/?post_type=product&#038;p=148683"},"modified":"2026-03-08T19:45:10","modified_gmt":"2026-03-08T16:45:10","slug":"ozel-seri-florit-tasi-kolye-925-ayar-gumus-uzeri-altin-kaplama","status":"publish","type":"product","link":"https:\/\/astrologelvan.com\/magaza\/urun\/ozel-seri-florit-tasi-kolye-925-ayar-gumus-uzeri-altin-kaplama\/","title":{"rendered":"\u00d6ZEL SER\u0130 FLOR\u0130T TA\u015eI KOLYE| 925 AYAR G\u00dcM\u00dc\u015e \u00dcZER\u0130 ALTIN KAPLAMA"},"content":{"rendered":"","protected":false},"excerpt":{"rendered":"<p>Florit, mor ve eflatun tonlar\u0131, a\u00e7\u0131k ye\u015fil, sar\u0131, mavi, beyaz ve g\u00f6kku\u015fa\u011f\u0131 gibi \u00e7e\u015fitli renklerde gelir. Ad\u0131, \u201cak\u0131\u015f\u201d anlam\u0131na gelen Latince \u201cfleure\u201d kelimesinden gelir ve bu da \u201cd\u0131\u015far\u0131 akmak\u201d veya \u201cs\u00fcrekli de\u011fi\u015fim\u201d anlam\u0131na gelir. Manevi ve duygusal bir bak\u0131\u015f a\u00e7\u0131s\u0131yla, florit bir dizi farkl\u0131 \u015fekilde yard\u0131mc\u0131 olabilir. Florit, do\u011fal olarak n\u00f6tralize edici etkisinden dolay\u0131 eski, durgun enerjileri s\u00fcp\u00fcr\u00fcp atmaya ve zihin tazeli\u011fi ve netli\u011fi sa\u011flamaya yard\u0131mc\u0131 olabilir. Endi\u015fe ve kayg\u0131lardan kurtulmak i\u00e7in m\u00fccadele eden bizler i\u00e7in florit ta\u015f\u0131 \u00e7ok faydal\u0131 olabilir. G\u00fc\u00e7l\u00fc temizleyici enerjisi, netlik, huzur ve sa\u011fl\u0131kl\u0131 de\u011fi\u015fimin ger\u00e7ekle\u015febilmesi i\u00e7in eski d\u00fc\u015f\u00fcnce ve kal\u0131plar\u0131 temizler.<br \/>\nOdak g\u00fcc\u00fcn\u00fcz\u00fc y\u00fckseltin!<\/p>\n<p><strong>\u00dcr\u00fcn \u00f6zellikleri:<\/strong><br \/>\n925 Ayar G\u00fcm\u00fc\u015f \u00dczeri Alt\u0131n Kaplama<br \/>\nZincir Uzunlu\u011fu :45 cm<br \/>\n\u00dcr\u00fcn A\u011f\u0131rl\u0131\u011f\u0131 :6,80 gr<\/p>\n","protected":false},"featured_media":148686,"comment_status":"open","ping_status":"closed","template":"","meta":[],"product_brand":[596],"product_cat":[103,8106],"product_tag":[],"class_list":{"0":"post-148683","1":"product","2":"type-product","3":"status-publish","4":"has-post-thumbnail","6":"product_brand-astrolog-elvan","7":"product_cat-florit-tasi","8":"product_cat--gumus-kolyeler","10":"first","11":"instock","12":"purchasable","13":"product-type-simple"},"yoast_head":"<!-- This site is optimized with the Yoast SEO plugin v27.3 - https:\/\/yoast.com\/product\/yoast-seo-wordpress\/ -->\n<title>\u00d6ZEL SER\u0130 FLOR\u0130T TA\u015eI KOLYE| 925 AYAR G\u00dcM\u00dc\u015e \u00dcZER\u0130 ALTIN KAPLAMA - Astrolog Elvan<\/title>\n<meta name=\"robots\" content=\"index, follow, max-snippet:-1, max-image-preview:large, max-video-preview:-1\" \/>\n<link rel=\"canonical\" href=\"https:\/\/astrologelvan.com\/magaza\/urun\/ozel-seri-florit-tasi-kolye-925-ayar-gumus-uzeri-altin-kaplama\/\" \/>\n<meta property=\"og:locale\" content=\"tr_TR\" \/>\n<meta property=\"og:type\" content=\"article\" \/>\n<meta property=\"og:title\" content=\"\u00d6ZEL SER\u0130 FLOR\u0130T TA\u015eI KOLYE| 925 AYAR G\u00dcM\u00dc\u015e \u00dcZER\u0130 ALTIN KAPLAMA - Astrolog Elvan\" \/>\n<meta property=\"og:description\" content=\"Florit, mor ve eflatun tonlar\u0131, a\u00e7\u0131k ye\u015fil, sar\u0131, mavi, beyaz ve g\u00f6kku\u015fa\u011f\u0131 gibi \u00e7e\u015fitli renklerde gelir. Ad\u0131, \u201cak\u0131\u015f\u201d anlam\u0131na gelen Latince \u201cfleure\u201d kelimesinden gelir ve bu da \u201cd\u0131\u015far\u0131 akmak\u201d veya \u201cs\u00fcrekli de\u011fi\u015fim\u201d anlam\u0131na gelir. Manevi ve duygusal bir bak\u0131\u015f a\u00e7\u0131s\u0131yla, florit bir dizi farkl\u0131 \u015fekilde yard\u0131mc\u0131 olabilir. Florit, do\u011fal olarak n\u00f6tralize edici etkisinden dolay\u0131 eski, durgun enerjileri s\u00fcp\u00fcr\u00fcp atmaya ve zihin tazeli\u011fi ve netli\u011fi sa\u011flamaya yard\u0131mc\u0131 olabilir. Endi\u015fe ve kayg\u0131lardan kurtulmak i\u00e7in m\u00fccadele eden bizler i\u00e7in florit ta\u015f\u0131 \u00e7ok faydal\u0131 olabilir. G\u00fc\u00e7l\u00fc temizleyici enerjisi, netlik, huzur ve sa\u011fl\u0131kl\u0131 de\u011fi\u015fimin ger\u00e7ekle\u015febilmesi i\u00e7in eski d\u00fc\u015f\u00fcnce ve kal\u0131plar\u0131 temizler. Odak g\u00fcc\u00fcn\u00fcz\u00fc y\u00fckseltin!  \u00dcr\u00fcn \u00f6zellikleri: 925 Ayar G\u00fcm\u00fc\u015f \u00dczeri Alt\u0131n Kaplama Zincir Uzunlu\u011fu :45 cm \u00dcr\u00fcn A\u011f\u0131rl\u0131\u011f\u0131 :6,80 gr\" \/>\n<meta property=\"og:url\" content=\"https:\/\/astrologelvan.com\/magaza\/urun\/ozel-seri-florit-tasi-kolye-925-ayar-gumus-uzeri-altin-kaplama\/\" \/>\n<meta property=\"og:site_name\" content=\"Astrolog Elvan\" \/>\n<meta property=\"article:modified_time\" content=\"2026-03-08T16:45:10+00:00\" \/>\n<meta property=\"og:image\" content=\"https:\/\/astrologelvan.com\/magaza\/wp-content\/uploads\/2026\/01\/AA9FB572-CBD7-49C6-9A1F-08406E0356DC.png\" \/>\n\t<meta property=\"og:image:width\" content=\"1024\" \/>\n\t<meta property=\"og:image:height\" content=\"1536\" \/>\n\t<meta property=\"og:image:type\" content=\"image\/png\" \/>\n<meta name=\"twitter:card\" content=\"summary_large_image\" \/>\n<meta name=\"twitter:label1\" content=\"Tahmini okuma s\u00fcresi\" \/>\n\t<meta name=\"twitter:data1\" content=\"1 dakika\" \/>\n<script type=\"application\/ld+json\" class=\"yoast-schema-graph\">{\"@context\":\"https:\\\/\\\/schema.org\",\"@graph\":[{\"@type\":[\"WebPage\",\"ItemPage\"],\"@id\":\"https:\\\/\\\/astrologelvan.com\\\/magaza\\\/urun\\\/ozel-seri-florit-tasi-kolye-925-ayar-gumus-uzeri-altin-kaplama\\\/\",\"url\":\"https:\\\/\\\/astrologelvan.com\\\/magaza\\\/urun\\\/ozel-seri-florit-tasi-kolye-925-ayar-gumus-uzeri-altin-kaplama\\\/\",\"name\":\"\u00d6ZEL SER\u0130 FLOR\u0130T TA\u015eI KOLYE| 925 AYAR G\u00dcM\u00dc\u015e \u00dcZER\u0130 ALTIN KAPLAMA - Astrolog Elvan\",\"isPartOf\":{\"@id\":\"https:\\\/\\\/astrologelvan.com\\\/magaza\\\/#website\"},\"primaryImageOfPage\":{\"@id\":\"https:\\\/\\\/astrologelvan.com\\\/magaza\\\/urun\\\/ozel-seri-florit-tasi-kolye-925-ayar-gumus-uzeri-altin-kaplama\\\/#primaryimage\"},\"image\":{\"@id\":\"https:\\\/\\\/astrologelvan.com\\\/magaza\\\/urun\\\/ozel-seri-florit-tasi-kolye-925-ayar-gumus-uzeri-altin-kaplama\\\/#primaryimage\"},\"thumbnailUrl\":\"https:\\\/\\\/astrologelvan.com\\\/magaza\\\/wp-content\\\/uploads\\\/2026\\\/01\\\/AA9FB572-CBD7-49C6-9A1F-08406E0356DC.png\",\"datePublished\":\"2026-01-19T18:07:59+00:00\",\"dateModified\":\"2026-03-08T16:45:10+00:00\",\"breadcrumb\":{\"@id\":\"https:\\\/\\\/astrologelvan.com\\\/magaza\\\/urun\\\/ozel-seri-florit-tasi-kolye-925-ayar-gumus-uzeri-altin-kaplama\\\/#breadcrumb\"},\"inLanguage\":\"tr\",\"potentialAction\":[{\"@type\":\"ReadAction\",\"target\":[\"https:\\\/\\\/astrologelvan.com\\\/magaza\\\/urun\\\/ozel-seri-florit-tasi-kolye-925-ayar-gumus-uzeri-altin-kaplama\\\/\"]}]},{\"@type\":\"ImageObject\",\"inLanguage\":\"tr\",\"@id\":\"https:\\\/\\\/astrologelvan.com\\\/magaza\\\/urun\\\/ozel-seri-florit-tasi-kolye-925-ayar-gumus-uzeri-altin-kaplama\\\/#primaryimage\",\"url\":\"https:\\\/\\\/astrologelvan.com\\\/magaza\\\/wp-content\\\/uploads\\\/2026\\\/01\\\/AA9FB572-CBD7-49C6-9A1F-08406E0356DC.png\",\"contentUrl\":\"https:\\\/\\\/astrologelvan.com\\\/magaza\\\/wp-content\\\/uploads\\\/2026\\\/01\\\/AA9FB572-CBD7-49C6-9A1F-08406E0356DC.png\",\"width\":1024,\"height\":1536},{\"@type\":\"BreadcrumbList\",\"@id\":\"https:\\\/\\\/astrologelvan.com\\\/magaza\\\/urun\\\/ozel-seri-florit-tasi-kolye-925-ayar-gumus-uzeri-altin-kaplama\\\/#breadcrumb\",\"itemListElement\":[{\"@type\":\"ListItem\",\"position\":1,\"name\":\"Anasayfa\",\"item\":\"https:\\\/\\\/astrologelvan.com\\\/magaza\\\/\"},{\"@type\":\"ListItem\",\"position\":2,\"name\":\"Ma\u011faza\",\"item\":\"https:\\\/\\\/astrologelvan.com\\\/magaza\\\/magaza\\\/\"},{\"@type\":\"ListItem\",\"position\":3,\"name\":\"\u00d6ZEL SER\u0130 FLOR\u0130T TA\u015eI KOLYE| 925 AYAR G\u00dcM\u00dc\u015e \u00dcZER\u0130 ALTIN KAPLAMA\"}]},{\"@type\":\"WebSite\",\"@id\":\"https:\\\/\\\/astrologelvan.com\\\/magaza\\\/#website\",\"url\":\"https:\\\/\\\/astrologelvan.com\\\/magaza\\\/\",\"name\":\"Astrolog Elvan\",\"description\":\"\",\"potentialAction\":[{\"@type\":\"SearchAction\",\"target\":{\"@type\":\"EntryPoint\",\"urlTemplate\":\"https:\\\/\\\/astrologelvan.com\\\/magaza\\\/?s={search_term_string}\"},\"query-input\":{\"@type\":\"PropertyValueSpecification\",\"valueRequired\":true,\"valueName\":\"search_term_string\"}}],\"inLanguage\":\"tr\"}]}<\/script>\n<!-- \/ Yoast SEO plugin. -->","yoast_head_json":{"title":"\u00d6ZEL SER\u0130 FLOR\u0130T TA\u015eI KOLYE| 925 AYAR G\u00dcM\u00dc\u015e \u00dcZER\u0130 ALTIN KAPLAMA - Astrolog Elvan","robots":{"index":"index","follow":"follow","max-snippet":"max-snippet:-1","max-image-preview":"max-image-preview:large","max-video-preview":"max-video-preview:-1"},"canonical":"https:\/\/astrologelvan.com\/magaza\/urun\/ozel-seri-florit-tasi-kolye-925-ayar-gumus-uzeri-altin-kaplama\/","og_locale":"tr_TR","og_type":"article","og_title":"\u00d6ZEL SER\u0130 FLOR\u0130T TA\u015eI KOLYE| 925 AYAR G\u00dcM\u00dc\u015e \u00dcZER\u0130 ALTIN KAPLAMA - Astrolog Elvan","og_description":"Florit, mor ve eflatun tonlar\u0131, a\u00e7\u0131k ye\u015fil, sar\u0131, mavi, beyaz ve g\u00f6kku\u015fa\u011f\u0131 gibi \u00e7e\u015fitli renklerde gelir. Ad\u0131, \u201cak\u0131\u015f\u201d anlam\u0131na gelen Latince \u201cfleure\u201d kelimesinden gelir ve bu da \u201cd\u0131\u015far\u0131 akmak\u201d veya \u201cs\u00fcrekli de\u011fi\u015fim\u201d anlam\u0131na gelir. Manevi ve duygusal bir bak\u0131\u015f a\u00e7\u0131s\u0131yla, florit bir dizi farkl\u0131 \u015fekilde yard\u0131mc\u0131 olabilir. Florit, do\u011fal olarak n\u00f6tralize edici etkisinden dolay\u0131 eski, durgun enerjileri s\u00fcp\u00fcr\u00fcp atmaya ve zihin tazeli\u011fi ve netli\u011fi sa\u011flamaya yard\u0131mc\u0131 olabilir. Endi\u015fe ve kayg\u0131lardan kurtulmak i\u00e7in m\u00fccadele eden bizler i\u00e7in florit ta\u015f\u0131 \u00e7ok faydal\u0131 olabilir. G\u00fc\u00e7l\u00fc temizleyici enerjisi, netlik, huzur ve sa\u011fl\u0131kl\u0131 de\u011fi\u015fimin ger\u00e7ekle\u015febilmesi i\u00e7in eski d\u00fc\u015f\u00fcnce ve kal\u0131plar\u0131 temizler. Odak g\u00fcc\u00fcn\u00fcz\u00fc y\u00fckseltin!  \u00dcr\u00fcn \u00f6zellikleri: 925 Ayar G\u00fcm\u00fc\u015f \u00dczeri Alt\u0131n Kaplama Zincir Uzunlu\u011fu :45 cm \u00dcr\u00fcn A\u011f\u0131rl\u0131\u011f\u0131 :6,80 gr","og_url":"https:\/\/astrologelvan.com\/magaza\/urun\/ozel-seri-florit-tasi-kolye-925-ayar-gumus-uzeri-altin-kaplama\/","og_site_name":"Astrolog Elvan","article_modified_time":"2026-03-08T16:45:10+00:00","og_image":[{"width":1024,"height":1536,"url":"https:\/\/astrologelvan.com\/magaza\/wp-content\/uploads\/2026\/01\/AA9FB572-CBD7-49C6-9A1F-08406E0356DC.png","type":"image\/png"}],"twitter_card":"summary_large_image","twitter_misc":{"Tahmini okuma s\u00fcresi":"1 dakika"},"schema":{"@context":"https:\/\/schema.org","@graph":[{"@type":["WebPage","ItemPage"],"@id":"https:\/\/astrologelvan.com\/magaza\/urun\/ozel-seri-florit-tasi-kolye-925-ayar-gumus-uzeri-altin-kaplama\/","url":"https:\/\/astrologelvan.com\/magaza\/urun\/ozel-seri-florit-tasi-kolye-925-ayar-gumus-uzeri-altin-kaplama\/","name":"\u00d6ZEL SER\u0130 FLOR\u0130T TA\u015eI KOLYE| 925 AYAR G\u00dcM\u00dc\u015e \u00dcZER\u0130 ALTIN KAPLAMA - Astrolog Elvan","isPartOf":{"@id":"https:\/\/astrologelvan.com\/magaza\/#website"},"primaryImageOfPage":{"@id":"https:\/\/astrologelvan.com\/magaza\/urun\/ozel-seri-florit-tasi-kolye-925-ayar-gumus-uzeri-altin-kaplama\/#primaryimage"},"image":{"@id":"https:\/\/astrologelvan.com\/magaza\/urun\/ozel-seri-florit-tasi-kolye-925-ayar-gumus-uzeri-altin-kaplama\/#primaryimage"},"thumbnailUrl":"https:\/\/astrologelvan.com\/magaza\/wp-content\/uploads\/2026\/01\/AA9FB572-CBD7-49C6-9A1F-08406E0356DC.png","datePublished":"2026-01-19T18:07:59+00:00","dateModified":"2026-03-08T16:45:10+00:00","breadcrumb":{"@id":"https:\/\/astrologelvan.com\/magaza\/urun\/ozel-seri-florit-tasi-kolye-925-ayar-gumus-uzeri-altin-kaplama\/#breadcrumb"},"inLanguage":"tr","potentialAction":[{"@type":"ReadAction","target":["https:\/\/astrologelvan.com\/magaza\/urun\/ozel-seri-florit-tasi-kolye-925-ayar-gumus-uzeri-altin-kaplama\/"]}]},{"@type":"ImageObject","inLanguage":"tr","@id":"https:\/\/astrologelvan.com\/magaza\/urun\/ozel-seri-florit-tasi-kolye-925-ayar-gumus-uzeri-altin-kaplama\/#primaryimage","url":"https:\/\/astrologelvan.com\/magaza\/wp-content\/uploads\/2026\/01\/AA9FB572-CBD7-49C6-9A1F-08406E0356DC.png","contentUrl":"https:\/\/astrologelvan.com\/magaza\/wp-content\/uploads\/2026\/01\/AA9FB572-CBD7-49C6-9A1F-08406E0356DC.png","width":1024,"height":1536},{"@type":"BreadcrumbList","@id":"https:\/\/astrologelvan.com\/magaza\/urun\/ozel-seri-florit-tasi-kolye-925-ayar-gumus-uzeri-altin-kaplama\/#breadcrumb","itemListElement":[{"@type":"ListItem","position":1,"name":"Anasayfa","item":"https:\/\/astrologelvan.com\/magaza\/"},{"@type":"ListItem","position":2,"name":"Ma\u011faza","item":"https:\/\/astrologelvan.com\/magaza\/magaza\/"},{"@type":"ListItem","position":3,"name":"\u00d6ZEL SER\u0130 FLOR\u0130T TA\u015eI KOLYE| 925 AYAR G\u00dcM\u00dc\u015e \u00dcZER\u0130 ALTIN KAPLAMA"}]},{"@type":"WebSite","@id":"https:\/\/astrologelvan.com\/magaza\/#website","url":"https:\/\/astrologelvan.com\/magaza\/","name":"Astrolog Elvan","description":"","potentialAction":[{"@type":"SearchAction","target":{"@type":"EntryPoint","urlTemplate":"https:\/\/astrologelvan.com\/magaza\/?s={search_term_string}"},"query-input":{"@type":"PropertyValueSpecification","valueRequired":true,"valueName":"search_term_string"}}],"inLanguage":"tr"}]}},"_links":{"self":[{"href":"https:\/\/astrologelvan.com\/magaza\/wp-json\/wp\/v2\/product\/148683","targetHints":{"allow":["GET"]}}],"collection":[{"href":"https:\/\/astrologelvan.com\/magaza\/wp-json\/wp\/v2\/product"}],"about":[{"href":"https:\/\/astrologelvan.com\/magaza\/wp-json\/wp\/v2\/types\/product"}],"replies":[{"embeddable":true,"href":"https:\/\/astrologelvan.com\/magaza\/wp-json\/wp\/v2\/comments?post=148683"}],"wp:featuredmedia":[{"embeddable":true,"href":"https:\/\/astrologelvan.com\/magaza\/wp-json\/wp\/v2\/media\/148686"}],"wp:attachment":[{"href":"https:\/\/astrologelvan.com\/magaza\/wp-json\/wp\/v2\/media?parent=148683"}],"wp:term":[{"taxonomy":"product_brand","embeddable":true,"href":"https:\/\/astrologelvan.com\/magaza\/wp-json\/wp\/v2\/product_brand?post=148683"},{"taxonomy":"product_cat","embeddable":true,"href":"https:\/\/astrologelvan.com\/magaza\/wp-json\/wp\/v2\/product_cat?post=148683"},{"taxonomy":"product_tag","embeddable":true,"href":"https:\/\/astrologelvan.com\/magaza\/wp-json\/wp\/v2\/product_tag?post=148683"}],"curies":[{"name":"wp","href":"https:\/\/api.w.org\/{rel}","templated":true}]}}