{"id":148679,"date":"2026-01-19T21:04:38","date_gmt":"2026-01-19T18:04:38","guid":{"rendered":"https:\/\/astrologelvan.com\/magaza\/?post_type=product&#038;p=148679"},"modified":"2026-02-02T18:03:45","modified_gmt":"2026-02-02T15:03:45","slug":"ozel-seri-cebrail-tasi-oval-kesim-kolye-925-ayar-gumus-uzeri-altin-kaplama","status":"publish","type":"product","link":"https:\/\/astrologelvan.com\/magaza\/urun\/ozel-seri-cebrail-tasi-oval-kesim-kolye-925-ayar-gumus-uzeri-altin-kaplama\/","title":{"rendered":"\u00d6ZEL SER\u0130 CEBRA\u0130L TA\u015eI OVAL KES\u0130M KOLYE | 925 AYAR G\u00dcM\u00dc\u015e \u00dcZER\u0130 ALTIN KAPLAMA"},"content":{"rendered":"","protected":false},"excerpt":{"rendered":"<p>Cebrail Ta\u015f\u0131, y\u00fcksek frekansl\u0131 enerjisiyle ilahi rehberlik, sezgisel a\u00e7\u0131kl\u0131k ve ruhsal fark\u0131ndal\u0131k temalar\u0131yla ili\u015fkilendirilen \u00f6zel bir do\u011fal ta\u015ft\u0131r. Spirit\u00fcel \u00e7al\u0131\u015fmalarda, ki\u015finin i\u00e7 sesini daha net duymas\u0131na ve ilham kanallar\u0131n\u0131n a\u00e7\u0131lmas\u0131na destek oldu\u011funa inan\u0131l\u0131r.<\/p>\n<p>Cebrail Ta\u015f\u0131\u2019n\u0131n enerjisinin, \u00f6zellikle meditasyon, niyet \u00e7al\u0131\u015fmalar\u0131 ve fark\u0131ndal\u0131k pratiklerinde zihinsel berrakl\u0131\u011f\u0131 destekledi\u011fi, ilham\u0131 art\u0131rd\u0131\u011f\u0131 ve ruhsal ba\u011flant\u0131y\u0131 g\u00fc\u00e7lendirdi\u011fi kabul edilir. G\u00fcnl\u00fck kullan\u0131mda ise hem \u015f\u0131kl\u0131\u011f\u0131 hem de sembolik anlam\u0131yla stilinizi tamamlar.<br \/>\n\u00dcr\u00fcn \u00f6zellikleri<br \/>\n925 Ayar G\u00fcm\u00fc\u015f \u00dczeri Alt\u0131n Kaplama<br \/>\nZincir Uzunlu\u011fu :45 cm<br \/>\n\u00dcr\u00fcn A\u011f\u0131rl\u0131\u011f\u0131 :6,80 gr<\/p>\n","protected":false},"featured_media":148682,"comment_status":"open","ping_status":"closed","template":"","meta":[],"product_brand":[596],"product_cat":[9559,8106],"product_tag":[],"class_list":{"0":"post-148679","1":"product","2":"type-product","3":"status-publish","4":"has-post-thumbnail","6":"product_brand-astrolog-elvan","7":"product_cat-cebrail-tasi","8":"product_cat--gumus-kolyeler","10":"first","11":"instock","12":"purchasable","13":"product-type-simple"},"yoast_head":"<!-- This site is optimized with the Yoast SEO plugin v27.3 - https:\/\/yoast.com\/product\/yoast-seo-wordpress\/ -->\n<title>\u00d6ZEL SER\u0130 CEBRA\u0130L TA\u015eI OVAL KES\u0130M KOLYE | 925 AYAR G\u00dcM\u00dc\u015e \u00dcZER\u0130 ALTIN KAPLAMA - Astrolog Elvan<\/title>\n<meta name=\"robots\" content=\"index, follow, max-snippet:-1, max-image-preview:large, max-video-preview:-1\" \/>\n<link rel=\"canonical\" href=\"https:\/\/astrologelvan.com\/magaza\/urun\/ozel-seri-cebrail-tasi-oval-kesim-kolye-925-ayar-gumus-uzeri-altin-kaplama\/\" \/>\n<meta property=\"og:locale\" content=\"tr_TR\" \/>\n<meta property=\"og:type\" content=\"article\" \/>\n<meta property=\"og:title\" content=\"\u00d6ZEL SER\u0130 CEBRA\u0130L TA\u015eI OVAL KES\u0130M KOLYE | 925 AYAR G\u00dcM\u00dc\u015e \u00dcZER\u0130 ALTIN KAPLAMA - Astrolog Elvan\" \/>\n<meta property=\"og:description\" content=\"Cebrail Ta\u015f\u0131, y\u00fcksek frekansl\u0131 enerjisiyle ilahi rehberlik, sezgisel a\u00e7\u0131kl\u0131k ve ruhsal fark\u0131ndal\u0131k temalar\u0131yla ili\u015fkilendirilen \u00f6zel bir do\u011fal ta\u015ft\u0131r. Spirit\u00fcel \u00e7al\u0131\u015fmalarda, ki\u015finin i\u00e7 sesini daha net duymas\u0131na ve ilham kanallar\u0131n\u0131n a\u00e7\u0131lmas\u0131na destek oldu\u011funa inan\u0131l\u0131r.  Cebrail Ta\u015f\u0131\u2019n\u0131n enerjisinin, \u00f6zellikle meditasyon, niyet \u00e7al\u0131\u015fmalar\u0131 ve fark\u0131ndal\u0131k pratiklerinde zihinsel berrakl\u0131\u011f\u0131 destekledi\u011fi, ilham\u0131 art\u0131rd\u0131\u011f\u0131 ve ruhsal ba\u011flant\u0131y\u0131 g\u00fc\u00e7lendirdi\u011fi kabul edilir. G\u00fcnl\u00fck kullan\u0131mda ise hem \u015f\u0131kl\u0131\u011f\u0131 hem de sembolik anlam\u0131yla stilinizi tamamlar. \u00dcr\u00fcn \u00f6zellikleri 925 Ayar G\u00fcm\u00fc\u015f \u00dczeri Alt\u0131n Kaplama Zincir Uzunlu\u011fu :45 cm \u00dcr\u00fcn A\u011f\u0131rl\u0131\u011f\u0131 :6,80 gr\" \/>\n<meta property=\"og:url\" content=\"https:\/\/astrologelvan.com\/magaza\/urun\/ozel-seri-cebrail-tasi-oval-kesim-kolye-925-ayar-gumus-uzeri-altin-kaplama\/\" \/>\n<meta property=\"og:site_name\" content=\"Astrolog Elvan\" \/>\n<meta property=\"article:modified_time\" content=\"2026-02-02T15:03:45+00:00\" \/>\n<meta property=\"og:image\" content=\"https:\/\/astrologelvan.com\/magaza\/wp-content\/uploads\/2026\/01\/Cebrail-kolye.png\" \/>\n\t<meta property=\"og:image:width\" content=\"1024\" \/>\n\t<meta property=\"og:image:height\" content=\"1536\" \/>\n\t<meta property=\"og:image:type\" content=\"image\/png\" \/>\n<meta name=\"twitter:card\" content=\"summary_large_image\" \/>\n<meta name=\"twitter:label1\" content=\"Tahmini okuma s\u00fcresi\" \/>\n\t<meta name=\"twitter:data1\" content=\"1 dakika\" \/>\n<script type=\"application\/ld+json\" class=\"yoast-schema-graph\">{\"@context\":\"https:\\\/\\\/schema.org\",\"@graph\":[{\"@type\":[\"WebPage\",\"ItemPage\"],\"@id\":\"https:\\\/\\\/astrologelvan.com\\\/magaza\\\/urun\\\/ozel-seri-cebrail-tasi-oval-kesim-kolye-925-ayar-gumus-uzeri-altin-kaplama\\\/\",\"url\":\"https:\\\/\\\/astrologelvan.com\\\/magaza\\\/urun\\\/ozel-seri-cebrail-tasi-oval-kesim-kolye-925-ayar-gumus-uzeri-altin-kaplama\\\/\",\"name\":\"\u00d6ZEL SER\u0130 CEBRA\u0130L TA\u015eI OVAL KES\u0130M KOLYE | 925 AYAR G\u00dcM\u00dc\u015e \u00dcZER\u0130 ALTIN KAPLAMA - Astrolog Elvan\",\"isPartOf\":{\"@id\":\"https:\\\/\\\/astrologelvan.com\\\/magaza\\\/#website\"},\"primaryImageOfPage\":{\"@id\":\"https:\\\/\\\/astrologelvan.com\\\/magaza\\\/urun\\\/ozel-seri-cebrail-tasi-oval-kesim-kolye-925-ayar-gumus-uzeri-altin-kaplama\\\/#primaryimage\"},\"image\":{\"@id\":\"https:\\\/\\\/astrologelvan.com\\\/magaza\\\/urun\\\/ozel-seri-cebrail-tasi-oval-kesim-kolye-925-ayar-gumus-uzeri-altin-kaplama\\\/#primaryimage\"},\"thumbnailUrl\":\"https:\\\/\\\/astrologelvan.com\\\/magaza\\\/wp-content\\\/uploads\\\/2026\\\/01\\\/Cebrail-kolye.png\",\"datePublished\":\"2026-01-19T18:04:38+00:00\",\"dateModified\":\"2026-02-02T15:03:45+00:00\",\"breadcrumb\":{\"@id\":\"https:\\\/\\\/astrologelvan.com\\\/magaza\\\/urun\\\/ozel-seri-cebrail-tasi-oval-kesim-kolye-925-ayar-gumus-uzeri-altin-kaplama\\\/#breadcrumb\"},\"inLanguage\":\"tr\",\"potentialAction\":[{\"@type\":\"ReadAction\",\"target\":[\"https:\\\/\\\/astrologelvan.com\\\/magaza\\\/urun\\\/ozel-seri-cebrail-tasi-oval-kesim-kolye-925-ayar-gumus-uzeri-altin-kaplama\\\/\"]}]},{\"@type\":\"ImageObject\",\"inLanguage\":\"tr\",\"@id\":\"https:\\\/\\\/astrologelvan.com\\\/magaza\\\/urun\\\/ozel-seri-cebrail-tasi-oval-kesim-kolye-925-ayar-gumus-uzeri-altin-kaplama\\\/#primaryimage\",\"url\":\"https:\\\/\\\/astrologelvan.com\\\/magaza\\\/wp-content\\\/uploads\\\/2026\\\/01\\\/Cebrail-kolye.png\",\"contentUrl\":\"https:\\\/\\\/astrologelvan.com\\\/magaza\\\/wp-content\\\/uploads\\\/2026\\\/01\\\/Cebrail-kolye.png\",\"width\":1024,\"height\":1536},{\"@type\":\"BreadcrumbList\",\"@id\":\"https:\\\/\\\/astrologelvan.com\\\/magaza\\\/urun\\\/ozel-seri-cebrail-tasi-oval-kesim-kolye-925-ayar-gumus-uzeri-altin-kaplama\\\/#breadcrumb\",\"itemListElement\":[{\"@type\":\"ListItem\",\"position\":1,\"name\":\"Anasayfa\",\"item\":\"https:\\\/\\\/astrologelvan.com\\\/magaza\\\/\"},{\"@type\":\"ListItem\",\"position\":2,\"name\":\"Ma\u011faza\",\"item\":\"https:\\\/\\\/astrologelvan.com\\\/magaza\\\/magaza\\\/\"},{\"@type\":\"ListItem\",\"position\":3,\"name\":\"\u00d6ZEL SER\u0130 CEBRA\u0130L TA\u015eI OVAL KES\u0130M KOLYE | 925 AYAR G\u00dcM\u00dc\u015e \u00dcZER\u0130 ALTIN KAPLAMA\"}]},{\"@type\":\"WebSite\",\"@id\":\"https:\\\/\\\/astrologelvan.com\\\/magaza\\\/#website\",\"url\":\"https:\\\/\\\/astrologelvan.com\\\/magaza\\\/\",\"name\":\"Astrolog Elvan\",\"description\":\"\",\"potentialAction\":[{\"@type\":\"SearchAction\",\"target\":{\"@type\":\"EntryPoint\",\"urlTemplate\":\"https:\\\/\\\/astrologelvan.com\\\/magaza\\\/?s={search_term_string}\"},\"query-input\":{\"@type\":\"PropertyValueSpecification\",\"valueRequired\":true,\"valueName\":\"search_term_string\"}}],\"inLanguage\":\"tr\"}]}<\/script>\n<!-- \/ Yoast SEO plugin. -->","yoast_head_json":{"title":"\u00d6ZEL SER\u0130 CEBRA\u0130L TA\u015eI OVAL KES\u0130M KOLYE | 925 AYAR G\u00dcM\u00dc\u015e \u00dcZER\u0130 ALTIN KAPLAMA - Astrolog Elvan","robots":{"index":"index","follow":"follow","max-snippet":"max-snippet:-1","max-image-preview":"max-image-preview:large","max-video-preview":"max-video-preview:-1"},"canonical":"https:\/\/astrologelvan.com\/magaza\/urun\/ozel-seri-cebrail-tasi-oval-kesim-kolye-925-ayar-gumus-uzeri-altin-kaplama\/","og_locale":"tr_TR","og_type":"article","og_title":"\u00d6ZEL SER\u0130 CEBRA\u0130L TA\u015eI OVAL KES\u0130M KOLYE | 925 AYAR G\u00dcM\u00dc\u015e \u00dcZER\u0130 ALTIN KAPLAMA - Astrolog Elvan","og_description":"Cebrail Ta\u015f\u0131, y\u00fcksek frekansl\u0131 enerjisiyle ilahi rehberlik, sezgisel a\u00e7\u0131kl\u0131k ve ruhsal fark\u0131ndal\u0131k temalar\u0131yla ili\u015fkilendirilen \u00f6zel bir do\u011fal ta\u015ft\u0131r. Spirit\u00fcel \u00e7al\u0131\u015fmalarda, ki\u015finin i\u00e7 sesini daha net duymas\u0131na ve ilham kanallar\u0131n\u0131n a\u00e7\u0131lmas\u0131na destek oldu\u011funa inan\u0131l\u0131r.  Cebrail Ta\u015f\u0131\u2019n\u0131n enerjisinin, \u00f6zellikle meditasyon, niyet \u00e7al\u0131\u015fmalar\u0131 ve fark\u0131ndal\u0131k pratiklerinde zihinsel berrakl\u0131\u011f\u0131 destekledi\u011fi, ilham\u0131 art\u0131rd\u0131\u011f\u0131 ve ruhsal ba\u011flant\u0131y\u0131 g\u00fc\u00e7lendirdi\u011fi kabul edilir. G\u00fcnl\u00fck kullan\u0131mda ise hem \u015f\u0131kl\u0131\u011f\u0131 hem de sembolik anlam\u0131yla stilinizi tamamlar. \u00dcr\u00fcn \u00f6zellikleri 925 Ayar G\u00fcm\u00fc\u015f \u00dczeri Alt\u0131n Kaplama Zincir Uzunlu\u011fu :45 cm \u00dcr\u00fcn A\u011f\u0131rl\u0131\u011f\u0131 :6,80 gr","og_url":"https:\/\/astrologelvan.com\/magaza\/urun\/ozel-seri-cebrail-tasi-oval-kesim-kolye-925-ayar-gumus-uzeri-altin-kaplama\/","og_site_name":"Astrolog Elvan","article_modified_time":"2026-02-02T15:03:45+00:00","og_image":[{"width":1024,"height":1536,"url":"https:\/\/astrologelvan.com\/magaza\/wp-content\/uploads\/2026\/01\/Cebrail-kolye.png","type":"image\/png"}],"twitter_card":"summary_large_image","twitter_misc":{"Tahmini okuma s\u00fcresi":"1 dakika"},"schema":{"@context":"https:\/\/schema.org","@graph":[{"@type":["WebPage","ItemPage"],"@id":"https:\/\/astrologelvan.com\/magaza\/urun\/ozel-seri-cebrail-tasi-oval-kesim-kolye-925-ayar-gumus-uzeri-altin-kaplama\/","url":"https:\/\/astrologelvan.com\/magaza\/urun\/ozel-seri-cebrail-tasi-oval-kesim-kolye-925-ayar-gumus-uzeri-altin-kaplama\/","name":"\u00d6ZEL SER\u0130 CEBRA\u0130L TA\u015eI OVAL KES\u0130M KOLYE | 925 AYAR G\u00dcM\u00dc\u015e \u00dcZER\u0130 ALTIN KAPLAMA - Astrolog Elvan","isPartOf":{"@id":"https:\/\/astrologelvan.com\/magaza\/#website"},"primaryImageOfPage":{"@id":"https:\/\/astrologelvan.com\/magaza\/urun\/ozel-seri-cebrail-tasi-oval-kesim-kolye-925-ayar-gumus-uzeri-altin-kaplama\/#primaryimage"},"image":{"@id":"https:\/\/astrologelvan.com\/magaza\/urun\/ozel-seri-cebrail-tasi-oval-kesim-kolye-925-ayar-gumus-uzeri-altin-kaplama\/#primaryimage"},"thumbnailUrl":"https:\/\/astrologelvan.com\/magaza\/wp-content\/uploads\/2026\/01\/Cebrail-kolye.png","datePublished":"2026-01-19T18:04:38+00:00","dateModified":"2026-02-02T15:03:45+00:00","breadcrumb":{"@id":"https:\/\/astrologelvan.com\/magaza\/urun\/ozel-seri-cebrail-tasi-oval-kesim-kolye-925-ayar-gumus-uzeri-altin-kaplama\/#breadcrumb"},"inLanguage":"tr","potentialAction":[{"@type":"ReadAction","target":["https:\/\/astrologelvan.com\/magaza\/urun\/ozel-seri-cebrail-tasi-oval-kesim-kolye-925-ayar-gumus-uzeri-altin-kaplama\/"]}]},{"@type":"ImageObject","inLanguage":"tr","@id":"https:\/\/astrologelvan.com\/magaza\/urun\/ozel-seri-cebrail-tasi-oval-kesim-kolye-925-ayar-gumus-uzeri-altin-kaplama\/#primaryimage","url":"https:\/\/astrologelvan.com\/magaza\/wp-content\/uploads\/2026\/01\/Cebrail-kolye.png","contentUrl":"https:\/\/astrologelvan.com\/magaza\/wp-content\/uploads\/2026\/01\/Cebrail-kolye.png","width":1024,"height":1536},{"@type":"BreadcrumbList","@id":"https:\/\/astrologelvan.com\/magaza\/urun\/ozel-seri-cebrail-tasi-oval-kesim-kolye-925-ayar-gumus-uzeri-altin-kaplama\/#breadcrumb","itemListElement":[{"@type":"ListItem","position":1,"name":"Anasayfa","item":"https:\/\/astrologelvan.com\/magaza\/"},{"@type":"ListItem","position":2,"name":"Ma\u011faza","item":"https:\/\/astrologelvan.com\/magaza\/magaza\/"},{"@type":"ListItem","position":3,"name":"\u00d6ZEL SER\u0130 CEBRA\u0130L TA\u015eI OVAL KES\u0130M KOLYE | 925 AYAR G\u00dcM\u00dc\u015e \u00dcZER\u0130 ALTIN KAPLAMA"}]},{"@type":"WebSite","@id":"https:\/\/astrologelvan.com\/magaza\/#website","url":"https:\/\/astrologelvan.com\/magaza\/","name":"Astrolog Elvan","description":"","potentialAction":[{"@type":"SearchAction","target":{"@type":"EntryPoint","urlTemplate":"https:\/\/astrologelvan.com\/magaza\/?s={search_term_string}"},"query-input":{"@type":"PropertyValueSpecification","valueRequired":true,"valueName":"search_term_string"}}],"inLanguage":"tr"}]}},"_links":{"self":[{"href":"https:\/\/astrologelvan.com\/magaza\/wp-json\/wp\/v2\/product\/148679","targetHints":{"allow":["GET"]}}],"collection":[{"href":"https:\/\/astrologelvan.com\/magaza\/wp-json\/wp\/v2\/product"}],"about":[{"href":"https:\/\/astrologelvan.com\/magaza\/wp-json\/wp\/v2\/types\/product"}],"replies":[{"embeddable":true,"href":"https:\/\/astrologelvan.com\/magaza\/wp-json\/wp\/v2\/comments?post=148679"}],"wp:featuredmedia":[{"embeddable":true,"href":"https:\/\/astrologelvan.com\/magaza\/wp-json\/wp\/v2\/media\/148682"}],"wp:attachment":[{"href":"https:\/\/astrologelvan.com\/magaza\/wp-json\/wp\/v2\/media?parent=148679"}],"wp:term":[{"taxonomy":"product_brand","embeddable":true,"href":"https:\/\/astrologelvan.com\/magaza\/wp-json\/wp\/v2\/product_brand?post=148679"},{"taxonomy":"product_cat","embeddable":true,"href":"https:\/\/astrologelvan.com\/magaza\/wp-json\/wp\/v2\/product_cat?post=148679"},{"taxonomy":"product_tag","embeddable":true,"href":"https:\/\/astrologelvan.com\/magaza\/wp-json\/wp\/v2\/product_tag?post=148679"}],"curies":[{"name":"wp","href":"https:\/\/api.w.org\/{rel}","templated":true}]}}