{"id":148672,"date":"2026-01-19T20:59:24","date_gmt":"2026-01-19T17:59:24","guid":{"rendered":"https:\/\/astrologelvan.com\/magaza\/?post_type=product&#038;p=148672"},"modified":"2026-03-10T08:45:14","modified_gmt":"2026-03-10T05:45:14","slug":"ozel-seri-yosun-akik-kolye-925-ayar-gumus-uzeri-altin-kaplama","status":"publish","type":"product","link":"https:\/\/astrologelvan.com\/magaza\/urun\/ozel-seri-yosun-akik-kolye-925-ayar-gumus-uzeri-altin-kaplama\/","title":{"rendered":"\u00d6ZEL SER\u0130 YOSUN AK\u0130K KOLYE | 925 AYAR G\u00dcM\u00dc\u015e \u00dcZER\u0130 ALTIN KAPLAMA"},"content":{"rendered":"","protected":false},"excerpt":{"rendered":"<p>Antik k\u00fclt\u00fcrlerde yosun akik, \u201ctopra\u011f\u0131n ve orman\u0131n kalbi\u201d olarak an\u0131l\u0131rd\u0131. Do\u011fan\u0131n g\u00f6r\u00fcnmeyen ruhlar\u0131n\u0131, ye\u015fil d\u00fcnyalar\u0131n koruyucular\u0131n\u0131 ve ya\u015fam\u0131n s\u00fcrekli yenilenmesini temsil eder.<\/p>\n<p>Spirit\u00fcel &amp; Enerjisel Anlamlar\u0131<br \/>\n* Topraklanma sa\u011flar. Ki\u015fiyi \u201canda\u201d tutar, zihni sakinle\u015ftirir.<br \/>\n* Do\u011fayla ba\u011flant\u0131y\u0131 g\u00fc\u00e7lendirir. \u00d6zellikle do\u011fa ruhlar\u0131, periler ve element enerjileriyle ili\u015fkilendirilir.<br \/>\n* Bolluk ve bereket ta\u015f\u0131 olarak bilinir. Yeni ba\u015flang\u0131\u00e7lar\u0131 ve b\u00fcy\u00fcmeyi simgeler.<br \/>\n* Kalp alan\u0131n\u0131 yumu\u015fat\u0131r. \u015eefkat, g\u00fcven ve i\u00e7 huzur temas\u0131n\u0131 destekler.<\/p>\n<p>Yeni i\u015f ba\u015flang\u0131\u00e7lar\u0131nda k\u00f6klenme ve bereketi b\u00fcy\u00fct\u00fcr. Bir eve \u00e7\u0131kt\u0131\u011f\u0131n\u0131zda takmaya ba\u015flarsan\u0131z o evle ili\u015fkinizi g\u00fc\u00e7lendirir. Bir ili\u015fkinin ba\u015f\u0131nda takarsan\u0131z, o ili\u015fki uzun soluklu olur ve ili\u015fkide k\u00f6klenirsiniz.<br \/>\n\u00dcr\u00fcn \u00f6zellik<br \/>\n925 Ayar G\u00fcm\u00fc\u015f \u00dczeri Alt\u0131n Kaplama<br \/>\nZincir Uzunlu\u011fu :45 cm<br \/>\n\u00dcr\u00fcn A\u011f\u0131rl\u0131\u011f\u0131 :6,80 gr<\/p>\n","protected":false},"featured_media":148678,"comment_status":"open","ping_status":"closed","template":"","meta":[],"product_brand":[596],"product_cat":[333,2266],"product_tag":[],"class_list":{"0":"post-148672","1":"product","2":"type-product","3":"status-publish","4":"has-post-thumbnail","6":"product_brand-astrolog-elvan","7":"product_cat-akik-tasi","8":"product_cat--gumus-bileklik","10":"first","11":"instock","12":"purchasable","13":"product-type-simple"},"yoast_head":"<!-- This site is optimized with the Yoast SEO plugin v27.3 - https:\/\/yoast.com\/product\/yoast-seo-wordpress\/ -->\n<title>\u00d6ZEL SER\u0130 YOSUN AK\u0130K KOLYE | 925 AYAR G\u00dcM\u00dc\u015e \u00dcZER\u0130 ALTIN KAPLAMA - Astrolog Elvan<\/title>\n<meta name=\"robots\" content=\"index, follow, max-snippet:-1, max-image-preview:large, max-video-preview:-1\" \/>\n<link rel=\"canonical\" href=\"https:\/\/astrologelvan.com\/magaza\/urun\/ozel-seri-yosun-akik-kolye-925-ayar-gumus-uzeri-altin-kaplama\/\" \/>\n<meta property=\"og:locale\" content=\"tr_TR\" \/>\n<meta property=\"og:type\" content=\"article\" \/>\n<meta property=\"og:title\" content=\"\u00d6ZEL SER\u0130 YOSUN AK\u0130K KOLYE | 925 AYAR G\u00dcM\u00dc\u015e \u00dcZER\u0130 ALTIN KAPLAMA - Astrolog Elvan\" \/>\n<meta property=\"og:description\" content=\"Antik k\u00fclt\u00fcrlerde yosun akik, \u201ctopra\u011f\u0131n ve orman\u0131n kalbi\u201d olarak an\u0131l\u0131rd\u0131. Do\u011fan\u0131n g\u00f6r\u00fcnmeyen ruhlar\u0131n\u0131, ye\u015fil d\u00fcnyalar\u0131n koruyucular\u0131n\u0131 ve ya\u015fam\u0131n s\u00fcrekli yenilenmesini temsil eder.  Spirit\u00fcel &amp; Enerjisel Anlamlar\u0131 * Topraklanma sa\u011flar. Ki\u015fiyi \u201canda\u201d tutar, zihni sakinle\u015ftirir. * Do\u011fayla ba\u011flant\u0131y\u0131 g\u00fc\u00e7lendirir. \u00d6zellikle do\u011fa ruhlar\u0131, periler ve element enerjileriyle ili\u015fkilendirilir. * Bolluk ve bereket ta\u015f\u0131 olarak bilinir. Yeni ba\u015flang\u0131\u00e7lar\u0131 ve b\u00fcy\u00fcmeyi simgeler. * Kalp alan\u0131n\u0131 yumu\u015fat\u0131r. \u015eefkat, g\u00fcven ve i\u00e7 huzur temas\u0131n\u0131 destekler.  Yeni i\u015f ba\u015flang\u0131\u00e7lar\u0131nda k\u00f6klenme ve bereketi b\u00fcy\u00fct\u00fcr. Bir eve \u00e7\u0131kt\u0131\u011f\u0131n\u0131zda takmaya ba\u015flarsan\u0131z o evle ili\u015fkinizi g\u00fc\u00e7lendirir. Bir ili\u015fkinin ba\u015f\u0131nda takarsan\u0131z, o ili\u015fki uzun soluklu olur ve ili\u015fkide k\u00f6klenirsiniz. \u00dcr\u00fcn \u00f6zellik 925 Ayar G\u00fcm\u00fc\u015f \u00dczeri Alt\u0131n Kaplama Zincir Uzunlu\u011fu :45 cm \u00dcr\u00fcn A\u011f\u0131rl\u0131\u011f\u0131 :6,80 gr\" \/>\n<meta property=\"og:url\" content=\"https:\/\/astrologelvan.com\/magaza\/urun\/ozel-seri-yosun-akik-kolye-925-ayar-gumus-uzeri-altin-kaplama\/\" \/>\n<meta property=\"og:site_name\" content=\"Astrolog Elvan\" \/>\n<meta property=\"article:modified_time\" content=\"2026-03-10T05:45:14+00:00\" \/>\n<meta property=\"og:image\" content=\"https:\/\/astrologelvan.com\/magaza\/wp-content\/uploads\/2026\/01\/D19EF19F-CD52-4B6D-A8ED-E9E39B9D72CE.png\" \/>\n\t<meta property=\"og:image:width\" content=\"1024\" \/>\n\t<meta property=\"og:image:height\" content=\"1536\" \/>\n\t<meta property=\"og:image:type\" content=\"image\/png\" \/>\n<meta name=\"twitter:card\" content=\"summary_large_image\" \/>\n<meta name=\"twitter:label1\" content=\"Tahmini okuma s\u00fcresi\" \/>\n\t<meta name=\"twitter:data1\" content=\"1 dakika\" \/>\n<script type=\"application\/ld+json\" class=\"yoast-schema-graph\">{\"@context\":\"https:\\\/\\\/schema.org\",\"@graph\":[{\"@type\":[\"WebPage\",\"ItemPage\"],\"@id\":\"https:\\\/\\\/astrologelvan.com\\\/magaza\\\/urun\\\/ozel-seri-yosun-akik-kolye-925-ayar-gumus-uzeri-altin-kaplama\\\/\",\"url\":\"https:\\\/\\\/astrologelvan.com\\\/magaza\\\/urun\\\/ozel-seri-yosun-akik-kolye-925-ayar-gumus-uzeri-altin-kaplama\\\/\",\"name\":\"\u00d6ZEL SER\u0130 YOSUN AK\u0130K KOLYE | 925 AYAR G\u00dcM\u00dc\u015e \u00dcZER\u0130 ALTIN KAPLAMA - Astrolog Elvan\",\"isPartOf\":{\"@id\":\"https:\\\/\\\/astrologelvan.com\\\/magaza\\\/#website\"},\"primaryImageOfPage\":{\"@id\":\"https:\\\/\\\/astrologelvan.com\\\/magaza\\\/urun\\\/ozel-seri-yosun-akik-kolye-925-ayar-gumus-uzeri-altin-kaplama\\\/#primaryimage\"},\"image\":{\"@id\":\"https:\\\/\\\/astrologelvan.com\\\/magaza\\\/urun\\\/ozel-seri-yosun-akik-kolye-925-ayar-gumus-uzeri-altin-kaplama\\\/#primaryimage\"},\"thumbnailUrl\":\"https:\\\/\\\/astrologelvan.com\\\/magaza\\\/wp-content\\\/uploads\\\/2026\\\/01\\\/D19EF19F-CD52-4B6D-A8ED-E9E39B9D72CE.png\",\"datePublished\":\"2026-01-19T17:59:24+00:00\",\"dateModified\":\"2026-03-10T05:45:14+00:00\",\"breadcrumb\":{\"@id\":\"https:\\\/\\\/astrologelvan.com\\\/magaza\\\/urun\\\/ozel-seri-yosun-akik-kolye-925-ayar-gumus-uzeri-altin-kaplama\\\/#breadcrumb\"},\"inLanguage\":\"tr\",\"potentialAction\":[{\"@type\":\"ReadAction\",\"target\":[\"https:\\\/\\\/astrologelvan.com\\\/magaza\\\/urun\\\/ozel-seri-yosun-akik-kolye-925-ayar-gumus-uzeri-altin-kaplama\\\/\"]}]},{\"@type\":\"ImageObject\",\"inLanguage\":\"tr\",\"@id\":\"https:\\\/\\\/astrologelvan.com\\\/magaza\\\/urun\\\/ozel-seri-yosun-akik-kolye-925-ayar-gumus-uzeri-altin-kaplama\\\/#primaryimage\",\"url\":\"https:\\\/\\\/astrologelvan.com\\\/magaza\\\/wp-content\\\/uploads\\\/2026\\\/01\\\/D19EF19F-CD52-4B6D-A8ED-E9E39B9D72CE.png\",\"contentUrl\":\"https:\\\/\\\/astrologelvan.com\\\/magaza\\\/wp-content\\\/uploads\\\/2026\\\/01\\\/D19EF19F-CD52-4B6D-A8ED-E9E39B9D72CE.png\",\"width\":1024,\"height\":1536},{\"@type\":\"BreadcrumbList\",\"@id\":\"https:\\\/\\\/astrologelvan.com\\\/magaza\\\/urun\\\/ozel-seri-yosun-akik-kolye-925-ayar-gumus-uzeri-altin-kaplama\\\/#breadcrumb\",\"itemListElement\":[{\"@type\":\"ListItem\",\"position\":1,\"name\":\"Anasayfa\",\"item\":\"https:\\\/\\\/astrologelvan.com\\\/magaza\\\/\"},{\"@type\":\"ListItem\",\"position\":2,\"name\":\"Ma\u011faza\",\"item\":\"https:\\\/\\\/astrologelvan.com\\\/magaza\\\/magaza\\\/\"},{\"@type\":\"ListItem\",\"position\":3,\"name\":\"\u00d6ZEL SER\u0130 YOSUN AK\u0130K KOLYE | 925 AYAR G\u00dcM\u00dc\u015e \u00dcZER\u0130 ALTIN KAPLAMA\"}]},{\"@type\":\"WebSite\",\"@id\":\"https:\\\/\\\/astrologelvan.com\\\/magaza\\\/#website\",\"url\":\"https:\\\/\\\/astrologelvan.com\\\/magaza\\\/\",\"name\":\"Astrolog Elvan\",\"description\":\"\",\"potentialAction\":[{\"@type\":\"SearchAction\",\"target\":{\"@type\":\"EntryPoint\",\"urlTemplate\":\"https:\\\/\\\/astrologelvan.com\\\/magaza\\\/?s={search_term_string}\"},\"query-input\":{\"@type\":\"PropertyValueSpecification\",\"valueRequired\":true,\"valueName\":\"search_term_string\"}}],\"inLanguage\":\"tr\"}]}<\/script>\n<!-- \/ Yoast SEO plugin. -->","yoast_head_json":{"title":"\u00d6ZEL SER\u0130 YOSUN AK\u0130K KOLYE | 925 AYAR G\u00dcM\u00dc\u015e \u00dcZER\u0130 ALTIN KAPLAMA - Astrolog Elvan","robots":{"index":"index","follow":"follow","max-snippet":"max-snippet:-1","max-image-preview":"max-image-preview:large","max-video-preview":"max-video-preview:-1"},"canonical":"https:\/\/astrologelvan.com\/magaza\/urun\/ozel-seri-yosun-akik-kolye-925-ayar-gumus-uzeri-altin-kaplama\/","og_locale":"tr_TR","og_type":"article","og_title":"\u00d6ZEL SER\u0130 YOSUN AK\u0130K KOLYE | 925 AYAR G\u00dcM\u00dc\u015e \u00dcZER\u0130 ALTIN KAPLAMA - Astrolog Elvan","og_description":"Antik k\u00fclt\u00fcrlerde yosun akik, \u201ctopra\u011f\u0131n ve orman\u0131n kalbi\u201d olarak an\u0131l\u0131rd\u0131. Do\u011fan\u0131n g\u00f6r\u00fcnmeyen ruhlar\u0131n\u0131, ye\u015fil d\u00fcnyalar\u0131n koruyucular\u0131n\u0131 ve ya\u015fam\u0131n s\u00fcrekli yenilenmesini temsil eder.  Spirit\u00fcel &amp; Enerjisel Anlamlar\u0131 * Topraklanma sa\u011flar. Ki\u015fiyi \u201canda\u201d tutar, zihni sakinle\u015ftirir. * Do\u011fayla ba\u011flant\u0131y\u0131 g\u00fc\u00e7lendirir. \u00d6zellikle do\u011fa ruhlar\u0131, periler ve element enerjileriyle ili\u015fkilendirilir. * Bolluk ve bereket ta\u015f\u0131 olarak bilinir. Yeni ba\u015flang\u0131\u00e7lar\u0131 ve b\u00fcy\u00fcmeyi simgeler. * Kalp alan\u0131n\u0131 yumu\u015fat\u0131r. \u015eefkat, g\u00fcven ve i\u00e7 huzur temas\u0131n\u0131 destekler.  Yeni i\u015f ba\u015flang\u0131\u00e7lar\u0131nda k\u00f6klenme ve bereketi b\u00fcy\u00fct\u00fcr. Bir eve \u00e7\u0131kt\u0131\u011f\u0131n\u0131zda takmaya ba\u015flarsan\u0131z o evle ili\u015fkinizi g\u00fc\u00e7lendirir. Bir ili\u015fkinin ba\u015f\u0131nda takarsan\u0131z, o ili\u015fki uzun soluklu olur ve ili\u015fkide k\u00f6klenirsiniz. \u00dcr\u00fcn \u00f6zellik 925 Ayar G\u00fcm\u00fc\u015f \u00dczeri Alt\u0131n Kaplama Zincir Uzunlu\u011fu :45 cm \u00dcr\u00fcn A\u011f\u0131rl\u0131\u011f\u0131 :6,80 gr","og_url":"https:\/\/astrologelvan.com\/magaza\/urun\/ozel-seri-yosun-akik-kolye-925-ayar-gumus-uzeri-altin-kaplama\/","og_site_name":"Astrolog Elvan","article_modified_time":"2026-03-10T05:45:14+00:00","og_image":[{"width":1024,"height":1536,"url":"https:\/\/astrologelvan.com\/magaza\/wp-content\/uploads\/2026\/01\/D19EF19F-CD52-4B6D-A8ED-E9E39B9D72CE.png","type":"image\/png"}],"twitter_card":"summary_large_image","twitter_misc":{"Tahmini okuma s\u00fcresi":"1 dakika"},"schema":{"@context":"https:\/\/schema.org","@graph":[{"@type":["WebPage","ItemPage"],"@id":"https:\/\/astrologelvan.com\/magaza\/urun\/ozel-seri-yosun-akik-kolye-925-ayar-gumus-uzeri-altin-kaplama\/","url":"https:\/\/astrologelvan.com\/magaza\/urun\/ozel-seri-yosun-akik-kolye-925-ayar-gumus-uzeri-altin-kaplama\/","name":"\u00d6ZEL SER\u0130 YOSUN AK\u0130K KOLYE | 925 AYAR G\u00dcM\u00dc\u015e \u00dcZER\u0130 ALTIN KAPLAMA - Astrolog Elvan","isPartOf":{"@id":"https:\/\/astrologelvan.com\/magaza\/#website"},"primaryImageOfPage":{"@id":"https:\/\/astrologelvan.com\/magaza\/urun\/ozel-seri-yosun-akik-kolye-925-ayar-gumus-uzeri-altin-kaplama\/#primaryimage"},"image":{"@id":"https:\/\/astrologelvan.com\/magaza\/urun\/ozel-seri-yosun-akik-kolye-925-ayar-gumus-uzeri-altin-kaplama\/#primaryimage"},"thumbnailUrl":"https:\/\/astrologelvan.com\/magaza\/wp-content\/uploads\/2026\/01\/D19EF19F-CD52-4B6D-A8ED-E9E39B9D72CE.png","datePublished":"2026-01-19T17:59:24+00:00","dateModified":"2026-03-10T05:45:14+00:00","breadcrumb":{"@id":"https:\/\/astrologelvan.com\/magaza\/urun\/ozel-seri-yosun-akik-kolye-925-ayar-gumus-uzeri-altin-kaplama\/#breadcrumb"},"inLanguage":"tr","potentialAction":[{"@type":"ReadAction","target":["https:\/\/astrologelvan.com\/magaza\/urun\/ozel-seri-yosun-akik-kolye-925-ayar-gumus-uzeri-altin-kaplama\/"]}]},{"@type":"ImageObject","inLanguage":"tr","@id":"https:\/\/astrologelvan.com\/magaza\/urun\/ozel-seri-yosun-akik-kolye-925-ayar-gumus-uzeri-altin-kaplama\/#primaryimage","url":"https:\/\/astrologelvan.com\/magaza\/wp-content\/uploads\/2026\/01\/D19EF19F-CD52-4B6D-A8ED-E9E39B9D72CE.png","contentUrl":"https:\/\/astrologelvan.com\/magaza\/wp-content\/uploads\/2026\/01\/D19EF19F-CD52-4B6D-A8ED-E9E39B9D72CE.png","width":1024,"height":1536},{"@type":"BreadcrumbList","@id":"https:\/\/astrologelvan.com\/magaza\/urun\/ozel-seri-yosun-akik-kolye-925-ayar-gumus-uzeri-altin-kaplama\/#breadcrumb","itemListElement":[{"@type":"ListItem","position":1,"name":"Anasayfa","item":"https:\/\/astrologelvan.com\/magaza\/"},{"@type":"ListItem","position":2,"name":"Ma\u011faza","item":"https:\/\/astrologelvan.com\/magaza\/magaza\/"},{"@type":"ListItem","position":3,"name":"\u00d6ZEL SER\u0130 YOSUN AK\u0130K KOLYE | 925 AYAR G\u00dcM\u00dc\u015e \u00dcZER\u0130 ALTIN KAPLAMA"}]},{"@type":"WebSite","@id":"https:\/\/astrologelvan.com\/magaza\/#website","url":"https:\/\/astrologelvan.com\/magaza\/","name":"Astrolog Elvan","description":"","potentialAction":[{"@type":"SearchAction","target":{"@type":"EntryPoint","urlTemplate":"https:\/\/astrologelvan.com\/magaza\/?s={search_term_string}"},"query-input":{"@type":"PropertyValueSpecification","valueRequired":true,"valueName":"search_term_string"}}],"inLanguage":"tr"}]}},"_links":{"self":[{"href":"https:\/\/astrologelvan.com\/magaza\/wp-json\/wp\/v2\/product\/148672","targetHints":{"allow":["GET"]}}],"collection":[{"href":"https:\/\/astrologelvan.com\/magaza\/wp-json\/wp\/v2\/product"}],"about":[{"href":"https:\/\/astrologelvan.com\/magaza\/wp-json\/wp\/v2\/types\/product"}],"replies":[{"embeddable":true,"href":"https:\/\/astrologelvan.com\/magaza\/wp-json\/wp\/v2\/comments?post=148672"}],"wp:featuredmedia":[{"embeddable":true,"href":"https:\/\/astrologelvan.com\/magaza\/wp-json\/wp\/v2\/media\/148678"}],"wp:attachment":[{"href":"https:\/\/astrologelvan.com\/magaza\/wp-json\/wp\/v2\/media?parent=148672"}],"wp:term":[{"taxonomy":"product_brand","embeddable":true,"href":"https:\/\/astrologelvan.com\/magaza\/wp-json\/wp\/v2\/product_brand?post=148672"},{"taxonomy":"product_cat","embeddable":true,"href":"https:\/\/astrologelvan.com\/magaza\/wp-json\/wp\/v2\/product_cat?post=148672"},{"taxonomy":"product_tag","embeddable":true,"href":"https:\/\/astrologelvan.com\/magaza\/wp-json\/wp\/v2\/product_tag?post=148672"}],"curies":[{"name":"wp","href":"https:\/\/api.w.org\/{rel}","templated":true}]}}