{"id":14608,"date":"2024-08-01T15:30:52","date_gmt":"2024-08-01T12:30:52","guid":{"rendered":"https:\/\/astrologelvan.com\/magaza\/?post_type=product&#038;p=14608"},"modified":"2026-02-13T12:30:13","modified_gmt":"2026-02-13T09:30:13","slug":"unakit-kolye-ucu","status":"publish","type":"product","link":"https:\/\/astrologelvan.com\/magaza\/urun\/unakit-kolye-ucu\/","title":{"rendered":"UNAK\u0130T KOLYE UCU"},"content":{"rendered":"<p><strong>\u00dcr\u00fcn \u00d6zellikleri:<\/strong><\/p>\n<p>Kolye Ucu A\u011f\u0131rl\u0131\u011f\u0131: 11,9 Gram<\/p>\n<p>925 Ayar G\u00fcm\u00fc\u015f \u00dczeri Alt\u0131n Kaplama Kolye Ucu<\/p>\n","protected":false},"excerpt":{"rendered":"<p>Unakit ta\u015f\u0131n\u0131n yayd\u0131\u011f\u0131 titre\u015fim sayesinde kullanan ki\u015fiye i\u00e7 huzur verdi\u011fine inan\u0131l\u0131r. \u00d6zellikle uyku problemlerine kar\u015f\u0131 olumlu etkilere sahip oldu\u011fu s\u00f6ylenir. Stresin azalt\u0131lmas\u0131na yard\u0131mc\u0131 olan bu ta\u015f, uyum ta\u015f\u0131 olarak da bilinir.<\/p>\n<p>Uyum ve denge ta\u015f\u0131 olarak tabir edilir.<\/p>\n<p>Unakit ta\u015f\u0131 hem ruha hem de bedene \u015fifa veren bir do\u011fal ta\u015f olarak tan\u0131mlan\u0131r.<\/p>\n","protected":false},"featured_media":14609,"comment_status":"open","ping_status":"closed","template":"","meta":[],"product_brand":[],"product_cat":[26,522],"product_tag":[],"class_list":{"0":"post-14608","1":"product","2":"type-product","3":"status-publish","4":"has-post-thumbnail","6":"product_cat-genel","7":"product_cat-kolye-ucu","9":"first","10":"instock","11":"purchasable","12":"product-type-simple"},"yoast_head":"<!-- This site is optimized with the Yoast SEO plugin v27.3 - https:\/\/yoast.com\/product\/yoast-seo-wordpress\/ -->\n<title>UNAK\u0130T KOLYE UCU - Astrolog Elvan<\/title>\n<meta name=\"robots\" content=\"index, follow, max-snippet:-1, max-image-preview:large, max-video-preview:-1\" \/>\n<link rel=\"canonical\" href=\"https:\/\/astrologelvan.com\/magaza\/urun\/unakit-kolye-ucu\/\" \/>\n<meta property=\"og:locale\" content=\"tr_TR\" \/>\n<meta property=\"og:type\" content=\"article\" \/>\n<meta property=\"og:title\" content=\"UNAK\u0130T KOLYE UCU - Astrolog Elvan\" \/>\n<meta property=\"og:description\" content=\"Unakit ta\u015f\u0131n\u0131n yayd\u0131\u011f\u0131 titre\u015fim sayesinde kullanan ki\u015fiye i\u00e7 huzur verdi\u011fine inan\u0131l\u0131r. \u00d6zellikle uyku problemlerine kar\u015f\u0131 olumlu etkilere sahip oldu\u011fu s\u00f6ylenir. Stresin azalt\u0131lmas\u0131na yard\u0131mc\u0131 olan bu ta\u015f, uyum ta\u015f\u0131 olarak da bilinir.  Uyum ve denge ta\u015f\u0131 olarak tabir edilir.  Unakit ta\u015f\u0131 hem ruha hem de bedene \u015fifa veren bir do\u011fal ta\u015f olarak tan\u0131mlan\u0131r.\" \/>\n<meta property=\"og:url\" content=\"https:\/\/astrologelvan.com\/magaza\/urun\/unakit-kolye-ucu\/\" \/>\n<meta property=\"og:site_name\" content=\"Astrolog Elvan\" \/>\n<meta property=\"article:modified_time\" content=\"2026-02-13T09:30:13+00:00\" \/>\n<meta property=\"og:image\" content=\"https:\/\/astrologelvan.com\/magaza\/wp-content\/uploads\/2024\/08\/2-scaled.jpg\" \/>\n\t<meta property=\"og:image:width\" content=\"2560\" \/>\n\t<meta property=\"og:image:height\" content=\"2560\" \/>\n\t<meta property=\"og:image:type\" content=\"image\/jpeg\" \/>\n<meta name=\"twitter:card\" content=\"summary_large_image\" \/>\n<meta name=\"twitter:label1\" content=\"Tahmini okuma s\u00fcresi\" \/>\n\t<meta name=\"twitter:data1\" content=\"1 dakika\" \/>\n<script type=\"application\/ld+json\" class=\"yoast-schema-graph\">{\"@context\":\"https:\\\/\\\/schema.org\",\"@graph\":[{\"@type\":[\"WebPage\",\"ItemPage\"],\"@id\":\"https:\\\/\\\/astrologelvan.com\\\/magaza\\\/urun\\\/unakit-kolye-ucu\\\/\",\"url\":\"https:\\\/\\\/astrologelvan.com\\\/magaza\\\/urun\\\/unakit-kolye-ucu\\\/\",\"name\":\"UNAK\u0130T KOLYE UCU - Astrolog Elvan\",\"isPartOf\":{\"@id\":\"https:\\\/\\\/astrologelvan.com\\\/magaza\\\/#website\"},\"primaryImageOfPage\":{\"@id\":\"https:\\\/\\\/astrologelvan.com\\\/magaza\\\/urun\\\/unakit-kolye-ucu\\\/#primaryimage\"},\"image\":{\"@id\":\"https:\\\/\\\/astrologelvan.com\\\/magaza\\\/urun\\\/unakit-kolye-ucu\\\/#primaryimage\"},\"thumbnailUrl\":\"https:\\\/\\\/astrologelvan.com\\\/magaza\\\/wp-content\\\/uploads\\\/2024\\\/08\\\/2-scaled.jpg\",\"datePublished\":\"2024-08-01T12:30:52+00:00\",\"dateModified\":\"2026-02-13T09:30:13+00:00\",\"breadcrumb\":{\"@id\":\"https:\\\/\\\/astrologelvan.com\\\/magaza\\\/urun\\\/unakit-kolye-ucu\\\/#breadcrumb\"},\"inLanguage\":\"tr\",\"potentialAction\":[{\"@type\":\"ReadAction\",\"target\":[\"https:\\\/\\\/astrologelvan.com\\\/magaza\\\/urun\\\/unakit-kolye-ucu\\\/\"]}]},{\"@type\":\"ImageObject\",\"inLanguage\":\"tr\",\"@id\":\"https:\\\/\\\/astrologelvan.com\\\/magaza\\\/urun\\\/unakit-kolye-ucu\\\/#primaryimage\",\"url\":\"https:\\\/\\\/astrologelvan.com\\\/magaza\\\/wp-content\\\/uploads\\\/2024\\\/08\\\/2-scaled.jpg\",\"contentUrl\":\"https:\\\/\\\/astrologelvan.com\\\/magaza\\\/wp-content\\\/uploads\\\/2024\\\/08\\\/2-scaled.jpg\",\"width\":2560,\"height\":2560},{\"@type\":\"BreadcrumbList\",\"@id\":\"https:\\\/\\\/astrologelvan.com\\\/magaza\\\/urun\\\/unakit-kolye-ucu\\\/#breadcrumb\",\"itemListElement\":[{\"@type\":\"ListItem\",\"position\":1,\"name\":\"Anasayfa\",\"item\":\"https:\\\/\\\/astrologelvan.com\\\/magaza\\\/\"},{\"@type\":\"ListItem\",\"position\":2,\"name\":\"Ma\u011faza\",\"item\":\"https:\\\/\\\/astrologelvan.com\\\/magaza\\\/magaza\\\/\"},{\"@type\":\"ListItem\",\"position\":3,\"name\":\"UNAK\u0130T KOLYE UCU\"}]},{\"@type\":\"WebSite\",\"@id\":\"https:\\\/\\\/astrologelvan.com\\\/magaza\\\/#website\",\"url\":\"https:\\\/\\\/astrologelvan.com\\\/magaza\\\/\",\"name\":\"Astrolog Elvan\",\"description\":\"\",\"potentialAction\":[{\"@type\":\"SearchAction\",\"target\":{\"@type\":\"EntryPoint\",\"urlTemplate\":\"https:\\\/\\\/astrologelvan.com\\\/magaza\\\/?s={search_term_string}\"},\"query-input\":{\"@type\":\"PropertyValueSpecification\",\"valueRequired\":true,\"valueName\":\"search_term_string\"}}],\"inLanguage\":\"tr\"}]}<\/script>\n<!-- \/ Yoast SEO plugin. -->","yoast_head_json":{"title":"UNAK\u0130T KOLYE UCU - Astrolog Elvan","robots":{"index":"index","follow":"follow","max-snippet":"max-snippet:-1","max-image-preview":"max-image-preview:large","max-video-preview":"max-video-preview:-1"},"canonical":"https:\/\/astrologelvan.com\/magaza\/urun\/unakit-kolye-ucu\/","og_locale":"tr_TR","og_type":"article","og_title":"UNAK\u0130T KOLYE UCU - Astrolog Elvan","og_description":"Unakit ta\u015f\u0131n\u0131n yayd\u0131\u011f\u0131 titre\u015fim sayesinde kullanan ki\u015fiye i\u00e7 huzur verdi\u011fine inan\u0131l\u0131r. \u00d6zellikle uyku problemlerine kar\u015f\u0131 olumlu etkilere sahip oldu\u011fu s\u00f6ylenir. Stresin azalt\u0131lmas\u0131na yard\u0131mc\u0131 olan bu ta\u015f, uyum ta\u015f\u0131 olarak da bilinir.  Uyum ve denge ta\u015f\u0131 olarak tabir edilir.  Unakit ta\u015f\u0131 hem ruha hem de bedene \u015fifa veren bir do\u011fal ta\u015f olarak tan\u0131mlan\u0131r.","og_url":"https:\/\/astrologelvan.com\/magaza\/urun\/unakit-kolye-ucu\/","og_site_name":"Astrolog Elvan","article_modified_time":"2026-02-13T09:30:13+00:00","og_image":[{"width":2560,"height":2560,"url":"https:\/\/astrologelvan.com\/magaza\/wp-content\/uploads\/2024\/08\/2-scaled.jpg","type":"image\/jpeg"}],"twitter_card":"summary_large_image","twitter_misc":{"Tahmini okuma s\u00fcresi":"1 dakika"},"schema":{"@context":"https:\/\/schema.org","@graph":[{"@type":["WebPage","ItemPage"],"@id":"https:\/\/astrologelvan.com\/magaza\/urun\/unakit-kolye-ucu\/","url":"https:\/\/astrologelvan.com\/magaza\/urun\/unakit-kolye-ucu\/","name":"UNAK\u0130T KOLYE UCU - Astrolog Elvan","isPartOf":{"@id":"https:\/\/astrologelvan.com\/magaza\/#website"},"primaryImageOfPage":{"@id":"https:\/\/astrologelvan.com\/magaza\/urun\/unakit-kolye-ucu\/#primaryimage"},"image":{"@id":"https:\/\/astrologelvan.com\/magaza\/urun\/unakit-kolye-ucu\/#primaryimage"},"thumbnailUrl":"https:\/\/astrologelvan.com\/magaza\/wp-content\/uploads\/2024\/08\/2-scaled.jpg","datePublished":"2024-08-01T12:30:52+00:00","dateModified":"2026-02-13T09:30:13+00:00","breadcrumb":{"@id":"https:\/\/astrologelvan.com\/magaza\/urun\/unakit-kolye-ucu\/#breadcrumb"},"inLanguage":"tr","potentialAction":[{"@type":"ReadAction","target":["https:\/\/astrologelvan.com\/magaza\/urun\/unakit-kolye-ucu\/"]}]},{"@type":"ImageObject","inLanguage":"tr","@id":"https:\/\/astrologelvan.com\/magaza\/urun\/unakit-kolye-ucu\/#primaryimage","url":"https:\/\/astrologelvan.com\/magaza\/wp-content\/uploads\/2024\/08\/2-scaled.jpg","contentUrl":"https:\/\/astrologelvan.com\/magaza\/wp-content\/uploads\/2024\/08\/2-scaled.jpg","width":2560,"height":2560},{"@type":"BreadcrumbList","@id":"https:\/\/astrologelvan.com\/magaza\/urun\/unakit-kolye-ucu\/#breadcrumb","itemListElement":[{"@type":"ListItem","position":1,"name":"Anasayfa","item":"https:\/\/astrologelvan.com\/magaza\/"},{"@type":"ListItem","position":2,"name":"Ma\u011faza","item":"https:\/\/astrologelvan.com\/magaza\/magaza\/"},{"@type":"ListItem","position":3,"name":"UNAK\u0130T KOLYE UCU"}]},{"@type":"WebSite","@id":"https:\/\/astrologelvan.com\/magaza\/#website","url":"https:\/\/astrologelvan.com\/magaza\/","name":"Astrolog Elvan","description":"","potentialAction":[{"@type":"SearchAction","target":{"@type":"EntryPoint","urlTemplate":"https:\/\/astrologelvan.com\/magaza\/?s={search_term_string}"},"query-input":{"@type":"PropertyValueSpecification","valueRequired":true,"valueName":"search_term_string"}}],"inLanguage":"tr"}]}},"_links":{"self":[{"href":"https:\/\/astrologelvan.com\/magaza\/wp-json\/wp\/v2\/product\/14608","targetHints":{"allow":["GET"]}}],"collection":[{"href":"https:\/\/astrologelvan.com\/magaza\/wp-json\/wp\/v2\/product"}],"about":[{"href":"https:\/\/astrologelvan.com\/magaza\/wp-json\/wp\/v2\/types\/product"}],"replies":[{"embeddable":true,"href":"https:\/\/astrologelvan.com\/magaza\/wp-json\/wp\/v2\/comments?post=14608"}],"wp:featuredmedia":[{"embeddable":true,"href":"https:\/\/astrologelvan.com\/magaza\/wp-json\/wp\/v2\/media\/14609"}],"wp:attachment":[{"href":"https:\/\/astrologelvan.com\/magaza\/wp-json\/wp\/v2\/media?parent=14608"}],"wp:term":[{"taxonomy":"product_brand","embeddable":true,"href":"https:\/\/astrologelvan.com\/magaza\/wp-json\/wp\/v2\/product_brand?post=14608"},{"taxonomy":"product_cat","embeddable":true,"href":"https:\/\/astrologelvan.com\/magaza\/wp-json\/wp\/v2\/product_cat?post=14608"},{"taxonomy":"product_tag","embeddable":true,"href":"https:\/\/astrologelvan.com\/magaza\/wp-json\/wp\/v2\/product_tag?post=14608"}],"curies":[{"name":"wp","href":"https:\/\/api.w.org\/{rel}","templated":true}]}}