{"id":146,"date":"2024-02-28T02:05:03","date_gmt":"2024-02-27T23:05:03","guid":{"rendered":"https:\/\/astrologelvan.shop\/?post_type=product&#038;p=146"},"modified":"2025-10-06T08:14:47","modified_gmt":"2025-10-06T05:14:47","slug":"dogal-tas-koyu-mor-ametist-kolye","status":"publish","type":"product","link":"https:\/\/astrologelvan.com\/magaza\/urun\/dogal-tas-koyu-mor-ametist-kolye\/","title":{"rendered":"DO\u011eAL TA\u015e KOYU MOR AMET\u0130ST KOLYE"},"content":{"rendered":"<p>Do\u011fal ta\u015f kolyelerimizin tasar\u0131mlar\u0131nda do\u011frudan cilde temas etmesini sa\u011fl\u0131yoruz. B\u00f6ylece do\u011fal ta\u015f kolyenizi takt\u0131k\u00e7a v\u00fccudunuzun titre\u015fimlerine ba\u011flan\u0131r ve size denge ve uyum getirir.<\/p>\n<p>&nbsp;<\/p>\n<p>&nbsp;<\/p>\n<p><strong>Tak\u0131lar\u0131n\u0131z\u0131n uzun s\u00fcre kullanabilmesi i\u00e7in; Parf\u00fcm, su, s\u0131v\u0131, dezenfektan, krem v.b. gibi maddelerle temas etmemesi, du\u015f-banyo s\u0131ras\u0131nda \u00e7\u0131kart\u0131lmas\u0131 gerekmektedir. Ki\u015finin ter-ten yap\u0131s\u0131na g\u00f6re de etkilenmektedir. Tak\u0131lar\u0131n\u0131z\u0131 kullanmad\u0131\u011f\u0131n\u0131z zamanlarda kesesinde saklaman\u0131z\u0131 \u00f6neririz.<\/strong><\/p>\n<p><strong>Do\u011fal ta\u015flar\u0131n belirli titre\u015fimlere ve frekanslara sahip oldu\u011fu bilinmektedir. Bu nedenle v\u00fccudumuzda ve auram\u0131zda birtak\u0131m iyi etkileri oldu\u011fu s\u00f6ylenmektedir. Ta\u015flar\u0131n \u00f6zelliklerinin bilimsel kesinli\u011fi yoktur. Astrologelvan ma\u011fazas\u0131ndaki t\u00fcm ta\u015flar orijinal, ger\u00e7ek do\u011fal ta\u015flard\u0131r. T\u0131bbi konularda doktora dan\u0131\u015fman\u0131z\u0131 tavsiye ederiz. Ta\u015flar\u0131n tedavi edici \u00f6zelli\u011fi yoktur, sadece ki\u015fisel enerjimizi y\u00fckseltmekte ve astrolojik olarak da temsil etti\u011fi gezegenlerin etkilerini artt\u0131rmakta oldu\u011fu kabul edilir. \u00d6rne\u011fin; pembe kuvars ta\u015f\u0131 a\u015fk ve sevgi gezegeni Ven\u00fcs&#8217;\u00fcn ta\u015f\u0131d\u0131r ve bu sebeple \u00fczerinde ta\u015f\u0131yan ki\u015finin a\u015fk ve sevgi frekans\u0131n\u0131 y\u00fckseltti\u011fi bilinir.<\/strong><\/p>\n<p>&nbsp;<\/p>\n<div dir=\"auto\">\n<div class=\"product-description\">\n<div class=\"bt_bb_tabs bt_bb_style_simple bt_bb_shape_square\">\n<div class=\"bt_bb_tabs_tabs\">\n<div id=\"tab-description\" class=\"bt_bb_tab_item on\">\n<div class=\"bt_bb_tab_content\">\n<h3><strong>Ametist Ta\u015f\u0131<\/strong><\/h3>\n<p>Ametist ta\u015f\u0131 bilinen en eski do\u011fal ta\u015flardan biridir. Brezilya, Arjantin, ve di\u011fer Afrika \u00fclkelerinde Amestist ta\u015f\u0131 \u00e7\u0131kart\u0131l\u0131r. Kaliteli <strong><em>ametist kristali<\/em><\/strong> Hindistan ve Uruguay\u2019da olur.<\/p>\n<p>Ametist ta\u015f\u0131, eski medeniyetlerden g\u00fcn\u00fcm\u00fcze kadar bir\u00e7ok farkl\u0131 alanda kullan\u0131lm\u0131\u015ft\u0131r. Kraliyet d\u00f6nemlerinde m\u00fccevher, k\u00fcpe, y\u00fcz\u00fck \u00f6zellikle de ametist kolye olarak kullan\u0131lmaktad\u0131r. Soylular\u0131n ve kraliyet rengi olarak bilinen mor renginin do\u011fal bir ta\u015fta olmas\u0131 kullan\u0131m alanlar\u0131n\u0131 olduk\u00e7a geni\u015fletmi\u015ftir. Eski d\u00f6nemlerde ametist ta\u015f\u0131; yakut elmas kadar de\u011ferlidir.<strong>\u00a0<\/strong><\/p>\n<p>Eski \u00e7a\u011flardan bug\u00fcne kadar en \u00e7ok tercih edilen Ametist ta\u015f\u0131; rengi, parlakl\u0131\u011f\u0131 ve dekoratif kullan\u0131m\u0131n\u0131n yan\u0131 s\u0131ra faydalar\u0131ndan dolay\u0131da tercih edilmektedir.\u00a0 Ametist ta\u015f\u0131; do\u011fal ta\u015flar aras\u0131nda t\u00fcm ta\u015flarla, bur\u00e7lar aras\u0131nda ise her bur\u00e7 ile uyumludur ancak \u00f6zellikle ikizler, kova ve ba\u015fak bur\u00e7lar\u0131n\u0131n ta\u015f\u0131d\u0131r. Evrensel enerji ta\u015f\u0131 da diyebiliriz. Ametist ta\u00e7 ve al\u0131n \u00e7akras\u0131n\u0131 simgeler. Zihin arac\u0131l\u0131\u011f\u0131 ile bolluk ve bereketini \u00e7ekmenizi, evrenin sonsuz olumlu enerjisine kendinizi a\u00e7man\u0131z\u0131 temsil eder.<\/p>\n<h3>Ametist ta\u015f\u0131 neye iyi gelir ?<\/h3>\n<p>Korku, \u00f6fke, uyum sorunu ya\u015fad\u0131\u011f\u0131n\u0131z anlarda enerjinizi y\u00fckseltir, beyin sinir sistemi ve g\u00f6z sa\u011fl\u0131\u011f\u0131na iyi gelir, bedendeki fazla elektrik y\u00fck\u00fcn\u00fc dengeler, radyasyondan korur, odaklanmay\u0131 artt\u0131r. Do\u011fan\u0131n, evrenin e\u015fsiz ve benzersiz dengesinde sakinle\u015fmenizi sa\u011flar.<\/p>\n<h3>Ametist Nas\u0131l Temizlenir?<\/h3>\n<p>Do\u011fal ta\u015f kullan\u0131m\u0131nda bilinmesi gereken ilk kural \u201cher do\u011fal ta\u015f sahibine aittir\u201d do\u011fal ta\u015flar bulunduklar\u0131n alanlar\u0131n enerjisini \u00e7ektikleri gibi ta\u015fa dokunan ki\u015finin de enerjisini \u00fczerlerinde ta\u015f\u0131r. Bu nedenden dolay\u0131 do\u011fal ta\u015flar\u0131n\u0131z\u0131 kullanmadan \u00f6nce mutlaka temizlemeli, enerjisini n\u00f6trlemelisiniz. Akan suyun alt\u0131nda tutma, topraklama ya da ada\u00e7ay\u0131 ile t\u00fcts\u00fcleme (<a href=\"https:\/\/astrologelvan.com\/magaza\/urun\/istiridye-tutsuluk-ile-adacayi-tutsusu\/\">\u0130stiridye T\u00fcts\u00fcl\u00fck ile Ada\u00e7ay\u0131 T\u00fcts\u00fcs\u00fc | Astrolog Elvan<\/a>) y\u00f6ntemleri ile Ametist ta\u015f\u0131n\u0131z\u0131 temizleyebilirsiniz.<\/p>\n<h3>AMET\u0130ST TA\u015eI HAKKINDA EN \u00c7OK SORULAN SORULAR<\/h3>\n<p><strong>Ametist ne i\u015fe yarar: <\/strong>Olumsuz enerjiyi olumluya \u00e7evirir, sakinle\u015ftirir<strong>\u00a0<\/strong><\/p>\n<p><strong>Ametist nas\u0131l temizlenir:<\/strong> G\u00fcne\u015f enerjisi, topraklama, t\u00fcts\u00fcleme<\/p>\n<p><strong>Ametist hangi burcun ta\u015f\u0131:<\/strong> \u0130kizler, ba\u015fak ve kova bur\u00e7lar\u0131n\u0131n ta\u015f\u0131d\u0131r<\/p>\n<p><strong>Amestit nerede bulunur:<\/strong> Amerika, Brezilya, Afrika<\/p>\n<p><strong>Ametist neye iyi gelir:<\/strong> Beyin, sinir sistemi ve g\u00f6z sa\u011fl\u0131\u011f\u0131na iyi gelir<\/p>\n<p><strong>Ametist hangi \u00e7akra:<\/strong> Al\u0131n ve ta\u00e7 \u00e7akras\u0131n\u0131n ta\u015f\u0131d\u0131r<\/p>\n<p><strong>Ametist neyi simgeler:<\/strong> Olumlu enerjiyi kendine \u00e7ekmeyi simgeler<\/p>\n<p>&nbsp;<\/p>\n<\/div>\n<\/div>\n<\/div>\n<\/div>\n<\/div>\n<\/div>\n<div dir=\"auto\"><\/div>\n<p>&nbsp;<\/p>\n<div class=\"product-description\">\n<div class=\"bt_bb_tabs bt_bb_style_simple bt_bb_shape_square\">\n<div class=\"bt_bb_tabs_tabs\">\n<div id=\"tab-description\" class=\"bt_bb_tab_item on\">\n<div class=\"bt_bb_tab_content\">\n<div class=\"bt_bb_wrapper\">\n<p>&nbsp;<\/p>\n<\/div>\n<\/div>\n<\/div>\n<\/div>\n<\/div>\n<\/div>\n","protected":false},"excerpt":{"rendered":"<p><strong>Ametist<\/strong>, genellikle m\u00fccevher olarak kullan\u0131lan mor renkli bir kuvars t\u00fcr\u00fcd\u00fcr. Negatif enerji ve nazara kar\u015f\u0131 koruyucudur. odaklanmay\u0131 sa\u011flar. Tak\u0131nt\u0131 ve endi\u015feleri azalt\u0131r. O y\u00fczden Merk\u00fcr gezegeninin ta\u015f\u0131 olarak bilinir. Mor yakut olarak da adland\u0131r\u0131l\u0131r. Kuvars kristallerinin en de\u011ferlisidir.<\/p>\n<div data-removefontsize=\"true\" data-originalcomputedfontsize=\"16\">D\u00fcnyada ABD\u2019de bir\u00e7ok ametist yata\u011f\u0131 vard\u0131r ama en kaliteli ametistler Hindistan, Brezilya ve Uruguay\u2019dan \u00e7\u0131kar. T\u00fcrkiye\u2019de ise ince kristal yap\u0131s\u0131nda ametist \u00e7\u0131kar\u0131l\u0131r. \u0130\u015fletilen tek maden Bal\u0131kesir, Dursunbey b\u00f6lgesinde bulunur.<\/div>\n<div data-removefontsize=\"true\" data-originalcomputedfontsize=\"16\">D\u00fcnyada; ince kristal yap\u0131s\u0131na sahip nadir ametistlerden\u00a0oldu\u011fu i\u00e7in T\u00fcrkiye\u2019de \u00e7\u0131kar\u0131lan ametistler olduk\u00e7a de\u011ferlidir. Bu de\u011ferli ta\u015flar\u0131 sizin i\u00e7in madeninden alarak, \u00f6zenle haz\u0131rlad\u0131k.<\/div>\n<div data-removefontsize=\"true\" data-originalcomputedfontsize=\"16\"><\/div>\n<p><strong>\u00dcr\u00fcn \u00d6zellikleri:<\/strong><\/p>\n<p>&nbsp;<\/p>\n<p><strong>\u00c7elik \u00fczeri g\u00fcm\u00fc\u015f kaplama zincir<\/strong><\/p>\n<p><strong>Zincir uzunlu\u011fu 45 cm&#8217;dir.<\/strong><\/p>\n<div class=\"product-description\">\n<div class=\"bt_bb_tabs bt_bb_style_simple bt_bb_shape_square\">\n<div class=\"bt_bb_tabs_tabs\">\n<div id=\"tab-description\" class=\"bt_bb_tab_item on\">\n<div class=\"bt_bb_tab_content\">\n<div class=\"bt_bb_wrapper\">\n<div dir=\"auto\">\n<div class=\"product-description\">\n<div class=\"bt_bb_tabs bt_bb_style_simple bt_bb_shape_square\">\n<div class=\"bt_bb_tabs_tabs\">\n<div id=\"tab-description\" class=\"bt_bb_tab_item on\">\n<div class=\"bt_bb_tab_content\"><\/div>\n<\/div>\n<\/div>\n<\/div>\n<\/div>\n<\/div>\n<p>&nbsp;<\/p>\n<\/div>\n<\/div>\n<\/div>\n<\/div>\n<\/div>\n<\/div>\n","protected":false},"featured_media":250,"comment_status":"closed","ping_status":"closed","template":"","meta":[],"product_brand":[],"product_cat":[47,26,58,48],"product_tag":[39,82,40],"class_list":{"0":"post-146","1":"product","2":"type-product","3":"status-publish","4":"has-post-thumbnail","6":"product_cat-ametist-serisi","7":"product_cat-genel","8":"product_cat-kabuslariniz-icin-dogal-taslar","9":"product_cat-kolyeler","10":"product_tag-astrolog-elvan","11":"product_tag-dogal-ametist-tasi-kolye","12":"product_tag-dogal-tas","14":"first","15":"outofstock","16":"taxable","17":"shipping-taxable","18":"purchasable","19":"product-type-simple"},"yoast_head":"<!-- This site is optimized with the Yoast SEO plugin v27.3 - https:\/\/yoast.com\/product\/yoast-seo-wordpress\/ -->\n<title>DO\u011eAL TA\u015e KOYU MOR AMET\u0130ST KOLYE - Astrolog Elvan<\/title>\n<meta name=\"robots\" content=\"index, follow, max-snippet:-1, max-image-preview:large, max-video-preview:-1\" \/>\n<link rel=\"canonical\" href=\"https:\/\/astrologelvan.com\/magaza\/urun\/dogal-tas-koyu-mor-ametist-kolye\/\" \/>\n<meta property=\"og:locale\" content=\"tr_TR\" \/>\n<meta property=\"og:type\" content=\"article\" \/>\n<meta property=\"og:title\" content=\"DO\u011eAL TA\u015e KOYU MOR AMET\u0130ST KOLYE - Astrolog Elvan\" \/>\n<meta property=\"og:description\" content=\"Ametist, genellikle m\u00fccevher olarak kullan\u0131lan mor renkli bir kuvars t\u00fcr\u00fcd\u00fcr. Negatif enerji ve nazara kar\u015f\u0131 koruyucudur. odaklanmay\u0131 sa\u011flar. Tak\u0131nt\u0131 ve endi\u015feleri azalt\u0131r. O y\u00fczden Merk\u00fcr gezegeninin ta\u015f\u0131 olarak bilinir. Mor yakut olarak da adland\u0131r\u0131l\u0131r. Kuvars kristallerinin en de\u011ferlisidir. D\u00fcnyada ABD\u2019de bir\u00e7ok ametist yata\u011f\u0131 vard\u0131r ama en kaliteli ametistler Hindistan, Brezilya ve Uruguay\u2019dan \u00e7\u0131kar. T\u00fcrkiye\u2019de ise ince kristal yap\u0131s\u0131nda ametist \u00e7\u0131kar\u0131l\u0131r. \u0130\u015fletilen tek maden Bal\u0131kesir, Dursunbey b\u00f6lgesinde bulunur. D\u00fcnyada; ince kristal yap\u0131s\u0131na sahip nadir ametistlerden\u00a0oldu\u011fu i\u00e7in T\u00fcrkiye\u2019de \u00e7\u0131kar\u0131lan ametistler olduk\u00e7a de\u011ferlidir. Bu de\u011ferli ta\u015flar\u0131 sizin i\u00e7in madeninden alarak, \u00f6zenle haz\u0131rlad\u0131k.  \u00dcr\u00fcn \u00d6zellikleri:  &nbsp;  \u00c7elik \u00fczeri g\u00fcm\u00fc\u015f kaplama zincir  Zincir uzunlu\u011fu 45 cm&#039;dir.                  &nbsp;\" \/>\n<meta property=\"og:url\" content=\"https:\/\/astrologelvan.com\/magaza\/urun\/dogal-tas-koyu-mor-ametist-kolye\/\" \/>\n<meta property=\"og:site_name\" content=\"Astrolog Elvan\" \/>\n<meta property=\"article:modified_time\" content=\"2025-10-06T05:14:47+00:00\" \/>\n<meta property=\"og:image\" content=\"https:\/\/astrologelvan.com\/magaza\/wp-content\/uploads\/2024\/02\/Dogal-Tas-Koyu-Mor-Ametist-Kolye-min.jpg\" \/>\n\t<meta property=\"og:image:width\" content=\"1080\" \/>\n\t<meta property=\"og:image:height\" content=\"1080\" \/>\n\t<meta property=\"og:image:type\" content=\"image\/jpeg\" \/>\n<meta name=\"twitter:card\" content=\"summary_large_image\" \/>\n<meta name=\"twitter:label1\" content=\"Tahmini okuma s\u00fcresi\" \/>\n\t<meta name=\"twitter:data1\" content=\"3 dakika\" \/>\n<script type=\"application\/ld+json\" class=\"yoast-schema-graph\">{\"@context\":\"https:\\\/\\\/schema.org\",\"@graph\":[{\"@type\":[\"WebPage\",\"ItemPage\"],\"@id\":\"https:\\\/\\\/astrologelvan.com\\\/magaza\\\/urun\\\/dogal-tas-koyu-mor-ametist-kolye\\\/\",\"url\":\"https:\\\/\\\/astrologelvan.com\\\/magaza\\\/urun\\\/dogal-tas-koyu-mor-ametist-kolye\\\/\",\"name\":\"DO\u011eAL TA\u015e KOYU MOR AMET\u0130ST KOLYE - Astrolog Elvan\",\"isPartOf\":{\"@id\":\"https:\\\/\\\/astrologelvan.com\\\/magaza\\\/#website\"},\"primaryImageOfPage\":{\"@id\":\"https:\\\/\\\/astrologelvan.com\\\/magaza\\\/urun\\\/dogal-tas-koyu-mor-ametist-kolye\\\/#primaryimage\"},\"image\":{\"@id\":\"https:\\\/\\\/astrologelvan.com\\\/magaza\\\/urun\\\/dogal-tas-koyu-mor-ametist-kolye\\\/#primaryimage\"},\"thumbnailUrl\":\"https:\\\/\\\/astrologelvan.com\\\/magaza\\\/wp-content\\\/uploads\\\/2024\\\/02\\\/Dogal-Tas-Koyu-Mor-Ametist-Kolye-min.jpg\",\"datePublished\":\"2024-02-27T23:05:03+00:00\",\"dateModified\":\"2025-10-06T05:14:47+00:00\",\"breadcrumb\":{\"@id\":\"https:\\\/\\\/astrologelvan.com\\\/magaza\\\/urun\\\/dogal-tas-koyu-mor-ametist-kolye\\\/#breadcrumb\"},\"inLanguage\":\"tr\",\"potentialAction\":[{\"@type\":\"ReadAction\",\"target\":[\"https:\\\/\\\/astrologelvan.com\\\/magaza\\\/urun\\\/dogal-tas-koyu-mor-ametist-kolye\\\/\"]}]},{\"@type\":\"ImageObject\",\"inLanguage\":\"tr\",\"@id\":\"https:\\\/\\\/astrologelvan.com\\\/magaza\\\/urun\\\/dogal-tas-koyu-mor-ametist-kolye\\\/#primaryimage\",\"url\":\"https:\\\/\\\/astrologelvan.com\\\/magaza\\\/wp-content\\\/uploads\\\/2024\\\/02\\\/Dogal-Tas-Koyu-Mor-Ametist-Kolye-min.jpg\",\"contentUrl\":\"https:\\\/\\\/astrologelvan.com\\\/magaza\\\/wp-content\\\/uploads\\\/2024\\\/02\\\/Dogal-Tas-Koyu-Mor-Ametist-Kolye-min.jpg\",\"width\":1080,\"height\":1080},{\"@type\":\"BreadcrumbList\",\"@id\":\"https:\\\/\\\/astrologelvan.com\\\/magaza\\\/urun\\\/dogal-tas-koyu-mor-ametist-kolye\\\/#breadcrumb\",\"itemListElement\":[{\"@type\":\"ListItem\",\"position\":1,\"name\":\"Anasayfa\",\"item\":\"https:\\\/\\\/astrologelvan.com\\\/magaza\\\/\"},{\"@type\":\"ListItem\",\"position\":2,\"name\":\"Ma\u011faza\",\"item\":\"https:\\\/\\\/astrologelvan.com\\\/magaza\\\/magaza\\\/\"},{\"@type\":\"ListItem\",\"position\":3,\"name\":\"DO\u011eAL TA\u015e KOYU MOR AMET\u0130ST KOLYE\"}]},{\"@type\":\"WebSite\",\"@id\":\"https:\\\/\\\/astrologelvan.com\\\/magaza\\\/#website\",\"url\":\"https:\\\/\\\/astrologelvan.com\\\/magaza\\\/\",\"name\":\"Astrolog Elvan\",\"description\":\"\",\"potentialAction\":[{\"@type\":\"SearchAction\",\"target\":{\"@type\":\"EntryPoint\",\"urlTemplate\":\"https:\\\/\\\/astrologelvan.com\\\/magaza\\\/?s={search_term_string}\"},\"query-input\":{\"@type\":\"PropertyValueSpecification\",\"valueRequired\":true,\"valueName\":\"search_term_string\"}}],\"inLanguage\":\"tr\"}]}<\/script>\n<!-- \/ Yoast SEO plugin. -->","yoast_head_json":{"title":"DO\u011eAL TA\u015e KOYU MOR AMET\u0130ST KOLYE - Astrolog Elvan","robots":{"index":"index","follow":"follow","max-snippet":"max-snippet:-1","max-image-preview":"max-image-preview:large","max-video-preview":"max-video-preview:-1"},"canonical":"https:\/\/astrologelvan.com\/magaza\/urun\/dogal-tas-koyu-mor-ametist-kolye\/","og_locale":"tr_TR","og_type":"article","og_title":"DO\u011eAL TA\u015e KOYU MOR AMET\u0130ST KOLYE - Astrolog Elvan","og_description":"Ametist, genellikle m\u00fccevher olarak kullan\u0131lan mor renkli bir kuvars t\u00fcr\u00fcd\u00fcr. Negatif enerji ve nazara kar\u015f\u0131 koruyucudur. odaklanmay\u0131 sa\u011flar. Tak\u0131nt\u0131 ve endi\u015feleri azalt\u0131r. O y\u00fczden Merk\u00fcr gezegeninin ta\u015f\u0131 olarak bilinir. Mor yakut olarak da adland\u0131r\u0131l\u0131r. Kuvars kristallerinin en de\u011ferlisidir. D\u00fcnyada ABD\u2019de bir\u00e7ok ametist yata\u011f\u0131 vard\u0131r ama en kaliteli ametistler Hindistan, Brezilya ve Uruguay\u2019dan \u00e7\u0131kar. T\u00fcrkiye\u2019de ise ince kristal yap\u0131s\u0131nda ametist \u00e7\u0131kar\u0131l\u0131r. \u0130\u015fletilen tek maden Bal\u0131kesir, Dursunbey b\u00f6lgesinde bulunur. D\u00fcnyada; ince kristal yap\u0131s\u0131na sahip nadir ametistlerden\u00a0oldu\u011fu i\u00e7in T\u00fcrkiye\u2019de \u00e7\u0131kar\u0131lan ametistler olduk\u00e7a de\u011ferlidir. Bu de\u011ferli ta\u015flar\u0131 sizin i\u00e7in madeninden alarak, \u00f6zenle haz\u0131rlad\u0131k.  \u00dcr\u00fcn \u00d6zellikleri:  &nbsp;  \u00c7elik \u00fczeri g\u00fcm\u00fc\u015f kaplama zincir  Zincir uzunlu\u011fu 45 cm'dir.                  &nbsp;","og_url":"https:\/\/astrologelvan.com\/magaza\/urun\/dogal-tas-koyu-mor-ametist-kolye\/","og_site_name":"Astrolog Elvan","article_modified_time":"2025-10-06T05:14:47+00:00","og_image":[{"width":1080,"height":1080,"url":"https:\/\/astrologelvan.com\/magaza\/wp-content\/uploads\/2024\/02\/Dogal-Tas-Koyu-Mor-Ametist-Kolye-min.jpg","type":"image\/jpeg"}],"twitter_card":"summary_large_image","twitter_misc":{"Tahmini okuma s\u00fcresi":"3 dakika"},"schema":{"@context":"https:\/\/schema.org","@graph":[{"@type":["WebPage","ItemPage"],"@id":"https:\/\/astrologelvan.com\/magaza\/urun\/dogal-tas-koyu-mor-ametist-kolye\/","url":"https:\/\/astrologelvan.com\/magaza\/urun\/dogal-tas-koyu-mor-ametist-kolye\/","name":"DO\u011eAL TA\u015e KOYU MOR AMET\u0130ST KOLYE - Astrolog Elvan","isPartOf":{"@id":"https:\/\/astrologelvan.com\/magaza\/#website"},"primaryImageOfPage":{"@id":"https:\/\/astrologelvan.com\/magaza\/urun\/dogal-tas-koyu-mor-ametist-kolye\/#primaryimage"},"image":{"@id":"https:\/\/astrologelvan.com\/magaza\/urun\/dogal-tas-koyu-mor-ametist-kolye\/#primaryimage"},"thumbnailUrl":"https:\/\/astrologelvan.com\/magaza\/wp-content\/uploads\/2024\/02\/Dogal-Tas-Koyu-Mor-Ametist-Kolye-min.jpg","datePublished":"2024-02-27T23:05:03+00:00","dateModified":"2025-10-06T05:14:47+00:00","breadcrumb":{"@id":"https:\/\/astrologelvan.com\/magaza\/urun\/dogal-tas-koyu-mor-ametist-kolye\/#breadcrumb"},"inLanguage":"tr","potentialAction":[{"@type":"ReadAction","target":["https:\/\/astrologelvan.com\/magaza\/urun\/dogal-tas-koyu-mor-ametist-kolye\/"]}]},{"@type":"ImageObject","inLanguage":"tr","@id":"https:\/\/astrologelvan.com\/magaza\/urun\/dogal-tas-koyu-mor-ametist-kolye\/#primaryimage","url":"https:\/\/astrologelvan.com\/magaza\/wp-content\/uploads\/2024\/02\/Dogal-Tas-Koyu-Mor-Ametist-Kolye-min.jpg","contentUrl":"https:\/\/astrologelvan.com\/magaza\/wp-content\/uploads\/2024\/02\/Dogal-Tas-Koyu-Mor-Ametist-Kolye-min.jpg","width":1080,"height":1080},{"@type":"BreadcrumbList","@id":"https:\/\/astrologelvan.com\/magaza\/urun\/dogal-tas-koyu-mor-ametist-kolye\/#breadcrumb","itemListElement":[{"@type":"ListItem","position":1,"name":"Anasayfa","item":"https:\/\/astrologelvan.com\/magaza\/"},{"@type":"ListItem","position":2,"name":"Ma\u011faza","item":"https:\/\/astrologelvan.com\/magaza\/magaza\/"},{"@type":"ListItem","position":3,"name":"DO\u011eAL TA\u015e KOYU MOR AMET\u0130ST KOLYE"}]},{"@type":"WebSite","@id":"https:\/\/astrologelvan.com\/magaza\/#website","url":"https:\/\/astrologelvan.com\/magaza\/","name":"Astrolog Elvan","description":"","potentialAction":[{"@type":"SearchAction","target":{"@type":"EntryPoint","urlTemplate":"https:\/\/astrologelvan.com\/magaza\/?s={search_term_string}"},"query-input":{"@type":"PropertyValueSpecification","valueRequired":true,"valueName":"search_term_string"}}],"inLanguage":"tr"}]}},"_links":{"self":[{"href":"https:\/\/astrologelvan.com\/magaza\/wp-json\/wp\/v2\/product\/146","targetHints":{"allow":["GET"]}}],"collection":[{"href":"https:\/\/astrologelvan.com\/magaza\/wp-json\/wp\/v2\/product"}],"about":[{"href":"https:\/\/astrologelvan.com\/magaza\/wp-json\/wp\/v2\/types\/product"}],"replies":[{"embeddable":true,"href":"https:\/\/astrologelvan.com\/magaza\/wp-json\/wp\/v2\/comments?post=146"}],"wp:featuredmedia":[{"embeddable":true,"href":"https:\/\/astrologelvan.com\/magaza\/wp-json\/wp\/v2\/media\/250"}],"wp:attachment":[{"href":"https:\/\/astrologelvan.com\/magaza\/wp-json\/wp\/v2\/media?parent=146"}],"wp:term":[{"taxonomy":"product_brand","embeddable":true,"href":"https:\/\/astrologelvan.com\/magaza\/wp-json\/wp\/v2\/product_brand?post=146"},{"taxonomy":"product_cat","embeddable":true,"href":"https:\/\/astrologelvan.com\/magaza\/wp-json\/wp\/v2\/product_cat?post=146"},{"taxonomy":"product_tag","embeddable":true,"href":"https:\/\/astrologelvan.com\/magaza\/wp-json\/wp\/v2\/product_tag?post=146"}],"curies":[{"name":"wp","href":"https:\/\/api.w.org\/{rel}","templated":true}]}}